{"id":24068,"date":"2025-07-10T18:56:38","date_gmt":"2025-07-10T18:56:38","guid":{"rendered":"https:\/\/vitablanca.ma\/product\/balea-shampooing-pure-fraicheur\/"},"modified":"2026-02-05T17:20:53","modified_gmt":"2026-02-05T17:20:53","slug":"balea-shampooing-pure-fraicheur","status":"publish","type":"product","link":"https:\/\/vitablanca.ma\/ar\/product-2\/balea-shampooing-pure-fraicheur\/","title":{"rendered":"Balea &#8211; Shampooing Pure Fra\u00eecheur"},"content":{"rendered":"<h3>Fra\u00eecheur longue dur\u00e9e, sensation tonique \ud83d\udca7\u2744\ufe0f<\/h3>\n<ul>\n<li>Type de cheveux : Cheveux gras<\/li>\n<li>Sans alcool, Sans ammoniaque, Sans silicone, Vegan<\/li>\n<li>avec parfum de pomme verte<\/li>\n<li>complexe Refresh &amp; Care<\/li>\n<li>pour cheveux l\u00e9g\u00e8rement gras et pointes s\u00e8ches<\/li>\n<li>\u062e\u0627\u0644\u064a \u0645\u0646 \u0627\u0644\u0633\u064a\u0644\u064a\u0643\u0648\u0646<\/li>\n<li>\u0627\u0644\u062d\u062c\u0645: 300 \u0645\u0644<\/li>\n<\/ul>\n<h4><strong><span style=\"font-size: 11pt; line-height: 104%; font-family: 'Segoe UI Emoji', sans-serif;\">\ud83d\udccc<\/span><span lang=\"EN-US\" style=\"font-size: 11pt; line-height: 104%; font-family: Arial, sans-serif;\"> \u0648\u0635\u0641 \u0627\u0644\u0645\u0646\u062a\u062c<\/span><\/strong><\/h4>\n<p>Coup de fra\u00eecheur pur : le shampooing Pure Fra\u00eecheur de Balea revitalise les cheveux et le cuir chevelu gr\u00e2ce \u00e0 son parfum de pomme verte et \u00e0 son complexe reconstituant \u00e0 la vitamine B3 et \u00e0 la provitamine B5. Une brillance \u00e9clatante jusqu&rsquo;aux pointes ! Formule sans microplastiques ni polym\u00e8res synth\u00e9tiques solubles dans l&rsquo;eau.<\/p>","protected":false},"excerpt":{"rendered":"<p>Fra\u00eecheur longue dur\u00e9e, sensation tonique \ud83d\udca7\u2744\ufe0f Type de cheveux : Cheveux gras Sans alcool, Sans ammoniaque, Sans silicone, Vegan avec parfum de pomme verte complexe Refresh &amp; Care pour cheveux l\u00e9g\u00e8rement gras et pointes s\u00e8ches Sans silicone Volume: 300 ml \ud83d\udccc Description du produit Coup de fra\u00eecheur pur : le shampooing Pure Fra\u00eecheur de Balea [&hellip;]<\/p>\n","protected":false},"featured_media":24065,"template":"","meta":{"om_disable_all_campaigns":false},"product_brand":[3236],"product_cat":[18],"product_tag":[3237,3240,3238,3239,8229,6312,7174,6705,6877,8224,3241,6957,8230,6246,8231,8232,6162,6034,8150,6392],"class_list":{"0":"post-24068","1":"product","2":"type-product","3":"status-publish","4":"has-post-thumbnail","6":"product_brand-balea-dm-prix-maroc","7":"product_cat-beaute-sante","8":"product_tag-balea","9":"product_tag-balea-dm","10":"product_tag-balea-maroc","11":"product_tag-balea-morocco","12":"product_tag-balea-shampooing","13":"product_tag-cheveux-legers","14":"product_tag-cheveux-propres","15":"product_tag-cheveux-revitalises","16":"product_tag-cosmetique","17":"product_tag-cuir-chevelu-frais","18":"product_tag-dm-maroc","19":"product_tag-parapharmacie","20":"product_tag-shampooing-balea-pure-fraicheur","21":"product_tag-shampooing-quotidien","22":"product_tag-shampooing-rafraichissant","23":"product_tag-shampooing-tonique","24":"product_tag-soin-capillaire","25":"product_tag-soin-cheveux","26":"product_tag-tous-types-de-cheveux","27":"product_tag-usage-quotidien","29":"first","30":"instock","31":"taxable","32":"shipping-taxable","33":"purchasable","34":"product-type-simple"},"yoast_head":"<!-- This site is optimized with the Yoast SEO plugin v27.4 - https:\/\/yoast.com\/product\/yoast-seo-wordpress\/ -->\n<title>Balea - Shampooing Pure Fra\u00eecheur - Maroc Prix<\/title>\n<meta name=\"description\" content=\"D\u00e9couvrez Balea - Shampooing Pure Fra\u00eecheur - un produit de qualit\u00e9 pour am\u00e9liorer votre routine de soin. Achetez maintenant sur VitaBlanca.ma.\" \/>\n<meta name=\"robots\" content=\"index, follow, max-snippet:-1, max-image-preview:large, max-video-preview:-1\" \/>\n<link rel=\"canonical\" href=\"https:\/\/vitablanca.ma\/ar\/product-2\/balea-shampooing-pure-fraicheur\/\" \/>\n<meta property=\"og:locale\" content=\"ar_AR\" \/>\n<meta property=\"og:type\" content=\"article\" \/>\n<meta property=\"og:title\" content=\"Balea - Shampooing Pure Fra\u00eecheur - Maroc Prix\" \/>\n<meta property=\"og:description\" content=\"D\u00e9couvrez Balea - Shampooing Pure Fra\u00eecheur - un produit de qualit\u00e9 pour am\u00e9liorer votre routine de soin. Achetez maintenant sur VitaBlanca.ma.\" \/>\n<meta property=\"og:url\" content=\"https:\/\/vitablanca.ma\/ar\/product-2\/balea-shampooing-pure-fraicheur\/\" \/>\n<meta property=\"og:site_name\" content=\"Vitablanca.ma &ndash; Sant&eacute;, vitalit&eacute; et bien-&ecirc;tre pour tous les Marocains\" \/>\n<meta property=\"article:publisher\" content=\"https:\/\/www.facebook.com\/profile.php?id=61576678196717\" \/>\n<meta property=\"article:modified_time\" content=\"2026-02-05T17:20:53+00:00\" \/>\n<meta property=\"og:image\" content=\"https:\/\/vitablanca.ma\/wp-content\/uploads\/2025\/07\/balea-shampoo-pure-frische.jpg\" \/>\n\t<meta property=\"og:image:width\" content=\"1207\" \/>\n\t<meta property=\"og:image:height\" content=\"1200\" \/>\n\t<meta property=\"og:image:type\" content=\"image\/jpeg\" \/>\n<meta name=\"twitter:card\" content=\"summary_large_image\" \/>\n<meta name=\"twitter:label1\" content=\"\u0648\u0642\u062a \u0627\u0644\u0642\u0631\u0627\u0621\u0629 \u0627\u0644\u0645\u064f\u0642\u062f\u0651\u0631\" \/>\n\t<meta name=\"twitter:data1\" content=\"\u062f\u0642\u064a\u0642\u0629 \u0648\u0627\u062d\u062f\u0629\" \/>\n<script type=\"application\/ld+json\" class=\"yoast-schema-graph\">{\"@context\":\"https:\\\/\\\/schema.org\",\"@graph\":[{\"@type\":[\"WebPage\",\"ItemPage\"],\"@id\":\"https:\\\/\\\/vitablanca.ma\\\/produit\\\/balea-shampooing-pure-fraicheur\\\/\",\"url\":\"https:\\\/\\\/vitablanca.ma\\\/produit\\\/balea-shampooing-pure-fraicheur\\\/\",\"name\":\"Balea - Shampooing Pure Fra\u00eecheur - Maroc Prix\",\"isPartOf\":{\"@id\":\"https:\\\/\\\/vitablanca.ma\\\/#website\"},\"primaryImageOfPage\":{\"@id\":\"https:\\\/\\\/vitablanca.ma\\\/produit\\\/balea-shampooing-pure-fraicheur\\\/#primaryimage\"},\"image\":{\"@id\":\"https:\\\/\\\/vitablanca.ma\\\/produit\\\/balea-shampooing-pure-fraicheur\\\/#primaryimage\"},\"thumbnailUrl\":\"https:\\\/\\\/vitablanca.ma\\\/wp-content\\\/uploads\\\/2025\\\/07\\\/balea-shampoo-pure-frische.jpg\",\"datePublished\":\"2025-07-10T18:56:38+00:00\",\"dateModified\":\"2026-02-05T17:20:53+00:00\",\"description\":\"D\u00e9couvrez Balea - Shampooing Pure Fra\u00eecheur - un produit de qualit\u00e9 pour am\u00e9liorer votre routine de soin. Achetez maintenant sur VitaBlanca.ma.\",\"breadcrumb\":{\"@id\":\"https:\\\/\\\/vitablanca.ma\\\/produit\\\/balea-shampooing-pure-fraicheur\\\/#breadcrumb\"},\"inLanguage\":\"ar\",\"potentialAction\":[{\"@type\":\"ReadAction\",\"target\":[\"https:\\\/\\\/vitablanca.ma\\\/produit\\\/balea-shampooing-pure-fraicheur\\\/\"]}]},{\"@type\":\"ImageObject\",\"inLanguage\":\"ar\",\"@id\":\"https:\\\/\\\/vitablanca.ma\\\/produit\\\/balea-shampooing-pure-fraicheur\\\/#primaryimage\",\"url\":\"https:\\\/\\\/vitablanca.ma\\\/wp-content\\\/uploads\\\/2025\\\/07\\\/balea-shampoo-pure-frische.jpg\",\"contentUrl\":\"https:\\\/\\\/vitablanca.ma\\\/wp-content\\\/uploads\\\/2025\\\/07\\\/balea-shampoo-pure-frische.jpg\",\"width\":1207,\"height\":1200},{\"@type\":\"BreadcrumbList\",\"@id\":\"https:\\\/\\\/vitablanca.ma\\\/produit\\\/balea-shampooing-pure-fraicheur\\\/#breadcrumb\",\"itemListElement\":[{\"@type\":\"ListItem\",\"position\":1,\"name\":\"Home\",\"item\":\"https:\\\/\\\/vitablanca.ma\\\/\"},{\"@type\":\"ListItem\",\"position\":2,\"name\":\"Tous Les Produits\",\"item\":\"https:\\\/\\\/vitablanca.ma\\\/tous-les-produits\\\/\"},{\"@type\":\"ListItem\",\"position\":3,\"name\":\"Balea &#8211; Shampooing Pure Fra\u00eecheur\"}]},{\"@type\":\"WebSite\",\"@id\":\"https:\\\/\\\/vitablanca.ma\\\/#website\",\"url\":\"https:\\\/\\\/vitablanca.ma\\\/\",\"name\":\"VitaBlanca.ma | Compl\u00e9ments alimentaires, sant\u00e9 & beaut\u00e9 au Maroc\",\"description\":\"vendre vitamines et compl\u00e9ments premium des USA &amp; Canada, Nouvelle Z\u00e9lande,Maroc (NOW Foods, Solgar, Manuka). Livraison rapide partout au Maroc.\",\"publisher\":{\"@id\":\"https:\\\/\\\/vitablanca.ma\\\/#organization\"},\"alternateName\":\"VitaBlanca.ma\",\"potentialAction\":[{\"@type\":\"SearchAction\",\"target\":{\"@type\":\"EntryPoint\",\"urlTemplate\":\"https:\\\/\\\/vitablanca.ma\\\/?s={search_term_string}\"},\"query-input\":{\"@type\":\"PropertyValueSpecification\",\"valueRequired\":true,\"valueName\":\"search_term_string\"}}],\"inLanguage\":\"ar\"},{\"@type\":\"Organization\",\"@id\":\"https:\\\/\\\/vitablanca.ma\\\/#organization\",\"name\":\"VitaBlanca\",\"url\":\"https:\\\/\\\/vitablanca.ma\\\/\",\"logo\":{\"@type\":\"ImageObject\",\"inLanguage\":\"ar\",\"@id\":\"https:\\\/\\\/vitablanca.ma\\\/#\\\/schema\\\/logo\\\/image\\\/\",\"url\":\"https:\\\/\\\/vitablanca.ma\\\/wp-content\\\/uploads\\\/2025\\\/05\\\/cropped-vitablanca.png\",\"contentUrl\":\"https:\\\/\\\/vitablanca.ma\\\/wp-content\\\/uploads\\\/2025\\\/05\\\/cropped-vitablanca.png\",\"width\":360,\"height\":67,\"caption\":\"VitaBlanca\"},\"image\":{\"@id\":\"https:\\\/\\\/vitablanca.ma\\\/#\\\/schema\\\/logo\\\/image\\\/\"},\"sameAs\":[\"https:\\\/\\\/www.facebook.com\\\/profile.php?id=61576678196717\",\"https:\\\/\\\/www.tiktok.com\\\/@vitablanca.ma\",\"https:\\\/\\\/www.instagram.com\\\/vitablanca.ma\\\/\"]}]}<\/script>\n<!-- \/ Yoast SEO plugin. -->","yoast_head_json":{"title":"Balea - Shampooing Pure Fra\u00eecheur - Maroc Prix","description":"D\u00e9couvrez Balea - Shampooing Pure Fra\u00eecheur - un produit de qualit\u00e9 pour am\u00e9liorer votre routine de soin. Achetez maintenant sur VitaBlanca.ma.","robots":{"index":"index","follow":"follow","max-snippet":"max-snippet:-1","max-image-preview":"max-image-preview:large","max-video-preview":"max-video-preview:-1"},"canonical":"https:\/\/vitablanca.ma\/ar\/product-2\/balea-shampooing-pure-fraicheur\/","og_locale":"ar_AR","og_type":"article","og_title":"Balea - Shampooing Pure Fra\u00eecheur - Maroc Prix","og_description":"D\u00e9couvrez Balea - Shampooing Pure Fra\u00eecheur - un produit de qualit\u00e9 pour am\u00e9liorer votre routine de soin. Achetez maintenant sur VitaBlanca.ma.","og_url":"https:\/\/vitablanca.ma\/ar\/product-2\/balea-shampooing-pure-fraicheur\/","og_site_name":"Vitablanca.ma &ndash; Sant&eacute;, vitalit&eacute; et bien-&ecirc;tre pour tous les Marocains","article_publisher":"https:\/\/www.facebook.com\/profile.php?id=61576678196717","article_modified_time":"2026-02-05T17:20:53+00:00","og_image":[{"width":1207,"height":1200,"url":"https:\/\/vitablanca.ma\/wp-content\/uploads\/2025\/07\/balea-shampoo-pure-frische.jpg","type":"image\/jpeg"}],"twitter_card":"summary_large_image","twitter_misc":{"\u0648\u0642\u062a \u0627\u0644\u0642\u0631\u0627\u0621\u0629 \u0627\u0644\u0645\u064f\u0642\u062f\u0651\u0631":"\u062f\u0642\u064a\u0642\u0629 \u0648\u0627\u062d\u062f\u0629"},"schema":{"@context":"https:\/\/schema.org","@graph":[{"@type":["WebPage","ItemPage"],"@id":"https:\/\/vitablanca.ma\/produit\/balea-shampooing-pure-fraicheur\/","url":"https:\/\/vitablanca.ma\/produit\/balea-shampooing-pure-fraicheur\/","name":"Balea - Shampooing Pure Fra\u00eecheur - Maroc Prix","isPartOf":{"@id":"https:\/\/vitablanca.ma\/#website"},"primaryImageOfPage":{"@id":"https:\/\/vitablanca.ma\/produit\/balea-shampooing-pure-fraicheur\/#primaryimage"},"image":{"@id":"https:\/\/vitablanca.ma\/produit\/balea-shampooing-pure-fraicheur\/#primaryimage"},"thumbnailUrl":"https:\/\/vitablanca.ma\/wp-content\/uploads\/2025\/07\/balea-shampoo-pure-frische.jpg","datePublished":"2025-07-10T18:56:38+00:00","dateModified":"2026-02-05T17:20:53+00:00","description":"D\u00e9couvrez Balea - Shampooing Pure Fra\u00eecheur - un produit de qualit\u00e9 pour am\u00e9liorer votre routine de soin. Achetez maintenant sur VitaBlanca.ma.","breadcrumb":{"@id":"https:\/\/vitablanca.ma\/produit\/balea-shampooing-pure-fraicheur\/#breadcrumb"},"inLanguage":"ar","potentialAction":[{"@type":"ReadAction","target":["https:\/\/vitablanca.ma\/produit\/balea-shampooing-pure-fraicheur\/"]}]},{"@type":"ImageObject","inLanguage":"ar","@id":"https:\/\/vitablanca.ma\/produit\/balea-shampooing-pure-fraicheur\/#primaryimage","url":"https:\/\/vitablanca.ma\/wp-content\/uploads\/2025\/07\/balea-shampoo-pure-frische.jpg","contentUrl":"https:\/\/vitablanca.ma\/wp-content\/uploads\/2025\/07\/balea-shampoo-pure-frische.jpg","width":1207,"height":1200},{"@type":"BreadcrumbList","@id":"https:\/\/vitablanca.ma\/produit\/balea-shampooing-pure-fraicheur\/#breadcrumb","itemListElement":[{"@type":"ListItem","position":1,"name":"Home","item":"https:\/\/vitablanca.ma\/"},{"@type":"ListItem","position":2,"name":"Tous Les Produits","item":"https:\/\/vitablanca.ma\/tous-les-produits\/"},{"@type":"ListItem","position":3,"name":"Balea &#8211; Shampooing Pure Fra\u00eecheur"}]},{"@type":"WebSite","@id":"https:\/\/vitablanca.ma\/#website","url":"https:\/\/vitablanca.ma\/","name":"VitaBlanca.ma | \u0627\u0644\u0645\u0643\u0645\u0644\u0627\u062a \u0627\u0644\u063a\u0630\u0627\u0626\u064a\u0629\u060c \u0627\u0644\u0635\u062d\u0629 \u0648\u0627\u0644\u062c\u0645\u0627\u0644 \u0641\u064a \u0627\u0644\u0645\u063a\u0631\u0628","description":"\u0646\u0628\u064a\u0639 \u0641\u064a\u062a\u0627\u0645\u064a\u0646\u0627\u062a \u0648\u0645\u0643\u0645\u0644\u0627\u062a \u063a\u0630\u0627\u0626\u064a\u0629 \u0641\u0627\u062e\u0631\u0629 \u0645\u0646 \u0627\u0644\u0648\u0644\u0627\u064a\u0627\u062a \u0627\u0644\u0645\u062a\u062d\u062f\u0629 \u0627\u0644\u0623\u0645\u0631\u064a\u0643\u064a\u0629 \u0648\u0643\u0646\u062f\u0627 \u0648\u0646\u064a\u0648\u0632\u064a\u0644\u0646\u062f\u0627 \u0648\u0627\u0644\u0645\u063a\u0631\u0628 (\u0646\u0627\u0648 \u0641\u0648\u062f\u0632\u060c \u0633\u0648\u0644\u062c\u0627\u0631\u060c \u0645\u0627\u0646\u0648\u0643\u0627). \u062a\u0648\u0635\u064a\u0644 \u0633\u0631\u064a\u0639 \u0625\u0644\u0649 \u062c\u0645\u064a\u0639 \u0623\u0646\u062d\u0627\u0621 \u0627\u0644\u0645\u063a\u0631\u0628.","publisher":{"@id":"https:\/\/vitablanca.ma\/#organization"},"alternateName":"VitaBlanca.ma","potentialAction":[{"@type":"SearchAction","target":{"@type":"EntryPoint","urlTemplate":"https:\/\/vitablanca.ma\/?s={search_term_string}"},"query-input":{"@type":"PropertyValueSpecification","valueRequired":true,"valueName":"search_term_string"}}],"inLanguage":"ar"},{"@type":"Organization","@id":"https:\/\/vitablanca.ma\/#organization","name":"\u0641\u064a\u062a\u0627\u0628\u0644\u0627\u0646\u0643\u0627","url":"https:\/\/vitablanca.ma\/","logo":{"@type":"ImageObject","inLanguage":"ar","@id":"https:\/\/vitablanca.ma\/#\/schema\/logo\/image\/","url":"https:\/\/vitablanca.ma\/wp-content\/uploads\/2025\/05\/cropped-vitablanca.png","contentUrl":"https:\/\/vitablanca.ma\/wp-content\/uploads\/2025\/05\/cropped-vitablanca.png","width":360,"height":67,"caption":"VitaBlanca"},"image":{"@id":"https:\/\/vitablanca.ma\/#\/schema\/logo\/image\/"},"sameAs":["https:\/\/www.facebook.com\/profile.php?id=61576678196717","https:\/\/www.tiktok.com\/@vitablanca.ma","https:\/\/www.instagram.com\/vitablanca.ma\/"]}]}},"jetpack_sharing_enabled":true,"_links":{"self":[{"href":"https:\/\/vitablanca.ma\/ar\/wp-json\/wp\/v2\/product\/24068","targetHints":{"allow":["GET"]}}],"collection":[{"href":"https:\/\/vitablanca.ma\/ar\/wp-json\/wp\/v2\/product"}],"about":[{"href":"https:\/\/vitablanca.ma\/ar\/wp-json\/wp\/v2\/types\/product"}],"wp:featuredmedia":[{"embeddable":true,"href":"https:\/\/vitablanca.ma\/ar\/wp-json\/wp\/v2\/media\/24065"}],"wp:attachment":[{"href":"https:\/\/vitablanca.ma\/ar\/wp-json\/wp\/v2\/media?parent=24068"}],"wp:term":[{"taxonomy":"product_brand","embeddable":true,"href":"https:\/\/vitablanca.ma\/ar\/wp-json\/wp\/v2\/product_brand?post=24068"},{"taxonomy":"product_cat","embeddable":true,"href":"https:\/\/vitablanca.ma\/ar\/wp-json\/wp\/v2\/product_cat?post=24068"},{"taxonomy":"product_tag","embeddable":true,"href":"https:\/\/vitablanca.ma\/ar\/wp-json\/wp\/v2\/product_tag?post=24068"}],"curies":[{"name":"wp","href":"https:\/\/api.w.org\/{rel}","templated":true}]}}