{"id":24032,"date":"2025-07-10T18:54:21","date_gmt":"2025-07-10T18:54:21","guid":{"rendered":"https:\/\/vitablanca.ma\/product\/balea-gel-douche-natural-papaye-chanvre-bio\/"},"modified":"2026-02-05T17:37:12","modified_gmt":"2026-02-05T17:37:12","slug":"balea-gel-douche-natural-papaye-chanvre-bio","status":"publish","type":"product","link":"https:\/\/vitablanca.ma\/ar\/product-2\/balea-gel-douche-natural-papaye-chanvre-bio\/","title":{"rendered":"Balea &#8211; Gel douche Natural Papaye &amp; Chanvre Bio"},"content":{"rendered":"<h3><strong data-start=\"383\" data-end=\"429\">Peau douce, parfum exotique &amp; naturel \ud83d\udec1\ud83e\udd6d<\/strong><\/h3>\n<ul>\n<li>Type de peau : Normale<\/li>\n<li>Famille de parfums : Aromatique<\/li>\n<li>\u0645\u062c\u0627\u0644 \u0627\u0644\u0627\u0633\u062a\u062e\u062f\u0627\u0645: \u0627\u0644\u062c\u0633\u0645<\/li>\n<li>Sans alcool, Sans colorant, Sans nanoparticules, Sans parab\u00e8ne, Sans paraffine \/ huiles min\u00e9rales, V\u00e9g\u00e9talien<\/li>\n<li>\u0627\u0644\u0645\u0644\u0645\u0633 \/ \u0627\u0644\u0627\u062a\u0633\u0627\u0642 \/ \u0627\u0644\u062a\u0637\u0628\u064a\u0642: \u062c\u0644<\/li>\n<li>avec huile de graines de chanvre bio<\/li>\n<li>avec extrait de papaye<\/li>\n<li>\u062a\u0645 \u062a\u0623\u0643\u064a\u062f \u062a\u062d\u0645\u0644 \u0627\u0644\u062c\u0644\u062f \u0645\u0646 \u0642\u0628\u0644 \u0623\u0637\u0628\u0627\u0621 \u0627\u0644\u062c\u0644\u062f\u064a\u0629<\/li>\n<li>\u062f\u0631\u062c\u0629 \u062d\u0645\u0648\u0636\u0629 \u0645\u062d\u0627\u064a\u062f\u0629 \u0644\u0644\u0628\u0634\u0631\u0629<\/li>\n<li>\u0627\u0644\u062d\u062c\u0645: 250 \u0645\u0644<\/li>\n<\/ul>\n<h4><strong><span style=\"font-size: 11pt; line-height: 104%; font-family: 'Segoe UI Emoji', sans-serif;\">\ud83d\udccc<\/span><span lang=\"EN-US\" style=\"font-size: 11pt; line-height: 104%; font-family: Arial, sans-serif;\"> \u0648\u0635\u0641 \u0627\u0644\u0645\u0646\u062a\u062c<\/span><\/strong><\/h4>\n<p>Le gel douche Natural Beauty \u00e0 l&rsquo;extrait de papaye et \u00e0 l&rsquo;huile de graines de chanvre bio de Balea enveloppe les sens et prend soin de la peau gr\u00e2ce \u00e0 ses pr\u00e9cieux ingr\u00e9dients. Avec son parfum d\u00e9licat, ce gel douche garantit une exp\u00e9rience de douche particuli\u00e8re.<\/p>","protected":false},"excerpt":{"rendered":"<p>Peau douce, parfum exotique &amp; naturel \ud83d\udec1\ud83e\udd6d Type de peau : Normale Famille de parfums : Aromatique Domaine d&rsquo;utilisation : Corps Sans alcool, Sans colorant, Sans nanoparticules, Sans parab\u00e8ne, Sans paraffine \/ huiles min\u00e9rales, V\u00e9g\u00e9talien Texture \/ Consistance \/ Application : Gel avec huile de graines de chanvre bio avec extrait de papaye tol\u00e9rance cutan\u00e9e [&hellip;]<\/p>\n","protected":false},"featured_media":24029,"template":"","meta":{"om_disable_all_campaigns":false},"product_brand":[3236],"product_cat":[18],"product_tag":[3237,3240,8187,3238,3239,6877,3241,8249,6526,8250,8254,8253,6957,8252,6302,8183,7332,8251,7794],"class_list":{"0":"post-24032","1":"product","2":"type-product","3":"status-publish","4":"has-post-thumbnail","6":"product_brand-balea-dm-prix-maroc","7":"product_cat-beaute-sante","8":"product_tag-balea","9":"product_tag-balea-dm","10":"product_tag-balea-gel-douche","11":"product_tag-balea-maroc","12":"product_tag-balea-morocco","13":"product_tag-cosmetique","14":"product_tag-dm-maroc","15":"product_tag-gel-douche-balea-papaye-chanvre-bio","16":"product_tag-gel-douche-hydratant","17":"product_tag-gel-douche-naturel","18":"product_tag-gel-douche-usage-quotidien","19":"product_tag-huile-de-chanvre-bio","20":"product_tag-parapharmacie","21":"product_tag-parfum-papaye","22":"product_tag-peau-douce","23":"product_tag-peau-souple","24":"product_tag-soin-corporel","25":"product_tag-soin-corps-bio","26":"product_tag-tous-types-de-peau","28":"first","29":"instock","30":"taxable","31":"shipping-taxable","32":"purchasable","33":"product-type-simple"},"yoast_head":"<!-- This site is optimized with the Yoast SEO plugin v27.4 - https:\/\/yoast.com\/product\/yoast-seo-wordpress\/ -->\n<title>Balea - Gel douche Natural Papaye Chanvre Bio - Maroc Prix<\/title>\n<meta name=\"description\" content=\"D\u00e9couvrez Balea - Gel douche Natural Papaye &amp; Chanvre Bio - un produit de qualit\u00e9 pour am\u00e9liorer votre routine de soin. Achetez maintenant sur VitaBlan\" \/>\n<meta name=\"robots\" content=\"index, follow, max-snippet:-1, max-image-preview:large, max-video-preview:-1\" \/>\n<link rel=\"canonical\" href=\"https:\/\/vitablanca.ma\/ar\/product-2\/balea-gel-douche-natural-papaye-chanvre-bio\/\" \/>\n<meta property=\"og:locale\" content=\"ar_AR\" \/>\n<meta property=\"og:type\" content=\"article\" \/>\n<meta property=\"og:title\" content=\"Balea - Gel douche Natural Papaye Chanvre Bio - Maroc Prix\" \/>\n<meta property=\"og:description\" content=\"D\u00e9couvrez Balea - Gel douche Natural Papaye &amp; Chanvre Bio - un produit de qualit\u00e9 pour am\u00e9liorer votre routine de soin. Achetez maintenant sur VitaBlan\" \/>\n<meta property=\"og:url\" content=\"https:\/\/vitablanca.ma\/ar\/product-2\/balea-gel-douche-natural-papaye-chanvre-bio\/\" \/>\n<meta property=\"og:site_name\" content=\"Vitablanca.ma &ndash; Sant&eacute;, vitalit&eacute; et bien-&ecirc;tre pour tous les Marocains\" \/>\n<meta property=\"article:publisher\" content=\"https:\/\/www.facebook.com\/profile.php?id=61576678196717\" \/>\n<meta property=\"article:modified_time\" content=\"2026-02-05T17:37:12+00:00\" \/>\n<meta property=\"og:image\" content=\"https:\/\/vitablanca.ma\/wp-content\/uploads\/2025\/07\/4066447190991-3932395.png\" \/>\n\t<meta property=\"og:image:width\" content=\"1200\" \/>\n\t<meta property=\"og:image:height\" content=\"1200\" \/>\n\t<meta property=\"og:image:type\" content=\"image\/png\" \/>\n<meta name=\"twitter:card\" content=\"summary_large_image\" \/>\n<meta name=\"twitter:label1\" content=\"\u0648\u0642\u062a \u0627\u0644\u0642\u0631\u0627\u0621\u0629 \u0627\u0644\u0645\u064f\u0642\u062f\u0651\u0631\" \/>\n\t<meta name=\"twitter:data1\" content=\"\u062f\u0642\u064a\u0642\u0629 \u0648\u0627\u062d\u062f\u0629\" \/>\n<script type=\"application\/ld+json\" class=\"yoast-schema-graph\">{\"@context\":\"https:\\\/\\\/schema.org\",\"@graph\":[{\"@type\":[\"WebPage\",\"ItemPage\"],\"@id\":\"https:\\\/\\\/vitablanca.ma\\\/produit\\\/balea-gel-douche-natural-papaye-chanvre-bio\\\/\",\"url\":\"https:\\\/\\\/vitablanca.ma\\\/produit\\\/balea-gel-douche-natural-papaye-chanvre-bio\\\/\",\"name\":\"Balea - Gel douche Natural Papaye Chanvre Bio - Maroc Prix\",\"isPartOf\":{\"@id\":\"https:\\\/\\\/vitablanca.ma\\\/#website\"},\"primaryImageOfPage\":{\"@id\":\"https:\\\/\\\/vitablanca.ma\\\/produit\\\/balea-gel-douche-natural-papaye-chanvre-bio\\\/#primaryimage\"},\"image\":{\"@id\":\"https:\\\/\\\/vitablanca.ma\\\/produit\\\/balea-gel-douche-natural-papaye-chanvre-bio\\\/#primaryimage\"},\"thumbnailUrl\":\"https:\\\/\\\/vitablanca.ma\\\/wp-content\\\/uploads\\\/2025\\\/07\\\/4066447190991-3932395.png\",\"datePublished\":\"2025-07-10T18:54:21+00:00\",\"dateModified\":\"2026-02-05T17:37:12+00:00\",\"description\":\"D\u00e9couvrez Balea - Gel douche Natural Papaye & Chanvre Bio - un produit de qualit\u00e9 pour am\u00e9liorer votre routine de soin. Achetez maintenant sur VitaBlan\",\"breadcrumb\":{\"@id\":\"https:\\\/\\\/vitablanca.ma\\\/produit\\\/balea-gel-douche-natural-papaye-chanvre-bio\\\/#breadcrumb\"},\"inLanguage\":\"ar\",\"potentialAction\":[{\"@type\":\"ReadAction\",\"target\":[\"https:\\\/\\\/vitablanca.ma\\\/produit\\\/balea-gel-douche-natural-papaye-chanvre-bio\\\/\"]}]},{\"@type\":\"ImageObject\",\"inLanguage\":\"ar\",\"@id\":\"https:\\\/\\\/vitablanca.ma\\\/produit\\\/balea-gel-douche-natural-papaye-chanvre-bio\\\/#primaryimage\",\"url\":\"https:\\\/\\\/vitablanca.ma\\\/wp-content\\\/uploads\\\/2025\\\/07\\\/4066447190991-3932395.png\",\"contentUrl\":\"https:\\\/\\\/vitablanca.ma\\\/wp-content\\\/uploads\\\/2025\\\/07\\\/4066447190991-3932395.png\",\"width\":1200,\"height\":1200},{\"@type\":\"BreadcrumbList\",\"@id\":\"https:\\\/\\\/vitablanca.ma\\\/produit\\\/balea-gel-douche-natural-papaye-chanvre-bio\\\/#breadcrumb\",\"itemListElement\":[{\"@type\":\"ListItem\",\"position\":1,\"name\":\"Home\",\"item\":\"https:\\\/\\\/vitablanca.ma\\\/\"},{\"@type\":\"ListItem\",\"position\":2,\"name\":\"Tous Les Produits\",\"item\":\"https:\\\/\\\/vitablanca.ma\\\/tous-les-produits\\\/\"},{\"@type\":\"ListItem\",\"position\":3,\"name\":\"Balea &#8211; Gel douche Natural Papaye &amp; Chanvre Bio\"}]},{\"@type\":\"WebSite\",\"@id\":\"https:\\\/\\\/vitablanca.ma\\\/#website\",\"url\":\"https:\\\/\\\/vitablanca.ma\\\/\",\"name\":\"VitaBlanca.ma | Compl\u00e9ments alimentaires, sant\u00e9 & beaut\u00e9 au Maroc\",\"description\":\"vendre vitamines et compl\u00e9ments premium des USA &amp; Canada, Nouvelle Z\u00e9lande,Maroc (NOW Foods, Solgar, Manuka). Livraison rapide partout au Maroc.\",\"publisher\":{\"@id\":\"https:\\\/\\\/vitablanca.ma\\\/#organization\"},\"alternateName\":\"VitaBlanca.ma\",\"potentialAction\":[{\"@type\":\"SearchAction\",\"target\":{\"@type\":\"EntryPoint\",\"urlTemplate\":\"https:\\\/\\\/vitablanca.ma\\\/?s={search_term_string}\"},\"query-input\":{\"@type\":\"PropertyValueSpecification\",\"valueRequired\":true,\"valueName\":\"search_term_string\"}}],\"inLanguage\":\"ar\"},{\"@type\":\"Organization\",\"@id\":\"https:\\\/\\\/vitablanca.ma\\\/#organization\",\"name\":\"VitaBlanca\",\"url\":\"https:\\\/\\\/vitablanca.ma\\\/\",\"logo\":{\"@type\":\"ImageObject\",\"inLanguage\":\"ar\",\"@id\":\"https:\\\/\\\/vitablanca.ma\\\/#\\\/schema\\\/logo\\\/image\\\/\",\"url\":\"https:\\\/\\\/vitablanca.ma\\\/wp-content\\\/uploads\\\/2025\\\/05\\\/cropped-vitablanca.png\",\"contentUrl\":\"https:\\\/\\\/vitablanca.ma\\\/wp-content\\\/uploads\\\/2025\\\/05\\\/cropped-vitablanca.png\",\"width\":360,\"height\":67,\"caption\":\"VitaBlanca\"},\"image\":{\"@id\":\"https:\\\/\\\/vitablanca.ma\\\/#\\\/schema\\\/logo\\\/image\\\/\"},\"sameAs\":[\"https:\\\/\\\/www.facebook.com\\\/profile.php?id=61576678196717\",\"https:\\\/\\\/www.tiktok.com\\\/@vitablanca.ma\",\"https:\\\/\\\/www.instagram.com\\\/vitablanca.ma\\\/\"]}]}<\/script>\n<!-- \/ Yoast SEO plugin. -->","yoast_head_json":{"title":"Balea - Gel douche Natural Papaye Chanvre Bio - Maroc Prix","description":"D\u00e9couvrez Balea - Gel douche Natural Papaye & Chanvre Bio - un produit de qualit\u00e9 pour am\u00e9liorer votre routine de soin. Achetez maintenant sur VitaBlan","robots":{"index":"index","follow":"follow","max-snippet":"max-snippet:-1","max-image-preview":"max-image-preview:large","max-video-preview":"max-video-preview:-1"},"canonical":"https:\/\/vitablanca.ma\/ar\/product-2\/balea-gel-douche-natural-papaye-chanvre-bio\/","og_locale":"ar_AR","og_type":"article","og_title":"Balea - Gel douche Natural Papaye Chanvre Bio - Maroc Prix","og_description":"D\u00e9couvrez Balea - Gel douche Natural Papaye & Chanvre Bio - un produit de qualit\u00e9 pour am\u00e9liorer votre routine de soin. Achetez maintenant sur VitaBlan","og_url":"https:\/\/vitablanca.ma\/ar\/product-2\/balea-gel-douche-natural-papaye-chanvre-bio\/","og_site_name":"Vitablanca.ma &ndash; Sant&eacute;, vitalit&eacute; et bien-&ecirc;tre pour tous les Marocains","article_publisher":"https:\/\/www.facebook.com\/profile.php?id=61576678196717","article_modified_time":"2026-02-05T17:37:12+00:00","og_image":[{"width":1200,"height":1200,"url":"https:\/\/vitablanca.ma\/wp-content\/uploads\/2025\/07\/4066447190991-3932395.png","type":"image\/png"}],"twitter_card":"summary_large_image","twitter_misc":{"\u0648\u0642\u062a \u0627\u0644\u0642\u0631\u0627\u0621\u0629 \u0627\u0644\u0645\u064f\u0642\u062f\u0651\u0631":"\u062f\u0642\u064a\u0642\u0629 \u0648\u0627\u062d\u062f\u0629"},"schema":{"@context":"https:\/\/schema.org","@graph":[{"@type":["WebPage","ItemPage"],"@id":"https:\/\/vitablanca.ma\/produit\/balea-gel-douche-natural-papaye-chanvre-bio\/","url":"https:\/\/vitablanca.ma\/produit\/balea-gel-douche-natural-papaye-chanvre-bio\/","name":"Balea - Gel douche Natural Papaye Chanvre Bio - Maroc Prix","isPartOf":{"@id":"https:\/\/vitablanca.ma\/#website"},"primaryImageOfPage":{"@id":"https:\/\/vitablanca.ma\/produit\/balea-gel-douche-natural-papaye-chanvre-bio\/#primaryimage"},"image":{"@id":"https:\/\/vitablanca.ma\/produit\/balea-gel-douche-natural-papaye-chanvre-bio\/#primaryimage"},"thumbnailUrl":"https:\/\/vitablanca.ma\/wp-content\/uploads\/2025\/07\/4066447190991-3932395.png","datePublished":"2025-07-10T18:54:21+00:00","dateModified":"2026-02-05T17:37:12+00:00","description":"D\u00e9couvrez Balea - Gel douche Natural Papaye & Chanvre Bio - un produit de qualit\u00e9 pour am\u00e9liorer votre routine de soin. Achetez maintenant sur VitaBlan","breadcrumb":{"@id":"https:\/\/vitablanca.ma\/produit\/balea-gel-douche-natural-papaye-chanvre-bio\/#breadcrumb"},"inLanguage":"ar","potentialAction":[{"@type":"ReadAction","target":["https:\/\/vitablanca.ma\/produit\/balea-gel-douche-natural-papaye-chanvre-bio\/"]}]},{"@type":"ImageObject","inLanguage":"ar","@id":"https:\/\/vitablanca.ma\/produit\/balea-gel-douche-natural-papaye-chanvre-bio\/#primaryimage","url":"https:\/\/vitablanca.ma\/wp-content\/uploads\/2025\/07\/4066447190991-3932395.png","contentUrl":"https:\/\/vitablanca.ma\/wp-content\/uploads\/2025\/07\/4066447190991-3932395.png","width":1200,"height":1200},{"@type":"BreadcrumbList","@id":"https:\/\/vitablanca.ma\/produit\/balea-gel-douche-natural-papaye-chanvre-bio\/#breadcrumb","itemListElement":[{"@type":"ListItem","position":1,"name":"Home","item":"https:\/\/vitablanca.ma\/"},{"@type":"ListItem","position":2,"name":"Tous Les Produits","item":"https:\/\/vitablanca.ma\/tous-les-produits\/"},{"@type":"ListItem","position":3,"name":"Balea &#8211; Gel douche Natural Papaye &amp; Chanvre Bio"}]},{"@type":"WebSite","@id":"https:\/\/vitablanca.ma\/#website","url":"https:\/\/vitablanca.ma\/","name":"VitaBlanca.ma | \u0627\u0644\u0645\u0643\u0645\u0644\u0627\u062a \u0627\u0644\u063a\u0630\u0627\u0626\u064a\u0629\u060c \u0627\u0644\u0635\u062d\u0629 \u0648\u0627\u0644\u062c\u0645\u0627\u0644 \u0641\u064a \u0627\u0644\u0645\u063a\u0631\u0628","description":"\u0646\u0628\u064a\u0639 \u0641\u064a\u062a\u0627\u0645\u064a\u0646\u0627\u062a \u0648\u0645\u0643\u0645\u0644\u0627\u062a \u063a\u0630\u0627\u0626\u064a\u0629 \u0641\u0627\u062e\u0631\u0629 \u0645\u0646 \u0627\u0644\u0648\u0644\u0627\u064a\u0627\u062a \u0627\u0644\u0645\u062a\u062d\u062f\u0629 \u0627\u0644\u0623\u0645\u0631\u064a\u0643\u064a\u0629 \u0648\u0643\u0646\u062f\u0627 \u0648\u0646\u064a\u0648\u0632\u064a\u0644\u0646\u062f\u0627 \u0648\u0627\u0644\u0645\u063a\u0631\u0628 (\u0646\u0627\u0648 \u0641\u0648\u062f\u0632\u060c \u0633\u0648\u0644\u062c\u0627\u0631\u060c \u0645\u0627\u0646\u0648\u0643\u0627). \u062a\u0648\u0635\u064a\u0644 \u0633\u0631\u064a\u0639 \u0625\u0644\u0649 \u062c\u0645\u064a\u0639 \u0623\u0646\u062d\u0627\u0621 \u0627\u0644\u0645\u063a\u0631\u0628.","publisher":{"@id":"https:\/\/vitablanca.ma\/#organization"},"alternateName":"VitaBlanca.ma","potentialAction":[{"@type":"SearchAction","target":{"@type":"EntryPoint","urlTemplate":"https:\/\/vitablanca.ma\/?s={search_term_string}"},"query-input":{"@type":"PropertyValueSpecification","valueRequired":true,"valueName":"search_term_string"}}],"inLanguage":"ar"},{"@type":"Organization","@id":"https:\/\/vitablanca.ma\/#organization","name":"\u0641\u064a\u062a\u0627\u0628\u0644\u0627\u0646\u0643\u0627","url":"https:\/\/vitablanca.ma\/","logo":{"@type":"ImageObject","inLanguage":"ar","@id":"https:\/\/vitablanca.ma\/#\/schema\/logo\/image\/","url":"https:\/\/vitablanca.ma\/wp-content\/uploads\/2025\/05\/cropped-vitablanca.png","contentUrl":"https:\/\/vitablanca.ma\/wp-content\/uploads\/2025\/05\/cropped-vitablanca.png","width":360,"height":67,"caption":"VitaBlanca"},"image":{"@id":"https:\/\/vitablanca.ma\/#\/schema\/logo\/image\/"},"sameAs":["https:\/\/www.facebook.com\/profile.php?id=61576678196717","https:\/\/www.tiktok.com\/@vitablanca.ma","https:\/\/www.instagram.com\/vitablanca.ma\/"]}]}},"jetpack_sharing_enabled":true,"_links":{"self":[{"href":"https:\/\/vitablanca.ma\/ar\/wp-json\/wp\/v2\/product\/24032","targetHints":{"allow":["GET"]}}],"collection":[{"href":"https:\/\/vitablanca.ma\/ar\/wp-json\/wp\/v2\/product"}],"about":[{"href":"https:\/\/vitablanca.ma\/ar\/wp-json\/wp\/v2\/types\/product"}],"wp:featuredmedia":[{"embeddable":true,"href":"https:\/\/vitablanca.ma\/ar\/wp-json\/wp\/v2\/media\/24029"}],"wp:attachment":[{"href":"https:\/\/vitablanca.ma\/ar\/wp-json\/wp\/v2\/media?parent=24032"}],"wp:term":[{"taxonomy":"product_brand","embeddable":true,"href":"https:\/\/vitablanca.ma\/ar\/wp-json\/wp\/v2\/product_brand?post=24032"},{"taxonomy":"product_cat","embeddable":true,"href":"https:\/\/vitablanca.ma\/ar\/wp-json\/wp\/v2\/product_cat?post=24032"},{"taxonomy":"product_tag","embeddable":true,"href":"https:\/\/vitablanca.ma\/ar\/wp-json\/wp\/v2\/product_tag?post=24032"}],"curies":[{"name":"wp","href":"https:\/\/api.w.org\/{rel}","templated":true}]}}