{"id":23941,"date":"2025-07-10T18:45:09","date_gmt":"2025-07-10T18:45:09","guid":{"rendered":"https:\/\/vitablanca.ma\/product\/reelle-shampooing-colorant-7-4-or-cuivre\/"},"modified":"2026-01-23T20:06:31","modified_gmt":"2026-01-23T20:06:31","slug":"reelle-shampooing-colorant-7-4-or-cuivre","status":"publish","type":"product","link":"https:\/\/vitablanca.ma\/ar\/product-2\/reelle-shampooing-colorant-7-4-or-cuivre\/","title":{"rendered":"r\u00e9ll&#039;e \u2013 Coloring shampoo 7.4 copper gold"},"content":{"rendered":"<h3>\ud83e\udde1 \u0646\u062d\u0627\u0633 \u0630\u0647\u0628\u064a \u062d\u0642\u064a\u0642\u064a 7.4 \u2013 \u062a\u0648\u0647\u062c \u062f\u0627\u0641\u0626 \u0648\u0645\u0636\u064a\u0621<\/h3>\n<ul>\n<li>\u0645\u0633\u062a\u0648\u0649 \u0627\u0644\u0644\u0648\u0646: \u0642\u0627\u0628\u0644 \u0644\u0644\u063a\u0633\u0644<\/li>\n<li>\u0645\u0645\u064a\u0632\u0627\u062a \u0627\u0644\u0645\u0646\u062a\u062c: \u062e\u0627\u0644\u064a \u0645\u0646 \u0627\u0644\u0623\u0645\u0648\u0646\u064a\u0627\u060c \u062e\u0627\u0644\u064a \u0645\u0646 \u0627\u0644\u0633\u064a\u0644\u064a\u0643\u0648\u0646\u060c \u0646\u0628\u0627\u062a\u064a<\/li>\n<li>\u062f\u0631\u062c\u0627\u062a \u0627\u0644\u0623\u0644\u0648\u0627\u0646 \u0627\u0644\u0623\u0644\u0648\u0627\u0646: \u062f\u0631\u062c\u0627\u062a \u0627\u0644\u0623\u0634\u0642\u0631<\/li>\n<li>\u064a\u062f\u0648\u0645 \u062d\u062a\u0649 4 \u063a\u0633\u0644\u0627\u062a<\/li>\n<li>\u0627\u0646\u0639\u0643\u0627\u0633\u0627\u062a \u0627\u0644\u0623\u0644\u0648\u0627\u0646 \u0627\u0644\u0631\u0627\u0626\u0639\u0629<\/li>\n<li>\u0648\u0642\u062a \u0627\u0644\u062a\u0639\u0631\u0636 \u0627\u0644\u0642\u0635\u064a\u0631<\/li>\n<li>\u062a\u0637\u0628\u064a\u0642 \u0633\u0647\u0644 \u0648\u0633\u0631\u064a\u0639<\/li>\n<li>\u062e\u0627\u0644\u064a\u0629 \u0645\u0646 \u0627\u0644\u0645\u0648\u0627\u062f \u0627\u0644\u0628\u0644\u0627\u0633\u062a\u064a\u0643\u064a\u0629 \u0627\u0644\u062f\u0642\u064a\u0642\u0629 \u0648\u0627\u0644\u0628\u0648\u0644\u064a\u0645\u0631\u0627\u062a \u0627\u0644\u0627\u0635\u0637\u0646\u0627\u0639\u064a\u0629 \u0627\u0644\u0642\u0627\u0628\u0644\u0629 \u0644\u0644\u0630\u0648\u0628\u0627\u0646 \u0641\u064a \u0627\u0644\u0645\u0627\u0621<\/li>\n<li>14 \u0645\u0644<\/li>\n<\/ul>\n<h4><strong><span style=\"font-size: 11pt; line-height: 104%; font-family: 'Segoe UI Emoji', sans-serif;\">\ud83d\udccc<\/span><span lang=\"EN-US\" style=\"font-size: 11pt; line-height: 104%; font-family: Arial, sans-serif;\"> \u0648\u0635\u0641 \u0627\u0644\u0645\u0646\u062a\u062c<\/span><\/strong><\/h4>\n<p>\u0647\u0644 \u064a\u062d\u062a\u0627\u062c \u0644\u0648\u0646 \u0634\u0639\u0631\u0643\u0650 \u0625\u0644\u0649 \u062a\u062c\u062f\u064a\u062f \u0628\u0633\u064a\u0637 \u0623\u0648 \u062a\u0635\u062d\u064a\u062d \u0628\u0633\u064a\u0637\u061f \u0634\u0627\u0645\u0628\u0648 \u0631\u064a\u064a\u0644 7.4 \u0628\u0644\u0648\u0646 \u0627\u0644\u0646\u062d\u0627\u0633 \u0627\u0644\u0630\u0647\u0628\u064a \u0644\u0644\u0634\u0639\u0631 \u0627\u0644\u0623\u0634\u0642\u0631 \u0627\u0644\u0645\u062a\u0648\u0633\u0637 \u0625\u0644\u0649 \u0627\u0644\u0641\u0627\u062a\u062d\u060c \u064a\u062f\u0648\u0645 \u062d\u062a\u0649 4 \u063a\u0633\u0644\u0627\u062a\u060c \u0648\u064a\u0645\u0646\u062d\u0647 \u062f\u0631\u062c\u0627\u062a \u0644\u0648\u0646 \u0632\u0627\u0647\u064a\u0629 \u0648\u0644\u0645\u0639\u0627\u0646\u064b\u0627 \u062d\u0631\u064a\u0631\u064a\u064b\u0627.<\/p>\n<h4><strong><span style=\"font-size: 11pt; line-height: 104%; font-family: 'Segoe UI Emoji', sans-serif;\">\ud83d\udca1<\/span><span lang=\"EN-US\" style=\"font-size: 11pt; line-height: 104%; font-family: Arial, sans-serif;\"> \u0637\u0631\u064a\u0642\u0629 \u0627\u0644\u0627\u0633\u062a\u062e\u062f\u0627\u0645<\/span><\/strong><\/h4>\n<p>\u0648\u0632\u0651\u0639\u064a\u0647 \u0628\u0627\u0644\u062a\u0633\u0627\u0648\u064a \u0639\u0644\u0649 \u0627\u0644\u0634\u0639\u0631 \u0627\u0644\u0645\u0628\u0644\u0644\u060c \u0648\u062f\u0644\u0651\u0643\u064a \u0628\u0647\u060c \u0648\u0627\u062a\u0631\u0643\u064a\u0647 \u0644\u0645\u062f\u0629 5 \u0625\u0644\u0649 20 \u062f\u0642\u064a\u0642\u0629. \u0643\u0644\u0645\u0627 \u0637\u0627\u0644\u062a \u0645\u062f\u0629 \u0627\u0644\u0645\u0639\u0627\u0644\u062c\u0629\u060c \u0632\u0627\u062f\u062a \u0643\u062b\u0627\u0641\u0629 \u0627\u0644\u0644\u0648\u0646. \u0627\u063a\u0633\u0644\u064a\u0647 \u0645\u0633\u0628\u0642\u064b\u0627 \u0628\u0634\u0627\u0645\u0628\u0648 \u0645\u0646\u0638\u0641 \u0639\u0645\u064a\u0642 \u0639\u0646\u062f \u0627\u0644\u062d\u0627\u062c\u0629. \u062a\u062e\u062a\u0644\u0641 \u0627\u0644\u0645\u062f\u0629 \u0628\u0627\u062e\u062a\u0644\u0627\u0641 \u0646\u0648\u0639 \u0627\u0644\u0634\u0639\u0631. \u062b\u0645 \u0627\u0634\u0637\u0641\u064a\u0647 \u062c\u064a\u062f\u064b\u0627. \u0644\u0644\u0634\u0639\u0631 \u0627\u0644\u0637\u0648\u064a\u0644\u060c \u0627\u0633\u062a\u062e\u062f\u0645\u064a \u0639\u0628\u0648\u062a\u064a\u0646. \u0645\u0644\u0627\u062d\u0638\u0629: \u063a\u064a\u0631 \u0645\u0646\u0627\u0633\u0628 \u0644\u0644\u0634\u0639\u0631 \u0627\u0644\u0631\u0645\u0627\u062f\u064a \u0623\u0648 \u0627\u0644\u0623\u0634\u0642\u0631 \u0627\u0644\u0645\u0627\u0626\u0644 \u0644\u0644\u0623\u0628\u064a\u0636\u060c \u0644\u0623\u0646 \u0646\u062a\u064a\u062c\u0629 \u0627\u0644\u062a\u0644\u0648\u064a\u0646 \u062a\u062e\u062a\u0644\u0641. \u0644\u0635\u0628\u063a\u0627\u062a \u0627\u0644\u0634\u0639\u0631 \u0645\u0646 \u0627\u0644\u0623\u0634\u0642\u0631 \u0627\u0644\u062f\u0627\u0643\u0646 \u0625\u0644\u0649 \u0627\u0644\u0623\u0634\u0642\u0631 \u0627\u0644\u0645\u062a\u0648\u0633\u0637.<\/p>\n<h4><strong><span lang=\"EN-US\" style=\"font-size: 11pt; line-height: 103%; font-family: 'Segoe UI Emoji', sans-serif;\">\u26a0<\/span><span style=\"font-size: 11pt; line-height: 103%; font-family: Arial, sans-serif;\">\ufe0f<\/span><span lang=\"EN-US\" style=\"font-size: 11pt; line-height: 103%; font-family: Arial, sans-serif;\"> \u062a\u062d\u0630\u064a\u0631\u0627\u062a<\/span><\/strong><\/h4>\n<p>\u0644\u0627 \u064a\u0646\u0628\u063a\u064a \u062a\u0631\u0643\u0647 \u0641\u064a \u0645\u062a\u0646\u0627\u0648\u0644 \u0627\u0644\u0623\u0637\u0641\u0627\u0644.<\/p>","protected":false},"excerpt":{"rendered":"<p>\ud83e\udde1 r\u00e9ell&rsquo;e 7.4 Or Cuivr\u00e9 \u2013 \u00c9clat chaud &amp; lumineux Niveau de coloration : Lavable Caract\u00e9ristiques du produit : Sans ammoniaque, Sans silicone, V\u00e9g\u00e9talien Nuances de couleurs Coloris : Nuances blondes Tient jusqu&rsquo;\u00e0 4 shampooings Reflets de couleur \u00e9clatants Temps de pose court Application facile et rapide Sans microplastiques ni polym\u00e8res purement synth\u00e9tiques solubles dans [&hellip;]<\/p>\n","protected":false},"featured_media":23939,"template":"","meta":{"om_disable_all_campaigns":false},"product_brand":[],"product_cat":[15],"product_tag":[6201,6206,6203,6202,6204,6207,6199,6208,6200,6205],"class_list":{"0":"post-23941","1":"product","2":"type-product","3":"status-publish","4":"has-post-thumbnail","6":"product_cat-beaute-sante-complements-alimentaires-soins-et-bien-etre-au-meilleur-prix","7":"product_tag-7-4-or-cuivre","8":"product_tag-brillance","9":"product_tag-cheveux-lumineux","10":"product_tag-coloration-cheveux","11":"product_tag-couleur-cuivree","12":"product_tag-pigmentation-intense","13":"product_tag-reelle","14":"product_tag-reelle-cheveux","15":"product_tag-shampooing-colorant","16":"product_tag-soin-cheveux-colores","18":"first","19":"instock","20":"taxable","21":"shipping-taxable","22":"purchasable","23":"product-type-simple"},"yoast_head":"<!-- This site is optimized with the Yoast SEO plugin v27.4 - https:\/\/yoast.com\/product\/yoast-seo-wordpress\/ -->\n<title>r\u00e9ell&#039;e - Shampooing colorant 7.4 or cuivr\u00e9 -Maroc Prix<\/title>\n<meta name=\"description\" content=\"r\u00e9ell\u2019e Shampooing Colorant 7.4 Or Cuivr\u00e9 colore et ravive vos cheveux en un seul geste. Couleur intense, lumineuse et brillante pour tous types de cheveux.\" \/>\n<meta name=\"robots\" content=\"index, follow, max-snippet:-1, max-image-preview:large, max-video-preview:-1\" \/>\n<link rel=\"canonical\" href=\"https:\/\/vitablanca.ma\/ar\/product-2\/reelle-shampooing-colorant-7-4-or-cuivre\/\" \/>\n<meta property=\"og:locale\" content=\"ar_AR\" \/>\n<meta property=\"og:type\" content=\"article\" \/>\n<meta property=\"og:title\" content=\"r\u00e9ell&#039;e - Shampooing colorant 7.4 or cuivr\u00e9 -Maroc Prix\" \/>\n<meta property=\"og:description\" content=\"r\u00e9ell\u2019e Shampooing Colorant 7.4 Or Cuivr\u00e9 colore et ravive vos cheveux en un seul geste. Couleur intense, lumineuse et brillante pour tous types de cheveux.\" \/>\n<meta property=\"og:url\" content=\"https:\/\/vitablanca.ma\/ar\/product-2\/reelle-shampooing-colorant-7-4-or-cuivre\/\" \/>\n<meta property=\"og:site_name\" content=\"Vitablanca.ma &ndash; Sant&eacute;, vitalit&eacute; et bien-&ecirc;tre pour tous les Marocains\" \/>\n<meta property=\"article:publisher\" content=\"https:\/\/www.facebook.com\/profile.php?id=61576678196717\" \/>\n<meta property=\"article:modified_time\" content=\"2026-01-23T20:06:31+00:00\" \/>\n<meta property=\"og:image\" content=\"https:\/\/vitablanca.ma\/wp-content\/uploads\/2025\/07\/4058172704055-3043675.png\" \/>\n\t<meta property=\"og:image:width\" content=\"1200\" \/>\n\t<meta property=\"og:image:height\" content=\"1200\" \/>\n\t<meta property=\"og:image:type\" content=\"image\/png\" \/>\n<meta name=\"twitter:card\" content=\"summary_large_image\" \/>\n<meta name=\"twitter:label1\" content=\"\u0648\u0642\u062a \u0627\u0644\u0642\u0631\u0627\u0621\u0629 \u0627\u0644\u0645\u064f\u0642\u062f\u0651\u0631\" \/>\n\t<meta name=\"twitter:data1\" content=\"\u062f\u0642\u064a\u0642\u062a\u0627\u0646\" \/>\n<script type=\"application\/ld+json\" class=\"yoast-schema-graph\">{\"@context\":\"https:\\\/\\\/schema.org\",\"@graph\":[{\"@type\":[\"WebPage\",\"ItemPage\"],\"@id\":\"https:\\\/\\\/vitablanca.ma\\\/produit\\\/reelle-shampooing-colorant-7-4-or-cuivre\\\/\",\"url\":\"https:\\\/\\\/vitablanca.ma\\\/produit\\\/reelle-shampooing-colorant-7-4-or-cuivre\\\/\",\"name\":\"r\u00e9ell'e - Shampooing colorant 7.4 or cuivr\u00e9 -Maroc Prix\",\"isPartOf\":{\"@id\":\"https:\\\/\\\/vitablanca.ma\\\/#website\"},\"primaryImageOfPage\":{\"@id\":\"https:\\\/\\\/vitablanca.ma\\\/produit\\\/reelle-shampooing-colorant-7-4-or-cuivre\\\/#primaryimage\"},\"image\":{\"@id\":\"https:\\\/\\\/vitablanca.ma\\\/produit\\\/reelle-shampooing-colorant-7-4-or-cuivre\\\/#primaryimage\"},\"thumbnailUrl\":\"https:\\\/\\\/vitablanca.ma\\\/wp-content\\\/uploads\\\/2025\\\/07\\\/4058172704055-3043675.png\",\"datePublished\":\"2025-07-10T18:45:09+00:00\",\"dateModified\":\"2026-01-23T20:06:31+00:00\",\"description\":\"r\u00e9ell\u2019e Shampooing Colorant 7.4 Or Cuivr\u00e9 colore et ravive vos cheveux en un seul geste. Couleur intense, lumineuse et brillante pour tous types de cheveux.\",\"breadcrumb\":{\"@id\":\"https:\\\/\\\/vitablanca.ma\\\/produit\\\/reelle-shampooing-colorant-7-4-or-cuivre\\\/#breadcrumb\"},\"inLanguage\":\"ar\",\"potentialAction\":[{\"@type\":\"ReadAction\",\"target\":[\"https:\\\/\\\/vitablanca.ma\\\/produit\\\/reelle-shampooing-colorant-7-4-or-cuivre\\\/\"]}]},{\"@type\":\"ImageObject\",\"inLanguage\":\"ar\",\"@id\":\"https:\\\/\\\/vitablanca.ma\\\/produit\\\/reelle-shampooing-colorant-7-4-or-cuivre\\\/#primaryimage\",\"url\":\"https:\\\/\\\/vitablanca.ma\\\/wp-content\\\/uploads\\\/2025\\\/07\\\/4058172704055-3043675.png\",\"contentUrl\":\"https:\\\/\\\/vitablanca.ma\\\/wp-content\\\/uploads\\\/2025\\\/07\\\/4058172704055-3043675.png\",\"width\":1200,\"height\":1200},{\"@type\":\"BreadcrumbList\",\"@id\":\"https:\\\/\\\/vitablanca.ma\\\/produit\\\/reelle-shampooing-colorant-7-4-or-cuivre\\\/#breadcrumb\",\"itemListElement\":[{\"@type\":\"ListItem\",\"position\":1,\"name\":\"Home\",\"item\":\"https:\\\/\\\/vitablanca.ma\\\/\"},{\"@type\":\"ListItem\",\"position\":2,\"name\":\"Tous Les Produits\",\"item\":\"https:\\\/\\\/vitablanca.ma\\\/tous-les-produits\\\/\"},{\"@type\":\"ListItem\",\"position\":3,\"name\":\"r\u00e9ell&#8217;e &#8211; Shampooing colorant 7.4 or cuivr\u00e9\"}]},{\"@type\":\"WebSite\",\"@id\":\"https:\\\/\\\/vitablanca.ma\\\/#website\",\"url\":\"https:\\\/\\\/vitablanca.ma\\\/\",\"name\":\"VitaBlanca.ma | Compl\u00e9ments alimentaires, sant\u00e9 & beaut\u00e9 au Maroc\",\"description\":\"vendre vitamines et compl\u00e9ments premium des USA &amp; Canada, Nouvelle Z\u00e9lande,Maroc (NOW Foods, Solgar, Manuka). Livraison rapide partout au Maroc.\",\"publisher\":{\"@id\":\"https:\\\/\\\/vitablanca.ma\\\/#organization\"},\"alternateName\":\"VitaBlanca.ma\",\"potentialAction\":[{\"@type\":\"SearchAction\",\"target\":{\"@type\":\"EntryPoint\",\"urlTemplate\":\"https:\\\/\\\/vitablanca.ma\\\/?s={search_term_string}\"},\"query-input\":{\"@type\":\"PropertyValueSpecification\",\"valueRequired\":true,\"valueName\":\"search_term_string\"}}],\"inLanguage\":\"ar\"},{\"@type\":\"Organization\",\"@id\":\"https:\\\/\\\/vitablanca.ma\\\/#organization\",\"name\":\"VitaBlanca\",\"url\":\"https:\\\/\\\/vitablanca.ma\\\/\",\"logo\":{\"@type\":\"ImageObject\",\"inLanguage\":\"ar\",\"@id\":\"https:\\\/\\\/vitablanca.ma\\\/#\\\/schema\\\/logo\\\/image\\\/\",\"url\":\"https:\\\/\\\/vitablanca.ma\\\/wp-content\\\/uploads\\\/2025\\\/05\\\/cropped-vitablanca.png\",\"contentUrl\":\"https:\\\/\\\/vitablanca.ma\\\/wp-content\\\/uploads\\\/2025\\\/05\\\/cropped-vitablanca.png\",\"width\":360,\"height\":67,\"caption\":\"VitaBlanca\"},\"image\":{\"@id\":\"https:\\\/\\\/vitablanca.ma\\\/#\\\/schema\\\/logo\\\/image\\\/\"},\"sameAs\":[\"https:\\\/\\\/www.facebook.com\\\/profile.php?id=61576678196717\",\"https:\\\/\\\/www.tiktok.com\\\/@vitablanca.ma\",\"https:\\\/\\\/www.instagram.com\\\/vitablanca.ma\\\/\"]}]}<\/script>\n<!-- \/ Yoast SEO plugin. -->","yoast_head_json":{"title":"r\u00e9ell'e - Shampooing colorant 7.4 or cuivr\u00e9 -Maroc Prix","description":"r\u00e9ell\u2019e Shampooing Colorant 7.4 Or Cuivr\u00e9 colore et ravive vos cheveux en un seul geste. Couleur intense, lumineuse et brillante pour tous types de cheveux.","robots":{"index":"index","follow":"follow","max-snippet":"max-snippet:-1","max-image-preview":"max-image-preview:large","max-video-preview":"max-video-preview:-1"},"canonical":"https:\/\/vitablanca.ma\/ar\/product-2\/reelle-shampooing-colorant-7-4-or-cuivre\/","og_locale":"ar_AR","og_type":"article","og_title":"r\u00e9ell'e - Shampooing colorant 7.4 or cuivr\u00e9 -Maroc Prix","og_description":"r\u00e9ell\u2019e Shampooing Colorant 7.4 Or Cuivr\u00e9 colore et ravive vos cheveux en un seul geste. Couleur intense, lumineuse et brillante pour tous types de cheveux.","og_url":"https:\/\/vitablanca.ma\/ar\/product-2\/reelle-shampooing-colorant-7-4-or-cuivre\/","og_site_name":"Vitablanca.ma &ndash; Sant&eacute;, vitalit&eacute; et bien-&ecirc;tre pour tous les Marocains","article_publisher":"https:\/\/www.facebook.com\/profile.php?id=61576678196717","article_modified_time":"2026-01-23T20:06:31+00:00","og_image":[{"width":1200,"height":1200,"url":"https:\/\/vitablanca.ma\/wp-content\/uploads\/2025\/07\/4058172704055-3043675.png","type":"image\/png"}],"twitter_card":"summary_large_image","twitter_misc":{"\u0648\u0642\u062a \u0627\u0644\u0642\u0631\u0627\u0621\u0629 \u0627\u0644\u0645\u064f\u0642\u062f\u0651\u0631":"\u062f\u0642\u064a\u0642\u062a\u0627\u0646"},"schema":{"@context":"https:\/\/schema.org","@graph":[{"@type":["WebPage","ItemPage"],"@id":"https:\/\/vitablanca.ma\/produit\/reelle-shampooing-colorant-7-4-or-cuivre\/","url":"https:\/\/vitablanca.ma\/produit\/reelle-shampooing-colorant-7-4-or-cuivre\/","name":"r\u00e9ell'e - Shampooing colorant 7.4 or cuivr\u00e9 -Maroc Prix","isPartOf":{"@id":"https:\/\/vitablanca.ma\/#website"},"primaryImageOfPage":{"@id":"https:\/\/vitablanca.ma\/produit\/reelle-shampooing-colorant-7-4-or-cuivre\/#primaryimage"},"image":{"@id":"https:\/\/vitablanca.ma\/produit\/reelle-shampooing-colorant-7-4-or-cuivre\/#primaryimage"},"thumbnailUrl":"https:\/\/vitablanca.ma\/wp-content\/uploads\/2025\/07\/4058172704055-3043675.png","datePublished":"2025-07-10T18:45:09+00:00","dateModified":"2026-01-23T20:06:31+00:00","description":"r\u00e9ell\u2019e Shampooing Colorant 7.4 Or Cuivr\u00e9 colore et ravive vos cheveux en un seul geste. Couleur intense, lumineuse et brillante pour tous types de cheveux.","breadcrumb":{"@id":"https:\/\/vitablanca.ma\/produit\/reelle-shampooing-colorant-7-4-or-cuivre\/#breadcrumb"},"inLanguage":"ar","potentialAction":[{"@type":"ReadAction","target":["https:\/\/vitablanca.ma\/produit\/reelle-shampooing-colorant-7-4-or-cuivre\/"]}]},{"@type":"ImageObject","inLanguage":"ar","@id":"https:\/\/vitablanca.ma\/produit\/reelle-shampooing-colorant-7-4-or-cuivre\/#primaryimage","url":"https:\/\/vitablanca.ma\/wp-content\/uploads\/2025\/07\/4058172704055-3043675.png","contentUrl":"https:\/\/vitablanca.ma\/wp-content\/uploads\/2025\/07\/4058172704055-3043675.png","width":1200,"height":1200},{"@type":"BreadcrumbList","@id":"https:\/\/vitablanca.ma\/produit\/reelle-shampooing-colorant-7-4-or-cuivre\/#breadcrumb","itemListElement":[{"@type":"ListItem","position":1,"name":"Home","item":"https:\/\/vitablanca.ma\/"},{"@type":"ListItem","position":2,"name":"Tous Les Produits","item":"https:\/\/vitablanca.ma\/tous-les-produits\/"},{"@type":"ListItem","position":3,"name":"r\u00e9ell&#8217;e &#8211; Shampooing colorant 7.4 or cuivr\u00e9"}]},{"@type":"WebSite","@id":"https:\/\/vitablanca.ma\/#website","url":"https:\/\/vitablanca.ma\/","name":"VitaBlanca.ma | \u0627\u0644\u0645\u0643\u0645\u0644\u0627\u062a \u0627\u0644\u063a\u0630\u0627\u0626\u064a\u0629\u060c \u0627\u0644\u0635\u062d\u0629 \u0648\u0627\u0644\u062c\u0645\u0627\u0644 \u0641\u064a \u0627\u0644\u0645\u063a\u0631\u0628","description":"\u0646\u0628\u064a\u0639 \u0641\u064a\u062a\u0627\u0645\u064a\u0646\u0627\u062a \u0648\u0645\u0643\u0645\u0644\u0627\u062a \u063a\u0630\u0627\u0626\u064a\u0629 \u0641\u0627\u062e\u0631\u0629 \u0645\u0646 \u0627\u0644\u0648\u0644\u0627\u064a\u0627\u062a \u0627\u0644\u0645\u062a\u062d\u062f\u0629 \u0627\u0644\u0623\u0645\u0631\u064a\u0643\u064a\u0629 \u0648\u0643\u0646\u062f\u0627 \u0648\u0646\u064a\u0648\u0632\u064a\u0644\u0646\u062f\u0627 \u0648\u0627\u0644\u0645\u063a\u0631\u0628 (\u0646\u0627\u0648 \u0641\u0648\u062f\u0632\u060c \u0633\u0648\u0644\u062c\u0627\u0631\u060c \u0645\u0627\u0646\u0648\u0643\u0627). \u062a\u0648\u0635\u064a\u0644 \u0633\u0631\u064a\u0639 \u0625\u0644\u0649 \u062c\u0645\u064a\u0639 \u0623\u0646\u062d\u0627\u0621 \u0627\u0644\u0645\u063a\u0631\u0628.","publisher":{"@id":"https:\/\/vitablanca.ma\/#organization"},"alternateName":"VitaBlanca.ma","potentialAction":[{"@type":"SearchAction","target":{"@type":"EntryPoint","urlTemplate":"https:\/\/vitablanca.ma\/?s={search_term_string}"},"query-input":{"@type":"PropertyValueSpecification","valueRequired":true,"valueName":"search_term_string"}}],"inLanguage":"ar"},{"@type":"Organization","@id":"https:\/\/vitablanca.ma\/#organization","name":"\u0641\u064a\u062a\u0627\u0628\u0644\u0627\u0646\u0643\u0627","url":"https:\/\/vitablanca.ma\/","logo":{"@type":"ImageObject","inLanguage":"ar","@id":"https:\/\/vitablanca.ma\/#\/schema\/logo\/image\/","url":"https:\/\/vitablanca.ma\/wp-content\/uploads\/2025\/05\/cropped-vitablanca.png","contentUrl":"https:\/\/vitablanca.ma\/wp-content\/uploads\/2025\/05\/cropped-vitablanca.png","width":360,"height":67,"caption":"VitaBlanca"},"image":{"@id":"https:\/\/vitablanca.ma\/#\/schema\/logo\/image\/"},"sameAs":["https:\/\/www.facebook.com\/profile.php?id=61576678196717","https:\/\/www.tiktok.com\/@vitablanca.ma","https:\/\/www.instagram.com\/vitablanca.ma\/"]}]}},"jetpack_sharing_enabled":true,"_links":{"self":[{"href":"https:\/\/vitablanca.ma\/ar\/wp-json\/wp\/v2\/product\/23941","targetHints":{"allow":["GET"]}}],"collection":[{"href":"https:\/\/vitablanca.ma\/ar\/wp-json\/wp\/v2\/product"}],"about":[{"href":"https:\/\/vitablanca.ma\/ar\/wp-json\/wp\/v2\/types\/product"}],"wp:featuredmedia":[{"embeddable":true,"href":"https:\/\/vitablanca.ma\/ar\/wp-json\/wp\/v2\/media\/23939"}],"wp:attachment":[{"href":"https:\/\/vitablanca.ma\/ar\/wp-json\/wp\/v2\/media?parent=23941"}],"wp:term":[{"taxonomy":"product_brand","embeddable":true,"href":"https:\/\/vitablanca.ma\/ar\/wp-json\/wp\/v2\/product_brand?post=23941"},{"taxonomy":"product_cat","embeddable":true,"href":"https:\/\/vitablanca.ma\/ar\/wp-json\/wp\/v2\/product_cat?post=23941"},{"taxonomy":"product_tag","embeddable":true,"href":"https:\/\/vitablanca.ma\/ar\/wp-json\/wp\/v2\/product_tag?post=23941"}],"curies":[{"name":"wp","href":"https:\/\/api.w.org\/{rel}","templated":true}]}}