{"id":23919,"date":"2025-07-10T18:43:21","date_gmt":"2025-07-10T18:43:21","guid":{"rendered":"https:\/\/vitablanca.ma\/product\/balea-lotion-de-lavage-intime-sensitive\/"},"modified":"2026-01-23T20:26:20","modified_gmt":"2026-01-23T20:26:20","slug":"balea-lotion-de-lavage-intime-sensitive","status":"publish","type":"product","link":"https:\/\/vitablanca.ma\/ar\/product-2\/balea-lotion-de-lavage-intime-sensitive\/","title":{"rendered":"\u0628\u0627\u0644\u064a\u0627 - \u063a\u0633\u0648\u0644 \u0644\u0644\u0645\u0646\u0627\u0637\u0642 \u0627\u0644\u062d\u0633\u0627\u0633\u0629"},"content":{"rendered":"<h3>Douceur intime, fra\u00eecheur quotidienne \ud83d\udca7\ud83c\udf3f<\/h3>\n<ul>\n<li>\u0646\u0648\u0639 \u0627\u0644\u0628\u0634\u0631\u0629: \u062d\u0633\u0627\u0633\u0629 \/ \u0631\u0642\u064a\u0642\u0629<\/li>\n<li>\u0645\u062c\u0627\u0644 \u0627\u0644\u0627\u0633\u062a\u062e\u062f\u0627\u0645: \u0627\u0644\u062c\u0633\u0645<\/li>\n<li>Propri\u00e9t\u00e9s du produit : Sans alcool, Sans colorant, Sans parab\u00e8ne, Sans parfum, pH-neutre pour la peau, Soin sensible, Vegan<\/li>\n<li>Avec aloe vera et acide lactique<\/li>\n<li>\u062e\u0627\u0644\u064a \u0645\u0646 \u0627\u0644\u0643\u062d\u0648\u0644<\/li>\n<li>\u062e\u0627\u0644\u064a \u0645\u0646 \u0627\u0644\u0639\u0637\u0648\u0631<\/li>\n<li>300 ml<\/li>\n<\/ul>\n<h4><strong><span style=\"font-size: 11pt; line-height: 104%; font-family: 'Segoe UI Emoji', sans-serif;\">\ud83d\udccc<\/span><span lang=\"EN-US\" style=\"font-size: 11pt; line-height: 104%; font-family: Arial, sans-serif;\"> \u0648\u0635\u0641 \u0627\u0644\u0645\u0646\u062a\u062c<\/span><\/strong><\/h4>\n<p>Une fra\u00eecheur naturelle sans parfum : la lotion lavante intime Jessa Sensitiv est parfaitement adapt\u00e9e au pH de la peau sensible de la zone intime. Ainsi, la formulation \u00e0 l&rsquo;aloe vera et \u00e0 l&rsquo;acide lactique favorise l&rsquo;\u00e9quilibre de la zone pH naturelle de la zone intime externe. Convient \u00e0 une utilisation quotidienne.<\/p>\n<h4><strong><span style=\"font-size: 11pt; line-height: 104%; font-family: 'Segoe UI Emoji', sans-serif;\">\ud83d\udca1<\/span><span lang=\"EN-US\" style=\"font-size: 11pt; line-height: 104%; font-family: Arial, sans-serif;\"> \u0637\u0631\u064a\u0642\u0629 \u0627\u0644\u0627\u0633\u062a\u062e\u062f\u0627\u0645<\/span><\/strong><\/h4>\n<p>Confirm\u00e9 dermatologiquement &amp; gyn\u00e9cologiquement.<\/p>","protected":false},"excerpt":{"rendered":"<p>Douceur intime, fra\u00eecheur quotidienne \ud83d\udca7\ud83c\udf3f Type de peau : sensible \/ d\u00e9licate Domaine d&rsquo;utilisation : Corps Propri\u00e9t\u00e9s du produit : Sans alcool, Sans colorant, Sans parab\u00e8ne, Sans parfum, pH-neutre pour la peau, Soin sensible, Vegan Avec aloe vera et acide lactique Sans alcool Sans parfum 300 ml \ud83d\udccc Description du produit Une fra\u00eecheur naturelle sans [&hellip;]<\/p>\n","protected":false},"featured_media":23916,"template":"","meta":{"om_disable_all_campaigns":false},"product_brand":[3236],"product_cat":[18],"product_tag":[3237,3240,3238,3239,6232,3241,6231,6226,6227,6224,6229,6228,6225,6230],"class_list":{"0":"post-23919","1":"product","2":"type-product","3":"status-publish","4":"has-post-thumbnail","6":"product_brand-balea-dm-prix-maroc","7":"product_cat-beaute-sante","8":"product_tag-balea","9":"product_tag-balea-dm","10":"product_tag-balea-maroc","11":"product_tag-balea-morocco","12":"product_tag-confort-intime","13":"product_tag-dm-maroc","14":"product_tag-fraicheur","15":"product_tag-gel-lavant-intime","16":"product_tag-hygiene-intime","17":"product_tag-lotion-intime","18":"product_tag-peaux-sensibles","19":"product_tag-ph-equilibre","20":"product_tag-sensitive","21":"product_tag-soin-quotidien","23":"first","24":"instock","25":"taxable","26":"shipping-taxable","27":"purchasable","28":"product-type-simple"},"yoast_head":"<!-- This site is optimized with the Yoast SEO plugin v27.4 - https:\/\/yoast.com\/product\/yoast-seo-wordpress\/ -->\n<title>Balea - Lotion de lavage intime Sensitive - Maroc Prix<\/title>\n<meta name=\"description\" content=\"Balea Lotion de Lavage Intime Sensitive nettoie en douceur, prot\u00e8ge la flore intime et apaise les irritations. Formule douce adapt\u00e9e \u00e0 un usage quotidien.\" \/>\n<meta name=\"robots\" content=\"index, follow, max-snippet:-1, max-image-preview:large, max-video-preview:-1\" \/>\n<link rel=\"canonical\" href=\"https:\/\/vitablanca.ma\/ar\/product-2\/balea-lotion-de-lavage-intime-sensitive\/\" \/>\n<meta property=\"og:locale\" content=\"ar_AR\" \/>\n<meta property=\"og:type\" content=\"article\" \/>\n<meta property=\"og:title\" content=\"Balea - Lotion de lavage intime Sensitive - Maroc Prix\" \/>\n<meta property=\"og:description\" content=\"Balea Lotion de Lavage Intime Sensitive nettoie en douceur, prot\u00e8ge la flore intime et apaise les irritations. Formule douce adapt\u00e9e \u00e0 un usage quotidien.\" \/>\n<meta property=\"og:url\" content=\"https:\/\/vitablanca.ma\/ar\/product-2\/balea-lotion-de-lavage-intime-sensitive\/\" \/>\n<meta property=\"og:site_name\" content=\"Vitablanca.ma &ndash; Sant&eacute;, vitalit&eacute; et bien-&ecirc;tre pour tous les Marocains\" \/>\n<meta property=\"article:publisher\" content=\"https:\/\/www.facebook.com\/profile.php?id=61576678196717\" \/>\n<meta property=\"article:modified_time\" content=\"2026-01-23T20:26:20+00:00\" \/>\n<meta property=\"og:image\" content=\"https:\/\/vitablanca.ma\/wp-content\/uploads\/2025\/07\/4058172444487-3633470.png\" \/>\n\t<meta property=\"og:image:width\" content=\"1200\" \/>\n\t<meta property=\"og:image:height\" content=\"1200\" \/>\n\t<meta property=\"og:image:type\" content=\"image\/png\" \/>\n<meta name=\"twitter:card\" content=\"summary_large_image\" \/>\n<meta name=\"twitter:label1\" content=\"\u0648\u0642\u062a \u0627\u0644\u0642\u0631\u0627\u0621\u0629 \u0627\u0644\u0645\u064f\u0642\u062f\u0651\u0631\" \/>\n\t<meta name=\"twitter:data1\" content=\"\u062f\u0642\u064a\u0642\u0629 \u0648\u0627\u062d\u062f\u0629\" \/>\n<script type=\"application\/ld+json\" class=\"yoast-schema-graph\">{\"@context\":\"https:\\\/\\\/schema.org\",\"@graph\":[{\"@type\":[\"WebPage\",\"ItemPage\"],\"@id\":\"https:\\\/\\\/vitablanca.ma\\\/produit\\\/balea-lotion-de-lavage-intime-sensitive\\\/\",\"url\":\"https:\\\/\\\/vitablanca.ma\\\/produit\\\/balea-lotion-de-lavage-intime-sensitive\\\/\",\"name\":\"Balea - Lotion de lavage intime Sensitive - Maroc Prix\",\"isPartOf\":{\"@id\":\"https:\\\/\\\/vitablanca.ma\\\/#website\"},\"primaryImageOfPage\":{\"@id\":\"https:\\\/\\\/vitablanca.ma\\\/produit\\\/balea-lotion-de-lavage-intime-sensitive\\\/#primaryimage\"},\"image\":{\"@id\":\"https:\\\/\\\/vitablanca.ma\\\/produit\\\/balea-lotion-de-lavage-intime-sensitive\\\/#primaryimage\"},\"thumbnailUrl\":\"https:\\\/\\\/vitablanca.ma\\\/wp-content\\\/uploads\\\/2025\\\/07\\\/4058172444487-3633470.png\",\"datePublished\":\"2025-07-10T18:43:21+00:00\",\"dateModified\":\"2026-01-23T20:26:20+00:00\",\"description\":\"Balea Lotion de Lavage Intime Sensitive nettoie en douceur, prot\u00e8ge la flore intime et apaise les irritations. Formule douce adapt\u00e9e \u00e0 un usage quotidien.\",\"breadcrumb\":{\"@id\":\"https:\\\/\\\/vitablanca.ma\\\/produit\\\/balea-lotion-de-lavage-intime-sensitive\\\/#breadcrumb\"},\"inLanguage\":\"ar\",\"potentialAction\":[{\"@type\":\"ReadAction\",\"target\":[\"https:\\\/\\\/vitablanca.ma\\\/produit\\\/balea-lotion-de-lavage-intime-sensitive\\\/\"]}]},{\"@type\":\"ImageObject\",\"inLanguage\":\"ar\",\"@id\":\"https:\\\/\\\/vitablanca.ma\\\/produit\\\/balea-lotion-de-lavage-intime-sensitive\\\/#primaryimage\",\"url\":\"https:\\\/\\\/vitablanca.ma\\\/wp-content\\\/uploads\\\/2025\\\/07\\\/4058172444487-3633470.png\",\"contentUrl\":\"https:\\\/\\\/vitablanca.ma\\\/wp-content\\\/uploads\\\/2025\\\/07\\\/4058172444487-3633470.png\",\"width\":1200,\"height\":1200},{\"@type\":\"BreadcrumbList\",\"@id\":\"https:\\\/\\\/vitablanca.ma\\\/produit\\\/balea-lotion-de-lavage-intime-sensitive\\\/#breadcrumb\",\"itemListElement\":[{\"@type\":\"ListItem\",\"position\":1,\"name\":\"Home\",\"item\":\"https:\\\/\\\/vitablanca.ma\\\/\"},{\"@type\":\"ListItem\",\"position\":2,\"name\":\"Tous Les Produits\",\"item\":\"https:\\\/\\\/vitablanca.ma\\\/tous-les-produits\\\/\"},{\"@type\":\"ListItem\",\"position\":3,\"name\":\"Balea &#8211; Lotion de lavage intime Sensitive\"}]},{\"@type\":\"WebSite\",\"@id\":\"https:\\\/\\\/vitablanca.ma\\\/#website\",\"url\":\"https:\\\/\\\/vitablanca.ma\\\/\",\"name\":\"VitaBlanca.ma | Compl\u00e9ments alimentaires, sant\u00e9 & beaut\u00e9 au Maroc\",\"description\":\"vendre vitamines et compl\u00e9ments premium des USA &amp; Canada, Nouvelle Z\u00e9lande,Maroc (NOW Foods, Solgar, Manuka). Livraison rapide partout au Maroc.\",\"publisher\":{\"@id\":\"https:\\\/\\\/vitablanca.ma\\\/#organization\"},\"alternateName\":\"VitaBlanca.ma\",\"potentialAction\":[{\"@type\":\"SearchAction\",\"target\":{\"@type\":\"EntryPoint\",\"urlTemplate\":\"https:\\\/\\\/vitablanca.ma\\\/?s={search_term_string}\"},\"query-input\":{\"@type\":\"PropertyValueSpecification\",\"valueRequired\":true,\"valueName\":\"search_term_string\"}}],\"inLanguage\":\"ar\"},{\"@type\":\"Organization\",\"@id\":\"https:\\\/\\\/vitablanca.ma\\\/#organization\",\"name\":\"VitaBlanca\",\"url\":\"https:\\\/\\\/vitablanca.ma\\\/\",\"logo\":{\"@type\":\"ImageObject\",\"inLanguage\":\"ar\",\"@id\":\"https:\\\/\\\/vitablanca.ma\\\/#\\\/schema\\\/logo\\\/image\\\/\",\"url\":\"https:\\\/\\\/vitablanca.ma\\\/wp-content\\\/uploads\\\/2025\\\/05\\\/cropped-vitablanca.png\",\"contentUrl\":\"https:\\\/\\\/vitablanca.ma\\\/wp-content\\\/uploads\\\/2025\\\/05\\\/cropped-vitablanca.png\",\"width\":360,\"height\":67,\"caption\":\"VitaBlanca\"},\"image\":{\"@id\":\"https:\\\/\\\/vitablanca.ma\\\/#\\\/schema\\\/logo\\\/image\\\/\"},\"sameAs\":[\"https:\\\/\\\/www.facebook.com\\\/profile.php?id=61576678196717\",\"https:\\\/\\\/www.tiktok.com\\\/@vitablanca.ma\",\"https:\\\/\\\/www.instagram.com\\\/vitablanca.ma\\\/\"]}]}<\/script>\n<!-- \/ Yoast SEO plugin. -->","yoast_head_json":{"title":"Balea - Lotion de lavage intime Sensitive - Maroc Prix","description":"Balea Lotion de Lavage Intime Sensitive nettoie en douceur, prot\u00e8ge la flore intime et apaise les irritations. Formule douce adapt\u00e9e \u00e0 un usage quotidien.","robots":{"index":"index","follow":"follow","max-snippet":"max-snippet:-1","max-image-preview":"max-image-preview:large","max-video-preview":"max-video-preview:-1"},"canonical":"https:\/\/vitablanca.ma\/ar\/product-2\/balea-lotion-de-lavage-intime-sensitive\/","og_locale":"ar_AR","og_type":"article","og_title":"Balea - Lotion de lavage intime Sensitive - Maroc Prix","og_description":"Balea Lotion de Lavage Intime Sensitive nettoie en douceur, prot\u00e8ge la flore intime et apaise les irritations. Formule douce adapt\u00e9e \u00e0 un usage quotidien.","og_url":"https:\/\/vitablanca.ma\/ar\/product-2\/balea-lotion-de-lavage-intime-sensitive\/","og_site_name":"Vitablanca.ma &ndash; Sant&eacute;, vitalit&eacute; et bien-&ecirc;tre pour tous les Marocains","article_publisher":"https:\/\/www.facebook.com\/profile.php?id=61576678196717","article_modified_time":"2026-01-23T20:26:20+00:00","og_image":[{"width":1200,"height":1200,"url":"https:\/\/vitablanca.ma\/wp-content\/uploads\/2025\/07\/4058172444487-3633470.png","type":"image\/png"}],"twitter_card":"summary_large_image","twitter_misc":{"\u0648\u0642\u062a \u0627\u0644\u0642\u0631\u0627\u0621\u0629 \u0627\u0644\u0645\u064f\u0642\u062f\u0651\u0631":"\u062f\u0642\u064a\u0642\u0629 \u0648\u0627\u062d\u062f\u0629"},"schema":{"@context":"https:\/\/schema.org","@graph":[{"@type":["WebPage","ItemPage"],"@id":"https:\/\/vitablanca.ma\/produit\/balea-lotion-de-lavage-intime-sensitive\/","url":"https:\/\/vitablanca.ma\/produit\/balea-lotion-de-lavage-intime-sensitive\/","name":"Balea - Lotion de lavage intime Sensitive - Maroc Prix","isPartOf":{"@id":"https:\/\/vitablanca.ma\/#website"},"primaryImageOfPage":{"@id":"https:\/\/vitablanca.ma\/produit\/balea-lotion-de-lavage-intime-sensitive\/#primaryimage"},"image":{"@id":"https:\/\/vitablanca.ma\/produit\/balea-lotion-de-lavage-intime-sensitive\/#primaryimage"},"thumbnailUrl":"https:\/\/vitablanca.ma\/wp-content\/uploads\/2025\/07\/4058172444487-3633470.png","datePublished":"2025-07-10T18:43:21+00:00","dateModified":"2026-01-23T20:26:20+00:00","description":"Balea Lotion de Lavage Intime Sensitive nettoie en douceur, prot\u00e8ge la flore intime et apaise les irritations. Formule douce adapt\u00e9e \u00e0 un usage quotidien.","breadcrumb":{"@id":"https:\/\/vitablanca.ma\/produit\/balea-lotion-de-lavage-intime-sensitive\/#breadcrumb"},"inLanguage":"ar","potentialAction":[{"@type":"ReadAction","target":["https:\/\/vitablanca.ma\/produit\/balea-lotion-de-lavage-intime-sensitive\/"]}]},{"@type":"ImageObject","inLanguage":"ar","@id":"https:\/\/vitablanca.ma\/produit\/balea-lotion-de-lavage-intime-sensitive\/#primaryimage","url":"https:\/\/vitablanca.ma\/wp-content\/uploads\/2025\/07\/4058172444487-3633470.png","contentUrl":"https:\/\/vitablanca.ma\/wp-content\/uploads\/2025\/07\/4058172444487-3633470.png","width":1200,"height":1200},{"@type":"BreadcrumbList","@id":"https:\/\/vitablanca.ma\/produit\/balea-lotion-de-lavage-intime-sensitive\/#breadcrumb","itemListElement":[{"@type":"ListItem","position":1,"name":"Home","item":"https:\/\/vitablanca.ma\/"},{"@type":"ListItem","position":2,"name":"Tous Les Produits","item":"https:\/\/vitablanca.ma\/tous-les-produits\/"},{"@type":"ListItem","position":3,"name":"Balea &#8211; Lotion de lavage intime Sensitive"}]},{"@type":"WebSite","@id":"https:\/\/vitablanca.ma\/#website","url":"https:\/\/vitablanca.ma\/","name":"VitaBlanca.ma | \u0627\u0644\u0645\u0643\u0645\u0644\u0627\u062a \u0627\u0644\u063a\u0630\u0627\u0626\u064a\u0629\u060c \u0627\u0644\u0635\u062d\u0629 \u0648\u0627\u0644\u062c\u0645\u0627\u0644 \u0641\u064a \u0627\u0644\u0645\u063a\u0631\u0628","description":"\u0646\u0628\u064a\u0639 \u0641\u064a\u062a\u0627\u0645\u064a\u0646\u0627\u062a \u0648\u0645\u0643\u0645\u0644\u0627\u062a \u063a\u0630\u0627\u0626\u064a\u0629 \u0641\u0627\u062e\u0631\u0629 \u0645\u0646 \u0627\u0644\u0648\u0644\u0627\u064a\u0627\u062a \u0627\u0644\u0645\u062a\u062d\u062f\u0629 \u0627\u0644\u0623\u0645\u0631\u064a\u0643\u064a\u0629 \u0648\u0643\u0646\u062f\u0627 \u0648\u0646\u064a\u0648\u0632\u064a\u0644\u0646\u062f\u0627 \u0648\u0627\u0644\u0645\u063a\u0631\u0628 (\u0646\u0627\u0648 \u0641\u0648\u062f\u0632\u060c \u0633\u0648\u0644\u062c\u0627\u0631\u060c \u0645\u0627\u0646\u0648\u0643\u0627). \u062a\u0648\u0635\u064a\u0644 \u0633\u0631\u064a\u0639 \u0625\u0644\u0649 \u062c\u0645\u064a\u0639 \u0623\u0646\u062d\u0627\u0621 \u0627\u0644\u0645\u063a\u0631\u0628.","publisher":{"@id":"https:\/\/vitablanca.ma\/#organization"},"alternateName":"VitaBlanca.ma","potentialAction":[{"@type":"SearchAction","target":{"@type":"EntryPoint","urlTemplate":"https:\/\/vitablanca.ma\/?s={search_term_string}"},"query-input":{"@type":"PropertyValueSpecification","valueRequired":true,"valueName":"search_term_string"}}],"inLanguage":"ar"},{"@type":"Organization","@id":"https:\/\/vitablanca.ma\/#organization","name":"\u0641\u064a\u062a\u0627\u0628\u0644\u0627\u0646\u0643\u0627","url":"https:\/\/vitablanca.ma\/","logo":{"@type":"ImageObject","inLanguage":"ar","@id":"https:\/\/vitablanca.ma\/#\/schema\/logo\/image\/","url":"https:\/\/vitablanca.ma\/wp-content\/uploads\/2025\/05\/cropped-vitablanca.png","contentUrl":"https:\/\/vitablanca.ma\/wp-content\/uploads\/2025\/05\/cropped-vitablanca.png","width":360,"height":67,"caption":"VitaBlanca"},"image":{"@id":"https:\/\/vitablanca.ma\/#\/schema\/logo\/image\/"},"sameAs":["https:\/\/www.facebook.com\/profile.php?id=61576678196717","https:\/\/www.tiktok.com\/@vitablanca.ma","https:\/\/www.instagram.com\/vitablanca.ma\/"]}]}},"jetpack_sharing_enabled":true,"_links":{"self":[{"href":"https:\/\/vitablanca.ma\/ar\/wp-json\/wp\/v2\/product\/23919","targetHints":{"allow":["GET"]}}],"collection":[{"href":"https:\/\/vitablanca.ma\/ar\/wp-json\/wp\/v2\/product"}],"about":[{"href":"https:\/\/vitablanca.ma\/ar\/wp-json\/wp\/v2\/types\/product"}],"wp:featuredmedia":[{"embeddable":true,"href":"https:\/\/vitablanca.ma\/ar\/wp-json\/wp\/v2\/media\/23916"}],"wp:attachment":[{"href":"https:\/\/vitablanca.ma\/ar\/wp-json\/wp\/v2\/media?parent=23919"}],"wp:term":[{"taxonomy":"product_brand","embeddable":true,"href":"https:\/\/vitablanca.ma\/ar\/wp-json\/wp\/v2\/product_brand?post=23919"},{"taxonomy":"product_cat","embeddable":true,"href":"https:\/\/vitablanca.ma\/ar\/wp-json\/wp\/v2\/product_cat?post=23919"},{"taxonomy":"product_tag","embeddable":true,"href":"https:\/\/vitablanca.ma\/ar\/wp-json\/wp\/v2\/product_tag?post=23919"}],"curies":[{"name":"wp","href":"https:\/\/api.w.org\/{rel}","templated":true}]}}