{"id":23829,"date":"2025-07-10T18:34:42","date_gmt":"2025-07-10T18:34:42","guid":{"rendered":"https:\/\/vitablanca.ma\/product\/balea-creme-pour-le-visage-vitamine-c\/"},"modified":"2026-01-25T18:18:41","modified_gmt":"2026-01-25T18:18:41","slug":"balea-creme-pour-le-visage-vitamine-c","status":"publish","type":"product","link":"https:\/\/vitablanca.ma\/ar\/product-2\/balea-creme-pour-le-visage-vitamine-c\/","title":{"rendered":"\u0628\u0627\u0644\u064a\u0627 \u2013 \u0643\u0631\u064a\u0645 \u0641\u064a\u062a\u0627\u0645\u064a\u0646 \u0633\u064a \u0644\u0644\u0648\u062c\u0647"},"content":{"rendered":"<h3>\u064a\u062d\u0645\u064a \u0648\u064a\u0631\u0637\u0628 \u0648\u064a\u0646\u0639\u0634 \u0625\u0634\u0631\u0627\u0642\u0629 \u0627\u0644\u0628\u0634\u0631\u0629 \u0627\u0644\u0637\u0628\u064a\u0639\u064a\u0629 \ud83d\udca7\ud83c\udf1e\ud83c\udf1f<\/h3>\n<ul>\n<li>\u0646\u0648\u0639 \u0627\u0644\u0628\u0634\u0631\u0629: \u0639\u0627\u062f\u064a\u0629<\/li>\n<li>Zone d\u2019application : Visage<\/li>\n<li>\u0645\u0645\u064a\u0632\u0627\u062a \u0627\u0644\u0645\u0646\u062a\u062c: \u062e\u0627\u0644\u064a \u0645\u0646 \u0627\u0644\u0643\u062d\u0648\u0644\u060c \u062e\u0627\u0644\u064a \u0645\u0646 \u0627\u0644\u0645\u0644\u0648\u0646\u0627\u062a\u060c \u062e\u0627\u0644\u064a \u0645\u0646 \u0627\u0644\u062c\u0633\u064a\u0645\u0627\u062a \u0627\u0644\u0646\u0627\u0646\u0648\u064a\u0629\u060c \u062e\u0627\u0644\u064a \u0645\u0646 \u0627\u0644\u0628\u0627\u0631\u0627\u0628\u064a\u0646\u060c \u062e\u0627\u0644\u064a \u0645\u0646 \u0627\u0644\u0628\u0627\u0631\u0627\u0641\u064a\u0646\/\u0627\u0644\u0632\u064a\u0648\u062a \u0627\u0644\u0645\u0639\u062f\u0646\u064a\u0629<\/li>\n<li>\u0639\u0627\u0645\u0644 \u0627\u0644\u062d\u0645\u0627\u064a\u0629 \u0645\u0646 \u0627\u0644\u0634\u0645\u0633 \u0627\u0644\u0645\u062a\u0636\u0645\u0646: 15<\/li>\n<li>\u0627\u0644\u0645\u0644\u0645\u0633 \/ \u0627\u0644\u0627\u062a\u0633\u0627\u0642 \/ \u0627\u0644\u062a\u0637\u0628\u064a\u0642: \u0643\u0631\u064a\u0645 \/ \u0645\u0648\u0633<\/li>\n<li>\u064a\u0639\u0645\u0644 \u0641\u064a\u062a\u0627\u0645\u064a\u0646 C \u0639\u0644\u0649 \u062a\u0639\u0632\u064a\u0632 \u0625\u0646\u062a\u0627\u062c \u0627\u0644\u0643\u0648\u0644\u0627\u062c\u064a\u0646\u00b9.<\/li>\n<li>\u0645\u0639 \u0639\u0627\u0645\u0644 \u062d\u0645\u0627\u064a\u0629 \u0645\u0646 \u0627\u0644\u0634\u0645\u0633 SPF15<\/li>\n<li>\u00c9clat & hydratation pour un \u00e9clat frais et un teint uniforme<\/li>\n<li>Formule sans microplastiques & sans polym\u00e8res purement synth\u00e9tiques solubles dans l\u2019eau<\/li>\n<li>\u062a\u0645 \u062a\u0623\u0643\u064a\u062f \u062a\u062d\u0645\u0644 \u0627\u0644\u062c\u0644\u062f \u062a\u062d\u062a \u0625\u0634\u0631\u0627\u0641 \u0637\u0628\u064a\u0628 \u0627\u0644\u062c\u0644\u062f\u064a\u0629<\/li>\n<li>\u0627\u0644\u062d\u062c\u0645: 50 \u0645\u0644<\/li>\n<\/ul>\n<h4><strong><span style=\"font-size: 11pt; line-height: 104%; font-family: 'Segoe UI Emoji', sans-serif;\">\ud83d\udccc<\/span><span lang=\"EN-US\" style=\"font-size: 11pt; line-height: 104%; font-family: Arial, sans-serif;\"> \u0648\u0635\u0641 \u0627\u0644\u0645\u0646\u062a\u062c <\/span><\/strong><\/h4>\n<p>Un teint \u00e9clatant : la vitamine C de Balea donne \u00e0 la peau un aspect \u00e9clatant et frais. La combinaison de substances actives avec la VITAMINE C assure un teint \u00e9clatant et un grain de peau uniforme. La VITAMINE C prot\u00e8ge \u00e9galement contre les radicaux libres et soutient la production de collag\u00e8ne\u00b9 \u2013 pour une peau lisse et ferme. La formulation hydrate intens\u00e9ment la peau.<\/p>\n<h4><strong><span style=\"font-size: 11pt; line-height: 104%; font-family: 'Segoe UI Emoji', sans-serif;\">\ud83d\udca1<\/span><span lang=\"EN-US\" style=\"font-size: 11pt; line-height: 104%; font-family: Arial, sans-serif;\"> \u0637\u0631\u064a\u0642\u0629 \u0627\u0644\u0627\u0633\u062a\u062e\u062f\u0627\u0645 <\/span><\/strong><\/h4>\n<p>\u0636\u0639\u064a\u0647 \u0635\u0628\u0627\u062d\u064b\u0627 \u0639\u0644\u0649 \u0627\u0644\u0648\u062c\u0647 \u0648\u0627\u0644\u0631\u0642\u0628\u0629 \u0648\u0645\u0646\u0637\u0642\u0629 \u0627\u0644\u0635\u062f\u0631 \u0628\u0639\u062f \u062a\u0646\u0638\u064a\u0641\u0647\u0645\u0627. \u062f\u0644\u0643\u064a\u0647 \u0628\u0644\u0637\u0641 \u0644\u0627\u0645\u062a\u0635\u0627\u0635\u0647. \u062a\u062c\u0646\u0628\u064a \u0645\u0646\u0637\u0642\u0629 \u0627\u0644\u0639\u064a\u0646\u064a\u0646. \u0645\u062b\u0627\u0644\u064a \u0643\u0623\u0633\u0627\u0633 \u0644\u0644\u0645\u0643\u064a\u0627\u062c.<\/p>","protected":false},"excerpt":{"rendered":"<p>Prot\u00e8ge, hydrate et ravive l\u2019\u00e9clat naturel de la peau \ud83d\udca7\ud83c\udf1e\ud83c\udf1f Type de peau : normale Zone d\u2019application : Visage Caract\u00e9ristiques du produit : Sans alcool, Sans colorant, Sans nanoparticules, Sans parab\u00e8ne, Sans paraffine \/ huiles min\u00e9rales Facteur de protection solaire inclus : 15 Texture \/ Consistance \/ Application : Cr\u00e8me \/ Mousse La vitamine C [&hellip;]<\/p>\n","protected":false},"featured_media":23826,"template":"","meta":[],"product_brand":[3236],"product_cat":[18],"product_tag":[3237,3240,3238,3239,6403,3241,6405,6404,6094,6407,6230,5863,6406,470],"class_list":{"0":"post-23829","1":"product","2":"type-product","3":"status-publish","4":"has-post-thumbnail","6":"product_brand-balea-dm-prix-maroc","7":"product_cat-beaute-sante","8":"product_tag-balea","9":"product_tag-balea-dm","10":"product_tag-balea-maroc","11":"product_tag-balea-morocco","12":"product_tag-creme-visage","13":"product_tag-dm-maroc","14":"product_tag-eclat-peau","15":"product_tag-hydratation-visage","16":"product_tag-peau-lumineuse","17":"product_tag-routine-matinale","18":"product_tag-soin-quotidien","19":"product_tag-soin-visage","20":"product_tag-texture-legere","21":"product_tag-vitamine-c","23":"first","24":"instock","25":"taxable","26":"shipping-taxable","27":"purchasable","28":"product-type-simple"},"yoast_head":"<!-- This site is optimized with the Yoast SEO plugin v27.6 - https:\/\/yoast.com\/product\/yoast-seo-wordpress\/ -->\n<title>Balea - Cr\u00e8me pour le visage Vitamine C - Maroc Prix<\/title>\n<meta name=\"description\" content=\"Balea Cr\u00e8me Visage Vitamine C illumine le teint, hydrate intens\u00e9ment et prot\u00e8ge la peau. Convient \u00e0 tous types de peau pour un visage frais et lumineux.\" \/>\n<meta name=\"robots\" content=\"index, follow, max-snippet:-1, max-image-preview:large, max-video-preview:-1\" \/>\n<link rel=\"canonical\" href=\"https:\/\/vitablanca.ma\/ar\/product-2\/balea-creme-pour-le-visage-vitamine-c\/\" \/>\n<meta property=\"og:locale\" content=\"ar_AR\" \/>\n<meta property=\"og:type\" content=\"article\" \/>\n<meta property=\"og:title\" content=\"Balea - Cr\u00e8me pour le visage Vitamine C - Maroc Prix\" \/>\n<meta property=\"og:description\" content=\"Balea Cr\u00e8me Visage Vitamine C illumine le teint, hydrate intens\u00e9ment et prot\u00e8ge la peau. Convient \u00e0 tous types de peau pour un visage frais et lumineux.\" \/>\n<meta property=\"og:url\" content=\"https:\/\/vitablanca.ma\/ar\/product-2\/balea-creme-pour-le-visage-vitamine-c\/\" \/>\n<meta property=\"og:site_name\" content=\"Vitablanca.ma &ndash; Sant&eacute;, vitalit&eacute; et bien-&ecirc;tre pour tous les Marocains\" \/>\n<meta property=\"article:publisher\" content=\"https:\/\/www.facebook.com\/profile.php?id=61576678196717\" \/>\n<meta property=\"article:modified_time\" content=\"2026-01-25T18:18:41+00:00\" \/>\n<meta property=\"og:image\" content=\"https:\/\/vitablanca.ma\/wp-content\/uploads\/2025\/07\/4066447240436-1291303137.png\" \/>\n\t<meta property=\"og:image:width\" content=\"1200\" \/>\n\t<meta property=\"og:image:height\" content=\"1199\" \/>\n\t<meta property=\"og:image:type\" content=\"image\/png\" \/>\n<meta name=\"twitter:card\" content=\"summary_large_image\" \/>\n<meta name=\"twitter:label1\" content=\"\u0648\u0642\u062a \u0627\u0644\u0642\u0631\u0627\u0621\u0629 \u0627\u0644\u0645\u064f\u0642\u062f\u0651\u0631\" \/>\n\t<meta name=\"twitter:data1\" content=\"\u062f\u0642\u064a\u0642\u062a\u0627\u0646\" \/>\n<script type=\"application\/ld+json\" class=\"yoast-schema-graph\">{\"@context\":\"https:\\\/\\\/schema.org\",\"@graph\":[{\"@type\":[\"WebPage\",\"ItemPage\"],\"@id\":\"https:\\\/\\\/vitablanca.ma\\\/produit\\\/balea-creme-pour-le-visage-vitamine-c\\\/\",\"url\":\"https:\\\/\\\/vitablanca.ma\\\/produit\\\/balea-creme-pour-le-visage-vitamine-c\\\/\",\"name\":\"Balea - Cr\u00e8me pour le visage Vitamine C - Maroc Prix\",\"isPartOf\":{\"@id\":\"https:\\\/\\\/vitablanca.ma\\\/#website\"},\"primaryImageOfPage\":{\"@id\":\"https:\\\/\\\/vitablanca.ma\\\/produit\\\/balea-creme-pour-le-visage-vitamine-c\\\/#primaryimage\"},\"image\":{\"@id\":\"https:\\\/\\\/vitablanca.ma\\\/produit\\\/balea-creme-pour-le-visage-vitamine-c\\\/#primaryimage\"},\"thumbnailUrl\":\"https:\\\/\\\/vitablanca.ma\\\/wp-content\\\/uploads\\\/2025\\\/07\\\/4066447240436-1291303137.png\",\"datePublished\":\"2025-07-10T18:34:42+00:00\",\"dateModified\":\"2026-01-25T18:18:41+00:00\",\"description\":\"Balea Cr\u00e8me Visage Vitamine C illumine le teint, hydrate intens\u00e9ment et prot\u00e8ge la peau. Convient \u00e0 tous types de peau pour un visage frais et lumineux.\",\"breadcrumb\":{\"@id\":\"https:\\\/\\\/vitablanca.ma\\\/produit\\\/balea-creme-pour-le-visage-vitamine-c\\\/#breadcrumb\"},\"inLanguage\":\"ar\",\"potentialAction\":[{\"@type\":\"ReadAction\",\"target\":[\"https:\\\/\\\/vitablanca.ma\\\/produit\\\/balea-creme-pour-le-visage-vitamine-c\\\/\"]}]},{\"@type\":\"ImageObject\",\"inLanguage\":\"ar\",\"@id\":\"https:\\\/\\\/vitablanca.ma\\\/produit\\\/balea-creme-pour-le-visage-vitamine-c\\\/#primaryimage\",\"url\":\"https:\\\/\\\/vitablanca.ma\\\/wp-content\\\/uploads\\\/2025\\\/07\\\/4066447240436-1291303137.png\",\"contentUrl\":\"https:\\\/\\\/vitablanca.ma\\\/wp-content\\\/uploads\\\/2025\\\/07\\\/4066447240436-1291303137.png\",\"width\":1200,\"height\":1199},{\"@type\":\"BreadcrumbList\",\"@id\":\"https:\\\/\\\/vitablanca.ma\\\/produit\\\/balea-creme-pour-le-visage-vitamine-c\\\/#breadcrumb\",\"itemListElement\":[{\"@type\":\"ListItem\",\"position\":1,\"name\":\"Home\",\"item\":\"https:\\\/\\\/vitablanca.ma\\\/\"},{\"@type\":\"ListItem\",\"position\":2,\"name\":\"Tous Les Produits\",\"item\":\"https:\\\/\\\/vitablanca.ma\\\/tous-les-produits\\\/\"},{\"@type\":\"ListItem\",\"position\":3,\"name\":\"Balea &#8211; Cr\u00e8me pour le visage Vitamine C\"}]},{\"@type\":\"WebSite\",\"@id\":\"https:\\\/\\\/vitablanca.ma\\\/#website\",\"url\":\"https:\\\/\\\/vitablanca.ma\\\/\",\"name\":\"VitaBlanca.ma | Compl\u00e9ments alimentaires, sant\u00e9 & beaut\u00e9 au Maroc\",\"description\":\"vendre vitamines et compl\u00e9ments premium des USA &amp; Canada, Nouvelle Z\u00e9lande,Maroc (NOW Foods, Solgar, Manuka). Livraison rapide partout au Maroc.\",\"publisher\":{\"@id\":\"https:\\\/\\\/vitablanca.ma\\\/#organization\"},\"alternateName\":\"VitaBlanca.ma\",\"potentialAction\":[{\"@type\":\"SearchAction\",\"target\":{\"@type\":\"EntryPoint\",\"urlTemplate\":\"https:\\\/\\\/vitablanca.ma\\\/?s={search_term_string}\"},\"query-input\":{\"@type\":\"PropertyValueSpecification\",\"valueRequired\":true,\"valueName\":\"search_term_string\"}}],\"inLanguage\":\"ar\"},{\"@type\":\"Organization\",\"@id\":\"https:\\\/\\\/vitablanca.ma\\\/#organization\",\"name\":\"VitaBlanca\",\"url\":\"https:\\\/\\\/vitablanca.ma\\\/\",\"logo\":{\"@type\":\"ImageObject\",\"inLanguage\":\"ar\",\"@id\":\"https:\\\/\\\/vitablanca.ma\\\/#\\\/schema\\\/logo\\\/image\\\/\",\"url\":\"https:\\\/\\\/vitablanca.ma\\\/wp-content\\\/uploads\\\/2025\\\/05\\\/cropped-vitablanca.png\",\"contentUrl\":\"https:\\\/\\\/vitablanca.ma\\\/wp-content\\\/uploads\\\/2025\\\/05\\\/cropped-vitablanca.png\",\"width\":360,\"height\":67,\"caption\":\"VitaBlanca\"},\"image\":{\"@id\":\"https:\\\/\\\/vitablanca.ma\\\/#\\\/schema\\\/logo\\\/image\\\/\"},\"sameAs\":[\"https:\\\/\\\/www.facebook.com\\\/profile.php?id=61576678196717\",\"https:\\\/\\\/www.tiktok.com\\\/@vitablanca.ma\",\"https:\\\/\\\/www.instagram.com\\\/vitablanca.ma\\\/\"]}]}<\/script>\n<!-- \/ Yoast SEO plugin. -->","yoast_head_json":{"title":"\u0628\u0627\u0644\u064a\u0627 - \u0643\u0631\u064a\u0645 \u0641\u064a\u062a\u0627\u0645\u064a\u0646 \u0633\u064a \u0644\u0644\u0648\u062c\u0647 - \u0633\u0639\u0631 \u0627\u0644\u0645\u063a\u0631\u0628","description":"Balea Cr\u00e8me Visage Vitamine C illumine le teint, hydrate intens\u00e9ment et prot\u00e8ge la peau. Convient \u00e0 tous types de peau pour un visage frais et lumineux.","robots":{"index":"index","follow":"follow","max-snippet":"max-snippet:-1","max-image-preview":"max-image-preview:large","max-video-preview":"max-video-preview:-1"},"canonical":"https:\/\/vitablanca.ma\/ar\/product-2\/balea-creme-pour-le-visage-vitamine-c\/","og_locale":"ar_AR","og_type":"article","og_title":"Balea - Cr\u00e8me pour le visage Vitamine C - Maroc Prix","og_description":"Balea Cr\u00e8me Visage Vitamine C illumine le teint, hydrate intens\u00e9ment et prot\u00e8ge la peau. Convient \u00e0 tous types de peau pour un visage frais et lumineux.","og_url":"https:\/\/vitablanca.ma\/ar\/product-2\/balea-creme-pour-le-visage-vitamine-c\/","og_site_name":"Vitablanca.ma &ndash; Sant&eacute;, vitalit&eacute; et bien-&ecirc;tre pour tous les Marocains","article_publisher":"https:\/\/www.facebook.com\/profile.php?id=61576678196717","article_modified_time":"2026-01-25T18:18:41+00:00","og_image":[{"width":1200,"height":1199,"url":"https:\/\/vitablanca.ma\/wp-content\/uploads\/2025\/07\/4066447240436-1291303137.png","type":"image\/png"}],"twitter_card":"summary_large_image","twitter_misc":{"\u0648\u0642\u062a \u0627\u0644\u0642\u0631\u0627\u0621\u0629 \u0627\u0644\u0645\u064f\u0642\u062f\u0651\u0631":"\u062f\u0642\u064a\u0642\u062a\u0627\u0646"},"schema":{"@context":"https:\/\/schema.org","@graph":[{"@type":["WebPage","ItemPage"],"@id":"https:\/\/vitablanca.ma\/produit\/balea-creme-pour-le-visage-vitamine-c\/","url":"https:\/\/vitablanca.ma\/produit\/balea-creme-pour-le-visage-vitamine-c\/","name":"\u0628\u0627\u0644\u064a\u0627 - \u0643\u0631\u064a\u0645 \u0641\u064a\u062a\u0627\u0645\u064a\u0646 \u0633\u064a \u0644\u0644\u0648\u062c\u0647 - \u0633\u0639\u0631 \u0627\u0644\u0645\u063a\u0631\u0628","isPartOf":{"@id":"https:\/\/vitablanca.ma\/#website"},"primaryImageOfPage":{"@id":"https:\/\/vitablanca.ma\/produit\/balea-creme-pour-le-visage-vitamine-c\/#primaryimage"},"image":{"@id":"https:\/\/vitablanca.ma\/produit\/balea-creme-pour-le-visage-vitamine-c\/#primaryimage"},"thumbnailUrl":"https:\/\/vitablanca.ma\/wp-content\/uploads\/2025\/07\/4066447240436-1291303137.png","datePublished":"2025-07-10T18:34:42+00:00","dateModified":"2026-01-25T18:18:41+00:00","description":"Balea Cr\u00e8me Visage Vitamine C illumine le teint, hydrate intens\u00e9ment et prot\u00e8ge la peau. Convient \u00e0 tous types de peau pour un visage frais et lumineux.","breadcrumb":{"@id":"https:\/\/vitablanca.ma\/produit\/balea-creme-pour-le-visage-vitamine-c\/#breadcrumb"},"inLanguage":"ar","potentialAction":[{"@type":"ReadAction","target":["https:\/\/vitablanca.ma\/produit\/balea-creme-pour-le-visage-vitamine-c\/"]}]},{"@type":"ImageObject","inLanguage":"ar","@id":"https:\/\/vitablanca.ma\/produit\/balea-creme-pour-le-visage-vitamine-c\/#primaryimage","url":"https:\/\/vitablanca.ma\/wp-content\/uploads\/2025\/07\/4066447240436-1291303137.png","contentUrl":"https:\/\/vitablanca.ma\/wp-content\/uploads\/2025\/07\/4066447240436-1291303137.png","width":1200,"height":1199},{"@type":"BreadcrumbList","@id":"https:\/\/vitablanca.ma\/produit\/balea-creme-pour-le-visage-vitamine-c\/#breadcrumb","itemListElement":[{"@type":"ListItem","position":1,"name":"Home","item":"https:\/\/vitablanca.ma\/"},{"@type":"ListItem","position":2,"name":"Tous Les Produits","item":"https:\/\/vitablanca.ma\/tous-les-produits\/"},{"@type":"ListItem","position":3,"name":"Balea &#8211; Cr\u00e8me pour le visage Vitamine C"}]},{"@type":"WebSite","@id":"https:\/\/vitablanca.ma\/#website","url":"https:\/\/vitablanca.ma\/","name":"VitaBlanca.ma | \u0627\u0644\u0645\u0643\u0645\u0644\u0627\u062a \u0627\u0644\u063a\u0630\u0627\u0626\u064a\u0629\u060c \u0627\u0644\u0635\u062d\u0629 \u0648\u0627\u0644\u062c\u0645\u0627\u0644 \u0641\u064a \u0627\u0644\u0645\u063a\u0631\u0628","description":"\u0646\u0628\u064a\u0639 \u0641\u064a\u062a\u0627\u0645\u064a\u0646\u0627\u062a \u0648\u0645\u0643\u0645\u0644\u0627\u062a \u063a\u0630\u0627\u0626\u064a\u0629 \u0641\u0627\u062e\u0631\u0629 \u0645\u0646 \u0627\u0644\u0648\u0644\u0627\u064a\u0627\u062a \u0627\u0644\u0645\u062a\u062d\u062f\u0629 \u0627\u0644\u0623\u0645\u0631\u064a\u0643\u064a\u0629 \u0648\u0643\u0646\u062f\u0627 \u0648\u0646\u064a\u0648\u0632\u064a\u0644\u0646\u062f\u0627 \u0648\u0627\u0644\u0645\u063a\u0631\u0628 (\u0646\u0627\u0648 \u0641\u0648\u062f\u0632\u060c \u0633\u0648\u0644\u062c\u0627\u0631\u060c \u0645\u0627\u0646\u0648\u0643\u0627). \u062a\u0648\u0635\u064a\u0644 \u0633\u0631\u064a\u0639 \u0625\u0644\u0649 \u062c\u0645\u064a\u0639 \u0623\u0646\u062d\u0627\u0621 \u0627\u0644\u0645\u063a\u0631\u0628.","publisher":{"@id":"https:\/\/vitablanca.ma\/#organization"},"alternateName":"VitaBlanca.ma","potentialAction":[{"@type":"SearchAction","target":{"@type":"EntryPoint","urlTemplate":"https:\/\/vitablanca.ma\/?s={search_term_string}"},"query-input":{"@type":"PropertyValueSpecification","valueRequired":true,"valueName":"search_term_string"}}],"inLanguage":"ar"},{"@type":"Organization","@id":"https:\/\/vitablanca.ma\/#organization","name":"\u0641\u064a\u062a\u0627\u0628\u0644\u0627\u0646\u0643\u0627","url":"https:\/\/vitablanca.ma\/","logo":{"@type":"ImageObject","inLanguage":"ar","@id":"https:\/\/vitablanca.ma\/#\/schema\/logo\/image\/","url":"https:\/\/vitablanca.ma\/wp-content\/uploads\/2025\/05\/cropped-vitablanca.png","contentUrl":"https:\/\/vitablanca.ma\/wp-content\/uploads\/2025\/05\/cropped-vitablanca.png","width":360,"height":67,"caption":"VitaBlanca"},"image":{"@id":"https:\/\/vitablanca.ma\/#\/schema\/logo\/image\/"},"sameAs":["https:\/\/www.facebook.com\/profile.php?id=61576678196717","https:\/\/www.tiktok.com\/@vitablanca.ma","https:\/\/www.instagram.com\/vitablanca.ma\/"]}]}},"jetpack_sharing_enabled":true,"_links":{"self":[{"href":"https:\/\/vitablanca.ma\/ar\/wp-json\/wp\/v2\/product\/23829","targetHints":{"allow":["GET"]}}],"collection":[{"href":"https:\/\/vitablanca.ma\/ar\/wp-json\/wp\/v2\/product"}],"about":[{"href":"https:\/\/vitablanca.ma\/ar\/wp-json\/wp\/v2\/types\/product"}],"wp:featuredmedia":[{"embeddable":true,"href":"https:\/\/vitablanca.ma\/ar\/wp-json\/wp\/v2\/media\/23826"}],"wp:attachment":[{"href":"https:\/\/vitablanca.ma\/ar\/wp-json\/wp\/v2\/media?parent=23829"}],"wp:term":[{"taxonomy":"product_brand","embeddable":true,"href":"https:\/\/vitablanca.ma\/ar\/wp-json\/wp\/v2\/product_brand?post=23829"},{"taxonomy":"product_cat","embeddable":true,"href":"https:\/\/vitablanca.ma\/ar\/wp-json\/wp\/v2\/product_cat?post=23829"},{"taxonomy":"product_tag","embeddable":true,"href":"https:\/\/vitablanca.ma\/ar\/wp-json\/wp\/v2\/product_tag?post=23829"}],"curies":[{"name":"wp","href":"https:\/\/api.w.org\/{rel}","templated":true}]}}