{"id":23782,"date":"2025-07-10T18:29:32","date_gmt":"2025-07-10T18:29:32","guid":{"rendered":"https:\/\/vitablanca.ma\/product\/cure-express-huile-reparatrice-intensive-20-ml\/"},"modified":"2026-01-27T21:14:17","modified_gmt":"2026-01-27T21:14:17","slug":"cure-express-huile-reparatrice-intensive-20-ml","status":"publish","type":"product","link":"https:\/\/vitablanca.ma\/ar\/product-2\/cure-express-huile-reparatrice-intensive-20-ml\/","title":{"rendered":"\u0632\u064a\u062a \u0627\u0644\u0625\u0635\u0644\u0627\u062d \u0627\u0644\u0645\u0643\u062b\u0641 \u0625\u0643\u0633\u0628\u0631\u064a\u0633 \u0643\u064a\u0648\u0631\u060c 20 \u0645\u0644"},"content":{"rendered":"<ul data-mce-fragment=\"1\">\n<li data-mce-fragment=\"1\"><span data-mce-fragment=\"1\">\u0646\u0648\u0639 \u0627\u0644\u0634\u0639\u0631: \u0634\u0639\u0631 \u062c\u0627\u0641.<\/span><\/li>\n<li data-mce-fragment=\"1\"><span data-mce-fragment=\"1\">\u0627\u0644\u062a\u0623\u062b\u064a\u0631: \u0633\u0647\u0648\u0644\u0629 \u0627\u0644\u062a\u0635\u0641\u064a\u0641 \u0648\u0627\u0644\u0639\u0646\u0627\u064a\u0629.<\/span><\/li>\n<li data-mce-fragment=\"1\"><span data-mce-fragment=\"1\">\u062e\u0635\u0627\u0626\u0635 \u0627\u0644\u0645\u0646\u062a\u062c: \u062e\u0627\u0644\u064a \u0645\u0646 \u0627\u0644\u0643\u062d\u0648\u0644\u060c \u062e\u0627\u0644\u064a \u0645\u0646 \u0627\u0644\u0633\u064a\u0644\u064a\u0643\u0648\u0646\u060c \u062e\u0627\u0644\u064a \u0645\u0646 \u0627\u0644\u0643\u0628\u0631\u064a\u062a\u0627\u062a.<\/span><\/li>\n<li data-mce-fragment=\"1\"><span data-mce-fragment=\"1\">\u062a\u0631\u0643\u064a\u0628\u0629 \u0627\u0644\u0639\u0646\u0627\u064a\u0629 \u0645\u0639 \u0645\u0631\u0643\u0628 \u062b\u0644\u0627\u062b\u064a \u0627\u0644\u0632\u064a\u0648\u062a \u0648\u0627\u0644\u0643\u064a\u0631\u0627\u062a\u064a\u0646.<\/span><\/li>\n<li data-mce-fragment=\"1\"><span data-mce-fragment=\"1\">\u0644\u0644\u0634\u0639\u0631 \u0627\u0644\u062a\u0627\u0644\u0641 \u0648\u0627\u0644\u062c\u0627\u0641 \u0644\u0644\u063a\u0627\u064a\u0629.<\/span><\/li>\n<li data-mce-fragment=\"1\"><span data-mce-fragment=\"1\">\u062e\u0627\u0644\u064a\u0629 \u0645\u0646 \u0627\u0644\u0633\u064a\u0644\u064a\u0643\u0648\u0646.<\/span><\/li>\n<\/ul>\n<p data-mce-fragment=\"1\">\n<p data-mce-fragment=\"1\"><span data-mce-fragment=\"1\">\u064a\u064f\u0635\u0644\u062d \u0632\u064a\u062a \u0628\u0627\u0644\u064a\u0627 \u0628\u0631\u0648\u0641\u064a\u0634\u0646\u0627\u0644 \u0625\u0643\u0633\u0628\u0631\u064a\u0633 \u0643\u0648\u0631 \u0627\u0644\u0645\u0643\u062b\u0641 \u0644\u0625\u0635\u0644\u0627\u062d \u0627\u0644\u0634\u0639\u0631 \u0627\u0644\u062a\u0627\u0644\u0641 \u0648\u064a\u064f\u062d\u0633\u0651\u0646 \u0641\u0643 \u062a\u0634\u0627\u0628\u0643\u0647. \u062a\u0631\u0643\u064a\u0628\u062a\u0647 \u063a\u0646\u064a\u0629 \u0628\u0645\u0631\u0643\u0628 \u062b\u0644\u0627\u062b\u064a \u0627\u0644\u0632\u064a\u0648\u062a \u0648\u0627\u0644\u0643\u064a\u0631\u0627\u062a\u064a\u0646\u060c \u0645\u0645\u0627 \u064a\u062c\u0639\u0644\u0647 \u0645\u062b\u0627\u0644\u064a\u064b\u0627 \u0644\u0644\u0634\u0639\u0631 \u0627\u0644\u062a\u0627\u0644\u0641.<\/span><\/p>\n<p data-mce-fragment=\"1\"><span data-mce-fragment=\"1\">\u0625\u0630\u0627 \u0644\u0632\u0645 \u0627\u0644\u0623\u0645\u0631\u060c \u0648\u0632\u0651\u0639\u064a\u0647 \u0628\u0631\u0641\u0642 \u0639\u0644\u0649 \u0627\u0644\u0634\u0639\u0631 \u0627\u0644\u0645\u0628\u0644\u0644 \u0648\u0623\u0637\u0631\u0627\u0641\u0647. \u0627\u062a\u0631\u0643\u064a\u0647 \u0644\u0641\u062a\u0631\u0629 \u0648\u062c\u064a\u0632\u0629 \u062b\u0645 \u0627\u0634\u0637\u0641\u064a\u0647 \u062c\u064a\u062f\u064b\u0627.<\/span><\/p>","protected":false},"excerpt":{"rendered":"<p>Type de cheveux:Cheveux secs. Effet:Facilit\u00e9 de coiffage, soin. Propri\u00e9t\u00e9s du produit:Sans alcool, Sans silicone, Sans sulfate. formule de soin avec un complexe d&rsquo;huile triple et de la k\u00e9ratine. pour cheveux extr\u00eamement ab\u00eem\u00e9s et secs. sans silicone. Le Balea Professional Express Kur Oil Repair Intensiv r\u00e9pare les cheveux ab\u00eem\u00e9s et am\u00e9liore leur d\u00e9m\u00ealage. La formule contient [&hellip;]<\/p>\n","protected":false},"featured_media":23779,"template":"","meta":{"om_disable_all_campaigns":false},"product_brand":[3236],"product_cat":[18],"product_tag":[3237,3240,3238,3239,6474,3241,5764,6477,5777,6475,3427,6476,5772],"class_list":{"0":"post-23782","1":"product","2":"type-product","3":"status-publish","4":"has-post-thumbnail","6":"product_brand-balea-dm-prix-maroc","7":"product_cat-beaute-sante","8":"product_tag-balea","9":"product_tag-balea-dm","10":"product_tag-balea-maroc","11":"product_tag-balea-morocco","12":"product_tag-cure-express-huile-reparatrice","13":"product_tag-dm-maroc","14":"product_tag-huile-capillaire-maroc","15":"product_tag-huile-cheveux-abimes","16":"product_tag-huile-nourrissante-cheveux","17":"product_tag-huile-reparatrice-cheveux","18":"product_tag-reparation-cheveux","19":"product_tag-soin-capillaire-intensif","20":"product_tag-soin-cheveux-secs","22":"first","23":"instock","24":"taxable","25":"shipping-taxable","26":"purchasable","27":"product-type-simple"},"yoast_head":"<!-- This site is optimized with the Yoast SEO plugin v27.4 - https:\/\/yoast.com\/product\/yoast-seo-wordpress\/ -->\n<title>Cure Express Huile R\u00e9paratrice Intensive 20 ml - Maroc Prix<\/title>\n<meta name=\"description\" content=\"Cure Express Huile R\u00e9paratrice Intensive 20 ml nourrit, r\u00e9pare et prot\u00e8ge les cheveux ab\u00eem\u00e9s. Soin intensif pour cheveux secs et fragilis\u00e9s.\" \/>\n<meta name=\"robots\" content=\"index, follow, max-snippet:-1, max-image-preview:large, max-video-preview:-1\" \/>\n<link rel=\"canonical\" href=\"https:\/\/vitablanca.ma\/ar\/product-2\/cure-express-huile-reparatrice-intensive-20-ml\/\" \/>\n<meta property=\"og:locale\" content=\"ar_AR\" \/>\n<meta property=\"og:type\" content=\"article\" \/>\n<meta property=\"og:title\" content=\"Cure Express Huile R\u00e9paratrice Intensive 20 ml - Maroc Prix\" \/>\n<meta property=\"og:description\" content=\"Cure Express Huile R\u00e9paratrice Intensive 20 ml nourrit, r\u00e9pare et prot\u00e8ge les cheveux ab\u00eem\u00e9s. Soin intensif pour cheveux secs et fragilis\u00e9s.\" \/>\n<meta property=\"og:url\" content=\"https:\/\/vitablanca.ma\/ar\/product-2\/cure-express-huile-reparatrice-intensive-20-ml\/\" \/>\n<meta property=\"og:site_name\" content=\"Vitablanca.ma &ndash; Sant&eacute;, vitalit&eacute; et bien-&ecirc;tre pour tous les Marocains\" \/>\n<meta property=\"article:publisher\" content=\"https:\/\/www.facebook.com\/profile.php?id=61576678196717\" \/>\n<meta property=\"article:modified_time\" content=\"2026-01-27T21:14:17+00:00\" \/>\n<meta property=\"og:image\" content=\"https:\/\/vitablanca.ma\/wp-content\/uploads\/2025\/07\/4066447241167-45149967.png\" \/>\n\t<meta property=\"og:image:width\" content=\"1201\" \/>\n\t<meta property=\"og:image:height\" content=\"1200\" \/>\n\t<meta property=\"og:image:type\" content=\"image\/png\" \/>\n<meta name=\"twitter:card\" content=\"summary_large_image\" \/>\n<meta name=\"twitter:label1\" content=\"\u0648\u0642\u062a \u0627\u0644\u0642\u0631\u0627\u0621\u0629 \u0627\u0644\u0645\u064f\u0642\u062f\u0651\u0631\" \/>\n\t<meta name=\"twitter:data1\" content=\"\u062f\u0642\u064a\u0642\u0629 \u0648\u0627\u062d\u062f\u0629\" \/>\n<script type=\"application\/ld+json\" class=\"yoast-schema-graph\">{\"@context\":\"https:\\\/\\\/schema.org\",\"@graph\":[{\"@type\":[\"WebPage\",\"ItemPage\"],\"@id\":\"https:\\\/\\\/vitablanca.ma\\\/produit\\\/cure-express-huile-reparatrice-intensive-20-ml\\\/\",\"url\":\"https:\\\/\\\/vitablanca.ma\\\/produit\\\/cure-express-huile-reparatrice-intensive-20-ml\\\/\",\"name\":\"Cure Express Huile R\u00e9paratrice Intensive 20 ml - Maroc Prix\",\"isPartOf\":{\"@id\":\"https:\\\/\\\/vitablanca.ma\\\/#website\"},\"primaryImageOfPage\":{\"@id\":\"https:\\\/\\\/vitablanca.ma\\\/produit\\\/cure-express-huile-reparatrice-intensive-20-ml\\\/#primaryimage\"},\"image\":{\"@id\":\"https:\\\/\\\/vitablanca.ma\\\/produit\\\/cure-express-huile-reparatrice-intensive-20-ml\\\/#primaryimage\"},\"thumbnailUrl\":\"https:\\\/\\\/vitablanca.ma\\\/wp-content\\\/uploads\\\/2025\\\/07\\\/4066447241167-45149967.png\",\"datePublished\":\"2025-07-10T18:29:32+00:00\",\"dateModified\":\"2026-01-27T21:14:17+00:00\",\"description\":\"Cure Express Huile R\u00e9paratrice Intensive 20 ml nourrit, r\u00e9pare et prot\u00e8ge les cheveux ab\u00eem\u00e9s. Soin intensif pour cheveux secs et fragilis\u00e9s.\",\"breadcrumb\":{\"@id\":\"https:\\\/\\\/vitablanca.ma\\\/produit\\\/cure-express-huile-reparatrice-intensive-20-ml\\\/#breadcrumb\"},\"inLanguage\":\"ar\",\"potentialAction\":[{\"@type\":\"ReadAction\",\"target\":[\"https:\\\/\\\/vitablanca.ma\\\/produit\\\/cure-express-huile-reparatrice-intensive-20-ml\\\/\"]}]},{\"@type\":\"ImageObject\",\"inLanguage\":\"ar\",\"@id\":\"https:\\\/\\\/vitablanca.ma\\\/produit\\\/cure-express-huile-reparatrice-intensive-20-ml\\\/#primaryimage\",\"url\":\"https:\\\/\\\/vitablanca.ma\\\/wp-content\\\/uploads\\\/2025\\\/07\\\/4066447241167-45149967.png\",\"contentUrl\":\"https:\\\/\\\/vitablanca.ma\\\/wp-content\\\/uploads\\\/2025\\\/07\\\/4066447241167-45149967.png\",\"width\":1201,\"height\":1200},{\"@type\":\"BreadcrumbList\",\"@id\":\"https:\\\/\\\/vitablanca.ma\\\/produit\\\/cure-express-huile-reparatrice-intensive-20-ml\\\/#breadcrumb\",\"itemListElement\":[{\"@type\":\"ListItem\",\"position\":1,\"name\":\"Home\",\"item\":\"https:\\\/\\\/vitablanca.ma\\\/\"},{\"@type\":\"ListItem\",\"position\":2,\"name\":\"Tous Les Produits\",\"item\":\"https:\\\/\\\/vitablanca.ma\\\/tous-les-produits\\\/\"},{\"@type\":\"ListItem\",\"position\":3,\"name\":\"Cure express Huile r\u00e9paratrice intensive, 20 ml\"}]},{\"@type\":\"WebSite\",\"@id\":\"https:\\\/\\\/vitablanca.ma\\\/#website\",\"url\":\"https:\\\/\\\/vitablanca.ma\\\/\",\"name\":\"VitaBlanca.ma | Compl\u00e9ments alimentaires, sant\u00e9 & beaut\u00e9 au Maroc\",\"description\":\"vendre vitamines et compl\u00e9ments premium des USA &amp; Canada, Nouvelle Z\u00e9lande,Maroc (NOW Foods, Solgar, Manuka). Livraison rapide partout au Maroc.\",\"publisher\":{\"@id\":\"https:\\\/\\\/vitablanca.ma\\\/#organization\"},\"alternateName\":\"VitaBlanca.ma\",\"potentialAction\":[{\"@type\":\"SearchAction\",\"target\":{\"@type\":\"EntryPoint\",\"urlTemplate\":\"https:\\\/\\\/vitablanca.ma\\\/?s={search_term_string}\"},\"query-input\":{\"@type\":\"PropertyValueSpecification\",\"valueRequired\":true,\"valueName\":\"search_term_string\"}}],\"inLanguage\":\"ar\"},{\"@type\":\"Organization\",\"@id\":\"https:\\\/\\\/vitablanca.ma\\\/#organization\",\"name\":\"VitaBlanca\",\"url\":\"https:\\\/\\\/vitablanca.ma\\\/\",\"logo\":{\"@type\":\"ImageObject\",\"inLanguage\":\"ar\",\"@id\":\"https:\\\/\\\/vitablanca.ma\\\/#\\\/schema\\\/logo\\\/image\\\/\",\"url\":\"https:\\\/\\\/vitablanca.ma\\\/wp-content\\\/uploads\\\/2025\\\/05\\\/cropped-vitablanca.png\",\"contentUrl\":\"https:\\\/\\\/vitablanca.ma\\\/wp-content\\\/uploads\\\/2025\\\/05\\\/cropped-vitablanca.png\",\"width\":360,\"height\":67,\"caption\":\"VitaBlanca\"},\"image\":{\"@id\":\"https:\\\/\\\/vitablanca.ma\\\/#\\\/schema\\\/logo\\\/image\\\/\"},\"sameAs\":[\"https:\\\/\\\/www.facebook.com\\\/profile.php?id=61576678196717\",\"https:\\\/\\\/www.tiktok.com\\\/@vitablanca.ma\",\"https:\\\/\\\/www.instagram.com\\\/vitablanca.ma\\\/\"]}]}<\/script>\n<!-- \/ Yoast SEO plugin. -->","yoast_head_json":{"title":"Cure Express Huile R\u00e9paratrice Intensive 20 ml - Maroc Prix","description":"Cure Express Huile R\u00e9paratrice Intensive 20 ml nourrit, r\u00e9pare et prot\u00e8ge les cheveux ab\u00eem\u00e9s. Soin intensif pour cheveux secs et fragilis\u00e9s.","robots":{"index":"index","follow":"follow","max-snippet":"max-snippet:-1","max-image-preview":"max-image-preview:large","max-video-preview":"max-video-preview:-1"},"canonical":"https:\/\/vitablanca.ma\/ar\/product-2\/cure-express-huile-reparatrice-intensive-20-ml\/","og_locale":"ar_AR","og_type":"article","og_title":"Cure Express Huile R\u00e9paratrice Intensive 20 ml - Maroc Prix","og_description":"Cure Express Huile R\u00e9paratrice Intensive 20 ml nourrit, r\u00e9pare et prot\u00e8ge les cheveux ab\u00eem\u00e9s. Soin intensif pour cheveux secs et fragilis\u00e9s.","og_url":"https:\/\/vitablanca.ma\/ar\/product-2\/cure-express-huile-reparatrice-intensive-20-ml\/","og_site_name":"Vitablanca.ma &ndash; Sant&eacute;, vitalit&eacute; et bien-&ecirc;tre pour tous les Marocains","article_publisher":"https:\/\/www.facebook.com\/profile.php?id=61576678196717","article_modified_time":"2026-01-27T21:14:17+00:00","og_image":[{"width":1201,"height":1200,"url":"https:\/\/vitablanca.ma\/wp-content\/uploads\/2025\/07\/4066447241167-45149967.png","type":"image\/png"}],"twitter_card":"summary_large_image","twitter_misc":{"\u0648\u0642\u062a \u0627\u0644\u0642\u0631\u0627\u0621\u0629 \u0627\u0644\u0645\u064f\u0642\u062f\u0651\u0631":"\u062f\u0642\u064a\u0642\u0629 \u0648\u0627\u062d\u062f\u0629"},"schema":{"@context":"https:\/\/schema.org","@graph":[{"@type":["WebPage","ItemPage"],"@id":"https:\/\/vitablanca.ma\/produit\/cure-express-huile-reparatrice-intensive-20-ml\/","url":"https:\/\/vitablanca.ma\/produit\/cure-express-huile-reparatrice-intensive-20-ml\/","name":"Cure Express Huile R\u00e9paratrice Intensive 20 ml - Maroc Prix","isPartOf":{"@id":"https:\/\/vitablanca.ma\/#website"},"primaryImageOfPage":{"@id":"https:\/\/vitablanca.ma\/produit\/cure-express-huile-reparatrice-intensive-20-ml\/#primaryimage"},"image":{"@id":"https:\/\/vitablanca.ma\/produit\/cure-express-huile-reparatrice-intensive-20-ml\/#primaryimage"},"thumbnailUrl":"https:\/\/vitablanca.ma\/wp-content\/uploads\/2025\/07\/4066447241167-45149967.png","datePublished":"2025-07-10T18:29:32+00:00","dateModified":"2026-01-27T21:14:17+00:00","description":"Cure Express Huile R\u00e9paratrice Intensive 20 ml nourrit, r\u00e9pare et prot\u00e8ge les cheveux ab\u00eem\u00e9s. Soin intensif pour cheveux secs et fragilis\u00e9s.","breadcrumb":{"@id":"https:\/\/vitablanca.ma\/produit\/cure-express-huile-reparatrice-intensive-20-ml\/#breadcrumb"},"inLanguage":"ar","potentialAction":[{"@type":"ReadAction","target":["https:\/\/vitablanca.ma\/produit\/cure-express-huile-reparatrice-intensive-20-ml\/"]}]},{"@type":"ImageObject","inLanguage":"ar","@id":"https:\/\/vitablanca.ma\/produit\/cure-express-huile-reparatrice-intensive-20-ml\/#primaryimage","url":"https:\/\/vitablanca.ma\/wp-content\/uploads\/2025\/07\/4066447241167-45149967.png","contentUrl":"https:\/\/vitablanca.ma\/wp-content\/uploads\/2025\/07\/4066447241167-45149967.png","width":1201,"height":1200},{"@type":"BreadcrumbList","@id":"https:\/\/vitablanca.ma\/produit\/cure-express-huile-reparatrice-intensive-20-ml\/#breadcrumb","itemListElement":[{"@type":"ListItem","position":1,"name":"Home","item":"https:\/\/vitablanca.ma\/"},{"@type":"ListItem","position":2,"name":"Tous Les Produits","item":"https:\/\/vitablanca.ma\/tous-les-produits\/"},{"@type":"ListItem","position":3,"name":"Cure express Huile r\u00e9paratrice intensive, 20 ml"}]},{"@type":"WebSite","@id":"https:\/\/vitablanca.ma\/#website","url":"https:\/\/vitablanca.ma\/","name":"VitaBlanca.ma | \u0627\u0644\u0645\u0643\u0645\u0644\u0627\u062a \u0627\u0644\u063a\u0630\u0627\u0626\u064a\u0629\u060c \u0627\u0644\u0635\u062d\u0629 \u0648\u0627\u0644\u062c\u0645\u0627\u0644 \u0641\u064a \u0627\u0644\u0645\u063a\u0631\u0628","description":"\u0646\u0628\u064a\u0639 \u0641\u064a\u062a\u0627\u0645\u064a\u0646\u0627\u062a \u0648\u0645\u0643\u0645\u0644\u0627\u062a \u063a\u0630\u0627\u0626\u064a\u0629 \u0641\u0627\u062e\u0631\u0629 \u0645\u0646 \u0627\u0644\u0648\u0644\u0627\u064a\u0627\u062a \u0627\u0644\u0645\u062a\u062d\u062f\u0629 \u0627\u0644\u0623\u0645\u0631\u064a\u0643\u064a\u0629 \u0648\u0643\u0646\u062f\u0627 \u0648\u0646\u064a\u0648\u0632\u064a\u0644\u0646\u062f\u0627 \u0648\u0627\u0644\u0645\u063a\u0631\u0628 (\u0646\u0627\u0648 \u0641\u0648\u062f\u0632\u060c \u0633\u0648\u0644\u062c\u0627\u0631\u060c \u0645\u0627\u0646\u0648\u0643\u0627). \u062a\u0648\u0635\u064a\u0644 \u0633\u0631\u064a\u0639 \u0625\u0644\u0649 \u062c\u0645\u064a\u0639 \u0623\u0646\u062d\u0627\u0621 \u0627\u0644\u0645\u063a\u0631\u0628.","publisher":{"@id":"https:\/\/vitablanca.ma\/#organization"},"alternateName":"VitaBlanca.ma","potentialAction":[{"@type":"SearchAction","target":{"@type":"EntryPoint","urlTemplate":"https:\/\/vitablanca.ma\/?s={search_term_string}"},"query-input":{"@type":"PropertyValueSpecification","valueRequired":true,"valueName":"search_term_string"}}],"inLanguage":"ar"},{"@type":"Organization","@id":"https:\/\/vitablanca.ma\/#organization","name":"\u0641\u064a\u062a\u0627\u0628\u0644\u0627\u0646\u0643\u0627","url":"https:\/\/vitablanca.ma\/","logo":{"@type":"ImageObject","inLanguage":"ar","@id":"https:\/\/vitablanca.ma\/#\/schema\/logo\/image\/","url":"https:\/\/vitablanca.ma\/wp-content\/uploads\/2025\/05\/cropped-vitablanca.png","contentUrl":"https:\/\/vitablanca.ma\/wp-content\/uploads\/2025\/05\/cropped-vitablanca.png","width":360,"height":67,"caption":"VitaBlanca"},"image":{"@id":"https:\/\/vitablanca.ma\/#\/schema\/logo\/image\/"},"sameAs":["https:\/\/www.facebook.com\/profile.php?id=61576678196717","https:\/\/www.tiktok.com\/@vitablanca.ma","https:\/\/www.instagram.com\/vitablanca.ma\/"]}]}},"jetpack_sharing_enabled":true,"_links":{"self":[{"href":"https:\/\/vitablanca.ma\/ar\/wp-json\/wp\/v2\/product\/23782","targetHints":{"allow":["GET"]}}],"collection":[{"href":"https:\/\/vitablanca.ma\/ar\/wp-json\/wp\/v2\/product"}],"about":[{"href":"https:\/\/vitablanca.ma\/ar\/wp-json\/wp\/v2\/types\/product"}],"wp:featuredmedia":[{"embeddable":true,"href":"https:\/\/vitablanca.ma\/ar\/wp-json\/wp\/v2\/media\/23779"}],"wp:attachment":[{"href":"https:\/\/vitablanca.ma\/ar\/wp-json\/wp\/v2\/media?parent=23782"}],"wp:term":[{"taxonomy":"product_brand","embeddable":true,"href":"https:\/\/vitablanca.ma\/ar\/wp-json\/wp\/v2\/product_brand?post=23782"},{"taxonomy":"product_cat","embeddable":true,"href":"https:\/\/vitablanca.ma\/ar\/wp-json\/wp\/v2\/product_cat?post=23782"},{"taxonomy":"product_tag","embeddable":true,"href":"https:\/\/vitablanca.ma\/ar\/wp-json\/wp\/v2\/product_tag?post=23782"}],"curies":[{"name":"wp","href":"https:\/\/api.w.org\/{rel}","templated":true}]}}