{"id":23771,"date":"2025-07-10T18:28:21","date_gmt":"2025-07-10T18:28:21","guid":{"rendered":"https:\/\/vitablanca.ma\/product\/reelle-coloration-pour-cheveux-5-6-brun-moka\/"},"modified":"2026-01-27T21:24:35","modified_gmt":"2026-01-27T21:24:35","slug":"reelle-coloration-pour-cheveux-5-6-brun-moka","status":"publish","type":"product","link":"https:\/\/vitablanca.ma\/ar\/product-2\/reelle-coloration-pour-cheveux-5-6-brun-moka\/","title":{"rendered":"r\u00e9ell&rsquo;e &#8211; Coloration pour cheveux 5.6 brun moka"},"content":{"rendered":"<h3>\ud83c\udf30 r\u00e9ell&rsquo;e 5.6 Brun Moka \u2013 Couleur riche &amp; chic<\/h3>\n<ul>\n<li>Niveau de coloration: Permanent<\/li>\n<li>Caract\u00e9ristiques du produit: Sans alcool, Sans silicone, V\u00e9g\u00e9talien<\/li>\n<li>Nuances de couleur Coloration: Nuances de brun<\/li>\n<li>Brillance intense et durable de la couleur<\/li>\n<li>R\u00e9sultat de coloration professionnel<\/li>\n<li>Couverture fiable des cheveux blancs<\/li>\n<li>Jusqu&rsquo;\u00e0 95 % de cheveux cassants en moins gr\u00e2ce au traitement traitant de la brillance de la couleur<\/li>\n<li>V\u00e9g\u00e9talien, sans microplastique<\/li>\n<li>1pc<\/li>\n<\/ul>\n<h4><strong><span style=\"font-size: 11pt; line-height: 104%; font-family: 'Segoe UI Emoji', sans-serif;\">\ud83d\udccc<\/span><span lang=\"EN-US\" style=\"font-size: 11pt; line-height: 104%; font-family: Arial, sans-serif;\"> \u0648\u0635\u0641 \u0627\u0644\u0645\u0646\u062a\u062c<\/span><\/strong><\/h4>\n<p>La cr\u00e8me colorante intensive r\u00e9ell&rsquo;e brun moka 5.6 garantit un r\u00e9sultat de coloration brillant. La formule active professionnelle p\u00e9n\u00e8tre profond\u00e9ment dans les cheveux et couvre de mani\u00e8re fiable m\u00eame les cheveux enti\u00e8rement gris. Elle assure un r\u00e9sultat de coloration durable et expressif et fait briller vos cheveux. Le traitement riche en brillance color\u00e9e \u00e0 l&rsquo;huile d&rsquo;amande naturelle fournit aux cheveux de pr\u00e9cieuses substances de soin, lisse la surface des cheveux et r\u00e9duit la casse jusqu&rsquo;\u00e0 95 %. Pour des nuances de couleur fascinantes \u00e0 la brillance \u00e9clatante.<\/p>\n<h4><strong><span style=\"font-size: 11pt; line-height: 104%; font-family: 'Segoe UI Emoji', sans-serif;\">\ud83d\udca1<\/span><span lang=\"EN-US\" style=\"font-size: 11pt; line-height: 104%; font-family: Arial, sans-serif;\"> \u0637\u0631\u064a\u0642\u0629 \u0627\u0644\u0627\u0633\u062a\u062e\u062f\u0627\u0645<\/span><\/strong><\/h4>\n<p>Votre couleur de cheveux : blond moyen, brun clair, brun fonc\u00e9.<\/p>\n<p>1. verser la cr\u00e8me colorante intensive dans le flacon du r\u00e9v\u00e9lateur de couleur.<\/p>\n<p>2. agiter le flacon jusqu&rsquo;\u00e0 l&rsquo;obtention d&rsquo;une cr\u00e8me homog\u00e8ne.<\/p>\n<p>3. appliquer le m\u00e9lange sur l&rsquo;ensemble des cheveux secs.<\/p>\n<p>4. apr\u00e8s le temps de pose, rincer abondamment et appliquer le soin ci-joint. Pour une ex\u00e9cution pr\u00e9cise, veuillez lire et suivre le mode d&#8217;emploi ci-joint ! Recommandation : si vos cheveux sont plus longs que les \u00e9paules ou tr\u00e8s \u00e9pais, veuillez utiliser deux paquets.<\/p>\n<h4><strong><span lang=\"EN-US\" style=\"font-size: 11pt; line-height: 103%; font-family: 'Segoe UI Emoji', sans-serif;\">\u26a0<\/span><span style=\"font-size: 11pt; line-height: 103%; font-family: Arial, sans-serif;\">\ufe0f<\/span><span lang=\"EN-US\" style=\"font-size: 11pt; line-height: 103%; font-family: Arial, sans-serif;\"> \u062a\u062d\u0630\u064a\u0631\u0627\u062a <\/span><\/strong><\/h4>\n<p>Contient de la ph\u00e9nyl\u00e8nediamine (toluyl\u00e8nediamine) et du peroxyde d&rsquo;hydrog\u00e8ne. Les colorants capillaires peuvent provoquer de graves r\u00e9actions allergiques. Veuillez lire et respecter les consignes suivantes : Les tatouages temporaires au \u00ab\u00a0henn\u00e9 noir\u00a0\u00bb peuvent augmenter le risque d&rsquo;allergie. Ne colorez pas vos cheveux : &#8211; si vous avez une \u00e9ruption cutan\u00e9e sur le visage ou si votre cuir chevelu est sensible, irrit\u00e9 ou bless\u00e9 ; &#8211; si vous avez d\u00e9j\u00e0 constat\u00e9 une r\u00e9action apr\u00e8s avoir color\u00e9 vos cheveux ; &#8211; si un tatouage temporaire au \u00ab\u00a0henn\u00e9 noir\u00a0\u00bb a d\u00e9j\u00e0 provoqu\u00e9 une r\u00e9action chez vous. Dans ces cas, veuillez consulter un dermatologue avant d&rsquo;appliquer une coloration capillaire. Ne pas utiliser pour colorer les cils et les sourcils. Le non-respect de cette consigne peut entra\u00eener la c\u00e9cit\u00e9. Ne pas utiliser pour la coloration de la barbe ni pour une application autre que la coloration des cheveux de la t\u00eate. \u00c9viter tout contact avec les yeux. Rincer imm\u00e9diatement les yeux si le produit est entr\u00e9 en contact avec les yeux. Bien rincer les cheveux apr\u00e8s l&rsquo;application. Porter des gants appropri\u00e9s (fournis). Ne pas utiliser si vos cheveux ont \u00e9t\u00e9 color\u00e9s au henn\u00e9 ou avec des sels m\u00e9talliques ou s&rsquo;ils ont \u00e9t\u00e9 trait\u00e9s avec un produit qui ram\u00e8ne progressivement \u00e0 la couleur naturelle des cheveux. Veuillez imp\u00e9rativement lire et suivre les instructions du mode d&#8217;emploi.<\/p>","protected":false},"excerpt":{"rendered":"<p>\ud83c\udf30 r\u00e9ell&rsquo;e 5.6 Brun Moka \u2013 Couleur riche &amp; chic Niveau de coloration: Permanent Caract\u00e9ristiques du produit: Sans alcool, Sans silicone, V\u00e9g\u00e9talien Nuances de couleur Coloration: Nuances de brun Brillance intense et durable de la couleur R\u00e9sultat de coloration professionnel Couverture fiable des cheveux blancs Jusqu&rsquo;\u00e0 95 % de cheveux cassants en moins gr\u00e2ce au [&hellip;]<\/p>\n","protected":false},"featured_media":23767,"template":"","meta":{"om_disable_all_campaigns":false},"product_brand":[],"product_cat":[15],"product_tag":[6494,6498,6497,6500,6496,6499,6493,6495],"class_list":{"0":"post-23771","1":"product","2":"type-product","3":"status-publish","4":"has-post-thumbnail","6":"product_cat-beaute-sante-complements-alimentaires-soins-et-bien-etre-au-meilleur-prix","7":"product_tag-coloration-5-6-brun-moka","8":"product_tag-coloration-cheveux-maroc","9":"product_tag-coloration-cheveux-naturel","10":"product_tag-coloration-maison-cheveux","11":"product_tag-coloration-permanente-cheveux","12":"product_tag-kit-coloration-cheveux","13":"product_tag-reelle-coloration-cheveux","14":"product_tag-teinture-cheveux-brun","16":"first","17":"instock","18":"taxable","19":"shipping-taxable","20":"purchasable","21":"product-type-simple"},"yoast_head":"<!-- This site is optimized with the Yoast SEO plugin v27.4 - https:\/\/yoast.com\/product\/yoast-seo-wordpress\/ -->\n<title>R\u00e9ell\u2019e Coloration Cheveux 5.6 Brun Moka - Maroc Prix<\/title>\n<meta name=\"description\" content=\"R\u00e9ell\u2019e Coloration Cheveux 5.6 Brun Moka offre une couleur riche et naturelle. Coloration permanente facile \u00e0 appliquer pour cheveux brillants et \u00e9clatants.\" \/>\n<meta name=\"robots\" content=\"index, follow, max-snippet:-1, max-image-preview:large, max-video-preview:-1\" \/>\n<link rel=\"canonical\" href=\"https:\/\/vitablanca.ma\/ar\/product-2\/reelle-coloration-pour-cheveux-5-6-brun-moka\/\" \/>\n<meta property=\"og:locale\" content=\"ar_AR\" \/>\n<meta property=\"og:type\" content=\"article\" \/>\n<meta property=\"og:title\" content=\"R\u00e9ell\u2019e Coloration Cheveux 5.6 Brun Moka - Maroc Prix\" \/>\n<meta property=\"og:description\" content=\"R\u00e9ell\u2019e Coloration Cheveux 5.6 Brun Moka offre une couleur riche et naturelle. Coloration permanente facile \u00e0 appliquer pour cheveux brillants et \u00e9clatants.\" \/>\n<meta property=\"og:url\" content=\"https:\/\/vitablanca.ma\/ar\/product-2\/reelle-coloration-pour-cheveux-5-6-brun-moka\/\" \/>\n<meta property=\"og:site_name\" content=\"Vitablanca.ma &ndash; Sant&eacute;, vitalit&eacute; et bien-&ecirc;tre pour tous les Marocains\" \/>\n<meta property=\"article:publisher\" content=\"https:\/\/www.facebook.com\/profile.php?id=61576678196717\" \/>\n<meta property=\"article:modified_time\" content=\"2026-01-27T21:24:35+00:00\" \/>\n<meta property=\"og:image\" content=\"https:\/\/vitablanca.ma\/wp-content\/uploads\/2025\/07\/4066447330687-4040386.png\" \/>\n\t<meta property=\"og:image:width\" content=\"1200\" \/>\n\t<meta property=\"og:image:height\" content=\"1200\" \/>\n\t<meta property=\"og:image:type\" content=\"image\/png\" \/>\n<meta name=\"twitter:card\" content=\"summary_large_image\" \/>\n<meta name=\"twitter:label1\" content=\"\u0648\u0642\u062a \u0627\u0644\u0642\u0631\u0627\u0621\u0629 \u0627\u0644\u0645\u064f\u0642\u062f\u0651\u0631\" \/>\n\t<meta name=\"twitter:data1\" content=\"3 \u062f\u0642\u0627\u0626\u0642\" \/>\n<script type=\"application\/ld+json\" class=\"yoast-schema-graph\">{\"@context\":\"https:\\\/\\\/schema.org\",\"@graph\":[{\"@type\":[\"WebPage\",\"ItemPage\"],\"@id\":\"https:\\\/\\\/vitablanca.ma\\\/produit\\\/reelle-coloration-pour-cheveux-5-6-brun-moka\\\/\",\"url\":\"https:\\\/\\\/vitablanca.ma\\\/produit\\\/reelle-coloration-pour-cheveux-5-6-brun-moka\\\/\",\"name\":\"R\u00e9ell\u2019e Coloration Cheveux 5.6 Brun Moka - Maroc Prix\",\"isPartOf\":{\"@id\":\"https:\\\/\\\/vitablanca.ma\\\/#website\"},\"primaryImageOfPage\":{\"@id\":\"https:\\\/\\\/vitablanca.ma\\\/produit\\\/reelle-coloration-pour-cheveux-5-6-brun-moka\\\/#primaryimage\"},\"image\":{\"@id\":\"https:\\\/\\\/vitablanca.ma\\\/produit\\\/reelle-coloration-pour-cheveux-5-6-brun-moka\\\/#primaryimage\"},\"thumbnailUrl\":\"https:\\\/\\\/vitablanca.ma\\\/wp-content\\\/uploads\\\/2025\\\/07\\\/4066447330687-4040386.png\",\"datePublished\":\"2025-07-10T18:28:21+00:00\",\"dateModified\":\"2026-01-27T21:24:35+00:00\",\"description\":\"R\u00e9ell\u2019e Coloration Cheveux 5.6 Brun Moka offre une couleur riche et naturelle. Coloration permanente facile \u00e0 appliquer pour cheveux brillants et \u00e9clatants.\",\"breadcrumb\":{\"@id\":\"https:\\\/\\\/vitablanca.ma\\\/produit\\\/reelle-coloration-pour-cheveux-5-6-brun-moka\\\/#breadcrumb\"},\"inLanguage\":\"ar\",\"potentialAction\":[{\"@type\":\"ReadAction\",\"target\":[\"https:\\\/\\\/vitablanca.ma\\\/produit\\\/reelle-coloration-pour-cheveux-5-6-brun-moka\\\/\"]}]},{\"@type\":\"ImageObject\",\"inLanguage\":\"ar\",\"@id\":\"https:\\\/\\\/vitablanca.ma\\\/produit\\\/reelle-coloration-pour-cheveux-5-6-brun-moka\\\/#primaryimage\",\"url\":\"https:\\\/\\\/vitablanca.ma\\\/wp-content\\\/uploads\\\/2025\\\/07\\\/4066447330687-4040386.png\",\"contentUrl\":\"https:\\\/\\\/vitablanca.ma\\\/wp-content\\\/uploads\\\/2025\\\/07\\\/4066447330687-4040386.png\",\"width\":1200,\"height\":1200},{\"@type\":\"BreadcrumbList\",\"@id\":\"https:\\\/\\\/vitablanca.ma\\\/produit\\\/reelle-coloration-pour-cheveux-5-6-brun-moka\\\/#breadcrumb\",\"itemListElement\":[{\"@type\":\"ListItem\",\"position\":1,\"name\":\"Home\",\"item\":\"https:\\\/\\\/vitablanca.ma\\\/\"},{\"@type\":\"ListItem\",\"position\":2,\"name\":\"Tous Les Produits\",\"item\":\"https:\\\/\\\/vitablanca.ma\\\/tous-les-produits\\\/\"},{\"@type\":\"ListItem\",\"position\":3,\"name\":\"r\u00e9ell&#8217;e &#8211; Coloration pour cheveux 5.6 brun moka\"}]},{\"@type\":\"WebSite\",\"@id\":\"https:\\\/\\\/vitablanca.ma\\\/#website\",\"url\":\"https:\\\/\\\/vitablanca.ma\\\/\",\"name\":\"VitaBlanca.ma | Compl\u00e9ments alimentaires, sant\u00e9 & beaut\u00e9 au Maroc\",\"description\":\"vendre vitamines et compl\u00e9ments premium des USA &amp; Canada, Nouvelle Z\u00e9lande,Maroc (NOW Foods, Solgar, Manuka). Livraison rapide partout au Maroc.\",\"publisher\":{\"@id\":\"https:\\\/\\\/vitablanca.ma\\\/#organization\"},\"alternateName\":\"VitaBlanca.ma\",\"potentialAction\":[{\"@type\":\"SearchAction\",\"target\":{\"@type\":\"EntryPoint\",\"urlTemplate\":\"https:\\\/\\\/vitablanca.ma\\\/?s={search_term_string}\"},\"query-input\":{\"@type\":\"PropertyValueSpecification\",\"valueRequired\":true,\"valueName\":\"search_term_string\"}}],\"inLanguage\":\"ar\"},{\"@type\":\"Organization\",\"@id\":\"https:\\\/\\\/vitablanca.ma\\\/#organization\",\"name\":\"VitaBlanca\",\"url\":\"https:\\\/\\\/vitablanca.ma\\\/\",\"logo\":{\"@type\":\"ImageObject\",\"inLanguage\":\"ar\",\"@id\":\"https:\\\/\\\/vitablanca.ma\\\/#\\\/schema\\\/logo\\\/image\\\/\",\"url\":\"https:\\\/\\\/vitablanca.ma\\\/wp-content\\\/uploads\\\/2025\\\/05\\\/cropped-vitablanca.png\",\"contentUrl\":\"https:\\\/\\\/vitablanca.ma\\\/wp-content\\\/uploads\\\/2025\\\/05\\\/cropped-vitablanca.png\",\"width\":360,\"height\":67,\"caption\":\"VitaBlanca\"},\"image\":{\"@id\":\"https:\\\/\\\/vitablanca.ma\\\/#\\\/schema\\\/logo\\\/image\\\/\"},\"sameAs\":[\"https:\\\/\\\/www.facebook.com\\\/profile.php?id=61576678196717\",\"https:\\\/\\\/www.tiktok.com\\\/@vitablanca.ma\",\"https:\\\/\\\/www.instagram.com\\\/vitablanca.ma\\\/\"]}]}<\/script>\n<!-- \/ Yoast SEO plugin. -->","yoast_head_json":{"title":"R\u00e9ell\u2019e Coloration Cheveux 5.6 Brun Moka - Maroc Prix","description":"R\u00e9ell\u2019e Coloration Cheveux 5.6 Brun Moka offre une couleur riche et naturelle. Coloration permanente facile \u00e0 appliquer pour cheveux brillants et \u00e9clatants.","robots":{"index":"index","follow":"follow","max-snippet":"max-snippet:-1","max-image-preview":"max-image-preview:large","max-video-preview":"max-video-preview:-1"},"canonical":"https:\/\/vitablanca.ma\/ar\/product-2\/reelle-coloration-pour-cheveux-5-6-brun-moka\/","og_locale":"ar_AR","og_type":"article","og_title":"R\u00e9ell\u2019e Coloration Cheveux 5.6 Brun Moka - Maroc Prix","og_description":"R\u00e9ell\u2019e Coloration Cheveux 5.6 Brun Moka offre une couleur riche et naturelle. Coloration permanente facile \u00e0 appliquer pour cheveux brillants et \u00e9clatants.","og_url":"https:\/\/vitablanca.ma\/ar\/product-2\/reelle-coloration-pour-cheveux-5-6-brun-moka\/","og_site_name":"Vitablanca.ma &ndash; Sant&eacute;, vitalit&eacute; et bien-&ecirc;tre pour tous les Marocains","article_publisher":"https:\/\/www.facebook.com\/profile.php?id=61576678196717","article_modified_time":"2026-01-27T21:24:35+00:00","og_image":[{"width":1200,"height":1200,"url":"https:\/\/vitablanca.ma\/wp-content\/uploads\/2025\/07\/4066447330687-4040386.png","type":"image\/png"}],"twitter_card":"summary_large_image","twitter_misc":{"\u0648\u0642\u062a \u0627\u0644\u0642\u0631\u0627\u0621\u0629 \u0627\u0644\u0645\u064f\u0642\u062f\u0651\u0631":"3 \u062f\u0642\u0627\u0626\u0642"},"schema":{"@context":"https:\/\/schema.org","@graph":[{"@type":["WebPage","ItemPage"],"@id":"https:\/\/vitablanca.ma\/produit\/reelle-coloration-pour-cheveux-5-6-brun-moka\/","url":"https:\/\/vitablanca.ma\/produit\/reelle-coloration-pour-cheveux-5-6-brun-moka\/","name":"R\u00e9ell\u2019e Coloration Cheveux 5.6 Brun Moka - Maroc Prix","isPartOf":{"@id":"https:\/\/vitablanca.ma\/#website"},"primaryImageOfPage":{"@id":"https:\/\/vitablanca.ma\/produit\/reelle-coloration-pour-cheveux-5-6-brun-moka\/#primaryimage"},"image":{"@id":"https:\/\/vitablanca.ma\/produit\/reelle-coloration-pour-cheveux-5-6-brun-moka\/#primaryimage"},"thumbnailUrl":"https:\/\/vitablanca.ma\/wp-content\/uploads\/2025\/07\/4066447330687-4040386.png","datePublished":"2025-07-10T18:28:21+00:00","dateModified":"2026-01-27T21:24:35+00:00","description":"R\u00e9ell\u2019e Coloration Cheveux 5.6 Brun Moka offre une couleur riche et naturelle. Coloration permanente facile \u00e0 appliquer pour cheveux brillants et \u00e9clatants.","breadcrumb":{"@id":"https:\/\/vitablanca.ma\/produit\/reelle-coloration-pour-cheveux-5-6-brun-moka\/#breadcrumb"},"inLanguage":"ar","potentialAction":[{"@type":"ReadAction","target":["https:\/\/vitablanca.ma\/produit\/reelle-coloration-pour-cheveux-5-6-brun-moka\/"]}]},{"@type":"ImageObject","inLanguage":"ar","@id":"https:\/\/vitablanca.ma\/produit\/reelle-coloration-pour-cheveux-5-6-brun-moka\/#primaryimage","url":"https:\/\/vitablanca.ma\/wp-content\/uploads\/2025\/07\/4066447330687-4040386.png","contentUrl":"https:\/\/vitablanca.ma\/wp-content\/uploads\/2025\/07\/4066447330687-4040386.png","width":1200,"height":1200},{"@type":"BreadcrumbList","@id":"https:\/\/vitablanca.ma\/produit\/reelle-coloration-pour-cheveux-5-6-brun-moka\/#breadcrumb","itemListElement":[{"@type":"ListItem","position":1,"name":"Home","item":"https:\/\/vitablanca.ma\/"},{"@type":"ListItem","position":2,"name":"Tous Les Produits","item":"https:\/\/vitablanca.ma\/tous-les-produits\/"},{"@type":"ListItem","position":3,"name":"r\u00e9ell&#8217;e &#8211; Coloration pour cheveux 5.6 brun moka"}]},{"@type":"WebSite","@id":"https:\/\/vitablanca.ma\/#website","url":"https:\/\/vitablanca.ma\/","name":"VitaBlanca.ma | \u0627\u0644\u0645\u0643\u0645\u0644\u0627\u062a \u0627\u0644\u063a\u0630\u0627\u0626\u064a\u0629\u060c \u0627\u0644\u0635\u062d\u0629 \u0648\u0627\u0644\u062c\u0645\u0627\u0644 \u0641\u064a \u0627\u0644\u0645\u063a\u0631\u0628","description":"\u0646\u0628\u064a\u0639 \u0641\u064a\u062a\u0627\u0645\u064a\u0646\u0627\u062a \u0648\u0645\u0643\u0645\u0644\u0627\u062a \u063a\u0630\u0627\u0626\u064a\u0629 \u0641\u0627\u062e\u0631\u0629 \u0645\u0646 \u0627\u0644\u0648\u0644\u0627\u064a\u0627\u062a \u0627\u0644\u0645\u062a\u062d\u062f\u0629 \u0627\u0644\u0623\u0645\u0631\u064a\u0643\u064a\u0629 \u0648\u0643\u0646\u062f\u0627 \u0648\u0646\u064a\u0648\u0632\u064a\u0644\u0646\u062f\u0627 \u0648\u0627\u0644\u0645\u063a\u0631\u0628 (\u0646\u0627\u0648 \u0641\u0648\u062f\u0632\u060c \u0633\u0648\u0644\u062c\u0627\u0631\u060c \u0645\u0627\u0646\u0648\u0643\u0627). \u062a\u0648\u0635\u064a\u0644 \u0633\u0631\u064a\u0639 \u0625\u0644\u0649 \u062c\u0645\u064a\u0639 \u0623\u0646\u062d\u0627\u0621 \u0627\u0644\u0645\u063a\u0631\u0628.","publisher":{"@id":"https:\/\/vitablanca.ma\/#organization"},"alternateName":"VitaBlanca.ma","potentialAction":[{"@type":"SearchAction","target":{"@type":"EntryPoint","urlTemplate":"https:\/\/vitablanca.ma\/?s={search_term_string}"},"query-input":{"@type":"PropertyValueSpecification","valueRequired":true,"valueName":"search_term_string"}}],"inLanguage":"ar"},{"@type":"Organization","@id":"https:\/\/vitablanca.ma\/#organization","name":"\u0641\u064a\u062a\u0627\u0628\u0644\u0627\u0646\u0643\u0627","url":"https:\/\/vitablanca.ma\/","logo":{"@type":"ImageObject","inLanguage":"ar","@id":"https:\/\/vitablanca.ma\/#\/schema\/logo\/image\/","url":"https:\/\/vitablanca.ma\/wp-content\/uploads\/2025\/05\/cropped-vitablanca.png","contentUrl":"https:\/\/vitablanca.ma\/wp-content\/uploads\/2025\/05\/cropped-vitablanca.png","width":360,"height":67,"caption":"VitaBlanca"},"image":{"@id":"https:\/\/vitablanca.ma\/#\/schema\/logo\/image\/"},"sameAs":["https:\/\/www.facebook.com\/profile.php?id=61576678196717","https:\/\/www.tiktok.com\/@vitablanca.ma","https:\/\/www.instagram.com\/vitablanca.ma\/"]}]}},"jetpack_sharing_enabled":true,"_links":{"self":[{"href":"https:\/\/vitablanca.ma\/ar\/wp-json\/wp\/v2\/product\/23771","targetHints":{"allow":["GET"]}}],"collection":[{"href":"https:\/\/vitablanca.ma\/ar\/wp-json\/wp\/v2\/product"}],"about":[{"href":"https:\/\/vitablanca.ma\/ar\/wp-json\/wp\/v2\/types\/product"}],"wp:featuredmedia":[{"embeddable":true,"href":"https:\/\/vitablanca.ma\/ar\/wp-json\/wp\/v2\/media\/23767"}],"wp:attachment":[{"href":"https:\/\/vitablanca.ma\/ar\/wp-json\/wp\/v2\/media?parent=23771"}],"wp:term":[{"taxonomy":"product_brand","embeddable":true,"href":"https:\/\/vitablanca.ma\/ar\/wp-json\/wp\/v2\/product_brand?post=23771"},{"taxonomy":"product_cat","embeddable":true,"href":"https:\/\/vitablanca.ma\/ar\/wp-json\/wp\/v2\/product_cat?post=23771"},{"taxonomy":"product_tag","embeddable":true,"href":"https:\/\/vitablanca.ma\/ar\/wp-json\/wp\/v2\/product_tag?post=23771"}],"curies":[{"name":"wp","href":"https:\/\/api.w.org\/{rel}","templated":true}]}}