{"id":23725,"date":"2025-07-10T18:24:15","date_gmt":"2025-07-10T18:24:15","guid":{"rendered":"https:\/\/vitablanca.ma\/product\/3-en-1-nettoyant-peeling-masque-peau-pure-150-ml\/"},"modified":"2026-01-27T22:12:10","modified_gmt":"2026-01-27T22:12:10","slug":"3-en-1-nettoyant-peeling-masque-peau-pure-150-ml","status":"publish","type":"product","link":"https:\/\/vitablanca.ma\/ar\/product-2\/3-en-1-nettoyant-peeling-masque-peau-pure-150-ml\/","title":{"rendered":"3 \u0641\u064a 1 \u0645\u0646\u0638\u0641\u060c \u0645\u0642\u0634\u0631 \u0648\u0642\u0646\u0627\u0639 \u0644\u0628\u0634\u0631\u0629 \u0646\u0642\u064a\u0629\u060c 150 \u0645\u0644"},"content":{"rendered":"<ul data-mce-fragment=\"1\">\n<li data-mce-fragment=\"1\">\u0646\u0648\u0639 \u0627\u0644\u0628\u0634\u0631\u0629: \u0645\u062e\u062a\u0644\u0637\u0629\u060c \u063a\u064a\u0631 \u0646\u0642\u064a\u0629<\/li>\n<li data-mce-fragment=\"1\">\u0646\u0637\u0627\u0642 \u0627\u0644\u062a\u0637\u0628\u064a\u0642: \u0627\u0644\u0648\u062c\u0647<\/li>\n<li data-mce-fragment=\"1\">\u0645\u0645\u064a\u0632\u0627\u062a \u0627\u0644\u0645\u0646\u062a\u062c: \u062e\u0627\u0644\u064a \u0645\u0646 \u0627\u0644\u0623\u0635\u0628\u0627\u063a\u060c \u062e\u0627\u0644\u064a \u0645\u0646 \u0627\u0644\u062c\u0633\u064a\u0645\u0627\u062a \u0627\u0644\u0646\u0627\u0646\u0648\u064a\u0629\u060c \u062e\u0627\u0644\u064a \u0645\u0646 \u0627\u0644\u0628\u0627\u0631\u0627\u0628\u064a\u0646\u060c \u062e\u0627\u0644\u064a \u0645\u0646 \u0627\u0644\u0628\u0627\u0631\u0627\u0641\u064a\u0646\u0627\u062a\/\u0627\u0644\u0632\u064a\u0648\u062a \u0627\u0644\u0645\u0639\u062f\u0646\u064a\u0629\u060c \u0646\u0628\u0627\u062a\u064a<\/li>\n<li data-mce-fragment=\"1\">\u0627\u0644\u0645\u0644\u0645\u0633 \/ \u0627\u0644\u0627\u062a\u0633\u0627\u0642 \/ \u0627\u0644\u062a\u0637\u0628\u064a\u0642: \u0645\u0642\u0634\u0631<\/li>\n<li data-mce-fragment=\"1\">\u0645\u0639 \u0627\u0644\u0637\u064a\u0646 \u0627\u0644\u0648\u0631\u062f\u064a \u0648\u062d\u0645\u0636 \u0627\u0644\u0633\u0627\u0644\u064a\u0633\u064a\u0644\u064a\u0643 \u0648\u0627\u0644\u0632\u0646\u0643<\/li>\n<li data-mce-fragment=\"1\">\u062a\u0646\u0638\u064a\u0641 \u0639\u0645\u064a\u0642<\/li>\n<\/ul>\n<p data-mce-fragment=\"1\">1: \u0643\u0631\u064a\u0645 \u0627\u0644\u062a\u0646\u0638\u064a\u0641<\/p>\n<p data-mce-fragment=\"1\">2: \u062a\u0642\u0634\u064a\u0631 \u0644\u0637\u064a\u0641<\/p>\n<p data-mce-fragment=\"1\">3: \u0642\u0646\u0627\u0639 \u0627\u0644\u062a\u0646\u0638\u064a\u0641 \u0627\u0644\u0639\u0645\u064a\u0642<\/p>\n<p data-mce-fragment=\"1\">Le nettoyant pour le visage Balea Pure 3 en 1 combine un nettoyage rapide, un gommage et un masque en un seul produit. La formule enrichie en argile rose, acide salicylique et zinc nettoie en profondeur, pour un nettoyage intense et agr\u00e9able \u2013 jour apr\u00e8s jour. Formulation sans microplastiques et polym\u00e8res synth\u00e9tiques pures solubles dans l\u2019eau.<\/p>","protected":false},"excerpt":{"rendered":"<p>Type de peau:Mixte, Impur Champ d\u2019application:Visage Caract\u00e9ristiques du produit:Sans colorants, Sans nanoparticules, Sans parab\u00e8nes, Sans paraffines \/ huiles min\u00e9rales, V\u00e9gane Texture \/ consistance \/ application:gommage Avec argile rose, acide salicylique et zinc Nettoie en profondeur 1 : Cr\u00e8me nettoyante 2 : Peeling doux 3 : Masque nettoyant en profondeur Le nettoyant pour le visage Balea [&hellip;]<\/p>\n","protected":false},"featured_media":23722,"template":"","meta":{"om_disable_all_campaigns":false},"product_brand":[3236],"product_cat":[18],"product_tag":[3237,3240,3238,3239,3241,6560,6558,6559,6561],"class_list":{"0":"post-23725","1":"product","2":"type-product","3":"status-publish","4":"has-post-thumbnail","6":"product_brand-balea-dm-prix-maroc","7":"product_cat-beaute-sante","8":"product_tag-balea","9":"product_tag-balea-dm","10":"product_tag-balea-maroc","11":"product_tag-balea-morocco","12":"product_tag-dm-maroc","13":"product_tag-exfolie-et-purifie-la-peau-sa-formule-douce-elimine-les-impuretes-et-lexces-de-sebum","14":"product_tag-le-3-en-1-nettoyant","15":"product_tag-peeling-masque-peau-pure-150-ml-est-un-soin-multifonction-qui-nettoie","16":"product_tag-tout-en-affinant-le-grain-de-peau-pour-un-teint-plus-clair-et-uniforme","18":"first","19":"instock","20":"taxable","21":"shipping-taxable","22":"purchasable","23":"product-type-simple"},"yoast_head":"<!-- This site is optimized with the Yoast SEO plugin v27.5 - https:\/\/yoast.com\/product\/yoast-seo-wordpress\/ -->\n<title>3 en 1 Nettoyant, Peeling &amp; Masque Peau Pure 150 ml - Maroc Prix<\/title>\n<meta name=\"description\" content=\"3 en 1 Nettoyant, Peeling &amp; Masque Peau Pure 150 ml nettoie, exfolie et purifie la peau en profondeur. Convient \u00e0 un usage r\u00e9gulier pour un teint clair\" \/>\n<meta name=\"robots\" content=\"index, follow, max-snippet:-1, max-image-preview:large, max-video-preview:-1\" \/>\n<link rel=\"canonical\" href=\"https:\/\/vitablanca.ma\/ar\/product-2\/3-en-1-nettoyant-peeling-masque-peau-pure-150-ml\/\" \/>\n<meta property=\"og:locale\" content=\"ar_AR\" \/>\n<meta property=\"og:type\" content=\"article\" \/>\n<meta property=\"og:title\" content=\"3 en 1 Nettoyant, Peeling &amp; Masque Peau Pure 150 ml - Maroc Prix\" \/>\n<meta property=\"og:description\" content=\"3 en 1 Nettoyant, Peeling &amp; Masque Peau Pure 150 ml nettoie, exfolie et purifie la peau en profondeur. Convient \u00e0 un usage r\u00e9gulier pour un teint clair\" \/>\n<meta property=\"og:url\" content=\"https:\/\/vitablanca.ma\/ar\/product-2\/3-en-1-nettoyant-peeling-masque-peau-pure-150-ml\/\" \/>\n<meta property=\"og:site_name\" content=\"Vitablanca.ma &ndash; Sant&eacute;, vitalit&eacute; et bien-&ecirc;tre pour tous les Marocains\" \/>\n<meta property=\"article:publisher\" content=\"https:\/\/www.facebook.com\/profile.php?id=61576678196717\" \/>\n<meta property=\"article:modified_time\" content=\"2026-01-27T22:12:10+00:00\" \/>\n<meta property=\"og:image\" content=\"https:\/\/vitablanca.ma\/wp-content\/uploads\/2025\/07\/4066447240702-731875627.png\" \/>\n\t<meta property=\"og:image:width\" content=\"1201\" \/>\n\t<meta property=\"og:image:height\" content=\"1200\" \/>\n\t<meta property=\"og:image:type\" content=\"image\/png\" \/>\n<meta name=\"twitter:card\" content=\"summary_large_image\" \/>\n<meta name=\"twitter:label1\" content=\"\u0648\u0642\u062a \u0627\u0644\u0642\u0631\u0627\u0621\u0629 \u0627\u0644\u0645\u064f\u0642\u062f\u0651\u0631\" \/>\n\t<meta name=\"twitter:data1\" content=\"\u062f\u0642\u064a\u0642\u0629 \u0648\u0627\u062d\u062f\u0629\" \/>\n<script type=\"application\/ld+json\" class=\"yoast-schema-graph\">{\"@context\":\"https:\\\/\\\/schema.org\",\"@graph\":[{\"@type\":[\"WebPage\",\"ItemPage\"],\"@id\":\"https:\\\/\\\/vitablanca.ma\\\/produit\\\/3-en-1-nettoyant-peeling-masque-peau-pure-150-ml\\\/\",\"url\":\"https:\\\/\\\/vitablanca.ma\\\/produit\\\/3-en-1-nettoyant-peeling-masque-peau-pure-150-ml\\\/\",\"name\":\"3 en 1 Nettoyant, Peeling & Masque Peau Pure 150 ml - Maroc Prix\",\"isPartOf\":{\"@id\":\"https:\\\/\\\/vitablanca.ma\\\/#website\"},\"primaryImageOfPage\":{\"@id\":\"https:\\\/\\\/vitablanca.ma\\\/produit\\\/3-en-1-nettoyant-peeling-masque-peau-pure-150-ml\\\/#primaryimage\"},\"image\":{\"@id\":\"https:\\\/\\\/vitablanca.ma\\\/produit\\\/3-en-1-nettoyant-peeling-masque-peau-pure-150-ml\\\/#primaryimage\"},\"thumbnailUrl\":\"https:\\\/\\\/vitablanca.ma\\\/wp-content\\\/uploads\\\/2025\\\/07\\\/4066447240702-731875627.png\",\"datePublished\":\"2025-07-10T18:24:15+00:00\",\"dateModified\":\"2026-01-27T22:12:10+00:00\",\"description\":\"3 en 1 Nettoyant, Peeling & Masque Peau Pure 150 ml nettoie, exfolie et purifie la peau en profondeur. Convient \u00e0 un usage r\u00e9gulier pour un teint clair\",\"breadcrumb\":{\"@id\":\"https:\\\/\\\/vitablanca.ma\\\/produit\\\/3-en-1-nettoyant-peeling-masque-peau-pure-150-ml\\\/#breadcrumb\"},\"inLanguage\":\"ar\",\"potentialAction\":[{\"@type\":\"ReadAction\",\"target\":[\"https:\\\/\\\/vitablanca.ma\\\/produit\\\/3-en-1-nettoyant-peeling-masque-peau-pure-150-ml\\\/\"]}]},{\"@type\":\"ImageObject\",\"inLanguage\":\"ar\",\"@id\":\"https:\\\/\\\/vitablanca.ma\\\/produit\\\/3-en-1-nettoyant-peeling-masque-peau-pure-150-ml\\\/#primaryimage\",\"url\":\"https:\\\/\\\/vitablanca.ma\\\/wp-content\\\/uploads\\\/2025\\\/07\\\/4066447240702-731875627.png\",\"contentUrl\":\"https:\\\/\\\/vitablanca.ma\\\/wp-content\\\/uploads\\\/2025\\\/07\\\/4066447240702-731875627.png\",\"width\":1201,\"height\":1200},{\"@type\":\"BreadcrumbList\",\"@id\":\"https:\\\/\\\/vitablanca.ma\\\/produit\\\/3-en-1-nettoyant-peeling-masque-peau-pure-150-ml\\\/#breadcrumb\",\"itemListElement\":[{\"@type\":\"ListItem\",\"position\":1,\"name\":\"Home\",\"item\":\"https:\\\/\\\/vitablanca.ma\\\/\"},{\"@type\":\"ListItem\",\"position\":2,\"name\":\"Tous Les Produits\",\"item\":\"https:\\\/\\\/vitablanca.ma\\\/tous-les-produits\\\/\"},{\"@type\":\"ListItem\",\"position\":3,\"name\":\"3 en 1 Nettoyant, Peeling &amp; Masque peau pure, 150 ml\"}]},{\"@type\":\"WebSite\",\"@id\":\"https:\\\/\\\/vitablanca.ma\\\/#website\",\"url\":\"https:\\\/\\\/vitablanca.ma\\\/\",\"name\":\"VitaBlanca.ma | Compl\u00e9ments alimentaires, sant\u00e9 & beaut\u00e9 au Maroc\",\"description\":\"vendre vitamines et compl\u00e9ments premium des USA &amp; Canada, Nouvelle Z\u00e9lande,Maroc (NOW Foods, Solgar, Manuka). Livraison rapide partout au Maroc.\",\"publisher\":{\"@id\":\"https:\\\/\\\/vitablanca.ma\\\/#organization\"},\"alternateName\":\"VitaBlanca.ma\",\"potentialAction\":[{\"@type\":\"SearchAction\",\"target\":{\"@type\":\"EntryPoint\",\"urlTemplate\":\"https:\\\/\\\/vitablanca.ma\\\/?s={search_term_string}\"},\"query-input\":{\"@type\":\"PropertyValueSpecification\",\"valueRequired\":true,\"valueName\":\"search_term_string\"}}],\"inLanguage\":\"ar\"},{\"@type\":\"Organization\",\"@id\":\"https:\\\/\\\/vitablanca.ma\\\/#organization\",\"name\":\"VitaBlanca\",\"url\":\"https:\\\/\\\/vitablanca.ma\\\/\",\"logo\":{\"@type\":\"ImageObject\",\"inLanguage\":\"ar\",\"@id\":\"https:\\\/\\\/vitablanca.ma\\\/#\\\/schema\\\/logo\\\/image\\\/\",\"url\":\"https:\\\/\\\/vitablanca.ma\\\/wp-content\\\/uploads\\\/2025\\\/05\\\/cropped-vitablanca.png\",\"contentUrl\":\"https:\\\/\\\/vitablanca.ma\\\/wp-content\\\/uploads\\\/2025\\\/05\\\/cropped-vitablanca.png\",\"width\":360,\"height\":67,\"caption\":\"VitaBlanca\"},\"image\":{\"@id\":\"https:\\\/\\\/vitablanca.ma\\\/#\\\/schema\\\/logo\\\/image\\\/\"},\"sameAs\":[\"https:\\\/\\\/www.facebook.com\\\/profile.php?id=61576678196717\",\"https:\\\/\\\/www.tiktok.com\\\/@vitablanca.ma\",\"https:\\\/\\\/www.instagram.com\\\/vitablanca.ma\\\/\"]}]}<\/script>\n<!-- \/ Yoast SEO plugin. -->","yoast_head_json":{"title":"3 en 1 Nettoyant, Peeling & Masque Peau Pure 150 ml - Maroc Prix","description":"3 en 1 Nettoyant, Peeling & Masque Peau Pure 150 ml nettoie, exfolie et purifie la peau en profondeur. Convient \u00e0 un usage r\u00e9gulier pour un teint clair","robots":{"index":"index","follow":"follow","max-snippet":"max-snippet:-1","max-image-preview":"max-image-preview:large","max-video-preview":"max-video-preview:-1"},"canonical":"https:\/\/vitablanca.ma\/ar\/product-2\/3-en-1-nettoyant-peeling-masque-peau-pure-150-ml\/","og_locale":"ar_AR","og_type":"article","og_title":"3 en 1 Nettoyant, Peeling & Masque Peau Pure 150 ml - Maroc Prix","og_description":"3 en 1 Nettoyant, Peeling & Masque Peau Pure 150 ml nettoie, exfolie et purifie la peau en profondeur. Convient \u00e0 un usage r\u00e9gulier pour un teint clair","og_url":"https:\/\/vitablanca.ma\/ar\/product-2\/3-en-1-nettoyant-peeling-masque-peau-pure-150-ml\/","og_site_name":"Vitablanca.ma &ndash; Sant&eacute;, vitalit&eacute; et bien-&ecirc;tre pour tous les Marocains","article_publisher":"https:\/\/www.facebook.com\/profile.php?id=61576678196717","article_modified_time":"2026-01-27T22:12:10+00:00","og_image":[{"width":1201,"height":1200,"url":"https:\/\/vitablanca.ma\/wp-content\/uploads\/2025\/07\/4066447240702-731875627.png","type":"image\/png"}],"twitter_card":"summary_large_image","twitter_misc":{"\u0648\u0642\u062a \u0627\u0644\u0642\u0631\u0627\u0621\u0629 \u0627\u0644\u0645\u064f\u0642\u062f\u0651\u0631":"\u062f\u0642\u064a\u0642\u0629 \u0648\u0627\u062d\u062f\u0629"},"schema":{"@context":"https:\/\/schema.org","@graph":[{"@type":["WebPage","ItemPage"],"@id":"https:\/\/vitablanca.ma\/produit\/3-en-1-nettoyant-peeling-masque-peau-pure-150-ml\/","url":"https:\/\/vitablanca.ma\/produit\/3-en-1-nettoyant-peeling-masque-peau-pure-150-ml\/","name":"3 en 1 Nettoyant, Peeling & Masque Peau Pure 150 ml - Maroc Prix","isPartOf":{"@id":"https:\/\/vitablanca.ma\/#website"},"primaryImageOfPage":{"@id":"https:\/\/vitablanca.ma\/produit\/3-en-1-nettoyant-peeling-masque-peau-pure-150-ml\/#primaryimage"},"image":{"@id":"https:\/\/vitablanca.ma\/produit\/3-en-1-nettoyant-peeling-masque-peau-pure-150-ml\/#primaryimage"},"thumbnailUrl":"https:\/\/vitablanca.ma\/wp-content\/uploads\/2025\/07\/4066447240702-731875627.png","datePublished":"2025-07-10T18:24:15+00:00","dateModified":"2026-01-27T22:12:10+00:00","description":"3 en 1 Nettoyant, Peeling & Masque Peau Pure 150 ml nettoie, exfolie et purifie la peau en profondeur. Convient \u00e0 un usage r\u00e9gulier pour un teint clair","breadcrumb":{"@id":"https:\/\/vitablanca.ma\/produit\/3-en-1-nettoyant-peeling-masque-peau-pure-150-ml\/#breadcrumb"},"inLanguage":"ar","potentialAction":[{"@type":"ReadAction","target":["https:\/\/vitablanca.ma\/produit\/3-en-1-nettoyant-peeling-masque-peau-pure-150-ml\/"]}]},{"@type":"ImageObject","inLanguage":"ar","@id":"https:\/\/vitablanca.ma\/produit\/3-en-1-nettoyant-peeling-masque-peau-pure-150-ml\/#primaryimage","url":"https:\/\/vitablanca.ma\/wp-content\/uploads\/2025\/07\/4066447240702-731875627.png","contentUrl":"https:\/\/vitablanca.ma\/wp-content\/uploads\/2025\/07\/4066447240702-731875627.png","width":1201,"height":1200},{"@type":"BreadcrumbList","@id":"https:\/\/vitablanca.ma\/produit\/3-en-1-nettoyant-peeling-masque-peau-pure-150-ml\/#breadcrumb","itemListElement":[{"@type":"ListItem","position":1,"name":"Home","item":"https:\/\/vitablanca.ma\/"},{"@type":"ListItem","position":2,"name":"Tous Les Produits","item":"https:\/\/vitablanca.ma\/tous-les-produits\/"},{"@type":"ListItem","position":3,"name":"3 en 1 Nettoyant, Peeling &amp; Masque peau pure, 150 ml"}]},{"@type":"WebSite","@id":"https:\/\/vitablanca.ma\/#website","url":"https:\/\/vitablanca.ma\/","name":"VitaBlanca.ma | \u0627\u0644\u0645\u0643\u0645\u0644\u0627\u062a \u0627\u0644\u063a\u0630\u0627\u0626\u064a\u0629\u060c \u0627\u0644\u0635\u062d\u0629 \u0648\u0627\u0644\u062c\u0645\u0627\u0644 \u0641\u064a \u0627\u0644\u0645\u063a\u0631\u0628","description":"\u0646\u0628\u064a\u0639 \u0641\u064a\u062a\u0627\u0645\u064a\u0646\u0627\u062a \u0648\u0645\u0643\u0645\u0644\u0627\u062a \u063a\u0630\u0627\u0626\u064a\u0629 \u0641\u0627\u062e\u0631\u0629 \u0645\u0646 \u0627\u0644\u0648\u0644\u0627\u064a\u0627\u062a \u0627\u0644\u0645\u062a\u062d\u062f\u0629 \u0627\u0644\u0623\u0645\u0631\u064a\u0643\u064a\u0629 \u0648\u0643\u0646\u062f\u0627 \u0648\u0646\u064a\u0648\u0632\u064a\u0644\u0646\u062f\u0627 \u0648\u0627\u0644\u0645\u063a\u0631\u0628 (\u0646\u0627\u0648 \u0641\u0648\u062f\u0632\u060c \u0633\u0648\u0644\u062c\u0627\u0631\u060c \u0645\u0627\u0646\u0648\u0643\u0627). \u062a\u0648\u0635\u064a\u0644 \u0633\u0631\u064a\u0639 \u0625\u0644\u0649 \u062c\u0645\u064a\u0639 \u0623\u0646\u062d\u0627\u0621 \u0627\u0644\u0645\u063a\u0631\u0628.","publisher":{"@id":"https:\/\/vitablanca.ma\/#organization"},"alternateName":"VitaBlanca.ma","potentialAction":[{"@type":"SearchAction","target":{"@type":"EntryPoint","urlTemplate":"https:\/\/vitablanca.ma\/?s={search_term_string}"},"query-input":{"@type":"PropertyValueSpecification","valueRequired":true,"valueName":"search_term_string"}}],"inLanguage":"ar"},{"@type":"Organization","@id":"https:\/\/vitablanca.ma\/#organization","name":"\u0641\u064a\u062a\u0627\u0628\u0644\u0627\u0646\u0643\u0627","url":"https:\/\/vitablanca.ma\/","logo":{"@type":"ImageObject","inLanguage":"ar","@id":"https:\/\/vitablanca.ma\/#\/schema\/logo\/image\/","url":"https:\/\/vitablanca.ma\/wp-content\/uploads\/2025\/05\/cropped-vitablanca.png","contentUrl":"https:\/\/vitablanca.ma\/wp-content\/uploads\/2025\/05\/cropped-vitablanca.png","width":360,"height":67,"caption":"VitaBlanca"},"image":{"@id":"https:\/\/vitablanca.ma\/#\/schema\/logo\/image\/"},"sameAs":["https:\/\/www.facebook.com\/profile.php?id=61576678196717","https:\/\/www.tiktok.com\/@vitablanca.ma","https:\/\/www.instagram.com\/vitablanca.ma\/"]}]}},"jetpack_sharing_enabled":true,"_links":{"self":[{"href":"https:\/\/vitablanca.ma\/ar\/wp-json\/wp\/v2\/product\/23725","targetHints":{"allow":["GET"]}}],"collection":[{"href":"https:\/\/vitablanca.ma\/ar\/wp-json\/wp\/v2\/product"}],"about":[{"href":"https:\/\/vitablanca.ma\/ar\/wp-json\/wp\/v2\/types\/product"}],"wp:featuredmedia":[{"embeddable":true,"href":"https:\/\/vitablanca.ma\/ar\/wp-json\/wp\/v2\/media\/23722"}],"wp:attachment":[{"href":"https:\/\/vitablanca.ma\/ar\/wp-json\/wp\/v2\/media?parent=23725"}],"wp:term":[{"taxonomy":"product_brand","embeddable":true,"href":"https:\/\/vitablanca.ma\/ar\/wp-json\/wp\/v2\/product_brand?post=23725"},{"taxonomy":"product_cat","embeddable":true,"href":"https:\/\/vitablanca.ma\/ar\/wp-json\/wp\/v2\/product_cat?post=23725"},{"taxonomy":"product_tag","embeddable":true,"href":"https:\/\/vitablanca.ma\/ar\/wp-json\/wp\/v2\/product_tag?post=23725"}],"curies":[{"name":"wp","href":"https:\/\/api.w.org\/{rel}","templated":true}]}}