{"id":23717,"date":"2025-07-10T18:23:31","date_gmt":"2025-07-10T18:23:31","guid":{"rendered":"https:\/\/vitablanca.ma\/product\/bain-de-bouche-protect-care-10-en-1-500-ml\/"},"modified":"2026-01-27T22:36:21","modified_gmt":"2026-01-27T22:36:21","slug":"bain-de-bouche-protect-care-10-en-1-500-ml","status":"publish","type":"product","link":"https:\/\/vitablanca.ma\/ar\/product-2\/bain-de-bouche-protect-care-10-en-1-500-ml\/","title":{"rendered":"Bain de bouche Protect &amp; Care 10 en 1, 500 ml"},"content":{"rendered":"<ul data-mce-fragment=\"1\">\n<li data-mce-fragment=\"1\">\u062e\u0627\u0644\u064a \u0645\u0646 \u0627\u0644\u0643\u062d\u0648\u0644<\/li>\n<li data-mce-fragment=\"1\">Avec fluorure, v\u00e9g\u00e9tarien<\/li>\n<li data-mce-fragment=\"1\">Renforce l\u2019\u00e9mail et prend soin des gencives<\/li>\n<li data-mce-fragment=\"1\">Avec syst\u00e8me bi-fluorure pour la protection contre les caries**<\/li>\n<li data-mce-fragment=\"1\">R\u00e9duction des germes<\/li>\n<li data-mce-fragment=\"1\">Haleine fra\u00eeche et durable<\/li>\n<li data-mce-fragment=\"1\">Formulation sans microplastiques et polym\u00e8res synth\u00e9tiques pures solubles dans l\u2019eau.<\/li>\n<\/ul>\n<p data-mce-fragment=\"1\">\n<p data-mce-fragment=\"1\">La solution buccodentaire Protect&amp;Care 10 in 1 Dontodent sans alcool (sans \u00e9thanol) a \u00e9t\u00e9 sp\u00e9cialement d\u00e9velopp\u00e9e pour une hygi\u00e8ne compl\u00e8te dans toute la cavit\u00e9 buccale. Gr\u00e2ce \u00e0 sa formule active 10 fois plus protectrice, elle procure une sensation de fra\u00eecheur et de soin tout en nettoyant la cavit\u00e9 buccale m\u00eame dans les endroits difficiles d\u2019acc\u00e8s. **Contient du dihydrofluorure de bis(hydroxy\u00e9thyl)aminopropyl-N-hydroxy\u00e9thyloctad\u00e9cylamine et du fluorure de sodium Teneur totale en fluorure : 450 ppm F<\/p>\n<p data-mce-fragment=\"1\">Apr\u00e8s chaque brossage des dents avec environ 10-20 ml (voir bouchon) de bain de bouche Dontodent non dilu\u00e9 pendant 30 secondes NE PAS AVALER! Ne pas rincer \u00e0 l\u2019eau, convient aux enfants \u00e0 partir de 12 ans.<\/p>","protected":false},"excerpt":{"rendered":"<p>Sans alcool Avec fluorure, v\u00e9g\u00e9tarien Renforce l\u2019\u00e9mail et prend soin des gencives Avec syst\u00e8me bi-fluorure pour la protection contre les caries** R\u00e9duction des germes Haleine fra\u00eeche et durable Formulation sans microplastiques et polym\u00e8res synth\u00e9tiques pures solubles dans l\u2019eau. La solution buccodentaire Protect&amp;Care 10 in 1 Dontodent sans alcool (sans \u00e9thanol) a \u00e9t\u00e9 sp\u00e9cialement d\u00e9velopp\u00e9e pour [&hellip;]<\/p>\n","protected":false},"featured_media":23715,"template":"","meta":{"om_disable_all_campaigns":false},"product_brand":[],"product_cat":[15],"product_tag":[6569,6565,6563,6566,6562,6567,6570,6568,6564],"class_list":{"0":"post-23717","1":"product","2":"type-product","3":"status-publish","4":"has-post-thumbnail","6":"product_cat-beaute-sante-complements-alimentaires-soins-et-bien-etre-au-meilleur-prix","7":"product_tag-bain-bouche-500-ml","8":"product_tag-bain-de-bouche-anti-plaque","9":"product_tag-bain-de-bouche-multi-action","10":"product_tag-bain-de-bouche-prevention-caries","11":"product_tag-bain-de-bouche-protect-care-10-en-1","12":"product_tag-haleine-fraiche-longue-duree","13":"product_tag-protection-complete-dents-et-gencives","14":"product_tag-soin-bucco-dentaire-quotidien","15":"product_tag-soin-dents-et-gencives","17":"first","18":"instock","19":"taxable","20":"shipping-taxable","21":"purchasable","22":"product-type-simple"},"yoast_head":"<!-- This site is optimized with the Yoast SEO plugin v27.4 - https:\/\/yoast.com\/product\/yoast-seo-wordpress\/ -->\n<title>Bain de bouche Protect &amp; Care 10 en 1, 500 ml - Maroc Prix<\/title>\n<meta name=\"description\" content=\"Bain de Bouche Protect &amp; Care 10 en 1 500 ml offre une protection compl\u00e8te des dents et gencives. Combat la plaque, pr\u00e9vient les caries\" \/>\n<meta name=\"robots\" content=\"index, follow, max-snippet:-1, max-image-preview:large, max-video-preview:-1\" \/>\n<link rel=\"canonical\" href=\"https:\/\/vitablanca.ma\/ar\/product-2\/bain-de-bouche-protect-care-10-en-1-500-ml\/\" \/>\n<meta property=\"og:locale\" content=\"ar_AR\" \/>\n<meta property=\"og:type\" content=\"article\" \/>\n<meta property=\"og:title\" content=\"Bain de bouche Protect &amp; Care 10 en 1, 500 ml - Maroc Prix\" \/>\n<meta property=\"og:description\" content=\"Bain de Bouche Protect &amp; Care 10 en 1 500 ml offre une protection compl\u00e8te des dents et gencives. Combat la plaque, pr\u00e9vient les caries\" \/>\n<meta property=\"og:url\" content=\"https:\/\/vitablanca.ma\/ar\/product-2\/bain-de-bouche-protect-care-10-en-1-500-ml\/\" \/>\n<meta property=\"og:site_name\" content=\"Vitablanca.ma &ndash; Sant&eacute;, vitalit&eacute; et bien-&ecirc;tre pour tous les Marocains\" \/>\n<meta property=\"article:publisher\" content=\"https:\/\/www.facebook.com\/profile.php?id=61576678196717\" \/>\n<meta property=\"article:modified_time\" content=\"2026-01-27T22:36:21+00:00\" \/>\n<meta property=\"og:image\" content=\"https:\/\/vitablanca.ma\/wp-content\/uploads\/2025\/07\/4058172784651-2865622.png\" \/>\n\t<meta property=\"og:image:width\" content=\"1199\" \/>\n\t<meta property=\"og:image:height\" content=\"1200\" \/>\n\t<meta property=\"og:image:type\" content=\"image\/png\" \/>\n<meta name=\"twitter:card\" content=\"summary_large_image\" \/>\n<meta name=\"twitter:label1\" content=\"\u0648\u0642\u062a \u0627\u0644\u0642\u0631\u0627\u0621\u0629 \u0627\u0644\u0645\u064f\u0642\u062f\u0651\u0631\" \/>\n\t<meta name=\"twitter:data1\" content=\"\u062f\u0642\u064a\u0642\u0629 \u0648\u0627\u062d\u062f\u0629\" \/>\n<script type=\"application\/ld+json\" class=\"yoast-schema-graph\">{\"@context\":\"https:\\\/\\\/schema.org\",\"@graph\":[{\"@type\":[\"WebPage\",\"ItemPage\"],\"@id\":\"https:\\\/\\\/vitablanca.ma\\\/produit\\\/bain-de-bouche-protect-care-10-en-1-500-ml\\\/\",\"url\":\"https:\\\/\\\/vitablanca.ma\\\/produit\\\/bain-de-bouche-protect-care-10-en-1-500-ml\\\/\",\"name\":\"Bain de bouche Protect &amp; Care 10 en 1, 500 ml - Maroc Prix\",\"isPartOf\":{\"@id\":\"https:\\\/\\\/vitablanca.ma\\\/#website\"},\"primaryImageOfPage\":{\"@id\":\"https:\\\/\\\/vitablanca.ma\\\/produit\\\/bain-de-bouche-protect-care-10-en-1-500-ml\\\/#primaryimage\"},\"image\":{\"@id\":\"https:\\\/\\\/vitablanca.ma\\\/produit\\\/bain-de-bouche-protect-care-10-en-1-500-ml\\\/#primaryimage\"},\"thumbnailUrl\":\"https:\\\/\\\/vitablanca.ma\\\/wp-content\\\/uploads\\\/2025\\\/07\\\/4058172784651-2865622.png\",\"datePublished\":\"2025-07-10T18:23:31+00:00\",\"dateModified\":\"2026-01-27T22:36:21+00:00\",\"description\":\"Bain de Bouche Protect & Care 10 en 1 500 ml offre une protection compl\u00e8te des dents et gencives. Combat la plaque, pr\u00e9vient les caries\",\"breadcrumb\":{\"@id\":\"https:\\\/\\\/vitablanca.ma\\\/produit\\\/bain-de-bouche-protect-care-10-en-1-500-ml\\\/#breadcrumb\"},\"inLanguage\":\"ar\",\"potentialAction\":[{\"@type\":\"ReadAction\",\"target\":[\"https:\\\/\\\/vitablanca.ma\\\/produit\\\/bain-de-bouche-protect-care-10-en-1-500-ml\\\/\"]}]},{\"@type\":\"ImageObject\",\"inLanguage\":\"ar\",\"@id\":\"https:\\\/\\\/vitablanca.ma\\\/produit\\\/bain-de-bouche-protect-care-10-en-1-500-ml\\\/#primaryimage\",\"url\":\"https:\\\/\\\/vitablanca.ma\\\/wp-content\\\/uploads\\\/2025\\\/07\\\/4058172784651-2865622.png\",\"contentUrl\":\"https:\\\/\\\/vitablanca.ma\\\/wp-content\\\/uploads\\\/2025\\\/07\\\/4058172784651-2865622.png\",\"width\":1199,\"height\":1200},{\"@type\":\"BreadcrumbList\",\"@id\":\"https:\\\/\\\/vitablanca.ma\\\/produit\\\/bain-de-bouche-protect-care-10-en-1-500-ml\\\/#breadcrumb\",\"itemListElement\":[{\"@type\":\"ListItem\",\"position\":1,\"name\":\"Home\",\"item\":\"https:\\\/\\\/vitablanca.ma\\\/\"},{\"@type\":\"ListItem\",\"position\":2,\"name\":\"Tous Les Produits\",\"item\":\"https:\\\/\\\/vitablanca.ma\\\/tous-les-produits\\\/\"},{\"@type\":\"ListItem\",\"position\":3,\"name\":\"Bain de bouche Protect &amp; Care 10 en 1, 500 ml\"}]},{\"@type\":\"WebSite\",\"@id\":\"https:\\\/\\\/vitablanca.ma\\\/#website\",\"url\":\"https:\\\/\\\/vitablanca.ma\\\/\",\"name\":\"VitaBlanca.ma | Compl\u00e9ments alimentaires, sant\u00e9 & beaut\u00e9 au Maroc\",\"description\":\"vendre vitamines et compl\u00e9ments premium des USA &amp; Canada, Nouvelle Z\u00e9lande,Maroc (NOW Foods, Solgar, Manuka). Livraison rapide partout au Maroc.\",\"publisher\":{\"@id\":\"https:\\\/\\\/vitablanca.ma\\\/#organization\"},\"alternateName\":\"VitaBlanca.ma\",\"potentialAction\":[{\"@type\":\"SearchAction\",\"target\":{\"@type\":\"EntryPoint\",\"urlTemplate\":\"https:\\\/\\\/vitablanca.ma\\\/?s={search_term_string}\"},\"query-input\":{\"@type\":\"PropertyValueSpecification\",\"valueRequired\":true,\"valueName\":\"search_term_string\"}}],\"inLanguage\":\"ar\"},{\"@type\":\"Organization\",\"@id\":\"https:\\\/\\\/vitablanca.ma\\\/#organization\",\"name\":\"VitaBlanca\",\"url\":\"https:\\\/\\\/vitablanca.ma\\\/\",\"logo\":{\"@type\":\"ImageObject\",\"inLanguage\":\"ar\",\"@id\":\"https:\\\/\\\/vitablanca.ma\\\/#\\\/schema\\\/logo\\\/image\\\/\",\"url\":\"https:\\\/\\\/vitablanca.ma\\\/wp-content\\\/uploads\\\/2025\\\/05\\\/cropped-vitablanca.png\",\"contentUrl\":\"https:\\\/\\\/vitablanca.ma\\\/wp-content\\\/uploads\\\/2025\\\/05\\\/cropped-vitablanca.png\",\"width\":360,\"height\":67,\"caption\":\"VitaBlanca\"},\"image\":{\"@id\":\"https:\\\/\\\/vitablanca.ma\\\/#\\\/schema\\\/logo\\\/image\\\/\"},\"sameAs\":[\"https:\\\/\\\/www.facebook.com\\\/profile.php?id=61576678196717\",\"https:\\\/\\\/www.tiktok.com\\\/@vitablanca.ma\",\"https:\\\/\\\/www.instagram.com\\\/vitablanca.ma\\\/\"]}]}<\/script>\n<!-- \/ Yoast SEO plugin. -->","yoast_head_json":{"title":"Bain de bouche Protect &amp; Care 10 en 1, 500 ml - Maroc Prix","description":"Bain de Bouche Protect & Care 10 en 1 500 ml offre une protection compl\u00e8te des dents et gencives. Combat la plaque, pr\u00e9vient les caries","robots":{"index":"index","follow":"follow","max-snippet":"max-snippet:-1","max-image-preview":"max-image-preview:large","max-video-preview":"max-video-preview:-1"},"canonical":"https:\/\/vitablanca.ma\/ar\/product-2\/bain-de-bouche-protect-care-10-en-1-500-ml\/","og_locale":"ar_AR","og_type":"article","og_title":"Bain de bouche Protect &amp; Care 10 en 1, 500 ml - Maroc Prix","og_description":"Bain de Bouche Protect & Care 10 en 1 500 ml offre une protection compl\u00e8te des dents et gencives. Combat la plaque, pr\u00e9vient les caries","og_url":"https:\/\/vitablanca.ma\/ar\/product-2\/bain-de-bouche-protect-care-10-en-1-500-ml\/","og_site_name":"Vitablanca.ma &ndash; Sant&eacute;, vitalit&eacute; et bien-&ecirc;tre pour tous les Marocains","article_publisher":"https:\/\/www.facebook.com\/profile.php?id=61576678196717","article_modified_time":"2026-01-27T22:36:21+00:00","og_image":[{"width":1199,"height":1200,"url":"https:\/\/vitablanca.ma\/wp-content\/uploads\/2025\/07\/4058172784651-2865622.png","type":"image\/png"}],"twitter_card":"summary_large_image","twitter_misc":{"\u0648\u0642\u062a \u0627\u0644\u0642\u0631\u0627\u0621\u0629 \u0627\u0644\u0645\u064f\u0642\u062f\u0651\u0631":"\u062f\u0642\u064a\u0642\u0629 \u0648\u0627\u062d\u062f\u0629"},"schema":{"@context":"https:\/\/schema.org","@graph":[{"@type":["WebPage","ItemPage"],"@id":"https:\/\/vitablanca.ma\/produit\/bain-de-bouche-protect-care-10-en-1-500-ml\/","url":"https:\/\/vitablanca.ma\/produit\/bain-de-bouche-protect-care-10-en-1-500-ml\/","name":"Bain de bouche Protect &amp; Care 10 en 1, 500 ml - Maroc Prix","isPartOf":{"@id":"https:\/\/vitablanca.ma\/#website"},"primaryImageOfPage":{"@id":"https:\/\/vitablanca.ma\/produit\/bain-de-bouche-protect-care-10-en-1-500-ml\/#primaryimage"},"image":{"@id":"https:\/\/vitablanca.ma\/produit\/bain-de-bouche-protect-care-10-en-1-500-ml\/#primaryimage"},"thumbnailUrl":"https:\/\/vitablanca.ma\/wp-content\/uploads\/2025\/07\/4058172784651-2865622.png","datePublished":"2025-07-10T18:23:31+00:00","dateModified":"2026-01-27T22:36:21+00:00","description":"Bain de Bouche Protect & Care 10 en 1 500 ml offre une protection compl\u00e8te des dents et gencives. Combat la plaque, pr\u00e9vient les caries","breadcrumb":{"@id":"https:\/\/vitablanca.ma\/produit\/bain-de-bouche-protect-care-10-en-1-500-ml\/#breadcrumb"},"inLanguage":"ar","potentialAction":[{"@type":"ReadAction","target":["https:\/\/vitablanca.ma\/produit\/bain-de-bouche-protect-care-10-en-1-500-ml\/"]}]},{"@type":"ImageObject","inLanguage":"ar","@id":"https:\/\/vitablanca.ma\/produit\/bain-de-bouche-protect-care-10-en-1-500-ml\/#primaryimage","url":"https:\/\/vitablanca.ma\/wp-content\/uploads\/2025\/07\/4058172784651-2865622.png","contentUrl":"https:\/\/vitablanca.ma\/wp-content\/uploads\/2025\/07\/4058172784651-2865622.png","width":1199,"height":1200},{"@type":"BreadcrumbList","@id":"https:\/\/vitablanca.ma\/produit\/bain-de-bouche-protect-care-10-en-1-500-ml\/#breadcrumb","itemListElement":[{"@type":"ListItem","position":1,"name":"Home","item":"https:\/\/vitablanca.ma\/"},{"@type":"ListItem","position":2,"name":"Tous Les Produits","item":"https:\/\/vitablanca.ma\/tous-les-produits\/"},{"@type":"ListItem","position":3,"name":"Bain de bouche Protect &amp; Care 10 en 1, 500 ml"}]},{"@type":"WebSite","@id":"https:\/\/vitablanca.ma\/#website","url":"https:\/\/vitablanca.ma\/","name":"VitaBlanca.ma | \u0627\u0644\u0645\u0643\u0645\u0644\u0627\u062a \u0627\u0644\u063a\u0630\u0627\u0626\u064a\u0629\u060c \u0627\u0644\u0635\u062d\u0629 \u0648\u0627\u0644\u062c\u0645\u0627\u0644 \u0641\u064a \u0627\u0644\u0645\u063a\u0631\u0628","description":"\u0646\u0628\u064a\u0639 \u0641\u064a\u062a\u0627\u0645\u064a\u0646\u0627\u062a \u0648\u0645\u0643\u0645\u0644\u0627\u062a \u063a\u0630\u0627\u0626\u064a\u0629 \u0641\u0627\u062e\u0631\u0629 \u0645\u0646 \u0627\u0644\u0648\u0644\u0627\u064a\u0627\u062a \u0627\u0644\u0645\u062a\u062d\u062f\u0629 \u0627\u0644\u0623\u0645\u0631\u064a\u0643\u064a\u0629 \u0648\u0643\u0646\u062f\u0627 \u0648\u0646\u064a\u0648\u0632\u064a\u0644\u0646\u062f\u0627 \u0648\u0627\u0644\u0645\u063a\u0631\u0628 (\u0646\u0627\u0648 \u0641\u0648\u062f\u0632\u060c \u0633\u0648\u0644\u062c\u0627\u0631\u060c \u0645\u0627\u0646\u0648\u0643\u0627). \u062a\u0648\u0635\u064a\u0644 \u0633\u0631\u064a\u0639 \u0625\u0644\u0649 \u062c\u0645\u064a\u0639 \u0623\u0646\u062d\u0627\u0621 \u0627\u0644\u0645\u063a\u0631\u0628.","publisher":{"@id":"https:\/\/vitablanca.ma\/#organization"},"alternateName":"VitaBlanca.ma","potentialAction":[{"@type":"SearchAction","target":{"@type":"EntryPoint","urlTemplate":"https:\/\/vitablanca.ma\/?s={search_term_string}"},"query-input":{"@type":"PropertyValueSpecification","valueRequired":true,"valueName":"search_term_string"}}],"inLanguage":"ar"},{"@type":"Organization","@id":"https:\/\/vitablanca.ma\/#organization","name":"\u0641\u064a\u062a\u0627\u0628\u0644\u0627\u0646\u0643\u0627","url":"https:\/\/vitablanca.ma\/","logo":{"@type":"ImageObject","inLanguage":"ar","@id":"https:\/\/vitablanca.ma\/#\/schema\/logo\/image\/","url":"https:\/\/vitablanca.ma\/wp-content\/uploads\/2025\/05\/cropped-vitablanca.png","contentUrl":"https:\/\/vitablanca.ma\/wp-content\/uploads\/2025\/05\/cropped-vitablanca.png","width":360,"height":67,"caption":"VitaBlanca"},"image":{"@id":"https:\/\/vitablanca.ma\/#\/schema\/logo\/image\/"},"sameAs":["https:\/\/www.facebook.com\/profile.php?id=61576678196717","https:\/\/www.tiktok.com\/@vitablanca.ma","https:\/\/www.instagram.com\/vitablanca.ma\/"]}]}},"jetpack_sharing_enabled":true,"_links":{"self":[{"href":"https:\/\/vitablanca.ma\/ar\/wp-json\/wp\/v2\/product\/23717","targetHints":{"allow":["GET"]}}],"collection":[{"href":"https:\/\/vitablanca.ma\/ar\/wp-json\/wp\/v2\/product"}],"about":[{"href":"https:\/\/vitablanca.ma\/ar\/wp-json\/wp\/v2\/types\/product"}],"wp:featuredmedia":[{"embeddable":true,"href":"https:\/\/vitablanca.ma\/ar\/wp-json\/wp\/v2\/media\/23715"}],"wp:attachment":[{"href":"https:\/\/vitablanca.ma\/ar\/wp-json\/wp\/v2\/media?parent=23717"}],"wp:term":[{"taxonomy":"product_brand","embeddable":true,"href":"https:\/\/vitablanca.ma\/ar\/wp-json\/wp\/v2\/product_brand?post=23717"},{"taxonomy":"product_cat","embeddable":true,"href":"https:\/\/vitablanca.ma\/ar\/wp-json\/wp\/v2\/product_cat?post=23717"},{"taxonomy":"product_tag","embeddable":true,"href":"https:\/\/vitablanca.ma\/ar\/wp-json\/wp\/v2\/product_tag?post=23717"}],"curies":[{"name":"wp","href":"https:\/\/api.w.org\/{rel}","templated":true}]}}