{"id":23714,"date":"2025-07-10T18:23:17","date_gmt":"2025-07-10T18:23:17","guid":{"rendered":"https:\/\/vitablanca.ma\/product\/balea-deodorant-spray-extra-dry\/"},"modified":"2026-01-27T22:39:54","modified_gmt":"2026-01-27T22:39:54","slug":"balea-deodorant-spray-extra-dry","status":"publish","type":"product","link":"https:\/\/vitablanca.ma\/ar\/product-2\/balea-deodorant-spray-extra-dry\/","title":{"rendered":"\u0628\u0627\u0644\u064a\u0627 - \u0628\u062e\u0627\u062e \u0645\u0632\u064a\u0644 \u0627\u0644\u0639\u0631\u0642 \u0641\u0627\u0626\u0642 \u0627\u0644\u062c\u0641\u0627\u0641"},"content":{"rendered":"<h3>\ud83d\udc8e 48 \u0633\u0627\u0639\u0629 <strong data-start=\"918\" data-end=\"979\">\u0623\u0646\u0627\u0642\u0629 \u062e\u0627\u0644\u0635\u0629 - \u0646\u0636\u0627\u0631\u0629 \u0631\u0642\u064a\u0642\u0629 \u0641\u064a \u062e\u062f\u0645\u0629 \u0627\u0644\u0623\u0646\u0627\u0642\u0629<\/strong><\/h3>\n<ul>\n<li>\u0646\u0648\u0639 \u0627\u0644\u0628\u0634\u0631\u0629: \u0639\u0627\u062f\u064a\u0629<\/li>\n<li>\u0645\u0645\u064a\u0632\u0627\u062a \u0627\u0644\u0645\u0646\u062a\u062c: \u062e\u0627\u0644\u064a \u0645\u0646 \u0627\u0644\u0643\u062d\u0648\u0644\u060c \u062e\u0627\u0644\u064a \u0645\u0646 \u0627\u0644\u0645\u0644\u0648\u0646\u0627\u062a\u060c \u062e\u0627\u0644\u064a \u0645\u0646 \u0627\u0644\u0628\u0627\u0631\u0627\u0628\u064a\u0646\u060c \u0646\u0628\u0627\u062a\u064a<\/li>\n<li>\u0645\u062c\u0645\u0639 \u0639\u0637\u0631\u064a \u0644\u0631\u0627\u0626\u062d\u0629 \u062a\u062f\u0648\u0645 \u0637\u0648\u064a\u0644\u0627\u064b<\/li>\n<li>\u064a\u0639\u0645\u0644 \u0644\u0645\u062f\u0629 \u062a\u0635\u0644 \u0625\u0644\u0649 48 \u0633\u0627\u0639\u0629<\/li>\n<li>\u0631\u0627\u0626\u062d\u0629 \u0645\u0646\u0639\u0634\u0629 \u0648\u0646\u0627\u0639\u0645\u0629<\/li>\n<li>\u062d\u0645\u0627\u064a\u0629 \u0642\u0648\u064a\u0629 \u0644\u0644\u063a\u0627\u064a\u0629<\/li>\n<li>\u0644\u0644\u0628\u0634\u0631\u0629 \u0627\u0644\u062c\u0627\u0641\u0629<\/li>\n<li>200 \u0645\u0644<\/li>\n<\/ul>\n<h4><strong><span style=\"font-size: 11pt; line-height: 106%; font-family: 'Segoe UI Emoji', sans-serif;\">\ud83d\udccc<\/span><span lang=\"EN-US\" style=\"font-size: 11pt; line-height: 106%; font-family: Arial, sans-serif;\"> \u0648\u0635\u0641 \u0627\u0644\u0645\u0646\u062a\u062c<\/span><\/strong><\/h4>\n<p>\u0628\u062e\u0627\u062e \u0645\u0632\u064a\u0644 \u0627\u0644\u0639\u0631\u0642 \u0628\u0627\u0644\u064a\u0627 \u0625\u0643\u0633\u062a\u0631\u0627 \u062f\u0631\u0627\u064a \u0627\u0644\u0645\u0636\u0627\u062f \u0644\u0644\u062a\u0639\u0631\u0642 \u064a\u0645\u0646\u062d\u0643 \u0634\u0639\u0648\u0631\u064b\u0627 \u0628\u0627\u0644\u0623\u0645\u0627\u0646 \u0648\u0627\u0644\u0639\u0646\u0627\u064a\u0629 \u0628\u0645\u0646\u0637\u0642\u0629 \u0627\u0644\u0625\u0628\u0637. \u062d\u0645\u0627\u064a\u0629 \u0641\u0639\u0627\u0644\u0629 \u062a\u062f\u0648\u0645 \u062d\u062a\u0649 48 \u0633\u0627\u0639\u0629\u060c \u0645\u0635\u062d\u0648\u0628\u0629 \u0628\u062a\u0631\u0643\u064a\u0628\u0629 \u062f\u064a\u0628\u0648\u062a \u062a\u0645\u0646\u062d\u0643 \u0631\u0627\u0626\u062d\u0629 \u0645\u0646\u0639\u0634\u0629 \u062a\u062f\u0648\u0645 \u0637\u0648\u064a\u0644\u064b\u0627. \u062a\u0631\u0643\u064a\u0628\u0629 \u062e\u0627\u0644\u064a\u0629 \u0645\u0646 \u0627\u0644\u0628\u0644\u0627\u0633\u062a\u064a\u0643 \u0627\u0644\u062f\u0642\u064a\u0642 \u0648\u0628\u0648\u0644\u064a\u0645\u0631\u0627\u062a \u0635\u0646\u0627\u0639\u064a\u0629 \u0646\u0642\u064a\u0629 \u0642\u0627\u0628\u0644\u0629 \u0644\u0644\u0630\u0648\u0628\u0627\u0646 \u0641\u064a \u0627\u0644\u0645\u0627\u0621.<\/p>","protected":false},"excerpt":{"rendered":"<p>\ud83d\udc8e 48h Pure Elegance \u2013 La fra\u00eecheur subtile au service du style Type de peau:Normal Caract\u00e9ristiques du produit:Sans alcool, Sans colorants, Sans parabens, V\u00e9g\u00e9talien Complexe parfum\u00e9 pour un parfum durable Agit jusqu\u2019\u00e0 48 heures Parfum frais et poudr\u00e9 Protection extra forte Pour une peau s\u00e8che 200 ml \ud83d\udccc Description du produit Le spray d\u00e9odorant anti-transpirant [&hellip;]<\/p>\n","protected":false},"featured_media":23712,"template":"","meta":{"om_disable_all_campaigns":false},"product_brand":[3236],"product_cat":[18],"product_tag":[3237,6571,3240,3238,3239,6579,6572,6576,6578,6573,6577,3241,6575,6574],"class_list":{"0":"post-23714","1":"product","2":"type-product","3":"status-publish","4":"has-post-thumbnail","6":"product_brand-balea-dm-prix-maroc","7":"product_cat-beaute-sante","8":"product_tag-balea","9":"product_tag-balea-deodorant-spray-extra-dry","10":"product_tag-balea-dm","11":"product_tag-balea-maroc","12":"product_tag-balea-morocco","13":"product_tag-deodorant-allemagne","14":"product_tag-deodorant-anti-transpirant","15":"product_tag-deodorant-efficace-balea","16":"product_tag-deodorant-frais-et-sec","17":"product_tag-deodorant-longue-duree","18":"product_tag-deodorant-peau-sensible","19":"product_tag-dm-maroc","20":"product_tag-protection-corps-quotidienne","21":"product_tag-spray-aisselles","23":"first","24":"instock","25":"taxable","26":"shipping-taxable","27":"purchasable","28":"product-type-simple"},"yoast_head":"<!-- This site is optimized with the Yoast SEO plugin v27.5 - https:\/\/yoast.com\/product\/yoast-seo-wordpress\/ -->\n<title>Balea - D\u00e9odorant spray Extra Dry - Maroc Prix<\/title>\n<meta name=\"description\" content=\"Balea D\u00e9odorant Spray Extra Dry assure une protection longue dur\u00e9e contre la transpiration et les mauvaises odeurs. Formule l\u00e9g\u00e8re\" \/>\n<meta name=\"robots\" content=\"index, follow, max-snippet:-1, max-image-preview:large, max-video-preview:-1\" \/>\n<link rel=\"canonical\" href=\"https:\/\/vitablanca.ma\/ar\/product-2\/balea-deodorant-spray-extra-dry\/\" \/>\n<meta property=\"og:locale\" content=\"ar_AR\" \/>\n<meta property=\"og:type\" content=\"article\" \/>\n<meta property=\"og:title\" content=\"Balea - D\u00e9odorant spray Extra Dry - Maroc Prix\" \/>\n<meta property=\"og:description\" content=\"Balea D\u00e9odorant Spray Extra Dry assure une protection longue dur\u00e9e contre la transpiration et les mauvaises odeurs. Formule l\u00e9g\u00e8re\" \/>\n<meta property=\"og:url\" content=\"https:\/\/vitablanca.ma\/ar\/product-2\/balea-deodorant-spray-extra-dry\/\" \/>\n<meta property=\"og:site_name\" content=\"Vitablanca.ma &ndash; Sant&eacute;, vitalit&eacute; et bien-&ecirc;tre pour tous les Marocains\" \/>\n<meta property=\"article:publisher\" content=\"https:\/\/www.facebook.com\/profile.php?id=61576678196717\" \/>\n<meta property=\"article:modified_time\" content=\"2026-01-27T22:39:54+00:00\" \/>\n<meta property=\"og:image\" content=\"https:\/\/vitablanca.ma\/wp-content\/uploads\/2025\/07\/4058172925870-989664114_313cf2e5-023e-4b89-985e-e9121a6429a6.png\" \/>\n\t<meta property=\"og:image:width\" content=\"1201\" \/>\n\t<meta property=\"og:image:height\" content=\"1200\" \/>\n\t<meta property=\"og:image:type\" content=\"image\/png\" \/>\n<meta name=\"twitter:card\" content=\"summary_large_image\" \/>\n<meta name=\"twitter:label1\" content=\"\u0648\u0642\u062a \u0627\u0644\u0642\u0631\u0627\u0621\u0629 \u0627\u0644\u0645\u064f\u0642\u062f\u0651\u0631\" \/>\n\t<meta name=\"twitter:data1\" content=\"\u062f\u0642\u064a\u0642\u0629 \u0648\u0627\u062d\u062f\u0629\" \/>\n<script type=\"application\/ld+json\" class=\"yoast-schema-graph\">{\"@context\":\"https:\\\/\\\/schema.org\",\"@graph\":[{\"@type\":[\"WebPage\",\"ItemPage\"],\"@id\":\"https:\\\/\\\/vitablanca.ma\\\/produit\\\/balea-deodorant-spray-extra-dry\\\/\",\"url\":\"https:\\\/\\\/vitablanca.ma\\\/produit\\\/balea-deodorant-spray-extra-dry\\\/\",\"name\":\"Balea - D\u00e9odorant spray Extra Dry - Maroc Prix\",\"isPartOf\":{\"@id\":\"https:\\\/\\\/vitablanca.ma\\\/#website\"},\"primaryImageOfPage\":{\"@id\":\"https:\\\/\\\/vitablanca.ma\\\/produit\\\/balea-deodorant-spray-extra-dry\\\/#primaryimage\"},\"image\":{\"@id\":\"https:\\\/\\\/vitablanca.ma\\\/produit\\\/balea-deodorant-spray-extra-dry\\\/#primaryimage\"},\"thumbnailUrl\":\"https:\\\/\\\/vitablanca.ma\\\/wp-content\\\/uploads\\\/2025\\\/07\\\/4058172925870-989664114_313cf2e5-023e-4b89-985e-e9121a6429a6.png\",\"datePublished\":\"2025-07-10T18:23:17+00:00\",\"dateModified\":\"2026-01-27T22:39:54+00:00\",\"description\":\"Balea D\u00e9odorant Spray Extra Dry assure une protection longue dur\u00e9e contre la transpiration et les mauvaises odeurs. Formule l\u00e9g\u00e8re\",\"breadcrumb\":{\"@id\":\"https:\\\/\\\/vitablanca.ma\\\/produit\\\/balea-deodorant-spray-extra-dry\\\/#breadcrumb\"},\"inLanguage\":\"ar\",\"potentialAction\":[{\"@type\":\"ReadAction\",\"target\":[\"https:\\\/\\\/vitablanca.ma\\\/produit\\\/balea-deodorant-spray-extra-dry\\\/\"]}]},{\"@type\":\"ImageObject\",\"inLanguage\":\"ar\",\"@id\":\"https:\\\/\\\/vitablanca.ma\\\/produit\\\/balea-deodorant-spray-extra-dry\\\/#primaryimage\",\"url\":\"https:\\\/\\\/vitablanca.ma\\\/wp-content\\\/uploads\\\/2025\\\/07\\\/4058172925870-989664114_313cf2e5-023e-4b89-985e-e9121a6429a6.png\",\"contentUrl\":\"https:\\\/\\\/vitablanca.ma\\\/wp-content\\\/uploads\\\/2025\\\/07\\\/4058172925870-989664114_313cf2e5-023e-4b89-985e-e9121a6429a6.png\",\"width\":1201,\"height\":1200},{\"@type\":\"BreadcrumbList\",\"@id\":\"https:\\\/\\\/vitablanca.ma\\\/produit\\\/balea-deodorant-spray-extra-dry\\\/#breadcrumb\",\"itemListElement\":[{\"@type\":\"ListItem\",\"position\":1,\"name\":\"Home\",\"item\":\"https:\\\/\\\/vitablanca.ma\\\/\"},{\"@type\":\"ListItem\",\"position\":2,\"name\":\"Tous Les Produits\",\"item\":\"https:\\\/\\\/vitablanca.ma\\\/tous-les-produits\\\/\"},{\"@type\":\"ListItem\",\"position\":3,\"name\":\"Balea &#8211; D\u00e9odorant spray Extra Dry\"}]},{\"@type\":\"WebSite\",\"@id\":\"https:\\\/\\\/vitablanca.ma\\\/#website\",\"url\":\"https:\\\/\\\/vitablanca.ma\\\/\",\"name\":\"VitaBlanca.ma | Compl\u00e9ments alimentaires, sant\u00e9 & beaut\u00e9 au Maroc\",\"description\":\"vendre vitamines et compl\u00e9ments premium des USA &amp; Canada, Nouvelle Z\u00e9lande,Maroc (NOW Foods, Solgar, Manuka). Livraison rapide partout au Maroc.\",\"publisher\":{\"@id\":\"https:\\\/\\\/vitablanca.ma\\\/#organization\"},\"alternateName\":\"VitaBlanca.ma\",\"potentialAction\":[{\"@type\":\"SearchAction\",\"target\":{\"@type\":\"EntryPoint\",\"urlTemplate\":\"https:\\\/\\\/vitablanca.ma\\\/?s={search_term_string}\"},\"query-input\":{\"@type\":\"PropertyValueSpecification\",\"valueRequired\":true,\"valueName\":\"search_term_string\"}}],\"inLanguage\":\"ar\"},{\"@type\":\"Organization\",\"@id\":\"https:\\\/\\\/vitablanca.ma\\\/#organization\",\"name\":\"VitaBlanca\",\"url\":\"https:\\\/\\\/vitablanca.ma\\\/\",\"logo\":{\"@type\":\"ImageObject\",\"inLanguage\":\"ar\",\"@id\":\"https:\\\/\\\/vitablanca.ma\\\/#\\\/schema\\\/logo\\\/image\\\/\",\"url\":\"https:\\\/\\\/vitablanca.ma\\\/wp-content\\\/uploads\\\/2025\\\/05\\\/cropped-vitablanca.png\",\"contentUrl\":\"https:\\\/\\\/vitablanca.ma\\\/wp-content\\\/uploads\\\/2025\\\/05\\\/cropped-vitablanca.png\",\"width\":360,\"height\":67,\"caption\":\"VitaBlanca\"},\"image\":{\"@id\":\"https:\\\/\\\/vitablanca.ma\\\/#\\\/schema\\\/logo\\\/image\\\/\"},\"sameAs\":[\"https:\\\/\\\/www.facebook.com\\\/profile.php?id=61576678196717\",\"https:\\\/\\\/www.tiktok.com\\\/@vitablanca.ma\",\"https:\\\/\\\/www.instagram.com\\\/vitablanca.ma\\\/\"]}]}<\/script>\n<!-- \/ Yoast SEO plugin. -->","yoast_head_json":{"title":"\u0645\u0632\u064a\u0644 \u0639\u0631\u0642 \u0628\u062e\u0627\u062e \u0625\u0643\u0633\u062a\u0631\u0627 \u062f\u0631\u0627\u064a \u0645\u0646 \u0628\u0627\u0644\u064a\u0627 - \u0633\u0639\u0631 \u0627\u0644\u0645\u063a\u0631\u0628","description":"Balea D\u00e9odorant Spray Extra Dry assure une protection longue dur\u00e9e contre la transpiration et les mauvaises odeurs. Formule l\u00e9g\u00e8re","robots":{"index":"index","follow":"follow","max-snippet":"max-snippet:-1","max-image-preview":"max-image-preview:large","max-video-preview":"max-video-preview:-1"},"canonical":"https:\/\/vitablanca.ma\/ar\/product-2\/balea-deodorant-spray-extra-dry\/","og_locale":"ar_AR","og_type":"article","og_title":"Balea - D\u00e9odorant spray Extra Dry - Maroc Prix","og_description":"Balea D\u00e9odorant Spray Extra Dry assure une protection longue dur\u00e9e contre la transpiration et les mauvaises odeurs. Formule l\u00e9g\u00e8re","og_url":"https:\/\/vitablanca.ma\/ar\/product-2\/balea-deodorant-spray-extra-dry\/","og_site_name":"Vitablanca.ma &ndash; Sant&eacute;, vitalit&eacute; et bien-&ecirc;tre pour tous les Marocains","article_publisher":"https:\/\/www.facebook.com\/profile.php?id=61576678196717","article_modified_time":"2026-01-27T22:39:54+00:00","og_image":[{"width":1201,"height":1200,"url":"https:\/\/vitablanca.ma\/wp-content\/uploads\/2025\/07\/4058172925870-989664114_313cf2e5-023e-4b89-985e-e9121a6429a6.png","type":"image\/png"}],"twitter_card":"summary_large_image","twitter_misc":{"\u0648\u0642\u062a \u0627\u0644\u0642\u0631\u0627\u0621\u0629 \u0627\u0644\u0645\u064f\u0642\u062f\u0651\u0631":"\u062f\u0642\u064a\u0642\u0629 \u0648\u0627\u062d\u062f\u0629"},"schema":{"@context":"https:\/\/schema.org","@graph":[{"@type":["WebPage","ItemPage"],"@id":"https:\/\/vitablanca.ma\/produit\/balea-deodorant-spray-extra-dry\/","url":"https:\/\/vitablanca.ma\/produit\/balea-deodorant-spray-extra-dry\/","name":"\u0645\u0632\u064a\u0644 \u0639\u0631\u0642 \u0628\u062e\u0627\u062e \u0625\u0643\u0633\u062a\u0631\u0627 \u062f\u0631\u0627\u064a \u0645\u0646 \u0628\u0627\u0644\u064a\u0627 - \u0633\u0639\u0631 \u0627\u0644\u0645\u063a\u0631\u0628","isPartOf":{"@id":"https:\/\/vitablanca.ma\/#website"},"primaryImageOfPage":{"@id":"https:\/\/vitablanca.ma\/produit\/balea-deodorant-spray-extra-dry\/#primaryimage"},"image":{"@id":"https:\/\/vitablanca.ma\/produit\/balea-deodorant-spray-extra-dry\/#primaryimage"},"thumbnailUrl":"https:\/\/vitablanca.ma\/wp-content\/uploads\/2025\/07\/4058172925870-989664114_313cf2e5-023e-4b89-985e-e9121a6429a6.png","datePublished":"2025-07-10T18:23:17+00:00","dateModified":"2026-01-27T22:39:54+00:00","description":"Balea D\u00e9odorant Spray Extra Dry assure une protection longue dur\u00e9e contre la transpiration et les mauvaises odeurs. Formule l\u00e9g\u00e8re","breadcrumb":{"@id":"https:\/\/vitablanca.ma\/produit\/balea-deodorant-spray-extra-dry\/#breadcrumb"},"inLanguage":"ar","potentialAction":[{"@type":"ReadAction","target":["https:\/\/vitablanca.ma\/produit\/balea-deodorant-spray-extra-dry\/"]}]},{"@type":"ImageObject","inLanguage":"ar","@id":"https:\/\/vitablanca.ma\/produit\/balea-deodorant-spray-extra-dry\/#primaryimage","url":"https:\/\/vitablanca.ma\/wp-content\/uploads\/2025\/07\/4058172925870-989664114_313cf2e5-023e-4b89-985e-e9121a6429a6.png","contentUrl":"https:\/\/vitablanca.ma\/wp-content\/uploads\/2025\/07\/4058172925870-989664114_313cf2e5-023e-4b89-985e-e9121a6429a6.png","width":1201,"height":1200},{"@type":"BreadcrumbList","@id":"https:\/\/vitablanca.ma\/produit\/balea-deodorant-spray-extra-dry\/#breadcrumb","itemListElement":[{"@type":"ListItem","position":1,"name":"Home","item":"https:\/\/vitablanca.ma\/"},{"@type":"ListItem","position":2,"name":"Tous Les Produits","item":"https:\/\/vitablanca.ma\/tous-les-produits\/"},{"@type":"ListItem","position":3,"name":"Balea &#8211; D\u00e9odorant spray Extra Dry"}]},{"@type":"WebSite","@id":"https:\/\/vitablanca.ma\/#website","url":"https:\/\/vitablanca.ma\/","name":"VitaBlanca.ma | \u0627\u0644\u0645\u0643\u0645\u0644\u0627\u062a \u0627\u0644\u063a\u0630\u0627\u0626\u064a\u0629\u060c \u0627\u0644\u0635\u062d\u0629 \u0648\u0627\u0644\u062c\u0645\u0627\u0644 \u0641\u064a \u0627\u0644\u0645\u063a\u0631\u0628","description":"\u0646\u0628\u064a\u0639 \u0641\u064a\u062a\u0627\u0645\u064a\u0646\u0627\u062a \u0648\u0645\u0643\u0645\u0644\u0627\u062a \u063a\u0630\u0627\u0626\u064a\u0629 \u0641\u0627\u062e\u0631\u0629 \u0645\u0646 \u0627\u0644\u0648\u0644\u0627\u064a\u0627\u062a \u0627\u0644\u0645\u062a\u062d\u062f\u0629 \u0627\u0644\u0623\u0645\u0631\u064a\u0643\u064a\u0629 \u0648\u0643\u0646\u062f\u0627 \u0648\u0646\u064a\u0648\u0632\u064a\u0644\u0646\u062f\u0627 \u0648\u0627\u0644\u0645\u063a\u0631\u0628 (\u0646\u0627\u0648 \u0641\u0648\u062f\u0632\u060c \u0633\u0648\u0644\u062c\u0627\u0631\u060c \u0645\u0627\u0646\u0648\u0643\u0627). \u062a\u0648\u0635\u064a\u0644 \u0633\u0631\u064a\u0639 \u0625\u0644\u0649 \u062c\u0645\u064a\u0639 \u0623\u0646\u062d\u0627\u0621 \u0627\u0644\u0645\u063a\u0631\u0628.","publisher":{"@id":"https:\/\/vitablanca.ma\/#organization"},"alternateName":"VitaBlanca.ma","potentialAction":[{"@type":"SearchAction","target":{"@type":"EntryPoint","urlTemplate":"https:\/\/vitablanca.ma\/?s={search_term_string}"},"query-input":{"@type":"PropertyValueSpecification","valueRequired":true,"valueName":"search_term_string"}}],"inLanguage":"ar"},{"@type":"Organization","@id":"https:\/\/vitablanca.ma\/#organization","name":"\u0641\u064a\u062a\u0627\u0628\u0644\u0627\u0646\u0643\u0627","url":"https:\/\/vitablanca.ma\/","logo":{"@type":"ImageObject","inLanguage":"ar","@id":"https:\/\/vitablanca.ma\/#\/schema\/logo\/image\/","url":"https:\/\/vitablanca.ma\/wp-content\/uploads\/2025\/05\/cropped-vitablanca.png","contentUrl":"https:\/\/vitablanca.ma\/wp-content\/uploads\/2025\/05\/cropped-vitablanca.png","width":360,"height":67,"caption":"VitaBlanca"},"image":{"@id":"https:\/\/vitablanca.ma\/#\/schema\/logo\/image\/"},"sameAs":["https:\/\/www.facebook.com\/profile.php?id=61576678196717","https:\/\/www.tiktok.com\/@vitablanca.ma","https:\/\/www.instagram.com\/vitablanca.ma\/"]}]}},"jetpack_sharing_enabled":true,"_links":{"self":[{"href":"https:\/\/vitablanca.ma\/ar\/wp-json\/wp\/v2\/product\/23714","targetHints":{"allow":["GET"]}}],"collection":[{"href":"https:\/\/vitablanca.ma\/ar\/wp-json\/wp\/v2\/product"}],"about":[{"href":"https:\/\/vitablanca.ma\/ar\/wp-json\/wp\/v2\/types\/product"}],"wp:featuredmedia":[{"embeddable":true,"href":"https:\/\/vitablanca.ma\/ar\/wp-json\/wp\/v2\/media\/23712"}],"wp:attachment":[{"href":"https:\/\/vitablanca.ma\/ar\/wp-json\/wp\/v2\/media?parent=23714"}],"wp:term":[{"taxonomy":"product_brand","embeddable":true,"href":"https:\/\/vitablanca.ma\/ar\/wp-json\/wp\/v2\/product_brand?post=23714"},{"taxonomy":"product_cat","embeddable":true,"href":"https:\/\/vitablanca.ma\/ar\/wp-json\/wp\/v2\/product_cat?post=23714"},{"taxonomy":"product_tag","embeddable":true,"href":"https:\/\/vitablanca.ma\/ar\/wp-json\/wp\/v2\/product_tag?post=23714"}],"curies":[{"name":"wp","href":"https:\/\/api.w.org\/{rel}","templated":true}]}}