{"id":23708,"date":"2025-07-10T18:22:50","date_gmt":"2025-07-10T18:22:50","guid":{"rendered":"https:\/\/vitablanca.ma\/product\/balea-2in1-protection-thermique-fixation\/"},"modified":"2026-01-27T22:46:26","modified_gmt":"2026-01-27T22:46:26","slug":"balea-2in1-protection-thermique-fixation","status":"publish","type":"product","link":"https:\/\/vitablanca.ma\/ar\/product-2\/balea-2in1-protection-thermique-fixation\/","title":{"rendered":"\u0628\u0627\u0644\u064a\u0627 - \u062d\u0645\u0627\u064a\u0629 \u062d\u0631\u0627\u0631\u064a\u0629 \u0648\u062a\u062b\u0628\u064a\u062a 2 \u0641\u064a 1"},"content":{"rendered":"<h3>\ud83d\udd25 Prot\u00e8ge & fixe \ud83d\udc81\u2640\ufe0f Cheveux au top toute la journ\u00e9e \u2728<\/h3>\n<ul>\n<li>Sans alcool, Sans colorant, Sans nanoparticules, Sans parab\u00e8ne, Sans paraffine \/ huiles min\u00e9rales, pH neutre pour la peau<\/li>\n<li>Protection contre la chaleur et maintien des cheveux<\/li>\n<li>Pour l\u2019utilisation d\u2019un fer \u00e0 friser ou \u00e0 lisser<\/li>\n<li>Soigne gr\u00e2ce \u00e0 la k\u00e9ratine, au panth\u00e9nol et \u00e0 la b\u00e9ta\u00efne<\/li>\n<li>Utilisable pour le styling \u00e0 la chaleur jusqu\u2019\u00e0 220\u00b0 C<\/li>\n<li>\u062e\u0627\u0644\u064a \u0645\u0646 \u0627\u0644\u0633\u064a\u0644\u064a\u0643\u0648\u0646<\/li>\n<li>150 \u0645\u0644<\/li>\n<\/ul>\n<h4><strong><span style=\"font-size: 11pt; line-height: 104%; font-family: 'Segoe UI Emoji', sans-serif;\">\ud83d\udccc<\/span><span lang=\"EN-US\" style=\"font-size: 11pt; line-height: 104%; font-family: Arial, sans-serif;\"> \u0648\u0635\u0641 \u0627\u0644\u0645\u0646\u062a\u062c<\/span><\/strong><\/h4>\n<p>Le 2in1 Boucle-Styling Hitzeschutz & Halt de Balea sert \u00e0 obtenir une chevelure boucl\u00e9e sainement styl\u00e9e, offre une protection contre la chaleur et assure une tenue de longue dur\u00e9e gr\u00e2ce au polym\u00e8re de styling qu\u2019il contient. De plus, le spray coiffant assure un effet soignant gr\u00e2ce \u00e0 la k\u00e9ratine, au panth\u00e9nol et \u00e0 la b\u00e9ta\u00efne qu\u2019il contient. De plus, le spray peut \u00eatre utilis\u00e9 jusqu\u2019\u00e0 220\u00b0 C en cas d\u2019utilisation d\u2019un fer \u00e0 friser ou \u00e0 lisser ! Un v\u00e9ritable produit polyvalent avec une protection contre la chaleur et un effet soignant !<\/p>\n<h4><strong><span style=\"font-size: 11pt; line-height: 104%; font-family: 'Segoe UI Emoji', sans-serif;\">\ud83d\udca1<\/span><span lang=\"EN-US\" style=\"font-size: 11pt; line-height: 104%; font-family: Arial, sans-serif;\"> \u0637\u0631\u064a\u0642\u0629 \u0627\u0644\u0627\u0633\u062a\u062e\u062f\u0627\u0645<\/span><\/strong><\/h4>\n<p>Vaporiser le spray coiffant pour boucles sur cheveux secs ou essor\u00e9s et coiffer ensuite. Peut \u00e9galement \u00eatre vaporis\u00e9 sur les cheveux apr\u00e8s le styling pour consolider la coiffure.<\/p>","protected":false},"excerpt":{"rendered":"<p>\ud83d\udd25 Prot\u00e8ge &#038; fixe \ud83d\udc81\u2640\ufe0f Cheveux au top toute la journ\u00e9e \u2728 Sans alcool, Sans colorant, Sans nanoparticules, Sans parab\u00e8ne, Sans paraffine \/ huiles min\u00e9rales, pH neutre pour la peau Protection contre la chaleur et maintien des cheveux Pour l\u2019utilisation d\u2019un fer \u00e0 friser ou \u00e0 lisser Soigne gr\u00e2ce \u00e0 la k\u00e9ratine, au panth\u00e9nol et [&hellip;]<\/p>\n","protected":false},"featured_media":23706,"template":"","meta":{"om_disable_all_campaigns":false},"product_brand":[3236],"product_cat":[18],"product_tag":[3237,3240,3238,3239,3241,6586],"class_list":{"0":"post-23708","1":"product","2":"type-product","3":"status-publish","4":"has-post-thumbnail","6":"product_brand-balea-dm-prix-maroc","7":"product_cat-beaute-sante","8":"product_tag-balea","9":"product_tag-balea-dm","10":"product_tag-balea-maroc","11":"product_tag-balea-morocco","12":"product_tag-dm-maroc","13":"product_tag-le-balea-2in1-protection-thermique-fixation-est-un-soin-coiffant-innovant-qui-protege-les-cheveux-contre-la-chaleur-des-appareils-coiffants-tout-en-offrant-une-fixation-legere-et-naturelle","15":"first","16":"instock","17":"taxable","18":"shipping-taxable","19":"purchasable","20":"product-type-simple"},"yoast_head":"<!-- This site is optimized with the Yoast SEO plugin v27.5 - https:\/\/yoast.com\/product\/yoast-seo-wordpress\/ -->\n<title>Balea 2in1 Protection Thermique &amp; Fixation - Maroc Prix<\/title>\n<meta name=\"description\" content=\"Balea 2in1 Protection Thermique &amp; Fixation prot\u00e8ge les cheveux contre la chaleur du s\u00e8che-cheveux et du lisseur tout en assurant une fixation l\u00e9g\u00e8re\" \/>\n<meta name=\"robots\" content=\"index, follow, max-snippet:-1, max-image-preview:large, max-video-preview:-1\" \/>\n<link rel=\"canonical\" href=\"https:\/\/vitablanca.ma\/ar\/product-2\/balea-2in1-protection-thermique-fixation\/\" \/>\n<meta property=\"og:locale\" content=\"ar_AR\" \/>\n<meta property=\"og:type\" content=\"article\" \/>\n<meta property=\"og:title\" content=\"Balea 2in1 Protection Thermique &amp; Fixation - Maroc Prix\" \/>\n<meta property=\"og:description\" content=\"Balea 2in1 Protection Thermique &amp; Fixation prot\u00e8ge les cheveux contre la chaleur du s\u00e8che-cheveux et du lisseur tout en assurant une fixation l\u00e9g\u00e8re\" \/>\n<meta property=\"og:url\" content=\"https:\/\/vitablanca.ma\/ar\/product-2\/balea-2in1-protection-thermique-fixation\/\" \/>\n<meta property=\"og:site_name\" content=\"Vitablanca.ma &ndash; Sant&eacute;, vitalit&eacute; et bien-&ecirc;tre pour tous les Marocains\" \/>\n<meta property=\"article:publisher\" content=\"https:\/\/www.facebook.com\/profile.php?id=61576678196717\" \/>\n<meta property=\"article:modified_time\" content=\"2026-01-27T22:46:26+00:00\" \/>\n<meta property=\"og:image\" content=\"https:\/\/vitablanca.ma\/wp-content\/uploads\/2025\/07\/balea-2in1-locken-styling-hitzeschut1z-und-halt.jpg\" \/>\n\t<meta property=\"og:image:width\" content=\"1199\" \/>\n\t<meta property=\"og:image:height\" content=\"1200\" \/>\n\t<meta property=\"og:image:type\" content=\"image\/jpeg\" \/>\n<meta name=\"twitter:card\" content=\"summary_large_image\" \/>\n<meta name=\"twitter:label1\" content=\"\u0648\u0642\u062a \u0627\u0644\u0642\u0631\u0627\u0621\u0629 \u0627\u0644\u0645\u064f\u0642\u062f\u0651\u0631\" \/>\n\t<meta name=\"twitter:data1\" content=\"\u062f\u0642\u064a\u0642\u062a\u0627\u0646\" \/>\n<script type=\"application\/ld+json\" class=\"yoast-schema-graph\">{\"@context\":\"https:\\\/\\\/schema.org\",\"@graph\":[{\"@type\":[\"WebPage\",\"ItemPage\"],\"@id\":\"https:\\\/\\\/vitablanca.ma\\\/produit\\\/balea-2in1-protection-thermique-fixation\\\/\",\"url\":\"https:\\\/\\\/vitablanca.ma\\\/produit\\\/balea-2in1-protection-thermique-fixation\\\/\",\"name\":\"Balea 2in1 Protection Thermique & Fixation - Maroc Prix\",\"isPartOf\":{\"@id\":\"https:\\\/\\\/vitablanca.ma\\\/#website\"},\"primaryImageOfPage\":{\"@id\":\"https:\\\/\\\/vitablanca.ma\\\/produit\\\/balea-2in1-protection-thermique-fixation\\\/#primaryimage\"},\"image\":{\"@id\":\"https:\\\/\\\/vitablanca.ma\\\/produit\\\/balea-2in1-protection-thermique-fixation\\\/#primaryimage\"},\"thumbnailUrl\":\"https:\\\/\\\/vitablanca.ma\\\/wp-content\\\/uploads\\\/2025\\\/07\\\/balea-2in1-locken-styling-hitzeschut1z-und-halt.jpg\",\"datePublished\":\"2025-07-10T18:22:50+00:00\",\"dateModified\":\"2026-01-27T22:46:26+00:00\",\"description\":\"Balea 2in1 Protection Thermique & Fixation prot\u00e8ge les cheveux contre la chaleur du s\u00e8che-cheveux et du lisseur tout en assurant une fixation l\u00e9g\u00e8re\",\"breadcrumb\":{\"@id\":\"https:\\\/\\\/vitablanca.ma\\\/produit\\\/balea-2in1-protection-thermique-fixation\\\/#breadcrumb\"},\"inLanguage\":\"ar\",\"potentialAction\":[{\"@type\":\"ReadAction\",\"target\":[\"https:\\\/\\\/vitablanca.ma\\\/produit\\\/balea-2in1-protection-thermique-fixation\\\/\"]}]},{\"@type\":\"ImageObject\",\"inLanguage\":\"ar\",\"@id\":\"https:\\\/\\\/vitablanca.ma\\\/produit\\\/balea-2in1-protection-thermique-fixation\\\/#primaryimage\",\"url\":\"https:\\\/\\\/vitablanca.ma\\\/wp-content\\\/uploads\\\/2025\\\/07\\\/balea-2in1-locken-styling-hitzeschut1z-und-halt.jpg\",\"contentUrl\":\"https:\\\/\\\/vitablanca.ma\\\/wp-content\\\/uploads\\\/2025\\\/07\\\/balea-2in1-locken-styling-hitzeschut1z-und-halt.jpg\",\"width\":1199,\"height\":1200},{\"@type\":\"BreadcrumbList\",\"@id\":\"https:\\\/\\\/vitablanca.ma\\\/produit\\\/balea-2in1-protection-thermique-fixation\\\/#breadcrumb\",\"itemListElement\":[{\"@type\":\"ListItem\",\"position\":1,\"name\":\"Home\",\"item\":\"https:\\\/\\\/vitablanca.ma\\\/\"},{\"@type\":\"ListItem\",\"position\":2,\"name\":\"Tous Les Produits\",\"item\":\"https:\\\/\\\/vitablanca.ma\\\/tous-les-produits\\\/\"},{\"@type\":\"ListItem\",\"position\":3,\"name\":\"Balea &#8211; 2in1 Protection thermique &amp; Fixation\"}]},{\"@type\":\"WebSite\",\"@id\":\"https:\\\/\\\/vitablanca.ma\\\/#website\",\"url\":\"https:\\\/\\\/vitablanca.ma\\\/\",\"name\":\"VitaBlanca.ma | Compl\u00e9ments alimentaires, sant\u00e9 & beaut\u00e9 au Maroc\",\"description\":\"vendre vitamines et compl\u00e9ments premium des USA &amp; Canada, Nouvelle Z\u00e9lande,Maroc (NOW Foods, Solgar, Manuka). Livraison rapide partout au Maroc.\",\"publisher\":{\"@id\":\"https:\\\/\\\/vitablanca.ma\\\/#organization\"},\"alternateName\":\"VitaBlanca.ma\",\"potentialAction\":[{\"@type\":\"SearchAction\",\"target\":{\"@type\":\"EntryPoint\",\"urlTemplate\":\"https:\\\/\\\/vitablanca.ma\\\/?s={search_term_string}\"},\"query-input\":{\"@type\":\"PropertyValueSpecification\",\"valueRequired\":true,\"valueName\":\"search_term_string\"}}],\"inLanguage\":\"ar\"},{\"@type\":\"Organization\",\"@id\":\"https:\\\/\\\/vitablanca.ma\\\/#organization\",\"name\":\"VitaBlanca\",\"url\":\"https:\\\/\\\/vitablanca.ma\\\/\",\"logo\":{\"@type\":\"ImageObject\",\"inLanguage\":\"ar\",\"@id\":\"https:\\\/\\\/vitablanca.ma\\\/#\\\/schema\\\/logo\\\/image\\\/\",\"url\":\"https:\\\/\\\/vitablanca.ma\\\/wp-content\\\/uploads\\\/2025\\\/05\\\/cropped-vitablanca.png\",\"contentUrl\":\"https:\\\/\\\/vitablanca.ma\\\/wp-content\\\/uploads\\\/2025\\\/05\\\/cropped-vitablanca.png\",\"width\":360,\"height\":67,\"caption\":\"VitaBlanca\"},\"image\":{\"@id\":\"https:\\\/\\\/vitablanca.ma\\\/#\\\/schema\\\/logo\\\/image\\\/\"},\"sameAs\":[\"https:\\\/\\\/www.facebook.com\\\/profile.php?id=61576678196717\",\"https:\\\/\\\/www.tiktok.com\\\/@vitablanca.ma\",\"https:\\\/\\\/www.instagram.com\\\/vitablanca.ma\\\/\"]}]}<\/script>\n<!-- \/ Yoast SEO plugin. -->","yoast_head_json":{"title":"Balea 2in1 Protection Thermique & Fixation - Maroc Prix","description":"Balea 2in1 Protection Thermique & Fixation prot\u00e8ge les cheveux contre la chaleur du s\u00e8che-cheveux et du lisseur tout en assurant une fixation l\u00e9g\u00e8re","robots":{"index":"index","follow":"follow","max-snippet":"max-snippet:-1","max-image-preview":"max-image-preview:large","max-video-preview":"max-video-preview:-1"},"canonical":"https:\/\/vitablanca.ma\/ar\/product-2\/balea-2in1-protection-thermique-fixation\/","og_locale":"ar_AR","og_type":"article","og_title":"Balea 2in1 Protection Thermique & Fixation - Maroc Prix","og_description":"Balea 2in1 Protection Thermique & Fixation prot\u00e8ge les cheveux contre la chaleur du s\u00e8che-cheveux et du lisseur tout en assurant une fixation l\u00e9g\u00e8re","og_url":"https:\/\/vitablanca.ma\/ar\/product-2\/balea-2in1-protection-thermique-fixation\/","og_site_name":"Vitablanca.ma &ndash; Sant&eacute;, vitalit&eacute; et bien-&ecirc;tre pour tous les Marocains","article_publisher":"https:\/\/www.facebook.com\/profile.php?id=61576678196717","article_modified_time":"2026-01-27T22:46:26+00:00","og_image":[{"width":1199,"height":1200,"url":"https:\/\/vitablanca.ma\/wp-content\/uploads\/2025\/07\/balea-2in1-locken-styling-hitzeschut1z-und-halt.jpg","type":"image\/jpeg"}],"twitter_card":"summary_large_image","twitter_misc":{"\u0648\u0642\u062a \u0627\u0644\u0642\u0631\u0627\u0621\u0629 \u0627\u0644\u0645\u064f\u0642\u062f\u0651\u0631":"\u062f\u0642\u064a\u0642\u062a\u0627\u0646"},"schema":{"@context":"https:\/\/schema.org","@graph":[{"@type":["WebPage","ItemPage"],"@id":"https:\/\/vitablanca.ma\/produit\/balea-2in1-protection-thermique-fixation\/","url":"https:\/\/vitablanca.ma\/produit\/balea-2in1-protection-thermique-fixation\/","name":"Balea 2in1 Protection Thermique & Fixation - Maroc Prix","isPartOf":{"@id":"https:\/\/vitablanca.ma\/#website"},"primaryImageOfPage":{"@id":"https:\/\/vitablanca.ma\/produit\/balea-2in1-protection-thermique-fixation\/#primaryimage"},"image":{"@id":"https:\/\/vitablanca.ma\/produit\/balea-2in1-protection-thermique-fixation\/#primaryimage"},"thumbnailUrl":"https:\/\/vitablanca.ma\/wp-content\/uploads\/2025\/07\/balea-2in1-locken-styling-hitzeschut1z-und-halt.jpg","datePublished":"2025-07-10T18:22:50+00:00","dateModified":"2026-01-27T22:46:26+00:00","description":"Balea 2in1 Protection Thermique & Fixation prot\u00e8ge les cheveux contre la chaleur du s\u00e8che-cheveux et du lisseur tout en assurant une fixation l\u00e9g\u00e8re","breadcrumb":{"@id":"https:\/\/vitablanca.ma\/produit\/balea-2in1-protection-thermique-fixation\/#breadcrumb"},"inLanguage":"ar","potentialAction":[{"@type":"ReadAction","target":["https:\/\/vitablanca.ma\/produit\/balea-2in1-protection-thermique-fixation\/"]}]},{"@type":"ImageObject","inLanguage":"ar","@id":"https:\/\/vitablanca.ma\/produit\/balea-2in1-protection-thermique-fixation\/#primaryimage","url":"https:\/\/vitablanca.ma\/wp-content\/uploads\/2025\/07\/balea-2in1-locken-styling-hitzeschut1z-und-halt.jpg","contentUrl":"https:\/\/vitablanca.ma\/wp-content\/uploads\/2025\/07\/balea-2in1-locken-styling-hitzeschut1z-und-halt.jpg","width":1199,"height":1200},{"@type":"BreadcrumbList","@id":"https:\/\/vitablanca.ma\/produit\/balea-2in1-protection-thermique-fixation\/#breadcrumb","itemListElement":[{"@type":"ListItem","position":1,"name":"Home","item":"https:\/\/vitablanca.ma\/"},{"@type":"ListItem","position":2,"name":"Tous Les Produits","item":"https:\/\/vitablanca.ma\/tous-les-produits\/"},{"@type":"ListItem","position":3,"name":"Balea &#8211; 2in1 Protection thermique &amp; Fixation"}]},{"@type":"WebSite","@id":"https:\/\/vitablanca.ma\/#website","url":"https:\/\/vitablanca.ma\/","name":"VitaBlanca.ma | \u0627\u0644\u0645\u0643\u0645\u0644\u0627\u062a \u0627\u0644\u063a\u0630\u0627\u0626\u064a\u0629\u060c \u0627\u0644\u0635\u062d\u0629 \u0648\u0627\u0644\u062c\u0645\u0627\u0644 \u0641\u064a \u0627\u0644\u0645\u063a\u0631\u0628","description":"\u0646\u0628\u064a\u0639 \u0641\u064a\u062a\u0627\u0645\u064a\u0646\u0627\u062a \u0648\u0645\u0643\u0645\u0644\u0627\u062a \u063a\u0630\u0627\u0626\u064a\u0629 \u0641\u0627\u062e\u0631\u0629 \u0645\u0646 \u0627\u0644\u0648\u0644\u0627\u064a\u0627\u062a \u0627\u0644\u0645\u062a\u062d\u062f\u0629 \u0627\u0644\u0623\u0645\u0631\u064a\u0643\u064a\u0629 \u0648\u0643\u0646\u062f\u0627 \u0648\u0646\u064a\u0648\u0632\u064a\u0644\u0646\u062f\u0627 \u0648\u0627\u0644\u0645\u063a\u0631\u0628 (\u0646\u0627\u0648 \u0641\u0648\u062f\u0632\u060c \u0633\u0648\u0644\u062c\u0627\u0631\u060c \u0645\u0627\u0646\u0648\u0643\u0627). \u062a\u0648\u0635\u064a\u0644 \u0633\u0631\u064a\u0639 \u0625\u0644\u0649 \u062c\u0645\u064a\u0639 \u0623\u0646\u062d\u0627\u0621 \u0627\u0644\u0645\u063a\u0631\u0628.","publisher":{"@id":"https:\/\/vitablanca.ma\/#organization"},"alternateName":"VitaBlanca.ma","potentialAction":[{"@type":"SearchAction","target":{"@type":"EntryPoint","urlTemplate":"https:\/\/vitablanca.ma\/?s={search_term_string}"},"query-input":{"@type":"PropertyValueSpecification","valueRequired":true,"valueName":"search_term_string"}}],"inLanguage":"ar"},{"@type":"Organization","@id":"https:\/\/vitablanca.ma\/#organization","name":"\u0641\u064a\u062a\u0627\u0628\u0644\u0627\u0646\u0643\u0627","url":"https:\/\/vitablanca.ma\/","logo":{"@type":"ImageObject","inLanguage":"ar","@id":"https:\/\/vitablanca.ma\/#\/schema\/logo\/image\/","url":"https:\/\/vitablanca.ma\/wp-content\/uploads\/2025\/05\/cropped-vitablanca.png","contentUrl":"https:\/\/vitablanca.ma\/wp-content\/uploads\/2025\/05\/cropped-vitablanca.png","width":360,"height":67,"caption":"VitaBlanca"},"image":{"@id":"https:\/\/vitablanca.ma\/#\/schema\/logo\/image\/"},"sameAs":["https:\/\/www.facebook.com\/profile.php?id=61576678196717","https:\/\/www.tiktok.com\/@vitablanca.ma","https:\/\/www.instagram.com\/vitablanca.ma\/"]}]}},"jetpack_sharing_enabled":true,"_links":{"self":[{"href":"https:\/\/vitablanca.ma\/ar\/wp-json\/wp\/v2\/product\/23708","targetHints":{"allow":["GET"]}}],"collection":[{"href":"https:\/\/vitablanca.ma\/ar\/wp-json\/wp\/v2\/product"}],"about":[{"href":"https:\/\/vitablanca.ma\/ar\/wp-json\/wp\/v2\/types\/product"}],"wp:featuredmedia":[{"embeddable":true,"href":"https:\/\/vitablanca.ma\/ar\/wp-json\/wp\/v2\/media\/23706"}],"wp:attachment":[{"href":"https:\/\/vitablanca.ma\/ar\/wp-json\/wp\/v2\/media?parent=23708"}],"wp:term":[{"taxonomy":"product_brand","embeddable":true,"href":"https:\/\/vitablanca.ma\/ar\/wp-json\/wp\/v2\/product_brand?post=23708"},{"taxonomy":"product_cat","embeddable":true,"href":"https:\/\/vitablanca.ma\/ar\/wp-json\/wp\/v2\/product_cat?post=23708"},{"taxonomy":"product_tag","embeddable":true,"href":"https:\/\/vitablanca.ma\/ar\/wp-json\/wp\/v2\/product_tag?post=23708"}],"curies":[{"name":"wp","href":"https:\/\/api.w.org\/{rel}","templated":true}]}}