{"id":23701,"date":"2025-07-10T18:22:36","date_gmt":"2025-07-10T18:22:36","guid":{"rendered":"https:\/\/vitablanca.ma\/product\/parfum-pour-les-cheveux-beautiful-scent-100-ml\/"},"modified":"2026-01-27T23:20:19","modified_gmt":"2026-01-27T23:20:19","slug":"parfum-pour-les-cheveux-beautiful-scent-100-ml","status":"publish","type":"product","link":"https:\/\/vitablanca.ma\/ar\/product-2\/parfum-pour-les-cheveux-beautiful-scent-100-ml\/","title":{"rendered":"\u0639\u0637\u0631 \u0634\u0639\u0631 \u0628\u0631\u0627\u0626\u062d\u0629 \u062c\u0645\u064a\u0644\u0629\u060c 100 \u0645\u0644"},"content":{"rendered":"<ul data-mce-fragment=\"1\">\n<li data-mce-fragment=\"1\">\u0646\u0648\u0639 \u0627\u0644\u0634\u0639\u0631:\u0634\u0639\u0631 \u0639\u0627\u062f\u064a<\/li>\n<li data-mce-fragment=\"1\">\u0645\u0645\u064a\u0632\u0627\u062a \u0627\u0644\u0645\u0646\u062a\u062c: \u062e\u0627\u0644\u064a \u0645\u0646 \u0627\u0644\u0623\u0645\u0648\u0646\u064a\u0627\u060c \u062e\u0627\u0644\u064a \u0645\u0646 \u0627\u0644\u0633\u064a\u0644\u064a\u0643\u0648\u0646\u060c \u062e\u0627\u0644\u064a \u0645\u0646 \u0627\u0644\u0643\u0628\u0631\u064a\u062a\u0627\u062a\u060c \u0646\u0628\u0627\u062a\u064a<\/li>\n<li data-mce-fragment=\"1\">\u0645\u0639 \u0631\u0627\u0626\u062d\u0629 \u0623\u0646\u064a\u0642\u0629<\/li>\n<li data-mce-fragment=\"1\">\u0643\u0644 \u064a\u0648\u0645\u060c &quot;\u0627\u0644\u0634\u0639\u0648\u0631 \u0628\u0627\u0644\u0627\u0646\u062a\u0639\u0627\u0634 \u0627\u0644\u0630\u064a \u064a\u0634\u0639\u0631 \u0628\u0647 \u0645\u0635\u0641\u0641 \u0627\u0644\u0634\u0639\u0631&quot;.<\/li>\n<li data-mce-fragment=\"1\">\u0644\u0644\u062d\u0635\u0648\u0644 \u0639\u0644\u0649 \u0644\u0645\u0639\u0627\u0646 \u0637\u0628\u064a\u0639\u064a<\/li>\n<li data-mce-fragment=\"1\">\u0645\u0639 \u0627\u0644\u0628\u0627\u0646\u062b\u064a\u0646\u0648\u0644<\/li>\n<\/ul>\n<p data-mce-fragment=\"1\">\n<p data-mce-fragment=\"1\">Le parfum pour cheveux Beautiful Scent de Balea Professional assure une exp\u00e9rience olfactive de longue dur\u00e9e gr\u00e2ce \u00e0 sa formule de haute qualit\u00e9. Le parfum \u00e9l\u00e9gant offre aux cheveux une \u00ab\u00a0sensation de fra\u00eecheur du coiffeur\u00a0\u00bb, tous les jours \u2013 sans les alourdir. Le panth\u00e9nol rend les cheveux doux et souples, am\u00e9liore le d\u00e9m\u00ealage et leur conf\u00e8re une brillance naturelle. Pour des cheveux durablement parfum\u00e9s et souples. Formule sans microplastiques ni polym\u00e8res purement synth\u00e9tiques solubles dans l\u2019eau.<\/p>\n<p data-mce-fragment=\"1\">\n<p data-mce-fragment=\"1\">Vaporiser le parfum capillaire selon les besoins \u00e0 une distance d\u2019environ 20 cm sur les cheveux secs.<\/p>","protected":false},"excerpt":{"rendered":"<p>Type de cheveux:Cheveux normaux Caract\u00e9ristiques du produit:Sans ammoniaque, sans silicone, sans sulfate, v\u00e9g\u00e9talien Avec un parfum \u00e9l\u00e9gant Chaque jour, la \u00ab\u00a0sensation de fra\u00eecheur du coiffeur\u00a0\u00bb. Pour une brillance naturelle Avec du panth\u00e9nol Le parfum pour cheveux Beautiful Scent de Balea Professional assure une exp\u00e9rience olfactive de longue dur\u00e9e gr\u00e2ce \u00e0 sa formule de haute qualit\u00e9. [&hellip;]<\/p>\n","protected":false},"featured_media":23699,"template":"","meta":{"om_disable_all_campaigns":false},"product_brand":[3236],"product_cat":[18],"product_tag":[3237,3240,3238,3239,6601,3241,6598,6603,6596,6599,6604,6600,6602,6597],"class_list":{"0":"post-23701","1":"product","2":"type-product","3":"status-publish","4":"has-post-thumbnail","6":"product_brand-balea-dm-prix-maroc","7":"product_cat-beaute-sante","8":"product_tag-balea","9":"product_tag-balea-dm","10":"product_tag-balea-maroc","11":"product_tag-balea-morocco","12":"product_tag-cheveux-frais-parfumes","13":"product_tag-dm-maroc","14":"product_tag-fragrance-cheveux-longue-duree","15":"product_tag-parfum-cheveux-balea","16":"product_tag-parfum-cheveux-beautiful-scent","17":"product_tag-parfum-cheveux-leger","18":"product_tag-parfum-doux-cheveux","19":"product_tag-soin-parfume-cheveux","20":"product_tag-spray-cheveux-100-ml","21":"product_tag-spray-parfume-cheveux","23":"first","24":"instock","25":"taxable","26":"shipping-taxable","27":"purchasable","28":"product-type-simple"},"yoast_head":"<!-- This site is optimized with the Yoast SEO plugin v27.5 - https:\/\/yoast.com\/product\/yoast-seo-wordpress\/ -->\n<title>Parfum pour les cheveux Beautiful Scent, 100 ml - Maroc Prix<\/title>\n<meta name=\"description\" content=\"Parfum pour les Cheveux Beautiful Scent 100 ml parfume d\u00e9licatement vos cheveux, laissant une fragrance fra\u00eeche et durable. Spray l\u00e9ger\" \/>\n<meta name=\"robots\" content=\"index, follow, max-snippet:-1, max-image-preview:large, max-video-preview:-1\" \/>\n<link rel=\"canonical\" href=\"https:\/\/vitablanca.ma\/ar\/product-2\/parfum-pour-les-cheveux-beautiful-scent-100-ml\/\" \/>\n<meta property=\"og:locale\" content=\"ar_AR\" \/>\n<meta property=\"og:type\" content=\"article\" \/>\n<meta property=\"og:title\" content=\"Parfum pour les cheveux Beautiful Scent, 100 ml - Maroc Prix\" \/>\n<meta property=\"og:description\" content=\"Parfum pour les Cheveux Beautiful Scent 100 ml parfume d\u00e9licatement vos cheveux, laissant une fragrance fra\u00eeche et durable. Spray l\u00e9ger\" \/>\n<meta property=\"og:url\" content=\"https:\/\/vitablanca.ma\/ar\/product-2\/parfum-pour-les-cheveux-beautiful-scent-100-ml\/\" \/>\n<meta property=\"og:site_name\" content=\"Vitablanca.ma &ndash; Sant&eacute;, vitalit&eacute; et bien-&ecirc;tre pour tous les Marocains\" \/>\n<meta property=\"article:publisher\" content=\"https:\/\/www.facebook.com\/profile.php?id=61576678196717\" \/>\n<meta property=\"article:modified_time\" content=\"2026-01-27T23:20:19+00:00\" \/>\n<meta property=\"og:image\" content=\"https:\/\/vitablanca.ma\/wp-content\/uploads\/2025\/07\/balea-professional-haarparfuem-beau1tiful-scent.jpg\" \/>\n\t<meta property=\"og:image:width\" content=\"1199\" \/>\n\t<meta property=\"og:image:height\" content=\"1200\" \/>\n\t<meta property=\"og:image:type\" content=\"image\/jpeg\" \/>\n<meta name=\"twitter:card\" content=\"summary_large_image\" \/>\n<meta name=\"twitter:label1\" content=\"\u0648\u0642\u062a \u0627\u0644\u0642\u0631\u0627\u0621\u0629 \u0627\u0644\u0645\u064f\u0642\u062f\u0651\u0631\" \/>\n\t<meta name=\"twitter:data1\" content=\"\u062f\u0642\u064a\u0642\u0629 \u0648\u0627\u062d\u062f\u0629\" \/>\n<script type=\"application\/ld+json\" class=\"yoast-schema-graph\">{\"@context\":\"https:\\\/\\\/schema.org\",\"@graph\":[{\"@type\":[\"WebPage\",\"ItemPage\"],\"@id\":\"https:\\\/\\\/vitablanca.ma\\\/produit\\\/parfum-pour-les-cheveux-beautiful-scent-100-ml\\\/\",\"url\":\"https:\\\/\\\/vitablanca.ma\\\/produit\\\/parfum-pour-les-cheveux-beautiful-scent-100-ml\\\/\",\"name\":\"Parfum pour les cheveux Beautiful Scent, 100 ml - Maroc Prix\",\"isPartOf\":{\"@id\":\"https:\\\/\\\/vitablanca.ma\\\/#website\"},\"primaryImageOfPage\":{\"@id\":\"https:\\\/\\\/vitablanca.ma\\\/produit\\\/parfum-pour-les-cheveux-beautiful-scent-100-ml\\\/#primaryimage\"},\"image\":{\"@id\":\"https:\\\/\\\/vitablanca.ma\\\/produit\\\/parfum-pour-les-cheveux-beautiful-scent-100-ml\\\/#primaryimage\"},\"thumbnailUrl\":\"https:\\\/\\\/vitablanca.ma\\\/wp-content\\\/uploads\\\/2025\\\/07\\\/balea-professional-haarparfuem-beau1tiful-scent.jpg\",\"datePublished\":\"2025-07-10T18:22:36+00:00\",\"dateModified\":\"2026-01-27T23:20:19+00:00\",\"description\":\"Parfum pour les Cheveux Beautiful Scent 100 ml parfume d\u00e9licatement vos cheveux, laissant une fragrance fra\u00eeche et durable. Spray l\u00e9ger\",\"breadcrumb\":{\"@id\":\"https:\\\/\\\/vitablanca.ma\\\/produit\\\/parfum-pour-les-cheveux-beautiful-scent-100-ml\\\/#breadcrumb\"},\"inLanguage\":\"ar\",\"potentialAction\":[{\"@type\":\"ReadAction\",\"target\":[\"https:\\\/\\\/vitablanca.ma\\\/produit\\\/parfum-pour-les-cheveux-beautiful-scent-100-ml\\\/\"]}]},{\"@type\":\"ImageObject\",\"inLanguage\":\"ar\",\"@id\":\"https:\\\/\\\/vitablanca.ma\\\/produit\\\/parfum-pour-les-cheveux-beautiful-scent-100-ml\\\/#primaryimage\",\"url\":\"https:\\\/\\\/vitablanca.ma\\\/wp-content\\\/uploads\\\/2025\\\/07\\\/balea-professional-haarparfuem-beau1tiful-scent.jpg\",\"contentUrl\":\"https:\\\/\\\/vitablanca.ma\\\/wp-content\\\/uploads\\\/2025\\\/07\\\/balea-professional-haarparfuem-beau1tiful-scent.jpg\",\"width\":1199,\"height\":1200},{\"@type\":\"BreadcrumbList\",\"@id\":\"https:\\\/\\\/vitablanca.ma\\\/produit\\\/parfum-pour-les-cheveux-beautiful-scent-100-ml\\\/#breadcrumb\",\"itemListElement\":[{\"@type\":\"ListItem\",\"position\":1,\"name\":\"Home\",\"item\":\"https:\\\/\\\/vitablanca.ma\\\/\"},{\"@type\":\"ListItem\",\"position\":2,\"name\":\"Tous Les Produits\",\"item\":\"https:\\\/\\\/vitablanca.ma\\\/tous-les-produits\\\/\"},{\"@type\":\"ListItem\",\"position\":3,\"name\":\"Parfum pour les cheveux Beautiful Scent, 100 ml\"}]},{\"@type\":\"WebSite\",\"@id\":\"https:\\\/\\\/vitablanca.ma\\\/#website\",\"url\":\"https:\\\/\\\/vitablanca.ma\\\/\",\"name\":\"VitaBlanca.ma | Compl\u00e9ments alimentaires, sant\u00e9 & beaut\u00e9 au Maroc\",\"description\":\"vendre vitamines et compl\u00e9ments premium des USA &amp; Canada, Nouvelle Z\u00e9lande,Maroc (NOW Foods, Solgar, Manuka). Livraison rapide partout au Maroc.\",\"publisher\":{\"@id\":\"https:\\\/\\\/vitablanca.ma\\\/#organization\"},\"alternateName\":\"VitaBlanca.ma\",\"potentialAction\":[{\"@type\":\"SearchAction\",\"target\":{\"@type\":\"EntryPoint\",\"urlTemplate\":\"https:\\\/\\\/vitablanca.ma\\\/?s={search_term_string}\"},\"query-input\":{\"@type\":\"PropertyValueSpecification\",\"valueRequired\":true,\"valueName\":\"search_term_string\"}}],\"inLanguage\":\"ar\"},{\"@type\":\"Organization\",\"@id\":\"https:\\\/\\\/vitablanca.ma\\\/#organization\",\"name\":\"VitaBlanca\",\"url\":\"https:\\\/\\\/vitablanca.ma\\\/\",\"logo\":{\"@type\":\"ImageObject\",\"inLanguage\":\"ar\",\"@id\":\"https:\\\/\\\/vitablanca.ma\\\/#\\\/schema\\\/logo\\\/image\\\/\",\"url\":\"https:\\\/\\\/vitablanca.ma\\\/wp-content\\\/uploads\\\/2025\\\/05\\\/cropped-vitablanca.png\",\"contentUrl\":\"https:\\\/\\\/vitablanca.ma\\\/wp-content\\\/uploads\\\/2025\\\/05\\\/cropped-vitablanca.png\",\"width\":360,\"height\":67,\"caption\":\"VitaBlanca\"},\"image\":{\"@id\":\"https:\\\/\\\/vitablanca.ma\\\/#\\\/schema\\\/logo\\\/image\\\/\"},\"sameAs\":[\"https:\\\/\\\/www.facebook.com\\\/profile.php?id=61576678196717\",\"https:\\\/\\\/www.tiktok.com\\\/@vitablanca.ma\",\"https:\\\/\\\/www.instagram.com\\\/vitablanca.ma\\\/\"]}]}<\/script>\n<!-- \/ Yoast SEO plugin. -->","yoast_head_json":{"title":"\u0639\u0637\u0631 \u0634\u0639\u0631 \u0628\u0631\u0627\u0626\u062d\u0629 \u062c\u0645\u064a\u0644\u0629\u060c 100 \u0645\u0644 - \u0633\u0639\u0631 \u0627\u0644\u0645\u063a\u0631\u0628","description":"Parfum pour les Cheveux Beautiful Scent 100 ml parfume d\u00e9licatement vos cheveux, laissant une fragrance fra\u00eeche et durable. Spray l\u00e9ger","robots":{"index":"index","follow":"follow","max-snippet":"max-snippet:-1","max-image-preview":"max-image-preview:large","max-video-preview":"max-video-preview:-1"},"canonical":"https:\/\/vitablanca.ma\/ar\/product-2\/parfum-pour-les-cheveux-beautiful-scent-100-ml\/","og_locale":"ar_AR","og_type":"article","og_title":"Parfum pour les cheveux Beautiful Scent, 100 ml - Maroc Prix","og_description":"Parfum pour les Cheveux Beautiful Scent 100 ml parfume d\u00e9licatement vos cheveux, laissant une fragrance fra\u00eeche et durable. Spray l\u00e9ger","og_url":"https:\/\/vitablanca.ma\/ar\/product-2\/parfum-pour-les-cheveux-beautiful-scent-100-ml\/","og_site_name":"Vitablanca.ma &ndash; Sant&eacute;, vitalit&eacute; et bien-&ecirc;tre pour tous les Marocains","article_publisher":"https:\/\/www.facebook.com\/profile.php?id=61576678196717","article_modified_time":"2026-01-27T23:20:19+00:00","og_image":[{"width":1199,"height":1200,"url":"https:\/\/vitablanca.ma\/wp-content\/uploads\/2025\/07\/balea-professional-haarparfuem-beau1tiful-scent.jpg","type":"image\/jpeg"}],"twitter_card":"summary_large_image","twitter_misc":{"\u0648\u0642\u062a \u0627\u0644\u0642\u0631\u0627\u0621\u0629 \u0627\u0644\u0645\u064f\u0642\u062f\u0651\u0631":"\u062f\u0642\u064a\u0642\u0629 \u0648\u0627\u062d\u062f\u0629"},"schema":{"@context":"https:\/\/schema.org","@graph":[{"@type":["WebPage","ItemPage"],"@id":"https:\/\/vitablanca.ma\/produit\/parfum-pour-les-cheveux-beautiful-scent-100-ml\/","url":"https:\/\/vitablanca.ma\/produit\/parfum-pour-les-cheveux-beautiful-scent-100-ml\/","name":"\u0639\u0637\u0631 \u0634\u0639\u0631 \u0628\u0631\u0627\u0626\u062d\u0629 \u062c\u0645\u064a\u0644\u0629\u060c 100 \u0645\u0644 - \u0633\u0639\u0631 \u0627\u0644\u0645\u063a\u0631\u0628","isPartOf":{"@id":"https:\/\/vitablanca.ma\/#website"},"primaryImageOfPage":{"@id":"https:\/\/vitablanca.ma\/produit\/parfum-pour-les-cheveux-beautiful-scent-100-ml\/#primaryimage"},"image":{"@id":"https:\/\/vitablanca.ma\/produit\/parfum-pour-les-cheveux-beautiful-scent-100-ml\/#primaryimage"},"thumbnailUrl":"https:\/\/vitablanca.ma\/wp-content\/uploads\/2025\/07\/balea-professional-haarparfuem-beau1tiful-scent.jpg","datePublished":"2025-07-10T18:22:36+00:00","dateModified":"2026-01-27T23:20:19+00:00","description":"Parfum pour les Cheveux Beautiful Scent 100 ml parfume d\u00e9licatement vos cheveux, laissant une fragrance fra\u00eeche et durable. Spray l\u00e9ger","breadcrumb":{"@id":"https:\/\/vitablanca.ma\/produit\/parfum-pour-les-cheveux-beautiful-scent-100-ml\/#breadcrumb"},"inLanguage":"ar","potentialAction":[{"@type":"ReadAction","target":["https:\/\/vitablanca.ma\/produit\/parfum-pour-les-cheveux-beautiful-scent-100-ml\/"]}]},{"@type":"ImageObject","inLanguage":"ar","@id":"https:\/\/vitablanca.ma\/produit\/parfum-pour-les-cheveux-beautiful-scent-100-ml\/#primaryimage","url":"https:\/\/vitablanca.ma\/wp-content\/uploads\/2025\/07\/balea-professional-haarparfuem-beau1tiful-scent.jpg","contentUrl":"https:\/\/vitablanca.ma\/wp-content\/uploads\/2025\/07\/balea-professional-haarparfuem-beau1tiful-scent.jpg","width":1199,"height":1200},{"@type":"BreadcrumbList","@id":"https:\/\/vitablanca.ma\/produit\/parfum-pour-les-cheveux-beautiful-scent-100-ml\/#breadcrumb","itemListElement":[{"@type":"ListItem","position":1,"name":"Home","item":"https:\/\/vitablanca.ma\/"},{"@type":"ListItem","position":2,"name":"Tous Les Produits","item":"https:\/\/vitablanca.ma\/tous-les-produits\/"},{"@type":"ListItem","position":3,"name":"Parfum pour les cheveux Beautiful Scent, 100 ml"}]},{"@type":"WebSite","@id":"https:\/\/vitablanca.ma\/#website","url":"https:\/\/vitablanca.ma\/","name":"VitaBlanca.ma | \u0627\u0644\u0645\u0643\u0645\u0644\u0627\u062a \u0627\u0644\u063a\u0630\u0627\u0626\u064a\u0629\u060c \u0627\u0644\u0635\u062d\u0629 \u0648\u0627\u0644\u062c\u0645\u0627\u0644 \u0641\u064a \u0627\u0644\u0645\u063a\u0631\u0628","description":"\u0646\u0628\u064a\u0639 \u0641\u064a\u062a\u0627\u0645\u064a\u0646\u0627\u062a \u0648\u0645\u0643\u0645\u0644\u0627\u062a \u063a\u0630\u0627\u0626\u064a\u0629 \u0641\u0627\u062e\u0631\u0629 \u0645\u0646 \u0627\u0644\u0648\u0644\u0627\u064a\u0627\u062a \u0627\u0644\u0645\u062a\u062d\u062f\u0629 \u0627\u0644\u0623\u0645\u0631\u064a\u0643\u064a\u0629 \u0648\u0643\u0646\u062f\u0627 \u0648\u0646\u064a\u0648\u0632\u064a\u0644\u0646\u062f\u0627 \u0648\u0627\u0644\u0645\u063a\u0631\u0628 (\u0646\u0627\u0648 \u0641\u0648\u062f\u0632\u060c \u0633\u0648\u0644\u062c\u0627\u0631\u060c \u0645\u0627\u0646\u0648\u0643\u0627). \u062a\u0648\u0635\u064a\u0644 \u0633\u0631\u064a\u0639 \u0625\u0644\u0649 \u062c\u0645\u064a\u0639 \u0623\u0646\u062d\u0627\u0621 \u0627\u0644\u0645\u063a\u0631\u0628.","publisher":{"@id":"https:\/\/vitablanca.ma\/#organization"},"alternateName":"VitaBlanca.ma","potentialAction":[{"@type":"SearchAction","target":{"@type":"EntryPoint","urlTemplate":"https:\/\/vitablanca.ma\/?s={search_term_string}"},"query-input":{"@type":"PropertyValueSpecification","valueRequired":true,"valueName":"search_term_string"}}],"inLanguage":"ar"},{"@type":"Organization","@id":"https:\/\/vitablanca.ma\/#organization","name":"\u0641\u064a\u062a\u0627\u0628\u0644\u0627\u0646\u0643\u0627","url":"https:\/\/vitablanca.ma\/","logo":{"@type":"ImageObject","inLanguage":"ar","@id":"https:\/\/vitablanca.ma\/#\/schema\/logo\/image\/","url":"https:\/\/vitablanca.ma\/wp-content\/uploads\/2025\/05\/cropped-vitablanca.png","contentUrl":"https:\/\/vitablanca.ma\/wp-content\/uploads\/2025\/05\/cropped-vitablanca.png","width":360,"height":67,"caption":"VitaBlanca"},"image":{"@id":"https:\/\/vitablanca.ma\/#\/schema\/logo\/image\/"},"sameAs":["https:\/\/www.facebook.com\/profile.php?id=61576678196717","https:\/\/www.tiktok.com\/@vitablanca.ma","https:\/\/www.instagram.com\/vitablanca.ma\/"]}]}},"jetpack_sharing_enabled":true,"_links":{"self":[{"href":"https:\/\/vitablanca.ma\/ar\/wp-json\/wp\/v2\/product\/23701","targetHints":{"allow":["GET"]}}],"collection":[{"href":"https:\/\/vitablanca.ma\/ar\/wp-json\/wp\/v2\/product"}],"about":[{"href":"https:\/\/vitablanca.ma\/ar\/wp-json\/wp\/v2\/types\/product"}],"wp:featuredmedia":[{"embeddable":true,"href":"https:\/\/vitablanca.ma\/ar\/wp-json\/wp\/v2\/media\/23699"}],"wp:attachment":[{"href":"https:\/\/vitablanca.ma\/ar\/wp-json\/wp\/v2\/media?parent=23701"}],"wp:term":[{"taxonomy":"product_brand","embeddable":true,"href":"https:\/\/vitablanca.ma\/ar\/wp-json\/wp\/v2\/product_brand?post=23701"},{"taxonomy":"product_cat","embeddable":true,"href":"https:\/\/vitablanca.ma\/ar\/wp-json\/wp\/v2\/product_cat?post=23701"},{"taxonomy":"product_tag","embeddable":true,"href":"https:\/\/vitablanca.ma\/ar\/wp-json\/wp\/v2\/product_tag?post=23701"}],"curies":[{"name":"wp","href":"https:\/\/api.w.org\/{rel}","templated":true}]}}