{"id":23687,"date":"2025-07-10T18:21:57","date_gmt":"2025-07-10T18:21:57","guid":{"rendered":"https:\/\/vitablanca.ma\/product\/balea-men-shampooing-antipelliculaire\/"},"modified":"2026-01-27T23:30:01","modified_gmt":"2026-01-27T23:30:01","slug":"balea-men-shampooing-antipelliculaire","status":"publish","type":"product","link":"https:\/\/vitablanca.ma\/ar\/product-2\/balea-men-shampooing-antipelliculaire\/","title":{"rendered":"\u0628\u0627\u0644\u064a\u0627 \u0645\u064a\u0646 \u2013 \u0634\u0627\u0645\u0628\u0648 \u0636\u062f \u0627\u0644\u0642\u0634\u0631\u0629"},"content":{"rendered":"<h3>Anti-pellicules puissant, effet rapide \u2728\ud83e\udda0<\/h3>\n<ul>\n<li>Type de cheveux:Cheveux \u00e0 pellicules<\/li>\n<li>Effet:Antipelliculaire, soin<\/li>\n<li>\u062e\u0627\u0644\u064a \u0645\u0646 \u0627\u0644\u0643\u062d\u0648\u0644\u060c \u062e\u0627\u0644\u064a \u0645\u0646 \u0627\u0644\u0633\u064a\u0644\u064a\u0643\u0648\u0646\u060c \u0646\u0628\u0627\u062a\u064a<\/li>\n<li>Shampooing antipelliculaire sans silicone<\/li>\n<li>\u00c9limine jusqu\u2019\u00e0 100 % des pellicules visibles<\/li>\n<li>Pr\u00e9vient la formation de nouvelles pellicules en cas d\u2019utilisation r\u00e9guli\u00e8re<\/li>\n<li>Apaise et rafra\u00eechit le cuir chevelu qui d\u00e9mange<\/li>\n<li>Sans microplastiques ni polym\u00e8res synth\u00e9tiques solubles dans l\u2019eau<\/li>\n<li>\u0627\u0644\u062d\u062c\u0645: 250 \u0645\u0644<\/li>\n<\/ul>\n<h4><strong><span style=\"font-size: 11pt; line-height: 104%; font-family: 'Segoe UI Emoji', sans-serif;\">\ud83d\udccc<\/span><span lang=\"EN-US\" style=\"font-size: 11pt; line-height: 104%; font-family: Arial, sans-serif;\"> \u0648\u0635\u0641 \u0627\u0644\u0645\u0646\u062a\u062c <\/span><\/strong><\/h4>\n<p>Le shampooing antipelliculaire Power Effect de Balea MEN lib\u00e8re vos cheveux de jusqu\u2019\u00e0 100 % des pellicules visibles d\u00e8s la premi\u00e8re utilisation. Sa formule efficace \u00e0 l\u2019octopirox, \u00e0 la menthe poivr\u00e9e et au menthol rafra\u00eechit et apaise le cuir chevelu qui d\u00e9mange. De plus, une utilisation r\u00e9guli\u00e8re pr\u00e9vient la formation de nouvelles pellicules. R\u00e9sultat : des cheveux sans pellicules et un cuir chevelu rafra\u00eechi.<\/p>\n<h4><strong><span style=\"font-size: 11pt; line-height: 104%; font-family: 'Segoe UI Emoji', sans-serif;\">\ud83d\udca1<\/span><span lang=\"EN-US\" style=\"font-size: 11pt; line-height: 104%; font-family: Arial, sans-serif;\"> \u0637\u0631\u064a\u0642\u0629 \u0627\u0644\u0627\u0633\u062a\u062e\u062f\u0627\u0645 <\/span><\/strong><\/h4>\n<p>\u062f\u0644\u0643\u064a\u0647 \u062c\u064a\u062f\u064b\u0627 \u0639\u0644\u0649 \u0627\u0644\u0634\u0639\u0631 \u0627\u0644\u0645\u0628\u0644\u0644\u060c \u0627\u062a\u0631\u0643\u064a\u0647 \u0644\u0641\u062a\u0631\u0629 \u0648\u062c\u064a\u0632\u0629 \u062b\u0645 \u0627\u0634\u0637\u0641\u064a\u0647 \u062c\u064a\u062f\u064b\u0627. \u0645\u0646\u0627\u0633\u0628 \u0644\u0644\u0627\u0633\u062a\u062e\u062f\u0627\u0645 \u0627\u0644\u064a\u0648\u0645\u064a.<\/p>","protected":false},"excerpt":{"rendered":"<p>Anti-pellicules puissant, effet rapide \u2728\ud83e\udda0 Type de cheveux:Cheveux \u00e0 pellicules Effet:Antipelliculaire, soin Sans alcool, Sans silicone, V\u00e9g\u00e9talien Shampooing antipelliculaire sans silicone \u00c9limine jusqu\u2019\u00e0 100 % des pellicules visibles Pr\u00e9vient la formation de nouvelles pellicules en cas d\u2019utilisation r\u00e9guli\u00e8re Apaise et rafra\u00eechit le cuir chevelu qui d\u00e9mange Sans microplastiques ni polym\u00e8res synth\u00e9tiques solubles dans l\u2019eau Volume: [&hellip;]<\/p>\n","protected":false},"featured_media":23684,"template":"","meta":{"om_disable_all_campaigns":false},"product_brand":[3236],"product_cat":[18],"product_tag":[3237,3240,3238,6614,6608,3239,6612,3241,6610,6615,6609,6613,6611],"class_list":{"0":"post-23687","1":"product","2":"type-product","3":"status-publish","4":"has-post-thumbnail","6":"product_brand-balea-dm-prix-maroc","7":"product_cat-beaute-sante","8":"product_tag-balea","9":"product_tag-balea-dm","10":"product_tag-balea-maroc","11":"product_tag-balea-men-cheveux","12":"product_tag-balea-men-shampooing-antipelliculaire","13":"product_tag-balea-morocco","14":"product_tag-cheveux-propres-et-sains","15":"product_tag-dm-maroc","16":"product_tag-shampooing-anti-pellicules","17":"product_tag-shampooing-demangeaisons-cuir-chevelu","18":"product_tag-shampooing-homme-balea","19":"product_tag-shampooing-usage-quotidien-homme","20":"product_tag-soin-cuir-chevelu-homme","22":"first","23":"instock","24":"taxable","25":"shipping-taxable","26":"purchasable","27":"product-type-simple"},"yoast_head":"<!-- This site is optimized with the Yoast SEO plugin v27.5 - https:\/\/yoast.com\/product\/yoast-seo-wordpress\/ -->\n<title>Balea MEN Shampooing Antipelliculaire - Maroc Prix<\/title>\n<meta name=\"description\" content=\"Balea MEN Shampooing Antipelliculaire \u00e9limine efficacement les pellicules et pr\u00e9vient leur r\u00e9apparition. Shampooing pour hommes,\" \/>\n<meta name=\"robots\" content=\"index, follow, max-snippet:-1, max-image-preview:large, max-video-preview:-1\" \/>\n<link rel=\"canonical\" href=\"https:\/\/vitablanca.ma\/ar\/product-2\/balea-men-shampooing-antipelliculaire\/\" \/>\n<meta property=\"og:locale\" content=\"ar_AR\" \/>\n<meta property=\"og:type\" content=\"article\" \/>\n<meta property=\"og:title\" content=\"Balea MEN Shampooing Antipelliculaire - Maroc Prix\" \/>\n<meta property=\"og:description\" content=\"Balea MEN Shampooing Antipelliculaire \u00e9limine efficacement les pellicules et pr\u00e9vient leur r\u00e9apparition. Shampooing pour hommes,\" \/>\n<meta property=\"og:url\" content=\"https:\/\/vitablanca.ma\/ar\/product-2\/balea-men-shampooing-antipelliculaire\/\" \/>\n<meta property=\"og:site_name\" content=\"Vitablanca.ma &ndash; Sant&eacute;, vitalit&eacute; et bien-&ecirc;tre pour tous les Marocains\" \/>\n<meta property=\"article:publisher\" content=\"https:\/\/www.facebook.com\/profile.php?id=61576678196717\" \/>\n<meta property=\"article:modified_time\" content=\"2026-01-27T23:30:01+00:00\" \/>\n<meta property=\"og:image\" content=\"https:\/\/vitablanca.ma\/wp-content\/uploads\/2025\/07\/balea-men-anti-schuppen-sham2poo-power-effect.jpg\" \/>\n\t<meta property=\"og:image:width\" content=\"1204\" \/>\n\t<meta property=\"og:image:height\" content=\"1200\" \/>\n\t<meta property=\"og:image:type\" content=\"image\/jpeg\" \/>\n<meta name=\"twitter:card\" content=\"summary_large_image\" \/>\n<meta name=\"twitter:label1\" content=\"\u0648\u0642\u062a \u0627\u0644\u0642\u0631\u0627\u0621\u0629 \u0627\u0644\u0645\u064f\u0642\u062f\u0651\u0631\" \/>\n\t<meta name=\"twitter:data1\" content=\"\u062f\u0642\u064a\u0642\u0629 \u0648\u0627\u062d\u062f\u0629\" \/>\n<script type=\"application\/ld+json\" class=\"yoast-schema-graph\">{\"@context\":\"https:\\\/\\\/schema.org\",\"@graph\":[{\"@type\":[\"WebPage\",\"ItemPage\"],\"@id\":\"https:\\\/\\\/vitablanca.ma\\\/produit\\\/balea-men-shampooing-antipelliculaire\\\/\",\"url\":\"https:\\\/\\\/vitablanca.ma\\\/produit\\\/balea-men-shampooing-antipelliculaire\\\/\",\"name\":\"Balea MEN Shampooing Antipelliculaire - Maroc Prix\",\"isPartOf\":{\"@id\":\"https:\\\/\\\/vitablanca.ma\\\/#website\"},\"primaryImageOfPage\":{\"@id\":\"https:\\\/\\\/vitablanca.ma\\\/produit\\\/balea-men-shampooing-antipelliculaire\\\/#primaryimage\"},\"image\":{\"@id\":\"https:\\\/\\\/vitablanca.ma\\\/produit\\\/balea-men-shampooing-antipelliculaire\\\/#primaryimage\"},\"thumbnailUrl\":\"https:\\\/\\\/vitablanca.ma\\\/wp-content\\\/uploads\\\/2025\\\/07\\\/balea-men-anti-schuppen-sham2poo-power-effect.jpg\",\"datePublished\":\"2025-07-10T18:21:57+00:00\",\"dateModified\":\"2026-01-27T23:30:01+00:00\",\"description\":\"Balea MEN Shampooing Antipelliculaire \u00e9limine efficacement les pellicules et pr\u00e9vient leur r\u00e9apparition. Shampooing pour hommes,\",\"breadcrumb\":{\"@id\":\"https:\\\/\\\/vitablanca.ma\\\/produit\\\/balea-men-shampooing-antipelliculaire\\\/#breadcrumb\"},\"inLanguage\":\"ar\",\"potentialAction\":[{\"@type\":\"ReadAction\",\"target\":[\"https:\\\/\\\/vitablanca.ma\\\/produit\\\/balea-men-shampooing-antipelliculaire\\\/\"]}]},{\"@type\":\"ImageObject\",\"inLanguage\":\"ar\",\"@id\":\"https:\\\/\\\/vitablanca.ma\\\/produit\\\/balea-men-shampooing-antipelliculaire\\\/#primaryimage\",\"url\":\"https:\\\/\\\/vitablanca.ma\\\/wp-content\\\/uploads\\\/2025\\\/07\\\/balea-men-anti-schuppen-sham2poo-power-effect.jpg\",\"contentUrl\":\"https:\\\/\\\/vitablanca.ma\\\/wp-content\\\/uploads\\\/2025\\\/07\\\/balea-men-anti-schuppen-sham2poo-power-effect.jpg\",\"width\":1204,\"height\":1200},{\"@type\":\"BreadcrumbList\",\"@id\":\"https:\\\/\\\/vitablanca.ma\\\/produit\\\/balea-men-shampooing-antipelliculaire\\\/#breadcrumb\",\"itemListElement\":[{\"@type\":\"ListItem\",\"position\":1,\"name\":\"Home\",\"item\":\"https:\\\/\\\/vitablanca.ma\\\/\"},{\"@type\":\"ListItem\",\"position\":2,\"name\":\"Tous Les Produits\",\"item\":\"https:\\\/\\\/vitablanca.ma\\\/tous-les-produits\\\/\"},{\"@type\":\"ListItem\",\"position\":3,\"name\":\"Balea MEN &#8211; Shampooing antipelliculaire\"}]},{\"@type\":\"WebSite\",\"@id\":\"https:\\\/\\\/vitablanca.ma\\\/#website\",\"url\":\"https:\\\/\\\/vitablanca.ma\\\/\",\"name\":\"VitaBlanca.ma | Compl\u00e9ments alimentaires, sant\u00e9 & beaut\u00e9 au Maroc\",\"description\":\"vendre vitamines et compl\u00e9ments premium des USA &amp; Canada, Nouvelle Z\u00e9lande,Maroc (NOW Foods, Solgar, Manuka). Livraison rapide partout au Maroc.\",\"publisher\":{\"@id\":\"https:\\\/\\\/vitablanca.ma\\\/#organization\"},\"alternateName\":\"VitaBlanca.ma\",\"potentialAction\":[{\"@type\":\"SearchAction\",\"target\":{\"@type\":\"EntryPoint\",\"urlTemplate\":\"https:\\\/\\\/vitablanca.ma\\\/?s={search_term_string}\"},\"query-input\":{\"@type\":\"PropertyValueSpecification\",\"valueRequired\":true,\"valueName\":\"search_term_string\"}}],\"inLanguage\":\"ar\"},{\"@type\":\"Organization\",\"@id\":\"https:\\\/\\\/vitablanca.ma\\\/#organization\",\"name\":\"VitaBlanca\",\"url\":\"https:\\\/\\\/vitablanca.ma\\\/\",\"logo\":{\"@type\":\"ImageObject\",\"inLanguage\":\"ar\",\"@id\":\"https:\\\/\\\/vitablanca.ma\\\/#\\\/schema\\\/logo\\\/image\\\/\",\"url\":\"https:\\\/\\\/vitablanca.ma\\\/wp-content\\\/uploads\\\/2025\\\/05\\\/cropped-vitablanca.png\",\"contentUrl\":\"https:\\\/\\\/vitablanca.ma\\\/wp-content\\\/uploads\\\/2025\\\/05\\\/cropped-vitablanca.png\",\"width\":360,\"height\":67,\"caption\":\"VitaBlanca\"},\"image\":{\"@id\":\"https:\\\/\\\/vitablanca.ma\\\/#\\\/schema\\\/logo\\\/image\\\/\"},\"sameAs\":[\"https:\\\/\\\/www.facebook.com\\\/profile.php?id=61576678196717\",\"https:\\\/\\\/www.tiktok.com\\\/@vitablanca.ma\",\"https:\\\/\\\/www.instagram.com\\\/vitablanca.ma\\\/\"]}]}<\/script>\n<!-- \/ Yoast SEO plugin. -->","yoast_head_json":{"title":"Balea MEN Shampooing Antipelliculaire - Maroc Prix","description":"Balea MEN Shampooing Antipelliculaire \u00e9limine efficacement les pellicules et pr\u00e9vient leur r\u00e9apparition. Shampooing pour hommes,","robots":{"index":"index","follow":"follow","max-snippet":"max-snippet:-1","max-image-preview":"max-image-preview:large","max-video-preview":"max-video-preview:-1"},"canonical":"https:\/\/vitablanca.ma\/ar\/product-2\/balea-men-shampooing-antipelliculaire\/","og_locale":"ar_AR","og_type":"article","og_title":"Balea MEN Shampooing Antipelliculaire - Maroc Prix","og_description":"Balea MEN Shampooing Antipelliculaire \u00e9limine efficacement les pellicules et pr\u00e9vient leur r\u00e9apparition. Shampooing pour hommes,","og_url":"https:\/\/vitablanca.ma\/ar\/product-2\/balea-men-shampooing-antipelliculaire\/","og_site_name":"Vitablanca.ma &ndash; Sant&eacute;, vitalit&eacute; et bien-&ecirc;tre pour tous les Marocains","article_publisher":"https:\/\/www.facebook.com\/profile.php?id=61576678196717","article_modified_time":"2026-01-27T23:30:01+00:00","og_image":[{"width":1204,"height":1200,"url":"https:\/\/vitablanca.ma\/wp-content\/uploads\/2025\/07\/balea-men-anti-schuppen-sham2poo-power-effect.jpg","type":"image\/jpeg"}],"twitter_card":"summary_large_image","twitter_misc":{"\u0648\u0642\u062a \u0627\u0644\u0642\u0631\u0627\u0621\u0629 \u0627\u0644\u0645\u064f\u0642\u062f\u0651\u0631":"\u062f\u0642\u064a\u0642\u0629 \u0648\u0627\u062d\u062f\u0629"},"schema":{"@context":"https:\/\/schema.org","@graph":[{"@type":["WebPage","ItemPage"],"@id":"https:\/\/vitablanca.ma\/produit\/balea-men-shampooing-antipelliculaire\/","url":"https:\/\/vitablanca.ma\/produit\/balea-men-shampooing-antipelliculaire\/","name":"Balea MEN Shampooing Antipelliculaire - Maroc Prix","isPartOf":{"@id":"https:\/\/vitablanca.ma\/#website"},"primaryImageOfPage":{"@id":"https:\/\/vitablanca.ma\/produit\/balea-men-shampooing-antipelliculaire\/#primaryimage"},"image":{"@id":"https:\/\/vitablanca.ma\/produit\/balea-men-shampooing-antipelliculaire\/#primaryimage"},"thumbnailUrl":"https:\/\/vitablanca.ma\/wp-content\/uploads\/2025\/07\/balea-men-anti-schuppen-sham2poo-power-effect.jpg","datePublished":"2025-07-10T18:21:57+00:00","dateModified":"2026-01-27T23:30:01+00:00","description":"Balea MEN Shampooing Antipelliculaire \u00e9limine efficacement les pellicules et pr\u00e9vient leur r\u00e9apparition. Shampooing pour hommes,","breadcrumb":{"@id":"https:\/\/vitablanca.ma\/produit\/balea-men-shampooing-antipelliculaire\/#breadcrumb"},"inLanguage":"ar","potentialAction":[{"@type":"ReadAction","target":["https:\/\/vitablanca.ma\/produit\/balea-men-shampooing-antipelliculaire\/"]}]},{"@type":"ImageObject","inLanguage":"ar","@id":"https:\/\/vitablanca.ma\/produit\/balea-men-shampooing-antipelliculaire\/#primaryimage","url":"https:\/\/vitablanca.ma\/wp-content\/uploads\/2025\/07\/balea-men-anti-schuppen-sham2poo-power-effect.jpg","contentUrl":"https:\/\/vitablanca.ma\/wp-content\/uploads\/2025\/07\/balea-men-anti-schuppen-sham2poo-power-effect.jpg","width":1204,"height":1200},{"@type":"BreadcrumbList","@id":"https:\/\/vitablanca.ma\/produit\/balea-men-shampooing-antipelliculaire\/#breadcrumb","itemListElement":[{"@type":"ListItem","position":1,"name":"Home","item":"https:\/\/vitablanca.ma\/"},{"@type":"ListItem","position":2,"name":"Tous Les Produits","item":"https:\/\/vitablanca.ma\/tous-les-produits\/"},{"@type":"ListItem","position":3,"name":"Balea MEN &#8211; Shampooing antipelliculaire"}]},{"@type":"WebSite","@id":"https:\/\/vitablanca.ma\/#website","url":"https:\/\/vitablanca.ma\/","name":"VitaBlanca.ma | \u0627\u0644\u0645\u0643\u0645\u0644\u0627\u062a \u0627\u0644\u063a\u0630\u0627\u0626\u064a\u0629\u060c \u0627\u0644\u0635\u062d\u0629 \u0648\u0627\u0644\u062c\u0645\u0627\u0644 \u0641\u064a \u0627\u0644\u0645\u063a\u0631\u0628","description":"\u0646\u0628\u064a\u0639 \u0641\u064a\u062a\u0627\u0645\u064a\u0646\u0627\u062a \u0648\u0645\u0643\u0645\u0644\u0627\u062a \u063a\u0630\u0627\u0626\u064a\u0629 \u0641\u0627\u062e\u0631\u0629 \u0645\u0646 \u0627\u0644\u0648\u0644\u0627\u064a\u0627\u062a \u0627\u0644\u0645\u062a\u062d\u062f\u0629 \u0627\u0644\u0623\u0645\u0631\u064a\u0643\u064a\u0629 \u0648\u0643\u0646\u062f\u0627 \u0648\u0646\u064a\u0648\u0632\u064a\u0644\u0646\u062f\u0627 \u0648\u0627\u0644\u0645\u063a\u0631\u0628 (\u0646\u0627\u0648 \u0641\u0648\u062f\u0632\u060c \u0633\u0648\u0644\u062c\u0627\u0631\u060c \u0645\u0627\u0646\u0648\u0643\u0627). \u062a\u0648\u0635\u064a\u0644 \u0633\u0631\u064a\u0639 \u0625\u0644\u0649 \u062c\u0645\u064a\u0639 \u0623\u0646\u062d\u0627\u0621 \u0627\u0644\u0645\u063a\u0631\u0628.","publisher":{"@id":"https:\/\/vitablanca.ma\/#organization"},"alternateName":"VitaBlanca.ma","potentialAction":[{"@type":"SearchAction","target":{"@type":"EntryPoint","urlTemplate":"https:\/\/vitablanca.ma\/?s={search_term_string}"},"query-input":{"@type":"PropertyValueSpecification","valueRequired":true,"valueName":"search_term_string"}}],"inLanguage":"ar"},{"@type":"Organization","@id":"https:\/\/vitablanca.ma\/#organization","name":"\u0641\u064a\u062a\u0627\u0628\u0644\u0627\u0646\u0643\u0627","url":"https:\/\/vitablanca.ma\/","logo":{"@type":"ImageObject","inLanguage":"ar","@id":"https:\/\/vitablanca.ma\/#\/schema\/logo\/image\/","url":"https:\/\/vitablanca.ma\/wp-content\/uploads\/2025\/05\/cropped-vitablanca.png","contentUrl":"https:\/\/vitablanca.ma\/wp-content\/uploads\/2025\/05\/cropped-vitablanca.png","width":360,"height":67,"caption":"VitaBlanca"},"image":{"@id":"https:\/\/vitablanca.ma\/#\/schema\/logo\/image\/"},"sameAs":["https:\/\/www.facebook.com\/profile.php?id=61576678196717","https:\/\/www.tiktok.com\/@vitablanca.ma","https:\/\/www.instagram.com\/vitablanca.ma\/"]}]}},"jetpack_sharing_enabled":true,"_links":{"self":[{"href":"https:\/\/vitablanca.ma\/ar\/wp-json\/wp\/v2\/product\/23687","targetHints":{"allow":["GET"]}}],"collection":[{"href":"https:\/\/vitablanca.ma\/ar\/wp-json\/wp\/v2\/product"}],"about":[{"href":"https:\/\/vitablanca.ma\/ar\/wp-json\/wp\/v2\/types\/product"}],"wp:featuredmedia":[{"embeddable":true,"href":"https:\/\/vitablanca.ma\/ar\/wp-json\/wp\/v2\/media\/23684"}],"wp:attachment":[{"href":"https:\/\/vitablanca.ma\/ar\/wp-json\/wp\/v2\/media?parent=23687"}],"wp:term":[{"taxonomy":"product_brand","embeddable":true,"href":"https:\/\/vitablanca.ma\/ar\/wp-json\/wp\/v2\/product_brand?post=23687"},{"taxonomy":"product_cat","embeddable":true,"href":"https:\/\/vitablanca.ma\/ar\/wp-json\/wp\/v2\/product_cat?post=23687"},{"taxonomy":"product_tag","embeddable":true,"href":"https:\/\/vitablanca.ma\/ar\/wp-json\/wp\/v2\/product_tag?post=23687"}],"curies":[{"name":"wp","href":"https:\/\/api.w.org\/{rel}","templated":true}]}}