{"id":23683,"date":"2025-07-10T18:21:49","date_gmt":"2025-07-10T18:21:49","guid":{"rendered":"https:\/\/vitablanca.ma\/product\/reelle-shampooing-colorant-8-7-blond-caramel\/"},"modified":"2026-01-27T23:35:50","modified_gmt":"2026-01-27T23:35:50","slug":"reelle-shampooing-colorant-8-7-blond-caramel","status":"publish","type":"product","link":"https:\/\/vitablanca.ma\/ar\/product-2\/reelle-shampooing-colorant-8-7-blond-caramel\/","title":{"rendered":"r\u00e9ell&rsquo;e &#8211; Shampooing colorant 8.7 blond caramel"},"content":{"rendered":"<h3>\u2728 r\u00e9ell&rsquo;e 8.7 Blond Caramel \u2013 \u00c9clat &amp; Douceur \ud83d\udc9b<\/h3>\n<ul>\n<li>Type de cheveux: Cheveux normaux<\/li>\n<li>Niveau de coloration: Lavable<\/li>\n<li>Caract\u00e9ristiques du produit: Sans ammoniaque, Sans silicone, V\u00e9g\u00e9talien<\/li>\n<li>Coloration: Nuances de blond<\/li>\n<li>Dure jusqu&rsquo;\u00e0 4 shampooings<\/li>\n<li>\u0627\u0646\u0639\u0643\u0627\u0633\u0627\u062a \u0627\u0644\u0623\u0644\u0648\u0627\u0646 \u0627\u0644\u0631\u0627\u0626\u0639\u0629<\/li>\n<li>\u0648\u0642\u062a \u0627\u0644\u062a\u0639\u0631\u0636 \u0627\u0644\u0642\u0635\u064a\u0631<\/li>\n<li>\u062a\u0637\u0628\u064a\u0642 \u0633\u0647\u0644 \u0648\u0633\u0631\u064a\u0639<\/li>\n<li>Soin pour des cheveux soyeux et brillants<\/li>\n<li>14 \u0645\u0644<\/li>\n<\/ul>\n<h4><strong><span style=\"font-size: 11pt; line-height: 104%; font-family: 'Segoe UI Emoji', sans-serif;\">\ud83d\udccc<\/span><span lang=\"EN-US\" style=\"font-size: 11pt; line-height: 104%; font-family: Arial, sans-serif;\"> \u0648\u0635\u0641 \u0627\u0644\u0645\u0646\u062a\u062c<\/span><\/strong><\/h4>\n<p>Pour un rafra\u00eechissement discret ou une l\u00e9g\u00e8re correction : le shampooing colorant dans la couleur blond caramel de r\u00e9ell&rsquo;e pour les couleurs de cheveux de d\u00e9part blond clair \u00e0 blond clair tient jusqu&rsquo;\u00e0 4 shampooings et assure des reflets de couleur \u00e9clatants et une brillance soyeuse. Le shampooing colorant ne doit agir que peu de temps et fonctionne comme un shampooing traditionnel. Le shampooing colorant r\u00e9ell&rsquo;e convient aux cheveux naturels et color\u00e9s. Pour un rafra\u00eechissement de la couleur \u00e9clatant et nourrissant.<\/p>\n<h4><strong><span style=\"font-size: 11pt; line-height: 104%; font-family: 'Segoe UI Emoji', sans-serif;\">\ud83d\udca1<\/span><span lang=\"EN-US\" style=\"font-size: 11pt; line-height: 104%; font-family: Arial, sans-serif;\"> \u0637\u0631\u064a\u0642\u0629 \u0627\u0644\u0627\u0633\u062a\u062e\u062f\u0627\u0645<\/span><\/strong><\/h4>\n<p>R\u00e9partir uniform\u00e9ment sur les cheveux humides, masser et laisser agir 5 \u00e0 20 minutes. Plus le temps de pose est long, plus le r\u00e9sultat de la couleur est intense. Si n\u00e9cessaire, pr\u00e9laver avec un shampooing nettoyant en profondeur. La dur\u00e9e varie en fonction de la nature des cheveux. Rincer ensuite soigneusement les cheveux. Pour les cheveux longs, utiliser 2 paquets. Remarque : ne convient pas aux cheveux gris ou blonds blancs, car le r\u00e9sultat de la coloration est diff\u00e9rent. Pour les couleurs de cheveux de d\u00e9part blond clair \u00e0 blond clairType de cheveux:Cheveux normaux.<\/p>","protected":false},"excerpt":{"rendered":"<p>\u2728 r\u00e9ell&rsquo;e 8.7 Blond Caramel \u2013 \u00c9clat &amp; Douceur \ud83d\udc9b Type de cheveux: Cheveux normaux Niveau de coloration: Lavable Caract\u00e9ristiques du produit: Sans ammoniaque, Sans silicone, V\u00e9g\u00e9talien Coloration: Nuances de blond Dure jusqu&rsquo;\u00e0 4 shampooings Reflets de couleur \u00e9clatants Temps de pose court Application facile et rapide Soin pour des cheveux soyeux et brillants 14 [&hellip;]<\/p>\n","protected":false},"featured_media":23681,"template":"","meta":{"om_disable_all_campaigns":false},"product_brand":[],"product_cat":[15],"product_tag":[6593,6618,6621,6619,6208,6616,6620,6617,6205],"class_list":{"0":"post-23683","1":"product","2":"type-product","3":"status-publish","4":"has-post-thumbnail","6":"product_cat-beaute-sante-complements-alimentaires-soins-et-bien-etre-au-meilleur-prix","7":"product_tag-cheveux-doux-et-brillants","8":"product_tag-coloration-blond-caramel","9":"product_tag-coloration-cheveux-facile","10":"product_tag-couleur-durable-cheveux","11":"product_tag-reelle-cheveux","12":"product_tag-reelle-shampooing-colorant-8-7-blond-caramel","13":"product_tag-shampooing-blond-caramel","14":"product_tag-shampooing-colorant-cheveux","15":"product_tag-soin-cheveux-colores","17":"first","18":"instock","19":"taxable","20":"shipping-taxable","21":"purchasable","22":"product-type-simple"},"yoast_head":"<!-- This site is optimized with the Yoast SEO plugin v27.4 - https:\/\/yoast.com\/product\/yoast-seo-wordpress\/ -->\n<title>r\u00e9ell\u2019e Shampooing Colorant 8.7 Blond Caramel - Maroc Prix<\/title>\n<meta name=\"description\" content=\"r\u00e9ell\u2019e Shampooing Colorant 8.7 Blond Caramel colore et nourrit les cheveux pour une teinte brillante et uniforme. Couleur longue dur\u00e9e et cheveux doux\" \/>\n<meta name=\"robots\" content=\"index, follow, max-snippet:-1, max-image-preview:large, max-video-preview:-1\" \/>\n<link rel=\"canonical\" href=\"https:\/\/vitablanca.ma\/ar\/product-2\/reelle-shampooing-colorant-8-7-blond-caramel\/\" \/>\n<meta property=\"og:locale\" content=\"ar_AR\" \/>\n<meta property=\"og:type\" content=\"article\" \/>\n<meta property=\"og:title\" content=\"r\u00e9ell\u2019e Shampooing Colorant 8.7 Blond Caramel - Maroc Prix\" \/>\n<meta property=\"og:description\" content=\"r\u00e9ell\u2019e Shampooing Colorant 8.7 Blond Caramel colore et nourrit les cheveux pour une teinte brillante et uniforme. Couleur longue dur\u00e9e et cheveux doux\" \/>\n<meta property=\"og:url\" content=\"https:\/\/vitablanca.ma\/ar\/product-2\/reelle-shampooing-colorant-8-7-blond-caramel\/\" \/>\n<meta property=\"og:site_name\" content=\"Vitablanca.ma &ndash; Sant&eacute;, vitalit&eacute; et bien-&ecirc;tre pour tous les Marocains\" \/>\n<meta property=\"article:publisher\" content=\"https:\/\/www.facebook.com\/profile.php?id=61576678196717\" \/>\n<meta property=\"article:modified_time\" content=\"2026-01-27T23:35:50+00:00\" \/>\n<meta property=\"og:image\" content=\"https:\/\/vitablanca.ma\/wp-content\/uploads\/2025\/07\/reell-e-toenungsshampoo-8-7-karamellblond.jpg\" \/>\n\t<meta property=\"og:image:width\" content=\"1197\" \/>\n\t<meta property=\"og:image:height\" content=\"1200\" \/>\n\t<meta property=\"og:image:type\" content=\"image\/jpeg\" \/>\n<meta name=\"twitter:card\" content=\"summary_large_image\" \/>\n<meta name=\"twitter:label1\" content=\"\u0648\u0642\u062a \u0627\u0644\u0642\u0631\u0627\u0621\u0629 \u0627\u0644\u0645\u064f\u0642\u062f\u0651\u0631\" \/>\n\t<meta name=\"twitter:data1\" content=\"\u062f\u0642\u064a\u0642\u062a\u0627\u0646\" \/>\n<script type=\"application\/ld+json\" class=\"yoast-schema-graph\">{\"@context\":\"https:\\\/\\\/schema.org\",\"@graph\":[{\"@type\":[\"WebPage\",\"ItemPage\"],\"@id\":\"https:\\\/\\\/vitablanca.ma\\\/produit\\\/reelle-shampooing-colorant-8-7-blond-caramel\\\/\",\"url\":\"https:\\\/\\\/vitablanca.ma\\\/produit\\\/reelle-shampooing-colorant-8-7-blond-caramel\\\/\",\"name\":\"r\u00e9ell\u2019e Shampooing Colorant 8.7 Blond Caramel - Maroc Prix\",\"isPartOf\":{\"@id\":\"https:\\\/\\\/vitablanca.ma\\\/#website\"},\"primaryImageOfPage\":{\"@id\":\"https:\\\/\\\/vitablanca.ma\\\/produit\\\/reelle-shampooing-colorant-8-7-blond-caramel\\\/#primaryimage\"},\"image\":{\"@id\":\"https:\\\/\\\/vitablanca.ma\\\/produit\\\/reelle-shampooing-colorant-8-7-blond-caramel\\\/#primaryimage\"},\"thumbnailUrl\":\"https:\\\/\\\/vitablanca.ma\\\/wp-content\\\/uploads\\\/2025\\\/07\\\/reell-e-toenungsshampoo-8-7-karamellblond.jpg\",\"datePublished\":\"2025-07-10T18:21:49+00:00\",\"dateModified\":\"2026-01-27T23:35:50+00:00\",\"description\":\"r\u00e9ell\u2019e Shampooing Colorant 8.7 Blond Caramel colore et nourrit les cheveux pour une teinte brillante et uniforme. Couleur longue dur\u00e9e et cheveux doux\",\"breadcrumb\":{\"@id\":\"https:\\\/\\\/vitablanca.ma\\\/produit\\\/reelle-shampooing-colorant-8-7-blond-caramel\\\/#breadcrumb\"},\"inLanguage\":\"ar\",\"potentialAction\":[{\"@type\":\"ReadAction\",\"target\":[\"https:\\\/\\\/vitablanca.ma\\\/produit\\\/reelle-shampooing-colorant-8-7-blond-caramel\\\/\"]}]},{\"@type\":\"ImageObject\",\"inLanguage\":\"ar\",\"@id\":\"https:\\\/\\\/vitablanca.ma\\\/produit\\\/reelle-shampooing-colorant-8-7-blond-caramel\\\/#primaryimage\",\"url\":\"https:\\\/\\\/vitablanca.ma\\\/wp-content\\\/uploads\\\/2025\\\/07\\\/reell-e-toenungsshampoo-8-7-karamellblond.jpg\",\"contentUrl\":\"https:\\\/\\\/vitablanca.ma\\\/wp-content\\\/uploads\\\/2025\\\/07\\\/reell-e-toenungsshampoo-8-7-karamellblond.jpg\",\"width\":1197,\"height\":1200},{\"@type\":\"BreadcrumbList\",\"@id\":\"https:\\\/\\\/vitablanca.ma\\\/produit\\\/reelle-shampooing-colorant-8-7-blond-caramel\\\/#breadcrumb\",\"itemListElement\":[{\"@type\":\"ListItem\",\"position\":1,\"name\":\"Home\",\"item\":\"https:\\\/\\\/vitablanca.ma\\\/\"},{\"@type\":\"ListItem\",\"position\":2,\"name\":\"Tous Les Produits\",\"item\":\"https:\\\/\\\/vitablanca.ma\\\/tous-les-produits\\\/\"},{\"@type\":\"ListItem\",\"position\":3,\"name\":\"r\u00e9ell&#8217;e &#8211; Shampooing colorant 8.7 blond caramel\"}]},{\"@type\":\"WebSite\",\"@id\":\"https:\\\/\\\/vitablanca.ma\\\/#website\",\"url\":\"https:\\\/\\\/vitablanca.ma\\\/\",\"name\":\"VitaBlanca.ma | Compl\u00e9ments alimentaires, sant\u00e9 & beaut\u00e9 au Maroc\",\"description\":\"vendre vitamines et compl\u00e9ments premium des USA &amp; Canada, Nouvelle Z\u00e9lande,Maroc (NOW Foods, Solgar, Manuka). Livraison rapide partout au Maroc.\",\"publisher\":{\"@id\":\"https:\\\/\\\/vitablanca.ma\\\/#organization\"},\"alternateName\":\"VitaBlanca.ma\",\"potentialAction\":[{\"@type\":\"SearchAction\",\"target\":{\"@type\":\"EntryPoint\",\"urlTemplate\":\"https:\\\/\\\/vitablanca.ma\\\/?s={search_term_string}\"},\"query-input\":{\"@type\":\"PropertyValueSpecification\",\"valueRequired\":true,\"valueName\":\"search_term_string\"}}],\"inLanguage\":\"ar\"},{\"@type\":\"Organization\",\"@id\":\"https:\\\/\\\/vitablanca.ma\\\/#organization\",\"name\":\"VitaBlanca\",\"url\":\"https:\\\/\\\/vitablanca.ma\\\/\",\"logo\":{\"@type\":\"ImageObject\",\"inLanguage\":\"ar\",\"@id\":\"https:\\\/\\\/vitablanca.ma\\\/#\\\/schema\\\/logo\\\/image\\\/\",\"url\":\"https:\\\/\\\/vitablanca.ma\\\/wp-content\\\/uploads\\\/2025\\\/05\\\/cropped-vitablanca.png\",\"contentUrl\":\"https:\\\/\\\/vitablanca.ma\\\/wp-content\\\/uploads\\\/2025\\\/05\\\/cropped-vitablanca.png\",\"width\":360,\"height\":67,\"caption\":\"VitaBlanca\"},\"image\":{\"@id\":\"https:\\\/\\\/vitablanca.ma\\\/#\\\/schema\\\/logo\\\/image\\\/\"},\"sameAs\":[\"https:\\\/\\\/www.facebook.com\\\/profile.php?id=61576678196717\",\"https:\\\/\\\/www.tiktok.com\\\/@vitablanca.ma\",\"https:\\\/\\\/www.instagram.com\\\/vitablanca.ma\\\/\"]}]}<\/script>\n<!-- \/ Yoast SEO plugin. -->","yoast_head_json":{"title":"r\u00e9ell\u2019e Shampooing Colorant 8.7 Blond Caramel - Maroc Prix","description":"r\u00e9ell\u2019e Shampooing Colorant 8.7 Blond Caramel colore et nourrit les cheveux pour une teinte brillante et uniforme. Couleur longue dur\u00e9e et cheveux doux","robots":{"index":"index","follow":"follow","max-snippet":"max-snippet:-1","max-image-preview":"max-image-preview:large","max-video-preview":"max-video-preview:-1"},"canonical":"https:\/\/vitablanca.ma\/ar\/product-2\/reelle-shampooing-colorant-8-7-blond-caramel\/","og_locale":"ar_AR","og_type":"article","og_title":"r\u00e9ell\u2019e Shampooing Colorant 8.7 Blond Caramel - Maroc Prix","og_description":"r\u00e9ell\u2019e Shampooing Colorant 8.7 Blond Caramel colore et nourrit les cheveux pour une teinte brillante et uniforme. Couleur longue dur\u00e9e et cheveux doux","og_url":"https:\/\/vitablanca.ma\/ar\/product-2\/reelle-shampooing-colorant-8-7-blond-caramel\/","og_site_name":"Vitablanca.ma &ndash; Sant&eacute;, vitalit&eacute; et bien-&ecirc;tre pour tous les Marocains","article_publisher":"https:\/\/www.facebook.com\/profile.php?id=61576678196717","article_modified_time":"2026-01-27T23:35:50+00:00","og_image":[{"width":1197,"height":1200,"url":"https:\/\/vitablanca.ma\/wp-content\/uploads\/2025\/07\/reell-e-toenungsshampoo-8-7-karamellblond.jpg","type":"image\/jpeg"}],"twitter_card":"summary_large_image","twitter_misc":{"\u0648\u0642\u062a \u0627\u0644\u0642\u0631\u0627\u0621\u0629 \u0627\u0644\u0645\u064f\u0642\u062f\u0651\u0631":"\u062f\u0642\u064a\u0642\u062a\u0627\u0646"},"schema":{"@context":"https:\/\/schema.org","@graph":[{"@type":["WebPage","ItemPage"],"@id":"https:\/\/vitablanca.ma\/produit\/reelle-shampooing-colorant-8-7-blond-caramel\/","url":"https:\/\/vitablanca.ma\/produit\/reelle-shampooing-colorant-8-7-blond-caramel\/","name":"r\u00e9ell\u2019e Shampooing Colorant 8.7 Blond Caramel - Maroc Prix","isPartOf":{"@id":"https:\/\/vitablanca.ma\/#website"},"primaryImageOfPage":{"@id":"https:\/\/vitablanca.ma\/produit\/reelle-shampooing-colorant-8-7-blond-caramel\/#primaryimage"},"image":{"@id":"https:\/\/vitablanca.ma\/produit\/reelle-shampooing-colorant-8-7-blond-caramel\/#primaryimage"},"thumbnailUrl":"https:\/\/vitablanca.ma\/wp-content\/uploads\/2025\/07\/reell-e-toenungsshampoo-8-7-karamellblond.jpg","datePublished":"2025-07-10T18:21:49+00:00","dateModified":"2026-01-27T23:35:50+00:00","description":"r\u00e9ell\u2019e Shampooing Colorant 8.7 Blond Caramel colore et nourrit les cheveux pour une teinte brillante et uniforme. Couleur longue dur\u00e9e et cheveux doux","breadcrumb":{"@id":"https:\/\/vitablanca.ma\/produit\/reelle-shampooing-colorant-8-7-blond-caramel\/#breadcrumb"},"inLanguage":"ar","potentialAction":[{"@type":"ReadAction","target":["https:\/\/vitablanca.ma\/produit\/reelle-shampooing-colorant-8-7-blond-caramel\/"]}]},{"@type":"ImageObject","inLanguage":"ar","@id":"https:\/\/vitablanca.ma\/produit\/reelle-shampooing-colorant-8-7-blond-caramel\/#primaryimage","url":"https:\/\/vitablanca.ma\/wp-content\/uploads\/2025\/07\/reell-e-toenungsshampoo-8-7-karamellblond.jpg","contentUrl":"https:\/\/vitablanca.ma\/wp-content\/uploads\/2025\/07\/reell-e-toenungsshampoo-8-7-karamellblond.jpg","width":1197,"height":1200},{"@type":"BreadcrumbList","@id":"https:\/\/vitablanca.ma\/produit\/reelle-shampooing-colorant-8-7-blond-caramel\/#breadcrumb","itemListElement":[{"@type":"ListItem","position":1,"name":"Home","item":"https:\/\/vitablanca.ma\/"},{"@type":"ListItem","position":2,"name":"Tous Les Produits","item":"https:\/\/vitablanca.ma\/tous-les-produits\/"},{"@type":"ListItem","position":3,"name":"r\u00e9ell&#8217;e &#8211; Shampooing colorant 8.7 blond caramel"}]},{"@type":"WebSite","@id":"https:\/\/vitablanca.ma\/#website","url":"https:\/\/vitablanca.ma\/","name":"VitaBlanca.ma | \u0627\u0644\u0645\u0643\u0645\u0644\u0627\u062a \u0627\u0644\u063a\u0630\u0627\u0626\u064a\u0629\u060c \u0627\u0644\u0635\u062d\u0629 \u0648\u0627\u0644\u062c\u0645\u0627\u0644 \u0641\u064a \u0627\u0644\u0645\u063a\u0631\u0628","description":"\u0646\u0628\u064a\u0639 \u0641\u064a\u062a\u0627\u0645\u064a\u0646\u0627\u062a \u0648\u0645\u0643\u0645\u0644\u0627\u062a \u063a\u0630\u0627\u0626\u064a\u0629 \u0641\u0627\u062e\u0631\u0629 \u0645\u0646 \u0627\u0644\u0648\u0644\u0627\u064a\u0627\u062a \u0627\u0644\u0645\u062a\u062d\u062f\u0629 \u0627\u0644\u0623\u0645\u0631\u064a\u0643\u064a\u0629 \u0648\u0643\u0646\u062f\u0627 \u0648\u0646\u064a\u0648\u0632\u064a\u0644\u0646\u062f\u0627 \u0648\u0627\u0644\u0645\u063a\u0631\u0628 (\u0646\u0627\u0648 \u0641\u0648\u062f\u0632\u060c \u0633\u0648\u0644\u062c\u0627\u0631\u060c \u0645\u0627\u0646\u0648\u0643\u0627). \u062a\u0648\u0635\u064a\u0644 \u0633\u0631\u064a\u0639 \u0625\u0644\u0649 \u062c\u0645\u064a\u0639 \u0623\u0646\u062d\u0627\u0621 \u0627\u0644\u0645\u063a\u0631\u0628.","publisher":{"@id":"https:\/\/vitablanca.ma\/#organization"},"alternateName":"VitaBlanca.ma","potentialAction":[{"@type":"SearchAction","target":{"@type":"EntryPoint","urlTemplate":"https:\/\/vitablanca.ma\/?s={search_term_string}"},"query-input":{"@type":"PropertyValueSpecification","valueRequired":true,"valueName":"search_term_string"}}],"inLanguage":"ar"},{"@type":"Organization","@id":"https:\/\/vitablanca.ma\/#organization","name":"\u0641\u064a\u062a\u0627\u0628\u0644\u0627\u0646\u0643\u0627","url":"https:\/\/vitablanca.ma\/","logo":{"@type":"ImageObject","inLanguage":"ar","@id":"https:\/\/vitablanca.ma\/#\/schema\/logo\/image\/","url":"https:\/\/vitablanca.ma\/wp-content\/uploads\/2025\/05\/cropped-vitablanca.png","contentUrl":"https:\/\/vitablanca.ma\/wp-content\/uploads\/2025\/05\/cropped-vitablanca.png","width":360,"height":67,"caption":"VitaBlanca"},"image":{"@id":"https:\/\/vitablanca.ma\/#\/schema\/logo\/image\/"},"sameAs":["https:\/\/www.facebook.com\/profile.php?id=61576678196717","https:\/\/www.tiktok.com\/@vitablanca.ma","https:\/\/www.instagram.com\/vitablanca.ma\/"]}]}},"jetpack_sharing_enabled":true,"_links":{"self":[{"href":"https:\/\/vitablanca.ma\/ar\/wp-json\/wp\/v2\/product\/23683","targetHints":{"allow":["GET"]}}],"collection":[{"href":"https:\/\/vitablanca.ma\/ar\/wp-json\/wp\/v2\/product"}],"about":[{"href":"https:\/\/vitablanca.ma\/ar\/wp-json\/wp\/v2\/types\/product"}],"wp:featuredmedia":[{"embeddable":true,"href":"https:\/\/vitablanca.ma\/ar\/wp-json\/wp\/v2\/media\/23681"}],"wp:attachment":[{"href":"https:\/\/vitablanca.ma\/ar\/wp-json\/wp\/v2\/media?parent=23683"}],"wp:term":[{"taxonomy":"product_brand","embeddable":true,"href":"https:\/\/vitablanca.ma\/ar\/wp-json\/wp\/v2\/product_brand?post=23683"},{"taxonomy":"product_cat","embeddable":true,"href":"https:\/\/vitablanca.ma\/ar\/wp-json\/wp\/v2\/product_cat?post=23683"},{"taxonomy":"product_tag","embeddable":true,"href":"https:\/\/vitablanca.ma\/ar\/wp-json\/wp\/v2\/product_tag?post=23683"}],"curies":[{"name":"wp","href":"https:\/\/api.w.org\/{rel}","templated":true}]}}