{"id":23680,"date":"2025-07-10T18:21:43","date_gmt":"2025-07-10T18:21:43","guid":{"rendered":"https:\/\/vitablanca.ma\/product\/balea-soin-des-levres-dattes-miel\/"},"modified":"2026-01-28T00:56:42","modified_gmt":"2026-01-28T00:56:42","slug":"balea-soin-des-levres-dattes-miel","status":"publish","type":"product","link":"https:\/\/vitablanca.ma\/ar\/product-2\/balea-soin-des-levres-dattes-miel\/","title":{"rendered":"\u0628\u0627\u0644\u064a\u0627 - \u0627\u0644\u0639\u0646\u0627\u064a\u0629 \u0628\u0627\u0644\u0634\u0641\u0627\u0647 \u0628\u0627\u0644\u062a\u0645\u0631 \u0648\u0627\u0644\u0639\u0633\u0644"},"content":{"rendered":"<h3><strong data-start=\"418\" data-end=\"470\">Des l\u00e8vres soyeuses, comme dans un conte de f\u00e9es\ud83d\udc96<\/strong><\/h3>\n<ul>\n<li>Domaine d\u2019application: Visage<\/li>\n<li>Sans alcool, Sans conservateur, Sans parab\u00e8ne, Sans paraffine \/ huiles min\u00e9rales<\/li>\n<li>Texture \/ Consistance \/ Application:Stick \/ Cristal<\/li>\n<li>\u00c9dition limit\u00e9e<\/li>\n<li>B\u00e2ton de soin des l\u00e8vres<\/li>\n<li>Avec du miel de fleurs bio, du beurre de karit\u00e9 et de l\u2019huile de colza<\/li>\n<li>Parfum de dattes<\/li>\n<li>Exempt de microplastiques et d\u2019huiles min\u00e9rales<\/li>\n<\/ul>\n<h4><strong><span style=\"font-size: 11pt; line-height: 104%; font-family: 'Segoe UI Emoji', sans-serif;\">\ud83d\udccc<\/span><span lang=\"EN-US\" style=\"font-size: 11pt; line-height: 104%; font-family: Arial, sans-serif;\"> \u0648\u0635\u0641 \u0627\u0644\u0645\u0646\u062a\u062c<\/span><\/strong><\/h4>\n<p>Cr\u00e9ez des l\u00e8vres incroyablement douces avec le soin des l\u00e8vres Dattes & Miel de Balea. Sa formule \u00e0 base de beurre de karit\u00e9, d\u2019huile de colza et de miel de fleurs bio offre \u00e0 vos l\u00e8vres une douceur insaisissable. En plus du soin, le baume \u00e0 l\u00e8vres d\u00e9gage un parfum divin de dattes sucr\u00e9es. Les ingr\u00e9dients de la formule sans microplastiques ni huiles min\u00e9rales sont \u00e0 99% d\u2019origine naturelle.<\/p>\n<h4><strong><span style=\"font-size: 11pt; line-height: 104%; font-family: 'Segoe UI Emoji', sans-serif;\">\ud83d\udca1<\/span><span lang=\"EN-US\" style=\"font-size: 11pt; line-height: 104%; font-family: Arial, sans-serif;\"> \u0637\u0631\u064a\u0642\u0629 \u0627\u0644\u0627\u0633\u062a\u062e\u062f\u0627\u0645<\/span><\/strong><\/h4>\n<p><span lang=\"EN-US\" style=\"font-size: 11pt; line-height: 104%; font-family: Arial, sans-serif;\">\u064a\u0648\u0636\u0639 \u0639\u0644\u0649 \u0627\u0644\u0634\u0641\u0627\u0647.<\/span><\/p>","protected":false},"excerpt":{"rendered":"<p>Des l\u00e8vres soyeuses, comme dans un conte de f\u00e9es\ud83d\udc96 Domaine d\u2019application: Visage Sans alcool, Sans conservateur, Sans parab\u00e8ne, Sans paraffine \/ huiles min\u00e9rales Texture \/ Consistance \/ Application:Stick \/ Cristal \u00c9dition limit\u00e9e B\u00e2ton de soin des l\u00e8vres Avec du miel de fleurs bio, du beurre de karit\u00e9 et de l\u2019huile de colza Parfum de dattes [&hellip;]<\/p>\n","protected":false},"featured_media":23677,"template":"","meta":{"om_disable_all_campaigns":false},"product_brand":[3236],"product_cat":[18],"product_tag":[3237,3240,3238,3239,6630,6631,6635,6633,3241,6332,6636,6632,6634,6358],"class_list":{"0":"post-23680","1":"product","2":"type-product","3":"status-publish","4":"has-post-thumbnail","6":"product_brand-balea-dm-prix-maroc","7":"product_cat-beaute-sante","8":"product_tag-balea","9":"product_tag-balea-dm","10":"product_tag-balea-maroc","11":"product_tag-balea-morocco","12":"product_tag-balea-soin-des-levres-dattes-miel","13":"product_tag-baume-a-levres-balea","14":"product_tag-baume-levres-douceur","15":"product_tag-baume-levres-naturel","16":"product_tag-dm-maroc","17":"product_tag-hydratation-levres","18":"product_tag-levres-confortables","19":"product_tag-levres-seches-et-gercees","20":"product_tag-protection-levres-sensibles","21":"product_tag-soin-levres-nourrissant","23":"first","24":"instock","25":"taxable","26":"shipping-taxable","27":"purchasable","28":"product-type-simple"},"yoast_head":"<!-- This site is optimized with the Yoast SEO plugin v27.5 - https:\/\/yoast.com\/product\/yoast-seo-wordpress\/ -->\n<title>Balea Soin des L\u00e8vres Dattes &amp; Miel - Maroc Prix<\/title>\n<meta name=\"description\" content=\"Balea Soin des L\u00e8vres Dattes &amp; Miel nourrit et prot\u00e8ge les l\u00e8vres s\u00e8ches et gerc\u00e9es. Baume doux et hydratant pour un confort et une douceur longue dur\u00e9e.\" \/>\n<meta name=\"robots\" content=\"index, follow, max-snippet:-1, max-image-preview:large, max-video-preview:-1\" \/>\n<link rel=\"canonical\" href=\"https:\/\/vitablanca.ma\/ar\/product-2\/balea-soin-des-levres-dattes-miel\/\" \/>\n<meta property=\"og:locale\" content=\"ar_AR\" \/>\n<meta property=\"og:type\" content=\"article\" \/>\n<meta property=\"og:title\" content=\"Balea Soin des L\u00e8vres Dattes &amp; Miel - Maroc Prix\" \/>\n<meta property=\"og:description\" content=\"Balea Soin des L\u00e8vres Dattes &amp; Miel nourrit et prot\u00e8ge les l\u00e8vres s\u00e8ches et gerc\u00e9es. Baume doux et hydratant pour un confort et une douceur longue dur\u00e9e.\" \/>\n<meta property=\"og:url\" content=\"https:\/\/vitablanca.ma\/ar\/product-2\/balea-soin-des-levres-dattes-miel\/\" \/>\n<meta property=\"og:site_name\" content=\"Vitablanca.ma &ndash; Sant&eacute;, vitalit&eacute; et bien-&ecirc;tre pour tous les Marocains\" \/>\n<meta property=\"article:publisher\" content=\"https:\/\/www.facebook.com\/profile.php?id=61576678196717\" \/>\n<meta property=\"article:modified_time\" content=\"2026-01-28T00:56:42+00:00\" \/>\n<meta property=\"og:image\" content=\"https:\/\/vitablanca.ma\/wp-content\/uploads\/2025\/07\/balea-lippenpflege-dattel-und-ho23nig.jpg\" \/>\n\t<meta property=\"og:image:width\" content=\"1206\" \/>\n\t<meta property=\"og:image:height\" content=\"1200\" \/>\n\t<meta property=\"og:image:type\" content=\"image\/jpeg\" \/>\n<meta name=\"twitter:card\" content=\"summary_large_image\" \/>\n<meta name=\"twitter:label1\" content=\"\u0648\u0642\u062a \u0627\u0644\u0642\u0631\u0627\u0621\u0629 \u0627\u0644\u0645\u064f\u0642\u062f\u0651\u0631\" \/>\n\t<meta name=\"twitter:data1\" content=\"\u062f\u0642\u064a\u0642\u0629 \u0648\u0627\u062d\u062f\u0629\" \/>\n<script type=\"application\/ld+json\" class=\"yoast-schema-graph\">{\"@context\":\"https:\\\/\\\/schema.org\",\"@graph\":[{\"@type\":[\"WebPage\",\"ItemPage\"],\"@id\":\"https:\\\/\\\/vitablanca.ma\\\/produit\\\/balea-soin-des-levres-dattes-miel\\\/\",\"url\":\"https:\\\/\\\/vitablanca.ma\\\/produit\\\/balea-soin-des-levres-dattes-miel\\\/\",\"name\":\"Balea Soin des L\u00e8vres Dattes & Miel - Maroc Prix\",\"isPartOf\":{\"@id\":\"https:\\\/\\\/vitablanca.ma\\\/#website\"},\"primaryImageOfPage\":{\"@id\":\"https:\\\/\\\/vitablanca.ma\\\/produit\\\/balea-soin-des-levres-dattes-miel\\\/#primaryimage\"},\"image\":{\"@id\":\"https:\\\/\\\/vitablanca.ma\\\/produit\\\/balea-soin-des-levres-dattes-miel\\\/#primaryimage\"},\"thumbnailUrl\":\"https:\\\/\\\/vitablanca.ma\\\/wp-content\\\/uploads\\\/2025\\\/07\\\/balea-lippenpflege-dattel-und-ho23nig.jpg\",\"datePublished\":\"2025-07-10T18:21:43+00:00\",\"dateModified\":\"2026-01-28T00:56:42+00:00\",\"description\":\"Balea Soin des L\u00e8vres Dattes & Miel nourrit et prot\u00e8ge les l\u00e8vres s\u00e8ches et gerc\u00e9es. Baume doux et hydratant pour un confort et une douceur longue dur\u00e9e.\",\"breadcrumb\":{\"@id\":\"https:\\\/\\\/vitablanca.ma\\\/produit\\\/balea-soin-des-levres-dattes-miel\\\/#breadcrumb\"},\"inLanguage\":\"ar\",\"potentialAction\":[{\"@type\":\"ReadAction\",\"target\":[\"https:\\\/\\\/vitablanca.ma\\\/produit\\\/balea-soin-des-levres-dattes-miel\\\/\"]}]},{\"@type\":\"ImageObject\",\"inLanguage\":\"ar\",\"@id\":\"https:\\\/\\\/vitablanca.ma\\\/produit\\\/balea-soin-des-levres-dattes-miel\\\/#primaryimage\",\"url\":\"https:\\\/\\\/vitablanca.ma\\\/wp-content\\\/uploads\\\/2025\\\/07\\\/balea-lippenpflege-dattel-und-ho23nig.jpg\",\"contentUrl\":\"https:\\\/\\\/vitablanca.ma\\\/wp-content\\\/uploads\\\/2025\\\/07\\\/balea-lippenpflege-dattel-und-ho23nig.jpg\",\"width\":1206,\"height\":1200},{\"@type\":\"BreadcrumbList\",\"@id\":\"https:\\\/\\\/vitablanca.ma\\\/produit\\\/balea-soin-des-levres-dattes-miel\\\/#breadcrumb\",\"itemListElement\":[{\"@type\":\"ListItem\",\"position\":1,\"name\":\"Home\",\"item\":\"https:\\\/\\\/vitablanca.ma\\\/\"},{\"@type\":\"ListItem\",\"position\":2,\"name\":\"Tous Les Produits\",\"item\":\"https:\\\/\\\/vitablanca.ma\\\/tous-les-produits\\\/\"},{\"@type\":\"ListItem\",\"position\":3,\"name\":\"Balea &#8211; Soin des l\u00e8vres Dattes &amp; Miel\"}]},{\"@type\":\"WebSite\",\"@id\":\"https:\\\/\\\/vitablanca.ma\\\/#website\",\"url\":\"https:\\\/\\\/vitablanca.ma\\\/\",\"name\":\"VitaBlanca.ma | Compl\u00e9ments alimentaires, sant\u00e9 & beaut\u00e9 au Maroc\",\"description\":\"vendre vitamines et compl\u00e9ments premium des USA &amp; Canada, Nouvelle Z\u00e9lande,Maroc (NOW Foods, Solgar, Manuka). Livraison rapide partout au Maroc.\",\"publisher\":{\"@id\":\"https:\\\/\\\/vitablanca.ma\\\/#organization\"},\"alternateName\":\"VitaBlanca.ma\",\"potentialAction\":[{\"@type\":\"SearchAction\",\"target\":{\"@type\":\"EntryPoint\",\"urlTemplate\":\"https:\\\/\\\/vitablanca.ma\\\/?s={search_term_string}\"},\"query-input\":{\"@type\":\"PropertyValueSpecification\",\"valueRequired\":true,\"valueName\":\"search_term_string\"}}],\"inLanguage\":\"ar\"},{\"@type\":\"Organization\",\"@id\":\"https:\\\/\\\/vitablanca.ma\\\/#organization\",\"name\":\"VitaBlanca\",\"url\":\"https:\\\/\\\/vitablanca.ma\\\/\",\"logo\":{\"@type\":\"ImageObject\",\"inLanguage\":\"ar\",\"@id\":\"https:\\\/\\\/vitablanca.ma\\\/#\\\/schema\\\/logo\\\/image\\\/\",\"url\":\"https:\\\/\\\/vitablanca.ma\\\/wp-content\\\/uploads\\\/2025\\\/05\\\/cropped-vitablanca.png\",\"contentUrl\":\"https:\\\/\\\/vitablanca.ma\\\/wp-content\\\/uploads\\\/2025\\\/05\\\/cropped-vitablanca.png\",\"width\":360,\"height\":67,\"caption\":\"VitaBlanca\"},\"image\":{\"@id\":\"https:\\\/\\\/vitablanca.ma\\\/#\\\/schema\\\/logo\\\/image\\\/\"},\"sameAs\":[\"https:\\\/\\\/www.facebook.com\\\/profile.php?id=61576678196717\",\"https:\\\/\\\/www.tiktok.com\\\/@vitablanca.ma\",\"https:\\\/\\\/www.instagram.com\\\/vitablanca.ma\\\/\"]}]}<\/script>\n<!-- \/ Yoast SEO plugin. -->","yoast_head_json":{"title":"Balea Soin des L\u00e8vres Dattes & Miel - Maroc Prix","description":"Balea Soin des L\u00e8vres Dattes & Miel nourrit et prot\u00e8ge les l\u00e8vres s\u00e8ches et gerc\u00e9es. Baume doux et hydratant pour un confort et une douceur longue dur\u00e9e.","robots":{"index":"index","follow":"follow","max-snippet":"max-snippet:-1","max-image-preview":"max-image-preview:large","max-video-preview":"max-video-preview:-1"},"canonical":"https:\/\/vitablanca.ma\/ar\/product-2\/balea-soin-des-levres-dattes-miel\/","og_locale":"ar_AR","og_type":"article","og_title":"Balea Soin des L\u00e8vres Dattes & Miel - Maroc Prix","og_description":"Balea Soin des L\u00e8vres Dattes & Miel nourrit et prot\u00e8ge les l\u00e8vres s\u00e8ches et gerc\u00e9es. Baume doux et hydratant pour un confort et une douceur longue dur\u00e9e.","og_url":"https:\/\/vitablanca.ma\/ar\/product-2\/balea-soin-des-levres-dattes-miel\/","og_site_name":"Vitablanca.ma &ndash; Sant&eacute;, vitalit&eacute; et bien-&ecirc;tre pour tous les Marocains","article_publisher":"https:\/\/www.facebook.com\/profile.php?id=61576678196717","article_modified_time":"2026-01-28T00:56:42+00:00","og_image":[{"width":1206,"height":1200,"url":"https:\/\/vitablanca.ma\/wp-content\/uploads\/2025\/07\/balea-lippenpflege-dattel-und-ho23nig.jpg","type":"image\/jpeg"}],"twitter_card":"summary_large_image","twitter_misc":{"\u0648\u0642\u062a \u0627\u0644\u0642\u0631\u0627\u0621\u0629 \u0627\u0644\u0645\u064f\u0642\u062f\u0651\u0631":"\u062f\u0642\u064a\u0642\u0629 \u0648\u0627\u062d\u062f\u0629"},"schema":{"@context":"https:\/\/schema.org","@graph":[{"@type":["WebPage","ItemPage"],"@id":"https:\/\/vitablanca.ma\/produit\/balea-soin-des-levres-dattes-miel\/","url":"https:\/\/vitablanca.ma\/produit\/balea-soin-des-levres-dattes-miel\/","name":"Balea Soin des L\u00e8vres Dattes & Miel - Maroc Prix","isPartOf":{"@id":"https:\/\/vitablanca.ma\/#website"},"primaryImageOfPage":{"@id":"https:\/\/vitablanca.ma\/produit\/balea-soin-des-levres-dattes-miel\/#primaryimage"},"image":{"@id":"https:\/\/vitablanca.ma\/produit\/balea-soin-des-levres-dattes-miel\/#primaryimage"},"thumbnailUrl":"https:\/\/vitablanca.ma\/wp-content\/uploads\/2025\/07\/balea-lippenpflege-dattel-und-ho23nig.jpg","datePublished":"2025-07-10T18:21:43+00:00","dateModified":"2026-01-28T00:56:42+00:00","description":"Balea Soin des L\u00e8vres Dattes & Miel nourrit et prot\u00e8ge les l\u00e8vres s\u00e8ches et gerc\u00e9es. Baume doux et hydratant pour un confort et une douceur longue dur\u00e9e.","breadcrumb":{"@id":"https:\/\/vitablanca.ma\/produit\/balea-soin-des-levres-dattes-miel\/#breadcrumb"},"inLanguage":"ar","potentialAction":[{"@type":"ReadAction","target":["https:\/\/vitablanca.ma\/produit\/balea-soin-des-levres-dattes-miel\/"]}]},{"@type":"ImageObject","inLanguage":"ar","@id":"https:\/\/vitablanca.ma\/produit\/balea-soin-des-levres-dattes-miel\/#primaryimage","url":"https:\/\/vitablanca.ma\/wp-content\/uploads\/2025\/07\/balea-lippenpflege-dattel-und-ho23nig.jpg","contentUrl":"https:\/\/vitablanca.ma\/wp-content\/uploads\/2025\/07\/balea-lippenpflege-dattel-und-ho23nig.jpg","width":1206,"height":1200},{"@type":"BreadcrumbList","@id":"https:\/\/vitablanca.ma\/produit\/balea-soin-des-levres-dattes-miel\/#breadcrumb","itemListElement":[{"@type":"ListItem","position":1,"name":"Home","item":"https:\/\/vitablanca.ma\/"},{"@type":"ListItem","position":2,"name":"Tous Les Produits","item":"https:\/\/vitablanca.ma\/tous-les-produits\/"},{"@type":"ListItem","position":3,"name":"Balea &#8211; Soin des l\u00e8vres Dattes &amp; Miel"}]},{"@type":"WebSite","@id":"https:\/\/vitablanca.ma\/#website","url":"https:\/\/vitablanca.ma\/","name":"VitaBlanca.ma | \u0627\u0644\u0645\u0643\u0645\u0644\u0627\u062a \u0627\u0644\u063a\u0630\u0627\u0626\u064a\u0629\u060c \u0627\u0644\u0635\u062d\u0629 \u0648\u0627\u0644\u062c\u0645\u0627\u0644 \u0641\u064a \u0627\u0644\u0645\u063a\u0631\u0628","description":"\u0646\u0628\u064a\u0639 \u0641\u064a\u062a\u0627\u0645\u064a\u0646\u0627\u062a \u0648\u0645\u0643\u0645\u0644\u0627\u062a \u063a\u0630\u0627\u0626\u064a\u0629 \u0641\u0627\u062e\u0631\u0629 \u0645\u0646 \u0627\u0644\u0648\u0644\u0627\u064a\u0627\u062a \u0627\u0644\u0645\u062a\u062d\u062f\u0629 \u0627\u0644\u0623\u0645\u0631\u064a\u0643\u064a\u0629 \u0648\u0643\u0646\u062f\u0627 \u0648\u0646\u064a\u0648\u0632\u064a\u0644\u0646\u062f\u0627 \u0648\u0627\u0644\u0645\u063a\u0631\u0628 (\u0646\u0627\u0648 \u0641\u0648\u062f\u0632\u060c \u0633\u0648\u0644\u062c\u0627\u0631\u060c \u0645\u0627\u0646\u0648\u0643\u0627). \u062a\u0648\u0635\u064a\u0644 \u0633\u0631\u064a\u0639 \u0625\u0644\u0649 \u062c\u0645\u064a\u0639 \u0623\u0646\u062d\u0627\u0621 \u0627\u0644\u0645\u063a\u0631\u0628.","publisher":{"@id":"https:\/\/vitablanca.ma\/#organization"},"alternateName":"VitaBlanca.ma","potentialAction":[{"@type":"SearchAction","target":{"@type":"EntryPoint","urlTemplate":"https:\/\/vitablanca.ma\/?s={search_term_string}"},"query-input":{"@type":"PropertyValueSpecification","valueRequired":true,"valueName":"search_term_string"}}],"inLanguage":"ar"},{"@type":"Organization","@id":"https:\/\/vitablanca.ma\/#organization","name":"\u0641\u064a\u062a\u0627\u0628\u0644\u0627\u0646\u0643\u0627","url":"https:\/\/vitablanca.ma\/","logo":{"@type":"ImageObject","inLanguage":"ar","@id":"https:\/\/vitablanca.ma\/#\/schema\/logo\/image\/","url":"https:\/\/vitablanca.ma\/wp-content\/uploads\/2025\/05\/cropped-vitablanca.png","contentUrl":"https:\/\/vitablanca.ma\/wp-content\/uploads\/2025\/05\/cropped-vitablanca.png","width":360,"height":67,"caption":"VitaBlanca"},"image":{"@id":"https:\/\/vitablanca.ma\/#\/schema\/logo\/image\/"},"sameAs":["https:\/\/www.facebook.com\/profile.php?id=61576678196717","https:\/\/www.tiktok.com\/@vitablanca.ma","https:\/\/www.instagram.com\/vitablanca.ma\/"]}]}},"jetpack_sharing_enabled":true,"_links":{"self":[{"href":"https:\/\/vitablanca.ma\/ar\/wp-json\/wp\/v2\/product\/23680","targetHints":{"allow":["GET"]}}],"collection":[{"href":"https:\/\/vitablanca.ma\/ar\/wp-json\/wp\/v2\/product"}],"about":[{"href":"https:\/\/vitablanca.ma\/ar\/wp-json\/wp\/v2\/types\/product"}],"wp:featuredmedia":[{"embeddable":true,"href":"https:\/\/vitablanca.ma\/ar\/wp-json\/wp\/v2\/media\/23677"}],"wp:attachment":[{"href":"https:\/\/vitablanca.ma\/ar\/wp-json\/wp\/v2\/media?parent=23680"}],"wp:term":[{"taxonomy":"product_brand","embeddable":true,"href":"https:\/\/vitablanca.ma\/ar\/wp-json\/wp\/v2\/product_brand?post=23680"},{"taxonomy":"product_cat","embeddable":true,"href":"https:\/\/vitablanca.ma\/ar\/wp-json\/wp\/v2\/product_cat?post=23680"},{"taxonomy":"product_tag","embeddable":true,"href":"https:\/\/vitablanca.ma\/ar\/wp-json\/wp\/v2\/product_tag?post=23680"}],"curies":[{"name":"wp","href":"https:\/\/api.w.org\/{rel}","templated":true}]}}