{"id":23649,"date":"2025-07-10T18:20:01","date_gmt":"2025-07-10T18:20:01","guid":{"rendered":"https:\/\/vitablanca.ma\/product\/pack-boucle-de-reves\/"},"modified":"2026-01-29T23:55:55","modified_gmt":"2026-01-29T23:55:55","slug":"pack-boucle-de-reves","status":"publish","type":"product","link":"https:\/\/vitablanca.ma\/ar\/product-2\/pack-boucle-de-reves\/","title":{"rendered":"\u0645\u062c\u0645\u0648\u0639\u0629 \u062f\u0631\u064a\u0645 \u0644\u0648\u0628"},"content":{"rendered":"<p>Produit 1 : Huile capillaire boucles de r\u00eave.<\/p>\n<ul data-mce-fragment=\"1\">\n<li data-mce-fragment=\"1\">Type de cheveux : Cheveux boucl\u00e9s<\/li>\n<li data-mce-fragment=\"1\">Effet : Anti-frisottis, Pour les boucles, Soin<\/li>\n<li data-mce-fragment=\"1\">Caract\u00e9ristiques du produit : A base d\u2019huile, Sans alcool, Sans silicone, Sans sulfate, Vegan<\/li>\n<li data-mce-fragment=\"1\">texture \/ consistance \/ application : huile<\/li>\n<li data-mce-fragment=\"1\">Pour les cheveux boucl\u00e9s ou ondul\u00e9s<\/li>\n<li data-mce-fragment=\"1\">Nourrit et dompte les cheveux pour une chevelure boucl\u00e9e d\u00e9finie et soign\u00e9e<\/li>\n<li data-mce-fragment=\"1\">Avec 5 huiles v\u00e9g\u00e9tales pr\u00e9cieuses<\/li>\n<li data-mce-fragment=\"1\">\u062e\u0627\u0644\u064a \u0645\u0646 \u0627\u0644\u0633\u064a\u0644\u064a\u0643\u0648\u0646<\/li>\n<\/ul>\n<p data-mce-fragment=\"1\">L\u2019huile pour cheveux boucl\u00e9s de r\u00eave de Balea Professional se compose d\u2019une formule performante pour un r\u00e9sultat perceptible et visible : des boucles naturellement vivantes, pleines de brillance et de ressort. La formulation agit gr\u00e2ce \u00e0 5 huiles v\u00e9g\u00e9tales pr\u00e9cieuses : huile de babassu, d\u2019argan, de coco, de jojoba et de tournesol. Gr\u00e2ce \u00e0 cette combinaison, l\u2019huile capillaire soigne et d\u00e9finit les cheveux boucl\u00e9s et leur conf\u00e8re une brillance naturelle ainsi que de la souplesse \u2013 avec un effet anti-frisottis.<\/p>\n<p data-mce-fragment=\"1\">Sans microplastiques ni polym\u00e8res synth\u00e9tiques purement solubles dans l\u2019eau.<\/p>\n<p data-mce-fragment=\"1\">Produit 2 : shampooing Boucles de r\u00eave.<\/p>\n<div class=\"product__description rte quick-add-hidden\">\n<ul data-mce-fragment=\"1\">\n<li data-mce-fragment=\"1\">Type de cheveux : Cheveux boucl\u00e9s<\/li>\n<li data-mce-fragment=\"1\">Effet : Pour les boucles, brillance, soin<\/li>\n<li data-mce-fragment=\"1\">\u062e\u0635\u0627\u0626\u0635 \u0627\u0644\u0645\u0646\u062a\u062c: \u062e\u0627\u0644\u064a \u0645\u0646 \u0627\u0644\u0643\u062d\u0648\u0644\u060c \u062e\u0627\u0644\u064a \u0645\u0646 \u0627\u0644\u0633\u064a\u0644\u064a\u0643\u0648\u0646<\/li>\n<li data-mce-fragment=\"1\">Pour les cheveux boucl\u00e9s et ondul\u00e9s<\/li>\n<li data-mce-fragment=\"1\">Plus de brillance, de ressort & d\u2019\u00e9lasticit\u00e9<\/li>\n<li data-mce-fragment=\"1\">Jusqu\u2019\u00e0 24 heures de boucles d\u00e9finies<\/li>\n<li data-mce-fragment=\"1\">Formule de soin avec k\u00e9ratine et beurre de karit\u00e9<\/li>\n<li data-mce-fragment=\"1\">\u062a\u0631\u0643\u064a\u0628\u0629 \u062e\u0627\u0644\u064a\u0629 \u0645\u0646 \u0627\u0644\u0633\u064a\u0644\u064a\u0643\u0648\u0646<\/li>\n<\/ul>\n<p data-mce-fragment=\"1\">Le shampooing R\u00eave de boucles de Balea Professional convient parfaitement aux cheveux boucl\u00e9s et ondul\u00e9s. Le shampooing agit avec une formule nettoyante douce qui respecte le cuir chevelu. Sa formule de soin performante \u00e0 la k\u00e9ratine et au beurre de karit\u00e9 conf\u00e8re \u00e0 vos boucles jusqu\u2019\u00e0 24 heures de ressort, d\u2019\u00e9lasticit\u00e9 et de d\u00e9finition. La k\u00e9ratine, \u00e9l\u00e9ment constitutif du cheveu, se d\u00e9pose dans la structure capillaire, aide \u00e0 renforcer les fibres capillaires et assure une meilleure qualit\u00e9 des cheveux. Formule sans microplastiques ni polym\u00e8res synth\u00e9tiques purs solubles dans l\u2019eau.<\/p>\n<p data-mce-fragment=\"1\">Produit 3 : <span data-mce-fragment=\"1\">L\u2019apr\u00e8s-shampooing boucle de r\u00eaves.<\/span><\/p>\n<ul data-mce-fragment=\"1\">\n<li data-mce-fragment=\"1\">Type de cheveux : Cheveux boucl\u00e9s, Cheveux rebelles<\/li>\n<li data-mce-fragment=\"1\">Effet : Hydratation, Pour les boucles, Brillance, Facile \u00e0 coiffer, Soin<\/li>\n<li data-mce-fragment=\"1\">Propri\u00e9t\u00e9s du produit : Sans alcool, Sans silicone, Sans sulfate<\/li>\n<li data-mce-fragment=\"1\">Pour des boucles d\u00e9finies, hydrat\u00e9es et faciles \u00e0 coiffer.<\/li>\n<li data-mce-fragment=\"1\">Sp\u00e9cialement con\u00e7u pour les cheveux boucl\u00e9s ou ondul\u00e9s<\/li>\n<li data-mce-fragment=\"1\">Formule de soin avec k\u00e9ratine et beurre de karit\u00e9<\/li>\n<li data-mce-fragment=\"1\">\u062a\u0631\u0643\u064a\u0628\u0629 \u062e\u0627\u0644\u064a\u0629 \u0645\u0646 \u0627\u0644\u0633\u064a\u0644\u064a\u0643\u0648\u0646<\/li>\n<\/ul>\n<p data-mce-fragment=\"1\">\n<p data-mce-fragment=\"1\">L\u2019apr\u00e8s-shampooing Balea Professional Traumlocken dompte de mani\u00e8re cibl\u00e9e les cheveux fris\u00e9s ou rebelles et les soigne en les assouplissant, pour un d\u00e9m\u00ealage parfait. Il conf\u00e8re du ressort, de l\u2019\u00e9lasticit\u00e9 et des boucles d\u00e9finies jusqu\u2019\u00e0 24h. Les \u00e9l\u00e9ments constitutifs du cheveu comme la k\u00e9ratine se d\u00e9posent dans la structure capillaire, aident \u00e0 renforcer les fibres capillaires et assurent une meilleure qualit\u00e9 des cheveux. La tol\u00e9rance cutan\u00e9e est confirm\u00e9e sous contr\u00f4le dermatologique.<\/p>\n<p data-mce-fragment=\"1\">Produit 4 : 2in1 protection thermique et fixation.<\/p>\n<ul data-mce-fragment=\"1\">\n<li data-mce-fragment=\"1\">Sans alcool, Sans colorant, Sans nanoparticules, Sans parab\u00e8ne, Sans paraffine \/ huiles min\u00e9rales, pH neutre pour la peau<\/li>\n<li data-mce-fragment=\"1\">Protection contre la chaleur et maintien des cheveux<\/li>\n<li data-mce-fragment=\"1\">Pour l\u2019utilisation d\u2019un fer \u00e0 friser ou \u00e0 lisser<\/li>\n<li data-mce-fragment=\"1\">Soigne gr\u00e2ce \u00e0 la k\u00e9ratine, au panth\u00e9nol et \u00e0 la b\u00e9ta\u00efne<\/li>\n<li data-mce-fragment=\"1\">Utilisable pour le styling \u00e0 la chaleur jusqu\u2019\u00e0 220\u00b0 C<\/li>\n<li data-mce-fragment=\"1\">\u062e\u0627\u0644\u064a \u0645\u0646 \u0627\u0644\u0633\u064a\u0644\u064a\u0643\u0648\u0646<\/li>\n<\/ul>\n<p data-mce-fragment=\"1\">Le 2in1 Locken-Styling Hitzeschutz & Halt de Balea sert \u00e0 obtenir une chevelure boucl\u00e9e sainement styl\u00e9e, offre une protection contre la chaleur et assure une tenue de longue dur\u00e9e gr\u00e2ce au polym\u00e8re de styling qu\u2019il contient. De plus, le spray coiffant assure un effet soignant gr\u00e2ce \u00e0 la k\u00e9ratine, au panth\u00e9nol et \u00e0 la b\u00e9ta\u00efne qu\u2019il contient. De plus, le spray peut \u00eatre utilis\u00e9 jusqu\u2019\u00e0 220\u00b0 C en cas d\u2019utilisation d\u2019un fer \u00e0 friser ou \u00e0 lisser ! Un v\u00e9ritable produit polyvalent avec une protection contre la chaleur et un effet soignant !<\/p>\n<p data-mce-fragment=\"1\">\u0637\u0631\u064a\u0642\u0629 \u0627\u0644\u0627\u0633\u062a\u062e\u062f\u0627\u0645:<\/p>\n<p data-mce-fragment=\"1\">Vaporiser le spray coiffant pour boucles sur cheveux secs ou essor\u00e9s et coiffer ensuite. Peut \u00e9galement \u00eatre vaporis\u00e9 sur les cheveux apr\u00e8s le styling pour consolider la coiffure.<\/p>\n<\/div>\n<h1><\/h1>","protected":false},"excerpt":{"rendered":"<p>Produit 1 : Huile capillaire boucles de r\u00eave. Type de cheveux : Cheveux boucl\u00e9s Effet : Anti-frisottis, Pour les boucles, Soin Caract\u00e9ristiques du produit : A base d\u2019huile, Sans alcool, Sans silicone, Sans sulfate, Vegan texture \/ consistance \/ application : huile Pour les cheveux boucl\u00e9s ou ondul\u00e9s Nourrit et dompte les cheveux pour une [&hellip;]<\/p>\n","protected":false},"featured_media":23644,"template":"","meta":{"om_disable_all_campaigns":false},"product_brand":[3236],"product_cat":[18],"product_tag":[5892,3237,3240,3238,3239,6292,6670,6294,3241,6671,6669,6672,6668],"class_list":{"0":"post-23649","1":"product","2":"type-product","3":"status-publish","4":"has-post-thumbnail","6":"product_brand-balea-dm-prix-maroc","7":"product_cat-beaute-sante","8":"product_tag-anti-frisottis","9":"product_tag-balea","10":"product_tag-balea-dm","11":"product_tag-balea-maroc","12":"product_tag-balea-morocco","13":"product_tag-cheveux-boucles","14":"product_tag-cheveux-frises","15":"product_tag-definition-boucles","16":"product_tag-dm-maroc","17":"product_tag-hydratation-capillaire","18":"product_tag-pack-boucle-de-reves","19":"product_tag-routine-cheveux-boucles","20":"product_tag-soins-capillaires","22":"first","23":"instock","24":"sale","25":"taxable","26":"shipping-taxable","27":"purchasable","28":"product-type-simple"},"yoast_head":"<!-- This site is optimized with the Yoast SEO plugin v27.5 - https:\/\/yoast.com\/product\/yoast-seo-wordpress\/ -->\n<title>Pack boucle de r\u00eaves - Maroc Prix<\/title>\n<meta name=\"description\" content=\"Le Pack Boucle de R\u00eaves nourrit, hydrate et d\u00e9finit les cheveux boucl\u00e9s. R\u00e9duit les frisottis et apporte souplesse, brillance et d\u00e9finition longue dur\u00e9e.\" \/>\n<meta name=\"robots\" content=\"index, follow, max-snippet:-1, max-image-preview:large, max-video-preview:-1\" \/>\n<link rel=\"canonical\" href=\"https:\/\/vitablanca.ma\/ar\/product-2\/pack-boucle-de-reves\/\" \/>\n<meta property=\"og:locale\" content=\"ar_AR\" \/>\n<meta property=\"og:type\" content=\"article\" \/>\n<meta property=\"og:title\" content=\"Pack boucle de r\u00eaves - Maroc Prix\" \/>\n<meta property=\"og:description\" content=\"Le Pack Boucle de R\u00eaves nourrit, hydrate et d\u00e9finit les cheveux boucl\u00e9s. R\u00e9duit les frisottis et apporte souplesse, brillance et d\u00e9finition longue dur\u00e9e.\" \/>\n<meta property=\"og:url\" content=\"https:\/\/vitablanca.ma\/ar\/product-2\/pack-boucle-de-reves\/\" \/>\n<meta property=\"og:site_name\" content=\"Vitablanca.ma &ndash; Sant&eacute;, vitalit&eacute; et bien-&ecirc;tre pour tous les Marocains\" \/>\n<meta property=\"article:publisher\" content=\"https:\/\/www.facebook.com\/profile.php?id=61576678196717\" \/>\n<meta property=\"article:modified_time\" content=\"2026-01-29T23:55:55+00:00\" \/>\n<meta property=\"og:image\" content=\"https:\/\/vitablanca.ma\/wp-content\/uploads\/2025\/07\/14.png\" \/>\n\t<meta property=\"og:image:width\" content=\"1080\" \/>\n\t<meta property=\"og:image:height\" content=\"1080\" \/>\n\t<meta property=\"og:image:type\" content=\"image\/png\" \/>\n<meta name=\"twitter:card\" content=\"summary_large_image\" \/>\n<meta name=\"twitter:label1\" content=\"\u0648\u0642\u062a \u0627\u0644\u0642\u0631\u0627\u0621\u0629 \u0627\u0644\u0645\u064f\u0642\u062f\u0651\u0631\" \/>\n\t<meta name=\"twitter:data1\" content=\"4 \u062f\u0642\u0627\u0626\u0642\" \/>\n<script type=\"application\/ld+json\" class=\"yoast-schema-graph\">{\"@context\":\"https:\\\/\\\/schema.org\",\"@graph\":[{\"@type\":[\"WebPage\",\"ItemPage\"],\"@id\":\"https:\\\/\\\/vitablanca.ma\\\/produit\\\/pack-boucle-de-reves\\\/\",\"url\":\"https:\\\/\\\/vitablanca.ma\\\/produit\\\/pack-boucle-de-reves\\\/\",\"name\":\"Pack boucle de r\u00eaves - Maroc Prix\",\"isPartOf\":{\"@id\":\"https:\\\/\\\/vitablanca.ma\\\/#website\"},\"primaryImageOfPage\":{\"@id\":\"https:\\\/\\\/vitablanca.ma\\\/produit\\\/pack-boucle-de-reves\\\/#primaryimage\"},\"image\":{\"@id\":\"https:\\\/\\\/vitablanca.ma\\\/produit\\\/pack-boucle-de-reves\\\/#primaryimage\"},\"thumbnailUrl\":\"https:\\\/\\\/vitablanca.ma\\\/wp-content\\\/uploads\\\/2025\\\/07\\\/14.png\",\"datePublished\":\"2025-07-10T18:20:01+00:00\",\"dateModified\":\"2026-01-29T23:55:55+00:00\",\"description\":\"Le Pack Boucle de R\u00eaves nourrit, hydrate et d\u00e9finit les cheveux boucl\u00e9s. R\u00e9duit les frisottis et apporte souplesse, brillance et d\u00e9finition longue dur\u00e9e.\",\"breadcrumb\":{\"@id\":\"https:\\\/\\\/vitablanca.ma\\\/produit\\\/pack-boucle-de-reves\\\/#breadcrumb\"},\"inLanguage\":\"ar\",\"potentialAction\":[{\"@type\":\"ReadAction\",\"target\":[\"https:\\\/\\\/vitablanca.ma\\\/produit\\\/pack-boucle-de-reves\\\/\"]}]},{\"@type\":\"ImageObject\",\"inLanguage\":\"ar\",\"@id\":\"https:\\\/\\\/vitablanca.ma\\\/produit\\\/pack-boucle-de-reves\\\/#primaryimage\",\"url\":\"https:\\\/\\\/vitablanca.ma\\\/wp-content\\\/uploads\\\/2025\\\/07\\\/14.png\",\"contentUrl\":\"https:\\\/\\\/vitablanca.ma\\\/wp-content\\\/uploads\\\/2025\\\/07\\\/14.png\",\"width\":1080,\"height\":1080},{\"@type\":\"BreadcrumbList\",\"@id\":\"https:\\\/\\\/vitablanca.ma\\\/produit\\\/pack-boucle-de-reves\\\/#breadcrumb\",\"itemListElement\":[{\"@type\":\"ListItem\",\"position\":1,\"name\":\"Home\",\"item\":\"https:\\\/\\\/vitablanca.ma\\\/\"},{\"@type\":\"ListItem\",\"position\":2,\"name\":\"Tous Les Produits\",\"item\":\"https:\\\/\\\/vitablanca.ma\\\/tous-les-produits\\\/\"},{\"@type\":\"ListItem\",\"position\":3,\"name\":\"Pack boucle de r\u00eaves\"}]},{\"@type\":\"WebSite\",\"@id\":\"https:\\\/\\\/vitablanca.ma\\\/#website\",\"url\":\"https:\\\/\\\/vitablanca.ma\\\/\",\"name\":\"VitaBlanca.ma | Compl\u00e9ments alimentaires, sant\u00e9 & beaut\u00e9 au Maroc\",\"description\":\"vendre vitamines et compl\u00e9ments premium des USA &amp; Canada, Nouvelle Z\u00e9lande,Maroc (NOW Foods, Solgar, Manuka). Livraison rapide partout au Maroc.\",\"publisher\":{\"@id\":\"https:\\\/\\\/vitablanca.ma\\\/#organization\"},\"alternateName\":\"VitaBlanca.ma\",\"potentialAction\":[{\"@type\":\"SearchAction\",\"target\":{\"@type\":\"EntryPoint\",\"urlTemplate\":\"https:\\\/\\\/vitablanca.ma\\\/?s={search_term_string}\"},\"query-input\":{\"@type\":\"PropertyValueSpecification\",\"valueRequired\":true,\"valueName\":\"search_term_string\"}}],\"inLanguage\":\"ar\"},{\"@type\":\"Organization\",\"@id\":\"https:\\\/\\\/vitablanca.ma\\\/#organization\",\"name\":\"VitaBlanca\",\"url\":\"https:\\\/\\\/vitablanca.ma\\\/\",\"logo\":{\"@type\":\"ImageObject\",\"inLanguage\":\"ar\",\"@id\":\"https:\\\/\\\/vitablanca.ma\\\/#\\\/schema\\\/logo\\\/image\\\/\",\"url\":\"https:\\\/\\\/vitablanca.ma\\\/wp-content\\\/uploads\\\/2025\\\/05\\\/cropped-vitablanca.png\",\"contentUrl\":\"https:\\\/\\\/vitablanca.ma\\\/wp-content\\\/uploads\\\/2025\\\/05\\\/cropped-vitablanca.png\",\"width\":360,\"height\":67,\"caption\":\"VitaBlanca\"},\"image\":{\"@id\":\"https:\\\/\\\/vitablanca.ma\\\/#\\\/schema\\\/logo\\\/image\\\/\"},\"sameAs\":[\"https:\\\/\\\/www.facebook.com\\\/profile.php?id=61576678196717\",\"https:\\\/\\\/www.tiktok.com\\\/@vitablanca.ma\",\"https:\\\/\\\/www.instagram.com\\\/vitablanca.ma\\\/\"]}]}<\/script>\n<!-- \/ Yoast SEO plugin. -->","yoast_head_json":{"title":"Pack boucle de r\u00eaves - Maroc Prix","description":"Le Pack Boucle de R\u00eaves nourrit, hydrate et d\u00e9finit les cheveux boucl\u00e9s. R\u00e9duit les frisottis et apporte souplesse, brillance et d\u00e9finition longue dur\u00e9e.","robots":{"index":"index","follow":"follow","max-snippet":"max-snippet:-1","max-image-preview":"max-image-preview:large","max-video-preview":"max-video-preview:-1"},"canonical":"https:\/\/vitablanca.ma\/ar\/product-2\/pack-boucle-de-reves\/","og_locale":"ar_AR","og_type":"article","og_title":"Pack boucle de r\u00eaves - Maroc Prix","og_description":"Le Pack Boucle de R\u00eaves nourrit, hydrate et d\u00e9finit les cheveux boucl\u00e9s. R\u00e9duit les frisottis et apporte souplesse, brillance et d\u00e9finition longue dur\u00e9e.","og_url":"https:\/\/vitablanca.ma\/ar\/product-2\/pack-boucle-de-reves\/","og_site_name":"Vitablanca.ma &ndash; Sant&eacute;, vitalit&eacute; et bien-&ecirc;tre pour tous les Marocains","article_publisher":"https:\/\/www.facebook.com\/profile.php?id=61576678196717","article_modified_time":"2026-01-29T23:55:55+00:00","og_image":[{"width":1080,"height":1080,"url":"https:\/\/vitablanca.ma\/wp-content\/uploads\/2025\/07\/14.png","type":"image\/png"}],"twitter_card":"summary_large_image","twitter_misc":{"\u0648\u0642\u062a \u0627\u0644\u0642\u0631\u0627\u0621\u0629 \u0627\u0644\u0645\u064f\u0642\u062f\u0651\u0631":"4 \u062f\u0642\u0627\u0626\u0642"},"schema":{"@context":"https:\/\/schema.org","@graph":[{"@type":["WebPage","ItemPage"],"@id":"https:\/\/vitablanca.ma\/produit\/pack-boucle-de-reves\/","url":"https:\/\/vitablanca.ma\/produit\/pack-boucle-de-reves\/","name":"Pack boucle de r\u00eaves - Maroc Prix","isPartOf":{"@id":"https:\/\/vitablanca.ma\/#website"},"primaryImageOfPage":{"@id":"https:\/\/vitablanca.ma\/produit\/pack-boucle-de-reves\/#primaryimage"},"image":{"@id":"https:\/\/vitablanca.ma\/produit\/pack-boucle-de-reves\/#primaryimage"},"thumbnailUrl":"https:\/\/vitablanca.ma\/wp-content\/uploads\/2025\/07\/14.png","datePublished":"2025-07-10T18:20:01+00:00","dateModified":"2026-01-29T23:55:55+00:00","description":"Le Pack Boucle de R\u00eaves nourrit, hydrate et d\u00e9finit les cheveux boucl\u00e9s. R\u00e9duit les frisottis et apporte souplesse, brillance et d\u00e9finition longue dur\u00e9e.","breadcrumb":{"@id":"https:\/\/vitablanca.ma\/produit\/pack-boucle-de-reves\/#breadcrumb"},"inLanguage":"ar","potentialAction":[{"@type":"ReadAction","target":["https:\/\/vitablanca.ma\/produit\/pack-boucle-de-reves\/"]}]},{"@type":"ImageObject","inLanguage":"ar","@id":"https:\/\/vitablanca.ma\/produit\/pack-boucle-de-reves\/#primaryimage","url":"https:\/\/vitablanca.ma\/wp-content\/uploads\/2025\/07\/14.png","contentUrl":"https:\/\/vitablanca.ma\/wp-content\/uploads\/2025\/07\/14.png","width":1080,"height":1080},{"@type":"BreadcrumbList","@id":"https:\/\/vitablanca.ma\/produit\/pack-boucle-de-reves\/#breadcrumb","itemListElement":[{"@type":"ListItem","position":1,"name":"Home","item":"https:\/\/vitablanca.ma\/"},{"@type":"ListItem","position":2,"name":"Tous Les Produits","item":"https:\/\/vitablanca.ma\/tous-les-produits\/"},{"@type":"ListItem","position":3,"name":"Pack boucle de r\u00eaves"}]},{"@type":"WebSite","@id":"https:\/\/vitablanca.ma\/#website","url":"https:\/\/vitablanca.ma\/","name":"VitaBlanca.ma | \u0627\u0644\u0645\u0643\u0645\u0644\u0627\u062a \u0627\u0644\u063a\u0630\u0627\u0626\u064a\u0629\u060c \u0627\u0644\u0635\u062d\u0629 \u0648\u0627\u0644\u062c\u0645\u0627\u0644 \u0641\u064a \u0627\u0644\u0645\u063a\u0631\u0628","description":"\u0646\u0628\u064a\u0639 \u0641\u064a\u062a\u0627\u0645\u064a\u0646\u0627\u062a \u0648\u0645\u0643\u0645\u0644\u0627\u062a \u063a\u0630\u0627\u0626\u064a\u0629 \u0641\u0627\u062e\u0631\u0629 \u0645\u0646 \u0627\u0644\u0648\u0644\u0627\u064a\u0627\u062a \u0627\u0644\u0645\u062a\u062d\u062f\u0629 \u0627\u0644\u0623\u0645\u0631\u064a\u0643\u064a\u0629 \u0648\u0643\u0646\u062f\u0627 \u0648\u0646\u064a\u0648\u0632\u064a\u0644\u0646\u062f\u0627 \u0648\u0627\u0644\u0645\u063a\u0631\u0628 (\u0646\u0627\u0648 \u0641\u0648\u062f\u0632\u060c \u0633\u0648\u0644\u062c\u0627\u0631\u060c \u0645\u0627\u0646\u0648\u0643\u0627). \u062a\u0648\u0635\u064a\u0644 \u0633\u0631\u064a\u0639 \u0625\u0644\u0649 \u062c\u0645\u064a\u0639 \u0623\u0646\u062d\u0627\u0621 \u0627\u0644\u0645\u063a\u0631\u0628.","publisher":{"@id":"https:\/\/vitablanca.ma\/#organization"},"alternateName":"VitaBlanca.ma","potentialAction":[{"@type":"SearchAction","target":{"@type":"EntryPoint","urlTemplate":"https:\/\/vitablanca.ma\/?s={search_term_string}"},"query-input":{"@type":"PropertyValueSpecification","valueRequired":true,"valueName":"search_term_string"}}],"inLanguage":"ar"},{"@type":"Organization","@id":"https:\/\/vitablanca.ma\/#organization","name":"\u0641\u064a\u062a\u0627\u0628\u0644\u0627\u0646\u0643\u0627","url":"https:\/\/vitablanca.ma\/","logo":{"@type":"ImageObject","inLanguage":"ar","@id":"https:\/\/vitablanca.ma\/#\/schema\/logo\/image\/","url":"https:\/\/vitablanca.ma\/wp-content\/uploads\/2025\/05\/cropped-vitablanca.png","contentUrl":"https:\/\/vitablanca.ma\/wp-content\/uploads\/2025\/05\/cropped-vitablanca.png","width":360,"height":67,"caption":"VitaBlanca"},"image":{"@id":"https:\/\/vitablanca.ma\/#\/schema\/logo\/image\/"},"sameAs":["https:\/\/www.facebook.com\/profile.php?id=61576678196717","https:\/\/www.tiktok.com\/@vitablanca.ma","https:\/\/www.instagram.com\/vitablanca.ma\/"]}]}},"jetpack_sharing_enabled":true,"_links":{"self":[{"href":"https:\/\/vitablanca.ma\/ar\/wp-json\/wp\/v2\/product\/23649","targetHints":{"allow":["GET"]}}],"collection":[{"href":"https:\/\/vitablanca.ma\/ar\/wp-json\/wp\/v2\/product"}],"about":[{"href":"https:\/\/vitablanca.ma\/ar\/wp-json\/wp\/v2\/types\/product"}],"wp:featuredmedia":[{"embeddable":true,"href":"https:\/\/vitablanca.ma\/ar\/wp-json\/wp\/v2\/media\/23644"}],"wp:attachment":[{"href":"https:\/\/vitablanca.ma\/ar\/wp-json\/wp\/v2\/media?parent=23649"}],"wp:term":[{"taxonomy":"product_brand","embeddable":true,"href":"https:\/\/vitablanca.ma\/ar\/wp-json\/wp\/v2\/product_brand?post=23649"},{"taxonomy":"product_cat","embeddable":true,"href":"https:\/\/vitablanca.ma\/ar\/wp-json\/wp\/v2\/product_cat?post=23649"},{"taxonomy":"product_tag","embeddable":true,"href":"https:\/\/vitablanca.ma\/ar\/wp-json\/wp\/v2\/product_tag?post=23649"}],"curies":[{"name":"wp","href":"https:\/\/api.w.org\/{rel}","templated":true}]}}