{"id":23638,"date":"2025-07-10T18:19:01","date_gmt":"2025-07-10T18:19:01","guid":{"rendered":"https:\/\/vitablanca.ma\/product\/pack-pour-les-dents-fraicheur\/"},"modified":"2026-01-30T00:01:26","modified_gmt":"2026-01-30T00:01:26","slug":"pack-pour-les-dents-fraicheur","status":"publish","type":"product","link":"https:\/\/vitablanca.ma\/ar\/product-2\/pack-pour-les-dents-fraicheur\/","title":{"rendered":"Pack pour les dents Fra\u00eecheur"},"content":{"rendered":"<p>Produit 1 : Gomme \u00e0 m\u00e2cher Black Shine au charbon actif, 50 pces.<\/p>\n<ul data-mce-fragment=\"1\">\n<li data-mce-fragment=\"1\">\u0645\u0645\u064a\u0632\u0627\u062a \u0627\u0644\u0645\u0646\u062a\u062c: \u062e\u0627\u0644\u064a \u0645\u0646 \u0627\u0644\u063a\u0644\u0648\u062a\u064a\u0646\u060c \u062e\u0627\u0644\u064a \u0645\u0646 \u0627\u0644\u0644\u0627\u0643\u062a\u0648\u0632\u060c \u062e\u0627\u0644\u064a \u0645\u0646 \u0627\u0644\u0645\u0648\u0627\u062f \u0627\u0644\u062d\u0627\u0641\u0638\u0629\u060c \u0646\u0628\u0627\u062a\u064a\u060c \u0646\u0628\u0627\u062a\u064a \u062a\u0645\u0627\u0645\u064b\u0627<\/li>\n<li data-mce-fragment=\"1\">\u0645\u0646\u062a\u062c \u0633\u0648\u064a\u0633\u0631\u064a \u0639\u0627\u0644\u064a \u0627\u0644\u062c\u0648\u062f\u0629<\/li>\n<li data-mce-fragment=\"1\">\u0645\u0639 \u0627\u0644\u0643\u0631\u0628\u0648\u0646 \u0627\u0644\u0645\u0646\u0634\u0637<\/li>\n<li data-mce-fragment=\"1\">\u0645\u0639 \u0625\u0643\u0633\u064a\u0644\u064a\u062a\u0648\u0644 \u0648\u0627\u0644\u0646\u0639\u0646\u0627\u0639 \u0648\u0632\u064a\u062a \u0634\u062c\u0631\u0629 \u0627\u0644\u0634\u0627\u064a<\/li>\n<li data-mce-fragment=\"1\">\u062e\u0627\u0644\u064a \u0645\u0646 \u0627\u0644\u063a\u0644\u0648\u062a\u064a\u0646<\/li>\n<\/ul>\n<p data-mce-fragment=\"1\">\n<p data-mce-fragment=\"1\">\u0644\u0645\u062a\u0639\u0629 \u0645\u0636\u063a \u0645\u0646\u0639\u0634\u0629: \u0639\u0644\u0643\u0629 \u062f\u0648\u0646\u062a\u0648\u062f\u0646\u062a \u0628\u0644\u0627\u0643 \u0634\u0627\u064a\u0646 \u0645\u0646\u062a\u062c \u0633\u0648\u064a\u0633\u0631\u064a \u0639\u0627\u0644\u064a \u0627\u0644\u062c\u0648\u062f\u0629. \u062a\u062d\u062a\u0648\u064a \u0639\u0644\u0649 \u0627\u0644\u0641\u062d\u0645 \u0627\u0644\u0645\u0646\u0634\u0637\u060c \u0648\u0627\u0644\u0625\u0643\u0633\u064a\u0644\u064a\u062a\u0648\u0644\u060c \u0648\u0627\u0644\u0646\u0639\u0646\u0627\u0639\u060c \u0648\u0632\u064a\u062a \u0634\u062c\u0631\u0629 \u0627\u0644\u0634\u0627\u064a\u060c \u0648\u0647\u064a \u062e\u0627\u0644\u064a\u0629 \u0645\u0646 \u0627\u0644\u063a\u0644\u0648\u062a\u064a\u0646.<\/p>\n<p data-mce-fragment=\"1\">Produit 2 : Dentifrice Brillant Blanc, 125 ml.<\/p>\n<ul data-mce-fragment=\"1\">\n<li data-mce-fragment=\"1\">\u0645\u062c\u0627\u0644 \u0627\u0644\u062a\u0637\u0628\u064a\u0642: \u062a\u0628\u064a\u064a\u0636 \u0627\u0644\u0623\u0633\u0646\u0627\u0646<\/li>\n<li data-mce-fragment=\"1\">\u0645\u0645\u064a\u0632\u0627\u062a \u0627\u0644\u0645\u0646\u062a\u062c: \u0645\u0639 \u0627\u0644\u0641\u0644\u0648\u0631\u0627\u064a\u062f\u060c \u0646\u0628\u0627\u062a\u064a<\/li>\n<li data-mce-fragment=\"1\">\u0644\u0644\u062d\u0635\u0648\u0644 \u0639\u0644\u0649 \u0623\u0633\u0646\u0627\u0646 \u0628\u064a\u0636\u0627\u0621 \u0648\u0645\u0634\u0631\u0642\u0629 \u0628\u0634\u0643\u0644 \u0637\u0628\u064a\u0639\u064a*.<\/li>\n<li data-mce-fragment=\"1\">\u064a\u062d\u0645\u064a \u0628\u0634\u0643\u0644 \u0641\u0639\u0627\u0644 \u0645\u0646 \u0627\u0644\u062a\u0633\u0648\u0633** \u0648\u0627\u0644\u0628\u0644\u0627\u0643 \u0648\u0627\u0644\u062c\u064a\u0631<\/li>\n<li data-mce-fragment=\"1\">\u064a\u0632\u064a\u0644 \u062a\u063a\u064a\u0631 \u0627\u0644\u0644\u0648\u0646 \u0628\u0644\u0637\u0641<\/li>\n<li data-mce-fragment=\"1\">\u0628\u062f\u0648\u0646 \u0635\u0628\u063a\u0627\u062a \u0645\u0644\u0648\u0646\u0629<\/li>\n<li data-mce-fragment=\"1\">\u0645\u0646\u0627\u0633\u0628 \u0644\u0644\u0627\u0633\u062a\u062e\u062f\u0627\u0645 \u0627\u0644\u064a\u0648\u0645\u064a<\/li>\n<\/ul>\n<p data-mce-fragment=\"1\">\u0644\u0623\u0633\u0646\u0627\u0646 \u0635\u062d\u064a\u0629 \u0646\u0627\u0635\u0639\u0629 \u0627\u0644\u0628\u064a\u0627\u0636: \u064a\u0632\u064a\u0644 \u0645\u0639\u062c\u0648\u0646 \u0623\u0633\u0646\u0627\u0646 \u062f\u0648\u0646\u062a\u0648\u062f\u0646\u062a \u0628\u0631\u064a\u0644\u064a\u0627\u0646\u062a \u0648\u0627\u064a\u062a \u0627\u0644\u0628\u0642\u0639 \u0628\u0644\u0637\u0641 \u0648\u064a\u0639\u064a\u062f \u0644\u0644\u0623\u0633\u0646\u0627\u0646 \u0628\u064a\u0627\u0636\u0647\u0627 \u0627\u0644\u0637\u0628\u064a\u0639\u064a*. \u0641\u064a \u0627\u0644\u0648\u0642\u062a \u0646\u0641\u0633\u0647\u060c \u064a\u062d\u0645\u064a \u0645\u0646 \u0627\u0644\u062a\u0633\u0648\u0633** \u0648\u0627\u0644\u0628\u0644\u0627\u0643 \u0648\u0627\u0644\u062c\u064a\u0631. \u0628\u0641\u0636\u0644 \u0628\u0643\u062a\u064a\u0631\u064a\u0627 \u0627\u0644\u062a\u0646\u0638\u064a\u0641 \u0627\u0644\u0644\u0637\u064a\u0641\u0629\u060c \u064a\u0632\u064a\u0644 \u0645\u0639\u062c\u0648\u0646 \u0623\u0633\u0646\u0627\u0646 \u062f\u0648\u0646\u062a\u0648\u062f\u0646\u062a \u0628\u0631\u064a\u0644\u064a\u0627\u0646\u062a \u0648\u0627\u064a\u062a \u0627\u0644\u0628\u0642\u0639 \u0648\u0627\u0644\u0631\u0648\u0627\u0633\u0628 \u0628\u0641\u0639\u0627\u0644\u064a\u0629.<\/p>\n<p data-mce-fragment=\"1\">\u0645\u0646\u0627\u0633\u0628 \u0644\u0644\u0627\u0633\u062a\u062e\u062f\u0627\u0645 \u0627\u0644\u064a\u0648\u0645\u064a.<\/p>\n<p data-mce-fragment=\"1\">\u0645\u0646\u0627\u0633\u0628 \u0644\u0644\u0628\u0627\u0644\u063a\u064a\u0646 \u0641\u0642\u0637.<\/p>\n<p data-mce-fragment=\"1\">Produit 3 : Bain de bouche Protect &amp; Care 10 en 1, 500 ml<\/p>\n<ul data-mce-fragment=\"1\">\n<li data-mce-fragment=\"1\">\u062e\u0627\u0644\u064a \u0645\u0646 \u0627\u0644\u0643\u062d\u0648\u0644<\/li>\n<li data-mce-fragment=\"1\">Avec fluorure, v\u00e9g\u00e9tarien<\/li>\n<li data-mce-fragment=\"1\">Renforce l\u2019\u00e9mail et prend soin des gencives<\/li>\n<li data-mce-fragment=\"1\">Avec syst\u00e8me bi-fluorure pour la protection contre les caries**<\/li>\n<li data-mce-fragment=\"1\">R\u00e9duction des germes<\/li>\n<li data-mce-fragment=\"1\">Haleine fra\u00eeche et durable<\/li>\n<li data-mce-fragment=\"1\">Formulation sans microplastiques et polym\u00e8res synth\u00e9tiques pures solubles dans l\u2019eau.<\/li>\n<\/ul>\n<p data-mce-fragment=\"1\">\n<p data-mce-fragment=\"1\">La solution buccodentaire Protect&amp;Care 10 in 1 Dontodent sans alcool (sans \u00e9thanol) a \u00e9t\u00e9 sp\u00e9cialement d\u00e9velopp\u00e9e pour une hygi\u00e8ne compl\u00e8te dans toute la cavit\u00e9 buccale. Gr\u00e2ce \u00e0 sa formule active 10 fois plus protectrice, elle procure une sensation de fra\u00eecheur et de soin tout en nettoyant la cavit\u00e9 buccale m\u00eame dans les endroits difficiles d\u2019acc\u00e8s. **Contient du dihydrofluorure de bis(hydroxy\u00e9thyl)aminopropyl-N-hydroxy\u00e9thyloctad\u00e9cylamine et du fluorure de sodium Teneur totale en fluorure : 450 ppm F<\/p>\n<p data-mce-fragment=\"1\">Apr\u00e8s chaque brossage des dents avec environ 10-20 ml (voir bouchon) de bain de bouche Dontodent non dilu\u00e9 pendant 30 secondes NE PAS AVALER! Ne pas rincer \u00e0 l\u2019eau, convient aux enfants \u00e0 partir de 12 ans.<\/p>","protected":false},"excerpt":{"rendered":"<p>Produit 1 : Gomme \u00e0 m\u00e2cher Black Shine au charbon actif, 50 pces. Caract\u00e9ristiques du produit : Sans gluten, Sans lactose, Sans conservateurs, V\u00e9g\u00e9talien, V\u00e9g\u00e9tarien Produit de qualit\u00e9 suisse Avec du charbon actif Avec du xylitol, de l&rsquo;huile de menthe poivr\u00e9e et d&rsquo;arbre \u00e0 th\u00e9 Sans gluten Pour un plaisir de mastication rafra\u00eechissant : le [&hellip;]<\/p>\n","protected":false},"featured_media":23634,"template":"","meta":{"om_disable_all_campaigns":false},"product_brand":[],"product_cat":[15],"product_tag":[6678,6249,6682,6679,6677,6683,6676,6257,6681,6680],"class_list":{"0":"post-23638","1":"product","2":"type-product","3":"status-publish","4":"has-post-thumbnail","6":"product_cat-beaute-sante-complements-alimentaires-soins-et-bien-etre-au-meilleur-prix","7":"product_tag-bain-de-bouche","8":"product_tag-dentifrice","9":"product_tag-dents-propres","10":"product_tag-haleine-fraiche","11":"product_tag-hygiene-buccale","12":"product_tag-pack-complet","13":"product_tag-pack-dents-fraicheur","14":"product_tag-protection-gencives","15":"product_tag-routine-dentaire","16":"product_tag-soins-dents","18":"first","19":"instock","20":"sale","21":"taxable","22":"shipping-taxable","23":"purchasable","24":"product-type-simple"},"yoast_head":"<!-- This site is optimized with the Yoast SEO plugin v27.4 - https:\/\/yoast.com\/product\/yoast-seo-wordpress\/ -->\n<title>Pack pour les dents Fra\u00eecheur - Maroc Prix<\/title>\n<meta name=\"description\" content=\"Le Pack pour les dents Fra\u00eecheur offre un soin complet pour l\u2019hygi\u00e8ne buccale, nettoie efficacement les dents et assure une haleine\" \/>\n<meta name=\"robots\" content=\"index, follow, max-snippet:-1, max-image-preview:large, max-video-preview:-1\" \/>\n<link rel=\"canonical\" href=\"https:\/\/vitablanca.ma\/ar\/product-2\/pack-pour-les-dents-fraicheur\/\" \/>\n<meta property=\"og:locale\" content=\"ar_AR\" \/>\n<meta property=\"og:type\" content=\"article\" \/>\n<meta property=\"og:title\" content=\"Pack pour les dents Fra\u00eecheur - Maroc Prix\" \/>\n<meta property=\"og:description\" content=\"Le Pack pour les dents Fra\u00eecheur offre un soin complet pour l\u2019hygi\u00e8ne buccale, nettoie efficacement les dents et assure une haleine\" \/>\n<meta property=\"og:url\" content=\"https:\/\/vitablanca.ma\/ar\/product-2\/pack-pour-les-dents-fraicheur\/\" \/>\n<meta property=\"og:site_name\" content=\"Vitablanca.ma &ndash; Sant&eacute;, vitalit&eacute; et bien-&ecirc;tre pour tous les Marocains\" \/>\n<meta property=\"article:publisher\" content=\"https:\/\/www.facebook.com\/profile.php?id=61576678196717\" \/>\n<meta property=\"article:modified_time\" content=\"2026-01-30T00:01:26+00:00\" \/>\n<meta property=\"og:image\" content=\"https:\/\/vitablanca.ma\/wp-content\/uploads\/2025\/07\/16.png\" \/>\n\t<meta property=\"og:image:width\" content=\"1080\" \/>\n\t<meta property=\"og:image:height\" content=\"1080\" \/>\n\t<meta property=\"og:image:type\" content=\"image\/png\" \/>\n<meta name=\"twitter:card\" content=\"summary_large_image\" \/>\n<meta name=\"twitter:label1\" content=\"\u0648\u0642\u062a \u0627\u0644\u0642\u0631\u0627\u0621\u0629 \u0627\u0644\u0645\u064f\u0642\u062f\u0651\u0631\" \/>\n\t<meta name=\"twitter:data1\" content=\"3 \u062f\u0642\u0627\u0626\u0642\" \/>\n<script type=\"application\/ld+json\" class=\"yoast-schema-graph\">{\"@context\":\"https:\\\/\\\/schema.org\",\"@graph\":[{\"@type\":[\"WebPage\",\"ItemPage\"],\"@id\":\"https:\\\/\\\/vitablanca.ma\\\/produit\\\/pack-pour-les-dents-fraicheur\\\/\",\"url\":\"https:\\\/\\\/vitablanca.ma\\\/produit\\\/pack-pour-les-dents-fraicheur\\\/\",\"name\":\"Pack pour les dents Fra\u00eecheur - Maroc Prix\",\"isPartOf\":{\"@id\":\"https:\\\/\\\/vitablanca.ma\\\/#website\"},\"primaryImageOfPage\":{\"@id\":\"https:\\\/\\\/vitablanca.ma\\\/produit\\\/pack-pour-les-dents-fraicheur\\\/#primaryimage\"},\"image\":{\"@id\":\"https:\\\/\\\/vitablanca.ma\\\/produit\\\/pack-pour-les-dents-fraicheur\\\/#primaryimage\"},\"thumbnailUrl\":\"https:\\\/\\\/vitablanca.ma\\\/wp-content\\\/uploads\\\/2025\\\/07\\\/16.png\",\"datePublished\":\"2025-07-10T18:19:01+00:00\",\"dateModified\":\"2026-01-30T00:01:26+00:00\",\"description\":\"Le Pack pour les dents Fra\u00eecheur offre un soin complet pour l\u2019hygi\u00e8ne buccale, nettoie efficacement les dents et assure une haleine\",\"breadcrumb\":{\"@id\":\"https:\\\/\\\/vitablanca.ma\\\/produit\\\/pack-pour-les-dents-fraicheur\\\/#breadcrumb\"},\"inLanguage\":\"ar\",\"potentialAction\":[{\"@type\":\"ReadAction\",\"target\":[\"https:\\\/\\\/vitablanca.ma\\\/produit\\\/pack-pour-les-dents-fraicheur\\\/\"]}]},{\"@type\":\"ImageObject\",\"inLanguage\":\"ar\",\"@id\":\"https:\\\/\\\/vitablanca.ma\\\/produit\\\/pack-pour-les-dents-fraicheur\\\/#primaryimage\",\"url\":\"https:\\\/\\\/vitablanca.ma\\\/wp-content\\\/uploads\\\/2025\\\/07\\\/16.png\",\"contentUrl\":\"https:\\\/\\\/vitablanca.ma\\\/wp-content\\\/uploads\\\/2025\\\/07\\\/16.png\",\"width\":1080,\"height\":1080},{\"@type\":\"BreadcrumbList\",\"@id\":\"https:\\\/\\\/vitablanca.ma\\\/produit\\\/pack-pour-les-dents-fraicheur\\\/#breadcrumb\",\"itemListElement\":[{\"@type\":\"ListItem\",\"position\":1,\"name\":\"Home\",\"item\":\"https:\\\/\\\/vitablanca.ma\\\/\"},{\"@type\":\"ListItem\",\"position\":2,\"name\":\"Tous Les Produits\",\"item\":\"https:\\\/\\\/vitablanca.ma\\\/tous-les-produits\\\/\"},{\"@type\":\"ListItem\",\"position\":3,\"name\":\"Pack pour les dents Fra\u00eecheur\"}]},{\"@type\":\"WebSite\",\"@id\":\"https:\\\/\\\/vitablanca.ma\\\/#website\",\"url\":\"https:\\\/\\\/vitablanca.ma\\\/\",\"name\":\"VitaBlanca.ma | Compl\u00e9ments alimentaires, sant\u00e9 & beaut\u00e9 au Maroc\",\"description\":\"vendre vitamines et compl\u00e9ments premium des USA &amp; Canada, Nouvelle Z\u00e9lande,Maroc (NOW Foods, Solgar, Manuka). Livraison rapide partout au Maroc.\",\"publisher\":{\"@id\":\"https:\\\/\\\/vitablanca.ma\\\/#organization\"},\"alternateName\":\"VitaBlanca.ma\",\"potentialAction\":[{\"@type\":\"SearchAction\",\"target\":{\"@type\":\"EntryPoint\",\"urlTemplate\":\"https:\\\/\\\/vitablanca.ma\\\/?s={search_term_string}\"},\"query-input\":{\"@type\":\"PropertyValueSpecification\",\"valueRequired\":true,\"valueName\":\"search_term_string\"}}],\"inLanguage\":\"ar\"},{\"@type\":\"Organization\",\"@id\":\"https:\\\/\\\/vitablanca.ma\\\/#organization\",\"name\":\"VitaBlanca\",\"url\":\"https:\\\/\\\/vitablanca.ma\\\/\",\"logo\":{\"@type\":\"ImageObject\",\"inLanguage\":\"ar\",\"@id\":\"https:\\\/\\\/vitablanca.ma\\\/#\\\/schema\\\/logo\\\/image\\\/\",\"url\":\"https:\\\/\\\/vitablanca.ma\\\/wp-content\\\/uploads\\\/2025\\\/05\\\/cropped-vitablanca.png\",\"contentUrl\":\"https:\\\/\\\/vitablanca.ma\\\/wp-content\\\/uploads\\\/2025\\\/05\\\/cropped-vitablanca.png\",\"width\":360,\"height\":67,\"caption\":\"VitaBlanca\"},\"image\":{\"@id\":\"https:\\\/\\\/vitablanca.ma\\\/#\\\/schema\\\/logo\\\/image\\\/\"},\"sameAs\":[\"https:\\\/\\\/www.facebook.com\\\/profile.php?id=61576678196717\",\"https:\\\/\\\/www.tiktok.com\\\/@vitablanca.ma\",\"https:\\\/\\\/www.instagram.com\\\/vitablanca.ma\\\/\"]}]}<\/script>\n<!-- \/ Yoast SEO plugin. -->","yoast_head_json":{"title":"Pack pour les dents Fra\u00eecheur - Maroc Prix","description":"Le Pack pour les dents Fra\u00eecheur offre un soin complet pour l\u2019hygi\u00e8ne buccale, nettoie efficacement les dents et assure une haleine","robots":{"index":"index","follow":"follow","max-snippet":"max-snippet:-1","max-image-preview":"max-image-preview:large","max-video-preview":"max-video-preview:-1"},"canonical":"https:\/\/vitablanca.ma\/ar\/product-2\/pack-pour-les-dents-fraicheur\/","og_locale":"ar_AR","og_type":"article","og_title":"Pack pour les dents Fra\u00eecheur - Maroc Prix","og_description":"Le Pack pour les dents Fra\u00eecheur offre un soin complet pour l\u2019hygi\u00e8ne buccale, nettoie efficacement les dents et assure une haleine","og_url":"https:\/\/vitablanca.ma\/ar\/product-2\/pack-pour-les-dents-fraicheur\/","og_site_name":"Vitablanca.ma &ndash; Sant&eacute;, vitalit&eacute; et bien-&ecirc;tre pour tous les Marocains","article_publisher":"https:\/\/www.facebook.com\/profile.php?id=61576678196717","article_modified_time":"2026-01-30T00:01:26+00:00","og_image":[{"width":1080,"height":1080,"url":"https:\/\/vitablanca.ma\/wp-content\/uploads\/2025\/07\/16.png","type":"image\/png"}],"twitter_card":"summary_large_image","twitter_misc":{"\u0648\u0642\u062a \u0627\u0644\u0642\u0631\u0627\u0621\u0629 \u0627\u0644\u0645\u064f\u0642\u062f\u0651\u0631":"3 \u062f\u0642\u0627\u0626\u0642"},"schema":{"@context":"https:\/\/schema.org","@graph":[{"@type":["WebPage","ItemPage"],"@id":"https:\/\/vitablanca.ma\/produit\/pack-pour-les-dents-fraicheur\/","url":"https:\/\/vitablanca.ma\/produit\/pack-pour-les-dents-fraicheur\/","name":"Pack pour les dents Fra\u00eecheur - Maroc Prix","isPartOf":{"@id":"https:\/\/vitablanca.ma\/#website"},"primaryImageOfPage":{"@id":"https:\/\/vitablanca.ma\/produit\/pack-pour-les-dents-fraicheur\/#primaryimage"},"image":{"@id":"https:\/\/vitablanca.ma\/produit\/pack-pour-les-dents-fraicheur\/#primaryimage"},"thumbnailUrl":"https:\/\/vitablanca.ma\/wp-content\/uploads\/2025\/07\/16.png","datePublished":"2025-07-10T18:19:01+00:00","dateModified":"2026-01-30T00:01:26+00:00","description":"Le Pack pour les dents Fra\u00eecheur offre un soin complet pour l\u2019hygi\u00e8ne buccale, nettoie efficacement les dents et assure une haleine","breadcrumb":{"@id":"https:\/\/vitablanca.ma\/produit\/pack-pour-les-dents-fraicheur\/#breadcrumb"},"inLanguage":"ar","potentialAction":[{"@type":"ReadAction","target":["https:\/\/vitablanca.ma\/produit\/pack-pour-les-dents-fraicheur\/"]}]},{"@type":"ImageObject","inLanguage":"ar","@id":"https:\/\/vitablanca.ma\/produit\/pack-pour-les-dents-fraicheur\/#primaryimage","url":"https:\/\/vitablanca.ma\/wp-content\/uploads\/2025\/07\/16.png","contentUrl":"https:\/\/vitablanca.ma\/wp-content\/uploads\/2025\/07\/16.png","width":1080,"height":1080},{"@type":"BreadcrumbList","@id":"https:\/\/vitablanca.ma\/produit\/pack-pour-les-dents-fraicheur\/#breadcrumb","itemListElement":[{"@type":"ListItem","position":1,"name":"Home","item":"https:\/\/vitablanca.ma\/"},{"@type":"ListItem","position":2,"name":"Tous Les Produits","item":"https:\/\/vitablanca.ma\/tous-les-produits\/"},{"@type":"ListItem","position":3,"name":"Pack pour les dents Fra\u00eecheur"}]},{"@type":"WebSite","@id":"https:\/\/vitablanca.ma\/#website","url":"https:\/\/vitablanca.ma\/","name":"VitaBlanca.ma | \u0627\u0644\u0645\u0643\u0645\u0644\u0627\u062a \u0627\u0644\u063a\u0630\u0627\u0626\u064a\u0629\u060c \u0627\u0644\u0635\u062d\u0629 \u0648\u0627\u0644\u062c\u0645\u0627\u0644 \u0641\u064a \u0627\u0644\u0645\u063a\u0631\u0628","description":"\u0646\u0628\u064a\u0639 \u0641\u064a\u062a\u0627\u0645\u064a\u0646\u0627\u062a \u0648\u0645\u0643\u0645\u0644\u0627\u062a \u063a\u0630\u0627\u0626\u064a\u0629 \u0641\u0627\u062e\u0631\u0629 \u0645\u0646 \u0627\u0644\u0648\u0644\u0627\u064a\u0627\u062a \u0627\u0644\u0645\u062a\u062d\u062f\u0629 \u0627\u0644\u0623\u0645\u0631\u064a\u0643\u064a\u0629 \u0648\u0643\u0646\u062f\u0627 \u0648\u0646\u064a\u0648\u0632\u064a\u0644\u0646\u062f\u0627 \u0648\u0627\u0644\u0645\u063a\u0631\u0628 (\u0646\u0627\u0648 \u0641\u0648\u062f\u0632\u060c \u0633\u0648\u0644\u062c\u0627\u0631\u060c \u0645\u0627\u0646\u0648\u0643\u0627). \u062a\u0648\u0635\u064a\u0644 \u0633\u0631\u064a\u0639 \u0625\u0644\u0649 \u062c\u0645\u064a\u0639 \u0623\u0646\u062d\u0627\u0621 \u0627\u0644\u0645\u063a\u0631\u0628.","publisher":{"@id":"https:\/\/vitablanca.ma\/#organization"},"alternateName":"VitaBlanca.ma","potentialAction":[{"@type":"SearchAction","target":{"@type":"EntryPoint","urlTemplate":"https:\/\/vitablanca.ma\/?s={search_term_string}"},"query-input":{"@type":"PropertyValueSpecification","valueRequired":true,"valueName":"search_term_string"}}],"inLanguage":"ar"},{"@type":"Organization","@id":"https:\/\/vitablanca.ma\/#organization","name":"\u0641\u064a\u062a\u0627\u0628\u0644\u0627\u0646\u0643\u0627","url":"https:\/\/vitablanca.ma\/","logo":{"@type":"ImageObject","inLanguage":"ar","@id":"https:\/\/vitablanca.ma\/#\/schema\/logo\/image\/","url":"https:\/\/vitablanca.ma\/wp-content\/uploads\/2025\/05\/cropped-vitablanca.png","contentUrl":"https:\/\/vitablanca.ma\/wp-content\/uploads\/2025\/05\/cropped-vitablanca.png","width":360,"height":67,"caption":"VitaBlanca"},"image":{"@id":"https:\/\/vitablanca.ma\/#\/schema\/logo\/image\/"},"sameAs":["https:\/\/www.facebook.com\/profile.php?id=61576678196717","https:\/\/www.tiktok.com\/@vitablanca.ma","https:\/\/www.instagram.com\/vitablanca.ma\/"]}]}},"jetpack_sharing_enabled":true,"_links":{"self":[{"href":"https:\/\/vitablanca.ma\/ar\/wp-json\/wp\/v2\/product\/23638","targetHints":{"allow":["GET"]}}],"collection":[{"href":"https:\/\/vitablanca.ma\/ar\/wp-json\/wp\/v2\/product"}],"about":[{"href":"https:\/\/vitablanca.ma\/ar\/wp-json\/wp\/v2\/types\/product"}],"wp:featuredmedia":[{"embeddable":true,"href":"https:\/\/vitablanca.ma\/ar\/wp-json\/wp\/v2\/media\/23634"}],"wp:attachment":[{"href":"https:\/\/vitablanca.ma\/ar\/wp-json\/wp\/v2\/media?parent=23638"}],"wp:term":[{"taxonomy":"product_brand","embeddable":true,"href":"https:\/\/vitablanca.ma\/ar\/wp-json\/wp\/v2\/product_brand?post=23638"},{"taxonomy":"product_cat","embeddable":true,"href":"https:\/\/vitablanca.ma\/ar\/wp-json\/wp\/v2\/product_cat?post=23638"},{"taxonomy":"product_tag","embeddable":true,"href":"https:\/\/vitablanca.ma\/ar\/wp-json\/wp\/v2\/product_tag?post=23638"}],"curies":[{"name":"wp","href":"https:\/\/api.w.org\/{rel}","templated":true}]}}