{"id":23633,"date":"2025-07-10T18:18:31","date_gmt":"2025-07-10T18:18:31","guid":{"rendered":"https:\/\/vitablanca.ma\/product\/pack-pour-les-dents-fraicheur-blue\/"},"modified":"2026-01-30T00:03:36","modified_gmt":"2026-01-30T00:03:36","slug":"pack-pour-les-dents-fraicheur-blue","status":"publish","type":"product","link":"https:\/\/vitablanca.ma\/ar\/product-2\/pack-pour-les-dents-fraicheur-blue\/","title":{"rendered":"Pack pour les dents Fra\u00eecheur blue"},"content":{"rendered":"<p data-mce-fragment=\"1\">Produit 1 : Gomme \u00e0 m\u00e2cher Black Shine au charbon actif, 50 pces.<\/p>\n<ul data-mce-fragment=\"1\">\n<li data-mce-fragment=\"1\">\u0645\u0645\u064a\u0632\u0627\u062a \u0627\u0644\u0645\u0646\u062a\u062c: \u062e\u0627\u0644\u064a \u0645\u0646 \u0627\u0644\u063a\u0644\u0648\u062a\u064a\u0646\u060c \u062e\u0627\u0644\u064a \u0645\u0646 \u0627\u0644\u0644\u0627\u0643\u062a\u0648\u0632\u060c \u062e\u0627\u0644\u064a \u0645\u0646 \u0627\u0644\u0645\u0648\u0627\u062f \u0627\u0644\u062d\u0627\u0641\u0638\u0629\u060c \u0646\u0628\u0627\u062a\u064a\u060c \u0646\u0628\u0627\u062a\u064a \u062a\u0645\u0627\u0645\u064b\u0627<\/li>\n<li data-mce-fragment=\"1\">\u0645\u0646\u062a\u062c \u0633\u0648\u064a\u0633\u0631\u064a \u0639\u0627\u0644\u064a \u0627\u0644\u062c\u0648\u062f\u0629<\/li>\n<li data-mce-fragment=\"1\">\u0645\u0639 \u0627\u0644\u0643\u0631\u0628\u0648\u0646 \u0627\u0644\u0645\u0646\u0634\u0637<\/li>\n<li data-mce-fragment=\"1\">\u0645\u0639 \u0625\u0643\u0633\u064a\u0644\u064a\u062a\u0648\u0644 \u0648\u0627\u0644\u0646\u0639\u0646\u0627\u0639 \u0648\u0632\u064a\u062a \u0634\u062c\u0631\u0629 \u0627\u0644\u0634\u0627\u064a<\/li>\n<li data-mce-fragment=\"1\">\u062e\u0627\u0644\u064a \u0645\u0646 \u0627\u0644\u063a\u0644\u0648\u062a\u064a\u0646<\/li>\n<\/ul>\n<p data-mce-fragment=\"1\">\n<p data-mce-fragment=\"1\">\u0644\u0645\u062a\u0639\u0629 \u0645\u0636\u063a \u0645\u0646\u0639\u0634\u0629: \u0639\u0644\u0643\u0629 \u062f\u0648\u0646\u062a\u0648\u062f\u0646\u062a \u0628\u0644\u0627\u0643 \u0634\u0627\u064a\u0646 \u0645\u0646\u062a\u062c \u0633\u0648\u064a\u0633\u0631\u064a \u0639\u0627\u0644\u064a \u0627\u0644\u062c\u0648\u062f\u0629. \u062a\u062d\u062a\u0648\u064a \u0639\u0644\u0649 \u0627\u0644\u0641\u062d\u0645 \u0627\u0644\u0645\u0646\u0634\u0637\u060c \u0648\u0627\u0644\u0625\u0643\u0633\u064a\u0644\u064a\u062a\u0648\u0644\u060c \u0648\u0627\u0644\u0646\u0639\u0646\u0627\u0639\u060c \u0648\u0632\u064a\u062a \u0634\u062c\u0631\u0629 \u0627\u0644\u0634\u0627\u064a\u060c \u0648\u0647\u064a \u062e\u0627\u0644\u064a\u0629 \u0645\u0646 \u0627\u0644\u063a\u0644\u0648\u062a\u064a\u0646.<\/p>\n<p data-mce-fragment=\"1\">Produit 2 : Dentifrice Clear Fresh, 125 ml<\/p>\n<ul data-mce-fragment=\"1\">\n<li data-mce-fragment=\"1\">Avec protection contre les acides sucr\u00e9s &#8211; prot\u00e8ge contre les caries*.<\/li>\n<li data-mce-fragment=\"1\">Antibact\u00e9rien avec du zinc**.<\/li>\n<li data-mce-fragment=\"1\">\u00c9limine la plaque dentaire et prot\u00e8ge contre la formation de tartre<\/li>\n<li data-mce-fragment=\"1\">Pour une haleine extra-fra\u00eeche de longue dur\u00e9e<\/li>\n<li data-mce-fragment=\"1\">Contient du fluorure de sodium (1.450 ppm F-)<\/li>\n<li data-mce-fragment=\"1\"><span data-mce-fragment=\"1\">Formule sans microplastiques ni polym\u00e8res synth\u00e9tiques purs solubles dans l&rsquo;eau.<\/span><\/li>\n<li data-mce-fragment=\"1\"><span data-mce-fragment=\"1\">\u0645\u0646\u0627\u0633\u0628 \u0644\u0644\u0628\u0627\u0644\u063a\u064a\u0646 \u0641\u0642\u0637.<\/span><\/li>\n<\/ul>\n<p data-mce-fragment=\"1\">Le dentifrice Dontodent Clear Fresh donne une sensation de propret\u00e9 et de fra\u00eecheur dans la bouche. Des agents nettoyants doux \u00e9liminent la plaque dentaire en douceur et en profondeur. Le zinc contenu dans le produit a un effet antibact\u00e9rien. Le dentifrice agr\u00e9ablement frais et menthol\u00e9 durcit et remin\u00e9ralise l&rsquo;\u00e9mail des dents.<\/p>\n<p data-mce-fragment=\"1\">Produit 3 : Bain de bouche Soins intensifs des gencives, 500 ml.<\/p>\n<ul data-mce-fragment=\"1\">\n<li data-mce-fragment=\"1\"><span data-mce-fragment=\"1\">\u062e\u0627\u0644\u064a \u0645\u0646 \u0627\u0644\u0643\u062d\u0648\u0644<\/span><\/li>\n<li data-mce-fragment=\"1\">Champ d\u2019application:Probl\u00e8mes de gencives, protection de l\u2019\u00e9mail<\/li>\n<li data-mce-fragment=\"1\">Caract\u00e9ristiques du produit:avec fluorure, v\u00e9gane<\/li>\n<li data-mce-fragment=\"1\">Nourrit efficacement les gencives et la muqueuse buccale et aide \u00e0 pr\u00e9venir les probl\u00e8mes gingivaux<\/li>\n<li data-mce-fragment=\"1\">Peut renforcer l\u2019\u00e9mail et prot\u00e9ger des caries**<\/li>\n<li data-mce-fragment=\"1\">Pr\u00e9vient la formation de plaque dentaire<\/li>\n<li data-mce-fragment=\"1\">Soutient l\u2019\u00e9quilibre naturel de la flore buccale<\/li>\n<li data-mce-fragment=\"1\">Pour une haleine fra\u00eeche et durable<\/li>\n<li data-mce-fragment=\"1\">sans \u00e9thanol<\/li>\n<\/ul>\n<p data-mce-fragment=\"1\">\n<p data-mce-fragment=\"1\">Le bain de bouche sans alcool* Dontodent Soins intensifs pour les gencives a \u00e9t\u00e9 sp\u00e9cialement d\u00e9velopp\u00e9 pour les soins intensifs des gencives et de la muqueuse buccale. Gr\u00e2ce \u00e0 sa formule de protection en 6 couches, elle procure une sensation de fra\u00eecheur et de soin tout autour de la bouche et nettoie la cavit\u00e9 buccale m\u00eame dans les endroits difficiles d\u2019acc\u00e8s o\u00f9 la brosse \u00e0 dents ne peut pas aller. La solution buccodentaire Soins intensifs des gencives peut renforcer l\u2019\u00e9mail dentaire et prot\u00e9ger des caries***<\/p>\n<p data-mce-fragment=\"1\">Formulation sans microplastiques et polym\u00e8res synth\u00e9tiques pures solubles dans l\u2019eau.<\/p>\n<p data-mce-fragment=\"1\">Apr\u00e8s chaque brossage des dents avec environ 10-20 ml (voir bouchon) de bain de bouche Dontodent non dilu\u00e9 pendant 30 secondes NE PAS AVALER! Ne rincez pas avec de l\u2019eau.<\/p>","protected":false},"excerpt":{"rendered":"<p>Produit 1 : Gomme \u00e0 m\u00e2cher Black Shine au charbon actif, 50 pces. Caract\u00e9ristiques du produit : Sans gluten, Sans lactose, Sans conservateurs, V\u00e9g\u00e9talien, V\u00e9g\u00e9tarien Produit de qualit\u00e9 suisse Avec du charbon actif Avec du xylitol, de l&rsquo;huile de menthe poivr\u00e9e et d&rsquo;arbre \u00e0 th\u00e9 Sans gluten Pour un plaisir de mastication rafra\u00eechissant : le [&hellip;]<\/p>\n","protected":false},"featured_media":23629,"template":"","meta":{"om_disable_all_campaigns":false},"product_brand":[],"product_cat":[15],"product_tag":[6678,6249,6682,6679,6677,6683,6676,6257,6681,6680],"class_list":{"0":"post-23633","1":"product","2":"type-product","3":"status-publish","4":"has-post-thumbnail","6":"product_cat-beaute-sante-complements-alimentaires-soins-et-bien-etre-au-meilleur-prix","7":"product_tag-bain-de-bouche","8":"product_tag-dentifrice","9":"product_tag-dents-propres","10":"product_tag-haleine-fraiche","11":"product_tag-hygiene-buccale","12":"product_tag-pack-complet","13":"product_tag-pack-dents-fraicheur","14":"product_tag-protection-gencives","15":"product_tag-routine-dentaire","16":"product_tag-soins-dents","18":"first","19":"instock","20":"sale","21":"taxable","22":"shipping-taxable","23":"purchasable","24":"product-type-simple"},"yoast_head":"<!-- This site is optimized with the Yoast SEO plugin v27.4 - https:\/\/yoast.com\/product\/yoast-seo-wordpress\/ -->\n<title>Pack pour les dents Fra\u00eecheur blue - Maroc Prix<\/title>\n<meta name=\"description\" content=\"Le Pack Cheveux Balea Croissance &amp; Force renforce la fibre capillaire, stimule la croissance et r\u00e9duit la casse. Id\u00e9al pour cheveux fragiles et cassants.\" \/>\n<meta name=\"robots\" content=\"index, follow, max-snippet:-1, max-image-preview:large, max-video-preview:-1\" \/>\n<link rel=\"canonical\" href=\"https:\/\/vitablanca.ma\/ar\/product-2\/pack-pour-les-dents-fraicheur-blue\/\" \/>\n<meta property=\"og:locale\" content=\"ar_AR\" \/>\n<meta property=\"og:type\" content=\"article\" \/>\n<meta property=\"og:title\" content=\"Pack pour les dents Fra\u00eecheur blue - Maroc Prix\" \/>\n<meta property=\"og:description\" content=\"Le Pack Cheveux Balea Croissance &amp; Force renforce la fibre capillaire, stimule la croissance et r\u00e9duit la casse. Id\u00e9al pour cheveux fragiles et cassants.\" \/>\n<meta property=\"og:url\" content=\"https:\/\/vitablanca.ma\/ar\/product-2\/pack-pour-les-dents-fraicheur-blue\/\" \/>\n<meta property=\"og:site_name\" content=\"Vitablanca.ma &ndash; Sant&eacute;, vitalit&eacute; et bien-&ecirc;tre pour tous les Marocains\" \/>\n<meta property=\"article:publisher\" content=\"https:\/\/www.facebook.com\/profile.php?id=61576678196717\" \/>\n<meta property=\"article:modified_time\" content=\"2026-01-30T00:03:36+00:00\" \/>\n<meta property=\"og:image\" content=\"https:\/\/vitablanca.ma\/wp-content\/uploads\/2025\/07\/17.png\" \/>\n\t<meta property=\"og:image:width\" content=\"1080\" \/>\n\t<meta property=\"og:image:height\" content=\"1080\" \/>\n\t<meta property=\"og:image:type\" content=\"image\/png\" \/>\n<meta name=\"twitter:card\" content=\"summary_large_image\" \/>\n<meta name=\"twitter:label1\" content=\"\u0648\u0642\u062a \u0627\u0644\u0642\u0631\u0627\u0621\u0629 \u0627\u0644\u0645\u064f\u0642\u062f\u0651\u0631\" \/>\n\t<meta name=\"twitter:data1\" content=\"3 \u062f\u0642\u0627\u0626\u0642\" \/>\n<script type=\"application\/ld+json\" class=\"yoast-schema-graph\">{\"@context\":\"https:\\\/\\\/schema.org\",\"@graph\":[{\"@type\":[\"WebPage\",\"ItemPage\"],\"@id\":\"https:\\\/\\\/vitablanca.ma\\\/produit\\\/pack-pour-les-dents-fraicheur-blue\\\/\",\"url\":\"https:\\\/\\\/vitablanca.ma\\\/produit\\\/pack-pour-les-dents-fraicheur-blue\\\/\",\"name\":\"Pack pour les dents Fra\u00eecheur blue - Maroc Prix\",\"isPartOf\":{\"@id\":\"https:\\\/\\\/vitablanca.ma\\\/#website\"},\"primaryImageOfPage\":{\"@id\":\"https:\\\/\\\/vitablanca.ma\\\/produit\\\/pack-pour-les-dents-fraicheur-blue\\\/#primaryimage\"},\"image\":{\"@id\":\"https:\\\/\\\/vitablanca.ma\\\/produit\\\/pack-pour-les-dents-fraicheur-blue\\\/#primaryimage\"},\"thumbnailUrl\":\"https:\\\/\\\/vitablanca.ma\\\/wp-content\\\/uploads\\\/2025\\\/07\\\/17.png\",\"datePublished\":\"2025-07-10T18:18:31+00:00\",\"dateModified\":\"2026-01-30T00:03:36+00:00\",\"description\":\"Le Pack Cheveux Balea Croissance & Force renforce la fibre capillaire, stimule la croissance et r\u00e9duit la casse. Id\u00e9al pour cheveux fragiles et cassants.\",\"breadcrumb\":{\"@id\":\"https:\\\/\\\/vitablanca.ma\\\/produit\\\/pack-pour-les-dents-fraicheur-blue\\\/#breadcrumb\"},\"inLanguage\":\"ar\",\"potentialAction\":[{\"@type\":\"ReadAction\",\"target\":[\"https:\\\/\\\/vitablanca.ma\\\/produit\\\/pack-pour-les-dents-fraicheur-blue\\\/\"]}]},{\"@type\":\"ImageObject\",\"inLanguage\":\"ar\",\"@id\":\"https:\\\/\\\/vitablanca.ma\\\/produit\\\/pack-pour-les-dents-fraicheur-blue\\\/#primaryimage\",\"url\":\"https:\\\/\\\/vitablanca.ma\\\/wp-content\\\/uploads\\\/2025\\\/07\\\/17.png\",\"contentUrl\":\"https:\\\/\\\/vitablanca.ma\\\/wp-content\\\/uploads\\\/2025\\\/07\\\/17.png\",\"width\":1080,\"height\":1080},{\"@type\":\"BreadcrumbList\",\"@id\":\"https:\\\/\\\/vitablanca.ma\\\/produit\\\/pack-pour-les-dents-fraicheur-blue\\\/#breadcrumb\",\"itemListElement\":[{\"@type\":\"ListItem\",\"position\":1,\"name\":\"Home\",\"item\":\"https:\\\/\\\/vitablanca.ma\\\/\"},{\"@type\":\"ListItem\",\"position\":2,\"name\":\"Tous Les Produits\",\"item\":\"https:\\\/\\\/vitablanca.ma\\\/tous-les-produits\\\/\"},{\"@type\":\"ListItem\",\"position\":3,\"name\":\"Pack pour les dents Fra\u00eecheur blue\"}]},{\"@type\":\"WebSite\",\"@id\":\"https:\\\/\\\/vitablanca.ma\\\/#website\",\"url\":\"https:\\\/\\\/vitablanca.ma\\\/\",\"name\":\"VitaBlanca.ma | Compl\u00e9ments alimentaires, sant\u00e9 & beaut\u00e9 au Maroc\",\"description\":\"vendre vitamines et compl\u00e9ments premium des USA &amp; Canada, Nouvelle Z\u00e9lande,Maroc (NOW Foods, Solgar, Manuka). Livraison rapide partout au Maroc.\",\"publisher\":{\"@id\":\"https:\\\/\\\/vitablanca.ma\\\/#organization\"},\"alternateName\":\"VitaBlanca.ma\",\"potentialAction\":[{\"@type\":\"SearchAction\",\"target\":{\"@type\":\"EntryPoint\",\"urlTemplate\":\"https:\\\/\\\/vitablanca.ma\\\/?s={search_term_string}\"},\"query-input\":{\"@type\":\"PropertyValueSpecification\",\"valueRequired\":true,\"valueName\":\"search_term_string\"}}],\"inLanguage\":\"ar\"},{\"@type\":\"Organization\",\"@id\":\"https:\\\/\\\/vitablanca.ma\\\/#organization\",\"name\":\"VitaBlanca\",\"url\":\"https:\\\/\\\/vitablanca.ma\\\/\",\"logo\":{\"@type\":\"ImageObject\",\"inLanguage\":\"ar\",\"@id\":\"https:\\\/\\\/vitablanca.ma\\\/#\\\/schema\\\/logo\\\/image\\\/\",\"url\":\"https:\\\/\\\/vitablanca.ma\\\/wp-content\\\/uploads\\\/2025\\\/05\\\/cropped-vitablanca.png\",\"contentUrl\":\"https:\\\/\\\/vitablanca.ma\\\/wp-content\\\/uploads\\\/2025\\\/05\\\/cropped-vitablanca.png\",\"width\":360,\"height\":67,\"caption\":\"VitaBlanca\"},\"image\":{\"@id\":\"https:\\\/\\\/vitablanca.ma\\\/#\\\/schema\\\/logo\\\/image\\\/\"},\"sameAs\":[\"https:\\\/\\\/www.facebook.com\\\/profile.php?id=61576678196717\",\"https:\\\/\\\/www.tiktok.com\\\/@vitablanca.ma\",\"https:\\\/\\\/www.instagram.com\\\/vitablanca.ma\\\/\"]}]}<\/script>\n<!-- \/ Yoast SEO plugin. -->","yoast_head_json":{"title":"Pack pour les dents Fra\u00eecheur blue - Maroc Prix","description":"Le Pack Cheveux Balea Croissance & Force renforce la fibre capillaire, stimule la croissance et r\u00e9duit la casse. Id\u00e9al pour cheveux fragiles et cassants.","robots":{"index":"index","follow":"follow","max-snippet":"max-snippet:-1","max-image-preview":"max-image-preview:large","max-video-preview":"max-video-preview:-1"},"canonical":"https:\/\/vitablanca.ma\/ar\/product-2\/pack-pour-les-dents-fraicheur-blue\/","og_locale":"ar_AR","og_type":"article","og_title":"Pack pour les dents Fra\u00eecheur blue - Maroc Prix","og_description":"Le Pack Cheveux Balea Croissance & Force renforce la fibre capillaire, stimule la croissance et r\u00e9duit la casse. Id\u00e9al pour cheveux fragiles et cassants.","og_url":"https:\/\/vitablanca.ma\/ar\/product-2\/pack-pour-les-dents-fraicheur-blue\/","og_site_name":"Vitablanca.ma &ndash; Sant&eacute;, vitalit&eacute; et bien-&ecirc;tre pour tous les Marocains","article_publisher":"https:\/\/www.facebook.com\/profile.php?id=61576678196717","article_modified_time":"2026-01-30T00:03:36+00:00","og_image":[{"width":1080,"height":1080,"url":"https:\/\/vitablanca.ma\/wp-content\/uploads\/2025\/07\/17.png","type":"image\/png"}],"twitter_card":"summary_large_image","twitter_misc":{"\u0648\u0642\u062a \u0627\u0644\u0642\u0631\u0627\u0621\u0629 \u0627\u0644\u0645\u064f\u0642\u062f\u0651\u0631":"3 \u062f\u0642\u0627\u0626\u0642"},"schema":{"@context":"https:\/\/schema.org","@graph":[{"@type":["WebPage","ItemPage"],"@id":"https:\/\/vitablanca.ma\/produit\/pack-pour-les-dents-fraicheur-blue\/","url":"https:\/\/vitablanca.ma\/produit\/pack-pour-les-dents-fraicheur-blue\/","name":"Pack pour les dents Fra\u00eecheur blue - Maroc Prix","isPartOf":{"@id":"https:\/\/vitablanca.ma\/#website"},"primaryImageOfPage":{"@id":"https:\/\/vitablanca.ma\/produit\/pack-pour-les-dents-fraicheur-blue\/#primaryimage"},"image":{"@id":"https:\/\/vitablanca.ma\/produit\/pack-pour-les-dents-fraicheur-blue\/#primaryimage"},"thumbnailUrl":"https:\/\/vitablanca.ma\/wp-content\/uploads\/2025\/07\/17.png","datePublished":"2025-07-10T18:18:31+00:00","dateModified":"2026-01-30T00:03:36+00:00","description":"Le Pack Cheveux Balea Croissance & Force renforce la fibre capillaire, stimule la croissance et r\u00e9duit la casse. Id\u00e9al pour cheveux fragiles et cassants.","breadcrumb":{"@id":"https:\/\/vitablanca.ma\/produit\/pack-pour-les-dents-fraicheur-blue\/#breadcrumb"},"inLanguage":"ar","potentialAction":[{"@type":"ReadAction","target":["https:\/\/vitablanca.ma\/produit\/pack-pour-les-dents-fraicheur-blue\/"]}]},{"@type":"ImageObject","inLanguage":"ar","@id":"https:\/\/vitablanca.ma\/produit\/pack-pour-les-dents-fraicheur-blue\/#primaryimage","url":"https:\/\/vitablanca.ma\/wp-content\/uploads\/2025\/07\/17.png","contentUrl":"https:\/\/vitablanca.ma\/wp-content\/uploads\/2025\/07\/17.png","width":1080,"height":1080},{"@type":"BreadcrumbList","@id":"https:\/\/vitablanca.ma\/produit\/pack-pour-les-dents-fraicheur-blue\/#breadcrumb","itemListElement":[{"@type":"ListItem","position":1,"name":"Home","item":"https:\/\/vitablanca.ma\/"},{"@type":"ListItem","position":2,"name":"Tous Les Produits","item":"https:\/\/vitablanca.ma\/tous-les-produits\/"},{"@type":"ListItem","position":3,"name":"Pack pour les dents Fra\u00eecheur blue"}]},{"@type":"WebSite","@id":"https:\/\/vitablanca.ma\/#website","url":"https:\/\/vitablanca.ma\/","name":"VitaBlanca.ma | \u0627\u0644\u0645\u0643\u0645\u0644\u0627\u062a \u0627\u0644\u063a\u0630\u0627\u0626\u064a\u0629\u060c \u0627\u0644\u0635\u062d\u0629 \u0648\u0627\u0644\u062c\u0645\u0627\u0644 \u0641\u064a \u0627\u0644\u0645\u063a\u0631\u0628","description":"\u0646\u0628\u064a\u0639 \u0641\u064a\u062a\u0627\u0645\u064a\u0646\u0627\u062a \u0648\u0645\u0643\u0645\u0644\u0627\u062a \u063a\u0630\u0627\u0626\u064a\u0629 \u0641\u0627\u062e\u0631\u0629 \u0645\u0646 \u0627\u0644\u0648\u0644\u0627\u064a\u0627\u062a \u0627\u0644\u0645\u062a\u062d\u062f\u0629 \u0627\u0644\u0623\u0645\u0631\u064a\u0643\u064a\u0629 \u0648\u0643\u0646\u062f\u0627 \u0648\u0646\u064a\u0648\u0632\u064a\u0644\u0646\u062f\u0627 \u0648\u0627\u0644\u0645\u063a\u0631\u0628 (\u0646\u0627\u0648 \u0641\u0648\u062f\u0632\u060c \u0633\u0648\u0644\u062c\u0627\u0631\u060c \u0645\u0627\u0646\u0648\u0643\u0627). \u062a\u0648\u0635\u064a\u0644 \u0633\u0631\u064a\u0639 \u0625\u0644\u0649 \u062c\u0645\u064a\u0639 \u0623\u0646\u062d\u0627\u0621 \u0627\u0644\u0645\u063a\u0631\u0628.","publisher":{"@id":"https:\/\/vitablanca.ma\/#organization"},"alternateName":"VitaBlanca.ma","potentialAction":[{"@type":"SearchAction","target":{"@type":"EntryPoint","urlTemplate":"https:\/\/vitablanca.ma\/?s={search_term_string}"},"query-input":{"@type":"PropertyValueSpecification","valueRequired":true,"valueName":"search_term_string"}}],"inLanguage":"ar"},{"@type":"Organization","@id":"https:\/\/vitablanca.ma\/#organization","name":"\u0641\u064a\u062a\u0627\u0628\u0644\u0627\u0646\u0643\u0627","url":"https:\/\/vitablanca.ma\/","logo":{"@type":"ImageObject","inLanguage":"ar","@id":"https:\/\/vitablanca.ma\/#\/schema\/logo\/image\/","url":"https:\/\/vitablanca.ma\/wp-content\/uploads\/2025\/05\/cropped-vitablanca.png","contentUrl":"https:\/\/vitablanca.ma\/wp-content\/uploads\/2025\/05\/cropped-vitablanca.png","width":360,"height":67,"caption":"VitaBlanca"},"image":{"@id":"https:\/\/vitablanca.ma\/#\/schema\/logo\/image\/"},"sameAs":["https:\/\/www.facebook.com\/profile.php?id=61576678196717","https:\/\/www.tiktok.com\/@vitablanca.ma","https:\/\/www.instagram.com\/vitablanca.ma\/"]}]}},"jetpack_sharing_enabled":true,"_links":{"self":[{"href":"https:\/\/vitablanca.ma\/ar\/wp-json\/wp\/v2\/product\/23633","targetHints":{"allow":["GET"]}}],"collection":[{"href":"https:\/\/vitablanca.ma\/ar\/wp-json\/wp\/v2\/product"}],"about":[{"href":"https:\/\/vitablanca.ma\/ar\/wp-json\/wp\/v2\/types\/product"}],"wp:featuredmedia":[{"embeddable":true,"href":"https:\/\/vitablanca.ma\/ar\/wp-json\/wp\/v2\/media\/23629"}],"wp:attachment":[{"href":"https:\/\/vitablanca.ma\/ar\/wp-json\/wp\/v2\/media?parent=23633"}],"wp:term":[{"taxonomy":"product_brand","embeddable":true,"href":"https:\/\/vitablanca.ma\/ar\/wp-json\/wp\/v2\/product_brand?post=23633"},{"taxonomy":"product_cat","embeddable":true,"href":"https:\/\/vitablanca.ma\/ar\/wp-json\/wp\/v2\/product_cat?post=23633"},{"taxonomy":"product_tag","embeddable":true,"href":"https:\/\/vitablanca.ma\/ar\/wp-json\/wp\/v2\/product_tag?post=23633"}],"curies":[{"name":"wp","href":"https:\/\/api.w.org\/{rel}","templated":true}]}}