{"id":23623,"date":"2025-07-10T18:17:28","date_gmt":"2025-07-10T18:17:28","guid":{"rendered":"https:\/\/vitablanca.ma\/product\/pack-power-effect-pour-les-hommes\/"},"modified":"2026-01-30T00:16:05","modified_gmt":"2026-01-30T00:16:05","slug":"pack-power-effect-pour-les-hommes","status":"publish","type":"product","link":"https:\/\/vitablanca.ma\/ar\/product-2\/pack-power-effect-pour-les-hommes\/","title":{"rendered":"\u0645\u062c\u0645\u0648\u0639\u0629 \u062a\u0623\u062b\u064a\u0631 \u0627\u0644\u0642\u0648\u0629 \u0644\u0644\u0631\u062c\u0627\u0644"},"content":{"rendered":"<p>Produit 1 : Tonique capillaire Power Effect Coffein Boost, 150 ml<\/p>\n<ul data-mce-fragment=\"1\">\n<li data-mce-fragment=\"1\">\u0646\u0648\u0639 \u0627\u0644\u0634\u0639\u0631: \u062a\u0633\u0627\u0642\u0637 \u0627\u0644\u0634\u0639\u0631<\/li>\n<li data-mce-fragment=\"1\">\u0627\u0644\u062a\u0623\u062b\u064a\u0631: \u0636\u062f \u062a\u0633\u0627\u0642\u0637 \u0627\u0644\u0634\u0639\u0631\u060c \u0627\u0644\u0639\u0644\u0627\u062c<\/li>\n<li data-mce-fragment=\"1\">\u062e\u0635\u0627\u0626\u0635 \u0627\u0644\u0645\u0646\u062a\u062c: \u062e\u0627\u0644\u064a \u0645\u0646 \u0627\u0644\u0633\u064a\u0644\u064a\u0643\u0648\u0646\u060c \u062e\u0627\u0644\u064a \u0645\u0646 \u0627\u0644\u0643\u0628\u0631\u064a\u062a\u0627\u062a\u060c \u0646\u0628\u0627\u062a\u064a<\/li>\n<li data-mce-fragment=\"1\">\u0627\u0644\u0645\u0633\u0627\u0639\u062f\u0629 \u0641\u064a \u0639\u0644\u0627\u062c \u062a\u0633\u0627\u0642\u0637 \u0627\u0644\u0634\u0639\u0631 \u0627\u0644\u0648\u0631\u0627\u062b\u064a<\/li>\n<li data-mce-fragment=\"1\">\u0645\u0639 \u0645\u062c\u0645\u0648\u0639\u0629 \u0641\u0631\u064a\u062f\u0629 \u0645\u0646 \u0627\u0644\u0645\u0648\u0627\u062f \u0627\u0644\u0641\u0639\u0627\u0644\u0629 \u0627\u0644\u062a\u064a \u062a\u0639\u062a\u0645\u062f \u0639\u0644\u0649 \u0627\u0644\u0643\u0627\u0641\u064a\u064a\u0646 \u0648RootBio Tec<\/li>\n<li data-mce-fragment=\"1\">\u064a\u062a\u063a\u0644\u063a\u0644 \u0641\u064a \u062c\u0630\u0648\u0631 \u0627\u0644\u0634\u0639\u0631 \u0648\u064a\u0642\u0648\u064a\u0647\u0627 \u0645\u0646 \u0627\u0644\u062f\u0627\u062e\u0644<\/li>\n<li data-mce-fragment=\"1\">\u064a\u0639\u0645\u0644 \u0627\u0644\u0628\u0627\u0646\u062b\u064a\u0646\u0648\u0644 \u0639\u0644\u0649 \u0634\u0641\u0627\u0621 \u0641\u0631\u0648\u0629 \u0627\u0644\u0631\u0623\u0633 \u0648\u0625\u0646\u0639\u0627\u0634\u0647\u0627<\/li>\n<li data-mce-fragment=\"1\">\u062e\u0627\u0644\u064a\u0629 \u0645\u0646 \u0627\u0644\u0645\u0648\u0627\u062f \u0627\u0644\u0628\u0644\u0627\u0633\u062a\u064a\u0643\u064a\u0629 \u0627\u0644\u062f\u0642\u064a\u0642\u0629 \u0648\u0627\u0644\u0628\u0648\u0644\u064a\u0645\u0631\u0627\u062a \u0627\u0644\u0627\u0635\u0637\u0646\u0627\u0639\u064a\u0629 \u0627\u0644\u0642\u0627\u0628\u0644\u0629 \u0644\u0644\u0630\u0648\u0628\u0627\u0646 \u0641\u064a \u0627\u0644\u0645\u0627\u0621<\/li>\n<\/ul>\n<p data-mce-fragment=\"1\">\u0647\u0644 \u062a\u0639\u0627\u0646\u064a \u0645\u0646 \u062a\u0633\u0627\u0642\u0637 \u0627\u0644\u0634\u0639\u0631 \u0627\u0644\u0648\u0631\u0627\u062b\u064a\u061f \u064a\u064f\u0633\u0627\u0639\u062f\u0643 \u062a\u0648\u0646\u064a\u0643 &quot;\u0628\u0627\u0648\u0631 \u0625\u064a\u0641\u0643\u062a \u0643\u0648\u0641\u064a \u0628\u0648\u0633\u062a \u062a\u0648\u0646\u064a\u0643&quot; \u0645\u0646 \u0628\u0627\u0644\u064a\u0627 \u0644\u0644\u0631\u062c\u0627\u0644 \u0639\u0644\u0649 \u062a\u0642\u0644\u064a\u0644 \u062a\u0633\u0627\u0642\u0637 \u0627\u0644\u0634\u0639\u0631. \u062a\u0631\u0643\u064a\u0628\u0629 \u0627\u0644\u0643\u0627\u0641\u064a\u064a\u0646 \u0648\u062a\u0642\u0646\u064a\u0629 \u0631\u0648\u062a\u0628\u064a\u0648 \u062a\u064a\u0643 \u0627\u0644\u0641\u0631\u064a\u062f\u0629 \u062a\u062a\u063a\u0644\u063a\u0644 \u0628\u0639\u0645\u0642 \u0641\u064a \u062c\u0630\u0648\u0631 \u0627\u0644\u0634\u0639\u0631 \u0648\u062a\u064f\u0642\u0648\u064a\u0647\u0627 \u0644\u0645\u0646\u0639 \u062a\u0633\u0627\u0642\u0637\u0647.* \u062a\u062d\u062a\u0648\u064a \u062a\u0631\u0643\u064a\u0628\u062a\u0647 \u0627\u0644\u0642\u0648\u064a\u0629 \u0639\u0644\u0649 \u0627\u0644\u0628\u0627\u0646\u062b\u064a\u0646\u0648\u0644\u060c \u0645\u0645\u0627 \u064a\u0636\u0645\u0646 \u0641\u0631\u0648\u0629 \u0631\u0623\u0633 \u0645\u0646\u062a\u0639\u0634\u0629 \u0648\u0646\u0638\u064a\u0641\u0629. \u0647\u0630\u0627 \u0627\u0644\u0639\u0644\u0627\u062c \u0627\u0644\u0627\u062d\u062a\u0631\u0627\u0641\u064a \u062e\u0627\u0644\u064d \u0645\u0646 \u0627\u0644\u062c\u0633\u064a\u0645\u0627\u062a \u0627\u0644\u0628\u0644\u0627\u0633\u062a\u064a\u0643\u064a\u0629 \u0627\u0644\u062f\u0642\u064a\u0642\u0629 \u0648\u0627\u0644\u0628\u0648\u0644\u064a\u0645\u0631\u0627\u062a \u0627\u0644\u0627\u0635\u0637\u0646\u0627\u0639\u064a\u0629 \u0627\u0644\u0642\u0627\u0628\u0644\u0629 \u0644\u0644\u0630\u0648\u0628\u0627\u0646 \u0641\u064a \u0627\u0644\u0645\u0627\u0621. \u0645\u0639 \u0647\u0630\u0627 \u0627\u0644\u0639\u0644\u0627\u062c \u0627\u0644\u0645\u0639\u062c\u0632\u0629\u060c \u0639\u0627\u0644\u062c \u0627\u0644\u0645\u0634\u0643\u0644\u0629 \u0645\u0646 \u062c\u0630\u0648\u0631\u0647\u0627 \u0648\u062a\u062e\u0644\u0635 \u0645\u0646 \u062a\u0633\u0627\u0642\u0637 \u0627\u0644\u0634\u0639\u0631!<\/p>\n<p data-mce-fragment=\"1\">Produit 2 : D\u00e9odorant spray pour le corps Deep Sensation, 150 ml<\/p>\n<ul data-mce-fragment=\"1\">\n<li data-mce-fragment=\"1\">Caract\u00e9ristiques du produit : Vegan<\/li>\n<li data-mce-fragment=\"1\">\u0627\u0644\u0645\u0644\u0645\u0633 \/ \u0627\u0644\u0627\u062a\u0633\u0627\u0642 \/ \u0627\u0644\u062a\u0637\u0628\u064a\u0642: \u0631\u0634<\/li>\n<li data-mce-fragment=\"1\">Sans aluminium (ACH)<\/li>\n<li data-mce-fragment=\"1\">protection d\u00e9odorante 24h<\/li>\n<li data-mce-fragment=\"1\">avec un parfum bois\u00e9 prononc\u00e9<\/li>\n<\/ul>\n<p data-mce-fragment=\"1\">\n<p data-mce-fragment=\"1\">Le d\u00e9odorant et spray pour le corps Balea MEN Deep Sensation assure une exp\u00e9rience olfactive irr\u00e9sistible gr\u00e2ce \u00e0 son parfum attirant de bergamote et de bois de c\u00e8dre. Il offre une protection d\u00e9odorante hautement efficace pendant 24h, qui pr\u00e9serve efficacement des odeurs corporelles et revitalise le corps. Formule sans microplastiques ni polym\u00e8res purement synth\u00e9tiques solubles dans l&rsquo;eau.<\/p>\n<p data-mce-fragment=\"1\">Produit 3 : Pommade 2en1 pour barbe et cheveux, 100 ml<\/p>\n<ul data-mce-fragment=\"1\">\n<li data-mce-fragment=\"1\">\u0627\u0644\u0632\u064a:\u0632\u064a \u0645\u062a\u0648\u0633\u0637<\/li>\n<li data-mce-fragment=\"1\">\u0646\u0648\u0639 \u0627\u0644\u0634\u0639\u0631:\u0634\u0639\u0631 \u0639\u0627\u062f\u064a<\/li>\n<li data-mce-fragment=\"1\">\u0627\u0644\u062a\u0623\u062b\u064a\u0631: \u0627\u0644\u062a\u0635\u0645\u064a\u0645<\/li>\n<li data-mce-fragment=\"1\">\u062e\u0635\u0627\u0626\u0635 \u0627\u0644\u0645\u0646\u062a\u062c: \u062e\u0627\u0644\u064a \u0645\u0646 \u0627\u0644\u0643\u062d\u0648\u0644\u060c \u062e\u0627\u0644\u064a \u0645\u0646 \u0627\u0644\u0623\u0645\u0648\u0646\u064a\u0627\u060c \u062e\u0627\u0644\u064a \u0645\u0646 \u0627\u0644\u0633\u064a\u0644\u064a\u0643\u0648\u0646\u060c \u062e\u0627\u0644\u064a \u0645\u0646 \u0627\u0644\u0643\u0628\u0631\u064a\u062a\u0627\u062a<\/li>\n<li data-mce-fragment=\"1\">\u0644\u0644\u0645\u0638\u0647\u0631 \u0627\u0644\u0641\u0631\u062f\u064a<\/li>\n<li data-mce-fragment=\"1\">\u0627\u0644\u0623\u0634\u0643\u0627\u0644 \u0648\u0627\u0644\u0634\u0631\u0643\u0627\u062a<\/li>\n<li data-mce-fragment=\"1\">\u0645\u0639 \u0632\u064a\u062a \u0627\u0644\u0645\u0643\u0627\u062f\u064a\u0645\u064a\u0627 \u0648\u0632\u0628\u062f\u0629 \u0627\u0644\u0634\u064a\u0627<\/li>\n<\/ul>\n<p data-mce-fragment=\"1\">\n<p data-mce-fragment=\"1\">\u0633\u0648\u0627\u0621\u064b \u0643\u0627\u0646\u062a \u0644\u062d\u064a\u062a\u0643 \u0623\u0648 \u0634\u0639\u0631\u0643 \u0627\u0644\u0631\u0626\u064a\u0633\u064a\u060c \u064a\u0628\u0642\u0649 \u0643\u0644 \u0634\u064a\u0621 \u062b\u0627\u0628\u062a\u064b\u0627 \u0645\u0639 \u0645\u0631\u0647\u0645 Balea MEN 2 \u0641\u064a 1. \u0628\u0632\u064a\u062a \u0627\u0644\u0645\u0643\u0627\u062f\u064a\u0645\u064a\u0627 \u0648\u0632\u0628\u062f\u0629 \u0627\u0644\u0634\u064a\u0627. \u064a\u064f\u0634\u0643\u0651\u0644 \u0648\u064a\u064f\u062b\u0628\u0651\u062a \u0627\u0644\u062a\u0633\u0631\u064a\u062d\u0627\u062a \u0627\u0644\u0641\u0631\u062f\u064a\u0629. \u062a\u0631\u0643\u064a\u0628\u0629 \u062e\u0627\u0644\u064a\u0629 \u0645\u0646 \u0627\u0644\u0628\u0644\u0627\u0633\u062a\u064a\u0643 \u0627\u0644\u062f\u0642\u064a\u0642 \u0623\u0648 \u0627\u0644\u0628\u0648\u0644\u064a\u0645\u0631\u0627\u062a \u0627\u0644\u0627\u0635\u0637\u0646\u0627\u0639\u064a\u0629 \u0627\u0644\u0642\u0627\u0628\u0644\u0629 \u0644\u0644\u0630\u0648\u0628\u0627\u0646 \u0641\u064a \u0627\u0644\u0645\u0627\u0621.<\/p>\n<p data-mce-fragment=\"1\">Produit 4 : Shampooing \u00e0 la caf\u00e9ine Power Effect, 250 ml<\/p>\n<ul data-mce-fragment=\"1\">\n<li data-mce-fragment=\"1\">\u0646\u0648\u0639 \u0627\u0644\u0634\u0639\u0631: \u062a\u0633\u0627\u0642\u0637 \u0627\u0644\u0634\u0639\u0631<\/li>\n<li data-mce-fragment=\"1\">Effet:Contre la chute des cheveux, soin<\/li>\n<li data-mce-fragment=\"1\">Caract\u00e9ristiques du produit:Sans alcool, Sans silicone, V\u00e9g\u00e9talien<\/li>\n<li data-mce-fragment=\"1\">\u0634\u0627\u0645\u0628\u0648 \u0646\u0628\u0627\u062a\u064a<\/li>\n<li data-mce-fragment=\"1\">\u064a\u0642\u0648\u064a \u062c\u0630\u0648\u0631 \u0627\u0644\u0634\u0639\u0631 \u0627\u0644\u0636\u0639\u064a\u0641\u0629<\/li>\n<li data-mce-fragment=\"1\">\u0644\u0634\u0639\u0631 \u0623\u0642\u0648\u0649 \u0648\u0623\u0643\u062b\u0631 \u0643\u062b\u0627\u0641\u0629<\/li>\n<li data-mce-fragment=\"1\">\u0645\u062c\u0645\u0639 \u0645\u0646 \u0627\u0644\u0645\u0648\u0627\u062f \u0627\u0644\u0641\u0639\u0627\u0644\u0629 \u0645\u0639 \u0627\u0644\u0643\u0627\u0641\u064a\u064a\u0646<\/li>\n<li data-mce-fragment=\"1\">\u062e\u0627\u0644\u064a \u0645\u0646 \u0627\u0644\u0633\u064a\u0644\u064a\u0643\u0648\u0646 \u0648\u0627\u0644\u0628\u0644\u0627\u0633\u062a\u064a\u0643 \u0627\u0644\u062f\u0642\u064a\u0642<\/li>\n<\/ul>\n<p data-mce-fragment=\"1\">\n<p data-mce-fragment=\"1\">\u0634\u0627\u0645\u0628\u0648 \u0628\u0627\u0644\u064a\u0627 \u0644\u0644\u0631\u062c\u0627\u0644 \u0628\u0627\u0648\u0631 \u0625\u064a\u0641\u0643\u062a \u0628\u0627\u0644\u0643\u0627\u0641\u064a\u064a\u0646 \u064a\u064f\u0643\u0627\u0641\u062d \u062a\u0633\u0627\u0642\u0637 \u0627\u0644\u0634\u0639\u0631 \u0628\u0641\u0639\u0627\u0644\u064a\u0629 \u0628\u0641\u0636\u0644 \u0627\u0644\u0643\u0627\u0641\u064a\u064a\u0646 \u0648\u0627\u0644\u0625\u0646\u0632\u064a\u0645 \u0627\u0644\u0645\u0633\u0627\u0639\u062f Q10. \u062a\u062a\u063a\u0644\u063a\u0644 \u0645\u0643\u0648\u0646\u0627\u062a\u0647 \u0627\u0644\u0641\u0639\u0627\u0644\u0629 \u0639\u0627\u0644\u064a\u0629 \u0627\u0644\u062c\u0648\u062f\u0629 \u0641\u064a \u0623\u0639\u0645\u0627\u0642 \u0627\u0644\u0634\u0639\u0631\u060c \u0645\u0645\u0627 \u064a\u064f\u0633\u0627\u0639\u062f \u0639\u0644\u0649 \u0645\u0646\u0639 \u062a\u0633\u0627\u0642\u0637 \u0627\u0644\u0634\u0639\u0631 \u0627\u0644\u0648\u0631\u0627\u062b\u064a. \u0639\u0644\u0627\u0648\u0629 \u0639\u0644\u0649 \u0630\u0644\u0643\u060c \u064a\u062a\u0645\u064a\u0632 \u0628\u0642\u0648\u0627\u0645 \u062e\u0627\u0644\u064d \u0645\u0646 \u0627\u0644\u062c\u0632\u064a\u0626\u0627\u062a \u0627\u0644\u0628\u0644\u0627\u0633\u062a\u064a\u0643\u064a\u0629 \u0627\u0644\u062f\u0642\u064a\u0642\u0629\u060c \u0645\u0645\u0627 \u064a\u062c\u0639\u0644\u0647 \u0627\u0644\u0634\u0627\u0645\u0628\u0648 \u0627\u0644\u0623\u0645\u062b\u0644 \u0644\u0634\u0639\u0631 \u0623\u0642\u0648\u0649 \u0648\u0623\u0643\u062b\u0631 \u0643\u062b\u0627\u0641\u0629.<\/p>","protected":false},"excerpt":{"rendered":"<p>Produit 1 : Tonique capillaire Power Effect Coffein Boost, 150 ml Type de cheveux : Cheveux qui tombent Effet : Contre la chute des cheveux, soin Propri\u00e9t\u00e9s du produit : Sans silicone, Sans sulfate, V\u00e9g\u00e9talien Aide en cas de chute de cheveux h\u00e9r\u00e9ditaire Avec un complexe unique de substances actives \u00e0 base de caf\u00e9ine et [&hellip;]<\/p>\n","protected":false},"featured_media":23618,"template":"","meta":{"om_disable_all_campaigns":false},"product_brand":[3236],"product_cat":[18],"product_tag":[3237,3240,3238,3239,215,3241,398,6693,6698,6692,6694,6697,6696,6695,4307],"class_list":{"0":"post-23623","1":"product","2":"type-product","3":"status-publish","4":"has-post-thumbnail","6":"product_brand-balea-dm-prix-maroc","7":"product_cat-beaute-sante","8":"product_tag-balea","9":"product_tag-balea-dm","10":"product_tag-balea-maroc","11":"product_tag-balea-morocco","12":"product_tag-complements-alimentaires","13":"product_tag-dm-maroc","14":"product_tag-energie","15":"product_tag-hommes","16":"product_tag-pack-complet-hommes","17":"product_tag-pack-power-effect","18":"product_tag-performance-masculine","19":"product_tag-routine-masculine","20":"product_tag-sante-et-bien-etre","21":"product_tag-soins-hommes","22":"product_tag-vitalite","24":"first","25":"instock","26":"sale","27":"taxable","28":"shipping-taxable","29":"purchasable","30":"product-type-simple"},"yoast_head":"<!-- This site is optimized with the Yoast SEO plugin v27.3 - https:\/\/yoast.com\/product\/yoast-seo-wordpress\/ -->\n<title>Pack Power Effect pour les hommes - Maroc Prix<\/title>\n<meta name=\"description\" content=\"Le Pack Power Effect pour hommes combine des compl\u00e9ments et soins pour stimuler \u00e9nergie, vitalit\u00e9 et performance. Id\u00e9al pour un mode de vie actif .\" \/>\n<meta name=\"robots\" content=\"index, follow, max-snippet:-1, max-image-preview:large, max-video-preview:-1\" \/>\n<link rel=\"canonical\" href=\"https:\/\/vitablanca.ma\/ar\/product-2\/pack-power-effect-pour-les-hommes\/\" \/>\n<meta property=\"og:locale\" content=\"ar_AR\" \/>\n<meta property=\"og:type\" content=\"article\" \/>\n<meta property=\"og:title\" content=\"Pack Power Effect pour les hommes - Maroc Prix\" \/>\n<meta property=\"og:description\" content=\"Le Pack Power Effect pour hommes combine des compl\u00e9ments et soins pour stimuler \u00e9nergie, vitalit\u00e9 et performance. Id\u00e9al pour un mode de vie actif .\" \/>\n<meta property=\"og:url\" content=\"https:\/\/vitablanca.ma\/ar\/product-2\/pack-power-effect-pour-les-hommes\/\" \/>\n<meta property=\"og:site_name\" content=\"Vitablanca.ma &ndash; Sant&eacute;, vitalit&eacute; et bien-&ecirc;tre pour tous les Marocains\" \/>\n<meta property=\"article:publisher\" content=\"https:\/\/www.facebook.com\/profile.php?id=61576678196717\" \/>\n<meta property=\"article:modified_time\" content=\"2026-01-30T00:16:05+00:00\" \/>\n<meta property=\"og:image\" content=\"https:\/\/vitablanca.ma\/wp-content\/uploads\/2025\/07\/13.png\" \/>\n\t<meta property=\"og:image:width\" content=\"1080\" \/>\n\t<meta property=\"og:image:height\" content=\"1080\" \/>\n\t<meta property=\"og:image:type\" content=\"image\/png\" \/>\n<meta name=\"twitter:card\" content=\"summary_large_image\" \/>\n<meta name=\"twitter:label1\" content=\"\u0648\u0642\u062a \u0627\u0644\u0642\u0631\u0627\u0621\u0629 \u0627\u0644\u0645\u064f\u0642\u062f\u0651\u0631\" \/>\n\t<meta name=\"twitter:data1\" content=\"3 \u062f\u0642\u0627\u0626\u0642\" \/>\n<script type=\"application\/ld+json\" class=\"yoast-schema-graph\">{\"@context\":\"https:\\\/\\\/schema.org\",\"@graph\":[{\"@type\":[\"WebPage\",\"ItemPage\"],\"@id\":\"https:\\\/\\\/vitablanca.ma\\\/produit\\\/pack-power-effect-pour-les-hommes\\\/\",\"url\":\"https:\\\/\\\/vitablanca.ma\\\/produit\\\/pack-power-effect-pour-les-hommes\\\/\",\"name\":\"Pack Power Effect pour les hommes - Maroc Prix\",\"isPartOf\":{\"@id\":\"https:\\\/\\\/vitablanca.ma\\\/#website\"},\"primaryImageOfPage\":{\"@id\":\"https:\\\/\\\/vitablanca.ma\\\/produit\\\/pack-power-effect-pour-les-hommes\\\/#primaryimage\"},\"image\":{\"@id\":\"https:\\\/\\\/vitablanca.ma\\\/produit\\\/pack-power-effect-pour-les-hommes\\\/#primaryimage\"},\"thumbnailUrl\":\"https:\\\/\\\/vitablanca.ma\\\/wp-content\\\/uploads\\\/2025\\\/07\\\/13.png\",\"datePublished\":\"2025-07-10T18:17:28+00:00\",\"dateModified\":\"2026-01-30T00:16:05+00:00\",\"description\":\"Le Pack Power Effect pour hommes combine des compl\u00e9ments et soins pour stimuler \u00e9nergie, vitalit\u00e9 et performance. Id\u00e9al pour un mode de vie actif .\",\"breadcrumb\":{\"@id\":\"https:\\\/\\\/vitablanca.ma\\\/produit\\\/pack-power-effect-pour-les-hommes\\\/#breadcrumb\"},\"inLanguage\":\"ar\",\"potentialAction\":[{\"@type\":\"ReadAction\",\"target\":[\"https:\\\/\\\/vitablanca.ma\\\/produit\\\/pack-power-effect-pour-les-hommes\\\/\"]}]},{\"@type\":\"ImageObject\",\"inLanguage\":\"ar\",\"@id\":\"https:\\\/\\\/vitablanca.ma\\\/produit\\\/pack-power-effect-pour-les-hommes\\\/#primaryimage\",\"url\":\"https:\\\/\\\/vitablanca.ma\\\/wp-content\\\/uploads\\\/2025\\\/07\\\/13.png\",\"contentUrl\":\"https:\\\/\\\/vitablanca.ma\\\/wp-content\\\/uploads\\\/2025\\\/07\\\/13.png\",\"width\":1080,\"height\":1080},{\"@type\":\"BreadcrumbList\",\"@id\":\"https:\\\/\\\/vitablanca.ma\\\/produit\\\/pack-power-effect-pour-les-hommes\\\/#breadcrumb\",\"itemListElement\":[{\"@type\":\"ListItem\",\"position\":1,\"name\":\"Home\",\"item\":\"https:\\\/\\\/vitablanca.ma\\\/\"},{\"@type\":\"ListItem\",\"position\":2,\"name\":\"Tous Les Produits\",\"item\":\"https:\\\/\\\/vitablanca.ma\\\/tous-les-produits\\\/\"},{\"@type\":\"ListItem\",\"position\":3,\"name\":\"Pack Power Effect pour les hommes\"}]},{\"@type\":\"WebSite\",\"@id\":\"https:\\\/\\\/vitablanca.ma\\\/#website\",\"url\":\"https:\\\/\\\/vitablanca.ma\\\/\",\"name\":\"VitaBlanca.ma | Compl\u00e9ments alimentaires, sant\u00e9 & beaut\u00e9 au Maroc\",\"description\":\"vendre vitamines et compl\u00e9ments premium des USA &amp; Canada, Nouvelle Z\u00e9lande,Maroc (NOW Foods, Solgar, Manuka). Livraison rapide partout au Maroc.\",\"publisher\":{\"@id\":\"https:\\\/\\\/vitablanca.ma\\\/#organization\"},\"alternateName\":\"VitaBlanca.ma\",\"potentialAction\":[{\"@type\":\"SearchAction\",\"target\":{\"@type\":\"EntryPoint\",\"urlTemplate\":\"https:\\\/\\\/vitablanca.ma\\\/?s={search_term_string}\"},\"query-input\":{\"@type\":\"PropertyValueSpecification\",\"valueRequired\":true,\"valueName\":\"search_term_string\"}}],\"inLanguage\":\"ar\"},{\"@type\":\"Organization\",\"@id\":\"https:\\\/\\\/vitablanca.ma\\\/#organization\",\"name\":\"VitaBlanca\",\"url\":\"https:\\\/\\\/vitablanca.ma\\\/\",\"logo\":{\"@type\":\"ImageObject\",\"inLanguage\":\"ar\",\"@id\":\"https:\\\/\\\/vitablanca.ma\\\/#\\\/schema\\\/logo\\\/image\\\/\",\"url\":\"https:\\\/\\\/vitablanca.ma\\\/wp-content\\\/uploads\\\/2025\\\/05\\\/cropped-vitablanca.png\",\"contentUrl\":\"https:\\\/\\\/vitablanca.ma\\\/wp-content\\\/uploads\\\/2025\\\/05\\\/cropped-vitablanca.png\",\"width\":360,\"height\":67,\"caption\":\"VitaBlanca\"},\"image\":{\"@id\":\"https:\\\/\\\/vitablanca.ma\\\/#\\\/schema\\\/logo\\\/image\\\/\"},\"sameAs\":[\"https:\\\/\\\/www.facebook.com\\\/profile.php?id=61576678196717\",\"https:\\\/\\\/www.tiktok.com\\\/@vitablanca.ma\",\"https:\\\/\\\/www.instagram.com\\\/vitablanca.ma\\\/\"]}]}<\/script>\n<!-- \/ Yoast SEO plugin. -->","yoast_head_json":{"title":"Pack Power Effect pour les hommes - Maroc Prix","description":"Le Pack Power Effect pour hommes combine des compl\u00e9ments et soins pour stimuler \u00e9nergie, vitalit\u00e9 et performance. Id\u00e9al pour un mode de vie actif .","robots":{"index":"index","follow":"follow","max-snippet":"max-snippet:-1","max-image-preview":"max-image-preview:large","max-video-preview":"max-video-preview:-1"},"canonical":"https:\/\/vitablanca.ma\/ar\/product-2\/pack-power-effect-pour-les-hommes\/","og_locale":"ar_AR","og_type":"article","og_title":"Pack Power Effect pour les hommes - Maroc Prix","og_description":"Le Pack Power Effect pour hommes combine des compl\u00e9ments et soins pour stimuler \u00e9nergie, vitalit\u00e9 et performance. Id\u00e9al pour un mode de vie actif .","og_url":"https:\/\/vitablanca.ma\/ar\/product-2\/pack-power-effect-pour-les-hommes\/","og_site_name":"Vitablanca.ma &ndash; Sant&eacute;, vitalit&eacute; et bien-&ecirc;tre pour tous les Marocains","article_publisher":"https:\/\/www.facebook.com\/profile.php?id=61576678196717","article_modified_time":"2026-01-30T00:16:05+00:00","og_image":[{"width":1080,"height":1080,"url":"https:\/\/vitablanca.ma\/wp-content\/uploads\/2025\/07\/13.png","type":"image\/png"}],"twitter_card":"summary_large_image","twitter_misc":{"\u0648\u0642\u062a \u0627\u0644\u0642\u0631\u0627\u0621\u0629 \u0627\u0644\u0645\u064f\u0642\u062f\u0651\u0631":"3 \u062f\u0642\u0627\u0626\u0642"},"schema":{"@context":"https:\/\/schema.org","@graph":[{"@type":["WebPage","ItemPage"],"@id":"https:\/\/vitablanca.ma\/produit\/pack-power-effect-pour-les-hommes\/","url":"https:\/\/vitablanca.ma\/produit\/pack-power-effect-pour-les-hommes\/","name":"Pack Power Effect pour les hommes - Maroc Prix","isPartOf":{"@id":"https:\/\/vitablanca.ma\/#website"},"primaryImageOfPage":{"@id":"https:\/\/vitablanca.ma\/produit\/pack-power-effect-pour-les-hommes\/#primaryimage"},"image":{"@id":"https:\/\/vitablanca.ma\/produit\/pack-power-effect-pour-les-hommes\/#primaryimage"},"thumbnailUrl":"https:\/\/vitablanca.ma\/wp-content\/uploads\/2025\/07\/13.png","datePublished":"2025-07-10T18:17:28+00:00","dateModified":"2026-01-30T00:16:05+00:00","description":"Le Pack Power Effect pour hommes combine des compl\u00e9ments et soins pour stimuler \u00e9nergie, vitalit\u00e9 et performance. Id\u00e9al pour un mode de vie actif .","breadcrumb":{"@id":"https:\/\/vitablanca.ma\/produit\/pack-power-effect-pour-les-hommes\/#breadcrumb"},"inLanguage":"ar","potentialAction":[{"@type":"ReadAction","target":["https:\/\/vitablanca.ma\/produit\/pack-power-effect-pour-les-hommes\/"]}]},{"@type":"ImageObject","inLanguage":"ar","@id":"https:\/\/vitablanca.ma\/produit\/pack-power-effect-pour-les-hommes\/#primaryimage","url":"https:\/\/vitablanca.ma\/wp-content\/uploads\/2025\/07\/13.png","contentUrl":"https:\/\/vitablanca.ma\/wp-content\/uploads\/2025\/07\/13.png","width":1080,"height":1080},{"@type":"BreadcrumbList","@id":"https:\/\/vitablanca.ma\/produit\/pack-power-effect-pour-les-hommes\/#breadcrumb","itemListElement":[{"@type":"ListItem","position":1,"name":"Home","item":"https:\/\/vitablanca.ma\/"},{"@type":"ListItem","position":2,"name":"Tous Les Produits","item":"https:\/\/vitablanca.ma\/tous-les-produits\/"},{"@type":"ListItem","position":3,"name":"Pack Power Effect pour les hommes"}]},{"@type":"WebSite","@id":"https:\/\/vitablanca.ma\/#website","url":"https:\/\/vitablanca.ma\/","name":"VitaBlanca.ma | \u0627\u0644\u0645\u0643\u0645\u0644\u0627\u062a \u0627\u0644\u063a\u0630\u0627\u0626\u064a\u0629\u060c \u0627\u0644\u0635\u062d\u0629 \u0648\u0627\u0644\u062c\u0645\u0627\u0644 \u0641\u064a \u0627\u0644\u0645\u063a\u0631\u0628","description":"\u0646\u0628\u064a\u0639 \u0641\u064a\u062a\u0627\u0645\u064a\u0646\u0627\u062a \u0648\u0645\u0643\u0645\u0644\u0627\u062a \u063a\u0630\u0627\u0626\u064a\u0629 \u0641\u0627\u062e\u0631\u0629 \u0645\u0646 \u0627\u0644\u0648\u0644\u0627\u064a\u0627\u062a \u0627\u0644\u0645\u062a\u062d\u062f\u0629 \u0627\u0644\u0623\u0645\u0631\u064a\u0643\u064a\u0629 \u0648\u0643\u0646\u062f\u0627 \u0648\u0646\u064a\u0648\u0632\u064a\u0644\u0646\u062f\u0627 \u0648\u0627\u0644\u0645\u063a\u0631\u0628 (\u0646\u0627\u0648 \u0641\u0648\u062f\u0632\u060c \u0633\u0648\u0644\u062c\u0627\u0631\u060c \u0645\u0627\u0646\u0648\u0643\u0627). \u062a\u0648\u0635\u064a\u0644 \u0633\u0631\u064a\u0639 \u0625\u0644\u0649 \u062c\u0645\u064a\u0639 \u0623\u0646\u062d\u0627\u0621 \u0627\u0644\u0645\u063a\u0631\u0628.","publisher":{"@id":"https:\/\/vitablanca.ma\/#organization"},"alternateName":"VitaBlanca.ma","potentialAction":[{"@type":"SearchAction","target":{"@type":"EntryPoint","urlTemplate":"https:\/\/vitablanca.ma\/?s={search_term_string}"},"query-input":{"@type":"PropertyValueSpecification","valueRequired":true,"valueName":"search_term_string"}}],"inLanguage":"ar"},{"@type":"Organization","@id":"https:\/\/vitablanca.ma\/#organization","name":"\u0641\u064a\u062a\u0627\u0628\u0644\u0627\u0646\u0643\u0627","url":"https:\/\/vitablanca.ma\/","logo":{"@type":"ImageObject","inLanguage":"ar","@id":"https:\/\/vitablanca.ma\/#\/schema\/logo\/image\/","url":"https:\/\/vitablanca.ma\/wp-content\/uploads\/2025\/05\/cropped-vitablanca.png","contentUrl":"https:\/\/vitablanca.ma\/wp-content\/uploads\/2025\/05\/cropped-vitablanca.png","width":360,"height":67,"caption":"VitaBlanca"},"image":{"@id":"https:\/\/vitablanca.ma\/#\/schema\/logo\/image\/"},"sameAs":["https:\/\/www.facebook.com\/profile.php?id=61576678196717","https:\/\/www.tiktok.com\/@vitablanca.ma","https:\/\/www.instagram.com\/vitablanca.ma\/"]}]}},"jetpack_sharing_enabled":true,"_links":{"self":[{"href":"https:\/\/vitablanca.ma\/ar\/wp-json\/wp\/v2\/product\/23623","targetHints":{"allow":["GET"]}}],"collection":[{"href":"https:\/\/vitablanca.ma\/ar\/wp-json\/wp\/v2\/product"}],"about":[{"href":"https:\/\/vitablanca.ma\/ar\/wp-json\/wp\/v2\/types\/product"}],"wp:featuredmedia":[{"embeddable":true,"href":"https:\/\/vitablanca.ma\/ar\/wp-json\/wp\/v2\/media\/23618"}],"wp:attachment":[{"href":"https:\/\/vitablanca.ma\/ar\/wp-json\/wp\/v2\/media?parent=23623"}],"wp:term":[{"taxonomy":"product_brand","embeddable":true,"href":"https:\/\/vitablanca.ma\/ar\/wp-json\/wp\/v2\/product_brand?post=23623"},{"taxonomy":"product_cat","embeddable":true,"href":"https:\/\/vitablanca.ma\/ar\/wp-json\/wp\/v2\/product_cat?post=23623"},{"taxonomy":"product_tag","embeddable":true,"href":"https:\/\/vitablanca.ma\/ar\/wp-json\/wp\/v2\/product_tag?post=23623"}],"curies":[{"name":"wp","href":"https:\/\/api.w.org\/{rel}","templated":true}]}}