{"id":23595,"date":"2025-07-10T18:16:12","date_gmt":"2025-07-10T18:16:12","guid":{"rendered":"https:\/\/vitablanca.ma\/product\/balea-pack-plex\/"},"modified":"2026-01-30T00:39:09","modified_gmt":"2026-01-30T00:39:09","slug":"balea-pack-plex","status":"publish","type":"product","link":"https:\/\/vitablanca.ma\/ar\/product-2\/balea-pack-plex\/","title":{"rendered":"\u0628\u0627\u0644\u064a\u0627 \u2013 \u0628\u0644\u064a\u0643\u0633 \u0628\u0627\u0643"},"content":{"rendered":"<h3 data-end=\"415\" data-start=\"349\">\ud83d\udc86\u2640\ufe0f <strong data-end=\"415\" data-start=\"355\">\u0627\u0644\u0639\u0646\u0627\u064a\u0629 \u0627\u0644\u0645\u0631\u0643\u0632\u0629 \u0644\u0644\u0634\u0639\u0631 \u0627\u0644\u062a\u0627\u0644\u0641 \u0648\u0627\u0644\u0645\u0639\u0627\u0644\u062c \u0643\u064a\u0645\u064a\u0627\u0626\u064a\u0627\u064b<\/strong><\/h3>\n<p data-end=\"567\" data-start=\"417\">\u0639\u0627\u0644\u062c\u064a \u0634\u0639\u0631\u0643 \u0628\u0631\u0648\u062a\u064a\u0646 \u0625\u0635\u0644\u0627\u062d \u0648\u0644\u0645\u0639\u0627\u0646 \u0643\u0627\u0645\u0644 \u0645\u0639 \u062a\u0642\u0646\u064a\u0629 \u0627\u0644\u0625\u0635\u0644\u0627\u062d \u0627\u0644\u0645\u0643\u062b\u0641 \u0628\u0627\u0644\u0643\u064a\u0631\u0627\u062a\u064a\u0646 \u0648\u0627\u0644\u0628\u0631\u0648\u062a\u064a\u0646\u0627\u062a \ud83c\udf3f\ud83d\udca7<\/p>\n<p data-end=\"684\" data-start=\"574\">\ud83e\uddf4 <strong data-end=\"599\" data-start=\"577\">\u0634\u0627\u0645\u0628\u0648 \u2013 250 \u0645\u0644<\/strong><br data-end=\"602\" data-start=\"599\" \/>\u064a\u0646\u0638\u0641 \u0628\u0644\u0637\u0641 \u0648\u064a\u0635\u0644\u062d \u0627\u0644\u0634\u0639\u0631 \u0628\u0639\u0645\u0642 \u0648\u064a\u062a\u0631\u0643\u0647 \u0646\u0627\u0639\u0645\u064b\u0627 \u0648\u0644\u0627\u0645\u0639\u064b\u0627 \u2728<\/p>\n<p data-end=\"791\" data-start=\"686\">\ud83e\uddf4 <strong data-end=\"717\" data-start=\"689\">\u0628\u0644\u0633\u0645 \u2013 200 \u0645\u0644<\/strong><br data-end=\"720\" data-start=\"717\" \/>\u064a\u0642\u0648\u064a \u0627\u0644\u0634\u0639\u0631 \u0648\u064a\u0635\u0644\u062d \u0627\u0644\u0628\u0646\u064a\u0629 \u0627\u0644\u062a\u0627\u0644\u0641\u0629 \u0648\u064a\u0645\u0646\u062d\u0647 \u0627\u0644\u0646\u0639\u0648\u0645\u0629 \ud83d\udcaa\ud83d\udc96<\/p>\n<p data-end=\"896\" data-start=\"793\">\ud83d\udca7 <strong data-end=\"813\" data-start=\"796\">\u0633\u064a\u0631\u0648\u0645 \u2013 50 \u0645\u0644<\/strong><br data-end=\"816\" data-start=\"813\" \/>\u064a\u062d\u0645\u064a \u062d\u062a\u0649 220 \u062f\u0631\u062c\u0629 \u0645\u0626\u0648\u064a\u0629 \ud83d\udd25\u060c \u064a\u063a\u0630\u064a \u0648\u064a\u0639\u0632\u0632 \u0637\u0648\u0644 \u0627\u0644\u0634\u0639\u0631 - \u0644\u0627 \u0645\u0632\u064a\u062f \u0645\u0646 \u0627\u0644\u062a\u062c\u0639\u062f!<\/p>\n<p data-end=\"1007\" data-start=\"898\">\ud83d\udec1 <strong data-end=\"925\" data-start=\"901\">\u0642\u0646\u0627\u0639 2 \u0641\u064a 1 \u2013 250 \u0645\u0644<\/strong><br data-end=\"928\" data-start=\"925\" \/>\u0639\u0646\u0627\u064a\u0629 \u0639\u0645\u064a\u0642\u0629 \ud83d\udc86\u2640\ufe0f: \u062a\u0642\u0644\u0644 \u0645\u0646 \u062a\u0642\u0635\u0641 \u0627\u0644\u0623\u0637\u0631\u0627\u0641\u060c \u0648\u062a\u0646\u0639\u0645 \u0627\u0644\u0623\u0644\u064a\u0627\u0641\u060c \u0648\u062a\u062c\u0639\u0644 \u0627\u0644\u062a\u0635\u0641\u064a\u0641 \u0623\u0633\u0647\u0644<\/p>\n<p data-end=\"1131\" data-start=\"1009\">\ud83d\udc8e <strong data-end=\"1040\" data-start=\"1012\">\u0632\u064a\u062a \u0627\u0644\u0634\u0639\u0631 \u2013 50 \u0645\u0644<\/strong><br data-end=\"1043\" data-start=\"1040\" \/>\u064a\u064f\u0642\u0648\u0651\u064a \u0627\u0644\u0634\u0639\u0631\u060c \u064a\u064f\u063a\u0637\u0651\u064a \u0646\u0642\u0627\u0637 \u0627\u0644\u0636\u0639\u0641\u060c \u0648\u064a\u062d\u0645\u064a\u0647 \u062d\u062a\u0649 \u0662\u0663\u0660 \u062f\u0631\u062c\u0629 \u0645\u0626\u0648\u064a\u0629 \ud83d\udd25. \u0644\u0645\u0639\u0627\u0646 \u0643\u0627\u0644\u0645\u0631\u0622\u0629 \ud83d\udcab<\/p>\n<h3 data-end=\"1156\" data-start=\"1138\">\u2705 \u0627\u0644\u0646\u062a\u064a\u062c\u0629:<\/h3>\n<p data-end=\"1269\" data-start=\"1157\">\u0634\u0639\u0631 <strong data-end=\"1183\" data-start=\"1169\">\u0623\u0642\u0648\u0649<\/strong>, <strong data-end=\"1195\" data-start=\"1185\">\u0633\u0644\u0633<\/strong>, <strong data-end=\"1210\" data-start=\"1197\">\u0628\u0627\u0647\u0650\u0631<\/strong> &amp; <strong data-end=\"1235\" data-start=\"1213\">\u062a\u0645 \u0625\u0635\u0644\u0627\u062d\u0647 \u0628\u0627\u0644\u0643\u0627\u0645\u0644<\/strong> \u0645\u0646 \u0627\u0644\u0627\u0633\u062a\u062e\u062f\u0627\u0645\u0627\u062a \u0627\u0644\u0623\u0648\u0644\u0649 \ud83d\udc96<\/p>\n<h3 data-end=\"1309\" data-start=\"1276\">\ud83d\udca1\u0637\u0631\u064a\u0642\u0629 \u0627\u0644\u0627\u0633\u062a\u062e\u062f\u0627\u0645:<\/h3>\n<ol>\n<li data-end=\"1410\" data-start=\"1310\">\n<p data-end=\"1410\" data-start=\"1313\">\ud83e\uddf4 <strong data-end=\"1347\" data-start=\"1316\">\u0634\u0627\u0645\u0628\u0648 \u0648\u0628\u0644\u0633\u0645<\/strong> :\u064a\u0648\u0636\u0639 \u0639\u0644\u0649 \u0627\u0644\u0634\u0639\u0631 \u0627\u0644\u0645\u0628\u0644\u0644\u060c \u0648\u064a\u062f\u0644\u0643\u060c \u0648\u064a\u062a\u0631\u0643 \u062d\u062a\u0649 \u064a\u0639\u0645\u0644\u060c \u062b\u0645 \u064a\u0634\u0637\u0641.<\/p>\n<\/li>\n<li data-end=\"1483\" data-start=\"1411\">\n<p data-end=\"1483\" data-start=\"1414\">\ud83d\udca7 <strong data-end=\"1426\" data-start=\"1417\">\u0645\u0635\u0644<\/strong> :\u064a\u062a\u0645 \u0648\u0636\u0639\u0647 \u0639\u0644\u0649 \u0627\u0644\u0634\u0639\u0631 \u0627\u0644\u0645\u062c\u0641\u0641 \u0628\u0627\u0644\u0645\u0646\u0634\u0641\u0629 \u0623\u0648 \u0627\u0644\u062c\u0627\u0641 - \u0644\u0627 \u064a\u062d\u062a\u0627\u062c \u0625\u0644\u0649 \u0627\u0644\u0634\u0637\u0641.<\/p>\n<\/li>\n<li data-end=\"1629\" data-start=\"1484\">\n<p data-end=\"1504\" data-start=\"1487\">\ud83d\udec1 <strong data-end=\"1500\" data-start=\"1490\">\u0642\u0646\u0627\u0639<\/strong> : \u0641\u064a\u00a0<strong data-end=\"1527\" data-start=\"1513\">\u0642\u0628\u0644 \u0627\u0644\u0642\u0646\u0627\u0639<\/strong> : 10 \u062f\u0642\u0627\u0626\u0642 \u0642\u0628\u0644 \u063a\u0633\u0644 \u0627\u0644\u0634\u0639\u0631 \u0628\u0627\u0644\u0634\u0627\u0645\u0628\u0648 \ud83d\udd59\u0641\u064a\u00a0<strong data-end=\"1594\" data-start=\"1570\">\u0628\u0644\u0633\u0645<\/strong> :\u0627\u062a\u0631\u0643\u064a\u0647 \u0644\u064a\u0639\u0645\u0644 \u0644\u0645\u062f\u0629 3 \u062f\u0642\u0627\u0626\u0642 \u062b\u0645 \u0627\u0634\u0637\u0641\u064a\u0647.<\/p>\n<\/li>\n<li data-end=\"1720\" data-start=\"1630\">\n<p data-end=\"1720\" data-start=\"1633\">\ud83d\udc8e <strong data-end=\"1645\" data-start=\"1636\">\u0632\u064a\u062a<\/strong> :\u0628\u0636\u0639 \u0642\u0637\u0631\u0627\u062a \u0639\u0644\u0649 \u0623\u0637\u0648\u0627\u0644 \u0631\u0637\u0628\u0629 \u0623\u0648 \u062c\u0627\u0641\u0629 - \u0644\u0627 \u062d\u0627\u062c\u0629 \u0644\u0644\u0634\u0637\u0641.<\/p>\n<\/li>\n<\/ol>\n<p data-end=\"1875\" data-start=\"1727\">\ud83d\udecd\ufe0f\u00a0<strong data-end=\"1801\" data-start=\"1731\">\u0645\u062c\u0645\u0648\u0639\u0629 \u0645\u062b\u0627\u0644\u064a\u0629 \u0644\u0631\u0648\u062a\u064a\u0646 \u0627\u0644\u0639\u0646\u0627\u064a\u0629 \u0628\u0627\u0644\u0628\u0634\u0631\u0629 \u0627\u0644\u0627\u062d\u062a\u0631\u0627\u0641\u064a \u0627\u0644\u0643\u0627\u0645\u0644 \u0641\u064a \u0627\u0644\u0645\u0646\u0632\u0644!<\/strong><br data-end=\"1804\" data-start=\"1801\" \/>\ud83d\udc96 \u0634\u0639\u0631 \u0644\u0627\u0645\u0639 \u0648\u0642\u0648\u064a \u0648\u062d\u064a\u0648\u064a - \u062f\u0648\u0646 \u062a\u062c\u0627\u0648\u0632 \u0645\u064a\u0632\u0627\u0646\u064a\u062a\u0643 \ud83d\udcb8<\/p>","protected":false},"excerpt":{"rendered":"<p>\ud83d\udc86\u2640\ufe0f Soin intensif pour cheveux ab\u00eem\u00e9s &amp; trait\u00e9s chimiquement Offre \u00e0 tes cheveux une routine compl\u00e8te de r\u00e9paration &amp; de brillance gr\u00e2ce \u00e0 la technologie Intense-Repair avec k\u00e9ratine + prot\u00e9ines \ud83c\udf3f\ud83d\udca7 \ud83e\uddf4 Shampoing \u2013 250 mlNettoie en douceur, r\u00e9pare en profondeur &amp; laisse les cheveux souples, brillants \u2728 \ud83e\uddf4 Apr\u00e8s-shampoing \u2013 200 mlRenforce les cheveux, [&hellip;]<\/p>\n","protected":false},"featured_media":23589,"template":"","meta":{"om_disable_all_campaigns":false},"product_brand":[3236],"product_cat":[18],"product_tag":[3237,3240,3238,3239,5834,6729,6732,3241,6033,6730,6727,3427,6731,6290,6728],"class_list":{"0":"post-23595","1":"product","2":"type-product","3":"status-publish","4":"has-post-thumbnail","6":"product_brand-balea-dm-prix-maroc","7":"product_cat-beaute-sante","8":"product_tag-balea","9":"product_tag-balea-dm","10":"product_tag-balea-maroc","11":"product_tag-balea-morocco","12":"product_tag-cheveux-abimes","13":"product_tag-cheveux-fragiles","14":"product_tag-cure-intensive","15":"product_tag-dm-maroc","16":"product_tag-huile-capillaire","17":"product_tag-masque","18":"product_tag-pack-plex","19":"product_tag-reparation-cheveux","20":"product_tag-routine-cheveux","21":"product_tag-shampooing","22":"product_tag-soin-complet","24":"first","25":"instock","26":"sale","27":"taxable","28":"shipping-taxable","29":"purchasable","30":"product-type-simple"},"yoast_head":"<!-- This site is optimized with the Yoast SEO plugin v27.4 - https:\/\/yoast.com\/product\/yoast-seo-wordpress\/ -->\n<title>Balea Pack Plex - Maroc Prix<\/title>\n<meta name=\"description\" content=\"Le Pack Plex de Balea r\u00e9pare intens\u00e9ment les cheveux ab\u00eem\u00e9s et fragiles. Comprend shampooing, masque et huile pour nourrir,\" \/>\n<meta name=\"robots\" content=\"index, follow, max-snippet:-1, max-image-preview:large, max-video-preview:-1\" \/>\n<link rel=\"canonical\" href=\"https:\/\/vitablanca.ma\/ar\/product-2\/balea-pack-plex\/\" \/>\n<meta property=\"og:locale\" content=\"ar_AR\" \/>\n<meta property=\"og:type\" content=\"article\" \/>\n<meta property=\"og:title\" content=\"Balea Pack Plex - Maroc Prix\" \/>\n<meta property=\"og:description\" content=\"Le Pack Plex de Balea r\u00e9pare intens\u00e9ment les cheveux ab\u00eem\u00e9s et fragiles. Comprend shampooing, masque et huile pour nourrir,\" \/>\n<meta property=\"og:url\" content=\"https:\/\/vitablanca.ma\/ar\/product-2\/balea-pack-plex\/\" \/>\n<meta property=\"og:site_name\" content=\"Vitablanca.ma &ndash; Sant&eacute;, vitalit&eacute; et bien-&ecirc;tre pour tous les Marocains\" \/>\n<meta property=\"article:publisher\" content=\"https:\/\/www.facebook.com\/profile.php?id=61576678196717\" \/>\n<meta property=\"article:modified_time\" content=\"2026-01-30T00:39:09+00:00\" \/>\n<meta property=\"og:image\" content=\"https:\/\/vitablanca.ma\/wp-content\/uploads\/2025\/07\/7fc6591432552f550cdf6cfeab124cb7.jpg\" \/>\n\t<meta property=\"og:image:width\" content=\"1080\" \/>\n\t<meta property=\"og:image:height\" content=\"1080\" \/>\n\t<meta property=\"og:image:type\" content=\"image\/jpeg\" \/>\n<meta name=\"twitter:card\" content=\"summary_large_image\" \/>\n<meta name=\"twitter:label1\" content=\"\u0648\u0642\u062a \u0627\u0644\u0642\u0631\u0627\u0621\u0629 \u0627\u0644\u0645\u064f\u0642\u062f\u0651\u0631\" \/>\n\t<meta name=\"twitter:data1\" content=\"\u062f\u0642\u064a\u0642\u062a\u0627\u0646\" \/>\n<script type=\"application\/ld+json\" class=\"yoast-schema-graph\">{\"@context\":\"https:\\\/\\\/schema.org\",\"@graph\":[{\"@type\":[\"WebPage\",\"ItemPage\"],\"@id\":\"https:\\\/\\\/vitablanca.ma\\\/produit\\\/balea-pack-plex\\\/\",\"url\":\"https:\\\/\\\/vitablanca.ma\\\/produit\\\/balea-pack-plex\\\/\",\"name\":\"Balea Pack Plex - Maroc Prix\",\"isPartOf\":{\"@id\":\"https:\\\/\\\/vitablanca.ma\\\/#website\"},\"primaryImageOfPage\":{\"@id\":\"https:\\\/\\\/vitablanca.ma\\\/produit\\\/balea-pack-plex\\\/#primaryimage\"},\"image\":{\"@id\":\"https:\\\/\\\/vitablanca.ma\\\/produit\\\/balea-pack-plex\\\/#primaryimage\"},\"thumbnailUrl\":\"https:\\\/\\\/vitablanca.ma\\\/wp-content\\\/uploads\\\/2025\\\/07\\\/7fc6591432552f550cdf6cfeab124cb7.jpg\",\"datePublished\":\"2025-07-10T18:16:12+00:00\",\"dateModified\":\"2026-01-30T00:39:09+00:00\",\"description\":\"Le Pack Plex de Balea r\u00e9pare intens\u00e9ment les cheveux ab\u00eem\u00e9s et fragiles. Comprend shampooing, masque et huile pour nourrir,\",\"breadcrumb\":{\"@id\":\"https:\\\/\\\/vitablanca.ma\\\/produit\\\/balea-pack-plex\\\/#breadcrumb\"},\"inLanguage\":\"ar\",\"potentialAction\":[{\"@type\":\"ReadAction\",\"target\":[\"https:\\\/\\\/vitablanca.ma\\\/produit\\\/balea-pack-plex\\\/\"]}]},{\"@type\":\"ImageObject\",\"inLanguage\":\"ar\",\"@id\":\"https:\\\/\\\/vitablanca.ma\\\/produit\\\/balea-pack-plex\\\/#primaryimage\",\"url\":\"https:\\\/\\\/vitablanca.ma\\\/wp-content\\\/uploads\\\/2025\\\/07\\\/7fc6591432552f550cdf6cfeab124cb7.jpg\",\"contentUrl\":\"https:\\\/\\\/vitablanca.ma\\\/wp-content\\\/uploads\\\/2025\\\/07\\\/7fc6591432552f550cdf6cfeab124cb7.jpg\",\"width\":1080,\"height\":1080},{\"@type\":\"BreadcrumbList\",\"@id\":\"https:\\\/\\\/vitablanca.ma\\\/produit\\\/balea-pack-plex\\\/#breadcrumb\",\"itemListElement\":[{\"@type\":\"ListItem\",\"position\":1,\"name\":\"Home\",\"item\":\"https:\\\/\\\/vitablanca.ma\\\/\"},{\"@type\":\"ListItem\",\"position\":2,\"name\":\"Tous Les Produits\",\"item\":\"https:\\\/\\\/vitablanca.ma\\\/tous-les-produits\\\/\"},{\"@type\":\"ListItem\",\"position\":3,\"name\":\"Balea &#8211; Pack Plex\"}]},{\"@type\":\"WebSite\",\"@id\":\"https:\\\/\\\/vitablanca.ma\\\/#website\",\"url\":\"https:\\\/\\\/vitablanca.ma\\\/\",\"name\":\"VitaBlanca.ma | Compl\u00e9ments alimentaires, sant\u00e9 & beaut\u00e9 au Maroc\",\"description\":\"vendre vitamines et compl\u00e9ments premium des USA &amp; Canada, Nouvelle Z\u00e9lande,Maroc (NOW Foods, Solgar, Manuka). Livraison rapide partout au Maroc.\",\"publisher\":{\"@id\":\"https:\\\/\\\/vitablanca.ma\\\/#organization\"},\"alternateName\":\"VitaBlanca.ma\",\"potentialAction\":[{\"@type\":\"SearchAction\",\"target\":{\"@type\":\"EntryPoint\",\"urlTemplate\":\"https:\\\/\\\/vitablanca.ma\\\/?s={search_term_string}\"},\"query-input\":{\"@type\":\"PropertyValueSpecification\",\"valueRequired\":true,\"valueName\":\"search_term_string\"}}],\"inLanguage\":\"ar\"},{\"@type\":\"Organization\",\"@id\":\"https:\\\/\\\/vitablanca.ma\\\/#organization\",\"name\":\"VitaBlanca\",\"url\":\"https:\\\/\\\/vitablanca.ma\\\/\",\"logo\":{\"@type\":\"ImageObject\",\"inLanguage\":\"ar\",\"@id\":\"https:\\\/\\\/vitablanca.ma\\\/#\\\/schema\\\/logo\\\/image\\\/\",\"url\":\"https:\\\/\\\/vitablanca.ma\\\/wp-content\\\/uploads\\\/2025\\\/05\\\/cropped-vitablanca.png\",\"contentUrl\":\"https:\\\/\\\/vitablanca.ma\\\/wp-content\\\/uploads\\\/2025\\\/05\\\/cropped-vitablanca.png\",\"width\":360,\"height\":67,\"caption\":\"VitaBlanca\"},\"image\":{\"@id\":\"https:\\\/\\\/vitablanca.ma\\\/#\\\/schema\\\/logo\\\/image\\\/\"},\"sameAs\":[\"https:\\\/\\\/www.facebook.com\\\/profile.php?id=61576678196717\",\"https:\\\/\\\/www.tiktok.com\\\/@vitablanca.ma\",\"https:\\\/\\\/www.instagram.com\\\/vitablanca.ma\\\/\"]}]}<\/script>\n<!-- \/ Yoast SEO plugin. -->","yoast_head_json":{"title":"Balea Pack Plex - Maroc Prix","description":"Le Pack Plex de Balea r\u00e9pare intens\u00e9ment les cheveux ab\u00eem\u00e9s et fragiles. Comprend shampooing, masque et huile pour nourrir,","robots":{"index":"index","follow":"follow","max-snippet":"max-snippet:-1","max-image-preview":"max-image-preview:large","max-video-preview":"max-video-preview:-1"},"canonical":"https:\/\/vitablanca.ma\/ar\/product-2\/balea-pack-plex\/","og_locale":"ar_AR","og_type":"article","og_title":"Balea Pack Plex - Maroc Prix","og_description":"Le Pack Plex de Balea r\u00e9pare intens\u00e9ment les cheveux ab\u00eem\u00e9s et fragiles. Comprend shampooing, masque et huile pour nourrir,","og_url":"https:\/\/vitablanca.ma\/ar\/product-2\/balea-pack-plex\/","og_site_name":"Vitablanca.ma &ndash; Sant&eacute;, vitalit&eacute; et bien-&ecirc;tre pour tous les Marocains","article_publisher":"https:\/\/www.facebook.com\/profile.php?id=61576678196717","article_modified_time":"2026-01-30T00:39:09+00:00","og_image":[{"width":1080,"height":1080,"url":"https:\/\/vitablanca.ma\/wp-content\/uploads\/2025\/07\/7fc6591432552f550cdf6cfeab124cb7.jpg","type":"image\/jpeg"}],"twitter_card":"summary_large_image","twitter_misc":{"\u0648\u0642\u062a \u0627\u0644\u0642\u0631\u0627\u0621\u0629 \u0627\u0644\u0645\u064f\u0642\u062f\u0651\u0631":"\u062f\u0642\u064a\u0642\u062a\u0627\u0646"},"schema":{"@context":"https:\/\/schema.org","@graph":[{"@type":["WebPage","ItemPage"],"@id":"https:\/\/vitablanca.ma\/produit\/balea-pack-plex\/","url":"https:\/\/vitablanca.ma\/produit\/balea-pack-plex\/","name":"Balea Pack Plex - Maroc Prix","isPartOf":{"@id":"https:\/\/vitablanca.ma\/#website"},"primaryImageOfPage":{"@id":"https:\/\/vitablanca.ma\/produit\/balea-pack-plex\/#primaryimage"},"image":{"@id":"https:\/\/vitablanca.ma\/produit\/balea-pack-plex\/#primaryimage"},"thumbnailUrl":"https:\/\/vitablanca.ma\/wp-content\/uploads\/2025\/07\/7fc6591432552f550cdf6cfeab124cb7.jpg","datePublished":"2025-07-10T18:16:12+00:00","dateModified":"2026-01-30T00:39:09+00:00","description":"Le Pack Plex de Balea r\u00e9pare intens\u00e9ment les cheveux ab\u00eem\u00e9s et fragiles. Comprend shampooing, masque et huile pour nourrir,","breadcrumb":{"@id":"https:\/\/vitablanca.ma\/produit\/balea-pack-plex\/#breadcrumb"},"inLanguage":"ar","potentialAction":[{"@type":"ReadAction","target":["https:\/\/vitablanca.ma\/produit\/balea-pack-plex\/"]}]},{"@type":"ImageObject","inLanguage":"ar","@id":"https:\/\/vitablanca.ma\/produit\/balea-pack-plex\/#primaryimage","url":"https:\/\/vitablanca.ma\/wp-content\/uploads\/2025\/07\/7fc6591432552f550cdf6cfeab124cb7.jpg","contentUrl":"https:\/\/vitablanca.ma\/wp-content\/uploads\/2025\/07\/7fc6591432552f550cdf6cfeab124cb7.jpg","width":1080,"height":1080},{"@type":"BreadcrumbList","@id":"https:\/\/vitablanca.ma\/produit\/balea-pack-plex\/#breadcrumb","itemListElement":[{"@type":"ListItem","position":1,"name":"Home","item":"https:\/\/vitablanca.ma\/"},{"@type":"ListItem","position":2,"name":"Tous Les Produits","item":"https:\/\/vitablanca.ma\/tous-les-produits\/"},{"@type":"ListItem","position":3,"name":"Balea &#8211; Pack Plex"}]},{"@type":"WebSite","@id":"https:\/\/vitablanca.ma\/#website","url":"https:\/\/vitablanca.ma\/","name":"VitaBlanca.ma | \u0627\u0644\u0645\u0643\u0645\u0644\u0627\u062a \u0627\u0644\u063a\u0630\u0627\u0626\u064a\u0629\u060c \u0627\u0644\u0635\u062d\u0629 \u0648\u0627\u0644\u062c\u0645\u0627\u0644 \u0641\u064a \u0627\u0644\u0645\u063a\u0631\u0628","description":"\u0646\u0628\u064a\u0639 \u0641\u064a\u062a\u0627\u0645\u064a\u0646\u0627\u062a \u0648\u0645\u0643\u0645\u0644\u0627\u062a \u063a\u0630\u0627\u0626\u064a\u0629 \u0641\u0627\u062e\u0631\u0629 \u0645\u0646 \u0627\u0644\u0648\u0644\u0627\u064a\u0627\u062a \u0627\u0644\u0645\u062a\u062d\u062f\u0629 \u0627\u0644\u0623\u0645\u0631\u064a\u0643\u064a\u0629 \u0648\u0643\u0646\u062f\u0627 \u0648\u0646\u064a\u0648\u0632\u064a\u0644\u0646\u062f\u0627 \u0648\u0627\u0644\u0645\u063a\u0631\u0628 (\u0646\u0627\u0648 \u0641\u0648\u062f\u0632\u060c \u0633\u0648\u0644\u062c\u0627\u0631\u060c \u0645\u0627\u0646\u0648\u0643\u0627). \u062a\u0648\u0635\u064a\u0644 \u0633\u0631\u064a\u0639 \u0625\u0644\u0649 \u062c\u0645\u064a\u0639 \u0623\u0646\u062d\u0627\u0621 \u0627\u0644\u0645\u063a\u0631\u0628.","publisher":{"@id":"https:\/\/vitablanca.ma\/#organization"},"alternateName":"VitaBlanca.ma","potentialAction":[{"@type":"SearchAction","target":{"@type":"EntryPoint","urlTemplate":"https:\/\/vitablanca.ma\/?s={search_term_string}"},"query-input":{"@type":"PropertyValueSpecification","valueRequired":true,"valueName":"search_term_string"}}],"inLanguage":"ar"},{"@type":"Organization","@id":"https:\/\/vitablanca.ma\/#organization","name":"\u0641\u064a\u062a\u0627\u0628\u0644\u0627\u0646\u0643\u0627","url":"https:\/\/vitablanca.ma\/","logo":{"@type":"ImageObject","inLanguage":"ar","@id":"https:\/\/vitablanca.ma\/#\/schema\/logo\/image\/","url":"https:\/\/vitablanca.ma\/wp-content\/uploads\/2025\/05\/cropped-vitablanca.png","contentUrl":"https:\/\/vitablanca.ma\/wp-content\/uploads\/2025\/05\/cropped-vitablanca.png","width":360,"height":67,"caption":"VitaBlanca"},"image":{"@id":"https:\/\/vitablanca.ma\/#\/schema\/logo\/image\/"},"sameAs":["https:\/\/www.facebook.com\/profile.php?id=61576678196717","https:\/\/www.tiktok.com\/@vitablanca.ma","https:\/\/www.instagram.com\/vitablanca.ma\/"]}]}},"jetpack_sharing_enabled":true,"_links":{"self":[{"href":"https:\/\/vitablanca.ma\/ar\/wp-json\/wp\/v2\/product\/23595","targetHints":{"allow":["GET"]}}],"collection":[{"href":"https:\/\/vitablanca.ma\/ar\/wp-json\/wp\/v2\/product"}],"about":[{"href":"https:\/\/vitablanca.ma\/ar\/wp-json\/wp\/v2\/types\/product"}],"wp:featuredmedia":[{"embeddable":true,"href":"https:\/\/vitablanca.ma\/ar\/wp-json\/wp\/v2\/media\/23589"}],"wp:attachment":[{"href":"https:\/\/vitablanca.ma\/ar\/wp-json\/wp\/v2\/media?parent=23595"}],"wp:term":[{"taxonomy":"product_brand","embeddable":true,"href":"https:\/\/vitablanca.ma\/ar\/wp-json\/wp\/v2\/product_brand?post=23595"},{"taxonomy":"product_cat","embeddable":true,"href":"https:\/\/vitablanca.ma\/ar\/wp-json\/wp\/v2\/product_cat?post=23595"},{"taxonomy":"product_tag","embeddable":true,"href":"https:\/\/vitablanca.ma\/ar\/wp-json\/wp\/v2\/product_tag?post=23595"}],"curies":[{"name":"wp","href":"https:\/\/api.w.org\/{rel}","templated":true}]}}