{"id":23553,"date":"2025-07-10T18:14:30","date_gmt":"2025-07-10T18:14:30","guid":{"rendered":"https:\/\/vitablanca.ma\/product\/balea-gel-douche-pamplemousse-rose\/"},"modified":"2026-01-30T01:43:17","modified_gmt":"2026-01-30T01:43:17","slug":"balea-gel-douche-pamplemousse-rose","status":"publish","type":"product","link":"https:\/\/vitablanca.ma\/ar\/product-2\/balea-gel-douche-pamplemousse-rose\/","title":{"rendered":"Balea &#8211; Gel douche pamplemousse rose"},"content":{"rendered":"<h3>Fra\u00eecheur fruit\u00e9e et peau toute douce \ud83c\udf4a\ud83d\udca7<\/h3>\n<ul>\n<li>domaine d\u2019application :\u00a0Corps<\/li>\n<li>Type de peau : Normale, Sensible \/ fragile<\/li>\n<li>Sans alcool, Sans nanoparticules, Sans parab\u00e8nes, Sans paraffine \/ huiles min\u00e9rales, pH-neutre pour la peau, V\u00e9g\u00e9talien<\/li>\n<li>Texture \/ consistance \/ application :\u00a0Gel<\/li>\n<li>\u0627\u0644\u062d\u062c\u0645: 300 \u0645\u0644<\/li>\n<li>Avec un parfum intense<\/li>\n<li>\u062f\u0631\u062c\u0629 \u062d\u0645\u0648\u0636\u0629 \u0645\u062d\u0627\u064a\u062f\u0629 \u0644\u0644\u0628\u0634\u0631\u0629<\/li>\n<li>\u0645\u0646\u0627\u0633\u0628 \u0644\u0644\u0628\u0634\u0631\u0629 \u0627\u0644\u062d\u0633\u0627\u0633\u0629<\/li>\n<li>Avec AquaCellSoft<\/li>\n<\/ul>\n<h4><strong><span style=\"font-size: 11pt; line-height: 104%; font-family: 'Segoe UI Emoji', sans-serif;\">\ud83d\udccc<\/span><span lang=\"EN-US\" style=\"font-size: 11pt; line-height: 104%; font-family: Arial, sans-serif;\"> \u0648\u0635\u0641 \u0627\u0644\u0645\u0646\u062a\u062c <\/span><\/strong><\/h4>\n<p>Le gel douche Pink Grapefruit de Balea g\u00e2te les sens avec son parfum intense de pamplemousse rose. Sa formule au pH neutre pour la peau prot\u00e8ge \u00e9galement la peau du dess\u00e8chement et la soigne tout en douceur. Pour des moments de douche uniques et agr\u00e9ables. Formule sans microplastique et sans polym\u00e8res synth\u00e9tiques solubles dans l\u2019eau.<\/p>","protected":false},"excerpt":{"rendered":"<p>Fra\u00eecheur fruit\u00e9e et peau toute douce \ud83c\udf4a\ud83d\udca7 domaine d\u2019application :\u00a0Corps Type de peau : Normale, Sensible \/ fragile Sans alcool, Sans nanoparticules, Sans parab\u00e8nes, Sans paraffine \/ huiles min\u00e9rales, pH-neutre pour la peau, V\u00e9g\u00e9talien Texture \/ consistance \/ application :\u00a0Gel Volume: 300 ml Avec un parfum intense pH neutre pour la peau Convient aux peaux [&hellip;]<\/p>\n","protected":false},"featured_media":23550,"template":"","meta":{"om_disable_all_campaigns":false},"product_brand":[3236],"product_cat":[18],"product_tag":[3237,3240,3238,3239,3241,6753,6739,6300,6528,6760,6738,6758,6304,6392],"class_list":{"0":"post-23553","1":"product","2":"type-product","3":"status-publish","4":"has-post-thumbnail","6":"product_brand-balea-dm-prix-maroc","7":"product_cat-beaute-sante","8":"product_tag-balea","9":"product_tag-balea-dm","10":"product_tag-balea-maroc","11":"product_tag-balea-morocco","12":"product_tag-dm-maroc","13":"product_tag-experience-sensorielle","14":"product_tag-fraicheur-tonifiante","15":"product_tag-gel-douche","16":"product_tag-gel-douche-doux","17":"product_tag-pamplemousse-rose","18":"product_tag-parfum-fruite","19":"product_tag-peau-parfumee","20":"product_tag-soin-corps","21":"product_tag-usage-quotidien","23":"first","24":"instock","25":"taxable","26":"shipping-taxable","27":"purchasable","28":"product-type-simple"},"yoast_head":"<!-- This site is optimized with the Yoast SEO plugin v27.5 - https:\/\/yoast.com\/product\/yoast-seo-wordpress\/ -->\n<title>Balea Gel douche pamplemousse rose - Maroc Prix<\/title>\n<meta name=\"description\" content=\"Le Gel Douche Balea Pamplemousse Rose nettoie la peau en douceur et laisse un parfum fruit\u00e9 et floral. Id\u00e9al pour un moment rafra\u00eechissant\" \/>\n<meta name=\"robots\" content=\"index, follow, max-snippet:-1, max-image-preview:large, max-video-preview:-1\" \/>\n<link rel=\"canonical\" href=\"https:\/\/vitablanca.ma\/ar\/product-2\/balea-gel-douche-pamplemousse-rose\/\" \/>\n<meta property=\"og:locale\" content=\"ar_AR\" \/>\n<meta property=\"og:type\" content=\"article\" \/>\n<meta property=\"og:title\" content=\"Balea Gel douche pamplemousse rose - Maroc Prix\" \/>\n<meta property=\"og:description\" content=\"Le Gel Douche Balea Pamplemousse Rose nettoie la peau en douceur et laisse un parfum fruit\u00e9 et floral. Id\u00e9al pour un moment rafra\u00eechissant\" \/>\n<meta property=\"og:url\" content=\"https:\/\/vitablanca.ma\/ar\/product-2\/balea-gel-douche-pamplemousse-rose\/\" \/>\n<meta property=\"og:site_name\" content=\"Vitablanca.ma &ndash; Sant&eacute;, vitalit&eacute; et bien-&ecirc;tre pour tous les Marocains\" \/>\n<meta property=\"article:publisher\" content=\"https:\/\/www.facebook.com\/profile.php?id=61576678196717\" \/>\n<meta property=\"article:modified_time\" content=\"2026-01-30T01:43:17+00:00\" \/>\n<meta property=\"og:image\" content=\"https:\/\/vitablanca.ma\/wp-content\/uploads\/2025\/07\/balea-duschgel-pink-grapefruit.jpg\" \/>\n\t<meta property=\"og:image:width\" content=\"1202\" \/>\n\t<meta property=\"og:image:height\" content=\"1200\" \/>\n\t<meta property=\"og:image:type\" content=\"image\/jpeg\" \/>\n<meta name=\"twitter:card\" content=\"summary_large_image\" \/>\n<meta name=\"twitter:label1\" content=\"\u0648\u0642\u062a \u0627\u0644\u0642\u0631\u0627\u0621\u0629 \u0627\u0644\u0645\u064f\u0642\u062f\u0651\u0631\" \/>\n\t<meta name=\"twitter:data1\" content=\"\u062f\u0642\u064a\u0642\u0629 \u0648\u0627\u062d\u062f\u0629\" \/>\n<script type=\"application\/ld+json\" class=\"yoast-schema-graph\">{\"@context\":\"https:\\\/\\\/schema.org\",\"@graph\":[{\"@type\":[\"WebPage\",\"ItemPage\"],\"@id\":\"https:\\\/\\\/vitablanca.ma\\\/produit\\\/balea-gel-douche-pamplemousse-rose\\\/\",\"url\":\"https:\\\/\\\/vitablanca.ma\\\/produit\\\/balea-gel-douche-pamplemousse-rose\\\/\",\"name\":\"Balea Gel douche pamplemousse rose - Maroc Prix\",\"isPartOf\":{\"@id\":\"https:\\\/\\\/vitablanca.ma\\\/#website\"},\"primaryImageOfPage\":{\"@id\":\"https:\\\/\\\/vitablanca.ma\\\/produit\\\/balea-gel-douche-pamplemousse-rose\\\/#primaryimage\"},\"image\":{\"@id\":\"https:\\\/\\\/vitablanca.ma\\\/produit\\\/balea-gel-douche-pamplemousse-rose\\\/#primaryimage\"},\"thumbnailUrl\":\"https:\\\/\\\/vitablanca.ma\\\/wp-content\\\/uploads\\\/2025\\\/07\\\/balea-duschgel-pink-grapefruit.jpg\",\"datePublished\":\"2025-07-10T18:14:30+00:00\",\"dateModified\":\"2026-01-30T01:43:17+00:00\",\"description\":\"Le Gel Douche Balea Pamplemousse Rose nettoie la peau en douceur et laisse un parfum fruit\u00e9 et floral. Id\u00e9al pour un moment rafra\u00eechissant\",\"breadcrumb\":{\"@id\":\"https:\\\/\\\/vitablanca.ma\\\/produit\\\/balea-gel-douche-pamplemousse-rose\\\/#breadcrumb\"},\"inLanguage\":\"ar\",\"potentialAction\":[{\"@type\":\"ReadAction\",\"target\":[\"https:\\\/\\\/vitablanca.ma\\\/produit\\\/balea-gel-douche-pamplemousse-rose\\\/\"]}]},{\"@type\":\"ImageObject\",\"inLanguage\":\"ar\",\"@id\":\"https:\\\/\\\/vitablanca.ma\\\/produit\\\/balea-gel-douche-pamplemousse-rose\\\/#primaryimage\",\"url\":\"https:\\\/\\\/vitablanca.ma\\\/wp-content\\\/uploads\\\/2025\\\/07\\\/balea-duschgel-pink-grapefruit.jpg\",\"contentUrl\":\"https:\\\/\\\/vitablanca.ma\\\/wp-content\\\/uploads\\\/2025\\\/07\\\/balea-duschgel-pink-grapefruit.jpg\",\"width\":1202,\"height\":1200},{\"@type\":\"BreadcrumbList\",\"@id\":\"https:\\\/\\\/vitablanca.ma\\\/produit\\\/balea-gel-douche-pamplemousse-rose\\\/#breadcrumb\",\"itemListElement\":[{\"@type\":\"ListItem\",\"position\":1,\"name\":\"Home\",\"item\":\"https:\\\/\\\/vitablanca.ma\\\/\"},{\"@type\":\"ListItem\",\"position\":2,\"name\":\"Tous Les Produits\",\"item\":\"https:\\\/\\\/vitablanca.ma\\\/tous-les-produits\\\/\"},{\"@type\":\"ListItem\",\"position\":3,\"name\":\"Balea &#8211; Gel douche pamplemousse rose\"}]},{\"@type\":\"WebSite\",\"@id\":\"https:\\\/\\\/vitablanca.ma\\\/#website\",\"url\":\"https:\\\/\\\/vitablanca.ma\\\/\",\"name\":\"VitaBlanca.ma | Compl\u00e9ments alimentaires, sant\u00e9 & beaut\u00e9 au Maroc\",\"description\":\"vendre vitamines et compl\u00e9ments premium des USA &amp; Canada, Nouvelle Z\u00e9lande,Maroc (NOW Foods, Solgar, Manuka). Livraison rapide partout au Maroc.\",\"publisher\":{\"@id\":\"https:\\\/\\\/vitablanca.ma\\\/#organization\"},\"alternateName\":\"VitaBlanca.ma\",\"potentialAction\":[{\"@type\":\"SearchAction\",\"target\":{\"@type\":\"EntryPoint\",\"urlTemplate\":\"https:\\\/\\\/vitablanca.ma\\\/?s={search_term_string}\"},\"query-input\":{\"@type\":\"PropertyValueSpecification\",\"valueRequired\":true,\"valueName\":\"search_term_string\"}}],\"inLanguage\":\"ar\"},{\"@type\":\"Organization\",\"@id\":\"https:\\\/\\\/vitablanca.ma\\\/#organization\",\"name\":\"VitaBlanca\",\"url\":\"https:\\\/\\\/vitablanca.ma\\\/\",\"logo\":{\"@type\":\"ImageObject\",\"inLanguage\":\"ar\",\"@id\":\"https:\\\/\\\/vitablanca.ma\\\/#\\\/schema\\\/logo\\\/image\\\/\",\"url\":\"https:\\\/\\\/vitablanca.ma\\\/wp-content\\\/uploads\\\/2025\\\/05\\\/cropped-vitablanca.png\",\"contentUrl\":\"https:\\\/\\\/vitablanca.ma\\\/wp-content\\\/uploads\\\/2025\\\/05\\\/cropped-vitablanca.png\",\"width\":360,\"height\":67,\"caption\":\"VitaBlanca\"},\"image\":{\"@id\":\"https:\\\/\\\/vitablanca.ma\\\/#\\\/schema\\\/logo\\\/image\\\/\"},\"sameAs\":[\"https:\\\/\\\/www.facebook.com\\\/profile.php?id=61576678196717\",\"https:\\\/\\\/www.tiktok.com\\\/@vitablanca.ma\",\"https:\\\/\\\/www.instagram.com\\\/vitablanca.ma\\\/\"]}]}<\/script>\n<!-- \/ Yoast SEO plugin. -->","yoast_head_json":{"title":"Balea Gel douche pamplemousse rose - Maroc Prix","description":"Le Gel Douche Balea Pamplemousse Rose nettoie la peau en douceur et laisse un parfum fruit\u00e9 et floral. Id\u00e9al pour un moment rafra\u00eechissant","robots":{"index":"index","follow":"follow","max-snippet":"max-snippet:-1","max-image-preview":"max-image-preview:large","max-video-preview":"max-video-preview:-1"},"canonical":"https:\/\/vitablanca.ma\/ar\/product-2\/balea-gel-douche-pamplemousse-rose\/","og_locale":"ar_AR","og_type":"article","og_title":"Balea Gel douche pamplemousse rose - Maroc Prix","og_description":"Le Gel Douche Balea Pamplemousse Rose nettoie la peau en douceur et laisse un parfum fruit\u00e9 et floral. Id\u00e9al pour un moment rafra\u00eechissant","og_url":"https:\/\/vitablanca.ma\/ar\/product-2\/balea-gel-douche-pamplemousse-rose\/","og_site_name":"Vitablanca.ma &ndash; Sant&eacute;, vitalit&eacute; et bien-&ecirc;tre pour tous les Marocains","article_publisher":"https:\/\/www.facebook.com\/profile.php?id=61576678196717","article_modified_time":"2026-01-30T01:43:17+00:00","og_image":[{"width":1202,"height":1200,"url":"https:\/\/vitablanca.ma\/wp-content\/uploads\/2025\/07\/balea-duschgel-pink-grapefruit.jpg","type":"image\/jpeg"}],"twitter_card":"summary_large_image","twitter_misc":{"\u0648\u0642\u062a \u0627\u0644\u0642\u0631\u0627\u0621\u0629 \u0627\u0644\u0645\u064f\u0642\u062f\u0651\u0631":"\u062f\u0642\u064a\u0642\u0629 \u0648\u0627\u062d\u062f\u0629"},"schema":{"@context":"https:\/\/schema.org","@graph":[{"@type":["WebPage","ItemPage"],"@id":"https:\/\/vitablanca.ma\/produit\/balea-gel-douche-pamplemousse-rose\/","url":"https:\/\/vitablanca.ma\/produit\/balea-gel-douche-pamplemousse-rose\/","name":"Balea Gel douche pamplemousse rose - Maroc Prix","isPartOf":{"@id":"https:\/\/vitablanca.ma\/#website"},"primaryImageOfPage":{"@id":"https:\/\/vitablanca.ma\/produit\/balea-gel-douche-pamplemousse-rose\/#primaryimage"},"image":{"@id":"https:\/\/vitablanca.ma\/produit\/balea-gel-douche-pamplemousse-rose\/#primaryimage"},"thumbnailUrl":"https:\/\/vitablanca.ma\/wp-content\/uploads\/2025\/07\/balea-duschgel-pink-grapefruit.jpg","datePublished":"2025-07-10T18:14:30+00:00","dateModified":"2026-01-30T01:43:17+00:00","description":"Le Gel Douche Balea Pamplemousse Rose nettoie la peau en douceur et laisse un parfum fruit\u00e9 et floral. Id\u00e9al pour un moment rafra\u00eechissant","breadcrumb":{"@id":"https:\/\/vitablanca.ma\/produit\/balea-gel-douche-pamplemousse-rose\/#breadcrumb"},"inLanguage":"ar","potentialAction":[{"@type":"ReadAction","target":["https:\/\/vitablanca.ma\/produit\/balea-gel-douche-pamplemousse-rose\/"]}]},{"@type":"ImageObject","inLanguage":"ar","@id":"https:\/\/vitablanca.ma\/produit\/balea-gel-douche-pamplemousse-rose\/#primaryimage","url":"https:\/\/vitablanca.ma\/wp-content\/uploads\/2025\/07\/balea-duschgel-pink-grapefruit.jpg","contentUrl":"https:\/\/vitablanca.ma\/wp-content\/uploads\/2025\/07\/balea-duschgel-pink-grapefruit.jpg","width":1202,"height":1200},{"@type":"BreadcrumbList","@id":"https:\/\/vitablanca.ma\/produit\/balea-gel-douche-pamplemousse-rose\/#breadcrumb","itemListElement":[{"@type":"ListItem","position":1,"name":"Home","item":"https:\/\/vitablanca.ma\/"},{"@type":"ListItem","position":2,"name":"Tous Les Produits","item":"https:\/\/vitablanca.ma\/tous-les-produits\/"},{"@type":"ListItem","position":3,"name":"Balea &#8211; Gel douche pamplemousse rose"}]},{"@type":"WebSite","@id":"https:\/\/vitablanca.ma\/#website","url":"https:\/\/vitablanca.ma\/","name":"VitaBlanca.ma | \u0627\u0644\u0645\u0643\u0645\u0644\u0627\u062a \u0627\u0644\u063a\u0630\u0627\u0626\u064a\u0629\u060c \u0627\u0644\u0635\u062d\u0629 \u0648\u0627\u0644\u062c\u0645\u0627\u0644 \u0641\u064a \u0627\u0644\u0645\u063a\u0631\u0628","description":"\u0646\u0628\u064a\u0639 \u0641\u064a\u062a\u0627\u0645\u064a\u0646\u0627\u062a \u0648\u0645\u0643\u0645\u0644\u0627\u062a \u063a\u0630\u0627\u0626\u064a\u0629 \u0641\u0627\u062e\u0631\u0629 \u0645\u0646 \u0627\u0644\u0648\u0644\u0627\u064a\u0627\u062a \u0627\u0644\u0645\u062a\u062d\u062f\u0629 \u0627\u0644\u0623\u0645\u0631\u064a\u0643\u064a\u0629 \u0648\u0643\u0646\u062f\u0627 \u0648\u0646\u064a\u0648\u0632\u064a\u0644\u0646\u062f\u0627 \u0648\u0627\u0644\u0645\u063a\u0631\u0628 (\u0646\u0627\u0648 \u0641\u0648\u062f\u0632\u060c \u0633\u0648\u0644\u062c\u0627\u0631\u060c \u0645\u0627\u0646\u0648\u0643\u0627). \u062a\u0648\u0635\u064a\u0644 \u0633\u0631\u064a\u0639 \u0625\u0644\u0649 \u062c\u0645\u064a\u0639 \u0623\u0646\u062d\u0627\u0621 \u0627\u0644\u0645\u063a\u0631\u0628.","publisher":{"@id":"https:\/\/vitablanca.ma\/#organization"},"alternateName":"VitaBlanca.ma","potentialAction":[{"@type":"SearchAction","target":{"@type":"EntryPoint","urlTemplate":"https:\/\/vitablanca.ma\/?s={search_term_string}"},"query-input":{"@type":"PropertyValueSpecification","valueRequired":true,"valueName":"search_term_string"}}],"inLanguage":"ar"},{"@type":"Organization","@id":"https:\/\/vitablanca.ma\/#organization","name":"\u0641\u064a\u062a\u0627\u0628\u0644\u0627\u0646\u0643\u0627","url":"https:\/\/vitablanca.ma\/","logo":{"@type":"ImageObject","inLanguage":"ar","@id":"https:\/\/vitablanca.ma\/#\/schema\/logo\/image\/","url":"https:\/\/vitablanca.ma\/wp-content\/uploads\/2025\/05\/cropped-vitablanca.png","contentUrl":"https:\/\/vitablanca.ma\/wp-content\/uploads\/2025\/05\/cropped-vitablanca.png","width":360,"height":67,"caption":"VitaBlanca"},"image":{"@id":"https:\/\/vitablanca.ma\/#\/schema\/logo\/image\/"},"sameAs":["https:\/\/www.facebook.com\/profile.php?id=61576678196717","https:\/\/www.tiktok.com\/@vitablanca.ma","https:\/\/www.instagram.com\/vitablanca.ma\/"]}]}},"jetpack_sharing_enabled":true,"_links":{"self":[{"href":"https:\/\/vitablanca.ma\/ar\/wp-json\/wp\/v2\/product\/23553","targetHints":{"allow":["GET"]}}],"collection":[{"href":"https:\/\/vitablanca.ma\/ar\/wp-json\/wp\/v2\/product"}],"about":[{"href":"https:\/\/vitablanca.ma\/ar\/wp-json\/wp\/v2\/types\/product"}],"wp:featuredmedia":[{"embeddable":true,"href":"https:\/\/vitablanca.ma\/ar\/wp-json\/wp\/v2\/media\/23550"}],"wp:attachment":[{"href":"https:\/\/vitablanca.ma\/ar\/wp-json\/wp\/v2\/media?parent=23553"}],"wp:term":[{"taxonomy":"product_brand","embeddable":true,"href":"https:\/\/vitablanca.ma\/ar\/wp-json\/wp\/v2\/product_brand?post=23553"},{"taxonomy":"product_cat","embeddable":true,"href":"https:\/\/vitablanca.ma\/ar\/wp-json\/wp\/v2\/product_cat?post=23553"},{"taxonomy":"product_tag","embeddable":true,"href":"https:\/\/vitablanca.ma\/ar\/wp-json\/wp\/v2\/product_tag?post=23553"}],"curies":[{"name":"wp","href":"https:\/\/api.w.org\/{rel}","templated":true}]}}