{"id":23527,"date":"2025-07-10T18:13:33","date_gmt":"2025-07-10T18:13:33","guid":{"rendered":"https:\/\/vitablanca.ma\/product\/compresses-pour-les-yeux-energy-hydrogel-1-paire-2-pces\/"},"modified":"2026-01-30T02:13:31","modified_gmt":"2026-01-30T02:13:31","slug":"compresses-pour-les-yeux-energy-hydrogel-1-paire-2-pces","status":"publish","type":"product","link":"https:\/\/vitablanca.ma\/ar\/product-2\/compresses-pour-les-yeux-energy-hydrogel-1-paire-2-pces\/","title":{"rendered":"\u0636\u0645\u0627\u062f\u0627\u062a \u0627\u0644\u0639\u064a\u0646 \u0647\u064a\u062f\u0631\u0648\u062c\u064a\u0644 \u0627\u0644\u0637\u0627\u0642\u0629 (\u0632\u0648\u062c \u0648\u0627\u062d\u062f)\u060c \u0642\u0637\u0639\u062a\u0627\u0646"},"content":{"rendered":"<ul>\n<li>Zone d\u2019application: Visage<\/li>\n<li>Type de peau:Tous types de peaux, normale<\/li>\n<li>Propri\u00e9t\u00e9s du produit:Particuli\u00e8rement adapt\u00e9 au visage, Sans nanoparticules, Sans parab\u00e8nes, Sans paraffine \/ huiles min\u00e9rales, Vegan<\/li>\n<li>Texture \/ Consistance \/ Application: Gel<\/li>\n<li>Les cernes et les gonflements semblent att\u00e9nu\u00e9s<\/li>\n<li>Effet rafra\u00eechissant agr\u00e9able<\/li>\n<li>Pour un contour des yeux qui para\u00eet plus lisse<\/li>\n<\/ul>\n<p>Les pads hydrogel pour les yeux Balea MEN Energy hydratent intens\u00e9ment la peau sensible du contour des yeux. Vous b\u00e9n\u00e9ficiez ainsi d\u2019un coup de fouet suppl\u00e9mentaire pour commencer la journ\u00e9e en \u00e9tant r\u00e9veill\u00e9 et plein d\u2019\u00e9nergie. Conseil : si vous placez les pads au r\u00e9frig\u00e9rateur avant de les utiliser, l\u2019effet sera encore plus rafra\u00eechissant.<\/p>\n<p><strong>\u0637\u0631\u064a\u0642\u0629 \u0627\u0644\u0627\u0633\u062a\u062e\u062f\u0627\u0645<\/strong><br \/>\n1. sortir les pads pour les yeux de leur \u00e9tui.<\/p>\n<p>2. positionner les pads sur la peau nettoy\u00e9e sous les yeux.<\/p>\n<p>3. Laisser agir 15-20 minutes. Retirer les pads et masser les r\u00e9sidus.<\/p>\n<p><strong>\u062a\u062d\u0630\u064a\u0631\u0627\u062a<\/strong><br \/>\nPads \u00e0 usage unique. Ne convient pas aux enfants.<\/p>","protected":false},"excerpt":{"rendered":"<p>Zone d\u2019application: Visage Type de peau:Tous types de peaux, normale Propri\u00e9t\u00e9s du produit:Particuli\u00e8rement adapt\u00e9 au visage, Sans nanoparticules, Sans parab\u00e8nes, Sans paraffine \/ huiles min\u00e9rales, Vegan Texture \/ Consistance \/ Application: Gel Les cernes et les gonflements semblent att\u00e9nu\u00e9s Effet rafra\u00eechissant agr\u00e9able Pour un contour des yeux qui para\u00eet plus lisse Les pads hydrogel pour [&hellip;]<\/p>\n","protected":false},"featured_media":23524,"template":"","meta":{"om_disable_all_campaigns":false},"product_brand":[3236],"product_cat":[18],"product_tag":[3237,3240,3238,3239,6779,6776,6778,3241,6777,1767,6276,6782,6780,6230,6781],"class_list":{"0":"post-23527","1":"product","2":"type-product","3":"status-publish","4":"has-post-thumbnail","6":"product_brand-balea-dm-prix-maroc","7":"product_cat-beaute-sante","8":"product_tag-balea","9":"product_tag-balea-dm","10":"product_tag-balea-maroc","11":"product_tag-balea-morocco","12":"product_tag-cernes","13":"product_tag-compresses-yeux","14":"product_tag-contour-yeux","15":"product_tag-dm-maroc","16":"product_tag-energy-hydrogel","17":"product_tag-fatigue","18":"product_tag-hydratation","19":"product_tag-masque-yeux","20":"product_tag-poches","21":"product_tag-soin-quotidien","22":"product_tag-soin-yeux","24":"first","25":"instock","26":"taxable","27":"shipping-taxable","28":"purchasable","29":"product-type-simple"},"yoast_head":"<!-- This site is optimized with the Yoast SEO plugin v27.5 - https:\/\/yoast.com\/product\/yoast-seo-wordpress\/ -->\n<title>Compresses pour les Yeux Energy Hydrogel - Maroc Prix<\/title>\n<meta name=\"description\" content=\"Les compresses pour les yeux Energy Hydrogel offrent hydratation, fra\u00eecheur et \u00e9nergie au contour des yeux. Id\u00e9al pour r\u00e9duire cernes, poches et fatigue,\" \/>\n<meta name=\"robots\" content=\"index, follow, max-snippet:-1, max-image-preview:large, max-video-preview:-1\" \/>\n<link rel=\"canonical\" href=\"https:\/\/vitablanca.ma\/ar\/product-2\/compresses-pour-les-yeux-energy-hydrogel-1-paire-2-pces\/\" \/>\n<meta property=\"og:locale\" content=\"ar_AR\" \/>\n<meta property=\"og:type\" content=\"article\" \/>\n<meta property=\"og:title\" content=\"Compresses pour les Yeux Energy Hydrogel - Maroc Prix\" \/>\n<meta property=\"og:description\" content=\"Les compresses pour les yeux Energy Hydrogel offrent hydratation, fra\u00eecheur et \u00e9nergie au contour des yeux. Id\u00e9al pour r\u00e9duire cernes, poches et fatigue,\" \/>\n<meta property=\"og:url\" content=\"https:\/\/vitablanca.ma\/ar\/product-2\/compresses-pour-les-yeux-energy-hydrogel-1-paire-2-pces\/\" \/>\n<meta property=\"og:site_name\" content=\"Vitablanca.ma &ndash; Sant&eacute;, vitalit&eacute; et bien-&ecirc;tre pour tous les Marocains\" \/>\n<meta property=\"article:publisher\" content=\"https:\/\/www.facebook.com\/profile.php?id=61576678196717\" \/>\n<meta property=\"article:modified_time\" content=\"2026-01-30T02:13:31+00:00\" \/>\n<meta property=\"og:image\" content=\"https:\/\/vitablanca.ma\/wp-content\/uploads\/2025\/07\/balea-men-augenpads-energy-hydrogel-1-paar_28c297c7-bd99-4d95-ba16-685d8fa8da04.jpg\" \/>\n\t<meta property=\"og:image:width\" content=\"1205\" \/>\n\t<meta property=\"og:image:height\" content=\"1200\" \/>\n\t<meta property=\"og:image:type\" content=\"image\/jpeg\" \/>\n<meta name=\"twitter:card\" content=\"summary_large_image\" \/>\n<meta name=\"twitter:label1\" content=\"\u0648\u0642\u062a \u0627\u0644\u0642\u0631\u0627\u0621\u0629 \u0627\u0644\u0645\u064f\u0642\u062f\u0651\u0631\" \/>\n\t<meta name=\"twitter:data1\" content=\"\u062f\u0642\u064a\u0642\u0629 \u0648\u0627\u062d\u062f\u0629\" \/>\n<script type=\"application\/ld+json\" class=\"yoast-schema-graph\">{\"@context\":\"https:\\\/\\\/schema.org\",\"@graph\":[{\"@type\":[\"WebPage\",\"ItemPage\"],\"@id\":\"https:\\\/\\\/vitablanca.ma\\\/produit\\\/compresses-pour-les-yeux-energy-hydrogel-1-paire-2-pces\\\/\",\"url\":\"https:\\\/\\\/vitablanca.ma\\\/produit\\\/compresses-pour-les-yeux-energy-hydrogel-1-paire-2-pces\\\/\",\"name\":\"Compresses pour les Yeux Energy Hydrogel - Maroc Prix\",\"isPartOf\":{\"@id\":\"https:\\\/\\\/vitablanca.ma\\\/#website\"},\"primaryImageOfPage\":{\"@id\":\"https:\\\/\\\/vitablanca.ma\\\/produit\\\/compresses-pour-les-yeux-energy-hydrogel-1-paire-2-pces\\\/#primaryimage\"},\"image\":{\"@id\":\"https:\\\/\\\/vitablanca.ma\\\/produit\\\/compresses-pour-les-yeux-energy-hydrogel-1-paire-2-pces\\\/#primaryimage\"},\"thumbnailUrl\":\"https:\\\/\\\/vitablanca.ma\\\/wp-content\\\/uploads\\\/2025\\\/07\\\/balea-men-augenpads-energy-hydrogel-1-paar_28c297c7-bd99-4d95-ba16-685d8fa8da04.jpg\",\"datePublished\":\"2025-07-10T18:13:33+00:00\",\"dateModified\":\"2026-01-30T02:13:31+00:00\",\"description\":\"Les compresses pour les yeux Energy Hydrogel offrent hydratation, fra\u00eecheur et \u00e9nergie au contour des yeux. Id\u00e9al pour r\u00e9duire cernes, poches et fatigue,\",\"breadcrumb\":{\"@id\":\"https:\\\/\\\/vitablanca.ma\\\/produit\\\/compresses-pour-les-yeux-energy-hydrogel-1-paire-2-pces\\\/#breadcrumb\"},\"inLanguage\":\"ar\",\"potentialAction\":[{\"@type\":\"ReadAction\",\"target\":[\"https:\\\/\\\/vitablanca.ma\\\/produit\\\/compresses-pour-les-yeux-energy-hydrogel-1-paire-2-pces\\\/\"]}]},{\"@type\":\"ImageObject\",\"inLanguage\":\"ar\",\"@id\":\"https:\\\/\\\/vitablanca.ma\\\/produit\\\/compresses-pour-les-yeux-energy-hydrogel-1-paire-2-pces\\\/#primaryimage\",\"url\":\"https:\\\/\\\/vitablanca.ma\\\/wp-content\\\/uploads\\\/2025\\\/07\\\/balea-men-augenpads-energy-hydrogel-1-paar_28c297c7-bd99-4d95-ba16-685d8fa8da04.jpg\",\"contentUrl\":\"https:\\\/\\\/vitablanca.ma\\\/wp-content\\\/uploads\\\/2025\\\/07\\\/balea-men-augenpads-energy-hydrogel-1-paar_28c297c7-bd99-4d95-ba16-685d8fa8da04.jpg\",\"width\":1205,\"height\":1200},{\"@type\":\"BreadcrumbList\",\"@id\":\"https:\\\/\\\/vitablanca.ma\\\/produit\\\/compresses-pour-les-yeux-energy-hydrogel-1-paire-2-pces\\\/#breadcrumb\",\"itemListElement\":[{\"@type\":\"ListItem\",\"position\":1,\"name\":\"Home\",\"item\":\"https:\\\/\\\/vitablanca.ma\\\/\"},{\"@type\":\"ListItem\",\"position\":2,\"name\":\"Tous Les Produits\",\"item\":\"https:\\\/\\\/vitablanca.ma\\\/tous-les-produits\\\/\"},{\"@type\":\"ListItem\",\"position\":3,\"name\":\"Compresses pour les yeux Energy Hydrogel (1 paire), 2 pces\"}]},{\"@type\":\"WebSite\",\"@id\":\"https:\\\/\\\/vitablanca.ma\\\/#website\",\"url\":\"https:\\\/\\\/vitablanca.ma\\\/\",\"name\":\"VitaBlanca.ma | Compl\u00e9ments alimentaires, sant\u00e9 & beaut\u00e9 au Maroc\",\"description\":\"vendre vitamines et compl\u00e9ments premium des USA &amp; Canada, Nouvelle Z\u00e9lande,Maroc (NOW Foods, Solgar, Manuka). Livraison rapide partout au Maroc.\",\"publisher\":{\"@id\":\"https:\\\/\\\/vitablanca.ma\\\/#organization\"},\"alternateName\":\"VitaBlanca.ma\",\"potentialAction\":[{\"@type\":\"SearchAction\",\"target\":{\"@type\":\"EntryPoint\",\"urlTemplate\":\"https:\\\/\\\/vitablanca.ma\\\/?s={search_term_string}\"},\"query-input\":{\"@type\":\"PropertyValueSpecification\",\"valueRequired\":true,\"valueName\":\"search_term_string\"}}],\"inLanguage\":\"ar\"},{\"@type\":\"Organization\",\"@id\":\"https:\\\/\\\/vitablanca.ma\\\/#organization\",\"name\":\"VitaBlanca\",\"url\":\"https:\\\/\\\/vitablanca.ma\\\/\",\"logo\":{\"@type\":\"ImageObject\",\"inLanguage\":\"ar\",\"@id\":\"https:\\\/\\\/vitablanca.ma\\\/#\\\/schema\\\/logo\\\/image\\\/\",\"url\":\"https:\\\/\\\/vitablanca.ma\\\/wp-content\\\/uploads\\\/2025\\\/05\\\/cropped-vitablanca.png\",\"contentUrl\":\"https:\\\/\\\/vitablanca.ma\\\/wp-content\\\/uploads\\\/2025\\\/05\\\/cropped-vitablanca.png\",\"width\":360,\"height\":67,\"caption\":\"VitaBlanca\"},\"image\":{\"@id\":\"https:\\\/\\\/vitablanca.ma\\\/#\\\/schema\\\/logo\\\/image\\\/\"},\"sameAs\":[\"https:\\\/\\\/www.facebook.com\\\/profile.php?id=61576678196717\",\"https:\\\/\\\/www.tiktok.com\\\/@vitablanca.ma\",\"https:\\\/\\\/www.instagram.com\\\/vitablanca.ma\\\/\"]}]}<\/script>\n<!-- \/ Yoast SEO plugin. -->","yoast_head_json":{"title":"Compresses pour les Yeux Energy Hydrogel - Maroc Prix","description":"Les compresses pour les yeux Energy Hydrogel offrent hydratation, fra\u00eecheur et \u00e9nergie au contour des yeux. Id\u00e9al pour r\u00e9duire cernes, poches et fatigue,","robots":{"index":"index","follow":"follow","max-snippet":"max-snippet:-1","max-image-preview":"max-image-preview:large","max-video-preview":"max-video-preview:-1"},"canonical":"https:\/\/vitablanca.ma\/ar\/product-2\/compresses-pour-les-yeux-energy-hydrogel-1-paire-2-pces\/","og_locale":"ar_AR","og_type":"article","og_title":"Compresses pour les Yeux Energy Hydrogel - Maroc Prix","og_description":"Les compresses pour les yeux Energy Hydrogel offrent hydratation, fra\u00eecheur et \u00e9nergie au contour des yeux. Id\u00e9al pour r\u00e9duire cernes, poches et fatigue,","og_url":"https:\/\/vitablanca.ma\/ar\/product-2\/compresses-pour-les-yeux-energy-hydrogel-1-paire-2-pces\/","og_site_name":"Vitablanca.ma &ndash; Sant&eacute;, vitalit&eacute; et bien-&ecirc;tre pour tous les Marocains","article_publisher":"https:\/\/www.facebook.com\/profile.php?id=61576678196717","article_modified_time":"2026-01-30T02:13:31+00:00","og_image":[{"width":1205,"height":1200,"url":"https:\/\/vitablanca.ma\/wp-content\/uploads\/2025\/07\/balea-men-augenpads-energy-hydrogel-1-paar_28c297c7-bd99-4d95-ba16-685d8fa8da04.jpg","type":"image\/jpeg"}],"twitter_card":"summary_large_image","twitter_misc":{"\u0648\u0642\u062a \u0627\u0644\u0642\u0631\u0627\u0621\u0629 \u0627\u0644\u0645\u064f\u0642\u062f\u0651\u0631":"\u062f\u0642\u064a\u0642\u0629 \u0648\u0627\u062d\u062f\u0629"},"schema":{"@context":"https:\/\/schema.org","@graph":[{"@type":["WebPage","ItemPage"],"@id":"https:\/\/vitablanca.ma\/produit\/compresses-pour-les-yeux-energy-hydrogel-1-paire-2-pces\/","url":"https:\/\/vitablanca.ma\/produit\/compresses-pour-les-yeux-energy-hydrogel-1-paire-2-pces\/","name":"Compresses pour les Yeux Energy Hydrogel - Maroc Prix","isPartOf":{"@id":"https:\/\/vitablanca.ma\/#website"},"primaryImageOfPage":{"@id":"https:\/\/vitablanca.ma\/produit\/compresses-pour-les-yeux-energy-hydrogel-1-paire-2-pces\/#primaryimage"},"image":{"@id":"https:\/\/vitablanca.ma\/produit\/compresses-pour-les-yeux-energy-hydrogel-1-paire-2-pces\/#primaryimage"},"thumbnailUrl":"https:\/\/vitablanca.ma\/wp-content\/uploads\/2025\/07\/balea-men-augenpads-energy-hydrogel-1-paar_28c297c7-bd99-4d95-ba16-685d8fa8da04.jpg","datePublished":"2025-07-10T18:13:33+00:00","dateModified":"2026-01-30T02:13:31+00:00","description":"Les compresses pour les yeux Energy Hydrogel offrent hydratation, fra\u00eecheur et \u00e9nergie au contour des yeux. Id\u00e9al pour r\u00e9duire cernes, poches et fatigue,","breadcrumb":{"@id":"https:\/\/vitablanca.ma\/produit\/compresses-pour-les-yeux-energy-hydrogel-1-paire-2-pces\/#breadcrumb"},"inLanguage":"ar","potentialAction":[{"@type":"ReadAction","target":["https:\/\/vitablanca.ma\/produit\/compresses-pour-les-yeux-energy-hydrogel-1-paire-2-pces\/"]}]},{"@type":"ImageObject","inLanguage":"ar","@id":"https:\/\/vitablanca.ma\/produit\/compresses-pour-les-yeux-energy-hydrogel-1-paire-2-pces\/#primaryimage","url":"https:\/\/vitablanca.ma\/wp-content\/uploads\/2025\/07\/balea-men-augenpads-energy-hydrogel-1-paar_28c297c7-bd99-4d95-ba16-685d8fa8da04.jpg","contentUrl":"https:\/\/vitablanca.ma\/wp-content\/uploads\/2025\/07\/balea-men-augenpads-energy-hydrogel-1-paar_28c297c7-bd99-4d95-ba16-685d8fa8da04.jpg","width":1205,"height":1200},{"@type":"BreadcrumbList","@id":"https:\/\/vitablanca.ma\/produit\/compresses-pour-les-yeux-energy-hydrogel-1-paire-2-pces\/#breadcrumb","itemListElement":[{"@type":"ListItem","position":1,"name":"Home","item":"https:\/\/vitablanca.ma\/"},{"@type":"ListItem","position":2,"name":"Tous Les Produits","item":"https:\/\/vitablanca.ma\/tous-les-produits\/"},{"@type":"ListItem","position":3,"name":"Compresses pour les yeux Energy Hydrogel (1 paire), 2 pces"}]},{"@type":"WebSite","@id":"https:\/\/vitablanca.ma\/#website","url":"https:\/\/vitablanca.ma\/","name":"VitaBlanca.ma | \u0627\u0644\u0645\u0643\u0645\u0644\u0627\u062a \u0627\u0644\u063a\u0630\u0627\u0626\u064a\u0629\u060c \u0627\u0644\u0635\u062d\u0629 \u0648\u0627\u0644\u062c\u0645\u0627\u0644 \u0641\u064a \u0627\u0644\u0645\u063a\u0631\u0628","description":"\u0646\u0628\u064a\u0639 \u0641\u064a\u062a\u0627\u0645\u064a\u0646\u0627\u062a \u0648\u0645\u0643\u0645\u0644\u0627\u062a \u063a\u0630\u0627\u0626\u064a\u0629 \u0641\u0627\u062e\u0631\u0629 \u0645\u0646 \u0627\u0644\u0648\u0644\u0627\u064a\u0627\u062a \u0627\u0644\u0645\u062a\u062d\u062f\u0629 \u0627\u0644\u0623\u0645\u0631\u064a\u0643\u064a\u0629 \u0648\u0643\u0646\u062f\u0627 \u0648\u0646\u064a\u0648\u0632\u064a\u0644\u0646\u062f\u0627 \u0648\u0627\u0644\u0645\u063a\u0631\u0628 (\u0646\u0627\u0648 \u0641\u0648\u062f\u0632\u060c \u0633\u0648\u0644\u062c\u0627\u0631\u060c \u0645\u0627\u0646\u0648\u0643\u0627). \u062a\u0648\u0635\u064a\u0644 \u0633\u0631\u064a\u0639 \u0625\u0644\u0649 \u062c\u0645\u064a\u0639 \u0623\u0646\u062d\u0627\u0621 \u0627\u0644\u0645\u063a\u0631\u0628.","publisher":{"@id":"https:\/\/vitablanca.ma\/#organization"},"alternateName":"VitaBlanca.ma","potentialAction":[{"@type":"SearchAction","target":{"@type":"EntryPoint","urlTemplate":"https:\/\/vitablanca.ma\/?s={search_term_string}"},"query-input":{"@type":"PropertyValueSpecification","valueRequired":true,"valueName":"search_term_string"}}],"inLanguage":"ar"},{"@type":"Organization","@id":"https:\/\/vitablanca.ma\/#organization","name":"\u0641\u064a\u062a\u0627\u0628\u0644\u0627\u0646\u0643\u0627","url":"https:\/\/vitablanca.ma\/","logo":{"@type":"ImageObject","inLanguage":"ar","@id":"https:\/\/vitablanca.ma\/#\/schema\/logo\/image\/","url":"https:\/\/vitablanca.ma\/wp-content\/uploads\/2025\/05\/cropped-vitablanca.png","contentUrl":"https:\/\/vitablanca.ma\/wp-content\/uploads\/2025\/05\/cropped-vitablanca.png","width":360,"height":67,"caption":"VitaBlanca"},"image":{"@id":"https:\/\/vitablanca.ma\/#\/schema\/logo\/image\/"},"sameAs":["https:\/\/www.facebook.com\/profile.php?id=61576678196717","https:\/\/www.tiktok.com\/@vitablanca.ma","https:\/\/www.instagram.com\/vitablanca.ma\/"]}]}},"jetpack_sharing_enabled":true,"_links":{"self":[{"href":"https:\/\/vitablanca.ma\/ar\/wp-json\/wp\/v2\/product\/23527","targetHints":{"allow":["GET"]}}],"collection":[{"href":"https:\/\/vitablanca.ma\/ar\/wp-json\/wp\/v2\/product"}],"about":[{"href":"https:\/\/vitablanca.ma\/ar\/wp-json\/wp\/v2\/types\/product"}],"wp:featuredmedia":[{"embeddable":true,"href":"https:\/\/vitablanca.ma\/ar\/wp-json\/wp\/v2\/media\/23524"}],"wp:attachment":[{"href":"https:\/\/vitablanca.ma\/ar\/wp-json\/wp\/v2\/media?parent=23527"}],"wp:term":[{"taxonomy":"product_brand","embeddable":true,"href":"https:\/\/vitablanca.ma\/ar\/wp-json\/wp\/v2\/product_brand?post=23527"},{"taxonomy":"product_cat","embeddable":true,"href":"https:\/\/vitablanca.ma\/ar\/wp-json\/wp\/v2\/product_cat?post=23527"},{"taxonomy":"product_tag","embeddable":true,"href":"https:\/\/vitablanca.ma\/ar\/wp-json\/wp\/v2\/product_tag?post=23527"}],"curies":[{"name":"wp","href":"https:\/\/api.w.org\/{rel}","templated":true}]}}