{"id":23512,"date":"2025-07-10T18:13:00","date_gmt":"2025-07-10T18:13:00","guid":{"rendered":"https:\/\/vitablanca.ma\/product\/masque-en-tissu-au-retinol-1-pc\/"},"modified":"2026-01-30T02:30:39","modified_gmt":"2026-01-30T02:30:39","slug":"masque-en-tissu-au-retinol-1-pc","status":"publish","type":"product","link":"https:\/\/vitablanca.ma\/ar\/product-2\/masque-en-tissu-au-retinol-1-pc\/","title":{"rendered":"Masque en tissu au r\u00e9tinol, 1 pc"},"content":{"rendered":"<p><strong>Caract\u00e9ristiques du produit<\/strong><\/p>\n<ul>\n<li>V\u00e9g\u00e9talien, V\u00e9g\u00e9tarien<\/li>\n<li>Hydrate intens\u00e9ment la peau<\/li>\n<li>Avec du r\u00e9tinol, du phytosqualane et de la vitamine E<\/li>\n<li>\u0634\u062f \u0648\u062a\u0646\u0639\u064a\u0645<\/li>\n<\/ul>\n<p>Le masque en tissu au r\u00e9tinol de Balea contient un complexe de substances actives s\u00e9lectionn\u00e9es \u00e0 base de r\u00e9tinol, de phytosqualane, de hyaluron et de vitamine E. Il hydrate intens\u00e9ment la peau et lui conf\u00e8re une souplesse palpable. Le r\u00e9tinol et la vitamine E prot\u00e8gent la peau contre le stress antioxydant et les radicaux libres. La formule peut acc\u00e9l\u00e9rer le renouvellement cellulaire et rend le relief de la peau plus uniforme et les traits du visage plus fermes. Les rides et ridules semblent liss\u00e9es. Formule sans microplastiques ni polym\u00e8res hydrosolubles purement synth\u00e9tiques.<\/p>\n<p><strong>\u0637\u0631\u064a\u0642\u0629 \u0627\u0644\u0627\u0633\u062a\u062e\u062f\u0627\u0645<\/strong><\/p>\n<p>Sortir le masque en tissu de son emballage et l&rsquo;appliquer sur le visage nettoy\u00e9. Ajuster le masque en tissu aux contours du visage. Laisser agir 15 minutes et retirer le masque. Masser d\u00e9licatement le s\u00e9rum restant.<\/p>\n<p>&nbsp;<\/p>","protected":false},"excerpt":{"rendered":"<p>Caract\u00e9ristiques du produit V\u00e9g\u00e9talien, V\u00e9g\u00e9tarien Hydrate intens\u00e9ment la peau Avec du r\u00e9tinol, du phytosqualane et de la vitamine E Raffermissant et lissant Le masque en tissu au r\u00e9tinol de Balea contient un complexe de substances actives s\u00e9lectionn\u00e9es \u00e0 base de r\u00e9tinol, de phytosqualane, de hyaluron et de vitamine E. Il hydrate intens\u00e9ment la peau et [&hellip;]<\/p>\n","protected":false},"featured_media":23509,"template":"","meta":{"om_disable_all_campaigns":false},"product_brand":[3236],"product_cat":[18],"product_tag":[3237,3240,3238,3239,3241,6800,6803,6804,6801,6805,6802],"class_list":{"0":"post-23512","1":"product","2":"type-product","3":"status-publish","4":"has-post-thumbnail","6":"product_brand-balea-dm-prix-maroc","7":"product_cat-beaute-sante","8":"product_tag-balea","9":"product_tag-balea-dm","10":"product_tag-balea-maroc","11":"product_tag-balea-morocco","12":"product_tag-dm-maroc","13":"product_tag-masque-en-tissu-retinol","14":"product_tag-masque-hydratant","15":"product_tag-masque-peau-lisse-et-eclatante","16":"product_tag-masque-visage-anti-age","17":"product_tag-soin-express-visage","18":"product_tag-soin-visage-rides-et-ridules","20":"first","21":"instock","22":"taxable","23":"shipping-taxable","24":"purchasable","25":"product-type-simple"},"yoast_head":"<!-- This site is optimized with the Yoast SEO plugin v27.4 - https:\/\/yoast.com\/product\/yoast-seo-wordpress\/ -->\n<title>Masque en tissu au r\u00e9tinol, 1 pc - Maroc Prix<\/title>\n<meta name=\"description\" content=\"Le Masque en Tissu au R\u00e9tinol hydrate, raffermit et lisse la peau. R\u00e9duit les rides et ridules pour un visage \u00e9clatant et revitalis\u00e9. Usage pratique\" \/>\n<meta name=\"robots\" content=\"index, follow, max-snippet:-1, max-image-preview:large, max-video-preview:-1\" \/>\n<link rel=\"canonical\" href=\"https:\/\/vitablanca.ma\/ar\/product-2\/masque-en-tissu-au-retinol-1-pc\/\" \/>\n<meta property=\"og:locale\" content=\"ar_AR\" \/>\n<meta property=\"og:type\" content=\"article\" \/>\n<meta property=\"og:title\" content=\"Masque en tissu au r\u00e9tinol, 1 pc - Maroc Prix\" \/>\n<meta property=\"og:description\" content=\"Le Masque en Tissu au R\u00e9tinol hydrate, raffermit et lisse la peau. R\u00e9duit les rides et ridules pour un visage \u00e9clatant et revitalis\u00e9. Usage pratique\" \/>\n<meta property=\"og:url\" content=\"https:\/\/vitablanca.ma\/ar\/product-2\/masque-en-tissu-au-retinol-1-pc\/\" \/>\n<meta property=\"og:site_name\" content=\"Vitablanca.ma &ndash; Sant&eacute;, vitalit&eacute; et bien-&ecirc;tre pour tous les Marocains\" \/>\n<meta property=\"article:publisher\" content=\"https:\/\/www.facebook.com\/profile.php?id=61576678196717\" \/>\n<meta property=\"article:modified_time\" content=\"2026-01-30T02:30:39+00:00\" \/>\n<meta property=\"og:image\" content=\"https:\/\/vitablanca.ma\/wp-content\/uploads\/2025\/07\/balea-tuchmaske-retinol.jpg\" \/>\n\t<meta property=\"og:image:width\" content=\"1203\" \/>\n\t<meta property=\"og:image:height\" content=\"1200\" \/>\n\t<meta property=\"og:image:type\" content=\"image\/jpeg\" \/>\n<meta name=\"twitter:card\" content=\"summary_large_image\" \/>\n<meta name=\"twitter:label1\" content=\"\u0648\u0642\u062a \u0627\u0644\u0642\u0631\u0627\u0621\u0629 \u0627\u0644\u0645\u064f\u0642\u062f\u0651\u0631\" \/>\n\t<meta name=\"twitter:data1\" content=\"\u062f\u0642\u064a\u0642\u0629 \u0648\u0627\u062d\u062f\u0629\" \/>\n<script type=\"application\/ld+json\" class=\"yoast-schema-graph\">{\"@context\":\"https:\\\/\\\/schema.org\",\"@graph\":[{\"@type\":[\"WebPage\",\"ItemPage\"],\"@id\":\"https:\\\/\\\/vitablanca.ma\\\/produit\\\/masque-en-tissu-au-retinol-1-pc\\\/\",\"url\":\"https:\\\/\\\/vitablanca.ma\\\/produit\\\/masque-en-tissu-au-retinol-1-pc\\\/\",\"name\":\"Masque en tissu au r\u00e9tinol, 1 pc - Maroc Prix\",\"isPartOf\":{\"@id\":\"https:\\\/\\\/vitablanca.ma\\\/#website\"},\"primaryImageOfPage\":{\"@id\":\"https:\\\/\\\/vitablanca.ma\\\/produit\\\/masque-en-tissu-au-retinol-1-pc\\\/#primaryimage\"},\"image\":{\"@id\":\"https:\\\/\\\/vitablanca.ma\\\/produit\\\/masque-en-tissu-au-retinol-1-pc\\\/#primaryimage\"},\"thumbnailUrl\":\"https:\\\/\\\/vitablanca.ma\\\/wp-content\\\/uploads\\\/2025\\\/07\\\/balea-tuchmaske-retinol.jpg\",\"datePublished\":\"2025-07-10T18:13:00+00:00\",\"dateModified\":\"2026-01-30T02:30:39+00:00\",\"description\":\"Le Masque en Tissu au R\u00e9tinol hydrate, raffermit et lisse la peau. R\u00e9duit les rides et ridules pour un visage \u00e9clatant et revitalis\u00e9. Usage pratique\",\"breadcrumb\":{\"@id\":\"https:\\\/\\\/vitablanca.ma\\\/produit\\\/masque-en-tissu-au-retinol-1-pc\\\/#breadcrumb\"},\"inLanguage\":\"ar\",\"potentialAction\":[{\"@type\":\"ReadAction\",\"target\":[\"https:\\\/\\\/vitablanca.ma\\\/produit\\\/masque-en-tissu-au-retinol-1-pc\\\/\"]}]},{\"@type\":\"ImageObject\",\"inLanguage\":\"ar\",\"@id\":\"https:\\\/\\\/vitablanca.ma\\\/produit\\\/masque-en-tissu-au-retinol-1-pc\\\/#primaryimage\",\"url\":\"https:\\\/\\\/vitablanca.ma\\\/wp-content\\\/uploads\\\/2025\\\/07\\\/balea-tuchmaske-retinol.jpg\",\"contentUrl\":\"https:\\\/\\\/vitablanca.ma\\\/wp-content\\\/uploads\\\/2025\\\/07\\\/balea-tuchmaske-retinol.jpg\",\"width\":1203,\"height\":1200},{\"@type\":\"BreadcrumbList\",\"@id\":\"https:\\\/\\\/vitablanca.ma\\\/produit\\\/masque-en-tissu-au-retinol-1-pc\\\/#breadcrumb\",\"itemListElement\":[{\"@type\":\"ListItem\",\"position\":1,\"name\":\"Home\",\"item\":\"https:\\\/\\\/vitablanca.ma\\\/\"},{\"@type\":\"ListItem\",\"position\":2,\"name\":\"Tous Les Produits\",\"item\":\"https:\\\/\\\/vitablanca.ma\\\/tous-les-produits\\\/\"},{\"@type\":\"ListItem\",\"position\":3,\"name\":\"Masque en tissu au r\u00e9tinol, 1 pc\"}]},{\"@type\":\"WebSite\",\"@id\":\"https:\\\/\\\/vitablanca.ma\\\/#website\",\"url\":\"https:\\\/\\\/vitablanca.ma\\\/\",\"name\":\"VitaBlanca.ma | Compl\u00e9ments alimentaires, sant\u00e9 & beaut\u00e9 au Maroc\",\"description\":\"vendre vitamines et compl\u00e9ments premium des USA &amp; Canada, Nouvelle Z\u00e9lande,Maroc (NOW Foods, Solgar, Manuka). Livraison rapide partout au Maroc.\",\"publisher\":{\"@id\":\"https:\\\/\\\/vitablanca.ma\\\/#organization\"},\"alternateName\":\"VitaBlanca.ma\",\"potentialAction\":[{\"@type\":\"SearchAction\",\"target\":{\"@type\":\"EntryPoint\",\"urlTemplate\":\"https:\\\/\\\/vitablanca.ma\\\/?s={search_term_string}\"},\"query-input\":{\"@type\":\"PropertyValueSpecification\",\"valueRequired\":true,\"valueName\":\"search_term_string\"}}],\"inLanguage\":\"ar\"},{\"@type\":\"Organization\",\"@id\":\"https:\\\/\\\/vitablanca.ma\\\/#organization\",\"name\":\"VitaBlanca\",\"url\":\"https:\\\/\\\/vitablanca.ma\\\/\",\"logo\":{\"@type\":\"ImageObject\",\"inLanguage\":\"ar\",\"@id\":\"https:\\\/\\\/vitablanca.ma\\\/#\\\/schema\\\/logo\\\/image\\\/\",\"url\":\"https:\\\/\\\/vitablanca.ma\\\/wp-content\\\/uploads\\\/2025\\\/05\\\/cropped-vitablanca.png\",\"contentUrl\":\"https:\\\/\\\/vitablanca.ma\\\/wp-content\\\/uploads\\\/2025\\\/05\\\/cropped-vitablanca.png\",\"width\":360,\"height\":67,\"caption\":\"VitaBlanca\"},\"image\":{\"@id\":\"https:\\\/\\\/vitablanca.ma\\\/#\\\/schema\\\/logo\\\/image\\\/\"},\"sameAs\":[\"https:\\\/\\\/www.facebook.com\\\/profile.php?id=61576678196717\",\"https:\\\/\\\/www.tiktok.com\\\/@vitablanca.ma\",\"https:\\\/\\\/www.instagram.com\\\/vitablanca.ma\\\/\"]}]}<\/script>\n<!-- \/ Yoast SEO plugin. -->","yoast_head_json":{"title":"Masque en tissu au r\u00e9tinol, 1 pc - Maroc Prix","description":"Le Masque en Tissu au R\u00e9tinol hydrate, raffermit et lisse la peau. R\u00e9duit les rides et ridules pour un visage \u00e9clatant et revitalis\u00e9. Usage pratique","robots":{"index":"index","follow":"follow","max-snippet":"max-snippet:-1","max-image-preview":"max-image-preview:large","max-video-preview":"max-video-preview:-1"},"canonical":"https:\/\/vitablanca.ma\/ar\/product-2\/masque-en-tissu-au-retinol-1-pc\/","og_locale":"ar_AR","og_type":"article","og_title":"Masque en tissu au r\u00e9tinol, 1 pc - Maroc Prix","og_description":"Le Masque en Tissu au R\u00e9tinol hydrate, raffermit et lisse la peau. R\u00e9duit les rides et ridules pour un visage \u00e9clatant et revitalis\u00e9. Usage pratique","og_url":"https:\/\/vitablanca.ma\/ar\/product-2\/masque-en-tissu-au-retinol-1-pc\/","og_site_name":"Vitablanca.ma &ndash; Sant&eacute;, vitalit&eacute; et bien-&ecirc;tre pour tous les Marocains","article_publisher":"https:\/\/www.facebook.com\/profile.php?id=61576678196717","article_modified_time":"2026-01-30T02:30:39+00:00","og_image":[{"width":1203,"height":1200,"url":"https:\/\/vitablanca.ma\/wp-content\/uploads\/2025\/07\/balea-tuchmaske-retinol.jpg","type":"image\/jpeg"}],"twitter_card":"summary_large_image","twitter_misc":{"\u0648\u0642\u062a \u0627\u0644\u0642\u0631\u0627\u0621\u0629 \u0627\u0644\u0645\u064f\u0642\u062f\u0651\u0631":"\u062f\u0642\u064a\u0642\u0629 \u0648\u0627\u062d\u062f\u0629"},"schema":{"@context":"https:\/\/schema.org","@graph":[{"@type":["WebPage","ItemPage"],"@id":"https:\/\/vitablanca.ma\/produit\/masque-en-tissu-au-retinol-1-pc\/","url":"https:\/\/vitablanca.ma\/produit\/masque-en-tissu-au-retinol-1-pc\/","name":"Masque en tissu au r\u00e9tinol, 1 pc - Maroc Prix","isPartOf":{"@id":"https:\/\/vitablanca.ma\/#website"},"primaryImageOfPage":{"@id":"https:\/\/vitablanca.ma\/produit\/masque-en-tissu-au-retinol-1-pc\/#primaryimage"},"image":{"@id":"https:\/\/vitablanca.ma\/produit\/masque-en-tissu-au-retinol-1-pc\/#primaryimage"},"thumbnailUrl":"https:\/\/vitablanca.ma\/wp-content\/uploads\/2025\/07\/balea-tuchmaske-retinol.jpg","datePublished":"2025-07-10T18:13:00+00:00","dateModified":"2026-01-30T02:30:39+00:00","description":"Le Masque en Tissu au R\u00e9tinol hydrate, raffermit et lisse la peau. R\u00e9duit les rides et ridules pour un visage \u00e9clatant et revitalis\u00e9. Usage pratique","breadcrumb":{"@id":"https:\/\/vitablanca.ma\/produit\/masque-en-tissu-au-retinol-1-pc\/#breadcrumb"},"inLanguage":"ar","potentialAction":[{"@type":"ReadAction","target":["https:\/\/vitablanca.ma\/produit\/masque-en-tissu-au-retinol-1-pc\/"]}]},{"@type":"ImageObject","inLanguage":"ar","@id":"https:\/\/vitablanca.ma\/produit\/masque-en-tissu-au-retinol-1-pc\/#primaryimage","url":"https:\/\/vitablanca.ma\/wp-content\/uploads\/2025\/07\/balea-tuchmaske-retinol.jpg","contentUrl":"https:\/\/vitablanca.ma\/wp-content\/uploads\/2025\/07\/balea-tuchmaske-retinol.jpg","width":1203,"height":1200},{"@type":"BreadcrumbList","@id":"https:\/\/vitablanca.ma\/produit\/masque-en-tissu-au-retinol-1-pc\/#breadcrumb","itemListElement":[{"@type":"ListItem","position":1,"name":"Home","item":"https:\/\/vitablanca.ma\/"},{"@type":"ListItem","position":2,"name":"Tous Les Produits","item":"https:\/\/vitablanca.ma\/tous-les-produits\/"},{"@type":"ListItem","position":3,"name":"Masque en tissu au r\u00e9tinol, 1 pc"}]},{"@type":"WebSite","@id":"https:\/\/vitablanca.ma\/#website","url":"https:\/\/vitablanca.ma\/","name":"VitaBlanca.ma | \u0627\u0644\u0645\u0643\u0645\u0644\u0627\u062a \u0627\u0644\u063a\u0630\u0627\u0626\u064a\u0629\u060c \u0627\u0644\u0635\u062d\u0629 \u0648\u0627\u0644\u062c\u0645\u0627\u0644 \u0641\u064a \u0627\u0644\u0645\u063a\u0631\u0628","description":"\u0646\u0628\u064a\u0639 \u0641\u064a\u062a\u0627\u0645\u064a\u0646\u0627\u062a \u0648\u0645\u0643\u0645\u0644\u0627\u062a \u063a\u0630\u0627\u0626\u064a\u0629 \u0641\u0627\u062e\u0631\u0629 \u0645\u0646 \u0627\u0644\u0648\u0644\u0627\u064a\u0627\u062a \u0627\u0644\u0645\u062a\u062d\u062f\u0629 \u0627\u0644\u0623\u0645\u0631\u064a\u0643\u064a\u0629 \u0648\u0643\u0646\u062f\u0627 \u0648\u0646\u064a\u0648\u0632\u064a\u0644\u0646\u062f\u0627 \u0648\u0627\u0644\u0645\u063a\u0631\u0628 (\u0646\u0627\u0648 \u0641\u0648\u062f\u0632\u060c \u0633\u0648\u0644\u062c\u0627\u0631\u060c \u0645\u0627\u0646\u0648\u0643\u0627). \u062a\u0648\u0635\u064a\u0644 \u0633\u0631\u064a\u0639 \u0625\u0644\u0649 \u062c\u0645\u064a\u0639 \u0623\u0646\u062d\u0627\u0621 \u0627\u0644\u0645\u063a\u0631\u0628.","publisher":{"@id":"https:\/\/vitablanca.ma\/#organization"},"alternateName":"VitaBlanca.ma","potentialAction":[{"@type":"SearchAction","target":{"@type":"EntryPoint","urlTemplate":"https:\/\/vitablanca.ma\/?s={search_term_string}"},"query-input":{"@type":"PropertyValueSpecification","valueRequired":true,"valueName":"search_term_string"}}],"inLanguage":"ar"},{"@type":"Organization","@id":"https:\/\/vitablanca.ma\/#organization","name":"\u0641\u064a\u062a\u0627\u0628\u0644\u0627\u0646\u0643\u0627","url":"https:\/\/vitablanca.ma\/","logo":{"@type":"ImageObject","inLanguage":"ar","@id":"https:\/\/vitablanca.ma\/#\/schema\/logo\/image\/","url":"https:\/\/vitablanca.ma\/wp-content\/uploads\/2025\/05\/cropped-vitablanca.png","contentUrl":"https:\/\/vitablanca.ma\/wp-content\/uploads\/2025\/05\/cropped-vitablanca.png","width":360,"height":67,"caption":"VitaBlanca"},"image":{"@id":"https:\/\/vitablanca.ma\/#\/schema\/logo\/image\/"},"sameAs":["https:\/\/www.facebook.com\/profile.php?id=61576678196717","https:\/\/www.tiktok.com\/@vitablanca.ma","https:\/\/www.instagram.com\/vitablanca.ma\/"]}]}},"jetpack_sharing_enabled":true,"_links":{"self":[{"href":"https:\/\/vitablanca.ma\/ar\/wp-json\/wp\/v2\/product\/23512","targetHints":{"allow":["GET"]}}],"collection":[{"href":"https:\/\/vitablanca.ma\/ar\/wp-json\/wp\/v2\/product"}],"about":[{"href":"https:\/\/vitablanca.ma\/ar\/wp-json\/wp\/v2\/types\/product"}],"wp:featuredmedia":[{"embeddable":true,"href":"https:\/\/vitablanca.ma\/ar\/wp-json\/wp\/v2\/media\/23509"}],"wp:attachment":[{"href":"https:\/\/vitablanca.ma\/ar\/wp-json\/wp\/v2\/media?parent=23512"}],"wp:term":[{"taxonomy":"product_brand","embeddable":true,"href":"https:\/\/vitablanca.ma\/ar\/wp-json\/wp\/v2\/product_brand?post=23512"},{"taxonomy":"product_cat","embeddable":true,"href":"https:\/\/vitablanca.ma\/ar\/wp-json\/wp\/v2\/product_cat?post=23512"},{"taxonomy":"product_tag","embeddable":true,"href":"https:\/\/vitablanca.ma\/ar\/wp-json\/wp\/v2\/product_tag?post=23512"}],"curies":[{"name":"wp","href":"https:\/\/api.w.org\/{rel}","templated":true}]}}