{"id":23499,"date":"2025-07-10T18:12:32","date_gmt":"2025-07-10T18:12:32","guid":{"rendered":"https:\/\/vitablanca.ma\/product\/lotion-exfoliante-pour-le-corps-beauty-expert-5-aha-200-ml\/"},"modified":"2026-04-11T16:14:22","modified_gmt":"2026-04-11T16:14:22","slug":"lotion-exfoliante-pour-le-corps-beauty-expert-5-aha-200-ml","status":"publish","type":"product","link":"https:\/\/vitablanca.ma\/ar\/product-2\/lotion-exfoliante-pour-le-corps-beauty-expert-5-aha-200-ml\/","title":{"rendered":"Balea DM Lotion exfoliante pour le corps Beauty Expert 5% AHA, 200 ml"},"content":{"rendered":"<ul data-mce-fragment=\"1\">\n<li data-mce-fragment=\"1\">Type de peau : Normale<\/li>\n<li data-mce-fragment=\"1\">\u062e\u0635\u0627\u0626\u0635 \u0627\u0644\u0645\u0646\u062a\u062c: \u0646\u0628\u0627\u062a\u064a<\/li>\n<li data-mce-fragment=\"1\">\u062e\u0627\u0644\u064a \u0645\u0646 \u0627\u0644\u0639\u0637\u0648\u0631<\/li>\n<li data-mce-fragment=\"1\">Avec 5 % d\u2019AHA<\/li>\n<li data-mce-fragment=\"1\">\u00c9limine en douceur les cellules mortes et hydrate la peau<\/li>\n<li data-mce-fragment=\"1\">Convient aux soi-disant jambes en fraise et \u00e0 la peau en friction<\/li>\n<li data-mce-fragment=\"1\">Tube fabriqu\u00e9 \u00e0 partir de 70% de mat\u00e9riaux recycl\u00e9s (sans bouchon)<\/li>\n<\/ul>\n<p data-mce-fragment=\"1\">La lotion exfoliante pour le corps Balea Beauty Expert avec 5% d\u2019AHA \u00e9limine en douceur les cellules mortes de la peau. La formulation sans parfum \u00e0 base d\u2019acide glycolique et de complexe AHA hydrate en outre la peau et lui conf\u00e8re un grain de peau plus fin et plus lisse. En cas d\u2019utilisation r\u00e9guli\u00e8re, la peau est sensiblement plus douce et plus souple.<\/p>\n<p data-mce-fragment=\"1\">Formule sans microplastiques ni polym\u00e8res purement synth\u00e9tiques solubles dans l\u2019eau.<\/p>","protected":false},"excerpt":{"rendered":"<p>Type de peau : Normale Propri\u00e9t\u00e9s du produit : V\u00e9g\u00e9talien Sans parfum Avec 5 % d\u2019AHA \u00c9limine en douceur les cellules mortes et hydrate la peau Convient aux soi-disant jambes en fraise et \u00e0 la peau en friction Tube fabriqu\u00e9 \u00e0 partir de 70% de mat\u00e9riaux recycl\u00e9s (sans bouchon) La lotion exfoliante pour le corps [&hellip;]<\/p>\n","protected":false},"featured_media":23496,"template":"","meta":{"om_disable_all_campaigns":false},"product_brand":[3236],"product_cat":[18],"product_tag":[3237,3240,3238,3239,6267,3241,6813,6811,6270,6276,6810,6302,6268,6812,6304],"class_list":{"0":"post-23499","1":"product","2":"type-product","3":"status-publish","4":"has-post-thumbnail","6":"product_brand-balea-dm-prix-maroc","7":"product_cat-beaute-sante","8":"product_tag-balea","9":"product_tag-balea-dm","10":"product_tag-balea-maroc","11":"product_tag-balea-morocco","12":"product_tag-beauty-expert","13":"product_tag-dm-maroc","14":"product_tag-eclat-naturel","15":"product_tag-exfoliant-aha","16":"product_tag-exfoliation-douce","17":"product_tag-hydratation","18":"product_tag-lotion-corps","19":"product_tag-peau-douce","20":"product_tag-peau-lisse","21":"product_tag-renouvellement-cellulaire","22":"product_tag-soin-corps","24":"first","25":"instock","26":"taxable","27":"shipping-taxable","28":"purchasable","29":"product-type-simple"},"yoast_head":"<!-- This site is optimized with the Yoast SEO plugin v27.6 - https:\/\/yoast.com\/product\/yoast-seo-wordpress\/ -->\n<title>Balea Lotion exfoliante pour le corps Beauty 200 ml - Maroc Prix<\/title>\n<meta name=\"description\" content=\"La Lotion Exfoliante Beauty Expert 5% AHA Balea DM \u00e9limine les cellules mortes, lisse et revitalise la peau. Id\u00e9al pour un soin corporel doux et efficace,\" \/>\n<meta name=\"robots\" content=\"index, follow, max-snippet:-1, max-image-preview:large, max-video-preview:-1\" \/>\n<link rel=\"canonical\" href=\"https:\/\/vitablanca.ma\/ar\/product-2\/lotion-exfoliante-pour-le-corps-beauty-expert-5-aha-200-ml\/\" \/>\n<meta property=\"og:locale\" content=\"ar_AR\" \/>\n<meta property=\"og:type\" content=\"article\" \/>\n<meta property=\"og:title\" content=\"Balea Lotion exfoliante pour le corps Beauty 200 ml - Maroc Prix\" \/>\n<meta property=\"og:description\" content=\"La Lotion Exfoliante Beauty Expert 5% AHA Balea DM \u00e9limine les cellules mortes, lisse et revitalise la peau. Id\u00e9al pour un soin corporel doux et efficace,\" \/>\n<meta property=\"og:url\" content=\"https:\/\/vitablanca.ma\/ar\/product-2\/lotion-exfoliante-pour-le-corps-beauty-expert-5-aha-200-ml\/\" \/>\n<meta property=\"og:site_name\" content=\"Vitablanca.ma &ndash; Sant&eacute;, vitalit&eacute; et bien-&ecirc;tre pour tous les Marocains\" \/>\n<meta property=\"article:publisher\" content=\"https:\/\/www.facebook.com\/profile.php?id=61576678196717\" \/>\n<meta property=\"article:modified_time\" content=\"2026-04-11T16:14:22+00:00\" \/>\n<meta property=\"og:image\" content=\"https:\/\/vitablanca.ma\/wp-content\/uploads\/2025\/07\/4058172862939-3225365.png\" \/>\n\t<meta property=\"og:image:width\" content=\"1200\" \/>\n\t<meta property=\"og:image:height\" content=\"1200\" \/>\n\t<meta property=\"og:image:type\" content=\"image\/png\" \/>\n<meta name=\"twitter:card\" content=\"summary_large_image\" \/>\n<meta name=\"twitter:label1\" content=\"\u0648\u0642\u062a \u0627\u0644\u0642\u0631\u0627\u0621\u0629 \u0627\u0644\u0645\u064f\u0642\u062f\u0651\u0631\" \/>\n\t<meta name=\"twitter:data1\" content=\"\u062f\u0642\u064a\u0642\u0629 \u0648\u0627\u062d\u062f\u0629\" \/>\n<script type=\"application\/ld+json\" class=\"yoast-schema-graph\">{\"@context\":\"https:\\\/\\\/schema.org\",\"@graph\":[{\"@type\":[\"WebPage\",\"ItemPage\"],\"@id\":\"https:\\\/\\\/vitablanca.ma\\\/produit\\\/lotion-exfoliante-pour-le-corps-beauty-expert-5-aha-200-ml\\\/\",\"url\":\"https:\\\/\\\/vitablanca.ma\\\/produit\\\/lotion-exfoliante-pour-le-corps-beauty-expert-5-aha-200-ml\\\/\",\"name\":\"Balea Lotion exfoliante pour le corps Beauty 200 ml - Maroc Prix\",\"isPartOf\":{\"@id\":\"https:\\\/\\\/vitablanca.ma\\\/#website\"},\"primaryImageOfPage\":{\"@id\":\"https:\\\/\\\/vitablanca.ma\\\/produit\\\/lotion-exfoliante-pour-le-corps-beauty-expert-5-aha-200-ml\\\/#primaryimage\"},\"image\":{\"@id\":\"https:\\\/\\\/vitablanca.ma\\\/produit\\\/lotion-exfoliante-pour-le-corps-beauty-expert-5-aha-200-ml\\\/#primaryimage\"},\"thumbnailUrl\":\"https:\\\/\\\/vitablanca.ma\\\/wp-content\\\/uploads\\\/2025\\\/07\\\/4058172862939-3225365.png\",\"datePublished\":\"2025-07-10T18:12:32+00:00\",\"dateModified\":\"2026-04-11T16:14:22+00:00\",\"description\":\"La Lotion Exfoliante Beauty Expert 5% AHA Balea DM \u00e9limine les cellules mortes, lisse et revitalise la peau. Id\u00e9al pour un soin corporel doux et efficace,\",\"breadcrumb\":{\"@id\":\"https:\\\/\\\/vitablanca.ma\\\/produit\\\/lotion-exfoliante-pour-le-corps-beauty-expert-5-aha-200-ml\\\/#breadcrumb\"},\"inLanguage\":\"ar\",\"potentialAction\":[{\"@type\":\"ReadAction\",\"target\":[\"https:\\\/\\\/vitablanca.ma\\\/produit\\\/lotion-exfoliante-pour-le-corps-beauty-expert-5-aha-200-ml\\\/\"]}]},{\"@type\":\"ImageObject\",\"inLanguage\":\"ar\",\"@id\":\"https:\\\/\\\/vitablanca.ma\\\/produit\\\/lotion-exfoliante-pour-le-corps-beauty-expert-5-aha-200-ml\\\/#primaryimage\",\"url\":\"https:\\\/\\\/vitablanca.ma\\\/wp-content\\\/uploads\\\/2025\\\/07\\\/4058172862939-3225365.png\",\"contentUrl\":\"https:\\\/\\\/vitablanca.ma\\\/wp-content\\\/uploads\\\/2025\\\/07\\\/4058172862939-3225365.png\",\"width\":1200,\"height\":1200},{\"@type\":\"BreadcrumbList\",\"@id\":\"https:\\\/\\\/vitablanca.ma\\\/produit\\\/lotion-exfoliante-pour-le-corps-beauty-expert-5-aha-200-ml\\\/#breadcrumb\",\"itemListElement\":[{\"@type\":\"ListItem\",\"position\":1,\"name\":\"Home\",\"item\":\"https:\\\/\\\/vitablanca.ma\\\/\"},{\"@type\":\"ListItem\",\"position\":2,\"name\":\"Tous Les Produits\",\"item\":\"https:\\\/\\\/vitablanca.ma\\\/tous-les-produits\\\/\"},{\"@type\":\"ListItem\",\"position\":3,\"name\":\"Balea DM Lotion exfoliante pour le corps Beauty Expert 5% AHA, 200 ml\"}]},{\"@type\":\"WebSite\",\"@id\":\"https:\\\/\\\/vitablanca.ma\\\/#website\",\"url\":\"https:\\\/\\\/vitablanca.ma\\\/\",\"name\":\"VitaBlanca.ma | Compl\u00e9ments alimentaires, sant\u00e9 & beaut\u00e9 au Maroc\",\"description\":\"vendre vitamines et compl\u00e9ments premium des USA &amp; Canada, Nouvelle Z\u00e9lande,Maroc (NOW Foods, Solgar, Manuka). Livraison rapide partout au Maroc.\",\"publisher\":{\"@id\":\"https:\\\/\\\/vitablanca.ma\\\/#organization\"},\"alternateName\":\"VitaBlanca.ma\",\"potentialAction\":[{\"@type\":\"SearchAction\",\"target\":{\"@type\":\"EntryPoint\",\"urlTemplate\":\"https:\\\/\\\/vitablanca.ma\\\/?s={search_term_string}\"},\"query-input\":{\"@type\":\"PropertyValueSpecification\",\"valueRequired\":true,\"valueName\":\"search_term_string\"}}],\"inLanguage\":\"ar\"},{\"@type\":\"Organization\",\"@id\":\"https:\\\/\\\/vitablanca.ma\\\/#organization\",\"name\":\"VitaBlanca\",\"url\":\"https:\\\/\\\/vitablanca.ma\\\/\",\"logo\":{\"@type\":\"ImageObject\",\"inLanguage\":\"ar\",\"@id\":\"https:\\\/\\\/vitablanca.ma\\\/#\\\/schema\\\/logo\\\/image\\\/\",\"url\":\"https:\\\/\\\/vitablanca.ma\\\/wp-content\\\/uploads\\\/2025\\\/05\\\/cropped-vitablanca.png\",\"contentUrl\":\"https:\\\/\\\/vitablanca.ma\\\/wp-content\\\/uploads\\\/2025\\\/05\\\/cropped-vitablanca.png\",\"width\":360,\"height\":67,\"caption\":\"VitaBlanca\"},\"image\":{\"@id\":\"https:\\\/\\\/vitablanca.ma\\\/#\\\/schema\\\/logo\\\/image\\\/\"},\"sameAs\":[\"https:\\\/\\\/www.facebook.com\\\/profile.php?id=61576678196717\",\"https:\\\/\\\/www.tiktok.com\\\/@vitablanca.ma\",\"https:\\\/\\\/www.instagram.com\\\/vitablanca.ma\\\/\"]}]}<\/script>\n<!-- \/ Yoast SEO plugin. -->","yoast_head_json":{"title":"Balea Lotion exfoliante pour le corps Beauty 200 ml - Maroc Prix","description":"La Lotion Exfoliante Beauty Expert 5% AHA Balea DM \u00e9limine les cellules mortes, lisse et revitalise la peau. Id\u00e9al pour un soin corporel doux et efficace,","robots":{"index":"index","follow":"follow","max-snippet":"max-snippet:-1","max-image-preview":"max-image-preview:large","max-video-preview":"max-video-preview:-1"},"canonical":"https:\/\/vitablanca.ma\/ar\/product-2\/lotion-exfoliante-pour-le-corps-beauty-expert-5-aha-200-ml\/","og_locale":"ar_AR","og_type":"article","og_title":"Balea Lotion exfoliante pour le corps Beauty 200 ml - Maroc Prix","og_description":"La Lotion Exfoliante Beauty Expert 5% AHA Balea DM \u00e9limine les cellules mortes, lisse et revitalise la peau. Id\u00e9al pour un soin corporel doux et efficace,","og_url":"https:\/\/vitablanca.ma\/ar\/product-2\/lotion-exfoliante-pour-le-corps-beauty-expert-5-aha-200-ml\/","og_site_name":"Vitablanca.ma &ndash; Sant&eacute;, vitalit&eacute; et bien-&ecirc;tre pour tous les Marocains","article_publisher":"https:\/\/www.facebook.com\/profile.php?id=61576678196717","article_modified_time":"2026-04-11T16:14:22+00:00","og_image":[{"width":1200,"height":1200,"url":"https:\/\/vitablanca.ma\/wp-content\/uploads\/2025\/07\/4058172862939-3225365.png","type":"image\/png"}],"twitter_card":"summary_large_image","twitter_misc":{"\u0648\u0642\u062a \u0627\u0644\u0642\u0631\u0627\u0621\u0629 \u0627\u0644\u0645\u064f\u0642\u062f\u0651\u0631":"\u062f\u0642\u064a\u0642\u0629 \u0648\u0627\u062d\u062f\u0629"},"schema":{"@context":"https:\/\/schema.org","@graph":[{"@type":["WebPage","ItemPage"],"@id":"https:\/\/vitablanca.ma\/produit\/lotion-exfoliante-pour-le-corps-beauty-expert-5-aha-200-ml\/","url":"https:\/\/vitablanca.ma\/produit\/lotion-exfoliante-pour-le-corps-beauty-expert-5-aha-200-ml\/","name":"Balea Lotion exfoliante pour le corps Beauty 200 ml - Maroc Prix","isPartOf":{"@id":"https:\/\/vitablanca.ma\/#website"},"primaryImageOfPage":{"@id":"https:\/\/vitablanca.ma\/produit\/lotion-exfoliante-pour-le-corps-beauty-expert-5-aha-200-ml\/#primaryimage"},"image":{"@id":"https:\/\/vitablanca.ma\/produit\/lotion-exfoliante-pour-le-corps-beauty-expert-5-aha-200-ml\/#primaryimage"},"thumbnailUrl":"https:\/\/vitablanca.ma\/wp-content\/uploads\/2025\/07\/4058172862939-3225365.png","datePublished":"2025-07-10T18:12:32+00:00","dateModified":"2026-04-11T16:14:22+00:00","description":"La Lotion Exfoliante Beauty Expert 5% AHA Balea DM \u00e9limine les cellules mortes, lisse et revitalise la peau. Id\u00e9al pour un soin corporel doux et efficace,","breadcrumb":{"@id":"https:\/\/vitablanca.ma\/produit\/lotion-exfoliante-pour-le-corps-beauty-expert-5-aha-200-ml\/#breadcrumb"},"inLanguage":"ar","potentialAction":[{"@type":"ReadAction","target":["https:\/\/vitablanca.ma\/produit\/lotion-exfoliante-pour-le-corps-beauty-expert-5-aha-200-ml\/"]}]},{"@type":"ImageObject","inLanguage":"ar","@id":"https:\/\/vitablanca.ma\/produit\/lotion-exfoliante-pour-le-corps-beauty-expert-5-aha-200-ml\/#primaryimage","url":"https:\/\/vitablanca.ma\/wp-content\/uploads\/2025\/07\/4058172862939-3225365.png","contentUrl":"https:\/\/vitablanca.ma\/wp-content\/uploads\/2025\/07\/4058172862939-3225365.png","width":1200,"height":1200},{"@type":"BreadcrumbList","@id":"https:\/\/vitablanca.ma\/produit\/lotion-exfoliante-pour-le-corps-beauty-expert-5-aha-200-ml\/#breadcrumb","itemListElement":[{"@type":"ListItem","position":1,"name":"Home","item":"https:\/\/vitablanca.ma\/"},{"@type":"ListItem","position":2,"name":"Tous Les Produits","item":"https:\/\/vitablanca.ma\/tous-les-produits\/"},{"@type":"ListItem","position":3,"name":"Balea DM Lotion exfoliante pour le corps Beauty Expert 5% AHA, 200 ml"}]},{"@type":"WebSite","@id":"https:\/\/vitablanca.ma\/#website","url":"https:\/\/vitablanca.ma\/","name":"VitaBlanca.ma | \u0627\u0644\u0645\u0643\u0645\u0644\u0627\u062a \u0627\u0644\u063a\u0630\u0627\u0626\u064a\u0629\u060c \u0627\u0644\u0635\u062d\u0629 \u0648\u0627\u0644\u062c\u0645\u0627\u0644 \u0641\u064a \u0627\u0644\u0645\u063a\u0631\u0628","description":"\u0646\u0628\u064a\u0639 \u0641\u064a\u062a\u0627\u0645\u064a\u0646\u0627\u062a \u0648\u0645\u0643\u0645\u0644\u0627\u062a \u063a\u0630\u0627\u0626\u064a\u0629 \u0641\u0627\u062e\u0631\u0629 \u0645\u0646 \u0627\u0644\u0648\u0644\u0627\u064a\u0627\u062a \u0627\u0644\u0645\u062a\u062d\u062f\u0629 \u0627\u0644\u0623\u0645\u0631\u064a\u0643\u064a\u0629 \u0648\u0643\u0646\u062f\u0627 \u0648\u0646\u064a\u0648\u0632\u064a\u0644\u0646\u062f\u0627 \u0648\u0627\u0644\u0645\u063a\u0631\u0628 (\u0646\u0627\u0648 \u0641\u0648\u062f\u0632\u060c \u0633\u0648\u0644\u062c\u0627\u0631\u060c \u0645\u0627\u0646\u0648\u0643\u0627). \u062a\u0648\u0635\u064a\u0644 \u0633\u0631\u064a\u0639 \u0625\u0644\u0649 \u062c\u0645\u064a\u0639 \u0623\u0646\u062d\u0627\u0621 \u0627\u0644\u0645\u063a\u0631\u0628.","publisher":{"@id":"https:\/\/vitablanca.ma\/#organization"},"alternateName":"VitaBlanca.ma","potentialAction":[{"@type":"SearchAction","target":{"@type":"EntryPoint","urlTemplate":"https:\/\/vitablanca.ma\/?s={search_term_string}"},"query-input":{"@type":"PropertyValueSpecification","valueRequired":true,"valueName":"search_term_string"}}],"inLanguage":"ar"},{"@type":"Organization","@id":"https:\/\/vitablanca.ma\/#organization","name":"\u0641\u064a\u062a\u0627\u0628\u0644\u0627\u0646\u0643\u0627","url":"https:\/\/vitablanca.ma\/","logo":{"@type":"ImageObject","inLanguage":"ar","@id":"https:\/\/vitablanca.ma\/#\/schema\/logo\/image\/","url":"https:\/\/vitablanca.ma\/wp-content\/uploads\/2025\/05\/cropped-vitablanca.png","contentUrl":"https:\/\/vitablanca.ma\/wp-content\/uploads\/2025\/05\/cropped-vitablanca.png","width":360,"height":67,"caption":"VitaBlanca"},"image":{"@id":"https:\/\/vitablanca.ma\/#\/schema\/logo\/image\/"},"sameAs":["https:\/\/www.facebook.com\/profile.php?id=61576678196717","https:\/\/www.tiktok.com\/@vitablanca.ma","https:\/\/www.instagram.com\/vitablanca.ma\/"]}]}},"jetpack_sharing_enabled":true,"_links":{"self":[{"href":"https:\/\/vitablanca.ma\/ar\/wp-json\/wp\/v2\/product\/23499","targetHints":{"allow":["GET"]}}],"collection":[{"href":"https:\/\/vitablanca.ma\/ar\/wp-json\/wp\/v2\/product"}],"about":[{"href":"https:\/\/vitablanca.ma\/ar\/wp-json\/wp\/v2\/types\/product"}],"wp:featuredmedia":[{"embeddable":true,"href":"https:\/\/vitablanca.ma\/ar\/wp-json\/wp\/v2\/media\/23496"}],"wp:attachment":[{"href":"https:\/\/vitablanca.ma\/ar\/wp-json\/wp\/v2\/media?parent=23499"}],"wp:term":[{"taxonomy":"product_brand","embeddable":true,"href":"https:\/\/vitablanca.ma\/ar\/wp-json\/wp\/v2\/product_brand?post=23499"},{"taxonomy":"product_cat","embeddable":true,"href":"https:\/\/vitablanca.ma\/ar\/wp-json\/wp\/v2\/product_cat?post=23499"},{"taxonomy":"product_tag","embeddable":true,"href":"https:\/\/vitablanca.ma\/ar\/wp-json\/wp\/v2\/product_tag?post=23499"}],"curies":[{"name":"wp","href":"https:\/\/api.w.org\/{rel}","templated":true}]}}