{"id":23491,"date":"2025-07-10T18:12:01","date_gmt":"2025-07-10T18:12:01","guid":{"rendered":"https:\/\/vitablanca.ma\/product\/pack-balea-men-power-effect\/"},"modified":"2026-01-30T02:46:56","modified_gmt":"2026-01-30T02:46:56","slug":"pack-balea-men-power-effect","status":"publish","type":"product","link":"https:\/\/vitablanca.ma\/ar\/product-2\/pack-balea-men-power-effect\/","title":{"rendered":"Pack Balea Men Power Effect"},"content":{"rendered":"<p><strong>Shampooing \u00e0 la caf\u00e9ine Power Effect, 250 ml<\/strong><\/p>\n<ul>\n<li>\u0646\u0648\u0639 \u0627\u0644\u0634\u0639\u0631: \u062a\u0633\u0627\u0642\u0637 \u0627\u0644\u0634\u0639\u0631<\/li>\n<li>Effet:Contre la chute des cheveux, soin<\/li>\n<li>Caract\u00e9ristiques du produit:Sans alcool, Sans silicone, V\u00e9g\u00e9talien<\/li>\n<li>\u0634\u0627\u0645\u0628\u0648 \u0646\u0628\u0627\u062a\u064a<\/li>\n<li>\u064a\u0642\u0648\u064a \u062c\u0630\u0648\u0631 \u0627\u0644\u0634\u0639\u0631 \u0627\u0644\u0636\u0639\u064a\u0641\u0629<\/li>\n<li>\u0644\u0634\u0639\u0631 \u0623\u0642\u0648\u0649 \u0648\u0623\u0643\u062b\u0631 \u0643\u062b\u0627\u0641\u0629<\/li>\n<li>\u0645\u062c\u0645\u0639 \u0645\u0646 \u0627\u0644\u0645\u0648\u0627\u062f \u0627\u0644\u0641\u0639\u0627\u0644\u0629 \u0645\u0639 \u0627\u0644\u0643\u0627\u0641\u064a\u064a\u0646<\/li>\n<li>\u062e\u0627\u0644\u064a \u0645\u0646 \u0627\u0644\u0633\u064a\u0644\u064a\u0643\u0648\u0646 \u0648\u0627\u0644\u0628\u0644\u0627\u0633\u062a\u064a\u0643 \u0627\u0644\u062f\u0642\u064a\u0642<\/li>\n<\/ul>\n<p>&nbsp;<\/p>\n<p>\u0634\u0627\u0645\u0628\u0648 \u0628\u0627\u0644\u064a\u0627 \u0644\u0644\u0631\u062c\u0627\u0644 \u0628\u0627\u0648\u0631 \u0625\u064a\u0641\u0643\u062a \u0628\u0627\u0644\u0643\u0627\u0641\u064a\u064a\u0646 \u064a\u064f\u0643\u0627\u0641\u062d \u062a\u0633\u0627\u0642\u0637 \u0627\u0644\u0634\u0639\u0631 \u0628\u0641\u0639\u0627\u0644\u064a\u0629 \u0628\u0641\u0636\u0644 \u0627\u0644\u0643\u0627\u0641\u064a\u064a\u0646 \u0648\u0627\u0644\u0625\u0646\u0632\u064a\u0645 \u0627\u0644\u0645\u0633\u0627\u0639\u062f Q10. \u062a\u062a\u063a\u0644\u063a\u0644 \u0645\u0643\u0648\u0646\u0627\u062a\u0647 \u0627\u0644\u0641\u0639\u0627\u0644\u0629 \u0639\u0627\u0644\u064a\u0629 \u0627\u0644\u062c\u0648\u062f\u0629 \u0641\u064a \u0623\u0639\u0645\u0627\u0642 \u0627\u0644\u0634\u0639\u0631\u060c \u0645\u0645\u0627 \u064a\u064f\u0633\u0627\u0639\u062f \u0639\u0644\u0649 \u0645\u0646\u0639 \u062a\u0633\u0627\u0642\u0637 \u0627\u0644\u0634\u0639\u0631 \u0627\u0644\u0648\u0631\u0627\u062b\u064a. \u0639\u0644\u0627\u0648\u0629 \u0639\u0644\u0649 \u0630\u0644\u0643\u060c \u064a\u062a\u0645\u064a\u0632 \u0628\u0642\u0648\u0627\u0645 \u062e\u0627\u0644\u064d \u0645\u0646 \u0627\u0644\u062c\u0632\u064a\u0626\u0627\u062a \u0627\u0644\u0628\u0644\u0627\u0633\u062a\u064a\u0643\u064a\u0629 \u0627\u0644\u062f\u0642\u064a\u0642\u0629\u060c \u0645\u0645\u0627 \u064a\u062c\u0639\u0644\u0647 \u0627\u0644\u0634\u0627\u0645\u0628\u0648 \u0627\u0644\u0623\u0645\u062b\u0644 \u0644\u0634\u0639\u0631 \u0623\u0642\u0648\u0649 \u0648\u0623\u0643\u062b\u0631 \u0643\u062b\u0627\u0641\u0629.<\/p>\n<p><strong>Serum capillaire Power Effect Coffein Boost, 150 ml<\/strong><\/p>\n<ul>\n<li>\u0646\u0648\u0639 \u0627\u0644\u0634\u0639\u0631: \u062a\u0633\u0627\u0642\u0637 \u0627\u0644\u0634\u0639\u0631<\/li>\n<li>\u0627\u0644\u062a\u0623\u062b\u064a\u0631: \u0636\u062f \u062a\u0633\u0627\u0642\u0637 \u0627\u0644\u0634\u0639\u0631\u060c \u0627\u0644\u0639\u0644\u0627\u062c<\/li>\n<li>\u062e\u0635\u0627\u0626\u0635 \u0627\u0644\u0645\u0646\u062a\u062c: \u062e\u0627\u0644\u064a \u0645\u0646 \u0627\u0644\u0633\u064a\u0644\u064a\u0643\u0648\u0646\u060c \u062e\u0627\u0644\u064a \u0645\u0646 \u0627\u0644\u0643\u0628\u0631\u064a\u062a\u0627\u062a\u060c \u0646\u0628\u0627\u062a\u064a<\/li>\n<li>\u0627\u0644\u0645\u0633\u0627\u0639\u062f\u0629 \u0641\u064a \u0639\u0644\u0627\u062c \u062a\u0633\u0627\u0642\u0637 \u0627\u0644\u0634\u0639\u0631 \u0627\u0644\u0648\u0631\u0627\u062b\u064a<\/li>\n<li>\u0645\u0639 \u0645\u062c\u0645\u0648\u0639\u0629 \u0641\u0631\u064a\u062f\u0629 \u0645\u0646 \u0627\u0644\u0645\u0648\u0627\u062f \u0627\u0644\u0641\u0639\u0627\u0644\u0629 \u0627\u0644\u062a\u064a \u062a\u0639\u062a\u0645\u062f \u0639\u0644\u0649 \u0627\u0644\u0643\u0627\u0641\u064a\u064a\u0646 \u0648RootBio Tec<\/li>\n<li>\u064a\u062a\u063a\u0644\u063a\u0644 \u0641\u064a \u062c\u0630\u0648\u0631 \u0627\u0644\u0634\u0639\u0631 \u0648\u064a\u0642\u0648\u064a\u0647\u0627 \u0645\u0646 \u0627\u0644\u062f\u0627\u062e\u0644<\/li>\n<li>\u064a\u0639\u0645\u0644 \u0627\u0644\u0628\u0627\u0646\u062b\u064a\u0646\u0648\u0644 \u0639\u0644\u0649 \u0634\u0641\u0627\u0621 \u0641\u0631\u0648\u0629 \u0627\u0644\u0631\u0623\u0633 \u0648\u0625\u0646\u0639\u0627\u0634\u0647\u0627<\/li>\n<li>\u062e\u0627\u0644\u064a\u0629 \u0645\u0646 \u0627\u0644\u0645\u0648\u0627\u062f \u0627\u0644\u0628\u0644\u0627\u0633\u062a\u064a\u0643\u064a\u0629 \u0627\u0644\u062f\u0642\u064a\u0642\u0629 \u0648\u0627\u0644\u0628\u0648\u0644\u064a\u0645\u0631\u0627\u062a \u0627\u0644\u0627\u0635\u0637\u0646\u0627\u0639\u064a\u0629 \u0627\u0644\u0642\u0627\u0628\u0644\u0629 \u0644\u0644\u0630\u0648\u0628\u0627\u0646 \u0641\u064a \u0627\u0644\u0645\u0627\u0621<\/li>\n<\/ul>\n<p>\u0647\u0644 \u062a\u0639\u0627\u0646\u064a \u0645\u0646 \u062a\u0633\u0627\u0642\u0637 \u0627\u0644\u0634\u0639\u0631 \u0627\u0644\u0648\u0631\u0627\u062b\u064a\u061f \u064a\u064f\u0633\u0627\u0639\u062f\u0643 \u062a\u0648\u0646\u064a\u0643 &quot;\u0628\u0627\u0648\u0631 \u0625\u064a\u0641\u0643\u062a \u0643\u0648\u0641\u064a \u0628\u0648\u0633\u062a \u062a\u0648\u0646\u064a\u0643&quot; \u0645\u0646 \u0628\u0627\u0644\u064a\u0627 \u0644\u0644\u0631\u062c\u0627\u0644 \u0639\u0644\u0649 \u062a\u0642\u0644\u064a\u0644 \u062a\u0633\u0627\u0642\u0637 \u0627\u0644\u0634\u0639\u0631. \u062a\u0631\u0643\u064a\u0628\u0629 \u0627\u0644\u0643\u0627\u0641\u064a\u064a\u0646 \u0648\u062a\u0642\u0646\u064a\u0629 \u0631\u0648\u062a\u0628\u064a\u0648 \u062a\u064a\u0643 \u0627\u0644\u0641\u0631\u064a\u062f\u0629 \u062a\u062a\u063a\u0644\u063a\u0644 \u0628\u0639\u0645\u0642 \u0641\u064a \u062c\u0630\u0648\u0631 \u0627\u0644\u0634\u0639\u0631 \u0648\u062a\u064f\u0642\u0648\u064a\u0647\u0627 \u0644\u0645\u0646\u0639 \u062a\u0633\u0627\u0642\u0637\u0647.* \u062a\u062d\u062a\u0648\u064a \u062a\u0631\u0643\u064a\u0628\u062a\u0647 \u0627\u0644\u0642\u0648\u064a\u0629 \u0639\u0644\u0649 \u0627\u0644\u0628\u0627\u0646\u062b\u064a\u0646\u0648\u0644\u060c \u0645\u0645\u0627 \u064a\u0636\u0645\u0646 \u0641\u0631\u0648\u0629 \u0631\u0623\u0633 \u0645\u0646\u062a\u0639\u0634\u0629 \u0648\u0646\u0638\u064a\u0641\u0629. \u0647\u0630\u0627 \u0627\u0644\u0639\u0644\u0627\u062c \u0627\u0644\u0627\u062d\u062a\u0631\u0627\u0641\u064a \u062e\u0627\u0644\u064d \u0645\u0646 \u0627\u0644\u062c\u0633\u064a\u0645\u0627\u062a \u0627\u0644\u0628\u0644\u0627\u0633\u062a\u064a\u0643\u064a\u0629 \u0627\u0644\u062f\u0642\u064a\u0642\u0629 \u0648\u0627\u0644\u0628\u0648\u0644\u064a\u0645\u0631\u0627\u062a \u0627\u0644\u0627\u0635\u0637\u0646\u0627\u0639\u064a\u0629 \u0627\u0644\u0642\u0627\u0628\u0644\u0629 \u0644\u0644\u0630\u0648\u0628\u0627\u0646 \u0641\u064a \u0627\u0644\u0645\u0627\u0621. \u0645\u0639 \u0647\u0630\u0627 \u0627\u0644\u0639\u0644\u0627\u062c \u0627\u0644\u0645\u0639\u062c\u0632\u0629\u060c \u0639\u0627\u0644\u062c \u0627\u0644\u0645\u0634\u0643\u0644\u0629 \u0645\u0646 \u062c\u0630\u0648\u0631\u0647\u0627 \u0648\u062a\u062e\u0644\u0635 \u0645\u0646 \u062a\u0633\u0627\u0642\u0637 \u0627\u0644\u0634\u0639\u0631!<\/p>\n<p><strong>\u0637\u0631\u064a\u0642\u0629 \u0627\u0644\u0627\u0633\u062a\u062e\u062f\u0627\u0645<\/strong><\/p>\n<p><strong>Pour le serum<\/strong><\/p>\n<p>\u0636\u0639\u064a\u0647 \u0645\u0631\u062a\u064a\u0646 \u064a\u0648\u0645\u064a\u064b\u0627\u060c \u0635\u0628\u0627\u062d\u064b\u0627 \u0648\u0645\u0633\u0627\u0621\u064b\u060c \u0628\u0627\u0644\u062a\u0633\u0627\u0648\u064a \u0639\u0644\u0649 \u0641\u0631\u0648\u0629 \u0627\u0644\u0631\u0623\u0633 \u0648\u062f\u0644\u0643\u064a\u0647\u0627 \u0628\u0644\u0637\u0641. \u0627\u0633\u062a\u062e\u062f\u0645\u064a\u0647 \u0644\u0645\u062f\u0629 \u062b\u0644\u0627\u062b\u0629 \u0623\u0634\u0647\u0631 \u0639\u0644\u0649 \u0627\u0644\u0623\u0642\u0644. \u0644\u0627 \u062a\u0634\u0637\u0641\u064a\u0647. \u0644\u0644\u062d\u0635\u0648\u0644 \u0639\u0644\u0649 \u0623\u0641\u0636\u0644 \u0627\u0644\u0646\u062a\u0627\u0626\u062c\u060c \u0646\u0648\u0635\u064a \u0623\u064a\u0636\u064b\u0627 \u0628\u0627\u0633\u062a\u062e\u062f\u0627\u0645 \u0634\u0627\u0645\u0628\u0648 \u0628\u0627\u0644\u064a\u0627 \u0645\u064a\u0646 \u0628\u0627\u0648\u0631 \u0625\u064a\u0641\u0643\u062a \u0628\u0627\u0644\u0643\u0627\u0641\u064a\u064a\u0646.<\/p>","protected":false},"excerpt":{"rendered":"<p>Shampooing \u00e0 la caf\u00e9ine Power Effect, 250 ml Type de cheveux:Cheveux qui tombent Effet:Contre la chute des cheveux, soin Caract\u00e9ristiques du produit:Sans alcool, Sans silicone, V\u00e9g\u00e9talien Shampooing v\u00e9g\u00e9talien Renforce les racines affaiblies des cheveux Pour des cheveux plus forts et plus denses Complexe de substances actives avec de la caf\u00e9ine Sans silicone ni microplastique &nbsp; [&hellip;]<\/p>\n","protected":false},"featured_media":23488,"template":"","meta":{"om_disable_all_campaigns":false},"product_brand":[3236],"product_cat":[18],"product_tag":[3237,3240,3238,6766,3239,6166,3241,6826,6174,6692,6171,6399,6825,6824,6230],"class_list":{"0":"post-23491","1":"product","2":"type-product","3":"status-publish","4":"has-post-thumbnail","6":"product_brand-balea-dm-prix-maroc","7":"product_cat-beaute-sante","8":"product_tag-balea","9":"product_tag-balea-dm","10":"product_tag-balea-maroc","11":"product_tag-balea-men","12":"product_tag-balea-morocco","13":"product_tag-deodorant-homme","14":"product_tag-dm-maroc","15":"product_tag-fraicheur-masculine","16":"product_tag-gel-douche-homme","17":"product_tag-pack-power-effect","18":"product_tag-parfum-masculin","19":"product_tag-protection-longue-duree","20":"product_tag-routine-soins-hommes","21":"product_tag-shampooing-homme","22":"product_tag-soin-quotidien","24":"first","25":"instock","26":"taxable","27":"shipping-taxable","28":"purchasable","29":"product-type-simple"},"yoast_head":"<!-- This site is optimized with the Yoast SEO plugin v27.3 - https:\/\/yoast.com\/product\/yoast-seo-wordpress\/ -->\n<title>Pack Balea Men Power Effect - Maroc Prix<\/title>\n<meta name=\"description\" content=\"Le Pack Balea MEN Power Effect offre un soin complet pour homme : gel douche, shampooing et d\u00e9odorant pour prot\u00e9ger, revitaliser et rafra\u00eechir au quotidien.\" \/>\n<meta name=\"robots\" content=\"index, follow, max-snippet:-1, max-image-preview:large, max-video-preview:-1\" \/>\n<link rel=\"canonical\" href=\"https:\/\/vitablanca.ma\/ar\/product-2\/pack-balea-men-power-effect\/\" \/>\n<meta property=\"og:locale\" content=\"ar_AR\" \/>\n<meta property=\"og:type\" content=\"article\" \/>\n<meta property=\"og:title\" content=\"Pack Balea Men Power Effect - Maroc Prix\" \/>\n<meta property=\"og:description\" content=\"Le Pack Balea MEN Power Effect offre un soin complet pour homme : gel douche, shampooing et d\u00e9odorant pour prot\u00e9ger, revitaliser et rafra\u00eechir au quotidien.\" \/>\n<meta property=\"og:url\" content=\"https:\/\/vitablanca.ma\/ar\/product-2\/pack-balea-men-power-effect\/\" \/>\n<meta property=\"og:site_name\" content=\"Vitablanca.ma &ndash; Sant&eacute;, vitalit&eacute; et bien-&ecirc;tre pour tous les Marocains\" \/>\n<meta property=\"article:publisher\" content=\"https:\/\/www.facebook.com\/profile.php?id=61576678196717\" \/>\n<meta property=\"article:modified_time\" content=\"2026-01-30T02:46:56+00:00\" \/>\n<meta property=\"og:image\" content=\"https:\/\/vitablanca.ma\/wp-content\/uploads\/2025\/07\/23.png\" \/>\n\t<meta property=\"og:image:width\" content=\"1080\" \/>\n\t<meta property=\"og:image:height\" content=\"1080\" \/>\n\t<meta property=\"og:image:type\" content=\"image\/png\" \/>\n<meta name=\"twitter:card\" content=\"summary_large_image\" \/>\n<meta name=\"twitter:label1\" content=\"\u0648\u0642\u062a \u0627\u0644\u0642\u0631\u0627\u0621\u0629 \u0627\u0644\u0645\u064f\u0642\u062f\u0651\u0631\" \/>\n\t<meta name=\"twitter:data1\" content=\"3 \u062f\u0642\u0627\u0626\u0642\" \/>\n<script type=\"application\/ld+json\" class=\"yoast-schema-graph\">{\"@context\":\"https:\\\/\\\/schema.org\",\"@graph\":[{\"@type\":[\"WebPage\",\"ItemPage\"],\"@id\":\"https:\\\/\\\/vitablanca.ma\\\/produit\\\/pack-balea-men-power-effect\\\/\",\"url\":\"https:\\\/\\\/vitablanca.ma\\\/produit\\\/pack-balea-men-power-effect\\\/\",\"name\":\"Pack Balea Men Power Effect - Maroc Prix\",\"isPartOf\":{\"@id\":\"https:\\\/\\\/vitablanca.ma\\\/#website\"},\"primaryImageOfPage\":{\"@id\":\"https:\\\/\\\/vitablanca.ma\\\/produit\\\/pack-balea-men-power-effect\\\/#primaryimage\"},\"image\":{\"@id\":\"https:\\\/\\\/vitablanca.ma\\\/produit\\\/pack-balea-men-power-effect\\\/#primaryimage\"},\"thumbnailUrl\":\"https:\\\/\\\/vitablanca.ma\\\/wp-content\\\/uploads\\\/2025\\\/07\\\/23.png\",\"datePublished\":\"2025-07-10T18:12:01+00:00\",\"dateModified\":\"2026-01-30T02:46:56+00:00\",\"description\":\"Le Pack Balea MEN Power Effect offre un soin complet pour homme : gel douche, shampooing et d\u00e9odorant pour prot\u00e9ger, revitaliser et rafra\u00eechir au quotidien.\",\"breadcrumb\":{\"@id\":\"https:\\\/\\\/vitablanca.ma\\\/produit\\\/pack-balea-men-power-effect\\\/#breadcrumb\"},\"inLanguage\":\"ar\",\"potentialAction\":[{\"@type\":\"ReadAction\",\"target\":[\"https:\\\/\\\/vitablanca.ma\\\/produit\\\/pack-balea-men-power-effect\\\/\"]}]},{\"@type\":\"ImageObject\",\"inLanguage\":\"ar\",\"@id\":\"https:\\\/\\\/vitablanca.ma\\\/produit\\\/pack-balea-men-power-effect\\\/#primaryimage\",\"url\":\"https:\\\/\\\/vitablanca.ma\\\/wp-content\\\/uploads\\\/2025\\\/07\\\/23.png\",\"contentUrl\":\"https:\\\/\\\/vitablanca.ma\\\/wp-content\\\/uploads\\\/2025\\\/07\\\/23.png\",\"width\":1080,\"height\":1080},{\"@type\":\"BreadcrumbList\",\"@id\":\"https:\\\/\\\/vitablanca.ma\\\/produit\\\/pack-balea-men-power-effect\\\/#breadcrumb\",\"itemListElement\":[{\"@type\":\"ListItem\",\"position\":1,\"name\":\"Home\",\"item\":\"https:\\\/\\\/vitablanca.ma\\\/\"},{\"@type\":\"ListItem\",\"position\":2,\"name\":\"Tous Les Produits\",\"item\":\"https:\\\/\\\/vitablanca.ma\\\/tous-les-produits\\\/\"},{\"@type\":\"ListItem\",\"position\":3,\"name\":\"Pack Balea Men Power Effect\"}]},{\"@type\":\"WebSite\",\"@id\":\"https:\\\/\\\/vitablanca.ma\\\/#website\",\"url\":\"https:\\\/\\\/vitablanca.ma\\\/\",\"name\":\"VitaBlanca.ma | Compl\u00e9ments alimentaires, sant\u00e9 & beaut\u00e9 au Maroc\",\"description\":\"vendre vitamines et compl\u00e9ments premium des USA &amp; Canada, Nouvelle Z\u00e9lande,Maroc (NOW Foods, Solgar, Manuka). Livraison rapide partout au Maroc.\",\"publisher\":{\"@id\":\"https:\\\/\\\/vitablanca.ma\\\/#organization\"},\"alternateName\":\"VitaBlanca.ma\",\"potentialAction\":[{\"@type\":\"SearchAction\",\"target\":{\"@type\":\"EntryPoint\",\"urlTemplate\":\"https:\\\/\\\/vitablanca.ma\\\/?s={search_term_string}\"},\"query-input\":{\"@type\":\"PropertyValueSpecification\",\"valueRequired\":true,\"valueName\":\"search_term_string\"}}],\"inLanguage\":\"ar\"},{\"@type\":\"Organization\",\"@id\":\"https:\\\/\\\/vitablanca.ma\\\/#organization\",\"name\":\"VitaBlanca\",\"url\":\"https:\\\/\\\/vitablanca.ma\\\/\",\"logo\":{\"@type\":\"ImageObject\",\"inLanguage\":\"ar\",\"@id\":\"https:\\\/\\\/vitablanca.ma\\\/#\\\/schema\\\/logo\\\/image\\\/\",\"url\":\"https:\\\/\\\/vitablanca.ma\\\/wp-content\\\/uploads\\\/2025\\\/05\\\/cropped-vitablanca.png\",\"contentUrl\":\"https:\\\/\\\/vitablanca.ma\\\/wp-content\\\/uploads\\\/2025\\\/05\\\/cropped-vitablanca.png\",\"width\":360,\"height\":67,\"caption\":\"VitaBlanca\"},\"image\":{\"@id\":\"https:\\\/\\\/vitablanca.ma\\\/#\\\/schema\\\/logo\\\/image\\\/\"},\"sameAs\":[\"https:\\\/\\\/www.facebook.com\\\/profile.php?id=61576678196717\",\"https:\\\/\\\/www.tiktok.com\\\/@vitablanca.ma\",\"https:\\\/\\\/www.instagram.com\\\/vitablanca.ma\\\/\"]}]}<\/script>\n<!-- \/ Yoast SEO plugin. -->","yoast_head_json":{"title":"Pack Balea Men Power Effect - Maroc Prix","description":"Le Pack Balea MEN Power Effect offre un soin complet pour homme : gel douche, shampooing et d\u00e9odorant pour prot\u00e9ger, revitaliser et rafra\u00eechir au quotidien.","robots":{"index":"index","follow":"follow","max-snippet":"max-snippet:-1","max-image-preview":"max-image-preview:large","max-video-preview":"max-video-preview:-1"},"canonical":"https:\/\/vitablanca.ma\/ar\/product-2\/pack-balea-men-power-effect\/","og_locale":"ar_AR","og_type":"article","og_title":"Pack Balea Men Power Effect - Maroc Prix","og_description":"Le Pack Balea MEN Power Effect offre un soin complet pour homme : gel douche, shampooing et d\u00e9odorant pour prot\u00e9ger, revitaliser et rafra\u00eechir au quotidien.","og_url":"https:\/\/vitablanca.ma\/ar\/product-2\/pack-balea-men-power-effect\/","og_site_name":"Vitablanca.ma &ndash; Sant&eacute;, vitalit&eacute; et bien-&ecirc;tre pour tous les Marocains","article_publisher":"https:\/\/www.facebook.com\/profile.php?id=61576678196717","article_modified_time":"2026-01-30T02:46:56+00:00","og_image":[{"width":1080,"height":1080,"url":"https:\/\/vitablanca.ma\/wp-content\/uploads\/2025\/07\/23.png","type":"image\/png"}],"twitter_card":"summary_large_image","twitter_misc":{"\u0648\u0642\u062a \u0627\u0644\u0642\u0631\u0627\u0621\u0629 \u0627\u0644\u0645\u064f\u0642\u062f\u0651\u0631":"3 \u062f\u0642\u0627\u0626\u0642"},"schema":{"@context":"https:\/\/schema.org","@graph":[{"@type":["WebPage","ItemPage"],"@id":"https:\/\/vitablanca.ma\/produit\/pack-balea-men-power-effect\/","url":"https:\/\/vitablanca.ma\/produit\/pack-balea-men-power-effect\/","name":"Pack Balea Men Power Effect - Maroc Prix","isPartOf":{"@id":"https:\/\/vitablanca.ma\/#website"},"primaryImageOfPage":{"@id":"https:\/\/vitablanca.ma\/produit\/pack-balea-men-power-effect\/#primaryimage"},"image":{"@id":"https:\/\/vitablanca.ma\/produit\/pack-balea-men-power-effect\/#primaryimage"},"thumbnailUrl":"https:\/\/vitablanca.ma\/wp-content\/uploads\/2025\/07\/23.png","datePublished":"2025-07-10T18:12:01+00:00","dateModified":"2026-01-30T02:46:56+00:00","description":"Le Pack Balea MEN Power Effect offre un soin complet pour homme : gel douche, shampooing et d\u00e9odorant pour prot\u00e9ger, revitaliser et rafra\u00eechir au quotidien.","breadcrumb":{"@id":"https:\/\/vitablanca.ma\/produit\/pack-balea-men-power-effect\/#breadcrumb"},"inLanguage":"ar","potentialAction":[{"@type":"ReadAction","target":["https:\/\/vitablanca.ma\/produit\/pack-balea-men-power-effect\/"]}]},{"@type":"ImageObject","inLanguage":"ar","@id":"https:\/\/vitablanca.ma\/produit\/pack-balea-men-power-effect\/#primaryimage","url":"https:\/\/vitablanca.ma\/wp-content\/uploads\/2025\/07\/23.png","contentUrl":"https:\/\/vitablanca.ma\/wp-content\/uploads\/2025\/07\/23.png","width":1080,"height":1080},{"@type":"BreadcrumbList","@id":"https:\/\/vitablanca.ma\/produit\/pack-balea-men-power-effect\/#breadcrumb","itemListElement":[{"@type":"ListItem","position":1,"name":"Home","item":"https:\/\/vitablanca.ma\/"},{"@type":"ListItem","position":2,"name":"Tous Les Produits","item":"https:\/\/vitablanca.ma\/tous-les-produits\/"},{"@type":"ListItem","position":3,"name":"Pack Balea Men Power Effect"}]},{"@type":"WebSite","@id":"https:\/\/vitablanca.ma\/#website","url":"https:\/\/vitablanca.ma\/","name":"VitaBlanca.ma | \u0627\u0644\u0645\u0643\u0645\u0644\u0627\u062a \u0627\u0644\u063a\u0630\u0627\u0626\u064a\u0629\u060c \u0627\u0644\u0635\u062d\u0629 \u0648\u0627\u0644\u062c\u0645\u0627\u0644 \u0641\u064a \u0627\u0644\u0645\u063a\u0631\u0628","description":"\u0646\u0628\u064a\u0639 \u0641\u064a\u062a\u0627\u0645\u064a\u0646\u0627\u062a \u0648\u0645\u0643\u0645\u0644\u0627\u062a \u063a\u0630\u0627\u0626\u064a\u0629 \u0641\u0627\u062e\u0631\u0629 \u0645\u0646 \u0627\u0644\u0648\u0644\u0627\u064a\u0627\u062a \u0627\u0644\u0645\u062a\u062d\u062f\u0629 \u0627\u0644\u0623\u0645\u0631\u064a\u0643\u064a\u0629 \u0648\u0643\u0646\u062f\u0627 \u0648\u0646\u064a\u0648\u0632\u064a\u0644\u0646\u062f\u0627 \u0648\u0627\u0644\u0645\u063a\u0631\u0628 (\u0646\u0627\u0648 \u0641\u0648\u062f\u0632\u060c \u0633\u0648\u0644\u062c\u0627\u0631\u060c \u0645\u0627\u0646\u0648\u0643\u0627). \u062a\u0648\u0635\u064a\u0644 \u0633\u0631\u064a\u0639 \u0625\u0644\u0649 \u062c\u0645\u064a\u0639 \u0623\u0646\u062d\u0627\u0621 \u0627\u0644\u0645\u063a\u0631\u0628.","publisher":{"@id":"https:\/\/vitablanca.ma\/#organization"},"alternateName":"VitaBlanca.ma","potentialAction":[{"@type":"SearchAction","target":{"@type":"EntryPoint","urlTemplate":"https:\/\/vitablanca.ma\/?s={search_term_string}"},"query-input":{"@type":"PropertyValueSpecification","valueRequired":true,"valueName":"search_term_string"}}],"inLanguage":"ar"},{"@type":"Organization","@id":"https:\/\/vitablanca.ma\/#organization","name":"\u0641\u064a\u062a\u0627\u0628\u0644\u0627\u0646\u0643\u0627","url":"https:\/\/vitablanca.ma\/","logo":{"@type":"ImageObject","inLanguage":"ar","@id":"https:\/\/vitablanca.ma\/#\/schema\/logo\/image\/","url":"https:\/\/vitablanca.ma\/wp-content\/uploads\/2025\/05\/cropped-vitablanca.png","contentUrl":"https:\/\/vitablanca.ma\/wp-content\/uploads\/2025\/05\/cropped-vitablanca.png","width":360,"height":67,"caption":"VitaBlanca"},"image":{"@id":"https:\/\/vitablanca.ma\/#\/schema\/logo\/image\/"},"sameAs":["https:\/\/www.facebook.com\/profile.php?id=61576678196717","https:\/\/www.tiktok.com\/@vitablanca.ma","https:\/\/www.instagram.com\/vitablanca.ma\/"]}]}},"jetpack_sharing_enabled":true,"_links":{"self":[{"href":"https:\/\/vitablanca.ma\/ar\/wp-json\/wp\/v2\/product\/23491","targetHints":{"allow":["GET"]}}],"collection":[{"href":"https:\/\/vitablanca.ma\/ar\/wp-json\/wp\/v2\/product"}],"about":[{"href":"https:\/\/vitablanca.ma\/ar\/wp-json\/wp\/v2\/types\/product"}],"wp:featuredmedia":[{"embeddable":true,"href":"https:\/\/vitablanca.ma\/ar\/wp-json\/wp\/v2\/media\/23488"}],"wp:attachment":[{"href":"https:\/\/vitablanca.ma\/ar\/wp-json\/wp\/v2\/media?parent=23491"}],"wp:term":[{"taxonomy":"product_brand","embeddable":true,"href":"https:\/\/vitablanca.ma\/ar\/wp-json\/wp\/v2\/product_brand?post=23491"},{"taxonomy":"product_cat","embeddable":true,"href":"https:\/\/vitablanca.ma\/ar\/wp-json\/wp\/v2\/product_cat?post=23491"},{"taxonomy":"product_tag","embeddable":true,"href":"https:\/\/vitablanca.ma\/ar\/wp-json\/wp\/v2\/product_tag?post=23491"}],"curies":[{"name":"wp","href":"https:\/\/api.w.org\/{rel}","templated":true}]}}