{"id":23487,"date":"2025-07-10T18:11:44","date_gmt":"2025-07-10T18:11:44","guid":{"rendered":"https:\/\/vitablanca.ma\/product\/pack-pour-elle\/"},"modified":"2025-08-20T21:59:24","modified_gmt":"2025-08-20T21:59:24","slug":"pack-pour-elle","status":"publish","type":"product","link":"https:\/\/vitablanca.ma\/ar\/product-2\/pack-pour-elle\/","title":{"rendered":"Pack Beaut\u00e9 &amp; Sant\u00e9 \u2013 Balea &amp; Mivolis (Vitamine C, D\u00e9odorant, Cr\u00e8me, S\u00e9rum)"},"content":{"rendered":"<p><strong>Magn\u00e9sium + vitamine C + vitamine B6 + B12, pastilles \u00e0 sucer, 30 pcs.<\/strong><\/p>\n<ul>\n<li>\u0645\u0639 \u0641\u064a\u062a\u0627\u0645\u064a\u0646\u0627\u062a C \u0648 B6 \u0648 B12<\/li>\n<li>\u064a\u0633\u0627\u0647\u0645 \u0627\u0644\u0645\u063a\u0646\u064a\u0633\u064a\u0648\u0645 \u0641\u064a \u0648\u0638\u064a\u0641\u0629 \u0627\u0644\u0639\u0636\u0644\u0627\u062a \u0627\u0644\u0637\u0628\u064a\u0639\u064a\u0629<\/li>\n<li>Au go\u00fbt d\u2019orange<\/li>\n<\/ul>\n<p>Les pastilles \u00e0 sucer <em>\u0645\u064a\u0641\u0648\u0644\u064a\u0633<\/em> Magn\u00e9sium + Vitamine C + Vitamine B6 + B12 contiennent des nutriments essentiels qui ne peuvent pas \u00eatre synth\u00e9tis\u00e9s par l\u2019organisme. Le magn\u00e9sium, l\u2019un des min\u00e9raux les plus polyvalents, contribue \u00e0 une fonction musculaire et nerveuse normale ainsi qu\u2019au maintien d\u2019une ossature normale. En outre, le magn\u00e9sium contribue \u00e0 un m\u00e9tabolisme \u00e9nerg\u00e9tique normal. Les besoins en magn\u00e9sium ne peuvent pas toujours \u00eatre couverts par l\u2019alimentation dans certaines habitudes alimentaires ou situations de vie. Les vitamines C, B6 et B12 assument de nombreuses fonctions dans l\u2019organisme ; en combinaison avec le magn\u00e9sium, elles soutiennent par exemple le syst\u00e8me nerveux.<\/p>\n<p><strong>S\u00e9rum Vitamine C, 30 ml<\/strong><\/p>\n<ul>\n<li>Type de peau : Tous les types de peau<\/li>\n<li>Zone d\u2019application : visage<\/li>\n<li>\u0627\u0644\u0645\u0644\u0645\u0633 \/ \u0627\u0644\u0627\u062a\u0633\u0627\u0642 \/ \u0627\u0644\u062a\u0637\u0628\u064a\u0642: \u0645\u0635\u0644<\/li>\n<li>Avec effet antioxydant<\/li>\n<li>Pour un teint \u00e9clatant & uniforme<\/li>\n<\/ul>\n<p>Le s\u00e9rum \u00e0 la vitamine C de Balea assure un grain de peau lisse. La combinaison \u00e9nergisante de substances actives avec de la vitamine C lisse les ridules et les rides, ce qui rend le grain de peau visiblement plus uniforme. La formulation prot\u00e8ge la peau contre les agressions de l\u2019environnement et l\u2019hydrate intens\u00e9ment. Le s\u00e9rum ravive le teint et redonne \u00e0 la peau son \u00e9clat et sa luminosit\u00e9.<\/p>\n<p><strong>Cr\u00e8me pour le visage Vitamine C SPF15, 50 ml<\/strong><\/p>\n<ul>\n<li>\u0646\u0648\u0639 \u0627\u0644\u0628\u0634\u0631\u0629: \u0639\u0627\u062f\u064a\u0629<\/li>\n<li>Zone d\u2019application : Visage<\/li>\n<li>\u0645\u0645\u064a\u0632\u0627\u062a \u0627\u0644\u0645\u0646\u062a\u062c: \u062e\u0627\u0644\u064a \u0645\u0646 \u0627\u0644\u0643\u062d\u0648\u0644\u060c \u062e\u0627\u0644\u064a \u0645\u0646 \u0627\u0644\u0645\u0644\u0648\u0646\u0627\u062a\u060c \u062e\u0627\u0644\u064a \u0645\u0646 \u0627\u0644\u062c\u0633\u064a\u0645\u0627\u062a \u0627\u0644\u0646\u0627\u0646\u0648\u064a\u0629\u060c \u062e\u0627\u0644\u064a \u0645\u0646 \u0627\u0644\u0628\u0627\u0631\u0627\u0628\u064a\u0646\u060c \u062e\u0627\u0644\u064a \u0645\u0646 \u0627\u0644\u0628\u0627\u0631\u0627\u0641\u064a\u0646\/\u0627\u0644\u0632\u064a\u0648\u062a \u0627\u0644\u0645\u0639\u062f\u0646\u064a\u0629<\/li>\n<li>\u0639\u0627\u0645\u0644 \u0627\u0644\u062d\u0645\u0627\u064a\u0629 \u0645\u0646 \u0627\u0644\u0634\u0645\u0633 \u0627\u0644\u0645\u062a\u0636\u0645\u0646: 15<\/li>\n<li>\u0627\u0644\u0645\u0644\u0645\u0633 \/ \u0627\u0644\u0627\u062a\u0633\u0627\u0642 \/ \u0627\u0644\u062a\u0637\u0628\u064a\u0642: \u0643\u0631\u064a\u0645 \/ \u0645\u0648\u0633<\/li>\n<li>\u064a\u0639\u0645\u0644 \u0641\u064a\u062a\u0627\u0645\u064a\u0646 C \u0639\u0644\u0649 \u062a\u0639\u0632\u064a\u0632 \u0625\u0646\u062a\u0627\u062c \u0627\u0644\u0643\u0648\u0644\u0627\u062c\u064a\u0646\u00b9.<\/li>\n<li>\u0645\u0639 \u0639\u0627\u0645\u0644 \u062d\u0645\u0627\u064a\u0629 \u0645\u0646 \u0627\u0644\u0634\u0645\u0633 SPF15<\/li>\n<li>\u00c9clat & hydratation pour un \u00e9clat frais et un teint uniforme<\/li>\n<li>Formule sans microplastiques & sans polym\u00e8res purement synth\u00e9tiques solubles dans l\u2019eau<\/li>\n<li>\u062a\u0645 \u062a\u0623\u0643\u064a\u062f \u062a\u062d\u0645\u0644 \u0627\u0644\u062c\u0644\u062f \u062a\u062d\u062a \u0625\u0634\u0631\u0627\u0641 \u0637\u0628\u064a\u0628 \u0627\u0644\u062c\u0644\u062f\u064a\u0629<\/li>\n<\/ul>\n<p>Un teint \u00e9clatant : la vitamine C de Balea donne \u00e0 la peau un aspect \u00e9clatant et frais. La combinaison de substances actives avec la VITAMINE C assure un teint \u00e9clatant et un grain de peau uniforme. La VITAMINE C prot\u00e8ge \u00e9galement contre les radicaux libres et soutient la production de collag\u00e8ne\u00b9 \u2013 pour une peau lisse et ferme. La formulation hydrate intens\u00e9ment la peau.<\/p>\n<p><strong>D\u00e9odorant spray Sweet Sunshine, 200 ml<\/strong><\/p>\n<ul>\n<li>\u0646\u0648\u0639 \u0627\u0644\u0628\u0634\u0631\u0629: \u0639\u0627\u062f\u064a\u0629<\/li>\n<li>Domaine d\u2019application : Corps<\/li>\n<li>\u062a\u0631\u0643\u064a\u0632 \u0627\u0644\u0639\u0637\u0631: \u0645\u0632\u064a\u0644 \u0639\u0631\u0642 \u0645\u0639\u0637\u0631<\/li>\n<li>Caract\u00e9ristiques du produit : Sans sels d\u2019aluminium, Sans colorants, Sans parab\u00e8nes, Sans paraffine \/ huiles min\u00e9rales, V\u00e9g\u00e9talien<\/li>\n<li>\u0627\u0644\u0645\u0644\u0645\u0633 \/ \u0627\u0644\u0627\u062a\u0633\u0627\u0642 \/ \u0627\u0644\u062a\u0637\u0628\u064a\u0642: \u0631\u0634<\/li>\n<li>0% d\u2019aluminium (ACH)<\/li>\n<li>24h une sensation de s\u00e9curit\u00e9 et de soin \u00e0 tous les niveaux aux fruits tropicaux Vegan<\/li>\n<\/ul>\n<p>Le d\u00e9odorant Sweet Sunshine de Balea offre une protection d\u00e9odorante optimale et vous procure une sensation de s\u00e9curit\u00e9 et de soin totale \u2013 pendant 24 heures. La formule au parfum de fruits tropicaux prot\u00e8ge des odeurs corporelles et soigne la peau de mani\u00e8re fiable. Formule sans microplastiques ni polym\u00e8res purement synth\u00e9tiques solubles dans l\u2019eau.<\/p>\n<p><strong>Cr\u00e8me nettoyante douce, 150 ml<\/strong><\/p>\n<ul>\n<li>Type de peau : Sensible \/ fragile, S\u00e8che<\/li>\n<li>Type de produit : Gel \/ cr\u00e8me de lavage<\/li>\n<li>\u0639\u0627\u0626\u0644\u0629 \u0627\u0644\u0639\u0637\u0631: \u0632\u0647\u0631\u064a\u0629<\/li>\n<li>Domaine d\u2019utilisation : Visage<\/li>\n<li>Caract\u00e9ristiques du produit : Particuli\u00e8rement adapt\u00e9 au visage, Sans parab\u00e8ne, Sans paraffine \/ huiles min\u00e9rales, V\u00e9g\u00e9talien<\/li>\n<li>\u0627\u0644\u0645\u0644\u0645\u0633 \/ \u0627\u0644\u0627\u062a\u0633\u0627\u0642 \/ \u0627\u0644\u062a\u0637\u0628\u064a\u0642: \u0643\u0631\u064a\u0645 \/ \u0645\u0648\u0633<\/li>\n<\/ul>\n<p>La cr\u00e8me lavante douce Balea nettoie et revitalise les peaux s\u00e8ches et sensibles.<br \/>\n\u2013 comme pr\u00e9paration douce aux soins ult\u00e9rieurs. La cr\u00e8me lavante \u00e0 l\u2019huile d\u2019amande pr\u00e9cieuse a une formule de soin particuli\u00e8rement douce pour la peau<br \/>\n\u2013 sp\u00e9cialement con\u00e7ue pour le nettoyage quotidien et doux du visage. Les huiles soignantes choient la peau et pr\u00e9servent son hydratation. L\u2019\u00e9mulsion cr\u00e9meuse \u00e9limine en douceur le maquillage, les particules de salet\u00e9 et les d\u00e9p\u00f4ts cutan\u00e9s. La formulation douce aide \u00e0 pr\u00e9server l\u2019\u00e9quilibre naturel de la peau. Formule sans microplastiques ni polym\u00e8res purement synth\u00e9tiques solubles dans l\u2019eau.<\/p>\n<p>Appliquer matin et soir sur la peau humidifi\u00e9e. Faire mousser avec un peu d\u2019eau. Rincer \u00e0 l\u2019eau chaude.<\/p>\n<p><strong>Balea Soin des L\u00e8vres Ros\u00e9<\/strong><\/p>\n<ul>\n<li>Vari\u00e9t\u00e9 : Ros\u00e9<\/li>\n<li>Baume \u00e0 l\u00e8vres<\/li>\n<li>Finition couleur douce<\/li>\n<li>Avec de l\u2019huile de fleurs d\u2019amandier, du beurre de karit\u00e9, de la cire d\u2019abeille et de la vitamine E<\/li>\n<li>Formule sans polym\u00e8res hydrosolubles purement synth\u00e9tiques<\/li>\n<\/ul>\n<p>Le stick de soin des l\u00e8vres ros\u00e9 de Balea donne \u00e0 vos l\u00e8vres un fini color\u00e9 tout en douceur. L\u2019huile de fleurs d\u2019amandier, le beurre de karit\u00e9 et la cire d\u2019abeille laissent vos l\u00e8vres douces et les prot\u00e8gent du dess\u00e8chement. Pour des l\u00e8vres douces et d\u00e9licatement soign\u00e9es !<\/p>","protected":false},"excerpt":{"rendered":"<p>Magn\u00e9sium + vitamine C + vitamine B6 + B12, pastilles \u00e0 sucer, 30 pcs. Avec vitamines C, B6 + B12 Le magn\u00e9sium contribue \u00e0 une fonction musculaire normale Au go\u00fbt d\u2019orange Les pastilles \u00e0 sucer Mivolis Magn\u00e9sium + Vitamine C + Vitamine B6 + B12 contiennent des nutriments essentiels qui ne peuvent pas \u00eatre synth\u00e9tis\u00e9s [&hellip;]<\/p>\n","protected":false},"featured_media":23479,"template":"","meta":[],"product_brand":[3236,3246],"product_cat":[18],"product_tag":[3237,3240,3242,3238,3239,3241,3268,3269,3270],"class_list":{"0":"post-23487","1":"product","2":"type-product","3":"status-publish","4":"has-post-thumbnail","6":"product_brand-balea-dm-prix-maroc","7":"product_brand-balea-mivolis-prix-maroc-omplements-alimentaires","8":"product_cat-beaute-sante","9":"product_tag-balea","10":"product_tag-balea-dm","11":"product_tag-balea-dm-maroc","12":"product_tag-balea-maroc","13":"product_tag-balea-morocco","14":"product_tag-dm-maroc","15":"product_tag-mivolis","16":"product_tag-mivolis-maroc","17":"product_tag-mivolis-morocco","19":"first","20":"instock","21":"sale","22":"taxable","23":"shipping-taxable","24":"purchasable","25":"product-type-simple"},"yoast_head":"<!-- This site is optimized with the Yoast SEO plugin v27.6 - https:\/\/yoast.com\/product\/yoast-seo-wordpress\/ -->\n<title>Pack Beaute Sante Balea Mivolis D\u00e9odorant Creme Serum Vita C<\/title>\n<meta name=\"description\" content=\"D\u00e9couvrez ce pack exclusif au Maroc avec les soins Balea \u00e0 la vitamine C et les compl\u00e9ments Mivolis. Id\u00e9al pour la peau, les l\u00e8vres, l\u2019\u00e9nergie et l\u2019immunit\u00e9\" \/>\n<meta name=\"robots\" content=\"index, follow, max-snippet:-1, max-image-preview:large, max-video-preview:-1\" \/>\n<link rel=\"canonical\" href=\"https:\/\/vitablanca.ma\/ar\/product-2\/pack-pour-elle\/\" \/>\n<meta property=\"og:locale\" content=\"ar_AR\" \/>\n<meta property=\"og:type\" content=\"article\" \/>\n<meta property=\"og:title\" content=\"Pack Beaute Sante Balea Mivolis D\u00e9odorant Creme Serum Vita C\" \/>\n<meta property=\"og:description\" content=\"D\u00e9couvrez ce pack exclusif au Maroc avec les soins Balea \u00e0 la vitamine C et les compl\u00e9ments Mivolis. Id\u00e9al pour la peau, les l\u00e8vres, l\u2019\u00e9nergie et l\u2019immunit\u00e9\" \/>\n<meta property=\"og:url\" content=\"https:\/\/vitablanca.ma\/ar\/product-2\/pack-pour-elle\/\" \/>\n<meta property=\"og:site_name\" content=\"Vitablanca.ma &ndash; Sant&eacute;, vitalit&eacute; et bien-&ecirc;tre pour tous les Marocains\" \/>\n<meta property=\"article:publisher\" content=\"https:\/\/www.facebook.com\/profile.php?id=61576678196717\" \/>\n<meta property=\"article:modified_time\" content=\"2025-08-20T21:59:24+00:00\" \/>\n<meta property=\"og:image\" content=\"https:\/\/vitablanca.ma\/wp-content\/uploads\/2025\/07\/24.png\" \/>\n\t<meta property=\"og:image:width\" content=\"1080\" \/>\n\t<meta property=\"og:image:height\" content=\"1080\" \/>\n\t<meta property=\"og:image:type\" content=\"image\/png\" \/>\n<meta name=\"twitter:card\" content=\"summary_large_image\" \/>\n<meta name=\"twitter:label1\" content=\"\u0648\u0642\u062a \u0627\u0644\u0642\u0631\u0627\u0621\u0629 \u0627\u0644\u0645\u064f\u0642\u062f\u0651\u0631\" \/>\n\t<meta name=\"twitter:data1\" content=\"4 \u062f\u0642\u0627\u0626\u0642\" \/>\n<script type=\"application\/ld+json\" class=\"yoast-schema-graph\">{\"@context\":\"https:\\\/\\\/schema.org\",\"@graph\":[{\"@type\":[\"WebPage\",\"ItemPage\"],\"@id\":\"https:\\\/\\\/vitablanca.ma\\\/produit\\\/pack-pour-elle\\\/\",\"url\":\"https:\\\/\\\/vitablanca.ma\\\/produit\\\/pack-pour-elle\\\/\",\"name\":\"Pack Beaute Sante Balea Mivolis D\u00e9odorant Creme Serum Vita C\",\"isPartOf\":{\"@id\":\"https:\\\/\\\/vitablanca.ma\\\/#website\"},\"primaryImageOfPage\":{\"@id\":\"https:\\\/\\\/vitablanca.ma\\\/produit\\\/pack-pour-elle\\\/#primaryimage\"},\"image\":{\"@id\":\"https:\\\/\\\/vitablanca.ma\\\/produit\\\/pack-pour-elle\\\/#primaryimage\"},\"thumbnailUrl\":\"https:\\\/\\\/vitablanca.ma\\\/wp-content\\\/uploads\\\/2025\\\/07\\\/24.png\",\"datePublished\":\"2025-07-10T18:11:44+00:00\",\"dateModified\":\"2025-08-20T21:59:24+00:00\",\"description\":\"D\u00e9couvrez ce pack exclusif au Maroc avec les soins Balea \u00e0 la vitamine C et les compl\u00e9ments Mivolis. Id\u00e9al pour la peau, les l\u00e8vres, l\u2019\u00e9nergie et l\u2019immunit\u00e9\",\"breadcrumb\":{\"@id\":\"https:\\\/\\\/vitablanca.ma\\\/produit\\\/pack-pour-elle\\\/#breadcrumb\"},\"inLanguage\":\"ar\",\"potentialAction\":[{\"@type\":\"ReadAction\",\"target\":[\"https:\\\/\\\/vitablanca.ma\\\/produit\\\/pack-pour-elle\\\/\"]}]},{\"@type\":\"ImageObject\",\"inLanguage\":\"ar\",\"@id\":\"https:\\\/\\\/vitablanca.ma\\\/produit\\\/pack-pour-elle\\\/#primaryimage\",\"url\":\"https:\\\/\\\/vitablanca.ma\\\/wp-content\\\/uploads\\\/2025\\\/07\\\/24.png\",\"contentUrl\":\"https:\\\/\\\/vitablanca.ma\\\/wp-content\\\/uploads\\\/2025\\\/07\\\/24.png\",\"width\":1080,\"height\":1080},{\"@type\":\"BreadcrumbList\",\"@id\":\"https:\\\/\\\/vitablanca.ma\\\/produit\\\/pack-pour-elle\\\/#breadcrumb\",\"itemListElement\":[{\"@type\":\"ListItem\",\"position\":1,\"name\":\"Home\",\"item\":\"https:\\\/\\\/vitablanca.ma\\\/\"},{\"@type\":\"ListItem\",\"position\":2,\"name\":\"Tous Les Produits\",\"item\":\"https:\\\/\\\/vitablanca.ma\\\/tous-les-produits\\\/\"},{\"@type\":\"ListItem\",\"position\":3,\"name\":\"Pack Beaut\u00e9 &amp; Sant\u00e9 \u2013 Balea &amp; Mivolis (Vitamine C, D\u00e9odorant, Cr\u00e8me, S\u00e9rum)\"}]},{\"@type\":\"WebSite\",\"@id\":\"https:\\\/\\\/vitablanca.ma\\\/#website\",\"url\":\"https:\\\/\\\/vitablanca.ma\\\/\",\"name\":\"VitaBlanca.ma | Compl\u00e9ments alimentaires, sant\u00e9 & beaut\u00e9 au Maroc\",\"description\":\"vendre vitamines et compl\u00e9ments premium des USA &amp; Canada, Nouvelle Z\u00e9lande,Maroc (NOW Foods, Solgar, Manuka). Livraison rapide partout au Maroc.\",\"publisher\":{\"@id\":\"https:\\\/\\\/vitablanca.ma\\\/#organization\"},\"alternateName\":\"VitaBlanca.ma\",\"potentialAction\":[{\"@type\":\"SearchAction\",\"target\":{\"@type\":\"EntryPoint\",\"urlTemplate\":\"https:\\\/\\\/vitablanca.ma\\\/?s={search_term_string}\"},\"query-input\":{\"@type\":\"PropertyValueSpecification\",\"valueRequired\":true,\"valueName\":\"search_term_string\"}}],\"inLanguage\":\"ar\"},{\"@type\":\"Organization\",\"@id\":\"https:\\\/\\\/vitablanca.ma\\\/#organization\",\"name\":\"VitaBlanca\",\"url\":\"https:\\\/\\\/vitablanca.ma\\\/\",\"logo\":{\"@type\":\"ImageObject\",\"inLanguage\":\"ar\",\"@id\":\"https:\\\/\\\/vitablanca.ma\\\/#\\\/schema\\\/logo\\\/image\\\/\",\"url\":\"https:\\\/\\\/vitablanca.ma\\\/wp-content\\\/uploads\\\/2025\\\/05\\\/cropped-vitablanca.png\",\"contentUrl\":\"https:\\\/\\\/vitablanca.ma\\\/wp-content\\\/uploads\\\/2025\\\/05\\\/cropped-vitablanca.png\",\"width\":360,\"height\":67,\"caption\":\"VitaBlanca\"},\"image\":{\"@id\":\"https:\\\/\\\/vitablanca.ma\\\/#\\\/schema\\\/logo\\\/image\\\/\"},\"sameAs\":[\"https:\\\/\\\/www.facebook.com\\\/profile.php?id=61576678196717\",\"https:\\\/\\\/www.tiktok.com\\\/@vitablanca.ma\",\"https:\\\/\\\/www.instagram.com\\\/vitablanca.ma\\\/\"]}]}<\/script>\n<!-- \/ Yoast SEO plugin. -->","yoast_head_json":{"title":"Pack Beaute Sante Balea Mivolis D\u00e9odorant Creme Serum Vita C","description":"D\u00e9couvrez ce pack exclusif au Maroc avec les soins Balea \u00e0 la vitamine C et les compl\u00e9ments Mivolis. Id\u00e9al pour la peau, les l\u00e8vres, l\u2019\u00e9nergie et l\u2019immunit\u00e9","robots":{"index":"index","follow":"follow","max-snippet":"max-snippet:-1","max-image-preview":"max-image-preview:large","max-video-preview":"max-video-preview:-1"},"canonical":"https:\/\/vitablanca.ma\/ar\/product-2\/pack-pour-elle\/","og_locale":"ar_AR","og_type":"article","og_title":"Pack Beaute Sante Balea Mivolis D\u00e9odorant Creme Serum Vita C","og_description":"D\u00e9couvrez ce pack exclusif au Maroc avec les soins Balea \u00e0 la vitamine C et les compl\u00e9ments Mivolis. Id\u00e9al pour la peau, les l\u00e8vres, l\u2019\u00e9nergie et l\u2019immunit\u00e9","og_url":"https:\/\/vitablanca.ma\/ar\/product-2\/pack-pour-elle\/","og_site_name":"Vitablanca.ma &ndash; Sant&eacute;, vitalit&eacute; et bien-&ecirc;tre pour tous les Marocains","article_publisher":"https:\/\/www.facebook.com\/profile.php?id=61576678196717","article_modified_time":"2025-08-20T21:59:24+00:00","og_image":[{"width":1080,"height":1080,"url":"https:\/\/vitablanca.ma\/wp-content\/uploads\/2025\/07\/24.png","type":"image\/png"}],"twitter_card":"summary_large_image","twitter_misc":{"\u0648\u0642\u062a \u0627\u0644\u0642\u0631\u0627\u0621\u0629 \u0627\u0644\u0645\u064f\u0642\u062f\u0651\u0631":"4 \u062f\u0642\u0627\u0626\u0642"},"schema":{"@context":"https:\/\/schema.org","@graph":[{"@type":["WebPage","ItemPage"],"@id":"https:\/\/vitablanca.ma\/produit\/pack-pour-elle\/","url":"https:\/\/vitablanca.ma\/produit\/pack-pour-elle\/","name":"Pack Beaute Sante Balea Mivolis D\u00e9odorant Creme Serum Vita C","isPartOf":{"@id":"https:\/\/vitablanca.ma\/#website"},"primaryImageOfPage":{"@id":"https:\/\/vitablanca.ma\/produit\/pack-pour-elle\/#primaryimage"},"image":{"@id":"https:\/\/vitablanca.ma\/produit\/pack-pour-elle\/#primaryimage"},"thumbnailUrl":"https:\/\/vitablanca.ma\/wp-content\/uploads\/2025\/07\/24.png","datePublished":"2025-07-10T18:11:44+00:00","dateModified":"2025-08-20T21:59:24+00:00","description":"D\u00e9couvrez ce pack exclusif au Maroc avec les soins Balea \u00e0 la vitamine C et les compl\u00e9ments Mivolis. Id\u00e9al pour la peau, les l\u00e8vres, l\u2019\u00e9nergie et l\u2019immunit\u00e9","breadcrumb":{"@id":"https:\/\/vitablanca.ma\/produit\/pack-pour-elle\/#breadcrumb"},"inLanguage":"ar","potentialAction":[{"@type":"ReadAction","target":["https:\/\/vitablanca.ma\/produit\/pack-pour-elle\/"]}]},{"@type":"ImageObject","inLanguage":"ar","@id":"https:\/\/vitablanca.ma\/produit\/pack-pour-elle\/#primaryimage","url":"https:\/\/vitablanca.ma\/wp-content\/uploads\/2025\/07\/24.png","contentUrl":"https:\/\/vitablanca.ma\/wp-content\/uploads\/2025\/07\/24.png","width":1080,"height":1080},{"@type":"BreadcrumbList","@id":"https:\/\/vitablanca.ma\/produit\/pack-pour-elle\/#breadcrumb","itemListElement":[{"@type":"ListItem","position":1,"name":"Home","item":"https:\/\/vitablanca.ma\/"},{"@type":"ListItem","position":2,"name":"Tous Les Produits","item":"https:\/\/vitablanca.ma\/tous-les-produits\/"},{"@type":"ListItem","position":3,"name":"Pack Beaut\u00e9 &amp; Sant\u00e9 \u2013 Balea &amp; Mivolis (Vitamine C, D\u00e9odorant, Cr\u00e8me, S\u00e9rum)"}]},{"@type":"WebSite","@id":"https:\/\/vitablanca.ma\/#website","url":"https:\/\/vitablanca.ma\/","name":"VitaBlanca.ma | \u0627\u0644\u0645\u0643\u0645\u0644\u0627\u062a \u0627\u0644\u063a\u0630\u0627\u0626\u064a\u0629\u060c \u0627\u0644\u0635\u062d\u0629 \u0648\u0627\u0644\u062c\u0645\u0627\u0644 \u0641\u064a \u0627\u0644\u0645\u063a\u0631\u0628","description":"\u0646\u0628\u064a\u0639 \u0641\u064a\u062a\u0627\u0645\u064a\u0646\u0627\u062a \u0648\u0645\u0643\u0645\u0644\u0627\u062a \u063a\u0630\u0627\u0626\u064a\u0629 \u0641\u0627\u062e\u0631\u0629 \u0645\u0646 \u0627\u0644\u0648\u0644\u0627\u064a\u0627\u062a \u0627\u0644\u0645\u062a\u062d\u062f\u0629 \u0627\u0644\u0623\u0645\u0631\u064a\u0643\u064a\u0629 \u0648\u0643\u0646\u062f\u0627 \u0648\u0646\u064a\u0648\u0632\u064a\u0644\u0646\u062f\u0627 \u0648\u0627\u0644\u0645\u063a\u0631\u0628 (\u0646\u0627\u0648 \u0641\u0648\u062f\u0632\u060c \u0633\u0648\u0644\u062c\u0627\u0631\u060c \u0645\u0627\u0646\u0648\u0643\u0627). \u062a\u0648\u0635\u064a\u0644 \u0633\u0631\u064a\u0639 \u0625\u0644\u0649 \u062c\u0645\u064a\u0639 \u0623\u0646\u062d\u0627\u0621 \u0627\u0644\u0645\u063a\u0631\u0628.","publisher":{"@id":"https:\/\/vitablanca.ma\/#organization"},"alternateName":"VitaBlanca.ma","potentialAction":[{"@type":"SearchAction","target":{"@type":"EntryPoint","urlTemplate":"https:\/\/vitablanca.ma\/?s={search_term_string}"},"query-input":{"@type":"PropertyValueSpecification","valueRequired":true,"valueName":"search_term_string"}}],"inLanguage":"ar"},{"@type":"Organization","@id":"https:\/\/vitablanca.ma\/#organization","name":"\u0641\u064a\u062a\u0627\u0628\u0644\u0627\u0646\u0643\u0627","url":"https:\/\/vitablanca.ma\/","logo":{"@type":"ImageObject","inLanguage":"ar","@id":"https:\/\/vitablanca.ma\/#\/schema\/logo\/image\/","url":"https:\/\/vitablanca.ma\/wp-content\/uploads\/2025\/05\/cropped-vitablanca.png","contentUrl":"https:\/\/vitablanca.ma\/wp-content\/uploads\/2025\/05\/cropped-vitablanca.png","width":360,"height":67,"caption":"VitaBlanca"},"image":{"@id":"https:\/\/vitablanca.ma\/#\/schema\/logo\/image\/"},"sameAs":["https:\/\/www.facebook.com\/profile.php?id=61576678196717","https:\/\/www.tiktok.com\/@vitablanca.ma","https:\/\/www.instagram.com\/vitablanca.ma\/"]}]}},"jetpack_sharing_enabled":true,"_links":{"self":[{"href":"https:\/\/vitablanca.ma\/ar\/wp-json\/wp\/v2\/product\/23487","targetHints":{"allow":["GET"]}}],"collection":[{"href":"https:\/\/vitablanca.ma\/ar\/wp-json\/wp\/v2\/product"}],"about":[{"href":"https:\/\/vitablanca.ma\/ar\/wp-json\/wp\/v2\/types\/product"}],"wp:featuredmedia":[{"embeddable":true,"href":"https:\/\/vitablanca.ma\/ar\/wp-json\/wp\/v2\/media\/23479"}],"wp:attachment":[{"href":"https:\/\/vitablanca.ma\/ar\/wp-json\/wp\/v2\/media?parent=23487"}],"wp:term":[{"taxonomy":"product_brand","embeddable":true,"href":"https:\/\/vitablanca.ma\/ar\/wp-json\/wp\/v2\/product_brand?post=23487"},{"taxonomy":"product_cat","embeddable":true,"href":"https:\/\/vitablanca.ma\/ar\/wp-json\/wp\/v2\/product_cat?post=23487"},{"taxonomy":"product_tag","embeddable":true,"href":"https:\/\/vitablanca.ma\/ar\/wp-json\/wp\/v2\/product_tag?post=23487"}],"curies":[{"name":"wp","href":"https:\/\/api.w.org\/{rel}","templated":true}]}}