{"id":23444,"date":"2025-07-10T18:08:12","date_gmt":"2025-07-10T18:08:12","guid":{"rendered":"https:\/\/vitablanca.ma\/product\/balea-patchs-anti-boutons\/"},"modified":"2026-01-30T03:33:15","modified_gmt":"2026-01-30T03:33:15","slug":"balea-patchs-anti-boutons","status":"publish","type":"product","link":"https:\/\/vitablanca.ma\/ar\/product-2\/balea-patchs-anti-boutons\/","title":{"rendered":"\u0628\u0627\u0644\u064a\u0627 - \u0644\u0635\u0642\u0627\u062a \u0645\u0636\u0627\u062f\u0629 \u0644\u062d\u0628 \u0627\u0644\u0634\u0628\u0627\u0628"},"content":{"rendered":"<h3>\u0644\u0628\u0634\u0631\u0629 \u0635\u0627\u0641\u064a\u0629 \u0648\u0646\u0638\u064a\u0641\u0629\u2728<\/h3>\n<ul>\n<li>36 \u0642\u0637\u0639\u0629<\/li>\n<li>\u0646\u062a\u0627\u0626\u062c \u0645\u0631\u0626\u064a\u0629 \u0645\u0646 \u0627\u0644\u0627\u0633\u062a\u062e\u062f\u0627\u0645 \u0627\u0644\u0623\u0648\u0644<\/li>\n<li>\u062e\u0627\u0644\u064a \u0645\u0646 \u0627\u0644\u0639\u0637\u0648\u0631 \/ \u062e\u0627\u0644\u064a \u0645\u0646 \u0627\u0644\u0628\u0627\u0631\u0627\u0641\u064a\u0646 \/ \u062e\u0627\u0644\u064a \u0645\u0646 \u0627\u0644\u0632\u064a\u0648\u062a \u0627\u0644\u0645\u0639\u062f\u0646\u064a\u0629<\/li>\n<li>Sans parab\u00e8ne \/\u00a0Sans sels d\u2019aluminium<\/li>\n<li>\u0645\u0639 \u062d\u0645\u0636 \u0627\u0644\u0633\u0627\u0644\u064a\u0633\u064a\u0644\u064a\u0643<\/li>\n<li>\u0644\u0644\u062a\u062c\u0641\u064a\u0641 \u0627\u0644\u0633\u0631\u064a\u0639 \u0648\u0627\u0644\u062f\u0642\u064a\u0642<\/li>\n<li>\u0628\u0642\u0639 \u0634\u0641\u0627\u0641\u0629<\/li>\n<li>\u0623\u0642\u0637\u0627\u0631 \u0645\u062e\u062a\u0644\u0641\u0629: \u062d\u062c\u0645\u064a\u0646<\/li>\n<\/ul>\n<h4><strong><span style=\"font-size: 11pt; line-height: 105%; font-family: 'Segoe UI Emoji', sans-serif;\">\ud83d\udccc<\/span><span lang=\"EN-US\" style=\"font-size: 11pt; line-height: 105%; font-family: Arial, sans-serif;\"> \u0648\u0635\u0641 \u0627\u0644\u0645\u0646\u062a\u062c <\/span><\/strong><\/h4>\n<p>Les patches anti-boutons Hautrein de Balea sont l\u2019aide pratique pour ass\u00e9cher ponctuellement les boutons et les points noirs. Les patchs transparents contiennent de l\u2019acide salicylique et ont un effet antibact\u00e9rien et apaisant pour la peau. Application rapide et facile, id\u00e9ale pendant la nuit. V\u00e9g\u00e9talien.<\/p>\n<h4><strong><span style=\"font-size: 11pt; line-height: 105%; font-family: 'Segoe UI Emoji', sans-serif;\">\ud83d\udca1<\/span><span style=\"font-size: 11pt; line-height: 105%; font-family: Arial, sans-serif;\"> <span lang=\"EN-US\">\u0637\u0631\u064a\u0642\u0629 \u0627\u0644\u0627\u0633\u062a\u062e\u062f\u0627\u0645 <\/span><\/span><\/strong><\/h4>\n<p>\u062a\u0645 \u062a\u0623\u0643\u064a\u062f \u062a\u062d\u0645\u0644 \u0627\u0644\u0628\u0634\u0631\u0629 \u062a\u062d\u062a \u0625\u0634\u0631\u0627\u0641 \u0637\u0628\u064a\u0628 \u062c\u0644\u062f\u064a\u0629. \u0639\u0646\u062f \u0627\u0644\u062d\u0627\u062c\u0629\u060c \u064a\u064f\u0648\u0636\u0639 \u0639\u0644\u0649 \u0627\u0644\u0645\u0646\u0637\u0642\u0629 \u0628\u0639\u062f \u0627\u0644\u062a\u0646\u0638\u064a\u0641 \u0648\u064a\u064f\u0632\u0627\u0644 \u0628\u0639\u062f 8-10 \u0633\u0627\u0639\u0627\u062a. \u0645\u062b\u0627\u0644\u064a \u0644\u0644\u0627\u0633\u062a\u062e\u062f\u0627\u0645 \u0627\u0644\u0644\u064a\u0644\u064a.<\/p>\n<h4><strong><span lang=\"EN-US\" style=\"font-size: 11pt; line-height: 105%; font-family: 'Segoe UI Emoji', sans-serif;\">\u26a0<\/span><span style=\"font-size: 11pt; line-height: 105%; font-family: Arial, sans-serif;\">\ufe0f<\/span><span lang=\"EN-US\" style=\"font-size: 11pt; line-height: 105%; font-family: Arial, sans-serif;\"> \u062a\u062d\u0630\u064a\u0631\u0627\u062a <\/span><\/strong><\/h4>\n<p>\u0644\u0644\u0627\u0633\u062a\u062e\u062f\u0627\u0645 \u0627\u0644\u062e\u0627\u0631\u062c\u064a \u0641\u0642\u0637. \u0644\u0627 \u064a\u064f\u0633\u062a\u062e\u062f\u0645 \u0639\u0644\u0649 \u0627\u0644\u0641\u0645 \u0623\u0648 \u0645\u0646\u0637\u0642\u0629 \u0627\u0644\u0639\u064a\u0646\u064a\u0646. \u0627\u0644\u0644\u0627\u0635\u0642\u0629 \u063a\u064a\u0631 \u0642\u0627\u0628\u0644\u0629 \u0644\u0625\u0639\u0627\u062f\u0629 \u0627\u0644\u0627\u0633\u062a\u062e\u062f\u0627\u0645. \u0644\u0627 \u062a\u0633\u062a\u062e\u062f\u0645 \u0627\u0644\u0644\u0627\u0635\u0642\u0629 \u0625\u0630\u0627 \u0643\u0627\u0646\u062a \u0628\u0634\u0631\u062a\u0643 \u062d\u0633\u0627\u0633\u0629 \u0644\u0644\u0636\u0645\u0627\u062f\u0627\u062a. \u0644\u0627 \u064a\u064f\u0633\u062a\u062e\u062f\u0645 \u0639\u0644\u0649 \u0627\u0644\u0628\u0634\u0631\u0629 \u0627\u0644\u0645\u062a\u0636\u0631\u0631\u0629 \u0623\u0648 \u0627\u0644\u0645\u0635\u0627\u0628\u0629 \u0628\u062d\u0631\u0648\u0642 \u0627\u0644\u0634\u0645\u0633.<\/p>\n<h4><strong><span style=\"font-size: 11pt; line-height: 105%; font-family: 'Segoe UI Emoji', sans-serif;\">\ud83d\udce6<\/span><span style=\"font-size: 11pt; line-height: 105%; font-family: Arial, sans-serif;\"> \u0646\u0635\u0627\u0626\u062d \u0627\u0644\u062a\u062e\u0632\u064a\u0646 <\/span><\/strong><\/h4>\n<p>\u0642\u0645 \u0628\u062a\u062e\u0632\u064a\u0646 \u0627\u0644\u0641\u064a\u0644\u0645 \u0627\u0644\u0630\u064a \u064a\u062d\u062a\u0648\u064a \u0639\u0644\u0649 \u0627\u0644\u0631\u0642\u0639 \u063a\u064a\u0631 \u0627\u0644\u0645\u0633\u062a\u062e\u062f\u0645\u0629 \u0628\u0637\u0631\u064a\u0642\u0629 \u0635\u062d\u064a\u0629 \u0641\u064a \u0627\u0644\u0643\u064a\u0633.<\/p>\n<p>\u00a0<\/p>","protected":false},"excerpt":{"rendered":"<p>Pour une Peau Nette et propre\u2728 36 pi\u00e8ces R\u00e9sultats visibles d\u00e8s la premi\u00e8re application Sans parfum \/\u00a0Sans paraffine \/ huiles min\u00e9rales Sans parab\u00e8ne \/\u00a0Sans sels d\u2019aluminium Avec acide salicylique Pour un ass\u00e8chement rapide et ponctuel Patchs transparents Diff\u00e9rents diam\u00e8tres: deux tailles \ud83d\udccc Description du produit Les patches anti-boutons Hautrein de Balea sont l\u2019aide pratique pour [&hellip;]<\/p>\n","protected":false},"featured_media":23441,"template":"","meta":[],"product_brand":[3236],"product_cat":[18],"product_tag":[3237,3240,3238,3239,6846,3241,6852,6849,6847,6851,6132,5863,6850,6392],"class_list":{"0":"post-23444","1":"product","2":"type-product","3":"status-publish","4":"has-post-thumbnail","6":"product_brand-balea-dm-prix-maroc","7":"product_cat-beaute-sante","8":"product_tag-balea","9":"product_tag-balea-dm","10":"product_tag-balea-maroc","11":"product_tag-balea-morocco","12":"product_tag-boutons","13":"product_tag-dm-maroc","14":"product_tag-patch-absorbant","15":"product_tag-patchs-anti-boutons","16":"product_tag-peau-acneique","17":"product_tag-reduction-imperfections","18":"product_tag-soin-express","19":"product_tag-soin-visage","20":"product_tag-soins-cibles","21":"product_tag-usage-quotidien","23":"first","24":"instock","25":"taxable","26":"shipping-taxable","27":"purchasable","28":"product-type-simple"},"yoast_head":"<!-- This site is optimized with the Yoast SEO plugin v27.6 - https:\/\/yoast.com\/product\/yoast-seo-wordpress\/ -->\n<title>Balea - Patchs anti-boutons - Maroc Prix<\/title>\n<meta name=\"description\" content=\"Les Patchs Anti-Boutons Balea ciblent et r\u00e9duisent les boutons rapidement. Prot\u00e8gent la peau, absorbent l\u2019exc\u00e8s de s\u00e9bum et laissent la peau nettoy\u00e9e\" \/>\n<meta name=\"robots\" content=\"index, follow, max-snippet:-1, max-image-preview:large, max-video-preview:-1\" \/>\n<link rel=\"canonical\" href=\"https:\/\/vitablanca.ma\/ar\/product-2\/balea-patchs-anti-boutons\/\" \/>\n<meta property=\"og:locale\" content=\"ar_AR\" \/>\n<meta property=\"og:type\" content=\"article\" \/>\n<meta property=\"og:title\" content=\"Balea - Patchs anti-boutons - Maroc Prix\" \/>\n<meta property=\"og:description\" content=\"Les Patchs Anti-Boutons Balea ciblent et r\u00e9duisent les boutons rapidement. Prot\u00e8gent la peau, absorbent l\u2019exc\u00e8s de s\u00e9bum et laissent la peau nettoy\u00e9e\" \/>\n<meta property=\"og:url\" content=\"https:\/\/vitablanca.ma\/ar\/product-2\/balea-patchs-anti-boutons\/\" \/>\n<meta property=\"og:site_name\" content=\"Vitablanca.ma &ndash; Sant&eacute;, vitalit&eacute; et bien-&ecirc;tre pour tous les Marocains\" \/>\n<meta property=\"article:publisher\" content=\"https:\/\/www.facebook.com\/profile.php?id=61576678196717\" \/>\n<meta property=\"article:modified_time\" content=\"2026-01-30T03:33:15+00:00\" \/>\n<meta property=\"og:image\" content=\"https:\/\/vitablanca.ma\/wp-content\/uploads\/2025\/07\/anti-pickel-patches-hautrein.jpg\" \/>\n\t<meta property=\"og:image:width\" content=\"1199\" \/>\n\t<meta property=\"og:image:height\" content=\"1200\" \/>\n\t<meta property=\"og:image:type\" content=\"image\/jpeg\" \/>\n<meta name=\"twitter:card\" content=\"summary_large_image\" \/>\n<meta name=\"twitter:label1\" content=\"\u0648\u0642\u062a \u0627\u0644\u0642\u0631\u0627\u0621\u0629 \u0627\u0644\u0645\u064f\u0642\u062f\u0651\u0631\" \/>\n\t<meta name=\"twitter:data1\" content=\"\u062f\u0642\u064a\u0642\u062a\u0627\u0646\" \/>\n<script type=\"application\/ld+json\" class=\"yoast-schema-graph\">{\"@context\":\"https:\\\/\\\/schema.org\",\"@graph\":[{\"@type\":[\"WebPage\",\"ItemPage\"],\"@id\":\"https:\\\/\\\/vitablanca.ma\\\/produit\\\/balea-patchs-anti-boutons\\\/\",\"url\":\"https:\\\/\\\/vitablanca.ma\\\/produit\\\/balea-patchs-anti-boutons\\\/\",\"name\":\"Balea - Patchs anti-boutons - Maroc Prix\",\"isPartOf\":{\"@id\":\"https:\\\/\\\/vitablanca.ma\\\/#website\"},\"primaryImageOfPage\":{\"@id\":\"https:\\\/\\\/vitablanca.ma\\\/produit\\\/balea-patchs-anti-boutons\\\/#primaryimage\"},\"image\":{\"@id\":\"https:\\\/\\\/vitablanca.ma\\\/produit\\\/balea-patchs-anti-boutons\\\/#primaryimage\"},\"thumbnailUrl\":\"https:\\\/\\\/vitablanca.ma\\\/wp-content\\\/uploads\\\/2025\\\/07\\\/anti-pickel-patches-hautrein.jpg\",\"datePublished\":\"2025-07-10T18:08:12+00:00\",\"dateModified\":\"2026-01-30T03:33:15+00:00\",\"description\":\"Les Patchs Anti-Boutons Balea ciblent et r\u00e9duisent les boutons rapidement. Prot\u00e8gent la peau, absorbent l\u2019exc\u00e8s de s\u00e9bum et laissent la peau nettoy\u00e9e\",\"breadcrumb\":{\"@id\":\"https:\\\/\\\/vitablanca.ma\\\/produit\\\/balea-patchs-anti-boutons\\\/#breadcrumb\"},\"inLanguage\":\"ar\",\"potentialAction\":[{\"@type\":\"ReadAction\",\"target\":[\"https:\\\/\\\/vitablanca.ma\\\/produit\\\/balea-patchs-anti-boutons\\\/\"]}]},{\"@type\":\"ImageObject\",\"inLanguage\":\"ar\",\"@id\":\"https:\\\/\\\/vitablanca.ma\\\/produit\\\/balea-patchs-anti-boutons\\\/#primaryimage\",\"url\":\"https:\\\/\\\/vitablanca.ma\\\/wp-content\\\/uploads\\\/2025\\\/07\\\/anti-pickel-patches-hautrein.jpg\",\"contentUrl\":\"https:\\\/\\\/vitablanca.ma\\\/wp-content\\\/uploads\\\/2025\\\/07\\\/anti-pickel-patches-hautrein.jpg\",\"width\":1199,\"height\":1200},{\"@type\":\"BreadcrumbList\",\"@id\":\"https:\\\/\\\/vitablanca.ma\\\/produit\\\/balea-patchs-anti-boutons\\\/#breadcrumb\",\"itemListElement\":[{\"@type\":\"ListItem\",\"position\":1,\"name\":\"Home\",\"item\":\"https:\\\/\\\/vitablanca.ma\\\/\"},{\"@type\":\"ListItem\",\"position\":2,\"name\":\"Tous Les Produits\",\"item\":\"https:\\\/\\\/vitablanca.ma\\\/tous-les-produits\\\/\"},{\"@type\":\"ListItem\",\"position\":3,\"name\":\"Balea &#8211; Patchs anti-boutons\"}]},{\"@type\":\"WebSite\",\"@id\":\"https:\\\/\\\/vitablanca.ma\\\/#website\",\"url\":\"https:\\\/\\\/vitablanca.ma\\\/\",\"name\":\"VitaBlanca.ma | Compl\u00e9ments alimentaires, sant\u00e9 & beaut\u00e9 au Maroc\",\"description\":\"vendre vitamines et compl\u00e9ments premium des USA &amp; Canada, Nouvelle Z\u00e9lande,Maroc (NOW Foods, Solgar, Manuka). Livraison rapide partout au Maroc.\",\"publisher\":{\"@id\":\"https:\\\/\\\/vitablanca.ma\\\/#organization\"},\"alternateName\":\"VitaBlanca.ma\",\"potentialAction\":[{\"@type\":\"SearchAction\",\"target\":{\"@type\":\"EntryPoint\",\"urlTemplate\":\"https:\\\/\\\/vitablanca.ma\\\/?s={search_term_string}\"},\"query-input\":{\"@type\":\"PropertyValueSpecification\",\"valueRequired\":true,\"valueName\":\"search_term_string\"}}],\"inLanguage\":\"ar\"},{\"@type\":\"Organization\",\"@id\":\"https:\\\/\\\/vitablanca.ma\\\/#organization\",\"name\":\"VitaBlanca\",\"url\":\"https:\\\/\\\/vitablanca.ma\\\/\",\"logo\":{\"@type\":\"ImageObject\",\"inLanguage\":\"ar\",\"@id\":\"https:\\\/\\\/vitablanca.ma\\\/#\\\/schema\\\/logo\\\/image\\\/\",\"url\":\"https:\\\/\\\/vitablanca.ma\\\/wp-content\\\/uploads\\\/2025\\\/05\\\/cropped-vitablanca.png\",\"contentUrl\":\"https:\\\/\\\/vitablanca.ma\\\/wp-content\\\/uploads\\\/2025\\\/05\\\/cropped-vitablanca.png\",\"width\":360,\"height\":67,\"caption\":\"VitaBlanca\"},\"image\":{\"@id\":\"https:\\\/\\\/vitablanca.ma\\\/#\\\/schema\\\/logo\\\/image\\\/\"},\"sameAs\":[\"https:\\\/\\\/www.facebook.com\\\/profile.php?id=61576678196717\",\"https:\\\/\\\/www.tiktok.com\\\/@vitablanca.ma\",\"https:\\\/\\\/www.instagram.com\\\/vitablanca.ma\\\/\"]}]}<\/script>\n<!-- \/ Yoast SEO plugin. -->","yoast_head_json":{"title":"\u0628\u0627\u0644\u064a\u0627 - \u0644\u0627\u0635\u0642\u0627\u062a \u0645\u0636\u0627\u062f\u0629 \u0644\u062d\u0628 \u0627\u0644\u0634\u0628\u0627\u0628 - \u0633\u0639\u0631 \u0627\u0644\u0645\u063a\u0631\u0628","description":"Les Patchs Anti-Boutons Balea ciblent et r\u00e9duisent les boutons rapidement. Prot\u00e8gent la peau, absorbent l\u2019exc\u00e8s de s\u00e9bum et laissent la peau nettoy\u00e9e","robots":{"index":"index","follow":"follow","max-snippet":"max-snippet:-1","max-image-preview":"max-image-preview:large","max-video-preview":"max-video-preview:-1"},"canonical":"https:\/\/vitablanca.ma\/ar\/product-2\/balea-patchs-anti-boutons\/","og_locale":"ar_AR","og_type":"article","og_title":"Balea - Patchs anti-boutons - Maroc Prix","og_description":"Les Patchs Anti-Boutons Balea ciblent et r\u00e9duisent les boutons rapidement. Prot\u00e8gent la peau, absorbent l\u2019exc\u00e8s de s\u00e9bum et laissent la peau nettoy\u00e9e","og_url":"https:\/\/vitablanca.ma\/ar\/product-2\/balea-patchs-anti-boutons\/","og_site_name":"Vitablanca.ma &ndash; Sant&eacute;, vitalit&eacute; et bien-&ecirc;tre pour tous les Marocains","article_publisher":"https:\/\/www.facebook.com\/profile.php?id=61576678196717","article_modified_time":"2026-01-30T03:33:15+00:00","og_image":[{"width":1199,"height":1200,"url":"https:\/\/vitablanca.ma\/wp-content\/uploads\/2025\/07\/anti-pickel-patches-hautrein.jpg","type":"image\/jpeg"}],"twitter_card":"summary_large_image","twitter_misc":{"\u0648\u0642\u062a \u0627\u0644\u0642\u0631\u0627\u0621\u0629 \u0627\u0644\u0645\u064f\u0642\u062f\u0651\u0631":"\u062f\u0642\u064a\u0642\u062a\u0627\u0646"},"schema":{"@context":"https:\/\/schema.org","@graph":[{"@type":["WebPage","ItemPage"],"@id":"https:\/\/vitablanca.ma\/produit\/balea-patchs-anti-boutons\/","url":"https:\/\/vitablanca.ma\/produit\/balea-patchs-anti-boutons\/","name":"\u0628\u0627\u0644\u064a\u0627 - \u0644\u0627\u0635\u0642\u0627\u062a \u0645\u0636\u0627\u062f\u0629 \u0644\u062d\u0628 \u0627\u0644\u0634\u0628\u0627\u0628 - \u0633\u0639\u0631 \u0627\u0644\u0645\u063a\u0631\u0628","isPartOf":{"@id":"https:\/\/vitablanca.ma\/#website"},"primaryImageOfPage":{"@id":"https:\/\/vitablanca.ma\/produit\/balea-patchs-anti-boutons\/#primaryimage"},"image":{"@id":"https:\/\/vitablanca.ma\/produit\/balea-patchs-anti-boutons\/#primaryimage"},"thumbnailUrl":"https:\/\/vitablanca.ma\/wp-content\/uploads\/2025\/07\/anti-pickel-patches-hautrein.jpg","datePublished":"2025-07-10T18:08:12+00:00","dateModified":"2026-01-30T03:33:15+00:00","description":"Les Patchs Anti-Boutons Balea ciblent et r\u00e9duisent les boutons rapidement. Prot\u00e8gent la peau, absorbent l\u2019exc\u00e8s de s\u00e9bum et laissent la peau nettoy\u00e9e","breadcrumb":{"@id":"https:\/\/vitablanca.ma\/produit\/balea-patchs-anti-boutons\/#breadcrumb"},"inLanguage":"ar","potentialAction":[{"@type":"ReadAction","target":["https:\/\/vitablanca.ma\/produit\/balea-patchs-anti-boutons\/"]}]},{"@type":"ImageObject","inLanguage":"ar","@id":"https:\/\/vitablanca.ma\/produit\/balea-patchs-anti-boutons\/#primaryimage","url":"https:\/\/vitablanca.ma\/wp-content\/uploads\/2025\/07\/anti-pickel-patches-hautrein.jpg","contentUrl":"https:\/\/vitablanca.ma\/wp-content\/uploads\/2025\/07\/anti-pickel-patches-hautrein.jpg","width":1199,"height":1200},{"@type":"BreadcrumbList","@id":"https:\/\/vitablanca.ma\/produit\/balea-patchs-anti-boutons\/#breadcrumb","itemListElement":[{"@type":"ListItem","position":1,"name":"Home","item":"https:\/\/vitablanca.ma\/"},{"@type":"ListItem","position":2,"name":"Tous Les Produits","item":"https:\/\/vitablanca.ma\/tous-les-produits\/"},{"@type":"ListItem","position":3,"name":"Balea &#8211; Patchs anti-boutons"}]},{"@type":"WebSite","@id":"https:\/\/vitablanca.ma\/#website","url":"https:\/\/vitablanca.ma\/","name":"VitaBlanca.ma | \u0627\u0644\u0645\u0643\u0645\u0644\u0627\u062a \u0627\u0644\u063a\u0630\u0627\u0626\u064a\u0629\u060c \u0627\u0644\u0635\u062d\u0629 \u0648\u0627\u0644\u062c\u0645\u0627\u0644 \u0641\u064a \u0627\u0644\u0645\u063a\u0631\u0628","description":"\u0646\u0628\u064a\u0639 \u0641\u064a\u062a\u0627\u0645\u064a\u0646\u0627\u062a \u0648\u0645\u0643\u0645\u0644\u0627\u062a \u063a\u0630\u0627\u0626\u064a\u0629 \u0641\u0627\u062e\u0631\u0629 \u0645\u0646 \u0627\u0644\u0648\u0644\u0627\u064a\u0627\u062a \u0627\u0644\u0645\u062a\u062d\u062f\u0629 \u0627\u0644\u0623\u0645\u0631\u064a\u0643\u064a\u0629 \u0648\u0643\u0646\u062f\u0627 \u0648\u0646\u064a\u0648\u0632\u064a\u0644\u0646\u062f\u0627 \u0648\u0627\u0644\u0645\u063a\u0631\u0628 (\u0646\u0627\u0648 \u0641\u0648\u062f\u0632\u060c \u0633\u0648\u0644\u062c\u0627\u0631\u060c \u0645\u0627\u0646\u0648\u0643\u0627). \u062a\u0648\u0635\u064a\u0644 \u0633\u0631\u064a\u0639 \u0625\u0644\u0649 \u062c\u0645\u064a\u0639 \u0623\u0646\u062d\u0627\u0621 \u0627\u0644\u0645\u063a\u0631\u0628.","publisher":{"@id":"https:\/\/vitablanca.ma\/#organization"},"alternateName":"VitaBlanca.ma","potentialAction":[{"@type":"SearchAction","target":{"@type":"EntryPoint","urlTemplate":"https:\/\/vitablanca.ma\/?s={search_term_string}"},"query-input":{"@type":"PropertyValueSpecification","valueRequired":true,"valueName":"search_term_string"}}],"inLanguage":"ar"},{"@type":"Organization","@id":"https:\/\/vitablanca.ma\/#organization","name":"\u0641\u064a\u062a\u0627\u0628\u0644\u0627\u0646\u0643\u0627","url":"https:\/\/vitablanca.ma\/","logo":{"@type":"ImageObject","inLanguage":"ar","@id":"https:\/\/vitablanca.ma\/#\/schema\/logo\/image\/","url":"https:\/\/vitablanca.ma\/wp-content\/uploads\/2025\/05\/cropped-vitablanca.png","contentUrl":"https:\/\/vitablanca.ma\/wp-content\/uploads\/2025\/05\/cropped-vitablanca.png","width":360,"height":67,"caption":"VitaBlanca"},"image":{"@id":"https:\/\/vitablanca.ma\/#\/schema\/logo\/image\/"},"sameAs":["https:\/\/www.facebook.com\/profile.php?id=61576678196717","https:\/\/www.tiktok.com\/@vitablanca.ma","https:\/\/www.instagram.com\/vitablanca.ma\/"]}]}},"jetpack_sharing_enabled":true,"_links":{"self":[{"href":"https:\/\/vitablanca.ma\/ar\/wp-json\/wp\/v2\/product\/23444","targetHints":{"allow":["GET"]}}],"collection":[{"href":"https:\/\/vitablanca.ma\/ar\/wp-json\/wp\/v2\/product"}],"about":[{"href":"https:\/\/vitablanca.ma\/ar\/wp-json\/wp\/v2\/types\/product"}],"wp:featuredmedia":[{"embeddable":true,"href":"https:\/\/vitablanca.ma\/ar\/wp-json\/wp\/v2\/media\/23441"}],"wp:attachment":[{"href":"https:\/\/vitablanca.ma\/ar\/wp-json\/wp\/v2\/media?parent=23444"}],"wp:term":[{"taxonomy":"product_brand","embeddable":true,"href":"https:\/\/vitablanca.ma\/ar\/wp-json\/wp\/v2\/product_brand?post=23444"},{"taxonomy":"product_cat","embeddable":true,"href":"https:\/\/vitablanca.ma\/ar\/wp-json\/wp\/v2\/product_cat?post=23444"},{"taxonomy":"product_tag","embeddable":true,"href":"https:\/\/vitablanca.ma\/ar\/wp-json\/wp\/v2\/product_tag?post=23444"}],"curies":[{"name":"wp","href":"https:\/\/api.w.org\/{rel}","templated":true}]}}