{"id":23415,"date":"2025-07-10T18:07:08","date_gmt":"2025-07-10T18:07:08","guid":{"rendered":"https:\/\/vitablanca.ma\/product\/balea-creme-hydratante-spf-15\/"},"modified":"2026-01-30T23:46:10","modified_gmt":"2026-01-30T23:46:10","slug":"balea-creme-hydratante-spf-15","status":"publish","type":"product","link":"https:\/\/vitablanca.ma\/ar\/product-2\/balea-creme-hydratante-spf-15\/","title":{"rendered":"Balea &#8211; Cr\u00e8me hydratante SPF 15"},"content":{"rendered":"<h3>\ud83c\udf1e Cr\u00e8me Hydratante SPF 15 \u2013 Protection et Hydratation au Quotidien \ud83d\udca7<\/h3>\n<ul>\n<li>Sans alcool \/\u00a0Sans paraffine \/ huiles min\u00e9rales<\/li>\n<li>Sans parab\u00e8ne \/\u00a0Sans colorant \/\u00a0Sans nanoparticules<\/li>\n<li>Pour un teint \u00e9clatant<\/li>\n<li>Avec 10% d\u2019aloe vera et un hydro-complexe<\/li>\n<li>FPS 15<\/li>\n<li>Pour peaux normales et mixtes<\/li>\n<\/ul>\n<h4><strong><span style=\"font-size: 11pt; line-height: 105%; font-family: 'Segoe UI Emoji', sans-serif;\">\ud83d\udccc<\/span><span lang=\"EN-US\" style=\"font-size: 11pt; line-height: 105%; font-family: Arial, sans-serif;\"> \u0648\u0635\u0641 \u0627\u0644\u0645\u0646\u062a\u062c <\/span><\/strong><\/h4>\n<p>La cr\u00e8me de jour hydratante de Balea \u00e0 l\u2019aloe vera et \u00e0 un hydrocomplexe hydrate intens\u00e9ment la peau et la maintient douce et souple. La vitamine E prot\u00e8ge contre les radicaux libres. La protection SPF15 + UVA pr\u00e9vient le vieillissement pr\u00e9matur\u00e9 de la peau d\u00fb \u00e0 la lumi\u00e8re. Formule sans microplastiques ni polym\u00e8res synth\u00e9tiques purs solubles dans l\u2019eau.<\/p>\n<h4><strong><span style=\"font-size: 11pt; line-height: 105%; font-family: 'Segoe UI Emoji', sans-serif;\">\ud83d\udca1<\/span><span style=\"font-size: 11pt; line-height: 105%; font-family: Arial, sans-serif;\"> <span lang=\"EN-US\">\u0637\u0631\u064a\u0642\u0629 \u0627\u0644\u0627\u0633\u062a\u062e\u062f\u0627\u0645 <\/span><\/span><\/strong><\/h4>\n<p>Appliquer le matin apr\u00e8s le nettoyage sur le visage, le cou et le d\u00e9collet\u00e9. Masser d\u00e9licatement pour faire p\u00e9n\u00e9trer. \u00c9viter le contour des yeux. Id\u00e9al comme base de maquillage.<\/p>","protected":false},"excerpt":{"rendered":"<p>\ud83c\udf1e Cr\u00e8me Hydratante SPF 15 \u2013 Protection et Hydratation au Quotidien \ud83d\udca7 Sans alcool \/\u00a0Sans paraffine \/ huiles min\u00e9rales Sans parab\u00e8ne \/\u00a0Sans colorant \/\u00a0Sans nanoparticules Pour un teint \u00e9clatant Avec 10% d\u2019aloe vera et un hydro-complexe FPS 15 Pour peaux normales et mixtes \ud83d\udccc Description du produit La cr\u00e8me de jour hydratante de Balea \u00e0 [&hellip;]<\/p>\n","protected":false},"featured_media":23412,"template":"","meta":{"om_disable_all_campaigns":false},"product_brand":[3236],"product_cat":[18],"product_tag":[3237,3240,3238,3239,6888,6885,6887,3241,6276,6302,6105,5863,6886,6392],"class_list":{"0":"post-23415","1":"product","2":"type-product","3":"status-publish","4":"has-post-thumbnail","6":"product_brand-balea-dm-prix-maroc","7":"product_cat-beaute-sante","8":"product_tag-balea","9":"product_tag-balea-dm","10":"product_tag-balea-maroc","11":"product_tag-balea-morocco","12":"product_tag-base-maquillage","13":"product_tag-creme-hydratante","14":"product_tag-creme-jour","15":"product_tag-dm-maroc","16":"product_tag-hydratation","17":"product_tag-peau-douce","18":"product_tag-protection-uv","19":"product_tag-soin-visage","20":"product_tag-spf-15","21":"product_tag-usage-quotidien","23":"first","24":"instock","25":"taxable","26":"shipping-taxable","27":"purchasable","28":"product-type-simple"},"yoast_head":"<!-- This site is optimized with the Yoast SEO plugin v27.5 - https:\/\/yoast.com\/product\/yoast-seo-wordpress\/ -->\n<title>Balea Cr\u00e8me Hydratante SPF 15 - Maroc Prix<\/title>\n<meta name=\"description\" content=\"La Cr\u00e8me Hydratante Balea SPF 15 hydrate la peau tout en offrant une protection contre les rayons UV. Id\u00e9ale pour un usage quotidien,\" \/>\n<meta name=\"robots\" content=\"index, follow, max-snippet:-1, max-image-preview:large, max-video-preview:-1\" \/>\n<link rel=\"canonical\" href=\"https:\/\/vitablanca.ma\/ar\/product-2\/balea-creme-hydratante-spf-15\/\" \/>\n<meta property=\"og:locale\" content=\"ar_AR\" \/>\n<meta property=\"og:type\" content=\"article\" \/>\n<meta property=\"og:title\" content=\"Balea Cr\u00e8me Hydratante SPF 15 - Maroc Prix\" \/>\n<meta property=\"og:description\" content=\"La Cr\u00e8me Hydratante Balea SPF 15 hydrate la peau tout en offrant une protection contre les rayons UV. Id\u00e9ale pour un usage quotidien,\" \/>\n<meta property=\"og:url\" content=\"https:\/\/vitablanca.ma\/ar\/product-2\/balea-creme-hydratante-spf-15\/\" \/>\n<meta property=\"og:site_name\" content=\"Vitablanca.ma &ndash; Sant&eacute;, vitalit&eacute; et bien-&ecirc;tre pour tous les Marocains\" \/>\n<meta property=\"article:publisher\" content=\"https:\/\/www.facebook.com\/profile.php?id=61576678196717\" \/>\n<meta property=\"article:modified_time\" content=\"2026-01-30T23:46:10+00:00\" \/>\n<meta property=\"og:image\" content=\"https:\/\/vitablanca.ma\/wp-content\/uploads\/2025\/07\/feuchtigkeitscreme-lsf-15.jpg\" \/>\n\t<meta property=\"og:image:width\" content=\"1202\" \/>\n\t<meta property=\"og:image:height\" content=\"1200\" \/>\n\t<meta property=\"og:image:type\" content=\"image\/jpeg\" \/>\n<meta name=\"twitter:card\" content=\"summary_large_image\" \/>\n<meta name=\"twitter:label1\" content=\"\u0648\u0642\u062a \u0627\u0644\u0642\u0631\u0627\u0621\u0629 \u0627\u0644\u0645\u064f\u0642\u062f\u0651\u0631\" \/>\n\t<meta name=\"twitter:data1\" content=\"\u062f\u0642\u064a\u0642\u0629 \u0648\u0627\u062d\u062f\u0629\" \/>\n<script type=\"application\/ld+json\" class=\"yoast-schema-graph\">{\"@context\":\"https:\\\/\\\/schema.org\",\"@graph\":[{\"@type\":[\"WebPage\",\"ItemPage\"],\"@id\":\"https:\\\/\\\/vitablanca.ma\\\/produit\\\/balea-creme-hydratante-spf-15\\\/\",\"url\":\"https:\\\/\\\/vitablanca.ma\\\/produit\\\/balea-creme-hydratante-spf-15\\\/\",\"name\":\"Balea Cr\u00e8me Hydratante SPF 15 - Maroc Prix\",\"isPartOf\":{\"@id\":\"https:\\\/\\\/vitablanca.ma\\\/#website\"},\"primaryImageOfPage\":{\"@id\":\"https:\\\/\\\/vitablanca.ma\\\/produit\\\/balea-creme-hydratante-spf-15\\\/#primaryimage\"},\"image\":{\"@id\":\"https:\\\/\\\/vitablanca.ma\\\/produit\\\/balea-creme-hydratante-spf-15\\\/#primaryimage\"},\"thumbnailUrl\":\"https:\\\/\\\/vitablanca.ma\\\/wp-content\\\/uploads\\\/2025\\\/07\\\/feuchtigkeitscreme-lsf-15.jpg\",\"datePublished\":\"2025-07-10T18:07:08+00:00\",\"dateModified\":\"2026-01-30T23:46:10+00:00\",\"description\":\"La Cr\u00e8me Hydratante Balea SPF 15 hydrate la peau tout en offrant une protection contre les rayons UV. Id\u00e9ale pour un usage quotidien,\",\"breadcrumb\":{\"@id\":\"https:\\\/\\\/vitablanca.ma\\\/produit\\\/balea-creme-hydratante-spf-15\\\/#breadcrumb\"},\"inLanguage\":\"ar\",\"potentialAction\":[{\"@type\":\"ReadAction\",\"target\":[\"https:\\\/\\\/vitablanca.ma\\\/produit\\\/balea-creme-hydratante-spf-15\\\/\"]}]},{\"@type\":\"ImageObject\",\"inLanguage\":\"ar\",\"@id\":\"https:\\\/\\\/vitablanca.ma\\\/produit\\\/balea-creme-hydratante-spf-15\\\/#primaryimage\",\"url\":\"https:\\\/\\\/vitablanca.ma\\\/wp-content\\\/uploads\\\/2025\\\/07\\\/feuchtigkeitscreme-lsf-15.jpg\",\"contentUrl\":\"https:\\\/\\\/vitablanca.ma\\\/wp-content\\\/uploads\\\/2025\\\/07\\\/feuchtigkeitscreme-lsf-15.jpg\",\"width\":1202,\"height\":1200},{\"@type\":\"BreadcrumbList\",\"@id\":\"https:\\\/\\\/vitablanca.ma\\\/produit\\\/balea-creme-hydratante-spf-15\\\/#breadcrumb\",\"itemListElement\":[{\"@type\":\"ListItem\",\"position\":1,\"name\":\"Home\",\"item\":\"https:\\\/\\\/vitablanca.ma\\\/\"},{\"@type\":\"ListItem\",\"position\":2,\"name\":\"Tous Les Produits\",\"item\":\"https:\\\/\\\/vitablanca.ma\\\/tous-les-produits\\\/\"},{\"@type\":\"ListItem\",\"position\":3,\"name\":\"Balea &#8211; Cr\u00e8me hydratante SPF 15\"}]},{\"@type\":\"WebSite\",\"@id\":\"https:\\\/\\\/vitablanca.ma\\\/#website\",\"url\":\"https:\\\/\\\/vitablanca.ma\\\/\",\"name\":\"VitaBlanca.ma | Compl\u00e9ments alimentaires, sant\u00e9 & beaut\u00e9 au Maroc\",\"description\":\"vendre vitamines et compl\u00e9ments premium des USA &amp; Canada, Nouvelle Z\u00e9lande,Maroc (NOW Foods, Solgar, Manuka). Livraison rapide partout au Maroc.\",\"publisher\":{\"@id\":\"https:\\\/\\\/vitablanca.ma\\\/#organization\"},\"alternateName\":\"VitaBlanca.ma\",\"potentialAction\":[{\"@type\":\"SearchAction\",\"target\":{\"@type\":\"EntryPoint\",\"urlTemplate\":\"https:\\\/\\\/vitablanca.ma\\\/?s={search_term_string}\"},\"query-input\":{\"@type\":\"PropertyValueSpecification\",\"valueRequired\":true,\"valueName\":\"search_term_string\"}}],\"inLanguage\":\"ar\"},{\"@type\":\"Organization\",\"@id\":\"https:\\\/\\\/vitablanca.ma\\\/#organization\",\"name\":\"VitaBlanca\",\"url\":\"https:\\\/\\\/vitablanca.ma\\\/\",\"logo\":{\"@type\":\"ImageObject\",\"inLanguage\":\"ar\",\"@id\":\"https:\\\/\\\/vitablanca.ma\\\/#\\\/schema\\\/logo\\\/image\\\/\",\"url\":\"https:\\\/\\\/vitablanca.ma\\\/wp-content\\\/uploads\\\/2025\\\/05\\\/cropped-vitablanca.png\",\"contentUrl\":\"https:\\\/\\\/vitablanca.ma\\\/wp-content\\\/uploads\\\/2025\\\/05\\\/cropped-vitablanca.png\",\"width\":360,\"height\":67,\"caption\":\"VitaBlanca\"},\"image\":{\"@id\":\"https:\\\/\\\/vitablanca.ma\\\/#\\\/schema\\\/logo\\\/image\\\/\"},\"sameAs\":[\"https:\\\/\\\/www.facebook.com\\\/profile.php?id=61576678196717\",\"https:\\\/\\\/www.tiktok.com\\\/@vitablanca.ma\",\"https:\\\/\\\/www.instagram.com\\\/vitablanca.ma\\\/\"]}]}<\/script>\n<!-- \/ Yoast SEO plugin. -->","yoast_head_json":{"title":"Balea Cr\u00e8me Hydratante SPF 15 - Maroc Prix","description":"La Cr\u00e8me Hydratante Balea SPF 15 hydrate la peau tout en offrant une protection contre les rayons UV. Id\u00e9ale pour un usage quotidien,","robots":{"index":"index","follow":"follow","max-snippet":"max-snippet:-1","max-image-preview":"max-image-preview:large","max-video-preview":"max-video-preview:-1"},"canonical":"https:\/\/vitablanca.ma\/ar\/product-2\/balea-creme-hydratante-spf-15\/","og_locale":"ar_AR","og_type":"article","og_title":"Balea Cr\u00e8me Hydratante SPF 15 - Maroc Prix","og_description":"La Cr\u00e8me Hydratante Balea SPF 15 hydrate la peau tout en offrant une protection contre les rayons UV. Id\u00e9ale pour un usage quotidien,","og_url":"https:\/\/vitablanca.ma\/ar\/product-2\/balea-creme-hydratante-spf-15\/","og_site_name":"Vitablanca.ma &ndash; Sant&eacute;, vitalit&eacute; et bien-&ecirc;tre pour tous les Marocains","article_publisher":"https:\/\/www.facebook.com\/profile.php?id=61576678196717","article_modified_time":"2026-01-30T23:46:10+00:00","og_image":[{"width":1202,"height":1200,"url":"https:\/\/vitablanca.ma\/wp-content\/uploads\/2025\/07\/feuchtigkeitscreme-lsf-15.jpg","type":"image\/jpeg"}],"twitter_card":"summary_large_image","twitter_misc":{"\u0648\u0642\u062a \u0627\u0644\u0642\u0631\u0627\u0621\u0629 \u0627\u0644\u0645\u064f\u0642\u062f\u0651\u0631":"\u062f\u0642\u064a\u0642\u0629 \u0648\u0627\u062d\u062f\u0629"},"schema":{"@context":"https:\/\/schema.org","@graph":[{"@type":["WebPage","ItemPage"],"@id":"https:\/\/vitablanca.ma\/produit\/balea-creme-hydratante-spf-15\/","url":"https:\/\/vitablanca.ma\/produit\/balea-creme-hydratante-spf-15\/","name":"Balea Cr\u00e8me Hydratante SPF 15 - Maroc Prix","isPartOf":{"@id":"https:\/\/vitablanca.ma\/#website"},"primaryImageOfPage":{"@id":"https:\/\/vitablanca.ma\/produit\/balea-creme-hydratante-spf-15\/#primaryimage"},"image":{"@id":"https:\/\/vitablanca.ma\/produit\/balea-creme-hydratante-spf-15\/#primaryimage"},"thumbnailUrl":"https:\/\/vitablanca.ma\/wp-content\/uploads\/2025\/07\/feuchtigkeitscreme-lsf-15.jpg","datePublished":"2025-07-10T18:07:08+00:00","dateModified":"2026-01-30T23:46:10+00:00","description":"La Cr\u00e8me Hydratante Balea SPF 15 hydrate la peau tout en offrant une protection contre les rayons UV. Id\u00e9ale pour un usage quotidien,","breadcrumb":{"@id":"https:\/\/vitablanca.ma\/produit\/balea-creme-hydratante-spf-15\/#breadcrumb"},"inLanguage":"ar","potentialAction":[{"@type":"ReadAction","target":["https:\/\/vitablanca.ma\/produit\/balea-creme-hydratante-spf-15\/"]}]},{"@type":"ImageObject","inLanguage":"ar","@id":"https:\/\/vitablanca.ma\/produit\/balea-creme-hydratante-spf-15\/#primaryimage","url":"https:\/\/vitablanca.ma\/wp-content\/uploads\/2025\/07\/feuchtigkeitscreme-lsf-15.jpg","contentUrl":"https:\/\/vitablanca.ma\/wp-content\/uploads\/2025\/07\/feuchtigkeitscreme-lsf-15.jpg","width":1202,"height":1200},{"@type":"BreadcrumbList","@id":"https:\/\/vitablanca.ma\/produit\/balea-creme-hydratante-spf-15\/#breadcrumb","itemListElement":[{"@type":"ListItem","position":1,"name":"Home","item":"https:\/\/vitablanca.ma\/"},{"@type":"ListItem","position":2,"name":"Tous Les Produits","item":"https:\/\/vitablanca.ma\/tous-les-produits\/"},{"@type":"ListItem","position":3,"name":"Balea &#8211; Cr\u00e8me hydratante SPF 15"}]},{"@type":"WebSite","@id":"https:\/\/vitablanca.ma\/#website","url":"https:\/\/vitablanca.ma\/","name":"VitaBlanca.ma | \u0627\u0644\u0645\u0643\u0645\u0644\u0627\u062a \u0627\u0644\u063a\u0630\u0627\u0626\u064a\u0629\u060c \u0627\u0644\u0635\u062d\u0629 \u0648\u0627\u0644\u062c\u0645\u0627\u0644 \u0641\u064a \u0627\u0644\u0645\u063a\u0631\u0628","description":"\u0646\u0628\u064a\u0639 \u0641\u064a\u062a\u0627\u0645\u064a\u0646\u0627\u062a \u0648\u0645\u0643\u0645\u0644\u0627\u062a \u063a\u0630\u0627\u0626\u064a\u0629 \u0641\u0627\u062e\u0631\u0629 \u0645\u0646 \u0627\u0644\u0648\u0644\u0627\u064a\u0627\u062a \u0627\u0644\u0645\u062a\u062d\u062f\u0629 \u0627\u0644\u0623\u0645\u0631\u064a\u0643\u064a\u0629 \u0648\u0643\u0646\u062f\u0627 \u0648\u0646\u064a\u0648\u0632\u064a\u0644\u0646\u062f\u0627 \u0648\u0627\u0644\u0645\u063a\u0631\u0628 (\u0646\u0627\u0648 \u0641\u0648\u062f\u0632\u060c \u0633\u0648\u0644\u062c\u0627\u0631\u060c \u0645\u0627\u0646\u0648\u0643\u0627). \u062a\u0648\u0635\u064a\u0644 \u0633\u0631\u064a\u0639 \u0625\u0644\u0649 \u062c\u0645\u064a\u0639 \u0623\u0646\u062d\u0627\u0621 \u0627\u0644\u0645\u063a\u0631\u0628.","publisher":{"@id":"https:\/\/vitablanca.ma\/#organization"},"alternateName":"VitaBlanca.ma","potentialAction":[{"@type":"SearchAction","target":{"@type":"EntryPoint","urlTemplate":"https:\/\/vitablanca.ma\/?s={search_term_string}"},"query-input":{"@type":"PropertyValueSpecification","valueRequired":true,"valueName":"search_term_string"}}],"inLanguage":"ar"},{"@type":"Organization","@id":"https:\/\/vitablanca.ma\/#organization","name":"\u0641\u064a\u062a\u0627\u0628\u0644\u0627\u0646\u0643\u0627","url":"https:\/\/vitablanca.ma\/","logo":{"@type":"ImageObject","inLanguage":"ar","@id":"https:\/\/vitablanca.ma\/#\/schema\/logo\/image\/","url":"https:\/\/vitablanca.ma\/wp-content\/uploads\/2025\/05\/cropped-vitablanca.png","contentUrl":"https:\/\/vitablanca.ma\/wp-content\/uploads\/2025\/05\/cropped-vitablanca.png","width":360,"height":67,"caption":"VitaBlanca"},"image":{"@id":"https:\/\/vitablanca.ma\/#\/schema\/logo\/image\/"},"sameAs":["https:\/\/www.facebook.com\/profile.php?id=61576678196717","https:\/\/www.tiktok.com\/@vitablanca.ma","https:\/\/www.instagram.com\/vitablanca.ma\/"]}]}},"jetpack_sharing_enabled":true,"_links":{"self":[{"href":"https:\/\/vitablanca.ma\/ar\/wp-json\/wp\/v2\/product\/23415","targetHints":{"allow":["GET"]}}],"collection":[{"href":"https:\/\/vitablanca.ma\/ar\/wp-json\/wp\/v2\/product"}],"about":[{"href":"https:\/\/vitablanca.ma\/ar\/wp-json\/wp\/v2\/types\/product"}],"wp:featuredmedia":[{"embeddable":true,"href":"https:\/\/vitablanca.ma\/ar\/wp-json\/wp\/v2\/media\/23412"}],"wp:attachment":[{"href":"https:\/\/vitablanca.ma\/ar\/wp-json\/wp\/v2\/media?parent=23415"}],"wp:term":[{"taxonomy":"product_brand","embeddable":true,"href":"https:\/\/vitablanca.ma\/ar\/wp-json\/wp\/v2\/product_brand?post=23415"},{"taxonomy":"product_cat","embeddable":true,"href":"https:\/\/vitablanca.ma\/ar\/wp-json\/wp\/v2\/product_cat?post=23415"},{"taxonomy":"product_tag","embeddable":true,"href":"https:\/\/vitablanca.ma\/ar\/wp-json\/wp\/v2\/product_tag?post=23415"}],"curies":[{"name":"wp","href":"https:\/\/api.w.org\/{rel}","templated":true}]}}