{"id":23396,"date":"2025-07-10T18:06:21","date_gmt":"2025-07-10T18:06:21","guid":{"rendered":"https:\/\/vitablanca.ma\/product\/balea-soin-des-yeux-tonifiant\/"},"modified":"2026-01-31T00:20:42","modified_gmt":"2026-01-31T00:20:42","slug":"balea-soin-des-yeux-tonifiant","status":"publish","type":"product","link":"https:\/\/vitablanca.ma\/ar\/product-2\/balea-soin-des-yeux-tonifiant\/","title":{"rendered":"\u0628\u0627\u0644\u064a\u0627 - \u0627\u0644\u0639\u0646\u0627\u064a\u0629 \u0628\u0627\u0644\u0639\u064a\u0646\u064a\u0646"},"content":{"rendered":"<h3>Fra\u00eecheur et \u00e9clat pour un regard repos\u00e9 \u2728\ud83d\udc41\ufe0f<\/h3>\n<ul>\n<li>\u0646\u0628\u0627\u062a\u064a<\/li>\n<li>\u062e\u0627\u0644\u064a \u0645\u0646 \u0627\u0644\u0643\u062d\u0648\u0644<\/li>\n<li>\u062e\u0627\u0644\u064a \u0645\u0646 \u0627\u0644\u0639\u0637\u0648\u0631<\/li>\n<li>\u062e\u0627\u0644\u064a \u0645\u0646 \u0627\u0644\u0628\u0627\u0631\u0627\u0641\u064a\u0646 \u0648\u0627\u0644\u0632\u064a\u0648\u062a \u0627\u0644\u0645\u0639\u062f\u0646\u064a\u0629<\/li>\n<li>\u062e\u0627\u0644\u064a \u0645\u0646 \u0627\u0644\u0628\u0627\u0631\u0627\u0628\u064a\u0646<\/li>\n<li>Sans sels d\u2019aluminium<\/li>\n<li>Avec caf\u00e9ine, vitamine C, hydro-complexe & 10% aloe vera<\/li>\n<li>Pr\u00e9serve du vieillissement pr\u00e9matur\u00e9 de la peau d\u00fb \u00e0 la lumi\u00e8re<\/li>\n<li>En cas de gonflements et de cernes, pour<br \/>\nun nouvel \u00e9clat<\/li>\n<li>Avec syst\u00e8me de protection UV<\/li>\n<li>Volume 15ml<\/li>\n<\/ul>\n<p><strong><span style=\"font-size: 11.0pt; line-height: 106%; font-family: 'Segoe UI Emoji',sans-serif; font-weight: normal;\">\ud83d\udccc<\/span><\/strong><strong><span lang=\"EN-US\" style=\"font-size: 11.0pt; line-height: 106%; font-family: 'Arial',sans-serif; font-weight: normal;\"> <strong>\u0648\u0635\u0641 \u0627\u0644\u0645\u0646\u062a\u062c <\/strong><\/span><\/strong><\/p>\n<p>Utilis\u00e9 r\u00e9guli\u00e8rement, le soin vivifiant pour les yeux de Balea permet d\u2019illuminer le contour des yeux. Un complexe de caf\u00e9ine et de vitamine C peut lutter contre les gonflements et les cernes. La vitamine E sert de capteur de radicaux libres. Pour un contour des yeux fra\u00eechement soign\u00e9.<\/p>\n<p><strong><span style=\"font-size: 11.0pt; line-height: 106%; font-family: 'Segoe UI Emoji',sans-serif; font-weight: normal;\">\ud83d\udca1<\/span><span lang=\"EN-US\" style=\"font-size: 11pt; line-height: 106%; font-family: Arial, sans-serif;\"> \u0637\u0631\u064a\u0642\u0629 \u0627\u0644\u0627\u0633\u062a\u062e\u062f\u0627\u0645\u00a0<\/span><\/strong><\/p>\n<p>Appliquer matin et soir sur la peau du contour des yeux apr\u00e8s l\u2019avoir nettoy\u00e9e. Appliquer par l\u00e9gers tapotements. Approuv\u00e9 par des dermatologues et des ophtalmologues.<\/p>\n<p><strong><span lang=\"EN-US\" style=\"font-size: 11.0pt; line-height: 106%; font-family: 'Segoe UI Emoji',sans-serif; font-weight: normal;\">\u26a0<\/span><span style=\"font-size: 11pt; line-height: 106%; font-family: Arial, sans-serif;\">\ufe0f<\/span><span style=\"font-size: 11pt; line-height: 106%; font-family: Arial, sans-serif;\"> <span lang=\"EN-US\">\u062a\u062d\u0630\u064a\u0631\u0627\u062a <\/span><\/span><\/strong><\/p>\n<p>Convient aux porteurs de lentilles de contact.<\/p>","protected":false},"excerpt":{"rendered":"<p>Fra\u00eecheur et \u00e9clat pour un regard repos\u00e9 \u2728\ud83d\udc41\ufe0f V\u00e9gane Sans alcool Sans parfum Sans paraffine \/ huiles min\u00e9rales Sans parab\u00e8ne Sans sels d\u2019aluminium Avec caf\u00e9ine, vitamine C, hydro-complexe &#038; 10% aloe vera Pr\u00e9serve du vieillissement pr\u00e9matur\u00e9 de la peau d\u00fb \u00e0 la lumi\u00e8re En cas de gonflements et de cernes, pour un nouvel \u00e9clat Avec [&hellip;]<\/p>\n","protected":false},"featured_media":23393,"template":"","meta":{"om_disable_all_campaigns":false},"product_brand":[3236],"product_cat":[18],"product_tag":[4839,3237,3240,3238,3239,6779,6898,3241,6897,6780,6899,6230,6781,6700],"class_list":{"0":"post-23396","1":"product","2":"type-product","3":"status-publish","4":"has-post-thumbnail","6":"product_brand-balea-dm-prix-maroc","7":"product_cat-beaute-sante","8":"product_tag-anti-fatigue","9":"product_tag-balea","10":"product_tag-balea-dm","11":"product_tag-balea-maroc","12":"product_tag-balea-morocco","13":"product_tag-cernes","14":"product_tag-contour-des-yeux","15":"product_tag-dm-maroc","16":"product_tag-hydratation-yeux","17":"product_tag-poches","18":"product_tag-regard-frais","19":"product_tag-soin-quotidien","20":"product_tag-soin-yeux","21":"product_tag-tonifiant","23":"first","24":"instock","25":"taxable","26":"shipping-taxable","27":"purchasable","28":"product-type-simple"},"yoast_head":"<!-- This site is optimized with the Yoast SEO plugin v27.5 - https:\/\/yoast.com\/product\/yoast-seo-wordpress\/ -->\n<title>Balea Soin des yeux tonifiant - Maroc Prix<\/title>\n<meta name=\"description\" content=\"Le Soin des Yeux Tonifiant Balea hydrate et rafra\u00eechit le contour des yeux. Aide \u00e0 r\u00e9duire cernes, poches et signes de fatigue pour un regard frais\" \/>\n<meta name=\"robots\" content=\"index, follow, max-snippet:-1, max-image-preview:large, max-video-preview:-1\" \/>\n<link rel=\"canonical\" href=\"https:\/\/vitablanca.ma\/ar\/product-2\/balea-soin-des-yeux-tonifiant\/\" \/>\n<meta property=\"og:locale\" content=\"ar_AR\" \/>\n<meta property=\"og:type\" content=\"article\" \/>\n<meta property=\"og:title\" content=\"Balea Soin des yeux tonifiant - Maroc Prix\" \/>\n<meta property=\"og:description\" content=\"Le Soin des Yeux Tonifiant Balea hydrate et rafra\u00eechit le contour des yeux. Aide \u00e0 r\u00e9duire cernes, poches et signes de fatigue pour un regard frais\" \/>\n<meta property=\"og:url\" content=\"https:\/\/vitablanca.ma\/ar\/product-2\/balea-soin-des-yeux-tonifiant\/\" \/>\n<meta property=\"og:site_name\" content=\"Vitablanca.ma &ndash; Sant&eacute;, vitalit&eacute; et bien-&ecirc;tre pour tous les Marocains\" \/>\n<meta property=\"article:publisher\" content=\"https:\/\/www.facebook.com\/profile.php?id=61576678196717\" \/>\n<meta property=\"article:modified_time\" content=\"2026-01-31T00:20:42+00:00\" \/>\n<meta property=\"og:image\" content=\"https:\/\/vitablanca.ma\/wp-content\/uploads\/2025\/07\/augenpflege-belebend.jpg\" \/>\n\t<meta property=\"og:image:width\" content=\"1200\" \/>\n\t<meta property=\"og:image:height\" content=\"1200\" \/>\n\t<meta property=\"og:image:type\" content=\"image\/jpeg\" \/>\n<meta name=\"twitter:card\" content=\"summary_large_image\" \/>\n<meta name=\"twitter:label1\" content=\"\u0648\u0642\u062a \u0627\u0644\u0642\u0631\u0627\u0621\u0629 \u0627\u0644\u0645\u064f\u0642\u062f\u0651\u0631\" \/>\n\t<meta name=\"twitter:data1\" content=\"\u062f\u0642\u064a\u0642\u0629 \u0648\u0627\u062d\u062f\u0629\" \/>\n<script type=\"application\/ld+json\" class=\"yoast-schema-graph\">{\"@context\":\"https:\\\/\\\/schema.org\",\"@graph\":[{\"@type\":[\"WebPage\",\"ItemPage\"],\"@id\":\"https:\\\/\\\/vitablanca.ma\\\/produit\\\/balea-soin-des-yeux-tonifiant\\\/\",\"url\":\"https:\\\/\\\/vitablanca.ma\\\/produit\\\/balea-soin-des-yeux-tonifiant\\\/\",\"name\":\"Balea Soin des yeux tonifiant - Maroc Prix\",\"isPartOf\":{\"@id\":\"https:\\\/\\\/vitablanca.ma\\\/#website\"},\"primaryImageOfPage\":{\"@id\":\"https:\\\/\\\/vitablanca.ma\\\/produit\\\/balea-soin-des-yeux-tonifiant\\\/#primaryimage\"},\"image\":{\"@id\":\"https:\\\/\\\/vitablanca.ma\\\/produit\\\/balea-soin-des-yeux-tonifiant\\\/#primaryimage\"},\"thumbnailUrl\":\"https:\\\/\\\/vitablanca.ma\\\/wp-content\\\/uploads\\\/2025\\\/07\\\/augenpflege-belebend.jpg\",\"datePublished\":\"2025-07-10T18:06:21+00:00\",\"dateModified\":\"2026-01-31T00:20:42+00:00\",\"description\":\"Le Soin des Yeux Tonifiant Balea hydrate et rafra\u00eechit le contour des yeux. Aide \u00e0 r\u00e9duire cernes, poches et signes de fatigue pour un regard frais\",\"breadcrumb\":{\"@id\":\"https:\\\/\\\/vitablanca.ma\\\/produit\\\/balea-soin-des-yeux-tonifiant\\\/#breadcrumb\"},\"inLanguage\":\"ar\",\"potentialAction\":[{\"@type\":\"ReadAction\",\"target\":[\"https:\\\/\\\/vitablanca.ma\\\/produit\\\/balea-soin-des-yeux-tonifiant\\\/\"]}]},{\"@type\":\"ImageObject\",\"inLanguage\":\"ar\",\"@id\":\"https:\\\/\\\/vitablanca.ma\\\/produit\\\/balea-soin-des-yeux-tonifiant\\\/#primaryimage\",\"url\":\"https:\\\/\\\/vitablanca.ma\\\/wp-content\\\/uploads\\\/2025\\\/07\\\/augenpflege-belebend.jpg\",\"contentUrl\":\"https:\\\/\\\/vitablanca.ma\\\/wp-content\\\/uploads\\\/2025\\\/07\\\/augenpflege-belebend.jpg\",\"width\":1200,\"height\":1200},{\"@type\":\"BreadcrumbList\",\"@id\":\"https:\\\/\\\/vitablanca.ma\\\/produit\\\/balea-soin-des-yeux-tonifiant\\\/#breadcrumb\",\"itemListElement\":[{\"@type\":\"ListItem\",\"position\":1,\"name\":\"Home\",\"item\":\"https:\\\/\\\/vitablanca.ma\\\/\"},{\"@type\":\"ListItem\",\"position\":2,\"name\":\"Tous Les Produits\",\"item\":\"https:\\\/\\\/vitablanca.ma\\\/tous-les-produits\\\/\"},{\"@type\":\"ListItem\",\"position\":3,\"name\":\"Balea &#8211; Soin des yeux tonifiant\"}]},{\"@type\":\"WebSite\",\"@id\":\"https:\\\/\\\/vitablanca.ma\\\/#website\",\"url\":\"https:\\\/\\\/vitablanca.ma\\\/\",\"name\":\"VitaBlanca.ma | Compl\u00e9ments alimentaires, sant\u00e9 & beaut\u00e9 au Maroc\",\"description\":\"vendre vitamines et compl\u00e9ments premium des USA &amp; Canada, Nouvelle Z\u00e9lande,Maroc (NOW Foods, Solgar, Manuka). Livraison rapide partout au Maroc.\",\"publisher\":{\"@id\":\"https:\\\/\\\/vitablanca.ma\\\/#organization\"},\"alternateName\":\"VitaBlanca.ma\",\"potentialAction\":[{\"@type\":\"SearchAction\",\"target\":{\"@type\":\"EntryPoint\",\"urlTemplate\":\"https:\\\/\\\/vitablanca.ma\\\/?s={search_term_string}\"},\"query-input\":{\"@type\":\"PropertyValueSpecification\",\"valueRequired\":true,\"valueName\":\"search_term_string\"}}],\"inLanguage\":\"ar\"},{\"@type\":\"Organization\",\"@id\":\"https:\\\/\\\/vitablanca.ma\\\/#organization\",\"name\":\"VitaBlanca\",\"url\":\"https:\\\/\\\/vitablanca.ma\\\/\",\"logo\":{\"@type\":\"ImageObject\",\"inLanguage\":\"ar\",\"@id\":\"https:\\\/\\\/vitablanca.ma\\\/#\\\/schema\\\/logo\\\/image\\\/\",\"url\":\"https:\\\/\\\/vitablanca.ma\\\/wp-content\\\/uploads\\\/2025\\\/05\\\/cropped-vitablanca.png\",\"contentUrl\":\"https:\\\/\\\/vitablanca.ma\\\/wp-content\\\/uploads\\\/2025\\\/05\\\/cropped-vitablanca.png\",\"width\":360,\"height\":67,\"caption\":\"VitaBlanca\"},\"image\":{\"@id\":\"https:\\\/\\\/vitablanca.ma\\\/#\\\/schema\\\/logo\\\/image\\\/\"},\"sameAs\":[\"https:\\\/\\\/www.facebook.com\\\/profile.php?id=61576678196717\",\"https:\\\/\\\/www.tiktok.com\\\/@vitablanca.ma\",\"https:\\\/\\\/www.instagram.com\\\/vitablanca.ma\\\/\"]}]}<\/script>\n<!-- \/ Yoast SEO plugin. -->","yoast_head_json":{"title":"Balea Soin des yeux tonifiant - Maroc Prix","description":"Le Soin des Yeux Tonifiant Balea hydrate et rafra\u00eechit le contour des yeux. Aide \u00e0 r\u00e9duire cernes, poches et signes de fatigue pour un regard frais","robots":{"index":"index","follow":"follow","max-snippet":"max-snippet:-1","max-image-preview":"max-image-preview:large","max-video-preview":"max-video-preview:-1"},"canonical":"https:\/\/vitablanca.ma\/ar\/product-2\/balea-soin-des-yeux-tonifiant\/","og_locale":"ar_AR","og_type":"article","og_title":"Balea Soin des yeux tonifiant - Maroc Prix","og_description":"Le Soin des Yeux Tonifiant Balea hydrate et rafra\u00eechit le contour des yeux. Aide \u00e0 r\u00e9duire cernes, poches et signes de fatigue pour un regard frais","og_url":"https:\/\/vitablanca.ma\/ar\/product-2\/balea-soin-des-yeux-tonifiant\/","og_site_name":"Vitablanca.ma &ndash; Sant&eacute;, vitalit&eacute; et bien-&ecirc;tre pour tous les Marocains","article_publisher":"https:\/\/www.facebook.com\/profile.php?id=61576678196717","article_modified_time":"2026-01-31T00:20:42+00:00","og_image":[{"width":1200,"height":1200,"url":"https:\/\/vitablanca.ma\/wp-content\/uploads\/2025\/07\/augenpflege-belebend.jpg","type":"image\/jpeg"}],"twitter_card":"summary_large_image","twitter_misc":{"\u0648\u0642\u062a \u0627\u0644\u0642\u0631\u0627\u0621\u0629 \u0627\u0644\u0645\u064f\u0642\u062f\u0651\u0631":"\u062f\u0642\u064a\u0642\u0629 \u0648\u0627\u062d\u062f\u0629"},"schema":{"@context":"https:\/\/schema.org","@graph":[{"@type":["WebPage","ItemPage"],"@id":"https:\/\/vitablanca.ma\/produit\/balea-soin-des-yeux-tonifiant\/","url":"https:\/\/vitablanca.ma\/produit\/balea-soin-des-yeux-tonifiant\/","name":"Balea Soin des yeux tonifiant - Maroc Prix","isPartOf":{"@id":"https:\/\/vitablanca.ma\/#website"},"primaryImageOfPage":{"@id":"https:\/\/vitablanca.ma\/produit\/balea-soin-des-yeux-tonifiant\/#primaryimage"},"image":{"@id":"https:\/\/vitablanca.ma\/produit\/balea-soin-des-yeux-tonifiant\/#primaryimage"},"thumbnailUrl":"https:\/\/vitablanca.ma\/wp-content\/uploads\/2025\/07\/augenpflege-belebend.jpg","datePublished":"2025-07-10T18:06:21+00:00","dateModified":"2026-01-31T00:20:42+00:00","description":"Le Soin des Yeux Tonifiant Balea hydrate et rafra\u00eechit le contour des yeux. Aide \u00e0 r\u00e9duire cernes, poches et signes de fatigue pour un regard frais","breadcrumb":{"@id":"https:\/\/vitablanca.ma\/produit\/balea-soin-des-yeux-tonifiant\/#breadcrumb"},"inLanguage":"ar","potentialAction":[{"@type":"ReadAction","target":["https:\/\/vitablanca.ma\/produit\/balea-soin-des-yeux-tonifiant\/"]}]},{"@type":"ImageObject","inLanguage":"ar","@id":"https:\/\/vitablanca.ma\/produit\/balea-soin-des-yeux-tonifiant\/#primaryimage","url":"https:\/\/vitablanca.ma\/wp-content\/uploads\/2025\/07\/augenpflege-belebend.jpg","contentUrl":"https:\/\/vitablanca.ma\/wp-content\/uploads\/2025\/07\/augenpflege-belebend.jpg","width":1200,"height":1200},{"@type":"BreadcrumbList","@id":"https:\/\/vitablanca.ma\/produit\/balea-soin-des-yeux-tonifiant\/#breadcrumb","itemListElement":[{"@type":"ListItem","position":1,"name":"Home","item":"https:\/\/vitablanca.ma\/"},{"@type":"ListItem","position":2,"name":"Tous Les Produits","item":"https:\/\/vitablanca.ma\/tous-les-produits\/"},{"@type":"ListItem","position":3,"name":"Balea &#8211; Soin des yeux tonifiant"}]},{"@type":"WebSite","@id":"https:\/\/vitablanca.ma\/#website","url":"https:\/\/vitablanca.ma\/","name":"VitaBlanca.ma | \u0627\u0644\u0645\u0643\u0645\u0644\u0627\u062a \u0627\u0644\u063a\u0630\u0627\u0626\u064a\u0629\u060c \u0627\u0644\u0635\u062d\u0629 \u0648\u0627\u0644\u062c\u0645\u0627\u0644 \u0641\u064a \u0627\u0644\u0645\u063a\u0631\u0628","description":"\u0646\u0628\u064a\u0639 \u0641\u064a\u062a\u0627\u0645\u064a\u0646\u0627\u062a \u0648\u0645\u0643\u0645\u0644\u0627\u062a \u063a\u0630\u0627\u0626\u064a\u0629 \u0641\u0627\u062e\u0631\u0629 \u0645\u0646 \u0627\u0644\u0648\u0644\u0627\u064a\u0627\u062a \u0627\u0644\u0645\u062a\u062d\u062f\u0629 \u0627\u0644\u0623\u0645\u0631\u064a\u0643\u064a\u0629 \u0648\u0643\u0646\u062f\u0627 \u0648\u0646\u064a\u0648\u0632\u064a\u0644\u0646\u062f\u0627 \u0648\u0627\u0644\u0645\u063a\u0631\u0628 (\u0646\u0627\u0648 \u0641\u0648\u062f\u0632\u060c \u0633\u0648\u0644\u062c\u0627\u0631\u060c \u0645\u0627\u0646\u0648\u0643\u0627). \u062a\u0648\u0635\u064a\u0644 \u0633\u0631\u064a\u0639 \u0625\u0644\u0649 \u062c\u0645\u064a\u0639 \u0623\u0646\u062d\u0627\u0621 \u0627\u0644\u0645\u063a\u0631\u0628.","publisher":{"@id":"https:\/\/vitablanca.ma\/#organization"},"alternateName":"VitaBlanca.ma","potentialAction":[{"@type":"SearchAction","target":{"@type":"EntryPoint","urlTemplate":"https:\/\/vitablanca.ma\/?s={search_term_string}"},"query-input":{"@type":"PropertyValueSpecification","valueRequired":true,"valueName":"search_term_string"}}],"inLanguage":"ar"},{"@type":"Organization","@id":"https:\/\/vitablanca.ma\/#organization","name":"\u0641\u064a\u062a\u0627\u0628\u0644\u0627\u0646\u0643\u0627","url":"https:\/\/vitablanca.ma\/","logo":{"@type":"ImageObject","inLanguage":"ar","@id":"https:\/\/vitablanca.ma\/#\/schema\/logo\/image\/","url":"https:\/\/vitablanca.ma\/wp-content\/uploads\/2025\/05\/cropped-vitablanca.png","contentUrl":"https:\/\/vitablanca.ma\/wp-content\/uploads\/2025\/05\/cropped-vitablanca.png","width":360,"height":67,"caption":"VitaBlanca"},"image":{"@id":"https:\/\/vitablanca.ma\/#\/schema\/logo\/image\/"},"sameAs":["https:\/\/www.facebook.com\/profile.php?id=61576678196717","https:\/\/www.tiktok.com\/@vitablanca.ma","https:\/\/www.instagram.com\/vitablanca.ma\/"]}]}},"jetpack_sharing_enabled":true,"_links":{"self":[{"href":"https:\/\/vitablanca.ma\/ar\/wp-json\/wp\/v2\/product\/23396","targetHints":{"allow":["GET"]}}],"collection":[{"href":"https:\/\/vitablanca.ma\/ar\/wp-json\/wp\/v2\/product"}],"about":[{"href":"https:\/\/vitablanca.ma\/ar\/wp-json\/wp\/v2\/types\/product"}],"wp:featuredmedia":[{"embeddable":true,"href":"https:\/\/vitablanca.ma\/ar\/wp-json\/wp\/v2\/media\/23393"}],"wp:attachment":[{"href":"https:\/\/vitablanca.ma\/ar\/wp-json\/wp\/v2\/media?parent=23396"}],"wp:term":[{"taxonomy":"product_brand","embeddable":true,"href":"https:\/\/vitablanca.ma\/ar\/wp-json\/wp\/v2\/product_brand?post=23396"},{"taxonomy":"product_cat","embeddable":true,"href":"https:\/\/vitablanca.ma\/ar\/wp-json\/wp\/v2\/product_cat?post=23396"},{"taxonomy":"product_tag","embeddable":true,"href":"https:\/\/vitablanca.ma\/ar\/wp-json\/wp\/v2\/product_tag?post=23396"}],"curies":[{"name":"wp","href":"https:\/\/api.w.org\/{rel}","templated":true}]}}