{"id":23392,"date":"2025-07-10T18:06:09","date_gmt":"2025-07-10T18:06:09","guid":{"rendered":"https:\/\/vitablanca.ma\/product\/balea-apres-shampooing-en-spray-plex-care\/"},"modified":"2026-02-01T21:01:59","modified_gmt":"2026-02-01T21:01:59","slug":"balea-apres-shampooing-en-spray-plex-care","status":"publish","type":"product","link":"https:\/\/vitablanca.ma\/ar\/product-2\/balea-apres-shampooing-en-spray-plex-care\/","title":{"rendered":"Balea &#8211; Apr\u00e8s-shampooing en spray Plex Care"},"content":{"rendered":"<h3>\u2728 Soin instantan\u00e9, force &amp; brillance Dites adieu aux cheveux ab\u00eem\u00e9s ! \ud83c\udf1f<\/h3>\n<ul>\n<li>Spray conditionneur 150 ml<\/li>\n<li>Protection thermique jusqu&rsquo;\u00e0 220 degr\u00e9s<\/li>\n<li>Comble les lacunes de la structure capillaire ab\u00eem\u00e9e<\/li>\n<li>TECHNOLOGIE INTENSE-REPAIR avec complexe prot\u00e9ique triple action<\/li>\n<\/ul>\n<h4><strong><span style=\"font-size: 11pt; line-height: 104%; font-family: 'Segoe UI Emoji', sans-serif;\">\ud83d\udccc<\/span><span lang=\"EN-US\" style=\"font-size: 11pt; line-height: 104%; font-family: Arial, sans-serif;\"> \u0648\u0635\u0641 \u0627\u0644\u0645\u0646\u062a\u062c<\/span><\/strong><\/h4>\n<p>Le conditionneur en spray Plex Care de Balea PROFESSIONAL est la solution id\u00e9ale pour les cheveux ab\u00eem\u00e9s. Gr\u00e2ce \u00e0 sa TECHNOLOGIE INTENSE-REPAIR, il comble les lacunes de la structure capillaire et assure une surface plus lisse. Le conditionneur offre une protection contre la chaleur jusqu&rsquo;\u00e0 220 degr\u00e9s, ce qui le rend parfait pour l&rsquo;utilisation d&rsquo;appareils de coiffage. Il r\u00e9duit \u00e9galement les fourches et les cheveux cassants.<\/p>\n<h4><strong><span style=\"font-size: 11pt; line-height: 104%; font-family: 'Segoe UI Emoji', sans-serif;\">\ud83d\udca1<\/span><span lang=\"EN-US\" style=\"font-size: 11pt; line-height: 104%; font-family: Arial, sans-serif;\"> \u0637\u0631\u064a\u0642\u0629 \u0627\u0644\u0627\u0633\u062a\u062e\u062f\u0627\u0645<\/span><\/strong><\/h4>\n<p>Apr\u00e8s le shampooing, vaporiser directement sur les longueurs des cheveux essor\u00e9s ou secs. Ne pas rincer.<\/p>","protected":false},"excerpt":{"rendered":"<p>\u2728 Soin instantan\u00e9, force &amp; brillance Dites adieu aux cheveux ab\u00eem\u00e9s ! \ud83c\udf1f Spray conditionneur 150 ml Protection thermique jusqu&rsquo;\u00e0 220 degr\u00e9s Comble les lacunes de la structure capillaire ab\u00eem\u00e9e TECHNOLOGIE INTENSE-REPAIR avec complexe prot\u00e9ique triple action \ud83d\udccc Description du produit Le conditionneur en spray Plex Care de Balea PROFESSIONAL est la solution id\u00e9ale pour [&hellip;]<\/p>\n","protected":false},"featured_media":23390,"template":"","meta":{"om_disable_all_campaigns":false},"product_brand":[3236],"product_cat":[18],"product_tag":[3237,6981,3240,3238,3239,6593,6983,3241,6984,6982,6985],"class_list":{"0":"post-23392","1":"product","2":"type-product","3":"status-publish","4":"has-post-thumbnail","6":"product_brand-balea-dm-prix-maroc","7":"product_cat-beaute-sante","8":"product_tag-balea","9":"product_tag-balea-apres-shampooing-spray-plex-care","10":"product_tag-balea-dm","11":"product_tag-balea-maroc","12":"product_tag-balea-morocco","13":"product_tag-cheveux-doux-et-brillants","14":"product_tag-demelant-cheveux-abimes","15":"product_tag-dm-maroc","16":"product_tag-reparation-fibre-capillaire","17":"product_tag-soin-sans-rincage-cheveux","18":"product_tag-technologie-plex","20":"first","21":"instock","22":"taxable","23":"shipping-taxable","24":"purchasable","25":"product-type-simple"},"yoast_head":"<!-- This site is optimized with the Yoast SEO plugin v27.4 - https:\/\/yoast.com\/product\/yoast-seo-wordpress\/ -->\n<title>Balea Apr\u00e8s-Shampooing en Spray Plex Care - Maroc Prix<\/title>\n<meta name=\"description\" content=\"L\u2019Apr\u00e8s-Shampooing en Spray Balea Plex Care r\u00e9pare, renforce et d\u00e9m\u00eale les cheveux sans rin\u00e7age. Id\u00e9al pour des cheveux doux, brillants et faciles \u00e0 coiffer\" \/>\n<meta name=\"robots\" content=\"index, follow, max-snippet:-1, max-image-preview:large, max-video-preview:-1\" \/>\n<link rel=\"canonical\" href=\"https:\/\/vitablanca.ma\/ar\/product-2\/balea-apres-shampooing-en-spray-plex-care\/\" \/>\n<meta property=\"og:locale\" content=\"ar_AR\" \/>\n<meta property=\"og:type\" content=\"article\" \/>\n<meta property=\"og:title\" content=\"Balea Apr\u00e8s-Shampooing en Spray Plex Care - Maroc Prix\" \/>\n<meta property=\"og:description\" content=\"L\u2019Apr\u00e8s-Shampooing en Spray Balea Plex Care r\u00e9pare, renforce et d\u00e9m\u00eale les cheveux sans rin\u00e7age. Id\u00e9al pour des cheveux doux, brillants et faciles \u00e0 coiffer\" \/>\n<meta property=\"og:url\" content=\"https:\/\/vitablanca.ma\/ar\/product-2\/balea-apres-shampooing-en-spray-plex-care\/\" \/>\n<meta property=\"og:site_name\" content=\"Vitablanca.ma &ndash; Sant&eacute;, vitalit&eacute; et bien-&ecirc;tre pour tous les Marocains\" \/>\n<meta property=\"article:publisher\" content=\"https:\/\/www.facebook.com\/profile.php?id=61576678196717\" \/>\n<meta property=\"article:modified_time\" content=\"2026-02-01T21:01:59+00:00\" \/>\n<meta property=\"og:image\" content=\"https:\/\/vitablanca.ma\/wp-content\/uploads\/2025\/07\/balea-professional-sprueh-conditioner-plex-care.jpg\" \/>\n\t<meta property=\"og:image:width\" content=\"1201\" \/>\n\t<meta property=\"og:image:height\" content=\"1200\" \/>\n\t<meta property=\"og:image:type\" content=\"image\/jpeg\" \/>\n<meta name=\"twitter:card\" content=\"summary_large_image\" \/>\n<meta name=\"twitter:label1\" content=\"\u0648\u0642\u062a \u0627\u0644\u0642\u0631\u0627\u0621\u0629 \u0627\u0644\u0645\u064f\u0642\u062f\u0651\u0631\" \/>\n\t<meta name=\"twitter:data1\" content=\"\u062f\u0642\u064a\u0642\u0629 \u0648\u0627\u062d\u062f\u0629\" \/>\n<script type=\"application\/ld+json\" class=\"yoast-schema-graph\">{\"@context\":\"https:\\\/\\\/schema.org\",\"@graph\":[{\"@type\":[\"WebPage\",\"ItemPage\"],\"@id\":\"https:\\\/\\\/vitablanca.ma\\\/produit\\\/balea-apres-shampooing-en-spray-plex-care\\\/\",\"url\":\"https:\\\/\\\/vitablanca.ma\\\/produit\\\/balea-apres-shampooing-en-spray-plex-care\\\/\",\"name\":\"Balea Apr\u00e8s-Shampooing en Spray Plex Care - Maroc Prix\",\"isPartOf\":{\"@id\":\"https:\\\/\\\/vitablanca.ma\\\/#website\"},\"primaryImageOfPage\":{\"@id\":\"https:\\\/\\\/vitablanca.ma\\\/produit\\\/balea-apres-shampooing-en-spray-plex-care\\\/#primaryimage\"},\"image\":{\"@id\":\"https:\\\/\\\/vitablanca.ma\\\/produit\\\/balea-apres-shampooing-en-spray-plex-care\\\/#primaryimage\"},\"thumbnailUrl\":\"https:\\\/\\\/vitablanca.ma\\\/wp-content\\\/uploads\\\/2025\\\/07\\\/balea-professional-sprueh-conditioner-plex-care.jpg\",\"datePublished\":\"2025-07-10T18:06:09+00:00\",\"dateModified\":\"2026-02-01T21:01:59+00:00\",\"description\":\"L\u2019Apr\u00e8s-Shampooing en Spray Balea Plex Care r\u00e9pare, renforce et d\u00e9m\u00eale les cheveux sans rin\u00e7age. Id\u00e9al pour des cheveux doux, brillants et faciles \u00e0 coiffer\",\"breadcrumb\":{\"@id\":\"https:\\\/\\\/vitablanca.ma\\\/produit\\\/balea-apres-shampooing-en-spray-plex-care\\\/#breadcrumb\"},\"inLanguage\":\"ar\",\"potentialAction\":[{\"@type\":\"ReadAction\",\"target\":[\"https:\\\/\\\/vitablanca.ma\\\/produit\\\/balea-apres-shampooing-en-spray-plex-care\\\/\"]}]},{\"@type\":\"ImageObject\",\"inLanguage\":\"ar\",\"@id\":\"https:\\\/\\\/vitablanca.ma\\\/produit\\\/balea-apres-shampooing-en-spray-plex-care\\\/#primaryimage\",\"url\":\"https:\\\/\\\/vitablanca.ma\\\/wp-content\\\/uploads\\\/2025\\\/07\\\/balea-professional-sprueh-conditioner-plex-care.jpg\",\"contentUrl\":\"https:\\\/\\\/vitablanca.ma\\\/wp-content\\\/uploads\\\/2025\\\/07\\\/balea-professional-sprueh-conditioner-plex-care.jpg\",\"width\":1201,\"height\":1200},{\"@type\":\"BreadcrumbList\",\"@id\":\"https:\\\/\\\/vitablanca.ma\\\/produit\\\/balea-apres-shampooing-en-spray-plex-care\\\/#breadcrumb\",\"itemListElement\":[{\"@type\":\"ListItem\",\"position\":1,\"name\":\"Home\",\"item\":\"https:\\\/\\\/vitablanca.ma\\\/\"},{\"@type\":\"ListItem\",\"position\":2,\"name\":\"Tous Les Produits\",\"item\":\"https:\\\/\\\/vitablanca.ma\\\/tous-les-produits\\\/\"},{\"@type\":\"ListItem\",\"position\":3,\"name\":\"Balea &#8211; Apr\u00e8s-shampooing en spray Plex Care\"}]},{\"@type\":\"WebSite\",\"@id\":\"https:\\\/\\\/vitablanca.ma\\\/#website\",\"url\":\"https:\\\/\\\/vitablanca.ma\\\/\",\"name\":\"VitaBlanca.ma | Compl\u00e9ments alimentaires, sant\u00e9 & beaut\u00e9 au Maroc\",\"description\":\"vendre vitamines et compl\u00e9ments premium des USA &amp; Canada, Nouvelle Z\u00e9lande,Maroc (NOW Foods, Solgar, Manuka). Livraison rapide partout au Maroc.\",\"publisher\":{\"@id\":\"https:\\\/\\\/vitablanca.ma\\\/#organization\"},\"alternateName\":\"VitaBlanca.ma\",\"potentialAction\":[{\"@type\":\"SearchAction\",\"target\":{\"@type\":\"EntryPoint\",\"urlTemplate\":\"https:\\\/\\\/vitablanca.ma\\\/?s={search_term_string}\"},\"query-input\":{\"@type\":\"PropertyValueSpecification\",\"valueRequired\":true,\"valueName\":\"search_term_string\"}}],\"inLanguage\":\"ar\"},{\"@type\":\"Organization\",\"@id\":\"https:\\\/\\\/vitablanca.ma\\\/#organization\",\"name\":\"VitaBlanca\",\"url\":\"https:\\\/\\\/vitablanca.ma\\\/\",\"logo\":{\"@type\":\"ImageObject\",\"inLanguage\":\"ar\",\"@id\":\"https:\\\/\\\/vitablanca.ma\\\/#\\\/schema\\\/logo\\\/image\\\/\",\"url\":\"https:\\\/\\\/vitablanca.ma\\\/wp-content\\\/uploads\\\/2025\\\/05\\\/cropped-vitablanca.png\",\"contentUrl\":\"https:\\\/\\\/vitablanca.ma\\\/wp-content\\\/uploads\\\/2025\\\/05\\\/cropped-vitablanca.png\",\"width\":360,\"height\":67,\"caption\":\"VitaBlanca\"},\"image\":{\"@id\":\"https:\\\/\\\/vitablanca.ma\\\/#\\\/schema\\\/logo\\\/image\\\/\"},\"sameAs\":[\"https:\\\/\\\/www.facebook.com\\\/profile.php?id=61576678196717\",\"https:\\\/\\\/www.tiktok.com\\\/@vitablanca.ma\",\"https:\\\/\\\/www.instagram.com\\\/vitablanca.ma\\\/\"]}]}<\/script>\n<!-- \/ Yoast SEO plugin. -->","yoast_head_json":{"title":"Balea Apr\u00e8s-Shampooing en Spray Plex Care - Maroc Prix","description":"L\u2019Apr\u00e8s-Shampooing en Spray Balea Plex Care r\u00e9pare, renforce et d\u00e9m\u00eale les cheveux sans rin\u00e7age. Id\u00e9al pour des cheveux doux, brillants et faciles \u00e0 coiffer","robots":{"index":"index","follow":"follow","max-snippet":"max-snippet:-1","max-image-preview":"max-image-preview:large","max-video-preview":"max-video-preview:-1"},"canonical":"https:\/\/vitablanca.ma\/ar\/product-2\/balea-apres-shampooing-en-spray-plex-care\/","og_locale":"ar_AR","og_type":"article","og_title":"Balea Apr\u00e8s-Shampooing en Spray Plex Care - Maroc Prix","og_description":"L\u2019Apr\u00e8s-Shampooing en Spray Balea Plex Care r\u00e9pare, renforce et d\u00e9m\u00eale les cheveux sans rin\u00e7age. Id\u00e9al pour des cheveux doux, brillants et faciles \u00e0 coiffer","og_url":"https:\/\/vitablanca.ma\/ar\/product-2\/balea-apres-shampooing-en-spray-plex-care\/","og_site_name":"Vitablanca.ma &ndash; Sant&eacute;, vitalit&eacute; et bien-&ecirc;tre pour tous les Marocains","article_publisher":"https:\/\/www.facebook.com\/profile.php?id=61576678196717","article_modified_time":"2026-02-01T21:01:59+00:00","og_image":[{"width":1201,"height":1200,"url":"https:\/\/vitablanca.ma\/wp-content\/uploads\/2025\/07\/balea-professional-sprueh-conditioner-plex-care.jpg","type":"image\/jpeg"}],"twitter_card":"summary_large_image","twitter_misc":{"\u0648\u0642\u062a \u0627\u0644\u0642\u0631\u0627\u0621\u0629 \u0627\u0644\u0645\u064f\u0642\u062f\u0651\u0631":"\u062f\u0642\u064a\u0642\u0629 \u0648\u0627\u062d\u062f\u0629"},"schema":{"@context":"https:\/\/schema.org","@graph":[{"@type":["WebPage","ItemPage"],"@id":"https:\/\/vitablanca.ma\/produit\/balea-apres-shampooing-en-spray-plex-care\/","url":"https:\/\/vitablanca.ma\/produit\/balea-apres-shampooing-en-spray-plex-care\/","name":"Balea Apr\u00e8s-Shampooing en Spray Plex Care - Maroc Prix","isPartOf":{"@id":"https:\/\/vitablanca.ma\/#website"},"primaryImageOfPage":{"@id":"https:\/\/vitablanca.ma\/produit\/balea-apres-shampooing-en-spray-plex-care\/#primaryimage"},"image":{"@id":"https:\/\/vitablanca.ma\/produit\/balea-apres-shampooing-en-spray-plex-care\/#primaryimage"},"thumbnailUrl":"https:\/\/vitablanca.ma\/wp-content\/uploads\/2025\/07\/balea-professional-sprueh-conditioner-plex-care.jpg","datePublished":"2025-07-10T18:06:09+00:00","dateModified":"2026-02-01T21:01:59+00:00","description":"L\u2019Apr\u00e8s-Shampooing en Spray Balea Plex Care r\u00e9pare, renforce et d\u00e9m\u00eale les cheveux sans rin\u00e7age. Id\u00e9al pour des cheveux doux, brillants et faciles \u00e0 coiffer","breadcrumb":{"@id":"https:\/\/vitablanca.ma\/produit\/balea-apres-shampooing-en-spray-plex-care\/#breadcrumb"},"inLanguage":"ar","potentialAction":[{"@type":"ReadAction","target":["https:\/\/vitablanca.ma\/produit\/balea-apres-shampooing-en-spray-plex-care\/"]}]},{"@type":"ImageObject","inLanguage":"ar","@id":"https:\/\/vitablanca.ma\/produit\/balea-apres-shampooing-en-spray-plex-care\/#primaryimage","url":"https:\/\/vitablanca.ma\/wp-content\/uploads\/2025\/07\/balea-professional-sprueh-conditioner-plex-care.jpg","contentUrl":"https:\/\/vitablanca.ma\/wp-content\/uploads\/2025\/07\/balea-professional-sprueh-conditioner-plex-care.jpg","width":1201,"height":1200},{"@type":"BreadcrumbList","@id":"https:\/\/vitablanca.ma\/produit\/balea-apres-shampooing-en-spray-plex-care\/#breadcrumb","itemListElement":[{"@type":"ListItem","position":1,"name":"Home","item":"https:\/\/vitablanca.ma\/"},{"@type":"ListItem","position":2,"name":"Tous Les Produits","item":"https:\/\/vitablanca.ma\/tous-les-produits\/"},{"@type":"ListItem","position":3,"name":"Balea &#8211; Apr\u00e8s-shampooing en spray Plex Care"}]},{"@type":"WebSite","@id":"https:\/\/vitablanca.ma\/#website","url":"https:\/\/vitablanca.ma\/","name":"VitaBlanca.ma | \u0627\u0644\u0645\u0643\u0645\u0644\u0627\u062a \u0627\u0644\u063a\u0630\u0627\u0626\u064a\u0629\u060c \u0627\u0644\u0635\u062d\u0629 \u0648\u0627\u0644\u062c\u0645\u0627\u0644 \u0641\u064a \u0627\u0644\u0645\u063a\u0631\u0628","description":"\u0646\u0628\u064a\u0639 \u0641\u064a\u062a\u0627\u0645\u064a\u0646\u0627\u062a \u0648\u0645\u0643\u0645\u0644\u0627\u062a \u063a\u0630\u0627\u0626\u064a\u0629 \u0641\u0627\u062e\u0631\u0629 \u0645\u0646 \u0627\u0644\u0648\u0644\u0627\u064a\u0627\u062a \u0627\u0644\u0645\u062a\u062d\u062f\u0629 \u0627\u0644\u0623\u0645\u0631\u064a\u0643\u064a\u0629 \u0648\u0643\u0646\u062f\u0627 \u0648\u0646\u064a\u0648\u0632\u064a\u0644\u0646\u062f\u0627 \u0648\u0627\u0644\u0645\u063a\u0631\u0628 (\u0646\u0627\u0648 \u0641\u0648\u062f\u0632\u060c \u0633\u0648\u0644\u062c\u0627\u0631\u060c \u0645\u0627\u0646\u0648\u0643\u0627). \u062a\u0648\u0635\u064a\u0644 \u0633\u0631\u064a\u0639 \u0625\u0644\u0649 \u062c\u0645\u064a\u0639 \u0623\u0646\u062d\u0627\u0621 \u0627\u0644\u0645\u063a\u0631\u0628.","publisher":{"@id":"https:\/\/vitablanca.ma\/#organization"},"alternateName":"VitaBlanca.ma","potentialAction":[{"@type":"SearchAction","target":{"@type":"EntryPoint","urlTemplate":"https:\/\/vitablanca.ma\/?s={search_term_string}"},"query-input":{"@type":"PropertyValueSpecification","valueRequired":true,"valueName":"search_term_string"}}],"inLanguage":"ar"},{"@type":"Organization","@id":"https:\/\/vitablanca.ma\/#organization","name":"\u0641\u064a\u062a\u0627\u0628\u0644\u0627\u0646\u0643\u0627","url":"https:\/\/vitablanca.ma\/","logo":{"@type":"ImageObject","inLanguage":"ar","@id":"https:\/\/vitablanca.ma\/#\/schema\/logo\/image\/","url":"https:\/\/vitablanca.ma\/wp-content\/uploads\/2025\/05\/cropped-vitablanca.png","contentUrl":"https:\/\/vitablanca.ma\/wp-content\/uploads\/2025\/05\/cropped-vitablanca.png","width":360,"height":67,"caption":"VitaBlanca"},"image":{"@id":"https:\/\/vitablanca.ma\/#\/schema\/logo\/image\/"},"sameAs":["https:\/\/www.facebook.com\/profile.php?id=61576678196717","https:\/\/www.tiktok.com\/@vitablanca.ma","https:\/\/www.instagram.com\/vitablanca.ma\/"]}]}},"jetpack_sharing_enabled":true,"_links":{"self":[{"href":"https:\/\/vitablanca.ma\/ar\/wp-json\/wp\/v2\/product\/23392","targetHints":{"allow":["GET"]}}],"collection":[{"href":"https:\/\/vitablanca.ma\/ar\/wp-json\/wp\/v2\/product"}],"about":[{"href":"https:\/\/vitablanca.ma\/ar\/wp-json\/wp\/v2\/types\/product"}],"wp:featuredmedia":[{"embeddable":true,"href":"https:\/\/vitablanca.ma\/ar\/wp-json\/wp\/v2\/media\/23390"}],"wp:attachment":[{"href":"https:\/\/vitablanca.ma\/ar\/wp-json\/wp\/v2\/media?parent=23392"}],"wp:term":[{"taxonomy":"product_brand","embeddable":true,"href":"https:\/\/vitablanca.ma\/ar\/wp-json\/wp\/v2\/product_brand?post=23392"},{"taxonomy":"product_cat","embeddable":true,"href":"https:\/\/vitablanca.ma\/ar\/wp-json\/wp\/v2\/product_cat?post=23392"},{"taxonomy":"product_tag","embeddable":true,"href":"https:\/\/vitablanca.ma\/ar\/wp-json\/wp\/v2\/product_tag?post=23392"}],"curies":[{"name":"wp","href":"https:\/\/api.w.org\/{rel}","templated":true}]}}