{"id":23380,"date":"2025-07-10T18:05:42","date_gmt":"2025-07-10T18:05:42","guid":{"rendered":"https:\/\/vitablanca.ma\/product\/mivolis-comprimes-pour-lestomac-60-pc\/"},"modified":"2025-08-20T21:59:08","modified_gmt":"2025-08-20T21:59:08","slug":"mivolis-comprimes-pour-lestomac-60-pc","status":"publish","type":"product","link":"https:\/\/vitablanca.ma\/ar\/product-2\/mivolis-comprimes-pour-lestomac-60-pc\/","title":{"rendered":"\u0623\u0642\u0631\u0627\u0635 \u0628\u0627\u0644\u064a\u0627 \u0645\u064a\u0641\u0648\u0644\u064a\u0633 \u0644\u0644\u0645\u0639\u062f\u0629\u060c 60 \u0642\u0637\u0639\u0629"},"content":{"rendered":"<h3><strong data-start=\"236\" data-end=\"297\">\u064a\u062e\u0641\u0641 \u062d\u0631\u0642\u0629 \u0627\u0644\u0645\u0639\u062f\u0629 \u0648\u0627\u0644\u0627\u0646\u062a\u0641\u0627\u062e\u00a0<\/strong><\/h3>\n<p>\u062a\u062d\u062a\u0648\u064a \u0623\u0642\u0631\u0627\u0635 \u0645\u064a\u0641\u0648\u0644\u064a\u0633 \u0644\u0644\u0645\u0639\u062f\u0629 \u0639\u0644\u0649 \u0645\u0643\u0648\u0646\u064a\u0646 \u0641\u0639\u0627\u0644\u064a\u0646 \u0645\u062b\u0628\u062a\u064a\u0646 \u0639\u0644\u0645\u064a\u064b\u0627 \u0648\u0641\u0639\u0627\u0644\u064a\u0646\u060c \u0648\u0647\u0645\u0627 \u0643\u0631\u0628\u0648\u0646\u0627\u062a \u0627\u0644\u0643\u0627\u0644\u0633\u064a\u0648\u0645 \u0648\u0643\u0631\u0628\u0648\u0646\u0627\u062a \u0627\u0644\u0645\u063a\u0646\u064a\u0633\u064a\u0648\u0645. \u062a\u0639\u0645\u0644 \u0647\u0630\u0647 \u0627\u0644\u0645\u0643\u0648\u0646\u0627\u062a \u0639\u0644\u0649 \u0645\u0639\u0627\u062f\u0644\u0629 \u062d\u0645\u0648\u0636\u0629 \u0627\u0644\u0645\u0639\u062f\u0629 \u0627\u0644\u0632\u0627\u0626\u062f\u0629\u060c \u0645\u0645\u0627 \u064a\u064f\u062e\u0641\u0641 \u0627\u0644\u0623\u0639\u0631\u0627\u0636 \u0627\u0644\u0645\u0631\u062a\u0628\u0637\u0629 \u0628\u0647\u0627 \u0628\u0633\u0631\u0639\u0629 \u0648\u0641\u0639\u0627\u0644\u064a\u0629. \u062a\u062a\u0645\u064a\u0632 \u0627\u0644\u0623\u0642\u0631\u0627\u0635 \u0628\u0646\u0643\u0647\u0629 \u0627\u0644\u0646\u0639\u0646\u0627\u0639 \u0627\u0644\u0645\u0646\u0639\u0634\u0629\u060c \u0648\u064a\u0645\u0643\u0646 \u0645\u0636\u063a\u0647\u0627 \u0623\u0648 \u062a\u0631\u0643\u0647\u0627.<\/p>\n<h4><strong><span lang=\"EN-US\" style=\"font-size: 11pt; line-height: 104%; font-family: Arial, sans-serif;\">\u0637\u0631\u064a\u0642\u0629 \u0627\u0644\u0627\u0633\u062a\u062e\u062f\u0627\u0645<\/span><\/strong><\/h4>\n<p>Erwachsene and Jugendliche ab 12 Jahren nehmen bei s\u00e4urebedingten Magenbeschwerden oder Sobrennen je nach Bedarf 1-2 Tabletten \u2013 vorzugsweise ca. 1 Stunde nach den Mahlzeiten und vor dem Schlafengehen. \u0641\u064a \u062d\u0627\u0644\u0629 \u062d\u062f\u0648\u062b \u0623\u0639\u0631\u0627\u0636 \u064a\u0645\u0643\u0646 \u0623\u0646 \u062a\u0636\u0627\u0641 \u0623\u0642\u0631\u0627\u0635 Mivolis Magenta \u0625\u0644\u0649 \u0645\u0627\u062f\u0629 \u0645\u062e\u0641\u0641\u0629. \u064a\u0645\u0643\u0646 \u0627\u0633\u062a\u062e\u062f\u0627\u0645 Bei Bedarf \u0628\u0648\u0627\u0633\u0637\u0629 6 Tabletten pro Tag eingenommen werden. \u0642\u062f \u062a\u0643\u0648\u0646 \u0627\u0644\u0623\u0642\u0631\u0627\u0635 \u062a\u0627\u0644\u0641\u0629 \u0623\u0648 \u0645\u062c\u0645\u062f\u0629. \u0625\u0630\u0627 \u0644\u0645 \u062a\u0643\u0646 \u0645\u062a\u0623\u0643\u062f\u064b\u0627 \u0645\u0646 \u0630\u0644\u0643\u060c \u0645\u062b\u0644 \u0623\u0642\u0631\u0627\u0635 Mivolis Magentabletten einnehmen sollen\u060c fragen Sie Ihren Arzt oder Apotheker.<\/p>\n<h4><strong><span lang=\"EN-US\" style=\"font-size: 11pt; line-height: 103%; font-family: Arial, sans-serif;\">\u062a\u062d\u0630\u064a\u0631\u0627\u062a<\/span><\/strong><\/h4>\n<p>\u0625\u0630\u0627 \u0633\u0627\u0621\u062a \u062d\u0627\u0644\u062a\u0643 \u0623\u0648 \u0644\u0645 \u062a\u062a\u062d\u0633\u0646\u060c \u0627\u0633\u062a\u0634\u0631 \u0637\u0628\u064a\u0628\u0643 \u0623\u0648 \u0627\u0644\u0635\u064a\u062f\u0644\u064a. \u064a\u064f\u062d\u0641\u0638 \u0628\u0639\u064a\u062f\u064b\u0627 \u0639\u0646 \u0645\u062a\u0646\u0627\u0648\u0644 \u0627\u0644\u0623\u0637\u0641\u0627\u0644.<\/p>","protected":false},"excerpt":{"rendered":"<ul>\n<li>\u0623\u0642\u0631\u0627\u0635 \u0627\u0644\u0645\u0639\u062f\u0629<\/li>\n<li>\u0641\u064a \u062d\u0627\u0644\u0629 \u062d\u0631\u0642\u0629 \u0627\u0644\u0645\u0639\u062f\u0629 \u0648\u0636\u063a\u0637 \u0627\u0644\u0645\u0639\u062f\u0629 \u0648\u0627\u0644\u0634\u0639\u0648\u0631 \u0628\u0627\u0644\u0627\u0645\u062a\u0644\u0627\u0621 \u0648<\/li>\n<li>\u0627\u0631\u062a\u062c\u0627\u0639 \u0627\u0644\u0645\u0631\u064a\u0621<\/li>\n<li>\u0646\u0643\u0647\u0629 \u0627\u0644\u0646\u0639\u0646\u0627\u0639<\/li>\n<li>\u0627\u0644\u062a\u0635\u0631\u0641 \u0628\u0634\u0643\u0644 \u0645\u0648\u062b\u0648\u0642<\/li>\n<\/ul>","protected":false},"featured_media":23377,"template":"","meta":{"om_disable_all_campaigns":false},"product_brand":[3236,3246],"product_cat":[18],"product_tag":[3237,3240,3242,3238,3239,3268,3269,3270],"class_list":{"0":"post-23380","1":"product","2":"type-product","3":"status-publish","4":"has-post-thumbnail","6":"product_brand-balea-dm-prix-maroc","7":"product_brand-balea-mivolis-prix-maroc-omplements-alimentaires","8":"product_cat-beaute-sante","9":"product_tag-balea","10":"product_tag-balea-dm","11":"product_tag-balea-dm-maroc","12":"product_tag-balea-maroc","13":"product_tag-balea-morocco","14":"product_tag-mivolis","15":"product_tag-mivolis-maroc","16":"product_tag-mivolis-morocco","18":"first","19":"instock","20":"taxable","21":"shipping-taxable","22":"purchasable","23":"product-type-simple"},"yoast_head":"<!-- This site is optimized with the Yoast SEO plugin v27.4 - https:\/\/yoast.com\/product\/yoast-seo-wordpress\/ -->\n<title>Balea Mivolis Comprim\u00e9s pour l&#039;estomac, 60 pc - Maroc Prix<\/title>\n<meta name=\"description\" content=\"Trouvez les comprim\u00e9s pour l&#039;estomac Mivolis 60 pc au Maroc. Ils soulagent rapidement les br\u00fblures d&#039;estomac et les troubles digestifs li\u00e9s \u00e0 l&#039;acidit\u00e9.\" \/>\n<meta name=\"robots\" content=\"index, follow, max-snippet:-1, max-image-preview:large, max-video-preview:-1\" \/>\n<link rel=\"canonical\" href=\"https:\/\/vitablanca.ma\/ar\/product-2\/mivolis-comprimes-pour-lestomac-60-pc\/\" \/>\n<meta property=\"og:locale\" content=\"ar_AR\" \/>\n<meta property=\"og:type\" content=\"article\" \/>\n<meta property=\"og:title\" content=\"Balea Mivolis Comprim\u00e9s pour l&#039;estomac, 60 pc - Maroc Prix\" \/>\n<meta property=\"og:description\" content=\"Trouvez les comprim\u00e9s pour l&#039;estomac Mivolis 60 pc au Maroc. Ils soulagent rapidement les br\u00fblures d&#039;estomac et les troubles digestifs li\u00e9s \u00e0 l&#039;acidit\u00e9.\" \/>\n<meta property=\"og:url\" content=\"https:\/\/vitablanca.ma\/ar\/product-2\/mivolis-comprimes-pour-lestomac-60-pc\/\" \/>\n<meta property=\"og:site_name\" content=\"Vitablanca.ma &ndash; Sant&eacute;, vitalit&eacute; et bien-&ecirc;tre pour tous les Marocains\" \/>\n<meta property=\"article:publisher\" content=\"https:\/\/www.facebook.com\/profile.php?id=61576678196717\" \/>\n<meta property=\"article:modified_time\" content=\"2025-08-20T21:59:08+00:00\" \/>\n<meta property=\"og:image\" content=\"https:\/\/vitablanca.ma\/wp-content\/uploads\/2025\/07\/mivolis-magentabletten.jpg\" \/>\n\t<meta property=\"og:image:width\" content=\"1200\" \/>\n\t<meta property=\"og:image:height\" content=\"1200\" \/>\n\t<meta property=\"og:image:type\" content=\"image\/jpeg\" \/>\n<meta name=\"twitter:card\" content=\"summary_large_image\" \/>\n<meta name=\"twitter:label1\" content=\"\u0648\u0642\u062a \u0627\u0644\u0642\u0631\u0627\u0621\u0629 \u0627\u0644\u0645\u064f\u0642\u062f\u0651\u0631\" \/>\n\t<meta name=\"twitter:data1\" content=\"\u062f\u0642\u064a\u0642\u062a\u0627\u0646\" \/>\n<script type=\"application\/ld+json\" class=\"yoast-schema-graph\">{\"@context\":\"https:\\\/\\\/schema.org\",\"@graph\":[{\"@type\":[\"WebPage\",\"ItemPage\"],\"@id\":\"https:\\\/\\\/vitablanca.ma\\\/produit\\\/mivolis-comprimes-pour-lestomac-60-pc\\\/\",\"url\":\"https:\\\/\\\/vitablanca.ma\\\/produit\\\/mivolis-comprimes-pour-lestomac-60-pc\\\/\",\"name\":\"Balea Mivolis Comprim\u00e9s pour l'estomac, 60 pc - Maroc Prix\",\"isPartOf\":{\"@id\":\"https:\\\/\\\/vitablanca.ma\\\/#website\"},\"primaryImageOfPage\":{\"@id\":\"https:\\\/\\\/vitablanca.ma\\\/produit\\\/mivolis-comprimes-pour-lestomac-60-pc\\\/#primaryimage\"},\"image\":{\"@id\":\"https:\\\/\\\/vitablanca.ma\\\/produit\\\/mivolis-comprimes-pour-lestomac-60-pc\\\/#primaryimage\"},\"thumbnailUrl\":\"https:\\\/\\\/vitablanca.ma\\\/wp-content\\\/uploads\\\/2025\\\/07\\\/mivolis-magentabletten.jpg\",\"datePublished\":\"2025-07-10T18:05:42+00:00\",\"dateModified\":\"2025-08-20T21:59:08+00:00\",\"description\":\"Trouvez les comprim\u00e9s pour l'estomac Mivolis 60 pc au Maroc. Ils soulagent rapidement les br\u00fblures d'estomac et les troubles digestifs li\u00e9s \u00e0 l'acidit\u00e9.\",\"breadcrumb\":{\"@id\":\"https:\\\/\\\/vitablanca.ma\\\/produit\\\/mivolis-comprimes-pour-lestomac-60-pc\\\/#breadcrumb\"},\"inLanguage\":\"ar\",\"potentialAction\":[{\"@type\":\"ReadAction\",\"target\":[\"https:\\\/\\\/vitablanca.ma\\\/produit\\\/mivolis-comprimes-pour-lestomac-60-pc\\\/\"]}]},{\"@type\":\"ImageObject\",\"inLanguage\":\"ar\",\"@id\":\"https:\\\/\\\/vitablanca.ma\\\/produit\\\/mivolis-comprimes-pour-lestomac-60-pc\\\/#primaryimage\",\"url\":\"https:\\\/\\\/vitablanca.ma\\\/wp-content\\\/uploads\\\/2025\\\/07\\\/mivolis-magentabletten.jpg\",\"contentUrl\":\"https:\\\/\\\/vitablanca.ma\\\/wp-content\\\/uploads\\\/2025\\\/07\\\/mivolis-magentabletten.jpg\",\"width\":1200,\"height\":1200},{\"@type\":\"BreadcrumbList\",\"@id\":\"https:\\\/\\\/vitablanca.ma\\\/produit\\\/mivolis-comprimes-pour-lestomac-60-pc\\\/#breadcrumb\",\"itemListElement\":[{\"@type\":\"ListItem\",\"position\":1,\"name\":\"Home\",\"item\":\"https:\\\/\\\/vitablanca.ma\\\/\"},{\"@type\":\"ListItem\",\"position\":2,\"name\":\"Tous Les Produits\",\"item\":\"https:\\\/\\\/vitablanca.ma\\\/tous-les-produits\\\/\"},{\"@type\":\"ListItem\",\"position\":3,\"name\":\"Balea Mivolis Comprim\u00e9s pour l&#8217;estomac, 60 pc\"}]},{\"@type\":\"WebSite\",\"@id\":\"https:\\\/\\\/vitablanca.ma\\\/#website\",\"url\":\"https:\\\/\\\/vitablanca.ma\\\/\",\"name\":\"VitaBlanca.ma | Compl\u00e9ments alimentaires, sant\u00e9 & beaut\u00e9 au Maroc\",\"description\":\"vendre vitamines et compl\u00e9ments premium des USA &amp; Canada, Nouvelle Z\u00e9lande,Maroc (NOW Foods, Solgar, Manuka). Livraison rapide partout au Maroc.\",\"publisher\":{\"@id\":\"https:\\\/\\\/vitablanca.ma\\\/#organization\"},\"alternateName\":\"VitaBlanca.ma\",\"potentialAction\":[{\"@type\":\"SearchAction\",\"target\":{\"@type\":\"EntryPoint\",\"urlTemplate\":\"https:\\\/\\\/vitablanca.ma\\\/?s={search_term_string}\"},\"query-input\":{\"@type\":\"PropertyValueSpecification\",\"valueRequired\":true,\"valueName\":\"search_term_string\"}}],\"inLanguage\":\"ar\"},{\"@type\":\"Organization\",\"@id\":\"https:\\\/\\\/vitablanca.ma\\\/#organization\",\"name\":\"VitaBlanca\",\"url\":\"https:\\\/\\\/vitablanca.ma\\\/\",\"logo\":{\"@type\":\"ImageObject\",\"inLanguage\":\"ar\",\"@id\":\"https:\\\/\\\/vitablanca.ma\\\/#\\\/schema\\\/logo\\\/image\\\/\",\"url\":\"https:\\\/\\\/vitablanca.ma\\\/wp-content\\\/uploads\\\/2025\\\/05\\\/cropped-vitablanca.png\",\"contentUrl\":\"https:\\\/\\\/vitablanca.ma\\\/wp-content\\\/uploads\\\/2025\\\/05\\\/cropped-vitablanca.png\",\"width\":360,\"height\":67,\"caption\":\"VitaBlanca\"},\"image\":{\"@id\":\"https:\\\/\\\/vitablanca.ma\\\/#\\\/schema\\\/logo\\\/image\\\/\"},\"sameAs\":[\"https:\\\/\\\/www.facebook.com\\\/profile.php?id=61576678196717\",\"https:\\\/\\\/www.tiktok.com\\\/@vitablanca.ma\",\"https:\\\/\\\/www.instagram.com\\\/vitablanca.ma\\\/\"]}]}<\/script>\n<!-- \/ Yoast SEO plugin. -->","yoast_head_json":{"title":"\u0623\u0642\u0631\u0627\u0635 \u0628\u0627\u0644\u064a\u0627 \u0645\u064a\u0641\u0648\u0644\u064a\u0633 \u0644\u0644\u0645\u0639\u062f\u0629\u060c 60 \u0642\u0631\u0635\u064b\u0627 - \u0633\u0639\u0631 \u0627\u0644\u0645\u063a\u0631\u0628","description":"\u0627\u062d\u0635\u0644 \u0639\u0644\u0649 \u0623\u0642\u0631\u0627\u0635 \u0645\u064a\u0641\u0648\u0644\u064a\u0633 \u0644\u0644\u0645\u0639\u062f\u0629 (60 \u0642\u0631\u0635\u064b\u0627) \u0641\u064a \u0627\u0644\u0645\u063a\u0631\u0628. \u062a\u064f\u062e\u0641\u0641 \u0647\u0630\u0647 \u0627\u0644\u0623\u0642\u0631\u0627\u0635 \u062d\u0631\u0642\u0629 \u0627\u0644\u0645\u0639\u062f\u0629 \u0648\u0645\u0634\u0627\u0643\u0644 \u0627\u0644\u0647\u0636\u0645 \u0627\u0644\u0645\u0631\u062a\u0628\u0637\u0629 \u0628\u0627\u0644\u062d\u0645\u0648\u0636\u0629 \u0628\u0633\u0631\u0639\u0629.","robots":{"index":"index","follow":"follow","max-snippet":"max-snippet:-1","max-image-preview":"max-image-preview:large","max-video-preview":"max-video-preview:-1"},"canonical":"https:\/\/vitablanca.ma\/ar\/product-2\/mivolis-comprimes-pour-lestomac-60-pc\/","og_locale":"ar_AR","og_type":"article","og_title":"Balea Mivolis Comprim\u00e9s pour l'estomac, 60 pc - Maroc Prix","og_description":"Trouvez les comprim\u00e9s pour l'estomac Mivolis 60 pc au Maroc. Ils soulagent rapidement les br\u00fblures d'estomac et les troubles digestifs li\u00e9s \u00e0 l'acidit\u00e9.","og_url":"https:\/\/vitablanca.ma\/ar\/product-2\/mivolis-comprimes-pour-lestomac-60-pc\/","og_site_name":"Vitablanca.ma &ndash; Sant&eacute;, vitalit&eacute; et bien-&ecirc;tre pour tous les Marocains","article_publisher":"https:\/\/www.facebook.com\/profile.php?id=61576678196717","article_modified_time":"2025-08-20T21:59:08+00:00","og_image":[{"width":1200,"height":1200,"url":"https:\/\/vitablanca.ma\/wp-content\/uploads\/2025\/07\/mivolis-magentabletten.jpg","type":"image\/jpeg"}],"twitter_card":"summary_large_image","twitter_misc":{"\u0648\u0642\u062a \u0627\u0644\u0642\u0631\u0627\u0621\u0629 \u0627\u0644\u0645\u064f\u0642\u062f\u0651\u0631":"\u062f\u0642\u064a\u0642\u062a\u0627\u0646"},"schema":{"@context":"https:\/\/schema.org","@graph":[{"@type":["WebPage","ItemPage"],"@id":"https:\/\/vitablanca.ma\/produit\/mivolis-comprimes-pour-lestomac-60-pc\/","url":"https:\/\/vitablanca.ma\/produit\/mivolis-comprimes-pour-lestomac-60-pc\/","name":"\u0623\u0642\u0631\u0627\u0635 \u0628\u0627\u0644\u064a\u0627 \u0645\u064a\u0641\u0648\u0644\u064a\u0633 \u0644\u0644\u0645\u0639\u062f\u0629\u060c 60 \u0642\u0631\u0635\u064b\u0627 - \u0633\u0639\u0631 \u0627\u0644\u0645\u063a\u0631\u0628","isPartOf":{"@id":"https:\/\/vitablanca.ma\/#website"},"primaryImageOfPage":{"@id":"https:\/\/vitablanca.ma\/produit\/mivolis-comprimes-pour-lestomac-60-pc\/#primaryimage"},"image":{"@id":"https:\/\/vitablanca.ma\/produit\/mivolis-comprimes-pour-lestomac-60-pc\/#primaryimage"},"thumbnailUrl":"https:\/\/vitablanca.ma\/wp-content\/uploads\/2025\/07\/mivolis-magentabletten.jpg","datePublished":"2025-07-10T18:05:42+00:00","dateModified":"2025-08-20T21:59:08+00:00","description":"\u0627\u062d\u0635\u0644 \u0639\u0644\u0649 \u0623\u0642\u0631\u0627\u0635 \u0645\u064a\u0641\u0648\u0644\u064a\u0633 \u0644\u0644\u0645\u0639\u062f\u0629 (60 \u0642\u0631\u0635\u064b\u0627) \u0641\u064a \u0627\u0644\u0645\u063a\u0631\u0628. \u062a\u064f\u062e\u0641\u0641 \u0647\u0630\u0647 \u0627\u0644\u0623\u0642\u0631\u0627\u0635 \u062d\u0631\u0642\u0629 \u0627\u0644\u0645\u0639\u062f\u0629 \u0648\u0645\u0634\u0627\u0643\u0644 \u0627\u0644\u0647\u0636\u0645 \u0627\u0644\u0645\u0631\u062a\u0628\u0637\u0629 \u0628\u0627\u0644\u062d\u0645\u0648\u0636\u0629 \u0628\u0633\u0631\u0639\u0629.","breadcrumb":{"@id":"https:\/\/vitablanca.ma\/produit\/mivolis-comprimes-pour-lestomac-60-pc\/#breadcrumb"},"inLanguage":"ar","potentialAction":[{"@type":"ReadAction","target":["https:\/\/vitablanca.ma\/produit\/mivolis-comprimes-pour-lestomac-60-pc\/"]}]},{"@type":"ImageObject","inLanguage":"ar","@id":"https:\/\/vitablanca.ma\/produit\/mivolis-comprimes-pour-lestomac-60-pc\/#primaryimage","url":"https:\/\/vitablanca.ma\/wp-content\/uploads\/2025\/07\/mivolis-magentabletten.jpg","contentUrl":"https:\/\/vitablanca.ma\/wp-content\/uploads\/2025\/07\/mivolis-magentabletten.jpg","width":1200,"height":1200},{"@type":"BreadcrumbList","@id":"https:\/\/vitablanca.ma\/produit\/mivolis-comprimes-pour-lestomac-60-pc\/#breadcrumb","itemListElement":[{"@type":"ListItem","position":1,"name":"Home","item":"https:\/\/vitablanca.ma\/"},{"@type":"ListItem","position":2,"name":"Tous Les Produits","item":"https:\/\/vitablanca.ma\/tous-les-produits\/"},{"@type":"ListItem","position":3,"name":"Balea Mivolis Comprim\u00e9s pour l&#8217;estomac, 60 pc"}]},{"@type":"WebSite","@id":"https:\/\/vitablanca.ma\/#website","url":"https:\/\/vitablanca.ma\/","name":"VitaBlanca.ma | \u0627\u0644\u0645\u0643\u0645\u0644\u0627\u062a \u0627\u0644\u063a\u0630\u0627\u0626\u064a\u0629\u060c \u0627\u0644\u0635\u062d\u0629 \u0648\u0627\u0644\u062c\u0645\u0627\u0644 \u0641\u064a \u0627\u0644\u0645\u063a\u0631\u0628","description":"\u0646\u0628\u064a\u0639 \u0641\u064a\u062a\u0627\u0645\u064a\u0646\u0627\u062a \u0648\u0645\u0643\u0645\u0644\u0627\u062a \u063a\u0630\u0627\u0626\u064a\u0629 \u0641\u0627\u062e\u0631\u0629 \u0645\u0646 \u0627\u0644\u0648\u0644\u0627\u064a\u0627\u062a \u0627\u0644\u0645\u062a\u062d\u062f\u0629 \u0627\u0644\u0623\u0645\u0631\u064a\u0643\u064a\u0629 \u0648\u0643\u0646\u062f\u0627 \u0648\u0646\u064a\u0648\u0632\u064a\u0644\u0646\u062f\u0627 \u0648\u0627\u0644\u0645\u063a\u0631\u0628 (\u0646\u0627\u0648 \u0641\u0648\u062f\u0632\u060c \u0633\u0648\u0644\u062c\u0627\u0631\u060c \u0645\u0627\u0646\u0648\u0643\u0627). \u062a\u0648\u0635\u064a\u0644 \u0633\u0631\u064a\u0639 \u0625\u0644\u0649 \u062c\u0645\u064a\u0639 \u0623\u0646\u062d\u0627\u0621 \u0627\u0644\u0645\u063a\u0631\u0628.","publisher":{"@id":"https:\/\/vitablanca.ma\/#organization"},"alternateName":"VitaBlanca.ma","potentialAction":[{"@type":"SearchAction","target":{"@type":"EntryPoint","urlTemplate":"https:\/\/vitablanca.ma\/?s={search_term_string}"},"query-input":{"@type":"PropertyValueSpecification","valueRequired":true,"valueName":"search_term_string"}}],"inLanguage":"ar"},{"@type":"Organization","@id":"https:\/\/vitablanca.ma\/#organization","name":"\u0641\u064a\u062a\u0627\u0628\u0644\u0627\u0646\u0643\u0627","url":"https:\/\/vitablanca.ma\/","logo":{"@type":"ImageObject","inLanguage":"ar","@id":"https:\/\/vitablanca.ma\/#\/schema\/logo\/image\/","url":"https:\/\/vitablanca.ma\/wp-content\/uploads\/2025\/05\/cropped-vitablanca.png","contentUrl":"https:\/\/vitablanca.ma\/wp-content\/uploads\/2025\/05\/cropped-vitablanca.png","width":360,"height":67,"caption":"VitaBlanca"},"image":{"@id":"https:\/\/vitablanca.ma\/#\/schema\/logo\/image\/"},"sameAs":["https:\/\/www.facebook.com\/profile.php?id=61576678196717","https:\/\/www.tiktok.com\/@vitablanca.ma","https:\/\/www.instagram.com\/vitablanca.ma\/"]}]}},"jetpack_sharing_enabled":true,"_links":{"self":[{"href":"https:\/\/vitablanca.ma\/ar\/wp-json\/wp\/v2\/product\/23380","targetHints":{"allow":["GET"]}}],"collection":[{"href":"https:\/\/vitablanca.ma\/ar\/wp-json\/wp\/v2\/product"}],"about":[{"href":"https:\/\/vitablanca.ma\/ar\/wp-json\/wp\/v2\/types\/product"}],"wp:featuredmedia":[{"embeddable":true,"href":"https:\/\/vitablanca.ma\/ar\/wp-json\/wp\/v2\/media\/23377"}],"wp:attachment":[{"href":"https:\/\/vitablanca.ma\/ar\/wp-json\/wp\/v2\/media?parent=23380"}],"wp:term":[{"taxonomy":"product_brand","embeddable":true,"href":"https:\/\/vitablanca.ma\/ar\/wp-json\/wp\/v2\/product_brand?post=23380"},{"taxonomy":"product_cat","embeddable":true,"href":"https:\/\/vitablanca.ma\/ar\/wp-json\/wp\/v2\/product_cat?post=23380"},{"taxonomy":"product_tag","embeddable":true,"href":"https:\/\/vitablanca.ma\/ar\/wp-json\/wp\/v2\/product_tag?post=23380"}],"curies":[{"name":"wp","href":"https:\/\/api.w.org\/{rel}","templated":true}]}}