{"id":23365,"date":"2025-07-10T15:52:16","date_gmt":"2025-07-10T15:52:16","guid":{"rendered":"https:\/\/vitablanca.ma\/?post_type=product&#038;p=23365"},"modified":"2025-08-30T20:55:37","modified_gmt":"2025-08-30T20:55:37","slug":"dr-mercola-magtein-magnesium-l-threonate-sante-cerebral-made-in-usa-maroc","status":"publish","type":"product","link":"https:\/\/vitablanca.ma\/ar\/product-2\/dr-mercola-magtein-magnesium-l-threonate-sante-cerebral-made-in-usa-maroc\/","title":{"rendered":"\u062f\u0643\u062a\u0648\u0631 \u0645\u064a\u0631\u0643\u0648\u0644\u0627 \u0645\u0627\u062c\u062a\u064a\u0646 \u0627\u0644\u0645\u063a\u0646\u064a\u0633\u064a\u0648\u0645 \u0625\u0644-\u062b\u0631\u064a\u0648\u0646\u0627\u062a - \u0635\u062d\u0629 \u0627\u0644\u062f\u0645\u0627\u063a - \u0635\u0646\u0639 \u0641\u064a \u0627\u0644\u0648\u0644\u0627\u064a\u0627\u062a \u0627\u0644\u0645\u062a\u062d\u062f\u0629 \u0627\u0644\u0623\u0645\u0631\u064a\u0643\u064a\u0629"},"content":{"rendered":"<p>En vieillissant, votre organisme perd en efficacit\u00e9 pour absorber les vitamines et min\u00e9raux importants. Ainsi, m\u00eame avec une alimentation saine et riche en l\u00e9gumes biologiques frais, il se peut que vous manquiez de certains nutriments. L\u2019un de ces min\u00e9raux est le magn\u00e9sium. Les experts estiment que jusqu\u2019\u00e0 80 % des Am\u00e9ricains ont un apport insuffisant. Comme il n\u2019existe pas de tests fiables en laboratoire pour le magn\u00e9sium, vous n\u2019avez aucun moyen de savoir si vous \u00eates en carence. La fatigue et la faiblesse peuvent \u00eatre les seuls indices d\u2019une carence !<br>\u0627\u0644\u0645\u063a\u0646\u064a\u0633\u064a\u0648\u0645 \u0636\u0631\u0648\u0631\u064a \u0644\u0628\u0646\u0627\u0621 \u0639\u0638\u0627\u0645\u0643\u060c \u0648\u062d\u0645\u0636\u0643 \u0627\u0644\u0646\u0648\u0648\u064a\u060c \u0648\u0627\u0644\u0645\u0627\u062f\u0629 \u0627\u0644\u0648\u0631\u0627\u062b\u064a\u0629. \u0643\u0645\u0627 \u0623\u0646\u0647 \u064a\u062f\u0639\u0645 \u0639\u0645\u0644\u064a\u0629 \u0625\u0632\u0627\u0644\u0629 \u0627\u0644\u0633\u0645\u0648\u0645 \u0627\u0644\u0637\u0628\u064a\u0639\u064a\u0629 \u0641\u064a \u0627\u0644\u062c\u0633\u0645.<br>Usage sugg\u00e9r\u00e9En compl\u00e9ment alimentaire chez l\u2019adulte : prenez trois (3) capsules par jour. Deux (2) le midi et une (1) le soir, 2 heures avant le coucher.<br>Le Dr Mercola, expert en sant\u00e9 naturelle, a pour objectif de mettre fin \u00e0 l\u2019\u00e9pid\u00e9mie de maladies et de probl\u00e8mes de sant\u00e9 en Am\u00e9rique en vous permettant de prendre le contr\u00f4le de votre sant\u00e9. Il a fond\u00e9 Mercola.com dans 1997 afin de pouvoir partager les informations et les produits les plus r\u00e9cents qui soutiennent votre sant\u00e9 naturelle. Le magn\u00e9sium L-thr\u00e9onate de M. Mercola vise \u00e0 \u00e9liminer la fatigue et les faiblesses pouvant r\u00e9sulter d\u2019une carence en magn\u00e9sium. Chaque portion de 3 g\u00e9lules de L-Thr\u00e9onate de Magn\u00e9sium vous fournit 2,000 mg du L-Thr\u00e9onate de magn\u00e9sium \u201cMagtein\u201d, qui contient la marque d\u00e9pos\u00e9e, y compris 144 mg de magn\u00e9sium. Son syst\u00e8me d\u2019administration actuel utilise une forme de poudre de Magtein pour vous permettre une meilleure absorption que d\u2019autres formes de suppl\u00e9ments de magn\u00e9sium.<\/p>","protected":false},"excerpt":{"rendered":"<ul>\n<li>\u064a\u0647\u062f\u0641 \u062b\u0631\u064a\u0648\u0646\u0627\u062a \u0627\u0644\u0645\u063a\u0646\u064a\u0633\u064a\u0648\u0645 \u0645\u0646 \u062f\u0643\u062a\u0648\u0631 \u0645\u064a\u0631\u0643\u0648\u0644\u0627 \u0625\u0644\u0649 \u0627\u0644\u0642\u0636\u0627\u0621 \u0639\u0644\u0649 \u0627\u0644\u062a\u0639\u0628 \u0648\u0627\u0644\u0636\u0639\u0641 \u0627\u0644\u0630\u064a \u0642\u062f \u064a\u0646\u062a\u062c \u0639\u0646 \u0646\u0642\u0635 \u0627\u0644\u0645\u063a\u0646\u064a\u0633\u064a\u0648\u0645.<\/li>\n<li>\u0643\u0644 \u062d\u0635\u0629 \u0645\u0643\u0648\u0646\u0629 \u0645\u0646 3 \u0643\u0628\u0633\u0648\u0644\u0627\u062a \u0645\u0646 Magnesium L-Threonate \u062a\u0648\u0641\u0631 \u0644\u0643 2000 \u0645\u0644\u062c\u0645 \u0645\u0646 Magnesium L-Threonate \u0627\u0644\u0645\u0633\u062c\u0644\u0629 \u062a\u062c\u0627\u0631\u064a\u064b\u0627 &quot;Magtein&quot;\u060c \u0628\u0645\u0627 \u0641\u064a \u0630\u0644\u0643 144 \u0645\u0644\u062c\u0645 \u0645\u0646 \u0627\u0644\u0645\u063a\u0646\u064a\u0633\u064a\u0648\u0645.<\/li>\n<li>\u00a0\u064a\u0633\u062a\u062e\u062f\u0645 \u0646\u0638\u0627\u0645 \u0627\u0644\u062a\u0648\u0635\u064a\u0644 \u0627\u0644\u062d\u0627\u0644\u064a \u0634\u0643\u0644\u064b\u0627 \u0645\u0633\u062d\u0648\u0642\u064b\u0627 \u0645\u0646 Magtein \u0644\u0644\u0633\u0645\u0627\u062d \u0644\u0643 \u0628\u0627\u0645\u062a\u0635\u0627\u0635 \u0623\u0641\u0636\u0644 \u0645\u0646 \u0627\u0644\u0623\u0634\u0643\u0627\u0644 \u0627\u0644\u0623\u062e\u0631\u0649 \u0645\u0646 \u0645\u0643\u0645\u0644\u0627\u062a \u0627\u0644\u0645\u063a\u0646\u064a\u0633\u064a\u0648\u0645.<\/li>\n<li>3 \u0643\u0628\u0633\u0648\u0644\u0627\u062a \u064a\u0648\u0645\u064a\u064b\u0627<\/li>\n<li>\u0639\u0628\u0648\u0627\u062a \u0632\u062c\u0627\u062c\u064a\u0629 \u0635\u062f\u064a\u0642\u0629 \u0644\u0644\u0628\u064a\u0626\u0629<\/li>\n<\/ul>","protected":false},"featured_media":23367,"template":"","meta":{"om_disable_all_campaigns":false},"product_brand":[414],"product_cat":[18,3366,176,163,19],"product_tag":[3210,3212,3208],"class_list":{"0":"post-23365","1":"product","2":"type-product","3":"status-publish","4":"has-post-thumbnail","6":"product_brand-dr-mercola","7":"product_cat-beaute-sante","8":"product_cat-complements-alimentaires-au-maroc-vitablanca","9":"product_cat-magnesium","10":"product_cat-mineraux","11":"product_cat-vitamines-supplements-dietetiques","12":"product_tag-complement-memoire-et-concentration","13":"product_tag-magnesium-pour-la-sante-mentale","14":"product_tag-magtein-dr-mercola","16":"first","17":"instock","18":"taxable","19":"shipping-taxable","20":"purchasable","21":"product-type-simple"},"yoast_head":"<!-- This site is optimized with the Yoast SEO plugin v27.5 - https:\/\/yoast.com\/product\/yoast-seo-wordpress\/ -->\n<title>Dr Mercola Magn\u00e9sium L-Thr\u00e9onate 90 capsules - Maroc Prix<\/title>\n<meta name=\"description\" content=\"Dr Mercola Magtein \u2013 Magn\u00e9sium L-Thr\u00e9onate hautement absorbable pour le cerveau. Soutien cognitif innovant.\" \/>\n<meta name=\"robots\" content=\"index, follow, max-snippet:-1, max-image-preview:large, max-video-preview:-1\" \/>\n<link rel=\"canonical\" href=\"https:\/\/vitablanca.ma\/ar\/product-2\/dr-mercola-magtein-magnesium-l-threonate-sante-cerebral-made-in-usa-maroc\/\" \/>\n<meta property=\"og:locale\" content=\"ar_AR\" \/>\n<meta property=\"og:type\" content=\"article\" \/>\n<meta property=\"og:title\" content=\"Dr Mercola Magn\u00e9sium L-Thr\u00e9onate 90 capsules - Maroc Prix\" \/>\n<meta property=\"og:description\" content=\"Dr Mercola Magtein \u2013 Magn\u00e9sium L-Thr\u00e9onate hautement absorbable pour le cerveau. Soutien cognitif innovant.\" \/>\n<meta property=\"og:url\" content=\"https:\/\/vitablanca.ma\/ar\/product-2\/dr-mercola-magtein-magnesium-l-threonate-sante-cerebral-made-in-usa-maroc\/\" \/>\n<meta property=\"og:site_name\" content=\"Vitablanca.ma &ndash; Sant&eacute;, vitalit&eacute; et bien-&ecirc;tre pour tous les Marocains\" \/>\n<meta property=\"article:publisher\" content=\"https:\/\/www.facebook.com\/profile.php?id=61576678196717\" \/>\n<meta property=\"article:modified_time\" content=\"2025-08-30T20:55:37+00:00\" \/>\n<meta property=\"og:image\" content=\"https:\/\/vitablanca.ma\/wp-content\/uploads\/2025\/07\/dr-mercola-magtein-magnesium-l-threonate-sante-cerebral-made.jpg\" \/>\n\t<meta property=\"og:image:width\" content=\"680\" \/>\n\t<meta property=\"og:image:height\" content=\"680\" \/>\n\t<meta property=\"og:image:type\" content=\"image\/jpeg\" \/>\n<meta name=\"twitter:card\" content=\"summary_large_image\" \/>\n<meta name=\"twitter:label1\" content=\"\u0648\u0642\u062a \u0627\u0644\u0642\u0631\u0627\u0621\u0629 \u0627\u0644\u0645\u064f\u0642\u062f\u0651\u0631\" \/>\n\t<meta name=\"twitter:data1\" content=\"\u062f\u0642\u064a\u0642\u062a\u0627\u0646\" \/>\n<script type=\"application\/ld+json\" class=\"yoast-schema-graph\">{\"@context\":\"https:\\\/\\\/schema.org\",\"@graph\":[{\"@type\":[\"WebPage\",\"ItemPage\"],\"@id\":\"https:\\\/\\\/vitablanca.ma\\\/produit\\\/dr-mercola-magtein-magnesium-l-threonate-sante-cerebral-made-in-usa-maroc\\\/\",\"url\":\"https:\\\/\\\/vitablanca.ma\\\/produit\\\/dr-mercola-magtein-magnesium-l-threonate-sante-cerebral-made-in-usa-maroc\\\/\",\"name\":\"Dr Mercola Magn\u00e9sium L-Thr\u00e9onate 90 capsules - Maroc Prix\",\"isPartOf\":{\"@id\":\"https:\\\/\\\/vitablanca.ma\\\/#website\"},\"primaryImageOfPage\":{\"@id\":\"https:\\\/\\\/vitablanca.ma\\\/produit\\\/dr-mercola-magtein-magnesium-l-threonate-sante-cerebral-made-in-usa-maroc\\\/#primaryimage\"},\"image\":{\"@id\":\"https:\\\/\\\/vitablanca.ma\\\/produit\\\/dr-mercola-magtein-magnesium-l-threonate-sante-cerebral-made-in-usa-maroc\\\/#primaryimage\"},\"thumbnailUrl\":\"https:\\\/\\\/vitablanca.ma\\\/wp-content\\\/uploads\\\/2025\\\/07\\\/dr-mercola-magtein-magnesium-l-threonate-sante-cerebral-made.jpg\",\"datePublished\":\"2025-07-10T15:52:16+00:00\",\"dateModified\":\"2025-08-30T20:55:37+00:00\",\"description\":\"Dr Mercola Magtein \u2013 Magn\u00e9sium L-Thr\u00e9onate hautement absorbable pour le cerveau. Soutien cognitif innovant.\",\"breadcrumb\":{\"@id\":\"https:\\\/\\\/vitablanca.ma\\\/produit\\\/dr-mercola-magtein-magnesium-l-threonate-sante-cerebral-made-in-usa-maroc\\\/#breadcrumb\"},\"inLanguage\":\"ar\",\"potentialAction\":[{\"@type\":\"ReadAction\",\"target\":[\"https:\\\/\\\/vitablanca.ma\\\/produit\\\/dr-mercola-magtein-magnesium-l-threonate-sante-cerebral-made-in-usa-maroc\\\/\"]}]},{\"@type\":\"ImageObject\",\"inLanguage\":\"ar\",\"@id\":\"https:\\\/\\\/vitablanca.ma\\\/produit\\\/dr-mercola-magtein-magnesium-l-threonate-sante-cerebral-made-in-usa-maroc\\\/#primaryimage\",\"url\":\"https:\\\/\\\/vitablanca.ma\\\/wp-content\\\/uploads\\\/2025\\\/07\\\/dr-mercola-magtein-magnesium-l-threonate-sante-cerebral-made.jpg\",\"contentUrl\":\"https:\\\/\\\/vitablanca.ma\\\/wp-content\\\/uploads\\\/2025\\\/07\\\/dr-mercola-magtein-magnesium-l-threonate-sante-cerebral-made.jpg\",\"width\":680,\"height\":680},{\"@type\":\"BreadcrumbList\",\"@id\":\"https:\\\/\\\/vitablanca.ma\\\/produit\\\/dr-mercola-magtein-magnesium-l-threonate-sante-cerebral-made-in-usa-maroc\\\/#breadcrumb\",\"itemListElement\":[{\"@type\":\"ListItem\",\"position\":1,\"name\":\"Home\",\"item\":\"https:\\\/\\\/vitablanca.ma\\\/\"},{\"@type\":\"ListItem\",\"position\":2,\"name\":\"Tous Les Produits\",\"item\":\"https:\\\/\\\/vitablanca.ma\\\/tous-les-produits\\\/\"},{\"@type\":\"ListItem\",\"position\":3,\"name\":\"Dr Mercola Magtein Magn\u00e9sium L-thr\u00e9onate &#8211; sant\u00e9 c\u00e9r\u00e9bral &#8211; Made in USA\"}]},{\"@type\":\"WebSite\",\"@id\":\"https:\\\/\\\/vitablanca.ma\\\/#website\",\"url\":\"https:\\\/\\\/vitablanca.ma\\\/\",\"name\":\"VitaBlanca.ma | Compl\u00e9ments alimentaires, sant\u00e9 & beaut\u00e9 au Maroc\",\"description\":\"vendre vitamines et compl\u00e9ments premium des USA &amp; Canada, Nouvelle Z\u00e9lande,Maroc (NOW Foods, Solgar, Manuka). Livraison rapide partout au Maroc.\",\"publisher\":{\"@id\":\"https:\\\/\\\/vitablanca.ma\\\/#organization\"},\"alternateName\":\"VitaBlanca.ma\",\"potentialAction\":[{\"@type\":\"SearchAction\",\"target\":{\"@type\":\"EntryPoint\",\"urlTemplate\":\"https:\\\/\\\/vitablanca.ma\\\/?s={search_term_string}\"},\"query-input\":{\"@type\":\"PropertyValueSpecification\",\"valueRequired\":true,\"valueName\":\"search_term_string\"}}],\"inLanguage\":\"ar\"},{\"@type\":\"Organization\",\"@id\":\"https:\\\/\\\/vitablanca.ma\\\/#organization\",\"name\":\"VitaBlanca\",\"url\":\"https:\\\/\\\/vitablanca.ma\\\/\",\"logo\":{\"@type\":\"ImageObject\",\"inLanguage\":\"ar\",\"@id\":\"https:\\\/\\\/vitablanca.ma\\\/#\\\/schema\\\/logo\\\/image\\\/\",\"url\":\"https:\\\/\\\/vitablanca.ma\\\/wp-content\\\/uploads\\\/2025\\\/05\\\/cropped-vitablanca.png\",\"contentUrl\":\"https:\\\/\\\/vitablanca.ma\\\/wp-content\\\/uploads\\\/2025\\\/05\\\/cropped-vitablanca.png\",\"width\":360,\"height\":67,\"caption\":\"VitaBlanca\"},\"image\":{\"@id\":\"https:\\\/\\\/vitablanca.ma\\\/#\\\/schema\\\/logo\\\/image\\\/\"},\"sameAs\":[\"https:\\\/\\\/www.facebook.com\\\/profile.php?id=61576678196717\",\"https:\\\/\\\/www.tiktok.com\\\/@vitablanca.ma\",\"https:\\\/\\\/www.instagram.com\\\/vitablanca.ma\\\/\"]}]}<\/script>\n<!-- \/ Yoast SEO plugin. -->","yoast_head_json":{"title":"\u0627\u0644\u062f\u0643\u062a\u0648\u0631 \u0645\u064a\u0631\u0643\u0648\u0644\u0627 \u0627\u0644\u0645\u063a\u0646\u064a\u0633\u064a\u0648\u0645 L-\u062b\u0631\u064a\u0648\u0646\u0627\u062a 90 \u0643\u0628\u0633\u0648\u0644\u0629 - \u0633\u0639\u0631 \u0627\u0644\u0645\u063a\u0631\u0628","description":"\u062f\u0643\u062a\u0648\u0631 \u0645\u064a\u0631\u0643\u0648\u0644\u0627 \u0645\u0627\u062c\u062a\u064a\u0646 - \u062b\u0631\u064a\u0648\u0646\u0627\u062a \u0627\u0644\u0645\u063a\u0646\u064a\u0633\u064a\u0648\u0645 \u0639\u0627\u0644\u064a\u0629 \u0627\u0644\u0627\u0645\u062a\u0635\u0627\u0635 \u0644\u0644\u062f\u0645\u0627\u063a. \u062f\u0639\u0645 \u0625\u062f\u0631\u0627\u0643\u064a \u0645\u0628\u062a\u0643\u0631.","robots":{"index":"index","follow":"follow","max-snippet":"max-snippet:-1","max-image-preview":"max-image-preview:large","max-video-preview":"max-video-preview:-1"},"canonical":"https:\/\/vitablanca.ma\/ar\/product-2\/dr-mercola-magtein-magnesium-l-threonate-sante-cerebral-made-in-usa-maroc\/","og_locale":"ar_AR","og_type":"article","og_title":"Dr Mercola Magn\u00e9sium L-Thr\u00e9onate 90 capsules - Maroc Prix","og_description":"Dr Mercola Magtein \u2013 Magn\u00e9sium L-Thr\u00e9onate hautement absorbable pour le cerveau. Soutien cognitif innovant.","og_url":"https:\/\/vitablanca.ma\/ar\/product-2\/dr-mercola-magtein-magnesium-l-threonate-sante-cerebral-made-in-usa-maroc\/","og_site_name":"Vitablanca.ma &ndash; Sant&eacute;, vitalit&eacute; et bien-&ecirc;tre pour tous les Marocains","article_publisher":"https:\/\/www.facebook.com\/profile.php?id=61576678196717","article_modified_time":"2025-08-30T20:55:37+00:00","og_image":[{"width":680,"height":680,"url":"https:\/\/vitablanca.ma\/wp-content\/uploads\/2025\/07\/dr-mercola-magtein-magnesium-l-threonate-sante-cerebral-made.jpg","type":"image\/jpeg"}],"twitter_card":"summary_large_image","twitter_misc":{"\u0648\u0642\u062a \u0627\u0644\u0642\u0631\u0627\u0621\u0629 \u0627\u0644\u0645\u064f\u0642\u062f\u0651\u0631":"\u062f\u0642\u064a\u0642\u062a\u0627\u0646"},"schema":{"@context":"https:\/\/schema.org","@graph":[{"@type":["WebPage","ItemPage"],"@id":"https:\/\/vitablanca.ma\/produit\/dr-mercola-magtein-magnesium-l-threonate-sante-cerebral-made-in-usa-maroc\/","url":"https:\/\/vitablanca.ma\/produit\/dr-mercola-magtein-magnesium-l-threonate-sante-cerebral-made-in-usa-maroc\/","name":"\u0627\u0644\u062f\u0643\u062a\u0648\u0631 \u0645\u064a\u0631\u0643\u0648\u0644\u0627 \u0627\u0644\u0645\u063a\u0646\u064a\u0633\u064a\u0648\u0645 L-\u062b\u0631\u064a\u0648\u0646\u0627\u062a 90 \u0643\u0628\u0633\u0648\u0644\u0629 - \u0633\u0639\u0631 \u0627\u0644\u0645\u063a\u0631\u0628","isPartOf":{"@id":"https:\/\/vitablanca.ma\/#website"},"primaryImageOfPage":{"@id":"https:\/\/vitablanca.ma\/produit\/dr-mercola-magtein-magnesium-l-threonate-sante-cerebral-made-in-usa-maroc\/#primaryimage"},"image":{"@id":"https:\/\/vitablanca.ma\/produit\/dr-mercola-magtein-magnesium-l-threonate-sante-cerebral-made-in-usa-maroc\/#primaryimage"},"thumbnailUrl":"https:\/\/vitablanca.ma\/wp-content\/uploads\/2025\/07\/dr-mercola-magtein-magnesium-l-threonate-sante-cerebral-made.jpg","datePublished":"2025-07-10T15:52:16+00:00","dateModified":"2025-08-30T20:55:37+00:00","description":"\u062f\u0643\u062a\u0648\u0631 \u0645\u064a\u0631\u0643\u0648\u0644\u0627 \u0645\u0627\u062c\u062a\u064a\u0646 - \u062b\u0631\u064a\u0648\u0646\u0627\u062a \u0627\u0644\u0645\u063a\u0646\u064a\u0633\u064a\u0648\u0645 \u0639\u0627\u0644\u064a\u0629 \u0627\u0644\u0627\u0645\u062a\u0635\u0627\u0635 \u0644\u0644\u062f\u0645\u0627\u063a. \u062f\u0639\u0645 \u0625\u062f\u0631\u0627\u0643\u064a \u0645\u0628\u062a\u0643\u0631.","breadcrumb":{"@id":"https:\/\/vitablanca.ma\/produit\/dr-mercola-magtein-magnesium-l-threonate-sante-cerebral-made-in-usa-maroc\/#breadcrumb"},"inLanguage":"ar","potentialAction":[{"@type":"ReadAction","target":["https:\/\/vitablanca.ma\/produit\/dr-mercola-magtein-magnesium-l-threonate-sante-cerebral-made-in-usa-maroc\/"]}]},{"@type":"ImageObject","inLanguage":"ar","@id":"https:\/\/vitablanca.ma\/produit\/dr-mercola-magtein-magnesium-l-threonate-sante-cerebral-made-in-usa-maroc\/#primaryimage","url":"https:\/\/vitablanca.ma\/wp-content\/uploads\/2025\/07\/dr-mercola-magtein-magnesium-l-threonate-sante-cerebral-made.jpg","contentUrl":"https:\/\/vitablanca.ma\/wp-content\/uploads\/2025\/07\/dr-mercola-magtein-magnesium-l-threonate-sante-cerebral-made.jpg","width":680,"height":680},{"@type":"BreadcrumbList","@id":"https:\/\/vitablanca.ma\/produit\/dr-mercola-magtein-magnesium-l-threonate-sante-cerebral-made-in-usa-maroc\/#breadcrumb","itemListElement":[{"@type":"ListItem","position":1,"name":"Home","item":"https:\/\/vitablanca.ma\/"},{"@type":"ListItem","position":2,"name":"Tous Les Produits","item":"https:\/\/vitablanca.ma\/tous-les-produits\/"},{"@type":"ListItem","position":3,"name":"Dr Mercola Magtein Magn\u00e9sium L-thr\u00e9onate &#8211; sant\u00e9 c\u00e9r\u00e9bral &#8211; Made in USA"}]},{"@type":"WebSite","@id":"https:\/\/vitablanca.ma\/#website","url":"https:\/\/vitablanca.ma\/","name":"VitaBlanca.ma | \u0627\u0644\u0645\u0643\u0645\u0644\u0627\u062a \u0627\u0644\u063a\u0630\u0627\u0626\u064a\u0629\u060c \u0627\u0644\u0635\u062d\u0629 \u0648\u0627\u0644\u062c\u0645\u0627\u0644 \u0641\u064a \u0627\u0644\u0645\u063a\u0631\u0628","description":"\u0646\u0628\u064a\u0639 \u0641\u064a\u062a\u0627\u0645\u064a\u0646\u0627\u062a \u0648\u0645\u0643\u0645\u0644\u0627\u062a \u063a\u0630\u0627\u0626\u064a\u0629 \u0641\u0627\u062e\u0631\u0629 \u0645\u0646 \u0627\u0644\u0648\u0644\u0627\u064a\u0627\u062a \u0627\u0644\u0645\u062a\u062d\u062f\u0629 \u0627\u0644\u0623\u0645\u0631\u064a\u0643\u064a\u0629 \u0648\u0643\u0646\u062f\u0627 \u0648\u0646\u064a\u0648\u0632\u064a\u0644\u0646\u062f\u0627 \u0648\u0627\u0644\u0645\u063a\u0631\u0628 (\u0646\u0627\u0648 \u0641\u0648\u062f\u0632\u060c \u0633\u0648\u0644\u062c\u0627\u0631\u060c \u0645\u0627\u0646\u0648\u0643\u0627). \u062a\u0648\u0635\u064a\u0644 \u0633\u0631\u064a\u0639 \u0625\u0644\u0649 \u062c\u0645\u064a\u0639 \u0623\u0646\u062d\u0627\u0621 \u0627\u0644\u0645\u063a\u0631\u0628.","publisher":{"@id":"https:\/\/vitablanca.ma\/#organization"},"alternateName":"VitaBlanca.ma","potentialAction":[{"@type":"SearchAction","target":{"@type":"EntryPoint","urlTemplate":"https:\/\/vitablanca.ma\/?s={search_term_string}"},"query-input":{"@type":"PropertyValueSpecification","valueRequired":true,"valueName":"search_term_string"}}],"inLanguage":"ar"},{"@type":"Organization","@id":"https:\/\/vitablanca.ma\/#organization","name":"\u0641\u064a\u062a\u0627\u0628\u0644\u0627\u0646\u0643\u0627","url":"https:\/\/vitablanca.ma\/","logo":{"@type":"ImageObject","inLanguage":"ar","@id":"https:\/\/vitablanca.ma\/#\/schema\/logo\/image\/","url":"https:\/\/vitablanca.ma\/wp-content\/uploads\/2025\/05\/cropped-vitablanca.png","contentUrl":"https:\/\/vitablanca.ma\/wp-content\/uploads\/2025\/05\/cropped-vitablanca.png","width":360,"height":67,"caption":"VitaBlanca"},"image":{"@id":"https:\/\/vitablanca.ma\/#\/schema\/logo\/image\/"},"sameAs":["https:\/\/www.facebook.com\/profile.php?id=61576678196717","https:\/\/www.tiktok.com\/@vitablanca.ma","https:\/\/www.instagram.com\/vitablanca.ma\/"]}]}},"jetpack_sharing_enabled":true,"_links":{"self":[{"href":"https:\/\/vitablanca.ma\/ar\/wp-json\/wp\/v2\/product\/23365","targetHints":{"allow":["GET"]}}],"collection":[{"href":"https:\/\/vitablanca.ma\/ar\/wp-json\/wp\/v2\/product"}],"about":[{"href":"https:\/\/vitablanca.ma\/ar\/wp-json\/wp\/v2\/types\/product"}],"wp:featuredmedia":[{"embeddable":true,"href":"https:\/\/vitablanca.ma\/ar\/wp-json\/wp\/v2\/media\/23367"}],"wp:attachment":[{"href":"https:\/\/vitablanca.ma\/ar\/wp-json\/wp\/v2\/media?parent=23365"}],"wp:term":[{"taxonomy":"product_brand","embeddable":true,"href":"https:\/\/vitablanca.ma\/ar\/wp-json\/wp\/v2\/product_brand?post=23365"},{"taxonomy":"product_cat","embeddable":true,"href":"https:\/\/vitablanca.ma\/ar\/wp-json\/wp\/v2\/product_cat?post=23365"},{"taxonomy":"product_tag","embeddable":true,"href":"https:\/\/vitablanca.ma\/ar\/wp-json\/wp\/v2\/product_tag?post=23365"}],"curies":[{"name":"wp","href":"https:\/\/api.w.org\/{rel}","templated":true}]}}