{"id":23226,"date":"2025-07-02T14:18:02","date_gmt":"2025-07-02T14:18:02","guid":{"rendered":"https:\/\/vitablanca.ma\/?post_type=product&#038;p=23226"},"modified":"2025-12-05T12:52:17","modified_gmt":"2025-12-05T12:52:17","slug":"natures-way-vitex-fruit-400-mg-100-vegetarian-gelules-maroc","status":"publish","type":"product","link":"https:\/\/vitablanca.ma\/ar\/product-2\/natures-way-vitex-fruit-400-mg-100-vegetarian-gelules-maroc\/","title":{"rendered":"\u0641\u0627\u0643\u0647\u0629 \u0641\u064a\u062a\u0643\u0633 \u0645\u0646 \u0646\u0627\u062a\u0634\u0631\u0632 \u0648\u0627\u064a\u060c 400 \u0645\u0644\u062c\u0645\u060c 100 \u0643\u0628\u0633\u0648\u0644\u0629 \u0646\u0628\u0627\u062a\u064a\u0629"},"content":{"rendered":"<p>Vitex (Chaste Tree) par Nature&rsquo;s Way 100 G\u00e9lules\u00a0Chlorella 100 G\u00e9lules\u00a0 Product Vitex ou Chaste tree est un compl\u00e9ment alimentaire traditionnel pour femme.\u00a0Il est largement utilis\u00e9 pour promouvoir la sant\u00e9 globale et l&rsquo;\u00e9quilibre dans le cycle d&rsquo;une femme.\u00a0Utilisation sugg\u00e9r\u00e9e En tant que compl\u00e9ment alimentaire, prendre 1 G\u00e9lules\u00a0deux ou trois fois par jour pendant huit \u00e0 douze semaines.\u00a0Ensuite, prenez 1 G\u00e9lules\u00a0par jour.\u00a0Vitex fonctionne en douceur.\u00a0Meilleurs r\u00e9sultats obtenus avec une utilisation continue \u00e0 long terme &#8211; Ou selon les directives de votre professionnel de la sant\u00e9.\u00a0Faits sur les suppl\u00e9ments Portion 1 G\u00e9lules\u00a0Portions par contenant 100 Quantit\u00e9 par portion Valeur quotidienne Vitex agnus-castus (fruit) 400 mg Pourcentage Les valeurs quotidiennes sont bas\u00e9es sur un r\u00e9gime de 2 000 calories Autres ingr\u00e9dients G\u00e9latine (G\u00e9lules) St\u00e9arate de magn\u00e9sium Silice.<br><br><a href=\"https:\/\/www.jumia.ma\/customer\/account\/login\/?tkWl=NA200DV0VJOO5NAFAMZ-25300974&amp;return=%2Fvitex-fruit-400-mg-100-vegetarian-gelules-natures-way-mpg930626.html\"><\/a><\/p>","protected":false},"excerpt":{"rendered":"<ul>\n<li>Vitex (Chaste Tree) par Nature&rsquo;s Way 100 G\u00e9lules\u00a0Chlorella 100 G\u00e9lules\u00a0 Product Vitex ou Chaste tree est un compl\u00e9ment alimentaire traditionnel pour femme.<\/li>\n<li>Il est largement utilis\u00e9 pour promouvoir la sant\u00e9 globale et l&rsquo;\u00e9quilibre dans le cycle d&rsquo;une femme.<\/li>\n<li>Utilisation sugg\u00e9r\u00e9e En tant que compl\u00e9ment alimentaire, prendre 1 G\u00e9lules\u00a0deux ou trois fois par jour pendant huit \u00e0 douze semaines.\u00a0Ensuite, prenez 1 G\u00e9lules\u00a0par jour.<\/li>\n<li>Vitex fonctionne en douceur.<\/li>\n<li>Meilleurs r\u00e9sultats obtenus avec une utilisation continue \u00e0 long terme &#8211;<\/li>\n<li>Ou selon les directives de votre professionnel de la sant\u00e9.\u00a0Faits sur les suppl\u00e9ments Portion 1 G\u00e9lules\u00a0Portions par contenant 100 Quantit\u00e9 par portion Valeur quotidienne<\/li>\n<li>Vitex agnus-castus (fruit) 400 mg Pourcentage Les valeurs quotidiennes sont bas\u00e9es sur un r\u00e9gime de 2 000 calories Autres ingr\u00e9dients G\u00e9latine (G\u00e9lules) St\u00e9arate de magn\u00e9sium Silice.<\/li>\n<\/ul>","protected":false},"featured_media":23228,"template":"","meta":{"om_disable_all_campaigns":false},"product_brand":[2144],"product_cat":[18,3366,20,19],"product_tag":[3119,3118,3116,3120],"class_list":{"0":"post-23226","1":"product","2":"type-product","3":"status-publish","4":"has-post-thumbnail","6":"product_brand-natures-way","7":"product_cat-beaute-sante","8":"product_cat-complements-alimentaires-au-maroc-vitablanca","9":"product_cat-supplements","10":"product_cat-vitamines-supplements-dietetiques","11":"product_tag-complement-vegan-vitex-400-mg","12":"product_tag-gattilier-equilibre-hormonal-femme","13":"product_tag-natures-way-vitex-fruit-400-mg","14":"product_tag-naturel-cycle-menstruel-soutien","16":"first","17":"instock","18":"taxable","19":"shipping-taxable","20":"purchasable","21":"product-type-simple"},"yoast_head":"<!-- This site is optimized with the Yoast SEO plugin v27.4 - https:\/\/yoast.com\/product\/yoast-seo-wordpress\/ -->\n<title>Nature\u2019s Way Vitex Fruit 400\u202fmg \u2013 100 g\u00e9lules - Maroc Prix<\/title>\n<meta name=\"description\" content=\"Vitex Fruit 400\u202fmg par Nature\u2019s Way \u2013 100 g\u00e9lules v\u00e9g\u00e9tariennes. Plante gattilier pour \u00e9quilibre hormonal f\u00e9minin, sans gluten, v\u00e9gan, fabriqu\u00e9 aux\u202fUSA\" \/>\n<meta name=\"robots\" content=\"index, follow, max-snippet:-1, max-image-preview:large, max-video-preview:-1\" \/>\n<link rel=\"canonical\" href=\"https:\/\/vitablanca.ma\/ar\/product-2\/natures-way-vitex-fruit-400-mg-100-vegetarian-gelules-maroc\/\" \/>\n<meta property=\"og:locale\" content=\"ar_AR\" \/>\n<meta property=\"og:type\" content=\"article\" \/>\n<meta property=\"og:title\" content=\"Nature\u2019s Way Vitex Fruit 400\u202fmg \u2013 100 g\u00e9lules - Maroc Prix\" \/>\n<meta property=\"og:description\" content=\"Vitex Fruit 400\u202fmg par Nature\u2019s Way \u2013 100 g\u00e9lules v\u00e9g\u00e9tariennes. Plante gattilier pour \u00e9quilibre hormonal f\u00e9minin, sans gluten, v\u00e9gan, fabriqu\u00e9 aux\u202fUSA\" \/>\n<meta property=\"og:url\" content=\"https:\/\/vitablanca.ma\/ar\/product-2\/natures-way-vitex-fruit-400-mg-100-vegetarian-gelules-maroc\/\" \/>\n<meta property=\"og:site_name\" content=\"Vitablanca.ma &ndash; Sant&eacute;, vitalit&eacute; et bien-&ecirc;tre pour tous les Marocains\" \/>\n<meta property=\"article:publisher\" content=\"https:\/\/www.facebook.com\/profile.php?id=61576678196717\" \/>\n<meta property=\"article:modified_time\" content=\"2025-12-05T12:52:17+00:00\" \/>\n<meta property=\"og:image\" content=\"https:\/\/vitablanca.ma\/wp-content\/uploads\/2025\/07\/vitex-fruit-400-mg-100-vegetarian-gelules-natures-way-.jpg\" \/>\n\t<meta property=\"og:image:width\" content=\"680\" \/>\n\t<meta property=\"og:image:height\" content=\"680\" \/>\n\t<meta property=\"og:image:type\" content=\"image\/jpeg\" \/>\n<meta name=\"twitter:card\" content=\"summary_large_image\" \/>\n<meta name=\"twitter:label1\" content=\"\u0648\u0642\u062a \u0627\u0644\u0642\u0631\u0627\u0621\u0629 \u0627\u0644\u0645\u064f\u0642\u062f\u0651\u0631\" \/>\n\t<meta name=\"twitter:data1\" content=\"\u062f\u0642\u064a\u0642\u0629 \u0648\u0627\u062d\u062f\u0629\" \/>\n<script type=\"application\/ld+json\" class=\"yoast-schema-graph\">{\"@context\":\"https:\\\/\\\/schema.org\",\"@graph\":[{\"@type\":[\"WebPage\",\"ItemPage\"],\"@id\":\"https:\\\/\\\/vitablanca.ma\\\/produit\\\/natures-way-vitex-fruit-400-mg-100-vegetarian-gelules-maroc\\\/\",\"url\":\"https:\\\/\\\/vitablanca.ma\\\/produit\\\/natures-way-vitex-fruit-400-mg-100-vegetarian-gelules-maroc\\\/\",\"name\":\"Nature\u2019s Way Vitex Fruit 400\u202fmg \u2013 100 g\u00e9lules - Maroc Prix\",\"isPartOf\":{\"@id\":\"https:\\\/\\\/vitablanca.ma\\\/#website\"},\"primaryImageOfPage\":{\"@id\":\"https:\\\/\\\/vitablanca.ma\\\/produit\\\/natures-way-vitex-fruit-400-mg-100-vegetarian-gelules-maroc\\\/#primaryimage\"},\"image\":{\"@id\":\"https:\\\/\\\/vitablanca.ma\\\/produit\\\/natures-way-vitex-fruit-400-mg-100-vegetarian-gelules-maroc\\\/#primaryimage\"},\"thumbnailUrl\":\"https:\\\/\\\/vitablanca.ma\\\/wp-content\\\/uploads\\\/2025\\\/07\\\/vitex-fruit-400-mg-100-vegetarian-gelules-natures-way-.jpg\",\"datePublished\":\"2025-07-02T14:18:02+00:00\",\"dateModified\":\"2025-12-05T12:52:17+00:00\",\"description\":\"Vitex Fruit 400\u202fmg par Nature\u2019s Way \u2013 100 g\u00e9lules v\u00e9g\u00e9tariennes. Plante gattilier pour \u00e9quilibre hormonal f\u00e9minin, sans gluten, v\u00e9gan, fabriqu\u00e9 aux\u202fUSA\",\"breadcrumb\":{\"@id\":\"https:\\\/\\\/vitablanca.ma\\\/produit\\\/natures-way-vitex-fruit-400-mg-100-vegetarian-gelules-maroc\\\/#breadcrumb\"},\"inLanguage\":\"ar\",\"potentialAction\":[{\"@type\":\"ReadAction\",\"target\":[\"https:\\\/\\\/vitablanca.ma\\\/produit\\\/natures-way-vitex-fruit-400-mg-100-vegetarian-gelules-maroc\\\/\"]}]},{\"@type\":\"ImageObject\",\"inLanguage\":\"ar\",\"@id\":\"https:\\\/\\\/vitablanca.ma\\\/produit\\\/natures-way-vitex-fruit-400-mg-100-vegetarian-gelules-maroc\\\/#primaryimage\",\"url\":\"https:\\\/\\\/vitablanca.ma\\\/wp-content\\\/uploads\\\/2025\\\/07\\\/vitex-fruit-400-mg-100-vegetarian-gelules-natures-way-.jpg\",\"contentUrl\":\"https:\\\/\\\/vitablanca.ma\\\/wp-content\\\/uploads\\\/2025\\\/07\\\/vitex-fruit-400-mg-100-vegetarian-gelules-natures-way-.jpg\",\"width\":680,\"height\":680},{\"@type\":\"BreadcrumbList\",\"@id\":\"https:\\\/\\\/vitablanca.ma\\\/produit\\\/natures-way-vitex-fruit-400-mg-100-vegetarian-gelules-maroc\\\/#breadcrumb\",\"itemListElement\":[{\"@type\":\"ListItem\",\"position\":1,\"name\":\"Home\",\"item\":\"https:\\\/\\\/vitablanca.ma\\\/\"},{\"@type\":\"ListItem\",\"position\":2,\"name\":\"Tous Les Produits\",\"item\":\"https:\\\/\\\/vitablanca.ma\\\/tous-les-produits\\\/\"},{\"@type\":\"ListItem\",\"position\":3,\"name\":\"Nature&#8217;S Way Vitex Fruit, 400 mg, 100 Vegetarian G\u00e9lules\"}]},{\"@type\":\"WebSite\",\"@id\":\"https:\\\/\\\/vitablanca.ma\\\/#website\",\"url\":\"https:\\\/\\\/vitablanca.ma\\\/\",\"name\":\"VitaBlanca.ma | Compl\u00e9ments alimentaires, sant\u00e9 & beaut\u00e9 au Maroc\",\"description\":\"vendre vitamines et compl\u00e9ments premium des USA &amp; Canada, Nouvelle Z\u00e9lande,Maroc (NOW Foods, Solgar, Manuka). Livraison rapide partout au Maroc.\",\"publisher\":{\"@id\":\"https:\\\/\\\/vitablanca.ma\\\/#organization\"},\"alternateName\":\"VitaBlanca.ma\",\"potentialAction\":[{\"@type\":\"SearchAction\",\"target\":{\"@type\":\"EntryPoint\",\"urlTemplate\":\"https:\\\/\\\/vitablanca.ma\\\/?s={search_term_string}\"},\"query-input\":{\"@type\":\"PropertyValueSpecification\",\"valueRequired\":true,\"valueName\":\"search_term_string\"}}],\"inLanguage\":\"ar\"},{\"@type\":\"Organization\",\"@id\":\"https:\\\/\\\/vitablanca.ma\\\/#organization\",\"name\":\"VitaBlanca\",\"url\":\"https:\\\/\\\/vitablanca.ma\\\/\",\"logo\":{\"@type\":\"ImageObject\",\"inLanguage\":\"ar\",\"@id\":\"https:\\\/\\\/vitablanca.ma\\\/#\\\/schema\\\/logo\\\/image\\\/\",\"url\":\"https:\\\/\\\/vitablanca.ma\\\/wp-content\\\/uploads\\\/2025\\\/05\\\/cropped-vitablanca.png\",\"contentUrl\":\"https:\\\/\\\/vitablanca.ma\\\/wp-content\\\/uploads\\\/2025\\\/05\\\/cropped-vitablanca.png\",\"width\":360,\"height\":67,\"caption\":\"VitaBlanca\"},\"image\":{\"@id\":\"https:\\\/\\\/vitablanca.ma\\\/#\\\/schema\\\/logo\\\/image\\\/\"},\"sameAs\":[\"https:\\\/\\\/www.facebook.com\\\/profile.php?id=61576678196717\",\"https:\\\/\\\/www.tiktok.com\\\/@vitablanca.ma\",\"https:\\\/\\\/www.instagram.com\\\/vitablanca.ma\\\/\"]}]}<\/script>\n<!-- \/ Yoast SEO plugin. -->","yoast_head_json":{"title":"Nature\u2019s Way Vitex Fruit 400\u202fmg \u2013 100 g\u00e9lules - Maroc Prix","description":"Vitex Fruit 400\u202fmg par Nature\u2019s Way \u2013 100 g\u00e9lules v\u00e9g\u00e9tariennes. Plante gattilier pour \u00e9quilibre hormonal f\u00e9minin, sans gluten, v\u00e9gan, fabriqu\u00e9 aux\u202fUSA","robots":{"index":"index","follow":"follow","max-snippet":"max-snippet:-1","max-image-preview":"max-image-preview:large","max-video-preview":"max-video-preview:-1"},"canonical":"https:\/\/vitablanca.ma\/ar\/product-2\/natures-way-vitex-fruit-400-mg-100-vegetarian-gelules-maroc\/","og_locale":"ar_AR","og_type":"article","og_title":"Nature\u2019s Way Vitex Fruit 400\u202fmg \u2013 100 g\u00e9lules - Maroc Prix","og_description":"Vitex Fruit 400\u202fmg par Nature\u2019s Way \u2013 100 g\u00e9lules v\u00e9g\u00e9tariennes. Plante gattilier pour \u00e9quilibre hormonal f\u00e9minin, sans gluten, v\u00e9gan, fabriqu\u00e9 aux\u202fUSA","og_url":"https:\/\/vitablanca.ma\/ar\/product-2\/natures-way-vitex-fruit-400-mg-100-vegetarian-gelules-maroc\/","og_site_name":"Vitablanca.ma &ndash; Sant&eacute;, vitalit&eacute; et bien-&ecirc;tre pour tous les Marocains","article_publisher":"https:\/\/www.facebook.com\/profile.php?id=61576678196717","article_modified_time":"2025-12-05T12:52:17+00:00","og_image":[{"width":680,"height":680,"url":"https:\/\/vitablanca.ma\/wp-content\/uploads\/2025\/07\/vitex-fruit-400-mg-100-vegetarian-gelules-natures-way-.jpg","type":"image\/jpeg"}],"twitter_card":"summary_large_image","twitter_misc":{"\u0648\u0642\u062a \u0627\u0644\u0642\u0631\u0627\u0621\u0629 \u0627\u0644\u0645\u064f\u0642\u062f\u0651\u0631":"\u062f\u0642\u064a\u0642\u0629 \u0648\u0627\u062d\u062f\u0629"},"schema":{"@context":"https:\/\/schema.org","@graph":[{"@type":["WebPage","ItemPage"],"@id":"https:\/\/vitablanca.ma\/produit\/natures-way-vitex-fruit-400-mg-100-vegetarian-gelules-maroc\/","url":"https:\/\/vitablanca.ma\/produit\/natures-way-vitex-fruit-400-mg-100-vegetarian-gelules-maroc\/","name":"Nature\u2019s Way Vitex Fruit 400\u202fmg \u2013 100 g\u00e9lules - Maroc Prix","isPartOf":{"@id":"https:\/\/vitablanca.ma\/#website"},"primaryImageOfPage":{"@id":"https:\/\/vitablanca.ma\/produit\/natures-way-vitex-fruit-400-mg-100-vegetarian-gelules-maroc\/#primaryimage"},"image":{"@id":"https:\/\/vitablanca.ma\/produit\/natures-way-vitex-fruit-400-mg-100-vegetarian-gelules-maroc\/#primaryimage"},"thumbnailUrl":"https:\/\/vitablanca.ma\/wp-content\/uploads\/2025\/07\/vitex-fruit-400-mg-100-vegetarian-gelules-natures-way-.jpg","datePublished":"2025-07-02T14:18:02+00:00","dateModified":"2025-12-05T12:52:17+00:00","description":"Vitex Fruit 400\u202fmg par Nature\u2019s Way \u2013 100 g\u00e9lules v\u00e9g\u00e9tariennes. Plante gattilier pour \u00e9quilibre hormonal f\u00e9minin, sans gluten, v\u00e9gan, fabriqu\u00e9 aux\u202fUSA","breadcrumb":{"@id":"https:\/\/vitablanca.ma\/produit\/natures-way-vitex-fruit-400-mg-100-vegetarian-gelules-maroc\/#breadcrumb"},"inLanguage":"ar","potentialAction":[{"@type":"ReadAction","target":["https:\/\/vitablanca.ma\/produit\/natures-way-vitex-fruit-400-mg-100-vegetarian-gelules-maroc\/"]}]},{"@type":"ImageObject","inLanguage":"ar","@id":"https:\/\/vitablanca.ma\/produit\/natures-way-vitex-fruit-400-mg-100-vegetarian-gelules-maroc\/#primaryimage","url":"https:\/\/vitablanca.ma\/wp-content\/uploads\/2025\/07\/vitex-fruit-400-mg-100-vegetarian-gelules-natures-way-.jpg","contentUrl":"https:\/\/vitablanca.ma\/wp-content\/uploads\/2025\/07\/vitex-fruit-400-mg-100-vegetarian-gelules-natures-way-.jpg","width":680,"height":680},{"@type":"BreadcrumbList","@id":"https:\/\/vitablanca.ma\/produit\/natures-way-vitex-fruit-400-mg-100-vegetarian-gelules-maroc\/#breadcrumb","itemListElement":[{"@type":"ListItem","position":1,"name":"Home","item":"https:\/\/vitablanca.ma\/"},{"@type":"ListItem","position":2,"name":"Tous Les Produits","item":"https:\/\/vitablanca.ma\/tous-les-produits\/"},{"@type":"ListItem","position":3,"name":"Nature&#8217;S Way Vitex Fruit, 400 mg, 100 Vegetarian G\u00e9lules"}]},{"@type":"WebSite","@id":"https:\/\/vitablanca.ma\/#website","url":"https:\/\/vitablanca.ma\/","name":"VitaBlanca.ma | \u0627\u0644\u0645\u0643\u0645\u0644\u0627\u062a \u0627\u0644\u063a\u0630\u0627\u0626\u064a\u0629\u060c \u0627\u0644\u0635\u062d\u0629 \u0648\u0627\u0644\u062c\u0645\u0627\u0644 \u0641\u064a \u0627\u0644\u0645\u063a\u0631\u0628","description":"\u0646\u0628\u064a\u0639 \u0641\u064a\u062a\u0627\u0645\u064a\u0646\u0627\u062a \u0648\u0645\u0643\u0645\u0644\u0627\u062a \u063a\u0630\u0627\u0626\u064a\u0629 \u0641\u0627\u062e\u0631\u0629 \u0645\u0646 \u0627\u0644\u0648\u0644\u0627\u064a\u0627\u062a \u0627\u0644\u0645\u062a\u062d\u062f\u0629 \u0627\u0644\u0623\u0645\u0631\u064a\u0643\u064a\u0629 \u0648\u0643\u0646\u062f\u0627 \u0648\u0646\u064a\u0648\u0632\u064a\u0644\u0646\u062f\u0627 \u0648\u0627\u0644\u0645\u063a\u0631\u0628 (\u0646\u0627\u0648 \u0641\u0648\u062f\u0632\u060c \u0633\u0648\u0644\u062c\u0627\u0631\u060c \u0645\u0627\u0646\u0648\u0643\u0627). \u062a\u0648\u0635\u064a\u0644 \u0633\u0631\u064a\u0639 \u0625\u0644\u0649 \u062c\u0645\u064a\u0639 \u0623\u0646\u062d\u0627\u0621 \u0627\u0644\u0645\u063a\u0631\u0628.","publisher":{"@id":"https:\/\/vitablanca.ma\/#organization"},"alternateName":"VitaBlanca.ma","potentialAction":[{"@type":"SearchAction","target":{"@type":"EntryPoint","urlTemplate":"https:\/\/vitablanca.ma\/?s={search_term_string}"},"query-input":{"@type":"PropertyValueSpecification","valueRequired":true,"valueName":"search_term_string"}}],"inLanguage":"ar"},{"@type":"Organization","@id":"https:\/\/vitablanca.ma\/#organization","name":"\u0641\u064a\u062a\u0627\u0628\u0644\u0627\u0646\u0643\u0627","url":"https:\/\/vitablanca.ma\/","logo":{"@type":"ImageObject","inLanguage":"ar","@id":"https:\/\/vitablanca.ma\/#\/schema\/logo\/image\/","url":"https:\/\/vitablanca.ma\/wp-content\/uploads\/2025\/05\/cropped-vitablanca.png","contentUrl":"https:\/\/vitablanca.ma\/wp-content\/uploads\/2025\/05\/cropped-vitablanca.png","width":360,"height":67,"caption":"VitaBlanca"},"image":{"@id":"https:\/\/vitablanca.ma\/#\/schema\/logo\/image\/"},"sameAs":["https:\/\/www.facebook.com\/profile.php?id=61576678196717","https:\/\/www.tiktok.com\/@vitablanca.ma","https:\/\/www.instagram.com\/vitablanca.ma\/"]}]}},"jetpack_sharing_enabled":true,"_links":{"self":[{"href":"https:\/\/vitablanca.ma\/ar\/wp-json\/wp\/v2\/product\/23226","targetHints":{"allow":["GET"]}}],"collection":[{"href":"https:\/\/vitablanca.ma\/ar\/wp-json\/wp\/v2\/product"}],"about":[{"href":"https:\/\/vitablanca.ma\/ar\/wp-json\/wp\/v2\/types\/product"}],"wp:featuredmedia":[{"embeddable":true,"href":"https:\/\/vitablanca.ma\/ar\/wp-json\/wp\/v2\/media\/23228"}],"wp:attachment":[{"href":"https:\/\/vitablanca.ma\/ar\/wp-json\/wp\/v2\/media?parent=23226"}],"wp:term":[{"taxonomy":"product_brand","embeddable":true,"href":"https:\/\/vitablanca.ma\/ar\/wp-json\/wp\/v2\/product_brand?post=23226"},{"taxonomy":"product_cat","embeddable":true,"href":"https:\/\/vitablanca.ma\/ar\/wp-json\/wp\/v2\/product_cat?post=23226"},{"taxonomy":"product_tag","embeddable":true,"href":"https:\/\/vitablanca.ma\/ar\/wp-json\/wp\/v2\/product_tag?post=23226"}],"curies":[{"name":"wp","href":"https:\/\/api.w.org\/{rel}","templated":true}]}}