{"id":23222,"date":"2025-07-02T14:09:19","date_gmt":"2025-07-02T14:09:19","guid":{"rendered":"https:\/\/vitablanca.ma\/?post_type=product&#038;p=23222"},"modified":"2026-01-02T01:05:01","modified_gmt":"2026-01-02T01:05:01","slug":"21st-century-acide-alpha-lipoique-50-mg-90-unite","status":"publish","type":"product","link":"https:\/\/vitablanca.ma\/ar\/product-2\/21st-century-acide-alpha-lipoique-50-mg-90-unite\/","title":{"rendered":"21st Century Acide Alpha Lipoique, 50 mg, 90 unit\u00e9"},"content":{"rendered":"<p><strong>21st Century Acide Alpha Lipo\u00efque (ALA) 50 mg \u2013 90 unit\u00e9s<\/strong> est un compl\u00e9ment essentiel pour soutenir la production d\u2019\u00e9nergie, prot\u00e9ger les cellules contre l\u2019oxydation et aider \u00e0 r\u00e9guler le m\u00e9tabolisme du glucose. L\u2019ALA est un antioxydant unique, soluble <strong>dans l\u2019eau et dans les graisses<\/strong>, offrant une protection cellulaire compl\u00e8te.<\/p>\n\n\n\n<h2 class=\"wp-block-heading\">Bienfaits principaux :<\/h2>\n\n\n\n<ul class=\"wp-block-list\">\n<li><strong>\u0645\u0636\u0627\u062f \u0623\u0643\u0633\u062f\u0629 \u0642\u0648\u064a<\/strong> : prot\u00e8ge les cellules contre les radicaux libres<\/li>\n\n\n\n<li><strong>Soutien \u00e9nerg\u00e9tique<\/strong> : participe \u00e0 la production d\u2019\u00e9nergie dans les mitochondries<\/li>\n\n\n\n<li><strong>M\u00e9tabolisme du glucose<\/strong> : aide \u00e0 maintenir une glyc\u00e9mie \u00e9quilibr\u00e9e<\/li>\n\n\n\n<li><strong>Sant\u00e9 nerveuse<\/strong> : soutient les nerfs et la fonction cognitive<\/li>\n\n\n\n<li><strong>Protection cellulaire<\/strong> : renforce le syst\u00e8me antioxydant global<\/li>\n<\/ul>\n\n\n\n<h2 class=\"wp-block-heading\">\u0645\u0645\u064a\u0632\u0627\u062a \u0627\u0644\u0645\u0646\u062a\u062c:<\/h2>\n\n\n\n<ul class=\"wp-block-list\">\n<li>50 mg d\u2019ALA par capsule<\/li>\n\n\n\n<li>90 capsules faciles \u00e0 avaler<\/li>\n\n\n\n<li>Formule de haute qualit\u00e9<\/li>\n\n\n\n<li>Fabriqu\u00e9 par 21st Century, marque reconnue<\/li>\n\n\n\n<li>Convient aux routines antioxydantes, \u00e9nergie et m\u00e9tabolisme<\/li>\n<\/ul>\n\n\n\n<h2 class=\"wp-block-heading\">Pourquoi choisir 21st Century ?<\/h2>\n\n\n\n<p>Id\u00e9al pour le soutien nerveux et m\u00e9tabolique<\/p>\n\n\n\n<p>Excellent rapport qualit\u00e9-prix<\/p>\n\n\n\n<p>Ingr\u00e9dients test\u00e9s pour la puret\u00e9<\/p>\n\n\n\n<p>Antioxydant polyvalent adapt\u00e9 \u00e0 tous<\/p>\n\n\n\n<p><a href=\"https:\/\/www.jumia.ma\/customer\/account\/login\/?tkWl=21439DV0SYBMXNAFAMZ-25342157&amp;return=%2Facide-alpha-lipoique-50-mg-90-unite-21st-century-mpg934580.html\"><\/a><\/p>","protected":false},"excerpt":{"rendered":"<p>21st Century Acide Alpha Lipo\u00efque (ALA) 50 mg \u2013 90 unit\u00e9s est un compl\u00e9ment essentiel pour soutenir la production d\u2019\u00e9nergie, prot\u00e9ger les cellules contre l\u2019oxydation et aider \u00e0 r\u00e9guler le m\u00e9tabolisme du glucose. L\u2019ALA est un antioxydant unique, soluble dans l\u2019eau et dans les graisses, offrant une protection cellulaire compl\u00e8te. Bienfaits principaux : Caract\u00e9ristiques du [&hellip;]<\/p>\n","protected":false},"featured_media":27170,"template":"","meta":{"om_disable_all_campaigns":false},"product_brand":[2417],"product_cat":[18,3366,20,19],"product_tag":[5298,2469,5295,5289,5292,5288,5294,2421,5301,5291,5290,5300,5090,5297,5296,5287,5293,5299],"class_list":{"0":"post-23222","1":"product","2":"type-product","3":"status-publish","4":"has-post-thumbnail","6":"product_brand-21st-century-maroc-prix","7":"product_cat-beaute-sante","8":"product_cat-complements-alimentaires-au-maroc-vitablanca","9":"product_cat-supplements","10":"product_cat-vitamines-supplements-dietetiques","11":"product_tag-21st-century-ala-maroc","12":"product_tag-21st-century-maroc","13":"product_tag-acide-alpha-lipoique-glucose-maroc","14":"product_tag-acide-alpha-lipoique-maroc","15":"product_tag-acide-lipoique-maroc","16":"product_tag-ala-50-mg-maroc","17":"product_tag-ala-antioxydant-maroc","18":"product_tag-alpha-lipoic-acid-maroc","19":"product_tag-alpha-lipoic-acid-original-maroc","20":"product_tag-anti-oxydant-puissant-maroc","21":"product_tag-antioxidant-maroc","22":"product_tag-antioxidant-naturel-maroc","23":"product_tag-complement-glucose-maroc","24":"product_tag-energie-cellulaire-maroc-2","25":"product_tag-metabolisme-sucre-maroc","26":"product_tag-nerve-health-maroc","27":"product_tag-supplement-energie-maroc","28":"product_tag-supplement-nerfs-maroc","30":"first","31":"instock","32":"taxable","33":"shipping-taxable","34":"purchasable","35":"product-type-simple"},"yoast_head":"<!-- This site is optimized with the Yoast SEO plugin v27.4 - https:\/\/yoast.com\/product\/yoast-seo-wordpress\/ -->\n<title>21st Century Acide Alpha Lipoique, 50 mg, 90 unit\u00e9 - Maroc Prix<\/title>\n<meta name=\"description\" content=\"21st Century Acide Alpha Lipo\u00efque ALA 50 mg : antioxydant puissant pour l\u2019\u00e9nergie, le glucose et les nerfs. Haute qualit\u00e9. Produit original au Maroc,\" \/>\n<meta name=\"robots\" content=\"index, follow, max-snippet:-1, max-image-preview:large, max-video-preview:-1\" \/>\n<link rel=\"canonical\" href=\"https:\/\/vitablanca.ma\/ar\/product-2\/21st-century-acide-alpha-lipoique-50-mg-90-unite\/\" \/>\n<meta property=\"og:locale\" content=\"ar_AR\" \/>\n<meta property=\"og:type\" content=\"article\" \/>\n<meta property=\"og:title\" content=\"21st Century Acide Alpha Lipoique, 50 mg, 90 unit\u00e9 - Maroc Prix\" \/>\n<meta property=\"og:description\" content=\"21st Century Acide Alpha Lipo\u00efque ALA 50 mg : antioxydant puissant pour l\u2019\u00e9nergie, le glucose et les nerfs. Haute qualit\u00e9. Produit original au Maroc,\" \/>\n<meta property=\"og:url\" content=\"https:\/\/vitablanca.ma\/ar\/product-2\/21st-century-acide-alpha-lipoique-50-mg-90-unite\/\" \/>\n<meta property=\"og:site_name\" content=\"Vitablanca.ma &ndash; Sant&eacute;, vitalit&eacute; et bien-&ecirc;tre pour tous les Marocains\" \/>\n<meta property=\"article:publisher\" content=\"https:\/\/www.facebook.com\/profile.php?id=61576678196717\" \/>\n<meta property=\"article:modified_time\" content=\"2026-01-02T01:05:01+00:00\" \/>\n<meta property=\"og:image\" content=\"https:\/\/vitablanca.ma\/wp-content\/uploads\/2025\/07\/acide-alpha-lipoique-50-mg-90-unite-21st-century-1.jpg\" \/>\n\t<meta property=\"og:image:width\" content=\"680\" \/>\n\t<meta property=\"og:image:height\" content=\"680\" \/>\n\t<meta property=\"og:image:type\" content=\"image\/jpeg\" \/>\n<meta name=\"twitter:card\" content=\"summary_large_image\" \/>\n<meta name=\"twitter:label1\" content=\"\u0648\u0642\u062a \u0627\u0644\u0642\u0631\u0627\u0621\u0629 \u0627\u0644\u0645\u064f\u0642\u062f\u0651\u0631\" \/>\n\t<meta name=\"twitter:data1\" content=\"\u062f\u0642\u064a\u0642\u0629 \u0648\u0627\u062d\u062f\u0629\" \/>\n<script type=\"application\/ld+json\" class=\"yoast-schema-graph\">{\"@context\":\"https:\\\/\\\/schema.org\",\"@graph\":[{\"@type\":[\"WebPage\",\"ItemPage\"],\"@id\":\"https:\\\/\\\/vitablanca.ma\\\/produit\\\/21st-century-acide-alpha-lipoique-50-mg-90-unite\\\/\",\"url\":\"https:\\\/\\\/vitablanca.ma\\\/produit\\\/21st-century-acide-alpha-lipoique-50-mg-90-unite\\\/\",\"name\":\"21st Century Acide Alpha Lipoique, 50 mg, 90 unit\u00e9 - Maroc Prix\",\"isPartOf\":{\"@id\":\"https:\\\/\\\/vitablanca.ma\\\/#website\"},\"primaryImageOfPage\":{\"@id\":\"https:\\\/\\\/vitablanca.ma\\\/produit\\\/21st-century-acide-alpha-lipoique-50-mg-90-unite\\\/#primaryimage\"},\"image\":{\"@id\":\"https:\\\/\\\/vitablanca.ma\\\/produit\\\/21st-century-acide-alpha-lipoique-50-mg-90-unite\\\/#primaryimage\"},\"thumbnailUrl\":\"https:\\\/\\\/vitablanca.ma\\\/wp-content\\\/uploads\\\/2025\\\/07\\\/acide-alpha-lipoique-50-mg-90-unite-21st-century-1.jpg\",\"datePublished\":\"2025-07-02T14:09:19+00:00\",\"dateModified\":\"2026-01-02T01:05:01+00:00\",\"description\":\"21st Century Acide Alpha Lipo\u00efque ALA 50 mg : antioxydant puissant pour l\u2019\u00e9nergie, le glucose et les nerfs. Haute qualit\u00e9. Produit original au Maroc,\",\"breadcrumb\":{\"@id\":\"https:\\\/\\\/vitablanca.ma\\\/produit\\\/21st-century-acide-alpha-lipoique-50-mg-90-unite\\\/#breadcrumb\"},\"inLanguage\":\"ar\",\"potentialAction\":[{\"@type\":\"ReadAction\",\"target\":[\"https:\\\/\\\/vitablanca.ma\\\/produit\\\/21st-century-acide-alpha-lipoique-50-mg-90-unite\\\/\"]}]},{\"@type\":\"ImageObject\",\"inLanguage\":\"ar\",\"@id\":\"https:\\\/\\\/vitablanca.ma\\\/produit\\\/21st-century-acide-alpha-lipoique-50-mg-90-unite\\\/#primaryimage\",\"url\":\"https:\\\/\\\/vitablanca.ma\\\/wp-content\\\/uploads\\\/2025\\\/07\\\/acide-alpha-lipoique-50-mg-90-unite-21st-century-1.jpg\",\"contentUrl\":\"https:\\\/\\\/vitablanca.ma\\\/wp-content\\\/uploads\\\/2025\\\/07\\\/acide-alpha-lipoique-50-mg-90-unite-21st-century-1.jpg\",\"width\":680,\"height\":680},{\"@type\":\"BreadcrumbList\",\"@id\":\"https:\\\/\\\/vitablanca.ma\\\/produit\\\/21st-century-acide-alpha-lipoique-50-mg-90-unite\\\/#breadcrumb\",\"itemListElement\":[{\"@type\":\"ListItem\",\"position\":1,\"name\":\"Home\",\"item\":\"https:\\\/\\\/vitablanca.ma\\\/\"},{\"@type\":\"ListItem\",\"position\":2,\"name\":\"Tous Les Produits\",\"item\":\"https:\\\/\\\/vitablanca.ma\\\/tous-les-produits\\\/\"},{\"@type\":\"ListItem\",\"position\":3,\"name\":\"21st Century Acide Alpha Lipoique, 50 mg, 90 unit\u00e9\"}]},{\"@type\":\"WebSite\",\"@id\":\"https:\\\/\\\/vitablanca.ma\\\/#website\",\"url\":\"https:\\\/\\\/vitablanca.ma\\\/\",\"name\":\"VitaBlanca.ma | Compl\u00e9ments alimentaires, sant\u00e9 & beaut\u00e9 au Maroc\",\"description\":\"vendre vitamines et compl\u00e9ments premium des USA &amp; Canada, Nouvelle Z\u00e9lande,Maroc (NOW Foods, Solgar, Manuka). Livraison rapide partout au Maroc.\",\"publisher\":{\"@id\":\"https:\\\/\\\/vitablanca.ma\\\/#organization\"},\"alternateName\":\"VitaBlanca.ma\",\"potentialAction\":[{\"@type\":\"SearchAction\",\"target\":{\"@type\":\"EntryPoint\",\"urlTemplate\":\"https:\\\/\\\/vitablanca.ma\\\/?s={search_term_string}\"},\"query-input\":{\"@type\":\"PropertyValueSpecification\",\"valueRequired\":true,\"valueName\":\"search_term_string\"}}],\"inLanguage\":\"ar\"},{\"@type\":\"Organization\",\"@id\":\"https:\\\/\\\/vitablanca.ma\\\/#organization\",\"name\":\"VitaBlanca\",\"url\":\"https:\\\/\\\/vitablanca.ma\\\/\",\"logo\":{\"@type\":\"ImageObject\",\"inLanguage\":\"ar\",\"@id\":\"https:\\\/\\\/vitablanca.ma\\\/#\\\/schema\\\/logo\\\/image\\\/\",\"url\":\"https:\\\/\\\/vitablanca.ma\\\/wp-content\\\/uploads\\\/2025\\\/05\\\/cropped-vitablanca.png\",\"contentUrl\":\"https:\\\/\\\/vitablanca.ma\\\/wp-content\\\/uploads\\\/2025\\\/05\\\/cropped-vitablanca.png\",\"width\":360,\"height\":67,\"caption\":\"VitaBlanca\"},\"image\":{\"@id\":\"https:\\\/\\\/vitablanca.ma\\\/#\\\/schema\\\/logo\\\/image\\\/\"},\"sameAs\":[\"https:\\\/\\\/www.facebook.com\\\/profile.php?id=61576678196717\",\"https:\\\/\\\/www.tiktok.com\\\/@vitablanca.ma\",\"https:\\\/\\\/www.instagram.com\\\/vitablanca.ma\\\/\"]}]}<\/script>\n<!-- \/ Yoast SEO plugin. -->","yoast_head_json":{"title":"21st Century Acide Alpha Lipoique, 50 mg, 90 unit\u00e9 - Maroc Prix","description":"21st Century Acide Alpha Lipo\u00efque ALA 50 mg : antioxydant puissant pour l\u2019\u00e9nergie, le glucose et les nerfs. Haute qualit\u00e9. Produit original au Maroc,","robots":{"index":"index","follow":"follow","max-snippet":"max-snippet:-1","max-image-preview":"max-image-preview:large","max-video-preview":"max-video-preview:-1"},"canonical":"https:\/\/vitablanca.ma\/ar\/product-2\/21st-century-acide-alpha-lipoique-50-mg-90-unite\/","og_locale":"ar_AR","og_type":"article","og_title":"21st Century Acide Alpha Lipoique, 50 mg, 90 unit\u00e9 - Maroc Prix","og_description":"21st Century Acide Alpha Lipo\u00efque ALA 50 mg : antioxydant puissant pour l\u2019\u00e9nergie, le glucose et les nerfs. Haute qualit\u00e9. Produit original au Maroc,","og_url":"https:\/\/vitablanca.ma\/ar\/product-2\/21st-century-acide-alpha-lipoique-50-mg-90-unite\/","og_site_name":"Vitablanca.ma &ndash; Sant&eacute;, vitalit&eacute; et bien-&ecirc;tre pour tous les Marocains","article_publisher":"https:\/\/www.facebook.com\/profile.php?id=61576678196717","article_modified_time":"2026-01-02T01:05:01+00:00","og_image":[{"width":680,"height":680,"url":"https:\/\/vitablanca.ma\/wp-content\/uploads\/2025\/07\/acide-alpha-lipoique-50-mg-90-unite-21st-century-1.jpg","type":"image\/jpeg"}],"twitter_card":"summary_large_image","twitter_misc":{"\u0648\u0642\u062a \u0627\u0644\u0642\u0631\u0627\u0621\u0629 \u0627\u0644\u0645\u064f\u0642\u062f\u0651\u0631":"\u062f\u0642\u064a\u0642\u0629 \u0648\u0627\u062d\u062f\u0629"},"schema":{"@context":"https:\/\/schema.org","@graph":[{"@type":["WebPage","ItemPage"],"@id":"https:\/\/vitablanca.ma\/produit\/21st-century-acide-alpha-lipoique-50-mg-90-unite\/","url":"https:\/\/vitablanca.ma\/produit\/21st-century-acide-alpha-lipoique-50-mg-90-unite\/","name":"21st Century Acide Alpha Lipoique, 50 mg, 90 unit\u00e9 - Maroc Prix","isPartOf":{"@id":"https:\/\/vitablanca.ma\/#website"},"primaryImageOfPage":{"@id":"https:\/\/vitablanca.ma\/produit\/21st-century-acide-alpha-lipoique-50-mg-90-unite\/#primaryimage"},"image":{"@id":"https:\/\/vitablanca.ma\/produit\/21st-century-acide-alpha-lipoique-50-mg-90-unite\/#primaryimage"},"thumbnailUrl":"https:\/\/vitablanca.ma\/wp-content\/uploads\/2025\/07\/acide-alpha-lipoique-50-mg-90-unite-21st-century-1.jpg","datePublished":"2025-07-02T14:09:19+00:00","dateModified":"2026-01-02T01:05:01+00:00","description":"21st Century Acide Alpha Lipo\u00efque ALA 50 mg : antioxydant puissant pour l\u2019\u00e9nergie, le glucose et les nerfs. Haute qualit\u00e9. Produit original au Maroc,","breadcrumb":{"@id":"https:\/\/vitablanca.ma\/produit\/21st-century-acide-alpha-lipoique-50-mg-90-unite\/#breadcrumb"},"inLanguage":"ar","potentialAction":[{"@type":"ReadAction","target":["https:\/\/vitablanca.ma\/produit\/21st-century-acide-alpha-lipoique-50-mg-90-unite\/"]}]},{"@type":"ImageObject","inLanguage":"ar","@id":"https:\/\/vitablanca.ma\/produit\/21st-century-acide-alpha-lipoique-50-mg-90-unite\/#primaryimage","url":"https:\/\/vitablanca.ma\/wp-content\/uploads\/2025\/07\/acide-alpha-lipoique-50-mg-90-unite-21st-century-1.jpg","contentUrl":"https:\/\/vitablanca.ma\/wp-content\/uploads\/2025\/07\/acide-alpha-lipoique-50-mg-90-unite-21st-century-1.jpg","width":680,"height":680},{"@type":"BreadcrumbList","@id":"https:\/\/vitablanca.ma\/produit\/21st-century-acide-alpha-lipoique-50-mg-90-unite\/#breadcrumb","itemListElement":[{"@type":"ListItem","position":1,"name":"Home","item":"https:\/\/vitablanca.ma\/"},{"@type":"ListItem","position":2,"name":"Tous Les Produits","item":"https:\/\/vitablanca.ma\/tous-les-produits\/"},{"@type":"ListItem","position":3,"name":"21st Century Acide Alpha Lipoique, 50 mg, 90 unit\u00e9"}]},{"@type":"WebSite","@id":"https:\/\/vitablanca.ma\/#website","url":"https:\/\/vitablanca.ma\/","name":"VitaBlanca.ma | \u0627\u0644\u0645\u0643\u0645\u0644\u0627\u062a \u0627\u0644\u063a\u0630\u0627\u0626\u064a\u0629\u060c \u0627\u0644\u0635\u062d\u0629 \u0648\u0627\u0644\u062c\u0645\u0627\u0644 \u0641\u064a \u0627\u0644\u0645\u063a\u0631\u0628","description":"\u0646\u0628\u064a\u0639 \u0641\u064a\u062a\u0627\u0645\u064a\u0646\u0627\u062a \u0648\u0645\u0643\u0645\u0644\u0627\u062a \u063a\u0630\u0627\u0626\u064a\u0629 \u0641\u0627\u062e\u0631\u0629 \u0645\u0646 \u0627\u0644\u0648\u0644\u0627\u064a\u0627\u062a \u0627\u0644\u0645\u062a\u062d\u062f\u0629 \u0627\u0644\u0623\u0645\u0631\u064a\u0643\u064a\u0629 \u0648\u0643\u0646\u062f\u0627 \u0648\u0646\u064a\u0648\u0632\u064a\u0644\u0646\u062f\u0627 \u0648\u0627\u0644\u0645\u063a\u0631\u0628 (\u0646\u0627\u0648 \u0641\u0648\u062f\u0632\u060c \u0633\u0648\u0644\u062c\u0627\u0631\u060c \u0645\u0627\u0646\u0648\u0643\u0627). \u062a\u0648\u0635\u064a\u0644 \u0633\u0631\u064a\u0639 \u0625\u0644\u0649 \u062c\u0645\u064a\u0639 \u0623\u0646\u062d\u0627\u0621 \u0627\u0644\u0645\u063a\u0631\u0628.","publisher":{"@id":"https:\/\/vitablanca.ma\/#organization"},"alternateName":"VitaBlanca.ma","potentialAction":[{"@type":"SearchAction","target":{"@type":"EntryPoint","urlTemplate":"https:\/\/vitablanca.ma\/?s={search_term_string}"},"query-input":{"@type":"PropertyValueSpecification","valueRequired":true,"valueName":"search_term_string"}}],"inLanguage":"ar"},{"@type":"Organization","@id":"https:\/\/vitablanca.ma\/#organization","name":"\u0641\u064a\u062a\u0627\u0628\u0644\u0627\u0646\u0643\u0627","url":"https:\/\/vitablanca.ma\/","logo":{"@type":"ImageObject","inLanguage":"ar","@id":"https:\/\/vitablanca.ma\/#\/schema\/logo\/image\/","url":"https:\/\/vitablanca.ma\/wp-content\/uploads\/2025\/05\/cropped-vitablanca.png","contentUrl":"https:\/\/vitablanca.ma\/wp-content\/uploads\/2025\/05\/cropped-vitablanca.png","width":360,"height":67,"caption":"VitaBlanca"},"image":{"@id":"https:\/\/vitablanca.ma\/#\/schema\/logo\/image\/"},"sameAs":["https:\/\/www.facebook.com\/profile.php?id=61576678196717","https:\/\/www.tiktok.com\/@vitablanca.ma","https:\/\/www.instagram.com\/vitablanca.ma\/"]}]}},"jetpack_sharing_enabled":true,"_links":{"self":[{"href":"https:\/\/vitablanca.ma\/ar\/wp-json\/wp\/v2\/product\/23222","targetHints":{"allow":["GET"]}}],"collection":[{"href":"https:\/\/vitablanca.ma\/ar\/wp-json\/wp\/v2\/product"}],"about":[{"href":"https:\/\/vitablanca.ma\/ar\/wp-json\/wp\/v2\/types\/product"}],"wp:featuredmedia":[{"embeddable":true,"href":"https:\/\/vitablanca.ma\/ar\/wp-json\/wp\/v2\/media\/27170"}],"wp:attachment":[{"href":"https:\/\/vitablanca.ma\/ar\/wp-json\/wp\/v2\/media?parent=23222"}],"wp:term":[{"taxonomy":"product_brand","embeddable":true,"href":"https:\/\/vitablanca.ma\/ar\/wp-json\/wp\/v2\/product_brand?post=23222"},{"taxonomy":"product_cat","embeddable":true,"href":"https:\/\/vitablanca.ma\/ar\/wp-json\/wp\/v2\/product_cat?post=23222"},{"taxonomy":"product_tag","embeddable":true,"href":"https:\/\/vitablanca.ma\/ar\/wp-json\/wp\/v2\/product_tag?post=23222"}],"curies":[{"name":"wp","href":"https:\/\/api.w.org\/{rel}","templated":true}]}}