{"id":23154,"date":"2025-07-01T18:03:17","date_gmt":"2025-07-01T18:03:17","guid":{"rendered":"https:\/\/vitablanca.ma\/?post_type=product&#038;p=23154"},"modified":"2025-09-21T20:33:46","modified_gmt":"2025-09-21T20:33:46","slug":"natural-factors-marron-dinde-pepins-de-raisin-350-mg-60-capsules-maroc","status":"publish","type":"product","link":"https:\/\/vitablanca.ma\/ar\/product-2\/natural-factors-marron-dinde-pepins-de-raisin-350-mg-60-capsules-maroc\/","title":{"rendered":"Natural Factors Marron d&rsquo;Inde &#038; P\u00e9pins de Raisin 350 mg 60 Capsules"},"content":{"rendered":"<p>La formule de marron d&rsquo;Inde et de p\u00e9pins de raisin combine deux nutriments \u00e9prouv\u00e9s pour la sant\u00e9 des veines. Le marron d&rsquo;Inde am\u00e9liore le tonus veineux et la circulation sanguine, et inhibe les enzymes qui peuvent affaiblir les vaisseaux sanguins, provoquant des varices et des h\u00e9morro\u00efdes. L&rsquo;extrait de p\u00e9pins de raisin antioxydant prot\u00e8ge les capillaires, les veines et les art\u00e8res des dommages caus\u00e9s par les radicaux libres.<\/p>\n\n\n\n<p><a href=\"https:\/\/www.jumia.ma\/customer\/account\/login\/?tkWl=NA537DV1NHC5ZNAFAMZ-31182583&amp;return=%2Fnatural-factors-marron-dinde-pepins-de-raisin-350-mg-60-capsules-36260999.html\"><\/a><\/p>","protected":false},"excerpt":{"rendered":"<ul>\n<li>Aide \u00e0 traiter et \u00e0 pr\u00e9venir les varices, ainsi qu&rsquo;\u00e0 am\u00e9liorer leur apparence<\/li>\n<li>Renforce les parois des vaisseaux et am\u00e9liore la circulation sanguine<\/li>\n<li>R\u00e9duit la sensation de fatigue, de jambes lourdes, d&rsquo;\u0153d\u00e8me, d&rsquo;enflure et d&rsquo;ecchymoses<\/li>\n<li>Utile dans l&rsquo;insuffisance veineuse chronique (IVC) et les h\u00e9morro\u00efdes<\/li>\n<\/ul>","protected":false},"featured_media":23156,"template":"","meta":{"om_disable_all_campaigns":false},"product_brand":[1808],"product_cat":[18,3366,104,19],"product_tag":[3022,3024,3021,2798,4319],"class_list":{"0":"post-23154","1":"product","2":"type-product","3":"status-publish","4":"has-post-thumbnail","6":"product_brand-natural-factors-maroc-prix","7":"product_cat-beaute-sante","8":"product_cat-complements-alimentaires-au-maroc-vitablanca","9":"product_cat-supplements-a-base-de-plantes","10":"product_cat-vitamines-supplements-dietetiques","11":"product_tag-complement-circulation-veineuse-natural-factors","12":"product_tag-herbalfactors-horse-chestnut-grape-seed","13":"product_tag-marron-dinde-pepins-de-raisin-350-mg","14":"product_tag-natural-factors","15":"product_tag-natural-factors-maroc","17":"first","18":"instock","19":"taxable","20":"shipping-taxable","21":"purchasable","22":"product-type-simple"},"yoast_head":"<!-- This site is optimized with the Yoast SEO plugin v27.4 - https:\/\/yoast.com\/product\/yoast-seo-wordpress\/ -->\n<title>Natural\u202fFactors Marron d\u2019Inde &amp; P\u00e9pins de Raisin - Maroc Prix<\/title>\n<meta name=\"description\" content=\"Extrait standardis\u00e9 marron d\u2019Inde 300\u202fmg p\u00e9pins de raisin 50\u202fmg soutient la circulation, renforce les veines, varices &amp; h\u00e9morro\u00efdes 60\u202fcapsules non\u2011OGM\" \/>\n<meta name=\"robots\" content=\"index, follow, max-snippet:-1, max-image-preview:large, max-video-preview:-1\" \/>\n<link rel=\"canonical\" href=\"https:\/\/vitablanca.ma\/ar\/product-2\/natural-factors-marron-dinde-pepins-de-raisin-350-mg-60-capsules-maroc\/\" \/>\n<meta property=\"og:locale\" content=\"ar_AR\" \/>\n<meta property=\"og:type\" content=\"article\" \/>\n<meta property=\"og:title\" content=\"Natural\u202fFactors Marron d\u2019Inde &amp; P\u00e9pins de Raisin - Maroc Prix\" \/>\n<meta property=\"og:description\" content=\"Extrait standardis\u00e9 marron d\u2019Inde 300\u202fmg p\u00e9pins de raisin 50\u202fmg soutient la circulation, renforce les veines, varices &amp; h\u00e9morro\u00efdes 60\u202fcapsules non\u2011OGM\" \/>\n<meta property=\"og:url\" content=\"https:\/\/vitablanca.ma\/ar\/product-2\/natural-factors-marron-dinde-pepins-de-raisin-350-mg-60-capsules-maroc\/\" \/>\n<meta property=\"og:site_name\" content=\"Vitablanca.ma &ndash; Sant&eacute;, vitalit&eacute; et bien-&ecirc;tre pour tous les Marocains\" \/>\n<meta property=\"article:publisher\" content=\"https:\/\/www.facebook.com\/profile.php?id=61576678196717\" \/>\n<meta property=\"article:modified_time\" content=\"2025-09-21T20:33:46+00:00\" \/>\n<meta property=\"og:image\" content=\"https:\/\/vitablanca.ma\/wp-content\/uploads\/2025\/07\/natural-factors-marron-dinde-pepins-de-raisin-350-mg-60-.jpg\" \/>\n\t<meta property=\"og:image:width\" content=\"680\" \/>\n\t<meta property=\"og:image:height\" content=\"680\" \/>\n\t<meta property=\"og:image:type\" content=\"image\/jpeg\" \/>\n<meta name=\"twitter:card\" content=\"summary_large_image\" \/>\n<meta name=\"twitter:label1\" content=\"\u0648\u0642\u062a \u0627\u0644\u0642\u0631\u0627\u0621\u0629 \u0627\u0644\u0645\u064f\u0642\u062f\u0651\u0631\" \/>\n\t<meta name=\"twitter:data1\" content=\"\u062f\u0642\u064a\u0642\u0629 \u0648\u0627\u062d\u062f\u0629\" \/>\n<script type=\"application\/ld+json\" class=\"yoast-schema-graph\">{\"@context\":\"https:\\\/\\\/schema.org\",\"@graph\":[{\"@type\":[\"WebPage\",\"ItemPage\"],\"@id\":\"https:\\\/\\\/vitablanca.ma\\\/produit\\\/natural-factors-marron-dinde-pepins-de-raisin-350-mg-60-capsules-maroc\\\/\",\"url\":\"https:\\\/\\\/vitablanca.ma\\\/produit\\\/natural-factors-marron-dinde-pepins-de-raisin-350-mg-60-capsules-maroc\\\/\",\"name\":\"Natural\u202fFactors Marron d\u2019Inde & P\u00e9pins de Raisin - Maroc Prix\",\"isPartOf\":{\"@id\":\"https:\\\/\\\/vitablanca.ma\\\/#website\"},\"primaryImageOfPage\":{\"@id\":\"https:\\\/\\\/vitablanca.ma\\\/produit\\\/natural-factors-marron-dinde-pepins-de-raisin-350-mg-60-capsules-maroc\\\/#primaryimage\"},\"image\":{\"@id\":\"https:\\\/\\\/vitablanca.ma\\\/produit\\\/natural-factors-marron-dinde-pepins-de-raisin-350-mg-60-capsules-maroc\\\/#primaryimage\"},\"thumbnailUrl\":\"https:\\\/\\\/vitablanca.ma\\\/wp-content\\\/uploads\\\/2025\\\/07\\\/natural-factors-marron-dinde-pepins-de-raisin-350-mg-60-.jpg\",\"datePublished\":\"2025-07-01T18:03:17+00:00\",\"dateModified\":\"2025-09-21T20:33:46+00:00\",\"description\":\"Extrait standardis\u00e9 marron d\u2019Inde 300\u202fmg p\u00e9pins de raisin 50\u202fmg soutient la circulation, renforce les veines, varices & h\u00e9morro\u00efdes 60\u202fcapsules non\u2011OGM\",\"breadcrumb\":{\"@id\":\"https:\\\/\\\/vitablanca.ma\\\/produit\\\/natural-factors-marron-dinde-pepins-de-raisin-350-mg-60-capsules-maroc\\\/#breadcrumb\"},\"inLanguage\":\"ar\",\"potentialAction\":[{\"@type\":\"ReadAction\",\"target\":[\"https:\\\/\\\/vitablanca.ma\\\/produit\\\/natural-factors-marron-dinde-pepins-de-raisin-350-mg-60-capsules-maroc\\\/\"]}]},{\"@type\":\"ImageObject\",\"inLanguage\":\"ar\",\"@id\":\"https:\\\/\\\/vitablanca.ma\\\/produit\\\/natural-factors-marron-dinde-pepins-de-raisin-350-mg-60-capsules-maroc\\\/#primaryimage\",\"url\":\"https:\\\/\\\/vitablanca.ma\\\/wp-content\\\/uploads\\\/2025\\\/07\\\/natural-factors-marron-dinde-pepins-de-raisin-350-mg-60-.jpg\",\"contentUrl\":\"https:\\\/\\\/vitablanca.ma\\\/wp-content\\\/uploads\\\/2025\\\/07\\\/natural-factors-marron-dinde-pepins-de-raisin-350-mg-60-.jpg\",\"width\":680,\"height\":680},{\"@type\":\"BreadcrumbList\",\"@id\":\"https:\\\/\\\/vitablanca.ma\\\/produit\\\/natural-factors-marron-dinde-pepins-de-raisin-350-mg-60-capsules-maroc\\\/#breadcrumb\",\"itemListElement\":[{\"@type\":\"ListItem\",\"position\":1,\"name\":\"Home\",\"item\":\"https:\\\/\\\/vitablanca.ma\\\/\"},{\"@type\":\"ListItem\",\"position\":2,\"name\":\"Tous Les Produits\",\"item\":\"https:\\\/\\\/vitablanca.ma\\\/tous-les-produits\\\/\"},{\"@type\":\"ListItem\",\"position\":3,\"name\":\"Natural Factors Marron d&#8217;Inde &#038; P\u00e9pins de Raisin 350 mg 60 Capsules\"}]},{\"@type\":\"WebSite\",\"@id\":\"https:\\\/\\\/vitablanca.ma\\\/#website\",\"url\":\"https:\\\/\\\/vitablanca.ma\\\/\",\"name\":\"VitaBlanca.ma | Compl\u00e9ments alimentaires, sant\u00e9 & beaut\u00e9 au Maroc\",\"description\":\"vendre vitamines et compl\u00e9ments premium des USA &amp; Canada, Nouvelle Z\u00e9lande,Maroc (NOW Foods, Solgar, Manuka). Livraison rapide partout au Maroc.\",\"publisher\":{\"@id\":\"https:\\\/\\\/vitablanca.ma\\\/#organization\"},\"alternateName\":\"VitaBlanca.ma\",\"potentialAction\":[{\"@type\":\"SearchAction\",\"target\":{\"@type\":\"EntryPoint\",\"urlTemplate\":\"https:\\\/\\\/vitablanca.ma\\\/?s={search_term_string}\"},\"query-input\":{\"@type\":\"PropertyValueSpecification\",\"valueRequired\":true,\"valueName\":\"search_term_string\"}}],\"inLanguage\":\"ar\"},{\"@type\":\"Organization\",\"@id\":\"https:\\\/\\\/vitablanca.ma\\\/#organization\",\"name\":\"VitaBlanca\",\"url\":\"https:\\\/\\\/vitablanca.ma\\\/\",\"logo\":{\"@type\":\"ImageObject\",\"inLanguage\":\"ar\",\"@id\":\"https:\\\/\\\/vitablanca.ma\\\/#\\\/schema\\\/logo\\\/image\\\/\",\"url\":\"https:\\\/\\\/vitablanca.ma\\\/wp-content\\\/uploads\\\/2025\\\/05\\\/cropped-vitablanca.png\",\"contentUrl\":\"https:\\\/\\\/vitablanca.ma\\\/wp-content\\\/uploads\\\/2025\\\/05\\\/cropped-vitablanca.png\",\"width\":360,\"height\":67,\"caption\":\"VitaBlanca\"},\"image\":{\"@id\":\"https:\\\/\\\/vitablanca.ma\\\/#\\\/schema\\\/logo\\\/image\\\/\"},\"sameAs\":[\"https:\\\/\\\/www.facebook.com\\\/profile.php?id=61576678196717\",\"https:\\\/\\\/www.tiktok.com\\\/@vitablanca.ma\",\"https:\\\/\\\/www.instagram.com\\\/vitablanca.ma\\\/\"]}]}<\/script>\n<!-- \/ Yoast SEO plugin. -->","yoast_head_json":{"title":"Natural\u202fFactors Marron d\u2019Inde & P\u00e9pins de Raisin - Maroc Prix","description":"Extrait standardis\u00e9 marron d\u2019Inde 300\u202fmg p\u00e9pins de raisin 50\u202fmg soutient la circulation, renforce les veines, varices & h\u00e9morro\u00efdes 60\u202fcapsules non\u2011OGM","robots":{"index":"index","follow":"follow","max-snippet":"max-snippet:-1","max-image-preview":"max-image-preview:large","max-video-preview":"max-video-preview:-1"},"canonical":"https:\/\/vitablanca.ma\/ar\/product-2\/natural-factors-marron-dinde-pepins-de-raisin-350-mg-60-capsules-maroc\/","og_locale":"ar_AR","og_type":"article","og_title":"Natural\u202fFactors Marron d\u2019Inde & P\u00e9pins de Raisin - Maroc Prix","og_description":"Extrait standardis\u00e9 marron d\u2019Inde 300\u202fmg p\u00e9pins de raisin 50\u202fmg soutient la circulation, renforce les veines, varices & h\u00e9morro\u00efdes 60\u202fcapsules non\u2011OGM","og_url":"https:\/\/vitablanca.ma\/ar\/product-2\/natural-factors-marron-dinde-pepins-de-raisin-350-mg-60-capsules-maroc\/","og_site_name":"Vitablanca.ma &ndash; Sant&eacute;, vitalit&eacute; et bien-&ecirc;tre pour tous les Marocains","article_publisher":"https:\/\/www.facebook.com\/profile.php?id=61576678196717","article_modified_time":"2025-09-21T20:33:46+00:00","og_image":[{"width":680,"height":680,"url":"https:\/\/vitablanca.ma\/wp-content\/uploads\/2025\/07\/natural-factors-marron-dinde-pepins-de-raisin-350-mg-60-.jpg","type":"image\/jpeg"}],"twitter_card":"summary_large_image","twitter_misc":{"\u0648\u0642\u062a \u0627\u0644\u0642\u0631\u0627\u0621\u0629 \u0627\u0644\u0645\u064f\u0642\u062f\u0651\u0631":"\u062f\u0642\u064a\u0642\u0629 \u0648\u0627\u062d\u062f\u0629"},"schema":{"@context":"https:\/\/schema.org","@graph":[{"@type":["WebPage","ItemPage"],"@id":"https:\/\/vitablanca.ma\/produit\/natural-factors-marron-dinde-pepins-de-raisin-350-mg-60-capsules-maroc\/","url":"https:\/\/vitablanca.ma\/produit\/natural-factors-marron-dinde-pepins-de-raisin-350-mg-60-capsules-maroc\/","name":"Natural\u202fFactors Marron d\u2019Inde & P\u00e9pins de Raisin - Maroc Prix","isPartOf":{"@id":"https:\/\/vitablanca.ma\/#website"},"primaryImageOfPage":{"@id":"https:\/\/vitablanca.ma\/produit\/natural-factors-marron-dinde-pepins-de-raisin-350-mg-60-capsules-maroc\/#primaryimage"},"image":{"@id":"https:\/\/vitablanca.ma\/produit\/natural-factors-marron-dinde-pepins-de-raisin-350-mg-60-capsules-maroc\/#primaryimage"},"thumbnailUrl":"https:\/\/vitablanca.ma\/wp-content\/uploads\/2025\/07\/natural-factors-marron-dinde-pepins-de-raisin-350-mg-60-.jpg","datePublished":"2025-07-01T18:03:17+00:00","dateModified":"2025-09-21T20:33:46+00:00","description":"Extrait standardis\u00e9 marron d\u2019Inde 300\u202fmg p\u00e9pins de raisin 50\u202fmg soutient la circulation, renforce les veines, varices & h\u00e9morro\u00efdes 60\u202fcapsules non\u2011OGM","breadcrumb":{"@id":"https:\/\/vitablanca.ma\/produit\/natural-factors-marron-dinde-pepins-de-raisin-350-mg-60-capsules-maroc\/#breadcrumb"},"inLanguage":"ar","potentialAction":[{"@type":"ReadAction","target":["https:\/\/vitablanca.ma\/produit\/natural-factors-marron-dinde-pepins-de-raisin-350-mg-60-capsules-maroc\/"]}]},{"@type":"ImageObject","inLanguage":"ar","@id":"https:\/\/vitablanca.ma\/produit\/natural-factors-marron-dinde-pepins-de-raisin-350-mg-60-capsules-maroc\/#primaryimage","url":"https:\/\/vitablanca.ma\/wp-content\/uploads\/2025\/07\/natural-factors-marron-dinde-pepins-de-raisin-350-mg-60-.jpg","contentUrl":"https:\/\/vitablanca.ma\/wp-content\/uploads\/2025\/07\/natural-factors-marron-dinde-pepins-de-raisin-350-mg-60-.jpg","width":680,"height":680},{"@type":"BreadcrumbList","@id":"https:\/\/vitablanca.ma\/produit\/natural-factors-marron-dinde-pepins-de-raisin-350-mg-60-capsules-maroc\/#breadcrumb","itemListElement":[{"@type":"ListItem","position":1,"name":"Home","item":"https:\/\/vitablanca.ma\/"},{"@type":"ListItem","position":2,"name":"Tous Les Produits","item":"https:\/\/vitablanca.ma\/tous-les-produits\/"},{"@type":"ListItem","position":3,"name":"Natural Factors Marron d&#8217;Inde &#038; P\u00e9pins de Raisin 350 mg 60 Capsules"}]},{"@type":"WebSite","@id":"https:\/\/vitablanca.ma\/#website","url":"https:\/\/vitablanca.ma\/","name":"VitaBlanca.ma | \u0627\u0644\u0645\u0643\u0645\u0644\u0627\u062a \u0627\u0644\u063a\u0630\u0627\u0626\u064a\u0629\u060c \u0627\u0644\u0635\u062d\u0629 \u0648\u0627\u0644\u062c\u0645\u0627\u0644 \u0641\u064a \u0627\u0644\u0645\u063a\u0631\u0628","description":"\u0646\u0628\u064a\u0639 \u0641\u064a\u062a\u0627\u0645\u064a\u0646\u0627\u062a \u0648\u0645\u0643\u0645\u0644\u0627\u062a \u063a\u0630\u0627\u0626\u064a\u0629 \u0641\u0627\u062e\u0631\u0629 \u0645\u0646 \u0627\u0644\u0648\u0644\u0627\u064a\u0627\u062a \u0627\u0644\u0645\u062a\u062d\u062f\u0629 \u0627\u0644\u0623\u0645\u0631\u064a\u0643\u064a\u0629 \u0648\u0643\u0646\u062f\u0627 \u0648\u0646\u064a\u0648\u0632\u064a\u0644\u0646\u062f\u0627 \u0648\u0627\u0644\u0645\u063a\u0631\u0628 (\u0646\u0627\u0648 \u0641\u0648\u062f\u0632\u060c \u0633\u0648\u0644\u062c\u0627\u0631\u060c \u0645\u0627\u0646\u0648\u0643\u0627). \u062a\u0648\u0635\u064a\u0644 \u0633\u0631\u064a\u0639 \u0625\u0644\u0649 \u062c\u0645\u064a\u0639 \u0623\u0646\u062d\u0627\u0621 \u0627\u0644\u0645\u063a\u0631\u0628.","publisher":{"@id":"https:\/\/vitablanca.ma\/#organization"},"alternateName":"VitaBlanca.ma","potentialAction":[{"@type":"SearchAction","target":{"@type":"EntryPoint","urlTemplate":"https:\/\/vitablanca.ma\/?s={search_term_string}"},"query-input":{"@type":"PropertyValueSpecification","valueRequired":true,"valueName":"search_term_string"}}],"inLanguage":"ar"},{"@type":"Organization","@id":"https:\/\/vitablanca.ma\/#organization","name":"\u0641\u064a\u062a\u0627\u0628\u0644\u0627\u0646\u0643\u0627","url":"https:\/\/vitablanca.ma\/","logo":{"@type":"ImageObject","inLanguage":"ar","@id":"https:\/\/vitablanca.ma\/#\/schema\/logo\/image\/","url":"https:\/\/vitablanca.ma\/wp-content\/uploads\/2025\/05\/cropped-vitablanca.png","contentUrl":"https:\/\/vitablanca.ma\/wp-content\/uploads\/2025\/05\/cropped-vitablanca.png","width":360,"height":67,"caption":"VitaBlanca"},"image":{"@id":"https:\/\/vitablanca.ma\/#\/schema\/logo\/image\/"},"sameAs":["https:\/\/www.facebook.com\/profile.php?id=61576678196717","https:\/\/www.tiktok.com\/@vitablanca.ma","https:\/\/www.instagram.com\/vitablanca.ma\/"]}]}},"jetpack_sharing_enabled":true,"_links":{"self":[{"href":"https:\/\/vitablanca.ma\/ar\/wp-json\/wp\/v2\/product\/23154","targetHints":{"allow":["GET"]}}],"collection":[{"href":"https:\/\/vitablanca.ma\/ar\/wp-json\/wp\/v2\/product"}],"about":[{"href":"https:\/\/vitablanca.ma\/ar\/wp-json\/wp\/v2\/types\/product"}],"wp:featuredmedia":[{"embeddable":true,"href":"https:\/\/vitablanca.ma\/ar\/wp-json\/wp\/v2\/media\/23156"}],"wp:attachment":[{"href":"https:\/\/vitablanca.ma\/ar\/wp-json\/wp\/v2\/media?parent=23154"}],"wp:term":[{"taxonomy":"product_brand","embeddable":true,"href":"https:\/\/vitablanca.ma\/ar\/wp-json\/wp\/v2\/product_brand?post=23154"},{"taxonomy":"product_cat","embeddable":true,"href":"https:\/\/vitablanca.ma\/ar\/wp-json\/wp\/v2\/product_cat?post=23154"},{"taxonomy":"product_tag","embeddable":true,"href":"https:\/\/vitablanca.ma\/ar\/wp-json\/wp\/v2\/product_tag?post=23154"}],"curies":[{"name":"wp","href":"https:\/\/api.w.org\/{rel}","templated":true}]}}