{"id":23141,"date":"2025-07-01T16:58:01","date_gmt":"2025-07-01T16:58:01","guid":{"rendered":"https:\/\/vitablanca.ma\/?post_type=product&#038;p=23141"},"modified":"2025-09-27T23:29:21","modified_gmt":"2025-09-27T23:29:21","slug":"natural-factors-herbalfactors-saww-palmetto-with-lycopene-60-softgels-maroc","status":"publish","type":"product","link":"https:\/\/vitablanca.ma\/ar\/product-2\/natural-factors-herbalfactors-saww-palmetto-with-lycopene-60-softgels-maroc\/","title":{"rendered":"Natural Factors HerbalFactors, Saw Palmetto with Lycopene, 60 Softgels"},"content":{"rendered":"<p>\u062b\u0645\u0627\u0631 \u0646\u062e\u064a\u0644 \u0627\u0644\u0645\u0646\u0634\u0627\u0631 (Serenoa repens\u060c Sabal serrulata) \u062a\u062a\u0643\u0648\u0646 \u0645\u0646 \u062b\u0645\u0627\u0631 \u0646\u062e\u064a\u0644 \u0627\u0644\u0645\u0646\u0634\u0627\u0631 \u0627\u0644\u0646\u0627\u0636\u062c\u0629 \u0648\u0627\u0644\u0645\u062c\u0641\u0641\u0629. \u062a\u062d\u062a\u0648\u064a \u0647\u0630\u0647 \u0627\u0644\u062b\u0645\u0627\u0631 \u0639\u0644\u0649 \u0623\u062d\u0645\u0627\u0636 \u062f\u0647\u0646\u064a\u0629 (\u0628\u0634\u0643\u0644 \u0631\u0626\u064a\u0633\u064a \u062d\u0645\u0636 \u0627\u0644\u0644\u0648\u0631\u064a\u0643 \u0648\u0644\u0648\u0631\u064a\u062a \u0627\u0644\u0625\u064a\u062b\u064a\u0644)\u060c \u0628\u0627\u0644\u0625\u0636\u0627\u0641\u0629 \u0625\u0644\u0649 \u0641\u064a\u062a\u0648\u0633\u062a\u064a\u0631\u0648\u0644\u0627\u062a \u0648\u0633\u0643\u0631\u064a\u0627\u062a \u0645\u062a\u0639\u062f\u062f\u0629.<\/p>\n\n\n\n<p>\u064a\u0639\u0627\u0646\u064a \u062c\u0645\u064a\u0639 \u0627\u0644\u0631\u062c\u0627\u0644 \u062a\u0642\u0631\u064a\u0628\u064b\u0627 \u0641\u0648\u0642 \u0633\u0646 45 \u0639\u0627\u0645\u064b\u0627 \u0645\u0646 \u062a\u0636\u062e\u0645 \u0627\u0644\u0628\u0631\u0648\u0633\u062a\u0627\u062a\u0627\u060c \u0648\u0647\u064a \u063a\u062f\u062f \u062c\u0646\u0633\u064a\u0629 \u0635\u063a\u064a\u0631\u0629 \u062a\u062d\u064a\u0637 \u0628\u0627\u0644\u0625\u062d\u0644\u064a\u0644. \u064a\u0645\u0643\u0646 \u0623\u0646 \u064a\u064f\u0639\u064a\u0642 \u062a\u0636\u062e\u0645 \u0627\u0644\u0628\u0631\u0648\u0633\u062a\u0627\u062a\u0627 \u0648\u0627\u0644\u062a\u0647\u0627\u0628\u0647\u0627 \u062a\u062f\u0641\u0642 \u0627\u0644\u0628\u0648\u0644 \u0648\u064a\u0624\u062b\u0631 \u0639\u0644\u0649 \u0627\u0644\u0648\u0638\u064a\u0641\u0629 \u0627\u0644\u062c\u0646\u0633\u064a\u0629. \u064a\u064f\u0633\u0628\u0628 \u062a\u0636\u062e\u0645 \u0627\u0644\u0628\u0631\u0648\u0633\u062a\u0627\u062a\u0627 \u0627\u0644\u062d\u0645\u064a\u062f (BPH) \u0643\u062b\u0631\u0629 \u0627\u0644\u062a\u0628\u0648\u0644 \u0644\u064a\u0644\u064b\u0627\u060c \u0648\u0623\u0644\u0645\u064b\u0627\u060c \u0648\u062d\u0631\u0642\u0627\u0646\u064b\u0627\u060c \u0648\u0635\u0639\u0648\u0628\u0629 \u0641\u064a \u0627\u0644\u062a\u0628\u0648\u0644. \u064a\u064f\u0639\u062f \u062a\u062d\u0648\u064a\u0644 \u0647\u0631\u0645\u0648\u0646 \u0627\u0644\u062a\u0633\u062a\u0648\u0633\u062a\u064a\u0631\u0648\u0646 \u0625\u0644\u0649 \u062b\u0646\u0627\u0626\u064a \u0647\u064a\u062f\u0631\u0648\u062a\u0633\u062a\u0648\u0633\u062a\u064a\u0631\u0648\u0646 \u062a\u0641\u0627\u0639\u0644\u064b\u0627 \u0643\u064a\u0645\u064a\u0627\u0626\u064a\u064b\u0627 \u064a\u064f\u0633\u0627\u0647\u0645 \u0641\u064a \u062a\u0636\u062e\u0645 \u0627\u0644\u0628\u0631\u0648\u0633\u062a\u0627\u062a\u0627 \u0648\u0623\u0639\u0631\u0627\u0636\u0647. \u0648\u0642\u062f \u062b\u0628\u062a \u0623\u0646 \u062a\u0648\u062a \u0627\u0644\u0628\u0644\u0645\u064a\u0637 \u0627\u0644\u0645\u0646\u0634\u0627\u0631\u064a \u064a\u064f\u062b\u0628\u0637 \u0647\u0630\u0627 \u0627\u0644\u062a\u0641\u0627\u0639\u0644 \u0627\u0644\u0643\u064a\u0645\u064a\u0627\u0626\u064a. \u0648\u0645\u0646 \u062e\u0644\u0627\u0644 \u062a\u0648\u062d\u064a\u062f \u0627\u0644\u0623\u062d\u0645\u0627\u0636 \u0627\u0644\u062f\u0647\u0646\u064a\u0629 \u0644\u0644\u0645\u0628\u0627\u0644\u0645\u064a\u0637 \u0627\u0644\u0645\u0646\u0634\u0627\u0631\u064a \u0625\u0644\u0649 \u0645\u0627 \u0628\u064a\u0646 85 \u064895% \u0645\u0646 TP3T\u060c \u062a\u064f\u0642\u062f\u0645 \u0634\u0631\u0643\u0629 Natural Factors \u0645\u0633\u062a\u062e\u0644\u0635\u064b\u0627 \u0639\u0634\u0628\u064a\u064b\u0627 \u0645\u064f\u0648\u062d\u062f \u0627\u0644\u0641\u0639\u0627\u0644\u064a\u0629 \u0644\u0644\u0631\u062c\u0627\u0644.<\/p>\n\n\n\n<p>\u0627\u0644\u0646\u0633\u0627\u0621 - \u0642\u062f \u064a\u064f\u0633\u0627\u0639\u062f \u0645\u0633\u062a\u062e\u0644\u0635 \u0646\u062e\u064a\u0644 \u0627\u0644\u0645\u0646\u0634\u0627\u0631 \u0628\u0639\u0636 \u0627\u0644\u0646\u0633\u0627\u0621 \u0627\u0644\u0644\u0648\u0627\u062a\u064a \u064a\u0639\u0627\u0646\u064a\u0646 \u0645\u0646 \u0632\u064a\u0627\u062f\u0629 \u0627\u0644\u0623\u0646\u062f\u0631\u0648\u062c\u064a\u0646\u0627\u062a\u060c \u0625\u0630 \u064a\u064f\u0633\u0627\u0639\u062f \u0639\u0644\u0649 \u062a\u0648\u0627\u0632\u0646 \u0645\u0633\u062a\u0648\u064a\u0627\u062a \u0627\u0644\u0623\u0646\u062f\u0631\u0648\u062c\u064a\u0646\u0627\u062a \u0627\u0644\u0647\u0631\u0645\u0648\u0646\u064a\u0629.<a href=\"https:\/\/www.jumia.ma\/customer\/account\/login\/?tkWl=NA537DV0M814NNAFAMZ-31184138&amp;return=%2Fherbalfactors-saww-palmetto-with-lycopene-60-softgels-natural-factors-mpg952088.html\"><\/a><\/p>","protected":false},"excerpt":{"rendered":"<ul>\n<li>\u062f\u0639\u0645 \u0635\u062d\u0629 \u0627\u0644\u0628\u0631\u0648\u0633\u062a\u0627\u062a\u0627<\/li>\n<li>\u0627\u0633\u062a\u063a\u0644\u0627\u0644 \u0627\u0644\u0645\u0632\u0627\u064a\u0627 \u0627\u0644\u0637\u0628\u064a\u0639\u064a\u0629<\/li>\n<li>\u064a\u062f\u0639\u0645 \u0635\u062d\u0629 \u0627\u0644\u0628\u0631\u0648\u0633\u062a\u0627\u062a\u0627 \u0648\u0648\u0638\u064a\u0641\u062a\u0647\u0627<\/li>\n<li>\u064a\u0639\u0632\u0632 \u0639\u062f\u062f \u0627\u0644\u062d\u064a\u0648\u0627\u0646\u0627\u062a \u0627\u0644\u0645\u0646\u0648\u064a\u0629 \u0627\u0644\u0635\u062d\u064a\u0629 \u0648\u0627\u0644\u0631\u063a\u0628\u0629 \u0627\u0644\u062c\u0646\u0633\u064a\u0629<\/li>\n<li>\u0642\u062f \u064a\u064f\u0633\u0627\u0639\u062f \u0645\u0633\u062a\u062e\u0644\u0635 \u0646\u062e\u064a\u0644 \u0627\u0644\u0645\u0646\u0634\u0627\u0631 \u0628\u0639\u0636 \u0627\u0644\u0646\u0633\u0627\u0621 \u0627\u0644\u0644\u0648\u0627\u062a\u064a \u064a\u064f\u0639\u0627\u0646\u064a\u0646 \u0645\u0646 \u0632\u064a\u0627\u062f\u0629 \u0627\u0644\u0623\u0646\u062f\u0631\u0648\u062c\u064a\u0646\u0627\u062a\u060c \u0625\u0630 \u064a\u064f\u0633\u0627\u0639\u062f \u0639\u0644\u0649 \u062a\u0648\u0627\u0632\u0646 \u0645\u0633\u062a\u0648\u064a\u0627\u062a \u0627\u0644\u0623\u0646\u062f\u0631\u0648\u062c\u064a\u0646\u0627\u062a \u0627\u0644\u0647\u0631\u0645\u0648\u0646\u064a\u0629.<\/li>\n<\/ul>","protected":false},"featured_media":23143,"template":"","meta":{"om_disable_all_campaigns":false},"product_brand":[1808],"product_cat":[18,3366,293,104,19],"product_tag":[3011,2798,4319,3013,3010],"class_list":{"0":"post-23141","1":"product","2":"type-product","3":"status-publish","4":"has-post-thumbnail","6":"product_brand-natural-factors-maroc-prix","7":"product_cat-beaute-sante","8":"product_cat-complements-alimentaires-au-maroc-vitablanca","9":"product_cat-saw-palmetto","10":"product_cat-supplements-a-base-de-plantes","11":"product_cat-vitamines-supplements-dietetiques","12":"product_tag-complement-prostate-naturelle","13":"product_tag-natural-factors","14":"product_tag-natural-factors-maroc","15":"product_tag-prostate-sante-sans-allergenes","16":"product_tag-saw-palmetto-lycopene-160-mg","18":"first","19":"instock","20":"sale","21":"taxable","22":"shipping-taxable","23":"purchasable","24":"product-type-simple"},"yoast_head":"<!-- This site is optimized with the Yoast SEO plugin v27.4 - https:\/\/yoast.com\/product\/yoast-seo-wordpress\/ -->\n<title>Natural\u202fFactors HerbalFactors Saw\u202fPalmetto- Maroc Prix<\/title>\n<meta name=\"description\" content=\"Saw\u202fPalmetto 160\u202fmg extrait standardis\u00e9 2\u202fmg Lycop\u00e8ne favorise la fonction urinaire masculine prot\u00e8ges cheveux et peau sans gluten produits laitiers\" \/>\n<meta name=\"robots\" content=\"index, follow, max-snippet:-1, max-image-preview:large, max-video-preview:-1\" \/>\n<link rel=\"canonical\" href=\"https:\/\/vitablanca.ma\/ar\/product-2\/natural-factors-herbalfactors-saww-palmetto-with-lycopene-60-softgels-maroc\/\" \/>\n<meta property=\"og:locale\" content=\"ar_AR\" \/>\n<meta property=\"og:type\" content=\"article\" \/>\n<meta property=\"og:title\" content=\"Natural\u202fFactors HerbalFactors Saw\u202fPalmetto- Maroc Prix\" \/>\n<meta property=\"og:description\" content=\"Saw\u202fPalmetto 160\u202fmg extrait standardis\u00e9 2\u202fmg Lycop\u00e8ne favorise la fonction urinaire masculine prot\u00e8ges cheveux et peau sans gluten produits laitiers\" \/>\n<meta property=\"og:url\" content=\"https:\/\/vitablanca.ma\/ar\/product-2\/natural-factors-herbalfactors-saww-palmetto-with-lycopene-60-softgels-maroc\/\" \/>\n<meta property=\"og:site_name\" content=\"Vitablanca.ma &ndash; Sant&eacute;, vitalit&eacute; et bien-&ecirc;tre pour tous les Marocains\" \/>\n<meta property=\"article:publisher\" content=\"https:\/\/www.facebook.com\/profile.php?id=61576678196717\" \/>\n<meta property=\"article:modified_time\" content=\"2025-09-27T23:29:21+00:00\" \/>\n<meta property=\"og:image\" content=\"https:\/\/vitablanca.ma\/wp-content\/uploads\/2025\/07\/herbalfactors-saww-palmetto-with-lycopene-60-softgels-natural-.jpg\" \/>\n\t<meta property=\"og:image:width\" content=\"680\" \/>\n\t<meta property=\"og:image:height\" content=\"680\" \/>\n\t<meta property=\"og:image:type\" content=\"image\/jpeg\" \/>\n<meta name=\"twitter:card\" content=\"summary_large_image\" \/>\n<meta name=\"twitter:label1\" content=\"\u0648\u0642\u062a \u0627\u0644\u0642\u0631\u0627\u0621\u0629 \u0627\u0644\u0645\u064f\u0642\u062f\u0651\u0631\" \/>\n\t<meta name=\"twitter:data1\" content=\"\u062f\u0642\u064a\u0642\u062a\u0627\u0646\" \/>\n<script type=\"application\/ld+json\" class=\"yoast-schema-graph\">{\"@context\":\"https:\\\/\\\/schema.org\",\"@graph\":[{\"@type\":[\"WebPage\",\"ItemPage\"],\"@id\":\"https:\\\/\\\/vitablanca.ma\\\/produit\\\/natural-factors-herbalfactors-saww-palmetto-with-lycopene-60-softgels-maroc\\\/\",\"url\":\"https:\\\/\\\/vitablanca.ma\\\/produit\\\/natural-factors-herbalfactors-saww-palmetto-with-lycopene-60-softgels-maroc\\\/\",\"name\":\"Natural\u202fFactors HerbalFactors Saw\u202fPalmetto- Maroc Prix\",\"isPartOf\":{\"@id\":\"https:\\\/\\\/vitablanca.ma\\\/#website\"},\"primaryImageOfPage\":{\"@id\":\"https:\\\/\\\/vitablanca.ma\\\/produit\\\/natural-factors-herbalfactors-saww-palmetto-with-lycopene-60-softgels-maroc\\\/#primaryimage\"},\"image\":{\"@id\":\"https:\\\/\\\/vitablanca.ma\\\/produit\\\/natural-factors-herbalfactors-saww-palmetto-with-lycopene-60-softgels-maroc\\\/#primaryimage\"},\"thumbnailUrl\":\"https:\\\/\\\/vitablanca.ma\\\/wp-content\\\/uploads\\\/2025\\\/07\\\/herbalfactors-saww-palmetto-with-lycopene-60-softgels-natural-.jpg\",\"datePublished\":\"2025-07-01T16:58:01+00:00\",\"dateModified\":\"2025-09-27T23:29:21+00:00\",\"description\":\"Saw\u202fPalmetto 160\u202fmg extrait standardis\u00e9 2\u202fmg Lycop\u00e8ne favorise la fonction urinaire masculine prot\u00e8ges cheveux et peau sans gluten produits laitiers\",\"breadcrumb\":{\"@id\":\"https:\\\/\\\/vitablanca.ma\\\/produit\\\/natural-factors-herbalfactors-saww-palmetto-with-lycopene-60-softgels-maroc\\\/#breadcrumb\"},\"inLanguage\":\"ar\",\"potentialAction\":[{\"@type\":\"ReadAction\",\"target\":[\"https:\\\/\\\/vitablanca.ma\\\/produit\\\/natural-factors-herbalfactors-saww-palmetto-with-lycopene-60-softgels-maroc\\\/\"]}]},{\"@type\":\"ImageObject\",\"inLanguage\":\"ar\",\"@id\":\"https:\\\/\\\/vitablanca.ma\\\/produit\\\/natural-factors-herbalfactors-saww-palmetto-with-lycopene-60-softgels-maroc\\\/#primaryimage\",\"url\":\"https:\\\/\\\/vitablanca.ma\\\/wp-content\\\/uploads\\\/2025\\\/07\\\/herbalfactors-saww-palmetto-with-lycopene-60-softgels-natural-.jpg\",\"contentUrl\":\"https:\\\/\\\/vitablanca.ma\\\/wp-content\\\/uploads\\\/2025\\\/07\\\/herbalfactors-saww-palmetto-with-lycopene-60-softgels-natural-.jpg\",\"width\":680,\"height\":680},{\"@type\":\"BreadcrumbList\",\"@id\":\"https:\\\/\\\/vitablanca.ma\\\/produit\\\/natural-factors-herbalfactors-saww-palmetto-with-lycopene-60-softgels-maroc\\\/#breadcrumb\",\"itemListElement\":[{\"@type\":\"ListItem\",\"position\":1,\"name\":\"Home\",\"item\":\"https:\\\/\\\/vitablanca.ma\\\/\"},{\"@type\":\"ListItem\",\"position\":2,\"name\":\"Tous Les Produits\",\"item\":\"https:\\\/\\\/vitablanca.ma\\\/tous-les-produits\\\/\"},{\"@type\":\"ListItem\",\"position\":3,\"name\":\"Natural Factors HerbalFactors, Saw Palmetto with Lycopene, 60 Softgels\"}]},{\"@type\":\"WebSite\",\"@id\":\"https:\\\/\\\/vitablanca.ma\\\/#website\",\"url\":\"https:\\\/\\\/vitablanca.ma\\\/\",\"name\":\"VitaBlanca.ma | Compl\u00e9ments alimentaires, sant\u00e9 & beaut\u00e9 au Maroc\",\"description\":\"vendre vitamines et compl\u00e9ments premium des USA &amp; Canada, Nouvelle Z\u00e9lande,Maroc (NOW Foods, Solgar, Manuka). Livraison rapide partout au Maroc.\",\"publisher\":{\"@id\":\"https:\\\/\\\/vitablanca.ma\\\/#organization\"},\"alternateName\":\"VitaBlanca.ma\",\"potentialAction\":[{\"@type\":\"SearchAction\",\"target\":{\"@type\":\"EntryPoint\",\"urlTemplate\":\"https:\\\/\\\/vitablanca.ma\\\/?s={search_term_string}\"},\"query-input\":{\"@type\":\"PropertyValueSpecification\",\"valueRequired\":true,\"valueName\":\"search_term_string\"}}],\"inLanguage\":\"ar\"},{\"@type\":\"Organization\",\"@id\":\"https:\\\/\\\/vitablanca.ma\\\/#organization\",\"name\":\"VitaBlanca\",\"url\":\"https:\\\/\\\/vitablanca.ma\\\/\",\"logo\":{\"@type\":\"ImageObject\",\"inLanguage\":\"ar\",\"@id\":\"https:\\\/\\\/vitablanca.ma\\\/#\\\/schema\\\/logo\\\/image\\\/\",\"url\":\"https:\\\/\\\/vitablanca.ma\\\/wp-content\\\/uploads\\\/2025\\\/05\\\/cropped-vitablanca.png\",\"contentUrl\":\"https:\\\/\\\/vitablanca.ma\\\/wp-content\\\/uploads\\\/2025\\\/05\\\/cropped-vitablanca.png\",\"width\":360,\"height\":67,\"caption\":\"VitaBlanca\"},\"image\":{\"@id\":\"https:\\\/\\\/vitablanca.ma\\\/#\\\/schema\\\/logo\\\/image\\\/\"},\"sameAs\":[\"https:\\\/\\\/www.facebook.com\\\/profile.php?id=61576678196717\",\"https:\\\/\\\/www.tiktok.com\\\/@vitablanca.ma\",\"https:\\\/\\\/www.instagram.com\\\/vitablanca.ma\\\/\"]}]}<\/script>\n<!-- \/ Yoast SEO plugin. -->","yoast_head_json":{"title":"\u0639\u0648\u0627\u0645\u0644 \u0637\u0628\u064a\u0639\u064a\u0629 HerbalFactors Saw Palmetto - \u0633\u0639\u0631 \u0627\u0644\u0645\u063a\u0631\u0628","description":"\u0645\u0633\u062a\u062e\u0644\u0635 \u0642\u064a\u0627\u0633\u064a \u0645\u0646 \u0646\u062e\u064a\u0644 \u0627\u0644\u0645\u0646\u0634\u0627\u0631 160 \u0645\u0644\u063a\u060c 2 \u0645\u0644\u063a \u0645\u0646 \u0627\u0644\u0644\u064a\u0643\u0648\u0628\u064a\u0646 \u064a\u0639\u0632\u0632 \u0648\u0638\u064a\u0641\u0629 \u0627\u0644\u062c\u0647\u0627\u0632 \u0627\u0644\u0628\u0648\u0644\u064a \u0639\u0646\u062f \u0627\u0644\u0630\u0643\u0648\u0631\u060c \u064a\u062d\u0645\u064a \u0627\u0644\u0634\u0639\u0631 \u0648\u0627\u0644\u0628\u0634\u0631\u0629\u060c \u062e\u0627\u0644\u064d \u0645\u0646 \u0627\u0644\u063a\u0644\u0648\u062a\u064a\u0646\u060c \u062e\u0627\u0644\u064d \u0645\u0646 \u0645\u0646\u062a\u062c\u0627\u062a \u0627\u0644\u0623\u0644\u0628\u0627\u0646","robots":{"index":"index","follow":"follow","max-snippet":"max-snippet:-1","max-image-preview":"max-image-preview:large","max-video-preview":"max-video-preview:-1"},"canonical":"https:\/\/vitablanca.ma\/ar\/product-2\/natural-factors-herbalfactors-saww-palmetto-with-lycopene-60-softgels-maroc\/","og_locale":"ar_AR","og_type":"article","og_title":"Natural\u202fFactors HerbalFactors Saw\u202fPalmetto- Maroc Prix","og_description":"Saw\u202fPalmetto 160\u202fmg extrait standardis\u00e9 2\u202fmg Lycop\u00e8ne favorise la fonction urinaire masculine prot\u00e8ges cheveux et peau sans gluten produits laitiers","og_url":"https:\/\/vitablanca.ma\/ar\/product-2\/natural-factors-herbalfactors-saww-palmetto-with-lycopene-60-softgels-maroc\/","og_site_name":"Vitablanca.ma &ndash; Sant&eacute;, vitalit&eacute; et bien-&ecirc;tre pour tous les Marocains","article_publisher":"https:\/\/www.facebook.com\/profile.php?id=61576678196717","article_modified_time":"2025-09-27T23:29:21+00:00","og_image":[{"width":680,"height":680,"url":"https:\/\/vitablanca.ma\/wp-content\/uploads\/2025\/07\/herbalfactors-saww-palmetto-with-lycopene-60-softgels-natural-.jpg","type":"image\/jpeg"}],"twitter_card":"summary_large_image","twitter_misc":{"\u0648\u0642\u062a \u0627\u0644\u0642\u0631\u0627\u0621\u0629 \u0627\u0644\u0645\u064f\u0642\u062f\u0651\u0631":"\u062f\u0642\u064a\u0642\u062a\u0627\u0646"},"schema":{"@context":"https:\/\/schema.org","@graph":[{"@type":["WebPage","ItemPage"],"@id":"https:\/\/vitablanca.ma\/produit\/natural-factors-herbalfactors-saww-palmetto-with-lycopene-60-softgels-maroc\/","url":"https:\/\/vitablanca.ma\/produit\/natural-factors-herbalfactors-saww-palmetto-with-lycopene-60-softgels-maroc\/","name":"\u0639\u0648\u0627\u0645\u0644 \u0637\u0628\u064a\u0639\u064a\u0629 HerbalFactors Saw Palmetto - \u0633\u0639\u0631 \u0627\u0644\u0645\u063a\u0631\u0628","isPartOf":{"@id":"https:\/\/vitablanca.ma\/#website"},"primaryImageOfPage":{"@id":"https:\/\/vitablanca.ma\/produit\/natural-factors-herbalfactors-saww-palmetto-with-lycopene-60-softgels-maroc\/#primaryimage"},"image":{"@id":"https:\/\/vitablanca.ma\/produit\/natural-factors-herbalfactors-saww-palmetto-with-lycopene-60-softgels-maroc\/#primaryimage"},"thumbnailUrl":"https:\/\/vitablanca.ma\/wp-content\/uploads\/2025\/07\/herbalfactors-saww-palmetto-with-lycopene-60-softgels-natural-.jpg","datePublished":"2025-07-01T16:58:01+00:00","dateModified":"2025-09-27T23:29:21+00:00","description":"\u0645\u0633\u062a\u062e\u0644\u0635 \u0642\u064a\u0627\u0633\u064a \u0645\u0646 \u0646\u062e\u064a\u0644 \u0627\u0644\u0645\u0646\u0634\u0627\u0631 160 \u0645\u0644\u063a\u060c 2 \u0645\u0644\u063a \u0645\u0646 \u0627\u0644\u0644\u064a\u0643\u0648\u0628\u064a\u0646 \u064a\u0639\u0632\u0632 \u0648\u0638\u064a\u0641\u0629 \u0627\u0644\u062c\u0647\u0627\u0632 \u0627\u0644\u0628\u0648\u0644\u064a \u0639\u0646\u062f \u0627\u0644\u0630\u0643\u0648\u0631\u060c \u064a\u062d\u0645\u064a \u0627\u0644\u0634\u0639\u0631 \u0648\u0627\u0644\u0628\u0634\u0631\u0629\u060c \u062e\u0627\u0644\u064d \u0645\u0646 \u0627\u0644\u063a\u0644\u0648\u062a\u064a\u0646\u060c \u062e\u0627\u0644\u064d \u0645\u0646 \u0645\u0646\u062a\u062c\u0627\u062a \u0627\u0644\u0623\u0644\u0628\u0627\u0646","breadcrumb":{"@id":"https:\/\/vitablanca.ma\/produit\/natural-factors-herbalfactors-saww-palmetto-with-lycopene-60-softgels-maroc\/#breadcrumb"},"inLanguage":"ar","potentialAction":[{"@type":"ReadAction","target":["https:\/\/vitablanca.ma\/produit\/natural-factors-herbalfactors-saww-palmetto-with-lycopene-60-softgels-maroc\/"]}]},{"@type":"ImageObject","inLanguage":"ar","@id":"https:\/\/vitablanca.ma\/produit\/natural-factors-herbalfactors-saww-palmetto-with-lycopene-60-softgels-maroc\/#primaryimage","url":"https:\/\/vitablanca.ma\/wp-content\/uploads\/2025\/07\/herbalfactors-saww-palmetto-with-lycopene-60-softgels-natural-.jpg","contentUrl":"https:\/\/vitablanca.ma\/wp-content\/uploads\/2025\/07\/herbalfactors-saww-palmetto-with-lycopene-60-softgels-natural-.jpg","width":680,"height":680},{"@type":"BreadcrumbList","@id":"https:\/\/vitablanca.ma\/produit\/natural-factors-herbalfactors-saww-palmetto-with-lycopene-60-softgels-maroc\/#breadcrumb","itemListElement":[{"@type":"ListItem","position":1,"name":"Home","item":"https:\/\/vitablanca.ma\/"},{"@type":"ListItem","position":2,"name":"Tous Les Produits","item":"https:\/\/vitablanca.ma\/tous-les-produits\/"},{"@type":"ListItem","position":3,"name":"Natural Factors HerbalFactors, Saw Palmetto with Lycopene, 60 Softgels"}]},{"@type":"WebSite","@id":"https:\/\/vitablanca.ma\/#website","url":"https:\/\/vitablanca.ma\/","name":"VitaBlanca.ma | \u0627\u0644\u0645\u0643\u0645\u0644\u0627\u062a \u0627\u0644\u063a\u0630\u0627\u0626\u064a\u0629\u060c \u0627\u0644\u0635\u062d\u0629 \u0648\u0627\u0644\u062c\u0645\u0627\u0644 \u0641\u064a \u0627\u0644\u0645\u063a\u0631\u0628","description":"\u0646\u0628\u064a\u0639 \u0641\u064a\u062a\u0627\u0645\u064a\u0646\u0627\u062a \u0648\u0645\u0643\u0645\u0644\u0627\u062a \u063a\u0630\u0627\u0626\u064a\u0629 \u0641\u0627\u062e\u0631\u0629 \u0645\u0646 \u0627\u0644\u0648\u0644\u0627\u064a\u0627\u062a \u0627\u0644\u0645\u062a\u062d\u062f\u0629 \u0627\u0644\u0623\u0645\u0631\u064a\u0643\u064a\u0629 \u0648\u0643\u0646\u062f\u0627 \u0648\u0646\u064a\u0648\u0632\u064a\u0644\u0646\u062f\u0627 \u0648\u0627\u0644\u0645\u063a\u0631\u0628 (\u0646\u0627\u0648 \u0641\u0648\u062f\u0632\u060c \u0633\u0648\u0644\u062c\u0627\u0631\u060c \u0645\u0627\u0646\u0648\u0643\u0627). \u062a\u0648\u0635\u064a\u0644 \u0633\u0631\u064a\u0639 \u0625\u0644\u0649 \u062c\u0645\u064a\u0639 \u0623\u0646\u062d\u0627\u0621 \u0627\u0644\u0645\u063a\u0631\u0628.","publisher":{"@id":"https:\/\/vitablanca.ma\/#organization"},"alternateName":"VitaBlanca.ma","potentialAction":[{"@type":"SearchAction","target":{"@type":"EntryPoint","urlTemplate":"https:\/\/vitablanca.ma\/?s={search_term_string}"},"query-input":{"@type":"PropertyValueSpecification","valueRequired":true,"valueName":"search_term_string"}}],"inLanguage":"ar"},{"@type":"Organization","@id":"https:\/\/vitablanca.ma\/#organization","name":"\u0641\u064a\u062a\u0627\u0628\u0644\u0627\u0646\u0643\u0627","url":"https:\/\/vitablanca.ma\/","logo":{"@type":"ImageObject","inLanguage":"ar","@id":"https:\/\/vitablanca.ma\/#\/schema\/logo\/image\/","url":"https:\/\/vitablanca.ma\/wp-content\/uploads\/2025\/05\/cropped-vitablanca.png","contentUrl":"https:\/\/vitablanca.ma\/wp-content\/uploads\/2025\/05\/cropped-vitablanca.png","width":360,"height":67,"caption":"VitaBlanca"},"image":{"@id":"https:\/\/vitablanca.ma\/#\/schema\/logo\/image\/"},"sameAs":["https:\/\/www.facebook.com\/profile.php?id=61576678196717","https:\/\/www.tiktok.com\/@vitablanca.ma","https:\/\/www.instagram.com\/vitablanca.ma\/"]}]}},"jetpack_sharing_enabled":true,"_links":{"self":[{"href":"https:\/\/vitablanca.ma\/ar\/wp-json\/wp\/v2\/product\/23141","targetHints":{"allow":["GET"]}}],"collection":[{"href":"https:\/\/vitablanca.ma\/ar\/wp-json\/wp\/v2\/product"}],"about":[{"href":"https:\/\/vitablanca.ma\/ar\/wp-json\/wp\/v2\/types\/product"}],"wp:featuredmedia":[{"embeddable":true,"href":"https:\/\/vitablanca.ma\/ar\/wp-json\/wp\/v2\/media\/23143"}],"wp:attachment":[{"href":"https:\/\/vitablanca.ma\/ar\/wp-json\/wp\/v2\/media?parent=23141"}],"wp:term":[{"taxonomy":"product_brand","embeddable":true,"href":"https:\/\/vitablanca.ma\/ar\/wp-json\/wp\/v2\/product_brand?post=23141"},{"taxonomy":"product_cat","embeddable":true,"href":"https:\/\/vitablanca.ma\/ar\/wp-json\/wp\/v2\/product_cat?post=23141"},{"taxonomy":"product_tag","embeddable":true,"href":"https:\/\/vitablanca.ma\/ar\/wp-json\/wp\/v2\/product_tag?post=23141"}],"curies":[{"name":"wp","href":"https:\/\/api.w.org\/{rel}","templated":true}]}}