{"id":23056,"date":"2025-06-25T23:56:08","date_gmt":"2025-06-25T23:56:08","guid":{"rendered":"https:\/\/vitablanca.ma\/?post_type=product&#038;p=23056"},"modified":"2025-09-21T20:33:49","modified_gmt":"2025-09-21T20:33:49","slug":"natural-factors-sleep-relax-avec-valeriane-et-houblon-90-capsules_maroc","status":"publish","type":"product","link":"https:\/\/vitablanca.ma\/ar\/product-2\/natural-factors-sleep-relax-avec-valeriane-et-houblon-90-capsules_maroc\/","title":{"rendered":"\u0639\u0648\u0627\u0645\u0644 \u0637\u0628\u064a\u0639\u064a\u0629 \u0644\u0644\u0646\u0648\u0645 \u0648\u0627\u0644\u0627\u0633\u062a\u0631\u062e\u0627\u0621 \u0645\u0639 \u062d\u0634\u064a\u0634\u0629 \u0627\u0644\u0647\u0631 \u0648\u0627\u0644\u0642\u0641\u0632\u0627\u062a 90 \u0643\u0628\u0633\u0648\u0644\u0629"},"content":{"rendered":"<p>\u062a\u0631\u0643\u064a\u0628\u0629 \u0633\u0644\u064a\u0628 \u0631\u064a\u0644\u0627\u0643\u0633 \u062a\u062d\u062a\u0648\u064a \u0639\u0644\u0649 \u0645\u0633\u062a\u062e\u0644\u0635\u0627\u062a \u0645\u0639\u064a\u0627\u0631\u064a\u0629 \u0645\u0646 \u062d\u0634\u064a\u0634\u0629 \u0627\u0644\u0646\u0627\u0631\u062f\u064a\u0646\u060c \u0648\u0632\u0647\u0631\u0629 \u0627\u0644\u0622\u0644\u0627\u0645\u060c \u0648\u0627\u0644\u062c\u0646\u062c\u0644\u060c \u0648\u0642\u0644\u0646\u0633\u0648\u0629 \u0627\u0644\u062c\u0645\u062c\u0645\u0629\u060c \u0627\u0644\u062a\u064a \u062a\u0633\u0627\u0639\u062f \u0639\u0644\u0649 \u062a\u0647\u062f\u0626\u0629 \u0627\u0644\u062c\u0647\u0627\u0632 \u0627\u0644\u0639\u0635\u0628\u064a \u0648\u062a\u0648\u0641\u0631 \u062a\u0623\u062b\u064a\u0631\u064b\u0627 \u0645\u0647\u062f\u0626\u064b\u0627 \u062e\u0641\u064a\u0641\u064b\u0627 \u0644\u0646\u0648\u0645 \u0647\u0627\u0646\u0626. \u062a\u0634\u062a\u0647\u0631 \u062d\u0634\u064a\u0634\u0629 \u0627\u0644\u0646\u0627\u0631\u062f\u064a\u0646 \u0628\u062a\u0623\u062b\u064a\u0631\u0647\u0627 \u0627\u0644\u0645\u0647\u062f\u0626\u060c \u0628\u064a\u0646\u0645\u0627 \u062a\u062e\u0641\u0641 \u0632\u0647\u0631\u0629 \u0627\u0644\u0622\u0644\u0627\u0645 \u0648\u0627\u0644\u062c\u0646\u062c\u0644 \u0645\u0646 \u0627\u0644\u0642\u0644\u0642 \u0648\u0627\u0644\u0623\u0631\u0642. \u0642\u0644\u0646\u0633\u0648\u0629 \u0627\u0644\u062c\u0645\u062c\u0645\u0629 \u0645\u064f\u0642\u0648\u064d\u0651 \u062a\u0642\u0644\u064a\u062f\u064a \u0644\u0644\u062c\u0647\u0627\u0632 \u0627\u0644\u0639\u0635\u0628\u064a.<\/p>","protected":false},"excerpt":{"rendered":"<ul>\n<li>\u0645\u0633\u0627\u0639\u062f\u0629 \u0637\u0628\u064a\u0639\u064a\u0629 \u0639\u0644\u0649 \u0627\u0644\u0646\u0648\u0645 \u0644\u0639\u0644\u0627\u062c \u0627\u0644\u0623\u0631\u0642 \u0627\u0644\u0639\u0631\u0636\u064a<\/li>\n<li>\u064a\u062e\u0641\u0641 \u0627\u0644\u0642\u0644\u0642 \u0648\u0627\u0644\u062a\u0648\u062a\u0631<\/li>\n<li>\u062f\u0639\u0645 \u0627\u0644\u0646\u0648\u0645 \u0627\u0644\u062e\u0627\u0644\u064a \u0645\u0646 \u0627\u0644\u0639\u0627\u062f\u0627\u062a<\/li>\n<li>\u064a\u0633\u0627\u0639\u062f \u0639\u0644\u0649 \u062a\u0647\u062f\u0626\u0629 \u0648\u062a\u062c\u062f\u064a\u062f \u0627\u0644\u062c\u0647\u0627\u0632 \u0627\u0644\u0639\u0635\u0628\u064a<\/li>\n<li>\u064a\u0639\u0632\u0632 \u0627\u0644\u0646\u0648\u0645 \u0627\u0644\u0645\u0631\u064a\u062d<\/li>\n<\/ul>","protected":false},"featured_media":23058,"template":"","meta":{"om_disable_all_campaigns":false},"product_brand":[1808],"product_cat":[18,3366,20,19],"product_tag":[2798,4319],"class_list":{"0":"post-23056","1":"product","2":"type-product","3":"status-publish","4":"has-post-thumbnail","6":"product_brand-natural-factors-maroc-prix","7":"product_cat-beaute-sante","8":"product_cat-complements-alimentaires-au-maroc-vitablanca","9":"product_cat-supplements","10":"product_cat-vitamines-supplements-dietetiques","11":"product_tag-natural-factors","12":"product_tag-natural-factors-maroc","14":"first","15":"instock","16":"taxable","17":"shipping-taxable","18":"purchasable","19":"product-type-simple"},"yoast_head":"<!-- This site is optimized with the Yoast SEO plugin v27.4 - https:\/\/yoast.com\/product\/yoast-seo-wordpress\/ -->\n<title>Natural Factors Sleep Relax avec Val\u00e9riane et Houblon_Maroc Prix<\/title>\n<meta name=\"description\" content=\"Achetez Natural Factors Sleep Relax avec Val\u00e9riane et Houblon au Maroc. Ces 90 capsules sont formul\u00e9es pour un soutien naturel du sommeil\" \/>\n<meta name=\"robots\" content=\"index, follow, max-snippet:-1, max-image-preview:large, max-video-preview:-1\" \/>\n<link rel=\"canonical\" href=\"https:\/\/vitablanca.ma\/ar\/product-2\/natural-factors-sleep-relax-avec-valeriane-et-houblon-90-capsules_maroc\/\" \/>\n<meta property=\"og:locale\" content=\"ar_AR\" \/>\n<meta property=\"og:type\" content=\"article\" \/>\n<meta property=\"og:title\" content=\"Natural Factors Sleep Relax avec Val\u00e9riane et Houblon_Maroc Prix\" \/>\n<meta property=\"og:description\" content=\"Achetez Natural Factors Sleep Relax avec Val\u00e9riane et Houblon au Maroc. Ces 90 capsules sont formul\u00e9es pour un soutien naturel du sommeil\" \/>\n<meta property=\"og:url\" content=\"https:\/\/vitablanca.ma\/ar\/product-2\/natural-factors-sleep-relax-avec-valeriane-et-houblon-90-capsules_maroc\/\" \/>\n<meta property=\"og:site_name\" content=\"Vitablanca.ma &ndash; Sant&eacute;, vitalit&eacute; et bien-&ecirc;tre pour tous les Marocains\" \/>\n<meta property=\"article:publisher\" content=\"https:\/\/www.facebook.com\/profile.php?id=61576678196717\" \/>\n<meta property=\"article:modified_time\" content=\"2025-09-21T20:33:49+00:00\" \/>\n<meta property=\"og:image\" content=\"https:\/\/vitablanca.ma\/wp-content\/uploads\/2025\/06\/sleep-relax-avec-valeriane-et-houblon-90-capsules-natural-.jpg\" \/>\n\t<meta property=\"og:image:width\" content=\"680\" \/>\n\t<meta property=\"og:image:height\" content=\"680\" \/>\n\t<meta property=\"og:image:type\" content=\"image\/jpeg\" \/>\n<meta name=\"twitter:card\" content=\"summary_large_image\" \/>\n<meta name=\"twitter:label1\" content=\"\u0648\u0642\u062a \u0627\u0644\u0642\u0631\u0627\u0621\u0629 \u0627\u0644\u0645\u064f\u0642\u062f\u0651\u0631\" \/>\n\t<meta name=\"twitter:data1\" content=\"\u062f\u0642\u064a\u0642\u0629 \u0648\u0627\u062d\u062f\u0629\" \/>\n<script type=\"application\/ld+json\" class=\"yoast-schema-graph\">{\"@context\":\"https:\\\/\\\/schema.org\",\"@graph\":[{\"@type\":[\"WebPage\",\"ItemPage\"],\"@id\":\"https:\\\/\\\/vitablanca.ma\\\/produit\\\/natural-factors-sleep-relax-avec-valeriane-et-houblon-90-capsules_maroc\\\/\",\"url\":\"https:\\\/\\\/vitablanca.ma\\\/produit\\\/natural-factors-sleep-relax-avec-valeriane-et-houblon-90-capsules_maroc\\\/\",\"name\":\"Natural Factors Sleep Relax avec Val\u00e9riane et Houblon_Maroc Prix\",\"isPartOf\":{\"@id\":\"https:\\\/\\\/vitablanca.ma\\\/#website\"},\"primaryImageOfPage\":{\"@id\":\"https:\\\/\\\/vitablanca.ma\\\/produit\\\/natural-factors-sleep-relax-avec-valeriane-et-houblon-90-capsules_maroc\\\/#primaryimage\"},\"image\":{\"@id\":\"https:\\\/\\\/vitablanca.ma\\\/produit\\\/natural-factors-sleep-relax-avec-valeriane-et-houblon-90-capsules_maroc\\\/#primaryimage\"},\"thumbnailUrl\":\"https:\\\/\\\/vitablanca.ma\\\/wp-content\\\/uploads\\\/2025\\\/06\\\/sleep-relax-avec-valeriane-et-houblon-90-capsules-natural-.jpg\",\"datePublished\":\"2025-06-25T23:56:08+00:00\",\"dateModified\":\"2025-09-21T20:33:49+00:00\",\"description\":\"Achetez Natural Factors Sleep Relax avec Val\u00e9riane et Houblon au Maroc. Ces 90 capsules sont formul\u00e9es pour un soutien naturel du sommeil\",\"breadcrumb\":{\"@id\":\"https:\\\/\\\/vitablanca.ma\\\/produit\\\/natural-factors-sleep-relax-avec-valeriane-et-houblon-90-capsules_maroc\\\/#breadcrumb\"},\"inLanguage\":\"ar\",\"potentialAction\":[{\"@type\":\"ReadAction\",\"target\":[\"https:\\\/\\\/vitablanca.ma\\\/produit\\\/natural-factors-sleep-relax-avec-valeriane-et-houblon-90-capsules_maroc\\\/\"]}]},{\"@type\":\"ImageObject\",\"inLanguage\":\"ar\",\"@id\":\"https:\\\/\\\/vitablanca.ma\\\/produit\\\/natural-factors-sleep-relax-avec-valeriane-et-houblon-90-capsules_maroc\\\/#primaryimage\",\"url\":\"https:\\\/\\\/vitablanca.ma\\\/wp-content\\\/uploads\\\/2025\\\/06\\\/sleep-relax-avec-valeriane-et-houblon-90-capsules-natural-.jpg\",\"contentUrl\":\"https:\\\/\\\/vitablanca.ma\\\/wp-content\\\/uploads\\\/2025\\\/06\\\/sleep-relax-avec-valeriane-et-houblon-90-capsules-natural-.jpg\",\"width\":680,\"height\":680},{\"@type\":\"BreadcrumbList\",\"@id\":\"https:\\\/\\\/vitablanca.ma\\\/produit\\\/natural-factors-sleep-relax-avec-valeriane-et-houblon-90-capsules_maroc\\\/#breadcrumb\",\"itemListElement\":[{\"@type\":\"ListItem\",\"position\":1,\"name\":\"Home\",\"item\":\"https:\\\/\\\/vitablanca.ma\\\/\"},{\"@type\":\"ListItem\",\"position\":2,\"name\":\"Tous Les Produits\",\"item\":\"https:\\\/\\\/vitablanca.ma\\\/tous-les-produits\\\/\"},{\"@type\":\"ListItem\",\"position\":3,\"name\":\"Natural Factors Sleep Relax avec val\u00e9riane et houblon 90 Capsules\"}]},{\"@type\":\"WebSite\",\"@id\":\"https:\\\/\\\/vitablanca.ma\\\/#website\",\"url\":\"https:\\\/\\\/vitablanca.ma\\\/\",\"name\":\"VitaBlanca.ma | Compl\u00e9ments alimentaires, sant\u00e9 & beaut\u00e9 au Maroc\",\"description\":\"vendre vitamines et compl\u00e9ments premium des USA &amp; Canada, Nouvelle Z\u00e9lande,Maroc (NOW Foods, Solgar, Manuka). Livraison rapide partout au Maroc.\",\"publisher\":{\"@id\":\"https:\\\/\\\/vitablanca.ma\\\/#organization\"},\"alternateName\":\"VitaBlanca.ma\",\"potentialAction\":[{\"@type\":\"SearchAction\",\"target\":{\"@type\":\"EntryPoint\",\"urlTemplate\":\"https:\\\/\\\/vitablanca.ma\\\/?s={search_term_string}\"},\"query-input\":{\"@type\":\"PropertyValueSpecification\",\"valueRequired\":true,\"valueName\":\"search_term_string\"}}],\"inLanguage\":\"ar\"},{\"@type\":\"Organization\",\"@id\":\"https:\\\/\\\/vitablanca.ma\\\/#organization\",\"name\":\"VitaBlanca\",\"url\":\"https:\\\/\\\/vitablanca.ma\\\/\",\"logo\":{\"@type\":\"ImageObject\",\"inLanguage\":\"ar\",\"@id\":\"https:\\\/\\\/vitablanca.ma\\\/#\\\/schema\\\/logo\\\/image\\\/\",\"url\":\"https:\\\/\\\/vitablanca.ma\\\/wp-content\\\/uploads\\\/2025\\\/05\\\/cropped-vitablanca.png\",\"contentUrl\":\"https:\\\/\\\/vitablanca.ma\\\/wp-content\\\/uploads\\\/2025\\\/05\\\/cropped-vitablanca.png\",\"width\":360,\"height\":67,\"caption\":\"VitaBlanca\"},\"image\":{\"@id\":\"https:\\\/\\\/vitablanca.ma\\\/#\\\/schema\\\/logo\\\/image\\\/\"},\"sameAs\":[\"https:\\\/\\\/www.facebook.com\\\/profile.php?id=61576678196717\",\"https:\\\/\\\/www.tiktok.com\\\/@vitablanca.ma\",\"https:\\\/\\\/www.instagram.com\\\/vitablanca.ma\\\/\"]}]}<\/script>\n<!-- \/ Yoast SEO plugin. -->","yoast_head_json":{"title":"\u0639\u0648\u0627\u0645\u0644 \u0637\u0628\u064a\u0639\u064a\u0629 \u062a\u0633\u0627\u0639\u062f \u0639\u0644\u0649 \u0627\u0644\u0646\u0648\u0645 \u0648\u0627\u0644\u0627\u0633\u062a\u0631\u062e\u0627\u0621 \u0645\u0639 \u0646\u0628\u0627\u062a \u062d\u0634\u064a\u0634\u0629 \u0627\u0644\u0647\u0631 \u0648\u0627\u0644\u0642\u0641\u0632\u0627\u062a_\u0633\u0639\u0631 \u0627\u0644\u0645\u063a\u0631\u0628","description":"\u0627\u0634\u062a\u0631\u0650 \u0645\u064f\u0646\u062a\u062c\u0627\u062a Natural Factors Sleep Relax \u0645\u0639 \u0646\u0628\u0627\u062a \u0627\u0644\u0646\u0627\u0631\u062f\u064a\u0646 \u0648\u0627\u0644\u062c\u0646\u062c\u0644 \u0645\u0646 \u0627\u0644\u0645\u063a\u0631\u0628. \u0635\u064f\u0645\u0645\u062a \u0647\u0630\u0647 \u0627\u0644\u0643\u0628\u0633\u0648\u0644\u0627\u062a\u060c \u0627\u0644\u062a\u064a \u062a\u062d\u062a\u0648\u064a \u0639\u0644\u0649 90 \u0643\u0628\u0633\u0648\u0644\u0629\u060c \u0644\u062f\u0639\u0645 \u0627\u0644\u0646\u0648\u0645 \u0628\u0634\u0643\u0644 \u0637\u0628\u064a\u0639\u064a.","robots":{"index":"index","follow":"follow","max-snippet":"max-snippet:-1","max-image-preview":"max-image-preview:large","max-video-preview":"max-video-preview:-1"},"canonical":"https:\/\/vitablanca.ma\/ar\/product-2\/natural-factors-sleep-relax-avec-valeriane-et-houblon-90-capsules_maroc\/","og_locale":"ar_AR","og_type":"article","og_title":"Natural Factors Sleep Relax avec Val\u00e9riane et Houblon_Maroc Prix","og_description":"Achetez Natural Factors Sleep Relax avec Val\u00e9riane et Houblon au Maroc. Ces 90 capsules sont formul\u00e9es pour un soutien naturel du sommeil","og_url":"https:\/\/vitablanca.ma\/ar\/product-2\/natural-factors-sleep-relax-avec-valeriane-et-houblon-90-capsules_maroc\/","og_site_name":"Vitablanca.ma &ndash; Sant&eacute;, vitalit&eacute; et bien-&ecirc;tre pour tous les Marocains","article_publisher":"https:\/\/www.facebook.com\/profile.php?id=61576678196717","article_modified_time":"2025-09-21T20:33:49+00:00","og_image":[{"width":680,"height":680,"url":"https:\/\/vitablanca.ma\/wp-content\/uploads\/2025\/06\/sleep-relax-avec-valeriane-et-houblon-90-capsules-natural-.jpg","type":"image\/jpeg"}],"twitter_card":"summary_large_image","twitter_misc":{"\u0648\u0642\u062a \u0627\u0644\u0642\u0631\u0627\u0621\u0629 \u0627\u0644\u0645\u064f\u0642\u062f\u0651\u0631":"\u062f\u0642\u064a\u0642\u0629 \u0648\u0627\u062d\u062f\u0629"},"schema":{"@context":"https:\/\/schema.org","@graph":[{"@type":["WebPage","ItemPage"],"@id":"https:\/\/vitablanca.ma\/produit\/natural-factors-sleep-relax-avec-valeriane-et-houblon-90-capsules_maroc\/","url":"https:\/\/vitablanca.ma\/produit\/natural-factors-sleep-relax-avec-valeriane-et-houblon-90-capsules_maroc\/","name":"\u0639\u0648\u0627\u0645\u0644 \u0637\u0628\u064a\u0639\u064a\u0629 \u062a\u0633\u0627\u0639\u062f \u0639\u0644\u0649 \u0627\u0644\u0646\u0648\u0645 \u0648\u0627\u0644\u0627\u0633\u062a\u0631\u062e\u0627\u0621 \u0645\u0639 \u0646\u0628\u0627\u062a \u062d\u0634\u064a\u0634\u0629 \u0627\u0644\u0647\u0631 \u0648\u0627\u0644\u0642\u0641\u0632\u0627\u062a_\u0633\u0639\u0631 \u0627\u0644\u0645\u063a\u0631\u0628","isPartOf":{"@id":"https:\/\/vitablanca.ma\/#website"},"primaryImageOfPage":{"@id":"https:\/\/vitablanca.ma\/produit\/natural-factors-sleep-relax-avec-valeriane-et-houblon-90-capsules_maroc\/#primaryimage"},"image":{"@id":"https:\/\/vitablanca.ma\/produit\/natural-factors-sleep-relax-avec-valeriane-et-houblon-90-capsules_maroc\/#primaryimage"},"thumbnailUrl":"https:\/\/vitablanca.ma\/wp-content\/uploads\/2025\/06\/sleep-relax-avec-valeriane-et-houblon-90-capsules-natural-.jpg","datePublished":"2025-06-25T23:56:08+00:00","dateModified":"2025-09-21T20:33:49+00:00","description":"\u0627\u0634\u062a\u0631\u0650 \u0645\u064f\u0646\u062a\u062c\u0627\u062a Natural Factors Sleep Relax \u0645\u0639 \u0646\u0628\u0627\u062a \u0627\u0644\u0646\u0627\u0631\u062f\u064a\u0646 \u0648\u0627\u0644\u062c\u0646\u062c\u0644 \u0645\u0646 \u0627\u0644\u0645\u063a\u0631\u0628. \u0635\u064f\u0645\u0645\u062a \u0647\u0630\u0647 \u0627\u0644\u0643\u0628\u0633\u0648\u0644\u0627\u062a\u060c \u0627\u0644\u062a\u064a \u062a\u062d\u062a\u0648\u064a \u0639\u0644\u0649 90 \u0643\u0628\u0633\u0648\u0644\u0629\u060c \u0644\u062f\u0639\u0645 \u0627\u0644\u0646\u0648\u0645 \u0628\u0634\u0643\u0644 \u0637\u0628\u064a\u0639\u064a.","breadcrumb":{"@id":"https:\/\/vitablanca.ma\/produit\/natural-factors-sleep-relax-avec-valeriane-et-houblon-90-capsules_maroc\/#breadcrumb"},"inLanguage":"ar","potentialAction":[{"@type":"ReadAction","target":["https:\/\/vitablanca.ma\/produit\/natural-factors-sleep-relax-avec-valeriane-et-houblon-90-capsules_maroc\/"]}]},{"@type":"ImageObject","inLanguage":"ar","@id":"https:\/\/vitablanca.ma\/produit\/natural-factors-sleep-relax-avec-valeriane-et-houblon-90-capsules_maroc\/#primaryimage","url":"https:\/\/vitablanca.ma\/wp-content\/uploads\/2025\/06\/sleep-relax-avec-valeriane-et-houblon-90-capsules-natural-.jpg","contentUrl":"https:\/\/vitablanca.ma\/wp-content\/uploads\/2025\/06\/sleep-relax-avec-valeriane-et-houblon-90-capsules-natural-.jpg","width":680,"height":680},{"@type":"BreadcrumbList","@id":"https:\/\/vitablanca.ma\/produit\/natural-factors-sleep-relax-avec-valeriane-et-houblon-90-capsules_maroc\/#breadcrumb","itemListElement":[{"@type":"ListItem","position":1,"name":"Home","item":"https:\/\/vitablanca.ma\/"},{"@type":"ListItem","position":2,"name":"Tous Les Produits","item":"https:\/\/vitablanca.ma\/tous-les-produits\/"},{"@type":"ListItem","position":3,"name":"Natural Factors Sleep Relax avec val\u00e9riane et houblon 90 Capsules"}]},{"@type":"WebSite","@id":"https:\/\/vitablanca.ma\/#website","url":"https:\/\/vitablanca.ma\/","name":"VitaBlanca.ma | \u0627\u0644\u0645\u0643\u0645\u0644\u0627\u062a \u0627\u0644\u063a\u0630\u0627\u0626\u064a\u0629\u060c \u0627\u0644\u0635\u062d\u0629 \u0648\u0627\u0644\u062c\u0645\u0627\u0644 \u0641\u064a \u0627\u0644\u0645\u063a\u0631\u0628","description":"\u0646\u0628\u064a\u0639 \u0641\u064a\u062a\u0627\u0645\u064a\u0646\u0627\u062a \u0648\u0645\u0643\u0645\u0644\u0627\u062a \u063a\u0630\u0627\u0626\u064a\u0629 \u0641\u0627\u062e\u0631\u0629 \u0645\u0646 \u0627\u0644\u0648\u0644\u0627\u064a\u0627\u062a \u0627\u0644\u0645\u062a\u062d\u062f\u0629 \u0627\u0644\u0623\u0645\u0631\u064a\u0643\u064a\u0629 \u0648\u0643\u0646\u062f\u0627 \u0648\u0646\u064a\u0648\u0632\u064a\u0644\u0646\u062f\u0627 \u0648\u0627\u0644\u0645\u063a\u0631\u0628 (\u0646\u0627\u0648 \u0641\u0648\u062f\u0632\u060c \u0633\u0648\u0644\u062c\u0627\u0631\u060c \u0645\u0627\u0646\u0648\u0643\u0627). \u062a\u0648\u0635\u064a\u0644 \u0633\u0631\u064a\u0639 \u0625\u0644\u0649 \u062c\u0645\u064a\u0639 \u0623\u0646\u062d\u0627\u0621 \u0627\u0644\u0645\u063a\u0631\u0628.","publisher":{"@id":"https:\/\/vitablanca.ma\/#organization"},"alternateName":"VitaBlanca.ma","potentialAction":[{"@type":"SearchAction","target":{"@type":"EntryPoint","urlTemplate":"https:\/\/vitablanca.ma\/?s={search_term_string}"},"query-input":{"@type":"PropertyValueSpecification","valueRequired":true,"valueName":"search_term_string"}}],"inLanguage":"ar"},{"@type":"Organization","@id":"https:\/\/vitablanca.ma\/#organization","name":"\u0641\u064a\u062a\u0627\u0628\u0644\u0627\u0646\u0643\u0627","url":"https:\/\/vitablanca.ma\/","logo":{"@type":"ImageObject","inLanguage":"ar","@id":"https:\/\/vitablanca.ma\/#\/schema\/logo\/image\/","url":"https:\/\/vitablanca.ma\/wp-content\/uploads\/2025\/05\/cropped-vitablanca.png","contentUrl":"https:\/\/vitablanca.ma\/wp-content\/uploads\/2025\/05\/cropped-vitablanca.png","width":360,"height":67,"caption":"VitaBlanca"},"image":{"@id":"https:\/\/vitablanca.ma\/#\/schema\/logo\/image\/"},"sameAs":["https:\/\/www.facebook.com\/profile.php?id=61576678196717","https:\/\/www.tiktok.com\/@vitablanca.ma","https:\/\/www.instagram.com\/vitablanca.ma\/"]}]}},"jetpack_sharing_enabled":true,"_links":{"self":[{"href":"https:\/\/vitablanca.ma\/ar\/wp-json\/wp\/v2\/product\/23056","targetHints":{"allow":["GET"]}}],"collection":[{"href":"https:\/\/vitablanca.ma\/ar\/wp-json\/wp\/v2\/product"}],"about":[{"href":"https:\/\/vitablanca.ma\/ar\/wp-json\/wp\/v2\/types\/product"}],"wp:featuredmedia":[{"embeddable":true,"href":"https:\/\/vitablanca.ma\/ar\/wp-json\/wp\/v2\/media\/23058"}],"wp:attachment":[{"href":"https:\/\/vitablanca.ma\/ar\/wp-json\/wp\/v2\/media?parent=23056"}],"wp:term":[{"taxonomy":"product_brand","embeddable":true,"href":"https:\/\/vitablanca.ma\/ar\/wp-json\/wp\/v2\/product_brand?post=23056"},{"taxonomy":"product_cat","embeddable":true,"href":"https:\/\/vitablanca.ma\/ar\/wp-json\/wp\/v2\/product_cat?post=23056"},{"taxonomy":"product_tag","embeddable":true,"href":"https:\/\/vitablanca.ma\/ar\/wp-json\/wp\/v2\/product_tag?post=23056"}],"curies":[{"name":"wp","href":"https:\/\/api.w.org\/{rel}","templated":true}]}}