{"id":23027,"date":"2025-06-25T17:25:28","date_gmt":"2025-06-25T17:25:28","guid":{"rendered":"https:\/\/vitablanca.ma\/?post_type=product&#038;p=23027"},"modified":"2025-08-30T20:56:05","modified_gmt":"2025-08-30T20:56:05","slug":"solaray-hormone-femelle-blend-sp-7c-100-vegcaps_maroc","status":"publish","type":"product","link":"https:\/\/vitablanca.ma\/ar\/product-2\/solaray-hormone-femelle-blend-sp-7c-100-vegcaps_maroc\/","title":{"rendered":"Solaray Hormone Femelle Blend SP-7C, 100 VegCaps"},"content":{"rendered":"<p>L\u2019act\u00e9e \u00e0 grappes noires SP-7C de Solaray Female Hormone Blend avec des nutriments hom\u00e9opathiques L\u2019act\u00e9e \u00e0 grappes noires est une plante arbustive originaire des for\u00eats de feuillus de l\u2019est de l\u2019Am\u00e9rique du Nord, allant du sud de l\u2019Ontario \u00e0 la G\u00e9orgie, au nord du Wisconsin et \u00e0 l\u2019ouest de l\u2019Arkansas. La racine s\u00e9ch\u00e9e et le rhizome sont utilis\u00e9s en m\u00e9decine. Lorsqu\u2019elle est r\u00e9colt\u00e9e dans la nature, la racine est de couleur noire. Act\u00e9e \u00e0 grappes, un mot indien algonquin signifiant \u00abrugueux\u00bb, se r\u00e9f\u00e8re \u00e0 la structure racinaire noueuse des plantes. Utilisation historique ou traditionnelle (peut ou non \u00eatre appuy\u00e9e par des \u00e9tudes scientifiques) Les Am\u00e9rindiens appr\u00e9ciaient l\u2019herbe et l\u2019utilisaient pour de nombreuses conditions, allant des probl\u00e8mes gyn\u00e9cologiques aux morsures de crotales. Certains m\u00e9decins am\u00e9ricains du XIXe si\u00e8cle utilisaient l\u2019act\u00e9e \u00e0 grappes noires pour la fi\u00e8vre, les crampes menstruelles, l\u2019arthrite et l\u2019insomnie. L\u2019act\u00e9e \u00e0 grappes noires contient plusieurs ingr\u00e9dients<\/p>","protected":false},"excerpt":{"rendered":"<ul>\n<li>\u0645\u0639\u062a\u0645\u062f \u062e\u0627\u0644\u064d \u0645\u0646 \u0627\u0644\u0643\u0627\u0626\u0646\u0627\u062a \u0627\u0644\u0645\u0639\u062f\u0644\u0629 \u0648\u0631\u0627\u062b\u064a\u064b\u0627<\/li>\n<li>100\u00a0% v\u00e9g\u00e9talien<\/li>\n<li>\u0645\u0643\u0645\u0644 \u063a\u0630\u0627\u0626\u064a<\/li>\n<li>Cohosh noir<\/li>\n<li>Quai de Dong<\/li>\n<li>Avec des \u00e9l\u00e9ments nutritifs hom\u00e9opathiques<\/li>\n<li>\u062a\u0645 \u0627\u0644\u062a\u062d\u0642\u0642 \u0645\u0646 \u0627\u0644\u0645\u062e\u062a\u0628\u0631<\/li>\n<\/ul>","protected":false},"featured_media":24949,"template":"","meta":{"om_disable_all_campaigns":false},"product_brand":[673],"product_cat":[18,3366,20,19],"product_tag":[2990],"class_list":{"0":"post-23027","1":"product","2":"type-product","3":"status-publish","4":"has-post-thumbnail","6":"product_brand-solaray-maroc-prix","7":"product_cat-beaute-sante","8":"product_cat-complements-alimentaires-au-maroc-vitablanca","9":"product_cat-supplements","10":"product_cat-vitamines-supplements-dietetiques","11":"product_tag-solaray-hormone-femelle-blend-maroc_equilibre-hormonal-feminin_symptomes-menopause-naturels_soutien-cycle-menstruel_","13":"first","14":"instock","15":"taxable","16":"shipping-taxable","17":"purchasable","18":"product-type-simple"},"yoast_head":"<!-- This site is optimized with the Yoast SEO plugin v27.5 - https:\/\/yoast.com\/product\/yoast-seo-wordpress\/ -->\n<title>Solaray Hormone Femelle Blend SP-7C, 100 VegCaps_ Maroc Prix<\/title>\n<meta name=\"description\" content=\"Achetez Solaray Hormone Femelle Blend SP-7C au Maroc. Ces 100 capsules v\u00e9g\u00e9tariennes sont formul\u00e9es pour soutenir l&#039;\u00e9quilibre hormonal chez la femme\" \/>\n<meta name=\"robots\" content=\"index, follow, max-snippet:-1, max-image-preview:large, max-video-preview:-1\" \/>\n<link rel=\"canonical\" href=\"https:\/\/vitablanca.ma\/ar\/product-2\/solaray-hormone-femelle-blend-sp-7c-100-vegcaps_maroc\/\" \/>\n<meta property=\"og:locale\" content=\"ar_AR\" \/>\n<meta property=\"og:type\" content=\"article\" \/>\n<meta property=\"og:title\" content=\"Solaray Hormone Femelle Blend SP-7C, 100 VegCaps_ Maroc Prix\" \/>\n<meta property=\"og:description\" content=\"Achetez Solaray Hormone Femelle Blend SP-7C au Maroc. Ces 100 capsules v\u00e9g\u00e9tariennes sont formul\u00e9es pour soutenir l&#039;\u00e9quilibre hormonal chez la femme\" \/>\n<meta property=\"og:url\" content=\"https:\/\/vitablanca.ma\/ar\/product-2\/solaray-hormone-femelle-blend-sp-7c-100-vegcaps_maroc\/\" \/>\n<meta property=\"og:site_name\" content=\"Vitablanca.ma &ndash; Sant&eacute;, vitalit&eacute; et bien-&ecirc;tre pour tous les Marocains\" \/>\n<meta property=\"article:publisher\" content=\"https:\/\/www.facebook.com\/profile.php?id=61576678196717\" \/>\n<meta property=\"article:modified_time\" content=\"2025-08-30T20:56:05+00:00\" \/>\n<meta property=\"og:image\" content=\"https:\/\/vitablanca.ma\/wp-content\/uploads\/2025\/06\/Solaray-maroc-Rhodiola-Extract-Adaptogen-Guaranteed-1.png\" \/>\n\t<meta property=\"og:image:width\" content=\"680\" \/>\n\t<meta property=\"og:image:height\" content=\"680\" \/>\n\t<meta property=\"og:image:type\" content=\"image\/png\" \/>\n<meta name=\"twitter:card\" content=\"summary_large_image\" \/>\n<meta name=\"twitter:label1\" content=\"\u0648\u0642\u062a \u0627\u0644\u0642\u0631\u0627\u0621\u0629 \u0627\u0644\u0645\u064f\u0642\u062f\u0651\u0631\" \/>\n\t<meta name=\"twitter:data1\" content=\"\u062f\u0642\u064a\u0642\u0629 \u0648\u0627\u062d\u062f\u0629\" \/>\n<script type=\"application\/ld+json\" class=\"yoast-schema-graph\">{\"@context\":\"https:\\\/\\\/schema.org\",\"@graph\":[{\"@type\":[\"WebPage\",\"ItemPage\"],\"@id\":\"https:\\\/\\\/vitablanca.ma\\\/produit\\\/solaray-hormone-femelle-blend-sp-7c-100-vegcaps_maroc\\\/\",\"url\":\"https:\\\/\\\/vitablanca.ma\\\/produit\\\/solaray-hormone-femelle-blend-sp-7c-100-vegcaps_maroc\\\/\",\"name\":\"Solaray Hormone Femelle Blend SP-7C, 100 VegCaps_ Maroc Prix\",\"isPartOf\":{\"@id\":\"https:\\\/\\\/vitablanca.ma\\\/#website\"},\"primaryImageOfPage\":{\"@id\":\"https:\\\/\\\/vitablanca.ma\\\/produit\\\/solaray-hormone-femelle-blend-sp-7c-100-vegcaps_maroc\\\/#primaryimage\"},\"image\":{\"@id\":\"https:\\\/\\\/vitablanca.ma\\\/produit\\\/solaray-hormone-femelle-blend-sp-7c-100-vegcaps_maroc\\\/#primaryimage\"},\"thumbnailUrl\":\"https:\\\/\\\/vitablanca.ma\\\/wp-content\\\/uploads\\\/2025\\\/06\\\/Solaray-maroc-Rhodiola-Extract-Adaptogen-Guaranteed-1.png\",\"datePublished\":\"2025-06-25T17:25:28+00:00\",\"dateModified\":\"2025-08-30T20:56:05+00:00\",\"description\":\"Achetez Solaray Hormone Femelle Blend SP-7C au Maroc. Ces 100 capsules v\u00e9g\u00e9tariennes sont formul\u00e9es pour soutenir l'\u00e9quilibre hormonal chez la femme\",\"breadcrumb\":{\"@id\":\"https:\\\/\\\/vitablanca.ma\\\/produit\\\/solaray-hormone-femelle-blend-sp-7c-100-vegcaps_maroc\\\/#breadcrumb\"},\"inLanguage\":\"ar\",\"potentialAction\":[{\"@type\":\"ReadAction\",\"target\":[\"https:\\\/\\\/vitablanca.ma\\\/produit\\\/solaray-hormone-femelle-blend-sp-7c-100-vegcaps_maroc\\\/\"]}]},{\"@type\":\"ImageObject\",\"inLanguage\":\"ar\",\"@id\":\"https:\\\/\\\/vitablanca.ma\\\/produit\\\/solaray-hormone-femelle-blend-sp-7c-100-vegcaps_maroc\\\/#primaryimage\",\"url\":\"https:\\\/\\\/vitablanca.ma\\\/wp-content\\\/uploads\\\/2025\\\/06\\\/Solaray-maroc-Rhodiola-Extract-Adaptogen-Guaranteed-1.png\",\"contentUrl\":\"https:\\\/\\\/vitablanca.ma\\\/wp-content\\\/uploads\\\/2025\\\/06\\\/Solaray-maroc-Rhodiola-Extract-Adaptogen-Guaranteed-1.png\",\"width\":680,\"height\":680},{\"@type\":\"BreadcrumbList\",\"@id\":\"https:\\\/\\\/vitablanca.ma\\\/produit\\\/solaray-hormone-femelle-blend-sp-7c-100-vegcaps_maroc\\\/#breadcrumb\",\"itemListElement\":[{\"@type\":\"ListItem\",\"position\":1,\"name\":\"Home\",\"item\":\"https:\\\/\\\/vitablanca.ma\\\/\"},{\"@type\":\"ListItem\",\"position\":2,\"name\":\"Tous Les Produits\",\"item\":\"https:\\\/\\\/vitablanca.ma\\\/tous-les-produits\\\/\"},{\"@type\":\"ListItem\",\"position\":3,\"name\":\"Solaray Hormone Femelle Blend SP-7C, 100 VegCaps\"}]},{\"@type\":\"WebSite\",\"@id\":\"https:\\\/\\\/vitablanca.ma\\\/#website\",\"url\":\"https:\\\/\\\/vitablanca.ma\\\/\",\"name\":\"VitaBlanca.ma | Compl\u00e9ments alimentaires, sant\u00e9 & beaut\u00e9 au Maroc\",\"description\":\"vendre vitamines et compl\u00e9ments premium des USA &amp; Canada, Nouvelle Z\u00e9lande,Maroc (NOW Foods, Solgar, Manuka). Livraison rapide partout au Maroc.\",\"publisher\":{\"@id\":\"https:\\\/\\\/vitablanca.ma\\\/#organization\"},\"alternateName\":\"VitaBlanca.ma\",\"potentialAction\":[{\"@type\":\"SearchAction\",\"target\":{\"@type\":\"EntryPoint\",\"urlTemplate\":\"https:\\\/\\\/vitablanca.ma\\\/?s={search_term_string}\"},\"query-input\":{\"@type\":\"PropertyValueSpecification\",\"valueRequired\":true,\"valueName\":\"search_term_string\"}}],\"inLanguage\":\"ar\"},{\"@type\":\"Organization\",\"@id\":\"https:\\\/\\\/vitablanca.ma\\\/#organization\",\"name\":\"VitaBlanca\",\"url\":\"https:\\\/\\\/vitablanca.ma\\\/\",\"logo\":{\"@type\":\"ImageObject\",\"inLanguage\":\"ar\",\"@id\":\"https:\\\/\\\/vitablanca.ma\\\/#\\\/schema\\\/logo\\\/image\\\/\",\"url\":\"https:\\\/\\\/vitablanca.ma\\\/wp-content\\\/uploads\\\/2025\\\/05\\\/cropped-vitablanca.png\",\"contentUrl\":\"https:\\\/\\\/vitablanca.ma\\\/wp-content\\\/uploads\\\/2025\\\/05\\\/cropped-vitablanca.png\",\"width\":360,\"height\":67,\"caption\":\"VitaBlanca\"},\"image\":{\"@id\":\"https:\\\/\\\/vitablanca.ma\\\/#\\\/schema\\\/logo\\\/image\\\/\"},\"sameAs\":[\"https:\\\/\\\/www.facebook.com\\\/profile.php?id=61576678196717\",\"https:\\\/\\\/www.tiktok.com\\\/@vitablanca.ma\",\"https:\\\/\\\/www.instagram.com\\\/vitablanca.ma\\\/\"]}]}<\/script>\n<!-- \/ Yoast SEO plugin. -->","yoast_head_json":{"title":"Solaray Hormone Femelle Blend SP-7C, 100 VegCaps_ Maroc Prix","description":"Achetez Solaray Hormone Femelle Blend SP-7C au Maroc. Ces 100 capsules v\u00e9g\u00e9tariennes sont formul\u00e9es pour soutenir l'\u00e9quilibre hormonal chez la femme","robots":{"index":"index","follow":"follow","max-snippet":"max-snippet:-1","max-image-preview":"max-image-preview:large","max-video-preview":"max-video-preview:-1"},"canonical":"https:\/\/vitablanca.ma\/ar\/product-2\/solaray-hormone-femelle-blend-sp-7c-100-vegcaps_maroc\/","og_locale":"ar_AR","og_type":"article","og_title":"Solaray Hormone Femelle Blend SP-7C, 100 VegCaps_ Maroc Prix","og_description":"Achetez Solaray Hormone Femelle Blend SP-7C au Maroc. Ces 100 capsules v\u00e9g\u00e9tariennes sont formul\u00e9es pour soutenir l'\u00e9quilibre hormonal chez la femme","og_url":"https:\/\/vitablanca.ma\/ar\/product-2\/solaray-hormone-femelle-blend-sp-7c-100-vegcaps_maroc\/","og_site_name":"Vitablanca.ma &ndash; Sant&eacute;, vitalit&eacute; et bien-&ecirc;tre pour tous les Marocains","article_publisher":"https:\/\/www.facebook.com\/profile.php?id=61576678196717","article_modified_time":"2025-08-30T20:56:05+00:00","og_image":[{"width":680,"height":680,"url":"https:\/\/vitablanca.ma\/wp-content\/uploads\/2025\/06\/Solaray-maroc-Rhodiola-Extract-Adaptogen-Guaranteed-1.png","type":"image\/png"}],"twitter_card":"summary_large_image","twitter_misc":{"\u0648\u0642\u062a \u0627\u0644\u0642\u0631\u0627\u0621\u0629 \u0627\u0644\u0645\u064f\u0642\u062f\u0651\u0631":"\u062f\u0642\u064a\u0642\u0629 \u0648\u0627\u062d\u062f\u0629"},"schema":{"@context":"https:\/\/schema.org","@graph":[{"@type":["WebPage","ItemPage"],"@id":"https:\/\/vitablanca.ma\/produit\/solaray-hormone-femelle-blend-sp-7c-100-vegcaps_maroc\/","url":"https:\/\/vitablanca.ma\/produit\/solaray-hormone-femelle-blend-sp-7c-100-vegcaps_maroc\/","name":"Solaray Hormone Femelle Blend SP-7C, 100 VegCaps_ Maroc Prix","isPartOf":{"@id":"https:\/\/vitablanca.ma\/#website"},"primaryImageOfPage":{"@id":"https:\/\/vitablanca.ma\/produit\/solaray-hormone-femelle-blend-sp-7c-100-vegcaps_maroc\/#primaryimage"},"image":{"@id":"https:\/\/vitablanca.ma\/produit\/solaray-hormone-femelle-blend-sp-7c-100-vegcaps_maroc\/#primaryimage"},"thumbnailUrl":"https:\/\/vitablanca.ma\/wp-content\/uploads\/2025\/06\/Solaray-maroc-Rhodiola-Extract-Adaptogen-Guaranteed-1.png","datePublished":"2025-06-25T17:25:28+00:00","dateModified":"2025-08-30T20:56:05+00:00","description":"Achetez Solaray Hormone Femelle Blend SP-7C au Maroc. Ces 100 capsules v\u00e9g\u00e9tariennes sont formul\u00e9es pour soutenir l'\u00e9quilibre hormonal chez la femme","breadcrumb":{"@id":"https:\/\/vitablanca.ma\/produit\/solaray-hormone-femelle-blend-sp-7c-100-vegcaps_maroc\/#breadcrumb"},"inLanguage":"ar","potentialAction":[{"@type":"ReadAction","target":["https:\/\/vitablanca.ma\/produit\/solaray-hormone-femelle-blend-sp-7c-100-vegcaps_maroc\/"]}]},{"@type":"ImageObject","inLanguage":"ar","@id":"https:\/\/vitablanca.ma\/produit\/solaray-hormone-femelle-blend-sp-7c-100-vegcaps_maroc\/#primaryimage","url":"https:\/\/vitablanca.ma\/wp-content\/uploads\/2025\/06\/Solaray-maroc-Rhodiola-Extract-Adaptogen-Guaranteed-1.png","contentUrl":"https:\/\/vitablanca.ma\/wp-content\/uploads\/2025\/06\/Solaray-maroc-Rhodiola-Extract-Adaptogen-Guaranteed-1.png","width":680,"height":680},{"@type":"BreadcrumbList","@id":"https:\/\/vitablanca.ma\/produit\/solaray-hormone-femelle-blend-sp-7c-100-vegcaps_maroc\/#breadcrumb","itemListElement":[{"@type":"ListItem","position":1,"name":"Home","item":"https:\/\/vitablanca.ma\/"},{"@type":"ListItem","position":2,"name":"Tous Les Produits","item":"https:\/\/vitablanca.ma\/tous-les-produits\/"},{"@type":"ListItem","position":3,"name":"Solaray Hormone Femelle Blend SP-7C, 100 VegCaps"}]},{"@type":"WebSite","@id":"https:\/\/vitablanca.ma\/#website","url":"https:\/\/vitablanca.ma\/","name":"VitaBlanca.ma | \u0627\u0644\u0645\u0643\u0645\u0644\u0627\u062a \u0627\u0644\u063a\u0630\u0627\u0626\u064a\u0629\u060c \u0627\u0644\u0635\u062d\u0629 \u0648\u0627\u0644\u062c\u0645\u0627\u0644 \u0641\u064a \u0627\u0644\u0645\u063a\u0631\u0628","description":"\u0646\u0628\u064a\u0639 \u0641\u064a\u062a\u0627\u0645\u064a\u0646\u0627\u062a \u0648\u0645\u0643\u0645\u0644\u0627\u062a \u063a\u0630\u0627\u0626\u064a\u0629 \u0641\u0627\u062e\u0631\u0629 \u0645\u0646 \u0627\u0644\u0648\u0644\u0627\u064a\u0627\u062a \u0627\u0644\u0645\u062a\u062d\u062f\u0629 \u0627\u0644\u0623\u0645\u0631\u064a\u0643\u064a\u0629 \u0648\u0643\u0646\u062f\u0627 \u0648\u0646\u064a\u0648\u0632\u064a\u0644\u0646\u062f\u0627 \u0648\u0627\u0644\u0645\u063a\u0631\u0628 (\u0646\u0627\u0648 \u0641\u0648\u062f\u0632\u060c \u0633\u0648\u0644\u062c\u0627\u0631\u060c \u0645\u0627\u0646\u0648\u0643\u0627). \u062a\u0648\u0635\u064a\u0644 \u0633\u0631\u064a\u0639 \u0625\u0644\u0649 \u062c\u0645\u064a\u0639 \u0623\u0646\u062d\u0627\u0621 \u0627\u0644\u0645\u063a\u0631\u0628.","publisher":{"@id":"https:\/\/vitablanca.ma\/#organization"},"alternateName":"VitaBlanca.ma","potentialAction":[{"@type":"SearchAction","target":{"@type":"EntryPoint","urlTemplate":"https:\/\/vitablanca.ma\/?s={search_term_string}"},"query-input":{"@type":"PropertyValueSpecification","valueRequired":true,"valueName":"search_term_string"}}],"inLanguage":"ar"},{"@type":"Organization","@id":"https:\/\/vitablanca.ma\/#organization","name":"\u0641\u064a\u062a\u0627\u0628\u0644\u0627\u0646\u0643\u0627","url":"https:\/\/vitablanca.ma\/","logo":{"@type":"ImageObject","inLanguage":"ar","@id":"https:\/\/vitablanca.ma\/#\/schema\/logo\/image\/","url":"https:\/\/vitablanca.ma\/wp-content\/uploads\/2025\/05\/cropped-vitablanca.png","contentUrl":"https:\/\/vitablanca.ma\/wp-content\/uploads\/2025\/05\/cropped-vitablanca.png","width":360,"height":67,"caption":"VitaBlanca"},"image":{"@id":"https:\/\/vitablanca.ma\/#\/schema\/logo\/image\/"},"sameAs":["https:\/\/www.facebook.com\/profile.php?id=61576678196717","https:\/\/www.tiktok.com\/@vitablanca.ma","https:\/\/www.instagram.com\/vitablanca.ma\/"]}]}},"jetpack_sharing_enabled":true,"_links":{"self":[{"href":"https:\/\/vitablanca.ma\/ar\/wp-json\/wp\/v2\/product\/23027","targetHints":{"allow":["GET"]}}],"collection":[{"href":"https:\/\/vitablanca.ma\/ar\/wp-json\/wp\/v2\/product"}],"about":[{"href":"https:\/\/vitablanca.ma\/ar\/wp-json\/wp\/v2\/types\/product"}],"wp:featuredmedia":[{"embeddable":true,"href":"https:\/\/vitablanca.ma\/ar\/wp-json\/wp\/v2\/media\/24949"}],"wp:attachment":[{"href":"https:\/\/vitablanca.ma\/ar\/wp-json\/wp\/v2\/media?parent=23027"}],"wp:term":[{"taxonomy":"product_brand","embeddable":true,"href":"https:\/\/vitablanca.ma\/ar\/wp-json\/wp\/v2\/product_brand?post=23027"},{"taxonomy":"product_cat","embeddable":true,"href":"https:\/\/vitablanca.ma\/ar\/wp-json\/wp\/v2\/product_cat?post=23027"},{"taxonomy":"product_tag","embeddable":true,"href":"https:\/\/vitablanca.ma\/ar\/wp-json\/wp\/v2\/product_tag?post=23027"}],"curies":[{"name":"wp","href":"https:\/\/api.w.org\/{rel}","templated":true}]}}