{"id":22981,"date":"2025-06-24T00:17:53","date_gmt":"2025-06-24T00:17:53","guid":{"rendered":"https:\/\/vitablanca.ma\/?post_type=product&#038;p=22981"},"modified":"2025-08-30T20:56:07","modified_gmt":"2025-08-30T20:56:07","slug":"nutribiotic-extrait-de-pepins-de-pamplemousse-vegan-gse-concentre-liquide-118-ml-maroc","status":"publish","type":"product","link":"https:\/\/vitablanca.ma\/ar\/product-2\/nutribiotic-extrait-de-pepins-de-pamplemousse-vegan-gse-concentre-liquide-118-ml-maroc\/","title":{"rendered":"\u0645\u0633\u062a\u062e\u0644\u0635 \u0628\u0630\u0648\u0631 \u0627\u0644\u062c\u0631\u064a\u0628 \u0641\u0631\u0648\u062a \u0627\u0644\u0646\u0628\u0627\u062a\u064a \u0645\u0646 \u0646\u064a\u0648\u062a\u0631\u064a\u0628\u064a\u0648\u062a\u064a\u0643\u060c \u0645\u0631\u0643\u0632 \u0633\u0627\u0626\u0644\u060c 118 \u0645\u0644"},"content":{"rendered":"<p>En mettant simplement quelques gouttes de ce concentr\u00e9 liquide d\u2019extrait de p\u00e9pins de raisin de la marque de suppl\u00e9ments de sant\u00e9, Nutribiotic, dans votre boisson pr\u00e9f\u00e9r\u00e9e, vous pouvez pr\u00e9venir certaines affections telles que le foie, l\u2019hypertension et m\u00eame les maladies cardiaques . Encore plus fascinant, c\u2019est qu\u2019il peut \u00e9ventuellement reconstituer l\u2019apport de collag\u00e8ne dans le corps. Le collag\u00e8ne est important pour rendre la peau \u00e9lastique et plus jeune. Il fournit \u00e9galement une protection pour vos os. Les os solides vous donnent une vie longue et confortable. Le concentr\u00e9 liquide d\u2019extrait de p\u00e9pin de raisin pourrait bien \u00eatre le compagnon id\u00e9al de votre jus ou de votre eau, car il peut vous aider \u00e0 maintenir non seulement un corps en bonne sant\u00e9, mais \u00e9galement \u00e0 attirer l\u2019attention.<\/p>","protected":false},"excerpt":{"rendered":"<ul>\n<li>\u0642\u0637\u0631\u0627\u062a \u0645\u0646 \u0647\u0630\u0647 \u0627\u0644\u0639\u062c\u0627\u0626\u0628 \u0627\u0644\u0637\u0628\u064a\u0639\u064a\u0629 \u0645\u0644\u064a\u0626\u0629 \u0628\u0645\u0636\u0627\u062f\u0627\u062a \u0627\u0644\u0623\u0643\u0633\u062f\u0629 \u0627\u0644\u062a\u064a \u064a\u0645\u0643\u0646 \u0623\u0646 \u062a\u0639\u0645\u0644 \u0639\u0644\u0649 \u062a\u062d\u0633\u064a\u0646 \u0635\u062d\u062a\u0643 \u0648\u0645\u0638\u0647\u0631\u0643<\/li>\n<li>\u064a\u0633\u0627\u0639\u062f \u0639\u0644\u0649 \u062e\u0641\u0636 \u0636\u063a\u0637 \u0627\u0644\u062f\u0645<\/li>\n<li>\u0642\u062f \u064a\u0633\u0627\u0639\u062f \u0639\u0644\u0649 \u0645\u0646\u0639 \u062c\u0644\u0637\u0627\u062a \u0627\u0644\u0642\u0644\u0628<\/li>\n<li>\u064a\u062d\u0627\u0631\u0628 \u0627\u0644\u0643\u0648\u0644\u064a\u0633\u062a\u0631\u0648\u0644 \u0627\u0644\u0633\u064a\u0626<\/li>\n<li>\u064a\u062d\u0627\u0641\u0638 \u0639\u0644\u0649 \u0648\u0638\u0627\u0626\u0641 \u0627\u0644\u0643\u0644\u0649 \u0627\u0644\u0633\u0644\u064a\u0645\u0629<\/li>\n<li>\u064a\u0645\u0646\u0639 \u0646\u0645\u0648 \u0627\u0644\u0628\u0643\u062a\u064a\u0631\u064a\u0627<\/li>\n<li>\u0641\u0642\u0637 \u0645\u0646 5 \u0625\u0644\u0649 15 \u0642\u0637\u0631\u0629 \u0644\u0643\u0644 \u0643\u0648\u0628 \u0644\u0644\u062d\u0635\u0648\u0644 \u0639\u0644\u0649 \u0643\u0644 \u0647\u0630\u0647 \u0627\u0644\u0641\u0648\u0627\u0626\u062f<\/li>\n<li>\u064a\u0648\u0641\u0631 \u0627\u0644\u062f\u0639\u0645 \u0644\u0635\u062d\u0629 \u0627\u0644\u062f\u0645\u0627\u063a<\/li>\n<li>\u064a\u062d\u0627\u0641\u0638 \u0639\u0644\u0649 \u0642\u0648\u0629 \u0627\u0644\u0639\u0638\u0627\u0645 \u0648\u064a\u062d\u0633\u0646 \u0627\u0644\u0628\u0634\u0631\u0629<\/li>\n<li>\u064a\u062d\u0645\u064a \u0627\u0644\u0643\u0628\u062f<\/li>\n<li>\u0644\u0644\u062a\u0639\u0627\u0641\u064a \u0627\u0644\u0633\u0631\u064a\u0639 \u0645\u0646 \u0627\u0644\u0625\u0635\u0627\u0628\u0627\u062a<\/li>\n<li>\u0639\u0644\u0627\u0645\u0629 \u062a\u062c\u0627\u0631\u064a\u0629 \u0645\u0628\u0646\u064a\u0629 \u0639\u0644\u0649 \u0623\u0628\u062d\u0627\u062b \u0646\u0648\u0628\u0644<\/li>\n<\/ul>","protected":false},"featured_media":22983,"template":"","meta":{"om_disable_all_campaigns":false},"product_brand":[2403],"product_cat":[18,3366,20,19],"product_tag":[2976,2975],"class_list":{"0":"post-22981","1":"product","2":"type-product","3":"status-publish","4":"has-post-thumbnail","6":"product_brand-nutribiotic-gse","7":"product_cat-beaute-sante","8":"product_cat-complements-alimentaires-au-maroc-vitablanca","9":"product_cat-supplements","10":"product_cat-vitamines-supplements-dietetiques","11":"product_tag-soutien-immunitaire-naturel-gse-nettoyage-interne-liquide","12":"product_tag-nutribiotic-gse-liquide-maroc-extrait-pepins-pamplemousse-vegan","14":"first","15":"instock","16":"taxable","17":"shipping-taxable","18":"purchasable","19":"product-type-simple"},"yoast_head":"<!-- This site is optimized with the Yoast SEO plugin v27.5 - https:\/\/yoast.com\/product\/yoast-seo-wordpress\/ -->\n<title>NutriBiotic Extrait de P\u00e9pins de PamplemousseMaroc Prix<\/title>\n<meta name=\"description\" content=\"Achetez NutriBiotic Extrait de P\u00e9pins de Pamplemousse (GSE) liquide, Vegan, 118 ml au Maroc. Cet extrait puissant est id\u00e9al pour le soutien immunitaire,\" \/>\n<meta name=\"robots\" content=\"index, follow, max-snippet:-1, max-image-preview:large, max-video-preview:-1\" \/>\n<link rel=\"canonical\" href=\"https:\/\/vitablanca.ma\/ar\/product-2\/nutribiotic-extrait-de-pepins-de-pamplemousse-vegan-gse-concentre-liquide-118-ml-maroc\/\" \/>\n<meta property=\"og:locale\" content=\"ar_AR\" \/>\n<meta property=\"og:type\" content=\"article\" \/>\n<meta property=\"og:title\" content=\"NutriBiotic Extrait de P\u00e9pins de PamplemousseMaroc Prix\" \/>\n<meta property=\"og:description\" content=\"Achetez NutriBiotic Extrait de P\u00e9pins de Pamplemousse (GSE) liquide, Vegan, 118 ml au Maroc. Cet extrait puissant est id\u00e9al pour le soutien immunitaire,\" \/>\n<meta property=\"og:url\" content=\"https:\/\/vitablanca.ma\/ar\/product-2\/nutribiotic-extrait-de-pepins-de-pamplemousse-vegan-gse-concentre-liquide-118-ml-maroc\/\" \/>\n<meta property=\"og:site_name\" content=\"Vitablanca.ma &ndash; Sant&eacute;, vitalit&eacute; et bien-&ecirc;tre pour tous les Marocains\" \/>\n<meta property=\"article:publisher\" content=\"https:\/\/www.facebook.com\/profile.php?id=61576678196717\" \/>\n<meta property=\"article:modified_time\" content=\"2025-08-30T20:56:07+00:00\" \/>\n<meta property=\"og:image\" content=\"https:\/\/vitablanca.ma\/wp-content\/uploads\/2025\/06\/nutribiotic-extrait-de-pepins-de-pamplemousse-vegan-gse-concentre-.jpg\" \/>\n\t<meta property=\"og:image:width\" content=\"680\" \/>\n\t<meta property=\"og:image:height\" content=\"680\" \/>\n\t<meta property=\"og:image:type\" content=\"image\/jpeg\" \/>\n<meta name=\"twitter:card\" content=\"summary_large_image\" \/>\n<meta name=\"twitter:label1\" content=\"\u0648\u0642\u062a \u0627\u0644\u0642\u0631\u0627\u0621\u0629 \u0627\u0644\u0645\u064f\u0642\u062f\u0651\u0631\" \/>\n\t<meta name=\"twitter:data1\" content=\"\u062f\u0642\u064a\u0642\u0629 \u0648\u0627\u062d\u062f\u0629\" \/>\n<script type=\"application\/ld+json\" class=\"yoast-schema-graph\">{\"@context\":\"https:\\\/\\\/schema.org\",\"@graph\":[{\"@type\":[\"WebPage\",\"ItemPage\"],\"@id\":\"https:\\\/\\\/vitablanca.ma\\\/produit\\\/nutribiotic-extrait-de-pepins-de-pamplemousse-vegan-gse-concentre-liquide-118-ml-maroc\\\/\",\"url\":\"https:\\\/\\\/vitablanca.ma\\\/produit\\\/nutribiotic-extrait-de-pepins-de-pamplemousse-vegan-gse-concentre-liquide-118-ml-maroc\\\/\",\"name\":\"NutriBiotic Extrait de P\u00e9pins de PamplemousseMaroc Prix\",\"isPartOf\":{\"@id\":\"https:\\\/\\\/vitablanca.ma\\\/#website\"},\"primaryImageOfPage\":{\"@id\":\"https:\\\/\\\/vitablanca.ma\\\/produit\\\/nutribiotic-extrait-de-pepins-de-pamplemousse-vegan-gse-concentre-liquide-118-ml-maroc\\\/#primaryimage\"},\"image\":{\"@id\":\"https:\\\/\\\/vitablanca.ma\\\/produit\\\/nutribiotic-extrait-de-pepins-de-pamplemousse-vegan-gse-concentre-liquide-118-ml-maroc\\\/#primaryimage\"},\"thumbnailUrl\":\"https:\\\/\\\/vitablanca.ma\\\/wp-content\\\/uploads\\\/2025\\\/06\\\/nutribiotic-extrait-de-pepins-de-pamplemousse-vegan-gse-concentre-.jpg\",\"datePublished\":\"2025-06-24T00:17:53+00:00\",\"dateModified\":\"2025-08-30T20:56:07+00:00\",\"description\":\"Achetez NutriBiotic Extrait de P\u00e9pins de Pamplemousse (GSE) liquide, Vegan, 118 ml au Maroc. Cet extrait puissant est id\u00e9al pour le soutien immunitaire,\",\"breadcrumb\":{\"@id\":\"https:\\\/\\\/vitablanca.ma\\\/produit\\\/nutribiotic-extrait-de-pepins-de-pamplemousse-vegan-gse-concentre-liquide-118-ml-maroc\\\/#breadcrumb\"},\"inLanguage\":\"ar\",\"potentialAction\":[{\"@type\":\"ReadAction\",\"target\":[\"https:\\\/\\\/vitablanca.ma\\\/produit\\\/nutribiotic-extrait-de-pepins-de-pamplemousse-vegan-gse-concentre-liquide-118-ml-maroc\\\/\"]}]},{\"@type\":\"ImageObject\",\"inLanguage\":\"ar\",\"@id\":\"https:\\\/\\\/vitablanca.ma\\\/produit\\\/nutribiotic-extrait-de-pepins-de-pamplemousse-vegan-gse-concentre-liquide-118-ml-maroc\\\/#primaryimage\",\"url\":\"https:\\\/\\\/vitablanca.ma\\\/wp-content\\\/uploads\\\/2025\\\/06\\\/nutribiotic-extrait-de-pepins-de-pamplemousse-vegan-gse-concentre-.jpg\",\"contentUrl\":\"https:\\\/\\\/vitablanca.ma\\\/wp-content\\\/uploads\\\/2025\\\/06\\\/nutribiotic-extrait-de-pepins-de-pamplemousse-vegan-gse-concentre-.jpg\",\"width\":680,\"height\":680},{\"@type\":\"BreadcrumbList\",\"@id\":\"https:\\\/\\\/vitablanca.ma\\\/produit\\\/nutribiotic-extrait-de-pepins-de-pamplemousse-vegan-gse-concentre-liquide-118-ml-maroc\\\/#breadcrumb\",\"itemListElement\":[{\"@type\":\"ListItem\",\"position\":1,\"name\":\"Home\",\"item\":\"https:\\\/\\\/vitablanca.ma\\\/\"},{\"@type\":\"ListItem\",\"position\":2,\"name\":\"Tous Les Produits\",\"item\":\"https:\\\/\\\/vitablanca.ma\\\/tous-les-produits\\\/\"},{\"@type\":\"ListItem\",\"position\":3,\"name\":\"Nutribiotic Extrait de p\u00e9pins de pamplemousse Vegan GSE, concentr\u00e9 liquide, 118 ml\"}]},{\"@type\":\"WebSite\",\"@id\":\"https:\\\/\\\/vitablanca.ma\\\/#website\",\"url\":\"https:\\\/\\\/vitablanca.ma\\\/\",\"name\":\"VitaBlanca.ma | Compl\u00e9ments alimentaires, sant\u00e9 & beaut\u00e9 au Maroc\",\"description\":\"vendre vitamines et compl\u00e9ments premium des USA &amp; Canada, Nouvelle Z\u00e9lande,Maroc (NOW Foods, Solgar, Manuka). Livraison rapide partout au Maroc.\",\"publisher\":{\"@id\":\"https:\\\/\\\/vitablanca.ma\\\/#organization\"},\"alternateName\":\"VitaBlanca.ma\",\"potentialAction\":[{\"@type\":\"SearchAction\",\"target\":{\"@type\":\"EntryPoint\",\"urlTemplate\":\"https:\\\/\\\/vitablanca.ma\\\/?s={search_term_string}\"},\"query-input\":{\"@type\":\"PropertyValueSpecification\",\"valueRequired\":true,\"valueName\":\"search_term_string\"}}],\"inLanguage\":\"ar\"},{\"@type\":\"Organization\",\"@id\":\"https:\\\/\\\/vitablanca.ma\\\/#organization\",\"name\":\"VitaBlanca\",\"url\":\"https:\\\/\\\/vitablanca.ma\\\/\",\"logo\":{\"@type\":\"ImageObject\",\"inLanguage\":\"ar\",\"@id\":\"https:\\\/\\\/vitablanca.ma\\\/#\\\/schema\\\/logo\\\/image\\\/\",\"url\":\"https:\\\/\\\/vitablanca.ma\\\/wp-content\\\/uploads\\\/2025\\\/05\\\/cropped-vitablanca.png\",\"contentUrl\":\"https:\\\/\\\/vitablanca.ma\\\/wp-content\\\/uploads\\\/2025\\\/05\\\/cropped-vitablanca.png\",\"width\":360,\"height\":67,\"caption\":\"VitaBlanca\"},\"image\":{\"@id\":\"https:\\\/\\\/vitablanca.ma\\\/#\\\/schema\\\/logo\\\/image\\\/\"},\"sameAs\":[\"https:\\\/\\\/www.facebook.com\\\/profile.php?id=61576678196717\",\"https:\\\/\\\/www.tiktok.com\\\/@vitablanca.ma\",\"https:\\\/\\\/www.instagram.com\\\/vitablanca.ma\\\/\"]}]}<\/script>\n<!-- \/ Yoast SEO plugin. -->","yoast_head_json":{"title":"\u0633\u0639\u0631 \u0645\u0633\u062a\u062e\u0644\u0635 \u0628\u0630\u0648\u0631 \u0627\u0644\u062c\u0631\u064a\u0628 \u0641\u0631\u0648\u062a \u0645\u0646 \u0646\u064a\u0648\u062a\u0631\u064a\u0628\u064a\u0648\u062a\u064a\u0643 \u0641\u064a \u0627\u0644\u0645\u063a\u0631\u0628","description":"\u0627\u0634\u062a\u0631\u0650 \u0645\u0633\u062a\u062e\u0644\u0635 \u0628\u0630\u0648\u0631 \u0627\u0644\u062c\u0631\u064a\u0628 \u0641\u0631\u0648\u062a \u0627\u0644\u0633\u0627\u0626\u0644 \u0645\u0646 \u0646\u064a\u0648\u062a\u0631\u064a\u0628\u064a\u0648\u062a\u064a\u0643 (GSE)\u060c \u0646\u0628\u0627\u062a\u064a\u060c \u0661\u0661\u0668 \u0645\u0644 \u0645\u0646 \u0627\u0644\u0645\u063a\u0631\u0628. \u0647\u0630\u0627 \u0627\u0644\u0645\u0633\u062a\u062e\u0644\u0635 \u0627\u0644\u0642\u0648\u064a \u0645\u062b\u0627\u0644\u064a \u0644\u062f\u0639\u0645 \u0627\u0644\u0645\u0646\u0627\u0639\u0629.","robots":{"index":"index","follow":"follow","max-snippet":"max-snippet:-1","max-image-preview":"max-image-preview:large","max-video-preview":"max-video-preview:-1"},"canonical":"https:\/\/vitablanca.ma\/ar\/product-2\/nutribiotic-extrait-de-pepins-de-pamplemousse-vegan-gse-concentre-liquide-118-ml-maroc\/","og_locale":"ar_AR","og_type":"article","og_title":"NutriBiotic Extrait de P\u00e9pins de PamplemousseMaroc Prix","og_description":"Achetez NutriBiotic Extrait de P\u00e9pins de Pamplemousse (GSE) liquide, Vegan, 118 ml au Maroc. Cet extrait puissant est id\u00e9al pour le soutien immunitaire,","og_url":"https:\/\/vitablanca.ma\/ar\/product-2\/nutribiotic-extrait-de-pepins-de-pamplemousse-vegan-gse-concentre-liquide-118-ml-maroc\/","og_site_name":"Vitablanca.ma &ndash; Sant&eacute;, vitalit&eacute; et bien-&ecirc;tre pour tous les Marocains","article_publisher":"https:\/\/www.facebook.com\/profile.php?id=61576678196717","article_modified_time":"2025-08-30T20:56:07+00:00","og_image":[{"width":680,"height":680,"url":"https:\/\/vitablanca.ma\/wp-content\/uploads\/2025\/06\/nutribiotic-extrait-de-pepins-de-pamplemousse-vegan-gse-concentre-.jpg","type":"image\/jpeg"}],"twitter_card":"summary_large_image","twitter_misc":{"\u0648\u0642\u062a \u0627\u0644\u0642\u0631\u0627\u0621\u0629 \u0627\u0644\u0645\u064f\u0642\u062f\u0651\u0631":"\u062f\u0642\u064a\u0642\u0629 \u0648\u0627\u062d\u062f\u0629"},"schema":{"@context":"https:\/\/schema.org","@graph":[{"@type":["WebPage","ItemPage"],"@id":"https:\/\/vitablanca.ma\/produit\/nutribiotic-extrait-de-pepins-de-pamplemousse-vegan-gse-concentre-liquide-118-ml-maroc\/","url":"https:\/\/vitablanca.ma\/produit\/nutribiotic-extrait-de-pepins-de-pamplemousse-vegan-gse-concentre-liquide-118-ml-maroc\/","name":"\u0633\u0639\u0631 \u0645\u0633\u062a\u062e\u0644\u0635 \u0628\u0630\u0648\u0631 \u0627\u0644\u062c\u0631\u064a\u0628 \u0641\u0631\u0648\u062a \u0645\u0646 \u0646\u064a\u0648\u062a\u0631\u064a\u0628\u064a\u0648\u062a\u064a\u0643 \u0641\u064a \u0627\u0644\u0645\u063a\u0631\u0628","isPartOf":{"@id":"https:\/\/vitablanca.ma\/#website"},"primaryImageOfPage":{"@id":"https:\/\/vitablanca.ma\/produit\/nutribiotic-extrait-de-pepins-de-pamplemousse-vegan-gse-concentre-liquide-118-ml-maroc\/#primaryimage"},"image":{"@id":"https:\/\/vitablanca.ma\/produit\/nutribiotic-extrait-de-pepins-de-pamplemousse-vegan-gse-concentre-liquide-118-ml-maroc\/#primaryimage"},"thumbnailUrl":"https:\/\/vitablanca.ma\/wp-content\/uploads\/2025\/06\/nutribiotic-extrait-de-pepins-de-pamplemousse-vegan-gse-concentre-.jpg","datePublished":"2025-06-24T00:17:53+00:00","dateModified":"2025-08-30T20:56:07+00:00","description":"\u0627\u0634\u062a\u0631\u0650 \u0645\u0633\u062a\u062e\u0644\u0635 \u0628\u0630\u0648\u0631 \u0627\u0644\u062c\u0631\u064a\u0628 \u0641\u0631\u0648\u062a \u0627\u0644\u0633\u0627\u0626\u0644 \u0645\u0646 \u0646\u064a\u0648\u062a\u0631\u064a\u0628\u064a\u0648\u062a\u064a\u0643 (GSE)\u060c \u0646\u0628\u0627\u062a\u064a\u060c \u0661\u0661\u0668 \u0645\u0644 \u0645\u0646 \u0627\u0644\u0645\u063a\u0631\u0628. \u0647\u0630\u0627 \u0627\u0644\u0645\u0633\u062a\u062e\u0644\u0635 \u0627\u0644\u0642\u0648\u064a \u0645\u062b\u0627\u0644\u064a \u0644\u062f\u0639\u0645 \u0627\u0644\u0645\u0646\u0627\u0639\u0629.","breadcrumb":{"@id":"https:\/\/vitablanca.ma\/produit\/nutribiotic-extrait-de-pepins-de-pamplemousse-vegan-gse-concentre-liquide-118-ml-maroc\/#breadcrumb"},"inLanguage":"ar","potentialAction":[{"@type":"ReadAction","target":["https:\/\/vitablanca.ma\/produit\/nutribiotic-extrait-de-pepins-de-pamplemousse-vegan-gse-concentre-liquide-118-ml-maroc\/"]}]},{"@type":"ImageObject","inLanguage":"ar","@id":"https:\/\/vitablanca.ma\/produit\/nutribiotic-extrait-de-pepins-de-pamplemousse-vegan-gse-concentre-liquide-118-ml-maroc\/#primaryimage","url":"https:\/\/vitablanca.ma\/wp-content\/uploads\/2025\/06\/nutribiotic-extrait-de-pepins-de-pamplemousse-vegan-gse-concentre-.jpg","contentUrl":"https:\/\/vitablanca.ma\/wp-content\/uploads\/2025\/06\/nutribiotic-extrait-de-pepins-de-pamplemousse-vegan-gse-concentre-.jpg","width":680,"height":680},{"@type":"BreadcrumbList","@id":"https:\/\/vitablanca.ma\/produit\/nutribiotic-extrait-de-pepins-de-pamplemousse-vegan-gse-concentre-liquide-118-ml-maroc\/#breadcrumb","itemListElement":[{"@type":"ListItem","position":1,"name":"Home","item":"https:\/\/vitablanca.ma\/"},{"@type":"ListItem","position":2,"name":"Tous Les Produits","item":"https:\/\/vitablanca.ma\/tous-les-produits\/"},{"@type":"ListItem","position":3,"name":"Nutribiotic Extrait de p\u00e9pins de pamplemousse Vegan GSE, concentr\u00e9 liquide, 118 ml"}]},{"@type":"WebSite","@id":"https:\/\/vitablanca.ma\/#website","url":"https:\/\/vitablanca.ma\/","name":"VitaBlanca.ma | \u0627\u0644\u0645\u0643\u0645\u0644\u0627\u062a \u0627\u0644\u063a\u0630\u0627\u0626\u064a\u0629\u060c \u0627\u0644\u0635\u062d\u0629 \u0648\u0627\u0644\u062c\u0645\u0627\u0644 \u0641\u064a \u0627\u0644\u0645\u063a\u0631\u0628","description":"\u0646\u0628\u064a\u0639 \u0641\u064a\u062a\u0627\u0645\u064a\u0646\u0627\u062a \u0648\u0645\u0643\u0645\u0644\u0627\u062a \u063a\u0630\u0627\u0626\u064a\u0629 \u0641\u0627\u062e\u0631\u0629 \u0645\u0646 \u0627\u0644\u0648\u0644\u0627\u064a\u0627\u062a \u0627\u0644\u0645\u062a\u062d\u062f\u0629 \u0627\u0644\u0623\u0645\u0631\u064a\u0643\u064a\u0629 \u0648\u0643\u0646\u062f\u0627 \u0648\u0646\u064a\u0648\u0632\u064a\u0644\u0646\u062f\u0627 \u0648\u0627\u0644\u0645\u063a\u0631\u0628 (\u0646\u0627\u0648 \u0641\u0648\u062f\u0632\u060c \u0633\u0648\u0644\u062c\u0627\u0631\u060c \u0645\u0627\u0646\u0648\u0643\u0627). \u062a\u0648\u0635\u064a\u0644 \u0633\u0631\u064a\u0639 \u0625\u0644\u0649 \u062c\u0645\u064a\u0639 \u0623\u0646\u062d\u0627\u0621 \u0627\u0644\u0645\u063a\u0631\u0628.","publisher":{"@id":"https:\/\/vitablanca.ma\/#organization"},"alternateName":"VitaBlanca.ma","potentialAction":[{"@type":"SearchAction","target":{"@type":"EntryPoint","urlTemplate":"https:\/\/vitablanca.ma\/?s={search_term_string}"},"query-input":{"@type":"PropertyValueSpecification","valueRequired":true,"valueName":"search_term_string"}}],"inLanguage":"ar"},{"@type":"Organization","@id":"https:\/\/vitablanca.ma\/#organization","name":"\u0641\u064a\u062a\u0627\u0628\u0644\u0627\u0646\u0643\u0627","url":"https:\/\/vitablanca.ma\/","logo":{"@type":"ImageObject","inLanguage":"ar","@id":"https:\/\/vitablanca.ma\/#\/schema\/logo\/image\/","url":"https:\/\/vitablanca.ma\/wp-content\/uploads\/2025\/05\/cropped-vitablanca.png","contentUrl":"https:\/\/vitablanca.ma\/wp-content\/uploads\/2025\/05\/cropped-vitablanca.png","width":360,"height":67,"caption":"VitaBlanca"},"image":{"@id":"https:\/\/vitablanca.ma\/#\/schema\/logo\/image\/"},"sameAs":["https:\/\/www.facebook.com\/profile.php?id=61576678196717","https:\/\/www.tiktok.com\/@vitablanca.ma","https:\/\/www.instagram.com\/vitablanca.ma\/"]}]}},"jetpack_sharing_enabled":true,"_links":{"self":[{"href":"https:\/\/vitablanca.ma\/ar\/wp-json\/wp\/v2\/product\/22981","targetHints":{"allow":["GET"]}}],"collection":[{"href":"https:\/\/vitablanca.ma\/ar\/wp-json\/wp\/v2\/product"}],"about":[{"href":"https:\/\/vitablanca.ma\/ar\/wp-json\/wp\/v2\/types\/product"}],"wp:featuredmedia":[{"embeddable":true,"href":"https:\/\/vitablanca.ma\/ar\/wp-json\/wp\/v2\/media\/22983"}],"wp:attachment":[{"href":"https:\/\/vitablanca.ma\/ar\/wp-json\/wp\/v2\/media?parent=22981"}],"wp:term":[{"taxonomy":"product_brand","embeddable":true,"href":"https:\/\/vitablanca.ma\/ar\/wp-json\/wp\/v2\/product_brand?post=22981"},{"taxonomy":"product_cat","embeddable":true,"href":"https:\/\/vitablanca.ma\/ar\/wp-json\/wp\/v2\/product_cat?post=22981"},{"taxonomy":"product_tag","embeddable":true,"href":"https:\/\/vitablanca.ma\/ar\/wp-json\/wp\/v2\/product_tag?post=22981"}],"curies":[{"name":"wp","href":"https:\/\/api.w.org\/{rel}","templated":true}]}}