{"id":22974,"date":"2025-06-23T23:47:09","date_gmt":"2025-06-23T23:47:09","guid":{"rendered":"https:\/\/vitablanca.ma\/?post_type=product&#038;p=22974"},"modified":"2025-08-30T20:56:08","modified_gmt":"2025-08-30T20:56:08","slug":"solaray-b-complex-50-100-capsules-vegetales-maroc","status":"publish","type":"product","link":"https:\/\/vitablanca.ma\/ar\/product-2\/solaray-b-complex-50-100-capsules-vegetales-maroc\/","title":{"rendered":"\u0633\u0648\u0644\u0627\u0631\u0627\u064a \u0628-\u0643\u0648\u0645\u0628\u0644\u0643\u0633 \u0665\u0660\u060c \u0661\u0660\u0660 \u0643\u0628\u0633\u0648\u0644\u0629 \u0646\u0628\u0627\u062a\u064a\u0629"},"content":{"rendered":"<p>Solaray Les suppl\u00e9ments de complexe de vitamine B utilisent le pouvoir des vitamines B pour fournir \u00e0 votre corps un soutien essentiel pour le syst\u00e8me nerveux, le syst\u00e8me cardiovasculaire, le syst\u00e8me immunitaire et la production d\u2019\u00e9nergie. En outre, cette puissante formule \u00e0 la vitamine B favorise le m\u00e9tabolisme \u00e9nerg\u00e9tique sain, ainsi que la sant\u00e9 des cheveux, de la peau et des ongles. Chaque portion contient une combinaison saine de vitamines B, notamment de thiamine, riboflavine, niacine, acide pantoth\u00e9nique, biotine, folate, vitamine B6 et vitamine B12. Ces nutriments b\u00e9n\u00e9fiques sont contenus dans une base saine de gel de riz et d\u2019aloe vera pour une absorption maximale. La vitamine B12 aide \u00e0 stimuler les niveaux d\u2019\u00e9nergie, \u00e0 soutenir les syst\u00e8mes nerveux en sant\u00e9, \u00e0 maintenir le tractus gastro-intestinal en bonne sant\u00e9 et \u00e0 renforcer la fonction immunitaire. La biotine joue un r\u00f4le essentiel dans la promotione des cheveux lisses et pulpeux, ainsi que de la peau et des ongles forts et en sant\u00e9. Le folate et la vitamine b6 soutiennent le d\u00e9veloppement et la croissance par leur r\u00f4le dans la sant\u00e9 neurologique, cardiovasculaire et immunitaire. Solaray cr\u00e9e cette formule complexe \u00e0 base de vitamine B sans utiliser de conservateur, d\u2019\u00e9dulcorant, d\u2019ar\u00f4me ou de colorant artificiels. Ces capsules sont favorables aux v\u00e9g\u00e9tariens, cr\u00e9ant une source de soutien sans danger avec diverses restrictions di\u00e9t\u00e9tiques. Chaque jour, une capsule suffit pour fournir \u00e0 votre corps le puissant soutien en vitamines B et contribuer \u00e0 combler les carences nutritionnelles.<\/p>","protected":false},"excerpt":{"rendered":"<ul>\n<li>\u064a\u062f\u0639\u0645 \u0646\u0634\u0627\u0637 \u0627\u0644\u062f\u0645\u0627\u063a \u0627\u0644\u0635\u062d\u064a \u0648\u0627\u0644\u062c\u0647\u0627\u0632 \u0627\u0644\u0639\u0635\u0628\u064a<\/li>\n<li>\u064a\u0639\u0632\u0632 \u0627\u0644\u0637\u0627\u0642\u0629 \u0648\u0648\u0638\u064a\u0641\u0629 \u0627\u0644\u0645\u0646\u0627\u0639\u0629<\/li>\n<li>\u064a\u0633\u0627\u0639\u062f \u0641\u064a \u0627\u0644\u062d\u0641\u0627\u0638 \u0639\u0644\u0649 \u0635\u062d\u0629 \u0627\u0644\u062c\u0647\u0627\u0632 \u0627\u0644\u0647\u0636\u0645\u064a<\/li>\n<li>\u0645\u0635\u062f\u0631 \u0635\u062d\u064a \u0644\u0644\u0641\u064a\u062a\u0627\u0645\u064a\u0646\u0627\u062a B1 \u0648B2 \u0648B3 \u0648B5 \u0648B6 \u0648B12<\/li>\n<li>\u0643\u0628\u0633\u0648\u0644\u0629 \u0648\u0627\u062d\u062f\u0629 \u0641\u0642\u0637 \u064a\u0648\u0645\u064a\u064b\u0627 \u062a\u0644\u0628\u064a \u0627\u0644\u0627\u062d\u062a\u064a\u0627\u062c\u0627\u062a \u0627\u0644\u063a\u0630\u0627\u0626\u064a\u0629<\/li>\n<li>\u0645\u0643\u0648\u0646\u0627\u062a \u0646\u0628\u0627\u062a\u064a\u0629 \u0628\u062f\u0648\u0646 \u0645\u0648\u0627\u062f \u062d\u0627\u0641\u0638\u0629<\/li>\n<li>\u064a\u0633\u0627\u0639\u062f \u0639\u0644\u0649 \u062a\u0639\u0632\u064a\u0632 \u0627\u0644\u0637\u0627\u0642\u0629 \u0648\u0648\u0638\u064a\u0641\u0629 \u0627\u0644\u0645\u0646\u0627\u0639\u0629<\/li>\n<\/ul>","protected":false},"featured_media":22976,"template":"","meta":{"om_disable_all_campaigns":false},"product_brand":[673],"product_cat":[18,3366,132,131,130,19],"product_tag":[2971,2970,2972],"class_list":{"0":"post-22974","1":"product","2":"type-product","3":"status-publish","4":"has-post-thumbnail","6":"product_brand-solaray-maroc-prix","7":"product_cat-beaute-sante","8":"product_cat-complements-alimentaires-au-maroc-vitablanca","9":"product_cat-complexe-b","10":"product_cat-vitamine-b","11":"product_cat-vitamines","12":"product_cat-vitamines-supplements-dietetiques","13":"product_tag-sante-systeme-nerveux-vitamines-b","14":"product_tag-solaray-b-complexe-50-maroc-vitamines-b-energie-fatigue-maroc","15":"product_tag-vitamine-b-complete-maroc-complement-energetique-naturel","17":"first","18":"instock","19":"taxable","20":"shipping-taxable","21":"purchasable","22":"product-type-simple"},"yoast_head":"<!-- This site is optimized with the Yoast SEO plugin v27.5 - https:\/\/yoast.com\/product\/yoast-seo-wordpress\/ -->\n<title>Solaray B-Complex 50, 100 capsules v\u00e9g\u00e9tales - Maroc Prix<\/title>\n<meta name=\"description\" content=\"Achetez Solaray B-Complexe 50 au Maroc. Ces 100 capsules v\u00e9g\u00e9tales fournissent un spectre complet de vitamines B pour soutenir votre \u00e9nergie quotidienne,\" \/>\n<meta name=\"robots\" content=\"index, follow, max-snippet:-1, max-image-preview:large, max-video-preview:-1\" \/>\n<link rel=\"canonical\" href=\"https:\/\/vitablanca.ma\/ar\/product-2\/solaray-b-complex-50-100-capsules-vegetales-maroc\/\" \/>\n<meta property=\"og:locale\" content=\"ar_AR\" \/>\n<meta property=\"og:type\" content=\"article\" \/>\n<meta property=\"og:title\" content=\"Solaray B-Complex 50, 100 capsules v\u00e9g\u00e9tales - Maroc Prix\" \/>\n<meta property=\"og:description\" content=\"Achetez Solaray B-Complexe 50 au Maroc. Ces 100 capsules v\u00e9g\u00e9tales fournissent un spectre complet de vitamines B pour soutenir votre \u00e9nergie quotidienne,\" \/>\n<meta property=\"og:url\" content=\"https:\/\/vitablanca.ma\/ar\/product-2\/solaray-b-complex-50-100-capsules-vegetales-maroc\/\" \/>\n<meta property=\"og:site_name\" content=\"Vitablanca.ma &ndash; Sant&eacute;, vitalit&eacute; et bien-&ecirc;tre pour tous les Marocains\" \/>\n<meta property=\"article:publisher\" content=\"https:\/\/www.facebook.com\/profile.php?id=61576678196717\" \/>\n<meta property=\"article:modified_time\" content=\"2025-08-30T20:56:08+00:00\" \/>\n<meta property=\"og:image\" content=\"https:\/\/vitablanca.ma\/wp-content\/uploads\/2025\/06\/b-complex-50-100-capsules-vegetales-solaray-m.jpg\" \/>\n\t<meta property=\"og:image:width\" content=\"680\" \/>\n\t<meta property=\"og:image:height\" content=\"680\" \/>\n\t<meta property=\"og:image:type\" content=\"image\/jpeg\" \/>\n<meta name=\"twitter:card\" content=\"summary_large_image\" \/>\n<meta name=\"twitter:label1\" content=\"\u0648\u0642\u062a \u0627\u0644\u0642\u0631\u0627\u0621\u0629 \u0627\u0644\u0645\u064f\u0642\u062f\u0651\u0631\" \/>\n\t<meta name=\"twitter:data1\" content=\"\u062f\u0642\u064a\u0642\u062a\u0627\u0646\" \/>\n<script type=\"application\/ld+json\" class=\"yoast-schema-graph\">{\"@context\":\"https:\\\/\\\/schema.org\",\"@graph\":[{\"@type\":[\"WebPage\",\"ItemPage\"],\"@id\":\"https:\\\/\\\/vitablanca.ma\\\/produit\\\/solaray-b-complex-50-100-capsules-vegetales-maroc\\\/\",\"url\":\"https:\\\/\\\/vitablanca.ma\\\/produit\\\/solaray-b-complex-50-100-capsules-vegetales-maroc\\\/\",\"name\":\"Solaray B-Complex 50, 100 capsules v\u00e9g\u00e9tales - Maroc Prix\",\"isPartOf\":{\"@id\":\"https:\\\/\\\/vitablanca.ma\\\/#website\"},\"primaryImageOfPage\":{\"@id\":\"https:\\\/\\\/vitablanca.ma\\\/produit\\\/solaray-b-complex-50-100-capsules-vegetales-maroc\\\/#primaryimage\"},\"image\":{\"@id\":\"https:\\\/\\\/vitablanca.ma\\\/produit\\\/solaray-b-complex-50-100-capsules-vegetales-maroc\\\/#primaryimage\"},\"thumbnailUrl\":\"https:\\\/\\\/vitablanca.ma\\\/wp-content\\\/uploads\\\/2025\\\/06\\\/b-complex-50-100-capsules-vegetales-solaray-m.jpg\",\"datePublished\":\"2025-06-23T23:47:09+00:00\",\"dateModified\":\"2025-08-30T20:56:08+00:00\",\"description\":\"Achetez Solaray B-Complexe 50 au Maroc. Ces 100 capsules v\u00e9g\u00e9tales fournissent un spectre complet de vitamines B pour soutenir votre \u00e9nergie quotidienne,\",\"breadcrumb\":{\"@id\":\"https:\\\/\\\/vitablanca.ma\\\/produit\\\/solaray-b-complex-50-100-capsules-vegetales-maroc\\\/#breadcrumb\"},\"inLanguage\":\"ar\",\"potentialAction\":[{\"@type\":\"ReadAction\",\"target\":[\"https:\\\/\\\/vitablanca.ma\\\/produit\\\/solaray-b-complex-50-100-capsules-vegetales-maroc\\\/\"]}]},{\"@type\":\"ImageObject\",\"inLanguage\":\"ar\",\"@id\":\"https:\\\/\\\/vitablanca.ma\\\/produit\\\/solaray-b-complex-50-100-capsules-vegetales-maroc\\\/#primaryimage\",\"url\":\"https:\\\/\\\/vitablanca.ma\\\/wp-content\\\/uploads\\\/2025\\\/06\\\/b-complex-50-100-capsules-vegetales-solaray-m.jpg\",\"contentUrl\":\"https:\\\/\\\/vitablanca.ma\\\/wp-content\\\/uploads\\\/2025\\\/06\\\/b-complex-50-100-capsules-vegetales-solaray-m.jpg\",\"width\":680,\"height\":680},{\"@type\":\"BreadcrumbList\",\"@id\":\"https:\\\/\\\/vitablanca.ma\\\/produit\\\/solaray-b-complex-50-100-capsules-vegetales-maroc\\\/#breadcrumb\",\"itemListElement\":[{\"@type\":\"ListItem\",\"position\":1,\"name\":\"Home\",\"item\":\"https:\\\/\\\/vitablanca.ma\\\/\"},{\"@type\":\"ListItem\",\"position\":2,\"name\":\"Tous Les Produits\",\"item\":\"https:\\\/\\\/vitablanca.ma\\\/tous-les-produits\\\/\"},{\"@type\":\"ListItem\",\"position\":3,\"name\":\"Solaray B-Complex 50, 100 capsules v\u00e9g\u00e9tales\"}]},{\"@type\":\"WebSite\",\"@id\":\"https:\\\/\\\/vitablanca.ma\\\/#website\",\"url\":\"https:\\\/\\\/vitablanca.ma\\\/\",\"name\":\"VitaBlanca.ma | Compl\u00e9ments alimentaires, sant\u00e9 & beaut\u00e9 au Maroc\",\"description\":\"vendre vitamines et compl\u00e9ments premium des USA &amp; Canada, Nouvelle Z\u00e9lande,Maroc (NOW Foods, Solgar, Manuka). Livraison rapide partout au Maroc.\",\"publisher\":{\"@id\":\"https:\\\/\\\/vitablanca.ma\\\/#organization\"},\"alternateName\":\"VitaBlanca.ma\",\"potentialAction\":[{\"@type\":\"SearchAction\",\"target\":{\"@type\":\"EntryPoint\",\"urlTemplate\":\"https:\\\/\\\/vitablanca.ma\\\/?s={search_term_string}\"},\"query-input\":{\"@type\":\"PropertyValueSpecification\",\"valueRequired\":true,\"valueName\":\"search_term_string\"}}],\"inLanguage\":\"ar\"},{\"@type\":\"Organization\",\"@id\":\"https:\\\/\\\/vitablanca.ma\\\/#organization\",\"name\":\"VitaBlanca\",\"url\":\"https:\\\/\\\/vitablanca.ma\\\/\",\"logo\":{\"@type\":\"ImageObject\",\"inLanguage\":\"ar\",\"@id\":\"https:\\\/\\\/vitablanca.ma\\\/#\\\/schema\\\/logo\\\/image\\\/\",\"url\":\"https:\\\/\\\/vitablanca.ma\\\/wp-content\\\/uploads\\\/2025\\\/05\\\/cropped-vitablanca.png\",\"contentUrl\":\"https:\\\/\\\/vitablanca.ma\\\/wp-content\\\/uploads\\\/2025\\\/05\\\/cropped-vitablanca.png\",\"width\":360,\"height\":67,\"caption\":\"VitaBlanca\"},\"image\":{\"@id\":\"https:\\\/\\\/vitablanca.ma\\\/#\\\/schema\\\/logo\\\/image\\\/\"},\"sameAs\":[\"https:\\\/\\\/www.facebook.com\\\/profile.php?id=61576678196717\",\"https:\\\/\\\/www.tiktok.com\\\/@vitablanca.ma\",\"https:\\\/\\\/www.instagram.com\\\/vitablanca.ma\\\/\"]}]}<\/script>\n<!-- \/ Yoast SEO plugin. -->","yoast_head_json":{"title":"\u0633\u0648\u0644\u0627\u0631\u0627\u064a \u0628-\u0643\u0648\u0645\u0628\u0644\u0643\u0633 \u0665\u0660\u060c \u0661\u0660\u0660 \u0643\u0628\u0633\u0648\u0644\u0629 \u0646\u0628\u0627\u062a\u064a\u0629 - \u0633\u0639\u0631 \u0627\u0644\u0645\u063a\u0631\u0628","description":"\u0627\u0634\u062a\u0631\u0650 \u0633\u0648\u0644\u0627\u0631\u0627\u064a \u0628-\u0643\u0648\u0645\u0628\u0644\u0643\u0633 \u0665\u0660 \u0641\u064a \u0627\u0644\u0645\u063a\u0631\u0628. \u0647\u0630\u0647 \u0627\u0644\u0643\u0628\u0633\u0648\u0644\u0627\u062a \u0627\u0644\u0646\u0628\u0627\u062a\u064a\u0629 \u0661\u0660\u0660 \u062a\u064f\u0648\u0641\u0651\u0631 \u0645\u062c\u0645\u0648\u0639\u0629\u064b \u0643\u0627\u0645\u0644\u0629\u064b \u0645\u0646 \u0641\u064a\u062a\u0627\u0645\u064a\u0646\u0627\u062a \u0628 \u0644\u062f\u0639\u0645 \u0637\u0627\u0642\u062a\u0643 \u0627\u0644\u064a\u0648\u0645\u064a\u0629.","robots":{"index":"index","follow":"follow","max-snippet":"max-snippet:-1","max-image-preview":"max-image-preview:large","max-video-preview":"max-video-preview:-1"},"canonical":"https:\/\/vitablanca.ma\/ar\/product-2\/solaray-b-complex-50-100-capsules-vegetales-maroc\/","og_locale":"ar_AR","og_type":"article","og_title":"Solaray B-Complex 50, 100 capsules v\u00e9g\u00e9tales - Maroc Prix","og_description":"Achetez Solaray B-Complexe 50 au Maroc. Ces 100 capsules v\u00e9g\u00e9tales fournissent un spectre complet de vitamines B pour soutenir votre \u00e9nergie quotidienne,","og_url":"https:\/\/vitablanca.ma\/ar\/product-2\/solaray-b-complex-50-100-capsules-vegetales-maroc\/","og_site_name":"Vitablanca.ma &ndash; Sant&eacute;, vitalit&eacute; et bien-&ecirc;tre pour tous les Marocains","article_publisher":"https:\/\/www.facebook.com\/profile.php?id=61576678196717","article_modified_time":"2025-08-30T20:56:08+00:00","og_image":[{"width":680,"height":680,"url":"https:\/\/vitablanca.ma\/wp-content\/uploads\/2025\/06\/b-complex-50-100-capsules-vegetales-solaray-m.jpg","type":"image\/jpeg"}],"twitter_card":"summary_large_image","twitter_misc":{"\u0648\u0642\u062a \u0627\u0644\u0642\u0631\u0627\u0621\u0629 \u0627\u0644\u0645\u064f\u0642\u062f\u0651\u0631":"\u062f\u0642\u064a\u0642\u062a\u0627\u0646"},"schema":{"@context":"https:\/\/schema.org","@graph":[{"@type":["WebPage","ItemPage"],"@id":"https:\/\/vitablanca.ma\/produit\/solaray-b-complex-50-100-capsules-vegetales-maroc\/","url":"https:\/\/vitablanca.ma\/produit\/solaray-b-complex-50-100-capsules-vegetales-maroc\/","name":"\u0633\u0648\u0644\u0627\u0631\u0627\u064a \u0628-\u0643\u0648\u0645\u0628\u0644\u0643\u0633 \u0665\u0660\u060c \u0661\u0660\u0660 \u0643\u0628\u0633\u0648\u0644\u0629 \u0646\u0628\u0627\u062a\u064a\u0629 - \u0633\u0639\u0631 \u0627\u0644\u0645\u063a\u0631\u0628","isPartOf":{"@id":"https:\/\/vitablanca.ma\/#website"},"primaryImageOfPage":{"@id":"https:\/\/vitablanca.ma\/produit\/solaray-b-complex-50-100-capsules-vegetales-maroc\/#primaryimage"},"image":{"@id":"https:\/\/vitablanca.ma\/produit\/solaray-b-complex-50-100-capsules-vegetales-maroc\/#primaryimage"},"thumbnailUrl":"https:\/\/vitablanca.ma\/wp-content\/uploads\/2025\/06\/b-complex-50-100-capsules-vegetales-solaray-m.jpg","datePublished":"2025-06-23T23:47:09+00:00","dateModified":"2025-08-30T20:56:08+00:00","description":"\u0627\u0634\u062a\u0631\u0650 \u0633\u0648\u0644\u0627\u0631\u0627\u064a \u0628-\u0643\u0648\u0645\u0628\u0644\u0643\u0633 \u0665\u0660 \u0641\u064a \u0627\u0644\u0645\u063a\u0631\u0628. \u0647\u0630\u0647 \u0627\u0644\u0643\u0628\u0633\u0648\u0644\u0627\u062a \u0627\u0644\u0646\u0628\u0627\u062a\u064a\u0629 \u0661\u0660\u0660 \u062a\u064f\u0648\u0641\u0651\u0631 \u0645\u062c\u0645\u0648\u0639\u0629\u064b \u0643\u0627\u0645\u0644\u0629\u064b \u0645\u0646 \u0641\u064a\u062a\u0627\u0645\u064a\u0646\u0627\u062a \u0628 \u0644\u062f\u0639\u0645 \u0637\u0627\u0642\u062a\u0643 \u0627\u0644\u064a\u0648\u0645\u064a\u0629.","breadcrumb":{"@id":"https:\/\/vitablanca.ma\/produit\/solaray-b-complex-50-100-capsules-vegetales-maroc\/#breadcrumb"},"inLanguage":"ar","potentialAction":[{"@type":"ReadAction","target":["https:\/\/vitablanca.ma\/produit\/solaray-b-complex-50-100-capsules-vegetales-maroc\/"]}]},{"@type":"ImageObject","inLanguage":"ar","@id":"https:\/\/vitablanca.ma\/produit\/solaray-b-complex-50-100-capsules-vegetales-maroc\/#primaryimage","url":"https:\/\/vitablanca.ma\/wp-content\/uploads\/2025\/06\/b-complex-50-100-capsules-vegetales-solaray-m.jpg","contentUrl":"https:\/\/vitablanca.ma\/wp-content\/uploads\/2025\/06\/b-complex-50-100-capsules-vegetales-solaray-m.jpg","width":680,"height":680},{"@type":"BreadcrumbList","@id":"https:\/\/vitablanca.ma\/produit\/solaray-b-complex-50-100-capsules-vegetales-maroc\/#breadcrumb","itemListElement":[{"@type":"ListItem","position":1,"name":"Home","item":"https:\/\/vitablanca.ma\/"},{"@type":"ListItem","position":2,"name":"Tous Les Produits","item":"https:\/\/vitablanca.ma\/tous-les-produits\/"},{"@type":"ListItem","position":3,"name":"Solaray B-Complex 50, 100 capsules v\u00e9g\u00e9tales"}]},{"@type":"WebSite","@id":"https:\/\/vitablanca.ma\/#website","url":"https:\/\/vitablanca.ma\/","name":"VitaBlanca.ma | \u0627\u0644\u0645\u0643\u0645\u0644\u0627\u062a \u0627\u0644\u063a\u0630\u0627\u0626\u064a\u0629\u060c \u0627\u0644\u0635\u062d\u0629 \u0648\u0627\u0644\u062c\u0645\u0627\u0644 \u0641\u064a \u0627\u0644\u0645\u063a\u0631\u0628","description":"\u0646\u0628\u064a\u0639 \u0641\u064a\u062a\u0627\u0645\u064a\u0646\u0627\u062a \u0648\u0645\u0643\u0645\u0644\u0627\u062a \u063a\u0630\u0627\u0626\u064a\u0629 \u0641\u0627\u062e\u0631\u0629 \u0645\u0646 \u0627\u0644\u0648\u0644\u0627\u064a\u0627\u062a \u0627\u0644\u0645\u062a\u062d\u062f\u0629 \u0627\u0644\u0623\u0645\u0631\u064a\u0643\u064a\u0629 \u0648\u0643\u0646\u062f\u0627 \u0648\u0646\u064a\u0648\u0632\u064a\u0644\u0646\u062f\u0627 \u0648\u0627\u0644\u0645\u063a\u0631\u0628 (\u0646\u0627\u0648 \u0641\u0648\u062f\u0632\u060c \u0633\u0648\u0644\u062c\u0627\u0631\u060c \u0645\u0627\u0646\u0648\u0643\u0627). \u062a\u0648\u0635\u064a\u0644 \u0633\u0631\u064a\u0639 \u0625\u0644\u0649 \u062c\u0645\u064a\u0639 \u0623\u0646\u062d\u0627\u0621 \u0627\u0644\u0645\u063a\u0631\u0628.","publisher":{"@id":"https:\/\/vitablanca.ma\/#organization"},"alternateName":"VitaBlanca.ma","potentialAction":[{"@type":"SearchAction","target":{"@type":"EntryPoint","urlTemplate":"https:\/\/vitablanca.ma\/?s={search_term_string}"},"query-input":{"@type":"PropertyValueSpecification","valueRequired":true,"valueName":"search_term_string"}}],"inLanguage":"ar"},{"@type":"Organization","@id":"https:\/\/vitablanca.ma\/#organization","name":"\u0641\u064a\u062a\u0627\u0628\u0644\u0627\u0646\u0643\u0627","url":"https:\/\/vitablanca.ma\/","logo":{"@type":"ImageObject","inLanguage":"ar","@id":"https:\/\/vitablanca.ma\/#\/schema\/logo\/image\/","url":"https:\/\/vitablanca.ma\/wp-content\/uploads\/2025\/05\/cropped-vitablanca.png","contentUrl":"https:\/\/vitablanca.ma\/wp-content\/uploads\/2025\/05\/cropped-vitablanca.png","width":360,"height":67,"caption":"VitaBlanca"},"image":{"@id":"https:\/\/vitablanca.ma\/#\/schema\/logo\/image\/"},"sameAs":["https:\/\/www.facebook.com\/profile.php?id=61576678196717","https:\/\/www.tiktok.com\/@vitablanca.ma","https:\/\/www.instagram.com\/vitablanca.ma\/"]}]}},"jetpack_sharing_enabled":true,"_links":{"self":[{"href":"https:\/\/vitablanca.ma\/ar\/wp-json\/wp\/v2\/product\/22974","targetHints":{"allow":["GET"]}}],"collection":[{"href":"https:\/\/vitablanca.ma\/ar\/wp-json\/wp\/v2\/product"}],"about":[{"href":"https:\/\/vitablanca.ma\/ar\/wp-json\/wp\/v2\/types\/product"}],"wp:featuredmedia":[{"embeddable":true,"href":"https:\/\/vitablanca.ma\/ar\/wp-json\/wp\/v2\/media\/22976"}],"wp:attachment":[{"href":"https:\/\/vitablanca.ma\/ar\/wp-json\/wp\/v2\/media?parent=22974"}],"wp:term":[{"taxonomy":"product_brand","embeddable":true,"href":"https:\/\/vitablanca.ma\/ar\/wp-json\/wp\/v2\/product_brand?post=22974"},{"taxonomy":"product_cat","embeddable":true,"href":"https:\/\/vitablanca.ma\/ar\/wp-json\/wp\/v2\/product_cat?post=22974"},{"taxonomy":"product_tag","embeddable":true,"href":"https:\/\/vitablanca.ma\/ar\/wp-json\/wp\/v2\/product_tag?post=22974"}],"curies":[{"name":"wp","href":"https:\/\/api.w.org\/{rel}","templated":true}]}}