{"id":22918,"date":"2025-06-23T19:12:49","date_gmt":"2025-06-23T19:12:49","guid":{"rendered":"https:\/\/vitablanca.ma\/?post_type=product&#038;p=22918"},"modified":"2025-08-30T20:56:13","modified_gmt":"2025-08-30T20:56:13","slug":"source-naturals-vanadium-avec-chrome-90-comprimes-maroc","status":"publish","type":"product","link":"https:\/\/vitablanca.ma\/ar\/product-2\/source-naturals-vanadium-avec-chrome-90-comprimes-maroc\/","title":{"rendered":"\u0645\u0635\u062f\u0631 \u0637\u0628\u064a\u0639\u064a - \u0641\u0627\u0646\u0627\u062f\u064a\u0648\u0645 \u0645\u0639 \u0643\u0631\u0648\u0645\u060c 90 \u0642\u0631\u0635\u064b\u0627"},"content":{"rendered":"<p>Le vanadium est un m\u00e9tal biologiquement important qui est essentiel au fonctionnement et au d\u00e9veloppement normal des cellules. Il a \u00e9t\u00e9 d\u00e9montr\u00e9 que le vanadium aide \u00e0 maintenir des taux de sucre dans le sang qui se situent dans la plage normale gr\u00e2ce \u00e0 ses effets analogues \u00e0 l\u2019insuline sur le foie, les muscles squelettiques et les tissus adipeux (graisse qui entoure nos organes). Le chrome est un oligo-\u00e9l\u00e9ment qui joue un r\u00f4le important en aidant \u00e0 r\u00e9guler la quantit\u00e9 de glucose dans le sang et \u00e0 maintenir des taux de sucre dans le sang et de cholest\u00e9rol dans la plage normale. Source Naturals Vanadium avec chrome aide \u00e0 maintenir des niveaux sains de sucre dans le sang lorsqu\u2019il est utilis\u00e9 dans le cadre de votre\u00a0<\/p>","protected":false},"excerpt":{"rendered":"<ul>\n<li>\u0627\u0644\u0641\u0627\u0646\u0627\u062f\u064a\u0648\u0645 \u0647\u0648 \u0645\u0639\u062f\u0646 \u0645\u0647\u0645 \u0628\u064a\u0648\u0644\u0648\u062c\u064a\u064b\u0627 \u0636\u0631\u0648\u0631\u064a \u0644\u0648\u0638\u064a\u0641\u0629 \u0627\u0644\u062e\u0644\u0627\u064a\u0627 \u0627\u0644\u0637\u0628\u064a\u0639\u064a\u0629 \u0648\u062a\u0637\u0648\u0631\u0647\u0627.<\/li>\n<li>\u00a0\u0644\u0642\u062f \u062b\u0628\u062a \u0623\u0646 \u0627\u0644\u0641\u0627\u0646\u0627\u062f\u064a\u0648\u0645 \u064a\u0633\u0627\u0639\u062f \u0641\u064a \u0627\u0644\u062d\u0641\u0627\u0638 \u0639\u0644\u0649 \u0645\u0633\u062a\u0648\u064a\u0627\u062a \u0627\u0644\u0633\u0643\u0631 \u0641\u064a \u0627\u0644\u062f\u0645 \u0636\u0645\u0646 \u0627\u0644\u0646\u0637\u0627\u0642 \u0627\u0644\u0637\u0628\u064a\u0639\u064a \u0645\u0646 \u062e\u0644\u0627\u0644 \u062a\u0623\u062b\u064a\u0631\u0627\u062a\u0647 \u0627\u0644\u0634\u0628\u064a\u0647\u0629 \u0628\u0627\u0644\u0623\u0646\u0633\u0648\u0644\u064a\u0646 \u0639\u0644\u0649 \u0627\u0644\u0643\u0628\u062f \u0648\u0627\u0644\u0639\u0636\u0644\u0627\u062a \u0627\u0644\u0647\u064a\u0643\u0644\u064a\u0629 \u0648\u0627\u0644\u0623\u0646\u0633\u062c\u0629 \u0627\u0644\u062f\u0647\u0646\u064a\u0629 (\u0627\u0644\u062f\u0647\u0648\u0646 \u0627\u0644\u062a\u064a \u062a\u062d\u064a\u0637 \u0628\u0623\u0639\u0636\u0627\u0626\u0646\u0627).<\/li>\n<li>\u0627\u0644\u0643\u0631\u0648\u0645 \u0647\u0648 \u0645\u0639\u062f\u0646 \u0646\u0627\u062f\u0631 \u064a\u0644\u0639\u0628 \u062f\u0648\u0631\u064b\u0627 \u0645\u0647\u0645\u064b\u0627 \u0641\u064a \u0627\u0644\u0645\u0633\u0627\u0639\u062f\u0629 \u0639\u0644\u0649 \u062a\u0646\u0638\u064a\u0645 \u0643\u0645\u064a\u0629 \u0627\u0644\u062c\u0644\u0648\u0643\u0648\u0632 \u0641\u064a \u0627\u0644\u062f\u0645 \u0648\u0627\u0644\u062d\u0641\u0627\u0638 \u0639\u0644\u0649 \u0645\u0633\u062a\u0648\u064a\u0627\u062a \u0627\u0644\u0633\u0643\u0631 \u0641\u064a \u0627\u0644\u062f\u0645 \u0648\u0627\u0644\u0643\u0648\u0644\u064a\u0633\u062a\u0631\u0648\u0644 \u0636\u0645\u0646 \u0627\u0644\u0646\u0637\u0627\u0642 \u0627\u0644\u0637\u0628\u064a\u0639\u064a.<\/li>\n<li>\u064a\u0633\u0627\u0639\u062f \u0627\u0644\u0641\u0627\u0646\u0627\u062f\u064a\u0648\u0645 \u0645\u0639 \u0627\u0644\u0643\u0631\u0648\u0645 \u0645\u0646 Source Naturals \u0639\u0644\u0649 \u0627\u0644\u062d\u0641\u0627\u0638 \u0639\u0644\u0649 \u0645\u0633\u062a\u0648\u064a\u0627\u062a \u0635\u062d\u064a\u0629 \u0644\u0644\u0633\u0643\u0631 \u0641\u064a \u0627\u0644\u062f\u0645 \u0639\u0646\u062f \u0627\u0633\u062a\u062e\u062f\u0627\u0645\u0647 \u0643\u062c\u0632\u0621 \u0645\u0646 \u0646\u0638\u0627\u0645\u0643 \u0627\u0644\u063a\u0630\u0627\u0626\u064a.<\/li>\n<\/ul>","protected":false},"featured_media":22920,"template":"","meta":{"om_disable_all_campaigns":false},"product_brand":[405],"product_cat":[18,3366,20,19],"product_tag":[2925,2922,2924],"class_list":{"0":"post-22918","1":"product","2":"type-product","3":"status-publish","4":"has-post-thumbnail","6":"product_brand-source-naturals-prix-maroc","7":"product_cat-beaute-sante","8":"product_cat-complements-alimentaires-au-maroc-vitablanca","9":"product_cat-supplements","10":"product_cat-vitamines-supplements-dietetiques","11":"product_tag-equilibre-sucre-sang-naturel-supplement-vanadium-chrome","12":"product_tag-source-naturals-vanadium-chrome-maroc","13":"product_tag-soutien-glycemie-saine-maroc","15":"first","16":"instock","17":"taxable","18":"shipping-taxable","19":"purchasable","20":"product-type-simple"},"yoast_head":"<!-- This site is optimized with the Yoast SEO plugin v27.5 - https:\/\/yoast.com\/product\/yoast-seo-wordpress\/ -->\n<title>Source Naturals Vanadium avec Chrome- Maroc Prix<\/title>\n<meta name=\"description\" content=\"Achetez Source Naturals Vanadium avec Chrome (90 comprim\u00e9s) au Maroc. Ce duo aide \u00e0 soutenir le m\u00e9tabolisme sain du glucose\" \/>\n<meta name=\"robots\" content=\"index, follow, max-snippet:-1, max-image-preview:large, max-video-preview:-1\" \/>\n<link rel=\"canonical\" href=\"https:\/\/vitablanca.ma\/ar\/product-2\/source-naturals-vanadium-avec-chrome-90-comprimes-maroc\/\" \/>\n<meta property=\"og:locale\" content=\"ar_AR\" \/>\n<meta property=\"og:type\" content=\"article\" \/>\n<meta property=\"og:title\" content=\"Source Naturals Vanadium avec Chrome- Maroc Prix\" \/>\n<meta property=\"og:description\" content=\"Achetez Source Naturals Vanadium avec Chrome (90 comprim\u00e9s) au Maroc. Ce duo aide \u00e0 soutenir le m\u00e9tabolisme sain du glucose\" \/>\n<meta property=\"og:url\" content=\"https:\/\/vitablanca.ma\/ar\/product-2\/source-naturals-vanadium-avec-chrome-90-comprimes-maroc\/\" \/>\n<meta property=\"og:site_name\" content=\"Vitablanca.ma &ndash; Sant&eacute;, vitalit&eacute; et bien-&ecirc;tre pour tous les Marocains\" \/>\n<meta property=\"article:publisher\" content=\"https:\/\/www.facebook.com\/profile.php?id=61576678196717\" \/>\n<meta property=\"article:modified_time\" content=\"2025-08-30T20:56:13+00:00\" \/>\n<meta property=\"og:image\" content=\"https:\/\/vitablanca.ma\/wp-content\/uploads\/2025\/06\/vanadium-avec-chrome-90-comprimes-source-.jpg\" \/>\n\t<meta property=\"og:image:width\" content=\"680\" \/>\n\t<meta property=\"og:image:height\" content=\"680\" \/>\n\t<meta property=\"og:image:type\" content=\"image\/jpeg\" \/>\n<meta name=\"twitter:card\" content=\"summary_large_image\" \/>\n<meta name=\"twitter:label1\" content=\"\u0648\u0642\u062a \u0627\u0644\u0642\u0631\u0627\u0621\u0629 \u0627\u0644\u0645\u064f\u0642\u062f\u0651\u0631\" \/>\n\t<meta name=\"twitter:data1\" content=\"\u062f\u0642\u064a\u0642\u0629 \u0648\u0627\u062d\u062f\u0629\" \/>\n<script type=\"application\/ld+json\" class=\"yoast-schema-graph\">{\"@context\":\"https:\\\/\\\/schema.org\",\"@graph\":[{\"@type\":[\"WebPage\",\"ItemPage\"],\"@id\":\"https:\\\/\\\/vitablanca.ma\\\/produit\\\/source-naturals-vanadium-avec-chrome-90-comprimes-maroc\\\/\",\"url\":\"https:\\\/\\\/vitablanca.ma\\\/produit\\\/source-naturals-vanadium-avec-chrome-90-comprimes-maroc\\\/\",\"name\":\"Source Naturals Vanadium avec Chrome- Maroc Prix\",\"isPartOf\":{\"@id\":\"https:\\\/\\\/vitablanca.ma\\\/#website\"},\"primaryImageOfPage\":{\"@id\":\"https:\\\/\\\/vitablanca.ma\\\/produit\\\/source-naturals-vanadium-avec-chrome-90-comprimes-maroc\\\/#primaryimage\"},\"image\":{\"@id\":\"https:\\\/\\\/vitablanca.ma\\\/produit\\\/source-naturals-vanadium-avec-chrome-90-comprimes-maroc\\\/#primaryimage\"},\"thumbnailUrl\":\"https:\\\/\\\/vitablanca.ma\\\/wp-content\\\/uploads\\\/2025\\\/06\\\/vanadium-avec-chrome-90-comprimes-source-.jpg\",\"datePublished\":\"2025-06-23T19:12:49+00:00\",\"dateModified\":\"2025-08-30T20:56:13+00:00\",\"description\":\"Achetez Source Naturals Vanadium avec Chrome (90 comprim\u00e9s) au Maroc. Ce duo aide \u00e0 soutenir le m\u00e9tabolisme sain du glucose\",\"breadcrumb\":{\"@id\":\"https:\\\/\\\/vitablanca.ma\\\/produit\\\/source-naturals-vanadium-avec-chrome-90-comprimes-maroc\\\/#breadcrumb\"},\"inLanguage\":\"ar\",\"potentialAction\":[{\"@type\":\"ReadAction\",\"target\":[\"https:\\\/\\\/vitablanca.ma\\\/produit\\\/source-naturals-vanadium-avec-chrome-90-comprimes-maroc\\\/\"]}]},{\"@type\":\"ImageObject\",\"inLanguage\":\"ar\",\"@id\":\"https:\\\/\\\/vitablanca.ma\\\/produit\\\/source-naturals-vanadium-avec-chrome-90-comprimes-maroc\\\/#primaryimage\",\"url\":\"https:\\\/\\\/vitablanca.ma\\\/wp-content\\\/uploads\\\/2025\\\/06\\\/vanadium-avec-chrome-90-comprimes-source-.jpg\",\"contentUrl\":\"https:\\\/\\\/vitablanca.ma\\\/wp-content\\\/uploads\\\/2025\\\/06\\\/vanadium-avec-chrome-90-comprimes-source-.jpg\",\"width\":680,\"height\":680},{\"@type\":\"BreadcrumbList\",\"@id\":\"https:\\\/\\\/vitablanca.ma\\\/produit\\\/source-naturals-vanadium-avec-chrome-90-comprimes-maroc\\\/#breadcrumb\",\"itemListElement\":[{\"@type\":\"ListItem\",\"position\":1,\"name\":\"Home\",\"item\":\"https:\\\/\\\/vitablanca.ma\\\/\"},{\"@type\":\"ListItem\",\"position\":2,\"name\":\"Tous Les Produits\",\"item\":\"https:\\\/\\\/vitablanca.ma\\\/tous-les-produits\\\/\"},{\"@type\":\"ListItem\",\"position\":3,\"name\":\"Source Naturals Vanadium avec chrome, 90 comprim\u00e9s\"}]},{\"@type\":\"WebSite\",\"@id\":\"https:\\\/\\\/vitablanca.ma\\\/#website\",\"url\":\"https:\\\/\\\/vitablanca.ma\\\/\",\"name\":\"VitaBlanca.ma | Compl\u00e9ments alimentaires, sant\u00e9 & beaut\u00e9 au Maroc\",\"description\":\"vendre vitamines et compl\u00e9ments premium des USA &amp; Canada, Nouvelle Z\u00e9lande,Maroc (NOW Foods, Solgar, Manuka). Livraison rapide partout au Maroc.\",\"publisher\":{\"@id\":\"https:\\\/\\\/vitablanca.ma\\\/#organization\"},\"alternateName\":\"VitaBlanca.ma\",\"potentialAction\":[{\"@type\":\"SearchAction\",\"target\":{\"@type\":\"EntryPoint\",\"urlTemplate\":\"https:\\\/\\\/vitablanca.ma\\\/?s={search_term_string}\"},\"query-input\":{\"@type\":\"PropertyValueSpecification\",\"valueRequired\":true,\"valueName\":\"search_term_string\"}}],\"inLanguage\":\"ar\"},{\"@type\":\"Organization\",\"@id\":\"https:\\\/\\\/vitablanca.ma\\\/#organization\",\"name\":\"VitaBlanca\",\"url\":\"https:\\\/\\\/vitablanca.ma\\\/\",\"logo\":{\"@type\":\"ImageObject\",\"inLanguage\":\"ar\",\"@id\":\"https:\\\/\\\/vitablanca.ma\\\/#\\\/schema\\\/logo\\\/image\\\/\",\"url\":\"https:\\\/\\\/vitablanca.ma\\\/wp-content\\\/uploads\\\/2025\\\/05\\\/cropped-vitablanca.png\",\"contentUrl\":\"https:\\\/\\\/vitablanca.ma\\\/wp-content\\\/uploads\\\/2025\\\/05\\\/cropped-vitablanca.png\",\"width\":360,\"height\":67,\"caption\":\"VitaBlanca\"},\"image\":{\"@id\":\"https:\\\/\\\/vitablanca.ma\\\/#\\\/schema\\\/logo\\\/image\\\/\"},\"sameAs\":[\"https:\\\/\\\/www.facebook.com\\\/profile.php?id=61576678196717\",\"https:\\\/\\\/www.tiktok.com\\\/@vitablanca.ma\",\"https:\\\/\\\/www.instagram.com\\\/vitablanca.ma\\\/\"]}]}<\/script>\n<!-- \/ Yoast SEO plugin. -->","yoast_head_json":{"title":"\u0645\u0635\u062f\u0631 \u0637\u0628\u064a\u0639\u064a \u0644\u0644\u0641\u0627\u0646\u0627\u062f\u064a\u0648\u0645 \u0645\u0639 \u0627\u0644\u0643\u0631\u0648\u0645 - \u0633\u0639\u0631 \u0627\u0644\u0645\u063a\u0631\u0628","description":"\u0627\u0634\u062a\u0631\u0650 Source Naturals Vanadium with Chromium (90 \u0642\u0631\u0635\u064b\u0627) \u0645\u0646 \u0627\u0644\u0645\u063a\u0631\u0628. \u064a\u064f\u0633\u0627\u0639\u062f \u0647\u0630\u0627 \u0627\u0644\u0645\u0632\u064a\u062c \u0639\u0644\u0649 \u062f\u0639\u0645 \u0639\u0645\u0644\u064a\u0629 \u0627\u0644\u062a\u0645\u062b\u064a\u0644 \u0627\u0644\u063a\u0630\u0627\u0626\u064a \u0627\u0644\u0635\u062d\u064a \u0644\u0644\u062c\u0644\u0648\u0643\u0648\u0632.","robots":{"index":"index","follow":"follow","max-snippet":"max-snippet:-1","max-image-preview":"max-image-preview:large","max-video-preview":"max-video-preview:-1"},"canonical":"https:\/\/vitablanca.ma\/ar\/product-2\/source-naturals-vanadium-avec-chrome-90-comprimes-maroc\/","og_locale":"ar_AR","og_type":"article","og_title":"Source Naturals Vanadium avec Chrome- Maroc Prix","og_description":"Achetez Source Naturals Vanadium avec Chrome (90 comprim\u00e9s) au Maroc. Ce duo aide \u00e0 soutenir le m\u00e9tabolisme sain du glucose","og_url":"https:\/\/vitablanca.ma\/ar\/product-2\/source-naturals-vanadium-avec-chrome-90-comprimes-maroc\/","og_site_name":"Vitablanca.ma &ndash; Sant&eacute;, vitalit&eacute; et bien-&ecirc;tre pour tous les Marocains","article_publisher":"https:\/\/www.facebook.com\/profile.php?id=61576678196717","article_modified_time":"2025-08-30T20:56:13+00:00","og_image":[{"width":680,"height":680,"url":"https:\/\/vitablanca.ma\/wp-content\/uploads\/2025\/06\/vanadium-avec-chrome-90-comprimes-source-.jpg","type":"image\/jpeg"}],"twitter_card":"summary_large_image","twitter_misc":{"\u0648\u0642\u062a \u0627\u0644\u0642\u0631\u0627\u0621\u0629 \u0627\u0644\u0645\u064f\u0642\u062f\u0651\u0631":"\u062f\u0642\u064a\u0642\u0629 \u0648\u0627\u062d\u062f\u0629"},"schema":{"@context":"https:\/\/schema.org","@graph":[{"@type":["WebPage","ItemPage"],"@id":"https:\/\/vitablanca.ma\/produit\/source-naturals-vanadium-avec-chrome-90-comprimes-maroc\/","url":"https:\/\/vitablanca.ma\/produit\/source-naturals-vanadium-avec-chrome-90-comprimes-maroc\/","name":"\u0645\u0635\u062f\u0631 \u0637\u0628\u064a\u0639\u064a \u0644\u0644\u0641\u0627\u0646\u0627\u062f\u064a\u0648\u0645 \u0645\u0639 \u0627\u0644\u0643\u0631\u0648\u0645 - \u0633\u0639\u0631 \u0627\u0644\u0645\u063a\u0631\u0628","isPartOf":{"@id":"https:\/\/vitablanca.ma\/#website"},"primaryImageOfPage":{"@id":"https:\/\/vitablanca.ma\/produit\/source-naturals-vanadium-avec-chrome-90-comprimes-maroc\/#primaryimage"},"image":{"@id":"https:\/\/vitablanca.ma\/produit\/source-naturals-vanadium-avec-chrome-90-comprimes-maroc\/#primaryimage"},"thumbnailUrl":"https:\/\/vitablanca.ma\/wp-content\/uploads\/2025\/06\/vanadium-avec-chrome-90-comprimes-source-.jpg","datePublished":"2025-06-23T19:12:49+00:00","dateModified":"2025-08-30T20:56:13+00:00","description":"\u0627\u0634\u062a\u0631\u0650 Source Naturals Vanadium with Chromium (90 \u0642\u0631\u0635\u064b\u0627) \u0645\u0646 \u0627\u0644\u0645\u063a\u0631\u0628. \u064a\u064f\u0633\u0627\u0639\u062f \u0647\u0630\u0627 \u0627\u0644\u0645\u0632\u064a\u062c \u0639\u0644\u0649 \u062f\u0639\u0645 \u0639\u0645\u0644\u064a\u0629 \u0627\u0644\u062a\u0645\u062b\u064a\u0644 \u0627\u0644\u063a\u0630\u0627\u0626\u064a \u0627\u0644\u0635\u062d\u064a \u0644\u0644\u062c\u0644\u0648\u0643\u0648\u0632.","breadcrumb":{"@id":"https:\/\/vitablanca.ma\/produit\/source-naturals-vanadium-avec-chrome-90-comprimes-maroc\/#breadcrumb"},"inLanguage":"ar","potentialAction":[{"@type":"ReadAction","target":["https:\/\/vitablanca.ma\/produit\/source-naturals-vanadium-avec-chrome-90-comprimes-maroc\/"]}]},{"@type":"ImageObject","inLanguage":"ar","@id":"https:\/\/vitablanca.ma\/produit\/source-naturals-vanadium-avec-chrome-90-comprimes-maroc\/#primaryimage","url":"https:\/\/vitablanca.ma\/wp-content\/uploads\/2025\/06\/vanadium-avec-chrome-90-comprimes-source-.jpg","contentUrl":"https:\/\/vitablanca.ma\/wp-content\/uploads\/2025\/06\/vanadium-avec-chrome-90-comprimes-source-.jpg","width":680,"height":680},{"@type":"BreadcrumbList","@id":"https:\/\/vitablanca.ma\/produit\/source-naturals-vanadium-avec-chrome-90-comprimes-maroc\/#breadcrumb","itemListElement":[{"@type":"ListItem","position":1,"name":"Home","item":"https:\/\/vitablanca.ma\/"},{"@type":"ListItem","position":2,"name":"Tous Les Produits","item":"https:\/\/vitablanca.ma\/tous-les-produits\/"},{"@type":"ListItem","position":3,"name":"Source Naturals Vanadium avec chrome, 90 comprim\u00e9s"}]},{"@type":"WebSite","@id":"https:\/\/vitablanca.ma\/#website","url":"https:\/\/vitablanca.ma\/","name":"VitaBlanca.ma | \u0627\u0644\u0645\u0643\u0645\u0644\u0627\u062a \u0627\u0644\u063a\u0630\u0627\u0626\u064a\u0629\u060c \u0627\u0644\u0635\u062d\u0629 \u0648\u0627\u0644\u062c\u0645\u0627\u0644 \u0641\u064a \u0627\u0644\u0645\u063a\u0631\u0628","description":"\u0646\u0628\u064a\u0639 \u0641\u064a\u062a\u0627\u0645\u064a\u0646\u0627\u062a \u0648\u0645\u0643\u0645\u0644\u0627\u062a \u063a\u0630\u0627\u0626\u064a\u0629 \u0641\u0627\u062e\u0631\u0629 \u0645\u0646 \u0627\u0644\u0648\u0644\u0627\u064a\u0627\u062a \u0627\u0644\u0645\u062a\u062d\u062f\u0629 \u0627\u0644\u0623\u0645\u0631\u064a\u0643\u064a\u0629 \u0648\u0643\u0646\u062f\u0627 \u0648\u0646\u064a\u0648\u0632\u064a\u0644\u0646\u062f\u0627 \u0648\u0627\u0644\u0645\u063a\u0631\u0628 (\u0646\u0627\u0648 \u0641\u0648\u062f\u0632\u060c \u0633\u0648\u0644\u062c\u0627\u0631\u060c \u0645\u0627\u0646\u0648\u0643\u0627). \u062a\u0648\u0635\u064a\u0644 \u0633\u0631\u064a\u0639 \u0625\u0644\u0649 \u062c\u0645\u064a\u0639 \u0623\u0646\u062d\u0627\u0621 \u0627\u0644\u0645\u063a\u0631\u0628.","publisher":{"@id":"https:\/\/vitablanca.ma\/#organization"},"alternateName":"VitaBlanca.ma","potentialAction":[{"@type":"SearchAction","target":{"@type":"EntryPoint","urlTemplate":"https:\/\/vitablanca.ma\/?s={search_term_string}"},"query-input":{"@type":"PropertyValueSpecification","valueRequired":true,"valueName":"search_term_string"}}],"inLanguage":"ar"},{"@type":"Organization","@id":"https:\/\/vitablanca.ma\/#organization","name":"\u0641\u064a\u062a\u0627\u0628\u0644\u0627\u0646\u0643\u0627","url":"https:\/\/vitablanca.ma\/","logo":{"@type":"ImageObject","inLanguage":"ar","@id":"https:\/\/vitablanca.ma\/#\/schema\/logo\/image\/","url":"https:\/\/vitablanca.ma\/wp-content\/uploads\/2025\/05\/cropped-vitablanca.png","contentUrl":"https:\/\/vitablanca.ma\/wp-content\/uploads\/2025\/05\/cropped-vitablanca.png","width":360,"height":67,"caption":"VitaBlanca"},"image":{"@id":"https:\/\/vitablanca.ma\/#\/schema\/logo\/image\/"},"sameAs":["https:\/\/www.facebook.com\/profile.php?id=61576678196717","https:\/\/www.tiktok.com\/@vitablanca.ma","https:\/\/www.instagram.com\/vitablanca.ma\/"]}]}},"jetpack_sharing_enabled":true,"_links":{"self":[{"href":"https:\/\/vitablanca.ma\/ar\/wp-json\/wp\/v2\/product\/22918","targetHints":{"allow":["GET"]}}],"collection":[{"href":"https:\/\/vitablanca.ma\/ar\/wp-json\/wp\/v2\/product"}],"about":[{"href":"https:\/\/vitablanca.ma\/ar\/wp-json\/wp\/v2\/types\/product"}],"wp:featuredmedia":[{"embeddable":true,"href":"https:\/\/vitablanca.ma\/ar\/wp-json\/wp\/v2\/media\/22920"}],"wp:attachment":[{"href":"https:\/\/vitablanca.ma\/ar\/wp-json\/wp\/v2\/media?parent=22918"}],"wp:term":[{"taxonomy":"product_brand","embeddable":true,"href":"https:\/\/vitablanca.ma\/ar\/wp-json\/wp\/v2\/product_brand?post=22918"},{"taxonomy":"product_cat","embeddable":true,"href":"https:\/\/vitablanca.ma\/ar\/wp-json\/wp\/v2\/product_cat?post=22918"},{"taxonomy":"product_tag","embeddable":true,"href":"https:\/\/vitablanca.ma\/ar\/wp-json\/wp\/v2\/product_tag?post=22918"}],"curies":[{"name":"wp","href":"https:\/\/api.w.org\/{rel}","templated":true}]}}