{"id":22911,"date":"2025-06-23T18:53:37","date_gmt":"2025-06-23T18:53:37","guid":{"rendered":"https:\/\/vitablanca.ma\/?post_type=product&#038;p=22911"},"modified":"2025-12-05T20:09:53","modified_gmt":"2025-12-05T20:09:53","slug":"jarrow-formulas-l-tryptophane-500-mg-60-capsules-maroc","status":"publish","type":"product","link":"https:\/\/vitablanca.ma\/ar\/product-2\/jarrow-formulas-l-tryptophane-500-mg-60-capsules-maroc\/","title":{"rendered":"Jarrow Formulas L-tryptophan\u060c 500 \u0645\u062c\u0645\u060c 60 \u0643\u0628\u0633\u0648\u0644\u0629"},"content":{"rendered":"<p><strong>Jarrow Formulas L-Tryptophane 500 mg \u2013 60 Capsules V\u00e9g\u00e9tales<\/strong><\/p>\n\n\n\n<p><strong>Jarrow Formulas L-Tryptophane<\/strong> est un acide amin\u00e9 essentiel, indispensable pour la production de <strong>s\u00e9rotonine<\/strong> (hormone de la bonne humeur) et de <strong>m\u00e9latonine<\/strong> (hormone du sommeil). Gr\u00e2ce \u00e0 sa puret\u00e9 \u00e9lev\u00e9e et \u00e0 sa biodisponibilit\u00e9 optimale, ce compl\u00e9ment offre un soutien naturel pour le sommeil, la d\u00e9tente, l\u2019\u00e9quilibre \u00e9motionnel et le bien-\u00eatre mental.<\/p>\n\n\n\n<h2 class=\"wp-block-heading\"><strong>Un Soutien Naturel pour un Sommeil R\u00e9parateur<\/strong><\/h2>\n\n\n\n<p>Le L-Tryptophane est transform\u00e9 par l\u2019organisme en m\u00e9latonine, facilitant l\u2019endormissement et am\u00e9liorant la qualit\u00e9 du sommeil. Un choix id\u00e9al pour les personnes souffrant d\u2019insomnies, de stress ou de cycles de sommeil perturb\u00e9s.<\/p>\n\n\n\n<h2 class=\"wp-block-heading\"><strong>Bienfaits de Jarrow L-Tryptophane<\/strong><\/h2>\n\n\n\n<h3 class=\"wp-block-heading\">\ud83d\ude34 <strong>1. Am\u00e9liore le Sommeil Naturellement<\/strong><\/h3>\n\n\n\n<p>Favorise un endormissement plus rapide, un sommeil profond et une r\u00e9cup\u00e9ration optimale.<\/p>\n\n\n\n<h3 class=\"wp-block-heading\">\ud83d\ude0a <strong>2. Soutien de l\u2019Humeur et de la S\u00e9r\u00e9nit\u00e9<\/strong><\/h3>\n\n\n\n<p>La s\u00e9rotonine aide \u00e0 stabiliser l\u2019humeur, r\u00e9duire l\u2019anxi\u00e9t\u00e9 et am\u00e9liorer le bien-\u00eatre mental.<\/p>\n\n\n\n<h3 class=\"wp-block-heading\">\ud83e\udde0 <strong>3. Clart\u00e9 Mentale et \u00c9quilibre \u00c9motionnel<\/strong><\/h3>\n\n\n\n<p>Un taux optimal de s\u00e9rotonine favorise la concentration, la gestion du stress et la stabilit\u00e9 \u00e9motionnelle.<\/p>\n\n\n\n<h3 class=\"wp-block-heading\">\ud83c\udf31 <strong>4. Formule Pure et Hautement Biodisponible<\/strong><\/h3>\n\n\n\n<p>Le L-Tryptophane utilis\u00e9 par Jarrow est de qualit\u00e9 pharmaceutique, offrant une absorption sup\u00e9rieure.<\/p>\n\n\n\n<h3 class=\"wp-block-heading\">\ud83e\uddec <strong>5. Soutien du Syst\u00e8me Nerveux<\/strong><\/h3>\n\n\n\n<p>Aide \u00e0 maintenir un \u00e9quilibre nerveux sain et une bonne fonction cognitive.<\/p>\n\n\n\n<h2 class=\"wp-block-heading\"><strong>Pourquoi Choisir Jarrow Formulas L-Tryptophane ?<\/strong><\/h2>\n\n\n\n<ul class=\"wp-block-list\">\n<li>500 mg de L-Tryptophane pur par capsule<\/li>\n\n\n\n<li>Capsules v\u00e9g\u00e9tales adapt\u00e9es aux v\u00e9g\u00e9tariens<\/li>\n\n\n\n<li>Produit sans OGM, sans gluten, sans allerg\u00e8nes<\/li>\n\n\n\n<li>Formule test\u00e9e en laboratoire pour une qualit\u00e9 sup\u00e9rieure<\/li>\n\n\n\n<li>Marque scientifique reconnue mondialement<\/li>\n<\/ul>","protected":false},"excerpt":{"rendered":"<ul>\n<li>\u0644\u0644\u0627\u0633\u062a\u0631\u062e\u0627\u0621 \u0648\u0627\u0644\u0645\u0632\u0627\u062c \u0627\u0644\u0625\u064a\u062c\u0627\u0628\u064a \u0648\u0627\u0644\u0646\u0648\u0645<\/li>\n<li>\u0646\u0628\u0627\u062a\u064a<\/li>\n<li>\u0643\u0628\u0633\u0648\u0644\u0627\u062a \u0646\u0628\u0627\u062a\u064a\u0629<\/li>\n<li>\u0645\u0643\u0645\u0644 \u063a\u0630\u0627\u0626\u064a<\/li>\n<li>\u062a\u0631\u064a\u0628\u062a\u0648\u0628\u064a\u0648\u0631<\/li>\n<li>\u0645\u0646\u0627\u0633\u0628 \u0644\u0644\u0646\u0628\u0627\u062a\u064a\u064a\u0646\/\u0627\u0644\u0646\u0628\u0627\u062a\u064a\u064a\u0646 \u0627\u0644\u0635\u0631\u0641<\/li>\n<\/ul>","protected":false},"featured_media":27201,"template":"","meta":{"om_disable_all_campaigns":false},"product_brand":[1799],"product_cat":[18,3366,20,19],"product_tag":[2918,5348,4781,5345,4851,5346,2916,1802,5342,5344,2917,5347,5343,5341],"class_list":{"0":"post-22911","1":"product","2":"type-product","3":"status-publish","4":"has-post-thumbnail","6":"product_brand-jarrow-formulas-prix-maroc","7":"product_cat-beaute-sante","8":"product_cat-complements-alimentaires-au-maroc-vitablanca","9":"product_cat-supplements","10":"product_cat-vitamines-supplements-dietetiques","11":"product_tag-relaxation-stress-supplement-serotonine-melatonine-precurseur","12":"product_tag-acheter-tryptophane-maroc","13":"product_tag-anti-stress-maroc","14":"product_tag-anxiete-maroc","15":"product_tag-complement-sommeil-maroc","16":"product_tag-dormir-naturellement-maroc","17":"product_tag-jarrow-formulas-l-tryptophane-maroc","18":"product_tag-jarrow-formulas-maroc","19":"product_tag-jarrow-tryptophane","20":"product_tag-l-tryptophane-maroc","21":"product_tag-l-tryptophane-sommeil-maroc-ameliorer-humeur-naturellement","22":"product_tag-serotonine-maroc","23":"product_tag-tryptophane-500-mg","24":"product_tag-tryptophane-sommeil-maroc","26":"first","27":"instock","28":"sale","29":"taxable","30":"shipping-taxable","31":"purchasable","32":"product-type-simple"},"yoast_head":"<!-- This site is optimized with the Yoast SEO plugin v27.4 - https:\/\/yoast.com\/product\/yoast-seo-wordpress\/ -->\n<title>Jarrow Formulas L-Tryptophane 500 mg, 60 Capsules - Maroc Prix<\/title>\n<meta name=\"description\" content=\"Jarrow Formulas L-Tryptophane 500 mg soutient le sommeil r\u00e9parateur, l\u2019humeur positive et la relaxation naturelle. Pr\u00e9curseur de la s\u00e9rotonine et m\u00e9latonine\" \/>\n<meta name=\"robots\" content=\"index, follow, max-snippet:-1, max-image-preview:large, max-video-preview:-1\" \/>\n<link rel=\"canonical\" href=\"https:\/\/vitablanca.ma\/ar\/product-2\/jarrow-formulas-l-tryptophane-500-mg-60-capsules-maroc\/\" \/>\n<meta property=\"og:locale\" content=\"ar_AR\" \/>\n<meta property=\"og:type\" content=\"article\" \/>\n<meta property=\"og:title\" content=\"Jarrow Formulas L-Tryptophane 500 mg, 60 Capsules - Maroc Prix\" \/>\n<meta property=\"og:description\" content=\"Jarrow Formulas L-Tryptophane 500 mg soutient le sommeil r\u00e9parateur, l\u2019humeur positive et la relaxation naturelle. Pr\u00e9curseur de la s\u00e9rotonine et m\u00e9latonine\" \/>\n<meta property=\"og:url\" content=\"https:\/\/vitablanca.ma\/ar\/product-2\/jarrow-formulas-l-tryptophane-500-mg-60-capsules-maroc\/\" \/>\n<meta property=\"og:site_name\" content=\"Vitablanca.ma &ndash; Sant&eacute;, vitalit&eacute; et bien-&ecirc;tre pour tous les Marocains\" \/>\n<meta property=\"article:publisher\" content=\"https:\/\/www.facebook.com\/profile.php?id=61576678196717\" \/>\n<meta property=\"article:modified_time\" content=\"2025-12-05T20:09:53+00:00\" \/>\n<meta property=\"og:image\" content=\"https:\/\/vitablanca.ma\/wp-content\/uploads\/2025\/06\/jarrow-formulas-l-tryptophan-500-mg-60-capsules.jpg\" \/>\n\t<meta property=\"og:image:width\" content=\"680\" \/>\n\t<meta property=\"og:image:height\" content=\"680\" \/>\n\t<meta property=\"og:image:type\" content=\"image\/jpeg\" \/>\n<meta name=\"twitter:card\" content=\"summary_large_image\" \/>\n<meta name=\"twitter:label1\" content=\"\u0648\u0642\u062a \u0627\u0644\u0642\u0631\u0627\u0621\u0629 \u0627\u0644\u0645\u064f\u0642\u062f\u0651\u0631\" \/>\n\t<meta name=\"twitter:data1\" content=\"\u062f\u0642\u064a\u0642\u062a\u0627\u0646\" \/>\n<script type=\"application\/ld+json\" class=\"yoast-schema-graph\">{\"@context\":\"https:\\\/\\\/schema.org\",\"@graph\":[{\"@type\":[\"WebPage\",\"ItemPage\"],\"@id\":\"https:\\\/\\\/vitablanca.ma\\\/produit\\\/jarrow-formulas-l-tryptophane-500-mg-60-capsules-maroc\\\/\",\"url\":\"https:\\\/\\\/vitablanca.ma\\\/produit\\\/jarrow-formulas-l-tryptophane-500-mg-60-capsules-maroc\\\/\",\"name\":\"Jarrow Formulas L-Tryptophane 500 mg, 60 Capsules - Maroc Prix\",\"isPartOf\":{\"@id\":\"https:\\\/\\\/vitablanca.ma\\\/#website\"},\"primaryImageOfPage\":{\"@id\":\"https:\\\/\\\/vitablanca.ma\\\/produit\\\/jarrow-formulas-l-tryptophane-500-mg-60-capsules-maroc\\\/#primaryimage\"},\"image\":{\"@id\":\"https:\\\/\\\/vitablanca.ma\\\/produit\\\/jarrow-formulas-l-tryptophane-500-mg-60-capsules-maroc\\\/#primaryimage\"},\"thumbnailUrl\":\"https:\\\/\\\/vitablanca.ma\\\/wp-content\\\/uploads\\\/2025\\\/06\\\/jarrow-formulas-l-tryptophan-500-mg-60-capsules.jpg\",\"datePublished\":\"2025-06-23T18:53:37+00:00\",\"dateModified\":\"2025-12-05T20:09:53+00:00\",\"description\":\"Jarrow Formulas L-Tryptophane 500 mg soutient le sommeil r\u00e9parateur, l\u2019humeur positive et la relaxation naturelle. Pr\u00e9curseur de la s\u00e9rotonine et m\u00e9latonine\",\"breadcrumb\":{\"@id\":\"https:\\\/\\\/vitablanca.ma\\\/produit\\\/jarrow-formulas-l-tryptophane-500-mg-60-capsules-maroc\\\/#breadcrumb\"},\"inLanguage\":\"ar\",\"potentialAction\":[{\"@type\":\"ReadAction\",\"target\":[\"https:\\\/\\\/vitablanca.ma\\\/produit\\\/jarrow-formulas-l-tryptophane-500-mg-60-capsules-maroc\\\/\"]}]},{\"@type\":\"ImageObject\",\"inLanguage\":\"ar\",\"@id\":\"https:\\\/\\\/vitablanca.ma\\\/produit\\\/jarrow-formulas-l-tryptophane-500-mg-60-capsules-maroc\\\/#primaryimage\",\"url\":\"https:\\\/\\\/vitablanca.ma\\\/wp-content\\\/uploads\\\/2025\\\/06\\\/jarrow-formulas-l-tryptophan-500-mg-60-capsules.jpg\",\"contentUrl\":\"https:\\\/\\\/vitablanca.ma\\\/wp-content\\\/uploads\\\/2025\\\/06\\\/jarrow-formulas-l-tryptophan-500-mg-60-capsules.jpg\",\"width\":680,\"height\":680},{\"@type\":\"BreadcrumbList\",\"@id\":\"https:\\\/\\\/vitablanca.ma\\\/produit\\\/jarrow-formulas-l-tryptophane-500-mg-60-capsules-maroc\\\/#breadcrumb\",\"itemListElement\":[{\"@type\":\"ListItem\",\"position\":1,\"name\":\"Home\",\"item\":\"https:\\\/\\\/vitablanca.ma\\\/\"},{\"@type\":\"ListItem\",\"position\":2,\"name\":\"Tous Les Produits\",\"item\":\"https:\\\/\\\/vitablanca.ma\\\/tous-les-produits\\\/\"},{\"@type\":\"ListItem\",\"position\":3,\"name\":\"Jarrow Formulas L-tryptophane, 500 mg, 60 capsules\"}]},{\"@type\":\"WebSite\",\"@id\":\"https:\\\/\\\/vitablanca.ma\\\/#website\",\"url\":\"https:\\\/\\\/vitablanca.ma\\\/\",\"name\":\"VitaBlanca.ma | Compl\u00e9ments alimentaires, sant\u00e9 & beaut\u00e9 au Maroc\",\"description\":\"vendre vitamines et compl\u00e9ments premium des USA &amp; Canada, Nouvelle Z\u00e9lande,Maroc (NOW Foods, Solgar, Manuka). Livraison rapide partout au Maroc.\",\"publisher\":{\"@id\":\"https:\\\/\\\/vitablanca.ma\\\/#organization\"},\"alternateName\":\"VitaBlanca.ma\",\"potentialAction\":[{\"@type\":\"SearchAction\",\"target\":{\"@type\":\"EntryPoint\",\"urlTemplate\":\"https:\\\/\\\/vitablanca.ma\\\/?s={search_term_string}\"},\"query-input\":{\"@type\":\"PropertyValueSpecification\",\"valueRequired\":true,\"valueName\":\"search_term_string\"}}],\"inLanguage\":\"ar\"},{\"@type\":\"Organization\",\"@id\":\"https:\\\/\\\/vitablanca.ma\\\/#organization\",\"name\":\"VitaBlanca\",\"url\":\"https:\\\/\\\/vitablanca.ma\\\/\",\"logo\":{\"@type\":\"ImageObject\",\"inLanguage\":\"ar\",\"@id\":\"https:\\\/\\\/vitablanca.ma\\\/#\\\/schema\\\/logo\\\/image\\\/\",\"url\":\"https:\\\/\\\/vitablanca.ma\\\/wp-content\\\/uploads\\\/2025\\\/05\\\/cropped-vitablanca.png\",\"contentUrl\":\"https:\\\/\\\/vitablanca.ma\\\/wp-content\\\/uploads\\\/2025\\\/05\\\/cropped-vitablanca.png\",\"width\":360,\"height\":67,\"caption\":\"VitaBlanca\"},\"image\":{\"@id\":\"https:\\\/\\\/vitablanca.ma\\\/#\\\/schema\\\/logo\\\/image\\\/\"},\"sameAs\":[\"https:\\\/\\\/www.facebook.com\\\/profile.php?id=61576678196717\",\"https:\\\/\\\/www.tiktok.com\\\/@vitablanca.ma\",\"https:\\\/\\\/www.instagram.com\\\/vitablanca.ma\\\/\"]}]}<\/script>\n<!-- \/ Yoast SEO plugin. -->","yoast_head_json":{"title":"Jarrow Formulas L-Tryptophane 500 mg, 60 Capsules - Maroc Prix","description":"Jarrow Formulas L-Tryptophane 500 mg soutient le sommeil r\u00e9parateur, l\u2019humeur positive et la relaxation naturelle. Pr\u00e9curseur de la s\u00e9rotonine et m\u00e9latonine","robots":{"index":"index","follow":"follow","max-snippet":"max-snippet:-1","max-image-preview":"max-image-preview:large","max-video-preview":"max-video-preview:-1"},"canonical":"https:\/\/vitablanca.ma\/ar\/product-2\/jarrow-formulas-l-tryptophane-500-mg-60-capsules-maroc\/","og_locale":"ar_AR","og_type":"article","og_title":"Jarrow Formulas L-Tryptophane 500 mg, 60 Capsules - Maroc Prix","og_description":"Jarrow Formulas L-Tryptophane 500 mg soutient le sommeil r\u00e9parateur, l\u2019humeur positive et la relaxation naturelle. Pr\u00e9curseur de la s\u00e9rotonine et m\u00e9latonine","og_url":"https:\/\/vitablanca.ma\/ar\/product-2\/jarrow-formulas-l-tryptophane-500-mg-60-capsules-maroc\/","og_site_name":"Vitablanca.ma &ndash; Sant&eacute;, vitalit&eacute; et bien-&ecirc;tre pour tous les Marocains","article_publisher":"https:\/\/www.facebook.com\/profile.php?id=61576678196717","article_modified_time":"2025-12-05T20:09:53+00:00","og_image":[{"width":680,"height":680,"url":"https:\/\/vitablanca.ma\/wp-content\/uploads\/2025\/06\/jarrow-formulas-l-tryptophan-500-mg-60-capsules.jpg","type":"image\/jpeg"}],"twitter_card":"summary_large_image","twitter_misc":{"\u0648\u0642\u062a \u0627\u0644\u0642\u0631\u0627\u0621\u0629 \u0627\u0644\u0645\u064f\u0642\u062f\u0651\u0631":"\u062f\u0642\u064a\u0642\u062a\u0627\u0646"},"schema":{"@context":"https:\/\/schema.org","@graph":[{"@type":["WebPage","ItemPage"],"@id":"https:\/\/vitablanca.ma\/produit\/jarrow-formulas-l-tryptophane-500-mg-60-capsules-maroc\/","url":"https:\/\/vitablanca.ma\/produit\/jarrow-formulas-l-tryptophane-500-mg-60-capsules-maroc\/","name":"Jarrow Formulas L-Tryptophane 500 mg, 60 Capsules - Maroc Prix","isPartOf":{"@id":"https:\/\/vitablanca.ma\/#website"},"primaryImageOfPage":{"@id":"https:\/\/vitablanca.ma\/produit\/jarrow-formulas-l-tryptophane-500-mg-60-capsules-maroc\/#primaryimage"},"image":{"@id":"https:\/\/vitablanca.ma\/produit\/jarrow-formulas-l-tryptophane-500-mg-60-capsules-maroc\/#primaryimage"},"thumbnailUrl":"https:\/\/vitablanca.ma\/wp-content\/uploads\/2025\/06\/jarrow-formulas-l-tryptophan-500-mg-60-capsules.jpg","datePublished":"2025-06-23T18:53:37+00:00","dateModified":"2025-12-05T20:09:53+00:00","description":"Jarrow Formulas L-Tryptophane 500 mg soutient le sommeil r\u00e9parateur, l\u2019humeur positive et la relaxation naturelle. Pr\u00e9curseur de la s\u00e9rotonine et m\u00e9latonine","breadcrumb":{"@id":"https:\/\/vitablanca.ma\/produit\/jarrow-formulas-l-tryptophane-500-mg-60-capsules-maroc\/#breadcrumb"},"inLanguage":"ar","potentialAction":[{"@type":"ReadAction","target":["https:\/\/vitablanca.ma\/produit\/jarrow-formulas-l-tryptophane-500-mg-60-capsules-maroc\/"]}]},{"@type":"ImageObject","inLanguage":"ar","@id":"https:\/\/vitablanca.ma\/produit\/jarrow-formulas-l-tryptophane-500-mg-60-capsules-maroc\/#primaryimage","url":"https:\/\/vitablanca.ma\/wp-content\/uploads\/2025\/06\/jarrow-formulas-l-tryptophan-500-mg-60-capsules.jpg","contentUrl":"https:\/\/vitablanca.ma\/wp-content\/uploads\/2025\/06\/jarrow-formulas-l-tryptophan-500-mg-60-capsules.jpg","width":680,"height":680},{"@type":"BreadcrumbList","@id":"https:\/\/vitablanca.ma\/produit\/jarrow-formulas-l-tryptophane-500-mg-60-capsules-maroc\/#breadcrumb","itemListElement":[{"@type":"ListItem","position":1,"name":"Home","item":"https:\/\/vitablanca.ma\/"},{"@type":"ListItem","position":2,"name":"Tous Les Produits","item":"https:\/\/vitablanca.ma\/tous-les-produits\/"},{"@type":"ListItem","position":3,"name":"Jarrow Formulas L-tryptophane, 500 mg, 60 capsules"}]},{"@type":"WebSite","@id":"https:\/\/vitablanca.ma\/#website","url":"https:\/\/vitablanca.ma\/","name":"VitaBlanca.ma | \u0627\u0644\u0645\u0643\u0645\u0644\u0627\u062a \u0627\u0644\u063a\u0630\u0627\u0626\u064a\u0629\u060c \u0627\u0644\u0635\u062d\u0629 \u0648\u0627\u0644\u062c\u0645\u0627\u0644 \u0641\u064a \u0627\u0644\u0645\u063a\u0631\u0628","description":"\u0646\u0628\u064a\u0639 \u0641\u064a\u062a\u0627\u0645\u064a\u0646\u0627\u062a \u0648\u0645\u0643\u0645\u0644\u0627\u062a \u063a\u0630\u0627\u0626\u064a\u0629 \u0641\u0627\u062e\u0631\u0629 \u0645\u0646 \u0627\u0644\u0648\u0644\u0627\u064a\u0627\u062a \u0627\u0644\u0645\u062a\u062d\u062f\u0629 \u0627\u0644\u0623\u0645\u0631\u064a\u0643\u064a\u0629 \u0648\u0643\u0646\u062f\u0627 \u0648\u0646\u064a\u0648\u0632\u064a\u0644\u0646\u062f\u0627 \u0648\u0627\u0644\u0645\u063a\u0631\u0628 (\u0646\u0627\u0648 \u0641\u0648\u062f\u0632\u060c \u0633\u0648\u0644\u062c\u0627\u0631\u060c \u0645\u0627\u0646\u0648\u0643\u0627). \u062a\u0648\u0635\u064a\u0644 \u0633\u0631\u064a\u0639 \u0625\u0644\u0649 \u062c\u0645\u064a\u0639 \u0623\u0646\u062d\u0627\u0621 \u0627\u0644\u0645\u063a\u0631\u0628.","publisher":{"@id":"https:\/\/vitablanca.ma\/#organization"},"alternateName":"VitaBlanca.ma","potentialAction":[{"@type":"SearchAction","target":{"@type":"EntryPoint","urlTemplate":"https:\/\/vitablanca.ma\/?s={search_term_string}"},"query-input":{"@type":"PropertyValueSpecification","valueRequired":true,"valueName":"search_term_string"}}],"inLanguage":"ar"},{"@type":"Organization","@id":"https:\/\/vitablanca.ma\/#organization","name":"\u0641\u064a\u062a\u0627\u0628\u0644\u0627\u0646\u0643\u0627","url":"https:\/\/vitablanca.ma\/","logo":{"@type":"ImageObject","inLanguage":"ar","@id":"https:\/\/vitablanca.ma\/#\/schema\/logo\/image\/","url":"https:\/\/vitablanca.ma\/wp-content\/uploads\/2025\/05\/cropped-vitablanca.png","contentUrl":"https:\/\/vitablanca.ma\/wp-content\/uploads\/2025\/05\/cropped-vitablanca.png","width":360,"height":67,"caption":"VitaBlanca"},"image":{"@id":"https:\/\/vitablanca.ma\/#\/schema\/logo\/image\/"},"sameAs":["https:\/\/www.facebook.com\/profile.php?id=61576678196717","https:\/\/www.tiktok.com\/@vitablanca.ma","https:\/\/www.instagram.com\/vitablanca.ma\/"]}]}},"jetpack_sharing_enabled":true,"_links":{"self":[{"href":"https:\/\/vitablanca.ma\/ar\/wp-json\/wp\/v2\/product\/22911","targetHints":{"allow":["GET"]}}],"collection":[{"href":"https:\/\/vitablanca.ma\/ar\/wp-json\/wp\/v2\/product"}],"about":[{"href":"https:\/\/vitablanca.ma\/ar\/wp-json\/wp\/v2\/types\/product"}],"wp:featuredmedia":[{"embeddable":true,"href":"https:\/\/vitablanca.ma\/ar\/wp-json\/wp\/v2\/media\/27201"}],"wp:attachment":[{"href":"https:\/\/vitablanca.ma\/ar\/wp-json\/wp\/v2\/media?parent=22911"}],"wp:term":[{"taxonomy":"product_brand","embeddable":true,"href":"https:\/\/vitablanca.ma\/ar\/wp-json\/wp\/v2\/product_brand?post=22911"},{"taxonomy":"product_cat","embeddable":true,"href":"https:\/\/vitablanca.ma\/ar\/wp-json\/wp\/v2\/product_cat?post=22911"},{"taxonomy":"product_tag","embeddable":true,"href":"https:\/\/vitablanca.ma\/ar\/wp-json\/wp\/v2\/product_tag?post=22911"}],"curies":[{"name":"wp","href":"https:\/\/api.w.org\/{rel}","templated":true}]}}