{"id":22902,"date":"2025-06-23T18:15:42","date_gmt":"2025-06-23T18:15:42","guid":{"rendered":"https:\/\/vitablanca.ma\/?post_type=product&#038;p=22902"},"modified":"2025-08-30T20:56:17","modified_gmt":"2025-08-30T20:56:17","slug":"source-naturals-formule-dacides-amines-avancee-super-amino-night-120-capsule-marocs","status":"publish","type":"product","link":"https:\/\/vitablanca.ma\/ar\/product-2\/source-naturals-formule-dacides-amines-avancee-super-amino-night-120-capsule-marocs\/","title":{"rendered":"\u0633\u0648\u0631\u0633 \u0646\u0627\u062a\u0634\u0648\u0631\u0627\u0644\u0632 \u062a\u0631\u0643\u064a\u0628\u0629 \u0627\u0644\u0623\u062d\u0645\u0627\u0636 \u0627\u0644\u0623\u0645\u064a\u0646\u064a\u0629 \u0627\u0644\u0645\u062a\u0642\u062f\u0645\u0629 \u0633\u0648\u0628\u0631 \u0623\u0645\u064a\u0646\u0648 \u0646\u0627\u064a\u062a - 120 \u0643\u0628\u0633\u0648\u0644\u0629"},"content":{"rendered":"<p>Bien que les acides amin\u00e9s procurent une grande vari\u00e9t\u00e9 d\u2019avantages pour le bien-\u00eatre, ils peuvent \u00eatre tr\u00e8s importants pour am\u00e9liorer la sant\u00e9 de votre sommeil, en particulier. Source Naturals La formule avanc\u00e9e d&rsquo;acides amin\u00e9s Super Amino Night contient quatre doses importantes d&rsquo;amino qui vous aident \u00e0 tirer le meilleur parti de votre sommeil. Ceux-ci comprennent 900 mg de L-arginine, L-lysine et L-ornithine, plus 10 mg de L-carnitine, dans chaque portion de quatre capsules. Ces acides amin\u00e9s aident \u00e9ventuellement les personnes \u00e0 obtenir un sommeil plus r\u00e9parateur et r\u00e9parateur, avec moins de risque de perturbation pendant la nuit. Ils peuvent \u00e9galement contribuer \u00e0 am\u00e9liorer l\u2019humeur et potentiellement rendre le sommeil plus sain sans somnolence r\u00e9siduelle le matin.<\/p>","protected":false},"excerpt":{"rendered":"<ul>\n<li>Obtenir des nuits de sommeil plus reposantes gr\u00e2ce aux Source Naturals acides amin\u00e9s<\/li>\n<li>tr\u00e8s importants pour am\u00e9liorer la sant\u00e9 de votre sommeil, en particulier.<\/li>\n<li>Source Naturals La formule avanc\u00e9e d&rsquo;acides amin\u00e9s Super Amino Night contient quatre doses importantes d&rsquo;amino qui vous aident \u00e0 tirer le meilleur parti de votre sommeil<\/li>\n<\/ul>","protected":false},"featured_media":22904,"template":"","meta":{"om_disable_all_campaigns":false},"product_brand":[405],"product_cat":[18,3366,20,19],"product_tag":[2908,2909,2907],"class_list":{"0":"post-22902","1":"product","2":"type-product","3":"status-publish","4":"has-post-thumbnail","6":"product_brand-source-naturals-prix-maroc","7":"product_cat-beaute-sante","8":"product_cat-complements-alimentaires-au-maroc-vitablanca","9":"product_cat-supplements","10":"product_cat-vitamines-supplements-dietetiques","11":"product_tag-acides-amines-nuit-maroc-recuperation-musculaire-nocturne","12":"product_tag-croissance-cellulaire-supplement","13":"product_tag-source-naturals-super-amino-night-maroc","15":"first","16":"instock","17":"taxable","18":"shipping-taxable","19":"purchasable","20":"product-type-simple"},"yoast_head":"<!-- This site is optimized with the Yoast SEO plugin v27.4 - https:\/\/yoast.com\/product\/yoast-seo-wordpress\/ -->\n<title>Source Naturals Super Amino Night d&#039;Acides Amin\u00e9s -Maroc Prix<\/title>\n<meta name=\"description\" content=\"Achetez Source Naturals Super Amino Night au Maroc. Ces 120 capsules offrent une formule avanc\u00e9e d&#039;acides amin\u00e9s pour favoriser la r\u00e9cup\u00e9ration musculaire,\" \/>\n<meta name=\"robots\" content=\"index, follow, max-snippet:-1, max-image-preview:large, max-video-preview:-1\" \/>\n<link rel=\"canonical\" href=\"https:\/\/vitablanca.ma\/ar\/product-2\/source-naturals-formule-dacides-amines-avancee-super-amino-night-120-capsule-marocs\/\" \/>\n<meta property=\"og:locale\" content=\"ar_AR\" \/>\n<meta property=\"og:type\" content=\"article\" \/>\n<meta property=\"og:title\" content=\"Source Naturals Super Amino Night d&#039;Acides Amin\u00e9s -Maroc Prix\" \/>\n<meta property=\"og:description\" content=\"Achetez Source Naturals Super Amino Night au Maroc. Ces 120 capsules offrent une formule avanc\u00e9e d&#039;acides amin\u00e9s pour favoriser la r\u00e9cup\u00e9ration musculaire,\" \/>\n<meta property=\"og:url\" content=\"https:\/\/vitablanca.ma\/ar\/product-2\/source-naturals-formule-dacides-amines-avancee-super-amino-night-120-capsule-marocs\/\" \/>\n<meta property=\"og:site_name\" content=\"Vitablanca.ma &ndash; Sant&eacute;, vitalit&eacute; et bien-&ecirc;tre pour tous les Marocains\" \/>\n<meta property=\"article:publisher\" content=\"https:\/\/www.facebook.com\/profile.php?id=61576678196717\" \/>\n<meta property=\"article:modified_time\" content=\"2025-08-30T20:56:17+00:00\" \/>\n<meta property=\"og:image\" content=\"https:\/\/vitablanca.ma\/wp-content\/uploads\/2025\/06\/source-naturals-formule-dacides-amines-avancee-super-.jpg\" \/>\n\t<meta property=\"og:image:width\" content=\"680\" \/>\n\t<meta property=\"og:image:height\" content=\"680\" \/>\n\t<meta property=\"og:image:type\" content=\"image\/jpeg\" \/>\n<meta name=\"twitter:card\" content=\"summary_large_image\" \/>\n<meta name=\"twitter:label1\" content=\"\u0648\u0642\u062a \u0627\u0644\u0642\u0631\u0627\u0621\u0629 \u0627\u0644\u0645\u064f\u0642\u062f\u0651\u0631\" \/>\n\t<meta name=\"twitter:data1\" content=\"\u062f\u0642\u064a\u0642\u0629 \u0648\u0627\u062d\u062f\u0629\" \/>\n<script type=\"application\/ld+json\" class=\"yoast-schema-graph\">{\"@context\":\"https:\\\/\\\/schema.org\",\"@graph\":[{\"@type\":[\"WebPage\",\"ItemPage\"],\"@id\":\"https:\\\/\\\/vitablanca.ma\\\/produit\\\/source-naturals-formule-dacides-amines-avancee-super-amino-night-120-capsule-marocs\\\/\",\"url\":\"https:\\\/\\\/vitablanca.ma\\\/produit\\\/source-naturals-formule-dacides-amines-avancee-super-amino-night-120-capsule-marocs\\\/\",\"name\":\"Source Naturals Super Amino Night d'Acides Amin\u00e9s -Maroc Prix\",\"isPartOf\":{\"@id\":\"https:\\\/\\\/vitablanca.ma\\\/#website\"},\"primaryImageOfPage\":{\"@id\":\"https:\\\/\\\/vitablanca.ma\\\/produit\\\/source-naturals-formule-dacides-amines-avancee-super-amino-night-120-capsule-marocs\\\/#primaryimage\"},\"image\":{\"@id\":\"https:\\\/\\\/vitablanca.ma\\\/produit\\\/source-naturals-formule-dacides-amines-avancee-super-amino-night-120-capsule-marocs\\\/#primaryimage\"},\"thumbnailUrl\":\"https:\\\/\\\/vitablanca.ma\\\/wp-content\\\/uploads\\\/2025\\\/06\\\/source-naturals-formule-dacides-amines-avancee-super-.jpg\",\"datePublished\":\"2025-06-23T18:15:42+00:00\",\"dateModified\":\"2025-08-30T20:56:17+00:00\",\"description\":\"Achetez Source Naturals Super Amino Night au Maroc. Ces 120 capsules offrent une formule avanc\u00e9e d'acides amin\u00e9s pour favoriser la r\u00e9cup\u00e9ration musculaire,\",\"breadcrumb\":{\"@id\":\"https:\\\/\\\/vitablanca.ma\\\/produit\\\/source-naturals-formule-dacides-amines-avancee-super-amino-night-120-capsule-marocs\\\/#breadcrumb\"},\"inLanguage\":\"ar\",\"potentialAction\":[{\"@type\":\"ReadAction\",\"target\":[\"https:\\\/\\\/vitablanca.ma\\\/produit\\\/source-naturals-formule-dacides-amines-avancee-super-amino-night-120-capsule-marocs\\\/\"]}]},{\"@type\":\"ImageObject\",\"inLanguage\":\"ar\",\"@id\":\"https:\\\/\\\/vitablanca.ma\\\/produit\\\/source-naturals-formule-dacides-amines-avancee-super-amino-night-120-capsule-marocs\\\/#primaryimage\",\"url\":\"https:\\\/\\\/vitablanca.ma\\\/wp-content\\\/uploads\\\/2025\\\/06\\\/source-naturals-formule-dacides-amines-avancee-super-.jpg\",\"contentUrl\":\"https:\\\/\\\/vitablanca.ma\\\/wp-content\\\/uploads\\\/2025\\\/06\\\/source-naturals-formule-dacides-amines-avancee-super-.jpg\",\"width\":680,\"height\":680},{\"@type\":\"BreadcrumbList\",\"@id\":\"https:\\\/\\\/vitablanca.ma\\\/produit\\\/source-naturals-formule-dacides-amines-avancee-super-amino-night-120-capsule-marocs\\\/#breadcrumb\",\"itemListElement\":[{\"@type\":\"ListItem\",\"position\":1,\"name\":\"Home\",\"item\":\"https:\\\/\\\/vitablanca.ma\\\/\"},{\"@type\":\"ListItem\",\"position\":2,\"name\":\"Tous Les Produits\",\"item\":\"https:\\\/\\\/vitablanca.ma\\\/tous-les-produits\\\/\"},{\"@type\":\"ListItem\",\"position\":3,\"name\":\"Source Naturals Formule d&#8217;acides amin\u00e9s avanc\u00e9e Super amino night &#8211; 120 Capsules\"}]},{\"@type\":\"WebSite\",\"@id\":\"https:\\\/\\\/vitablanca.ma\\\/#website\",\"url\":\"https:\\\/\\\/vitablanca.ma\\\/\",\"name\":\"VitaBlanca.ma | Compl\u00e9ments alimentaires, sant\u00e9 & beaut\u00e9 au Maroc\",\"description\":\"vendre vitamines et compl\u00e9ments premium des USA &amp; Canada, Nouvelle Z\u00e9lande,Maroc (NOW Foods, Solgar, Manuka). Livraison rapide partout au Maroc.\",\"publisher\":{\"@id\":\"https:\\\/\\\/vitablanca.ma\\\/#organization\"},\"alternateName\":\"VitaBlanca.ma\",\"potentialAction\":[{\"@type\":\"SearchAction\",\"target\":{\"@type\":\"EntryPoint\",\"urlTemplate\":\"https:\\\/\\\/vitablanca.ma\\\/?s={search_term_string}\"},\"query-input\":{\"@type\":\"PropertyValueSpecification\",\"valueRequired\":true,\"valueName\":\"search_term_string\"}}],\"inLanguage\":\"ar\"},{\"@type\":\"Organization\",\"@id\":\"https:\\\/\\\/vitablanca.ma\\\/#organization\",\"name\":\"VitaBlanca\",\"url\":\"https:\\\/\\\/vitablanca.ma\\\/\",\"logo\":{\"@type\":\"ImageObject\",\"inLanguage\":\"ar\",\"@id\":\"https:\\\/\\\/vitablanca.ma\\\/#\\\/schema\\\/logo\\\/image\\\/\",\"url\":\"https:\\\/\\\/vitablanca.ma\\\/wp-content\\\/uploads\\\/2025\\\/05\\\/cropped-vitablanca.png\",\"contentUrl\":\"https:\\\/\\\/vitablanca.ma\\\/wp-content\\\/uploads\\\/2025\\\/05\\\/cropped-vitablanca.png\",\"width\":360,\"height\":67,\"caption\":\"VitaBlanca\"},\"image\":{\"@id\":\"https:\\\/\\\/vitablanca.ma\\\/#\\\/schema\\\/logo\\\/image\\\/\"},\"sameAs\":[\"https:\\\/\\\/www.facebook.com\\\/profile.php?id=61576678196717\",\"https:\\\/\\\/www.tiktok.com\\\/@vitablanca.ma\",\"https:\\\/\\\/www.instagram.com\\\/vitablanca.ma\\\/\"]}]}<\/script>\n<!-- \/ Yoast SEO plugin. -->","yoast_head_json":{"title":"Source Naturals Super Amino Night d'Acides Amin\u00e9s -Maroc Prix","description":"Achetez Source Naturals Super Amino Night au Maroc. Ces 120 capsules offrent une formule avanc\u00e9e d'acides amin\u00e9s pour favoriser la r\u00e9cup\u00e9ration musculaire,","robots":{"index":"index","follow":"follow","max-snippet":"max-snippet:-1","max-image-preview":"max-image-preview:large","max-video-preview":"max-video-preview:-1"},"canonical":"https:\/\/vitablanca.ma\/ar\/product-2\/source-naturals-formule-dacides-amines-avancee-super-amino-night-120-capsule-marocs\/","og_locale":"ar_AR","og_type":"article","og_title":"Source Naturals Super Amino Night d'Acides Amin\u00e9s -Maroc Prix","og_description":"Achetez Source Naturals Super Amino Night au Maroc. Ces 120 capsules offrent une formule avanc\u00e9e d'acides amin\u00e9s pour favoriser la r\u00e9cup\u00e9ration musculaire,","og_url":"https:\/\/vitablanca.ma\/ar\/product-2\/source-naturals-formule-dacides-amines-avancee-super-amino-night-120-capsule-marocs\/","og_site_name":"Vitablanca.ma &ndash; Sant&eacute;, vitalit&eacute; et bien-&ecirc;tre pour tous les Marocains","article_publisher":"https:\/\/www.facebook.com\/profile.php?id=61576678196717","article_modified_time":"2025-08-30T20:56:17+00:00","og_image":[{"width":680,"height":680,"url":"https:\/\/vitablanca.ma\/wp-content\/uploads\/2025\/06\/source-naturals-formule-dacides-amines-avancee-super-.jpg","type":"image\/jpeg"}],"twitter_card":"summary_large_image","twitter_misc":{"\u0648\u0642\u062a \u0627\u0644\u0642\u0631\u0627\u0621\u0629 \u0627\u0644\u0645\u064f\u0642\u062f\u0651\u0631":"\u062f\u0642\u064a\u0642\u0629 \u0648\u0627\u062d\u062f\u0629"},"schema":{"@context":"https:\/\/schema.org","@graph":[{"@type":["WebPage","ItemPage"],"@id":"https:\/\/vitablanca.ma\/produit\/source-naturals-formule-dacides-amines-avancee-super-amino-night-120-capsule-marocs\/","url":"https:\/\/vitablanca.ma\/produit\/source-naturals-formule-dacides-amines-avancee-super-amino-night-120-capsule-marocs\/","name":"Source Naturals Super Amino Night d'Acides Amin\u00e9s -Maroc Prix","isPartOf":{"@id":"https:\/\/vitablanca.ma\/#website"},"primaryImageOfPage":{"@id":"https:\/\/vitablanca.ma\/produit\/source-naturals-formule-dacides-amines-avancee-super-amino-night-120-capsule-marocs\/#primaryimage"},"image":{"@id":"https:\/\/vitablanca.ma\/produit\/source-naturals-formule-dacides-amines-avancee-super-amino-night-120-capsule-marocs\/#primaryimage"},"thumbnailUrl":"https:\/\/vitablanca.ma\/wp-content\/uploads\/2025\/06\/source-naturals-formule-dacides-amines-avancee-super-.jpg","datePublished":"2025-06-23T18:15:42+00:00","dateModified":"2025-08-30T20:56:17+00:00","description":"Achetez Source Naturals Super Amino Night au Maroc. Ces 120 capsules offrent une formule avanc\u00e9e d'acides amin\u00e9s pour favoriser la r\u00e9cup\u00e9ration musculaire,","breadcrumb":{"@id":"https:\/\/vitablanca.ma\/produit\/source-naturals-formule-dacides-amines-avancee-super-amino-night-120-capsule-marocs\/#breadcrumb"},"inLanguage":"ar","potentialAction":[{"@type":"ReadAction","target":["https:\/\/vitablanca.ma\/produit\/source-naturals-formule-dacides-amines-avancee-super-amino-night-120-capsule-marocs\/"]}]},{"@type":"ImageObject","inLanguage":"ar","@id":"https:\/\/vitablanca.ma\/produit\/source-naturals-formule-dacides-amines-avancee-super-amino-night-120-capsule-marocs\/#primaryimage","url":"https:\/\/vitablanca.ma\/wp-content\/uploads\/2025\/06\/source-naturals-formule-dacides-amines-avancee-super-.jpg","contentUrl":"https:\/\/vitablanca.ma\/wp-content\/uploads\/2025\/06\/source-naturals-formule-dacides-amines-avancee-super-.jpg","width":680,"height":680},{"@type":"BreadcrumbList","@id":"https:\/\/vitablanca.ma\/produit\/source-naturals-formule-dacides-amines-avancee-super-amino-night-120-capsule-marocs\/#breadcrumb","itemListElement":[{"@type":"ListItem","position":1,"name":"Home","item":"https:\/\/vitablanca.ma\/"},{"@type":"ListItem","position":2,"name":"Tous Les Produits","item":"https:\/\/vitablanca.ma\/tous-les-produits\/"},{"@type":"ListItem","position":3,"name":"Source Naturals Formule d&#8217;acides amin\u00e9s avanc\u00e9e Super amino night &#8211; 120 Capsules"}]},{"@type":"WebSite","@id":"https:\/\/vitablanca.ma\/#website","url":"https:\/\/vitablanca.ma\/","name":"VitaBlanca.ma | \u0627\u0644\u0645\u0643\u0645\u0644\u0627\u062a \u0627\u0644\u063a\u0630\u0627\u0626\u064a\u0629\u060c \u0627\u0644\u0635\u062d\u0629 \u0648\u0627\u0644\u062c\u0645\u0627\u0644 \u0641\u064a \u0627\u0644\u0645\u063a\u0631\u0628","description":"\u0646\u0628\u064a\u0639 \u0641\u064a\u062a\u0627\u0645\u064a\u0646\u0627\u062a \u0648\u0645\u0643\u0645\u0644\u0627\u062a \u063a\u0630\u0627\u0626\u064a\u0629 \u0641\u0627\u062e\u0631\u0629 \u0645\u0646 \u0627\u0644\u0648\u0644\u0627\u064a\u0627\u062a \u0627\u0644\u0645\u062a\u062d\u062f\u0629 \u0627\u0644\u0623\u0645\u0631\u064a\u0643\u064a\u0629 \u0648\u0643\u0646\u062f\u0627 \u0648\u0646\u064a\u0648\u0632\u064a\u0644\u0646\u062f\u0627 \u0648\u0627\u0644\u0645\u063a\u0631\u0628 (\u0646\u0627\u0648 \u0641\u0648\u062f\u0632\u060c \u0633\u0648\u0644\u062c\u0627\u0631\u060c \u0645\u0627\u0646\u0648\u0643\u0627). \u062a\u0648\u0635\u064a\u0644 \u0633\u0631\u064a\u0639 \u0625\u0644\u0649 \u062c\u0645\u064a\u0639 \u0623\u0646\u062d\u0627\u0621 \u0627\u0644\u0645\u063a\u0631\u0628.","publisher":{"@id":"https:\/\/vitablanca.ma\/#organization"},"alternateName":"VitaBlanca.ma","potentialAction":[{"@type":"SearchAction","target":{"@type":"EntryPoint","urlTemplate":"https:\/\/vitablanca.ma\/?s={search_term_string}"},"query-input":{"@type":"PropertyValueSpecification","valueRequired":true,"valueName":"search_term_string"}}],"inLanguage":"ar"},{"@type":"Organization","@id":"https:\/\/vitablanca.ma\/#organization","name":"\u0641\u064a\u062a\u0627\u0628\u0644\u0627\u0646\u0643\u0627","url":"https:\/\/vitablanca.ma\/","logo":{"@type":"ImageObject","inLanguage":"ar","@id":"https:\/\/vitablanca.ma\/#\/schema\/logo\/image\/","url":"https:\/\/vitablanca.ma\/wp-content\/uploads\/2025\/05\/cropped-vitablanca.png","contentUrl":"https:\/\/vitablanca.ma\/wp-content\/uploads\/2025\/05\/cropped-vitablanca.png","width":360,"height":67,"caption":"VitaBlanca"},"image":{"@id":"https:\/\/vitablanca.ma\/#\/schema\/logo\/image\/"},"sameAs":["https:\/\/www.facebook.com\/profile.php?id=61576678196717","https:\/\/www.tiktok.com\/@vitablanca.ma","https:\/\/www.instagram.com\/vitablanca.ma\/"]}]}},"jetpack_sharing_enabled":true,"_links":{"self":[{"href":"https:\/\/vitablanca.ma\/ar\/wp-json\/wp\/v2\/product\/22902","targetHints":{"allow":["GET"]}}],"collection":[{"href":"https:\/\/vitablanca.ma\/ar\/wp-json\/wp\/v2\/product"}],"about":[{"href":"https:\/\/vitablanca.ma\/ar\/wp-json\/wp\/v2\/types\/product"}],"wp:featuredmedia":[{"embeddable":true,"href":"https:\/\/vitablanca.ma\/ar\/wp-json\/wp\/v2\/media\/22904"}],"wp:attachment":[{"href":"https:\/\/vitablanca.ma\/ar\/wp-json\/wp\/v2\/media?parent=22902"}],"wp:term":[{"taxonomy":"product_brand","embeddable":true,"href":"https:\/\/vitablanca.ma\/ar\/wp-json\/wp\/v2\/product_brand?post=22902"},{"taxonomy":"product_cat","embeddable":true,"href":"https:\/\/vitablanca.ma\/ar\/wp-json\/wp\/v2\/product_cat?post=22902"},{"taxonomy":"product_tag","embeddable":true,"href":"https:\/\/vitablanca.ma\/ar\/wp-json\/wp\/v2\/product_tag?post=22902"}],"curies":[{"name":"wp","href":"https:\/\/api.w.org\/{rel}","templated":true}]}}