{"id":22895,"date":"2025-06-23T17:07:08","date_gmt":"2025-06-23T17:07:08","guid":{"rendered":"https:\/\/vitablanca.ma\/?post_type=product&#038;p=22895"},"modified":"2025-08-30T20:56:18","modified_gmt":"2025-08-30T20:56:18","slug":"source-naturals-selenium-de-l-selenomethionine-200-mcg-120-comprimes-maroc-maroc","status":"publish","type":"product","link":"https:\/\/vitablanca.ma\/ar\/product-2\/source-naturals-selenium-de-l-selenomethionine-200-mcg-120-comprimes-maroc-maroc\/","title":{"rendered":"\u0645\u0635\u062f\u0631 \u0637\u0628\u064a\u0639\u064a \u0644\u0644\u0633\u064a\u0644\u064a\u0646\u064a\u0648\u0645 \u0645\u0646 \u0625\u0644-\u0633\u064a\u0644\u064a\u0646\u0648\u0645\u064a\u062b\u064a\u0648\u0646\u064a\u0646\u060c 200 \u0645\u064a\u0643\u0631\u0648\u063a\u0631\u0627\u0645\u060c 120 \u0642\u0631\u0635\u064b\u0627"},"content":{"rendered":"<p>Le s\u00e9l\u00e9nium de Source\u00a0Naturals\u00a0est un min\u00e9ral antioxydant puissant.\u00a0Le s\u00e9l\u00e9nium de Source\u00a0Naturals\u00a0peut r\u00e9duire le risque de certains cancers.\u00a0Certaines preuves scientifiques sugg\u00e8rent que la consommation de s\u00e9l\u00e9nium Source\u00a0Naturals\u00a0peut r\u00e9duire le risque de certaines formes de cancer.\u00a0Cependant, la FDA a d\u00e9termin\u00e9 que ces preuves sont limit\u00e9es et non concluantes.\u00a0<\/p>","protected":false},"excerpt":{"rendered":"<ul>\n<li>Le s\u00e9l\u00e9nium de Source\u00a0Naturals\u00a0est un min\u00e9ral antioxydant puissant.<\/li>\n<li>\u00a0Le s\u00e9l\u00e9nium de Source\u00a0Naturals\u00a0peut r\u00e9duire le risque de certains cancers.<\/li>\n<li>\u00a0Cependant, la FDA a d\u00e9termin\u00e9 que ces preuves sont limit\u00e9es et non concluantes.<\/li>\n<li>\u0627\u0644\u062f\u0641\u0627\u0639 \u0627\u0644\u0645\u0636\u0627\u062f \u0644\u0644\u0623\u0643\u0633\u062f\u0629<\/li>\n<li>M\u00e9tabolisme \/ Hormones<\/li>\n<li>Circulation<\/li>\n<li>Immunitaire<\/li>\n<li>\u0645\u0646\u0627\u0633\u0628 \u0644\u0644\u0646\u0628\u0627\u062a\u064a\u064a\u0646<\/li>\n<li>\u0645\u0636\u0627\u062f \u0644\u0644\u062d\u0633\u0627\u0633\u064a\u0629<\/li>\n<li>Sans levure<\/li>\n<li>Sans produits laitiers\u00a0,\u00a0Sans\u00a0oeuf,Sans\u00a0gluten\u00a0,Sans\u00a0soja\u00a0,Sans\u00a0bl\u00e9\u00a0,Sans\u00a0sucre<\/li>\n<li>Pas de couleurs, de saveurs ou de parfums artificiels<\/li>\n<\/ul>","protected":false},"featured_media":22897,"template":"","meta":{"om_disable_all_campaigns":false},"product_brand":[405],"product_cat":[18,3366,163,758,19],"product_tag":[2905,2906,2904],"class_list":{"0":"post-22895","1":"product","2":"type-product","3":"status-publish","4":"has-post-thumbnail","6":"product_brand-source-naturals-prix-maroc","7":"product_cat-beaute-sante","8":"product_cat-complements-alimentaires-au-maroc-vitablanca","9":"product_cat-mineraux","10":"product_cat-selenium-mineraux","11":"product_cat-vitamines-supplements-dietetiques","12":"product_tag-l-selenomethionine-200mcg-maroc","13":"product_tag-sante-thyroidienne-selenium-soutien-immunitaire-selenium-maroc","14":"product_tag-source-naturals-selenium-maroc","16":"first","17":"instock","18":"taxable","19":"shipping-taxable","20":"purchasable","21":"product-type-simple"},"yoast_head":"<!-- This site is optimized with the Yoast SEO plugin v27.5 - https:\/\/yoast.com\/product\/yoast-seo-wordpress\/ -->\n<title>Source Naturals Selenium de L-s\u00e9l\u00e9nom\u00e9thionine 200 mcg - Maroc<\/title>\n<meta name=\"description\" content=\"Achetez Source Naturals S\u00e9l\u00e9nium de L-S\u00e9l\u00e9nom\u00e9thionine 200 mcg offrent une forme hautement biodisponible de s\u00e9l\u00e9nium pour un puissant soutien antioxydant\" \/>\n<meta name=\"robots\" content=\"index, follow, max-snippet:-1, max-image-preview:large, max-video-preview:-1\" \/>\n<link rel=\"canonical\" href=\"https:\/\/vitablanca.ma\/ar\/product-2\/source-naturals-selenium-de-l-selenomethionine-200-mcg-120-comprimes-maroc-maroc\/\" \/>\n<meta property=\"og:locale\" content=\"ar_AR\" \/>\n<meta property=\"og:type\" content=\"article\" \/>\n<meta property=\"og:title\" content=\"Source Naturals Selenium de L-s\u00e9l\u00e9nom\u00e9thionine 200 mcg - Maroc\" \/>\n<meta property=\"og:description\" content=\"Achetez Source Naturals S\u00e9l\u00e9nium de L-S\u00e9l\u00e9nom\u00e9thionine 200 mcg offrent une forme hautement biodisponible de s\u00e9l\u00e9nium pour un puissant soutien antioxydant\" \/>\n<meta property=\"og:url\" content=\"https:\/\/vitablanca.ma\/ar\/product-2\/source-naturals-selenium-de-l-selenomethionine-200-mcg-120-comprimes-maroc-maroc\/\" \/>\n<meta property=\"og:site_name\" content=\"Vitablanca.ma &ndash; Sant&eacute;, vitalit&eacute; et bien-&ecirc;tre pour tous les Marocains\" \/>\n<meta property=\"article:publisher\" content=\"https:\/\/www.facebook.com\/profile.php?id=61576678196717\" \/>\n<meta property=\"article:modified_time\" content=\"2025-08-30T20:56:18+00:00\" \/>\n<meta property=\"og:image\" content=\"https:\/\/vitablanca.ma\/wp-content\/uploads\/2025\/06\/source-naturals-selenium-de-l-selenomethionine-200-mcg-120-comprimes-1-1.jpg\" \/>\n\t<meta property=\"og:image:width\" content=\"680\" \/>\n\t<meta property=\"og:image:height\" content=\"680\" \/>\n\t<meta property=\"og:image:type\" content=\"image\/jpeg\" \/>\n<meta name=\"twitter:card\" content=\"summary_large_image\" \/>\n<meta name=\"twitter:label1\" content=\"\u0648\u0642\u062a \u0627\u0644\u0642\u0631\u0627\u0621\u0629 \u0627\u0644\u0645\u064f\u0642\u062f\u0651\u0631\" \/>\n\t<meta name=\"twitter:data1\" content=\"\u062f\u0642\u064a\u0642\u0629 \u0648\u0627\u062d\u062f\u0629\" \/>\n<script type=\"application\/ld+json\" class=\"yoast-schema-graph\">{\"@context\":\"https:\\\/\\\/schema.org\",\"@graph\":[{\"@type\":[\"WebPage\",\"ItemPage\"],\"@id\":\"https:\\\/\\\/vitablanca.ma\\\/produit\\\/source-naturals-selenium-de-l-selenomethionine-200-mcg-120-comprimes-maroc-maroc\\\/\",\"url\":\"https:\\\/\\\/vitablanca.ma\\\/produit\\\/source-naturals-selenium-de-l-selenomethionine-200-mcg-120-comprimes-maroc-maroc\\\/\",\"name\":\"Source Naturals Selenium de L-s\u00e9l\u00e9nom\u00e9thionine 200 mcg - Maroc\",\"isPartOf\":{\"@id\":\"https:\\\/\\\/vitablanca.ma\\\/#website\"},\"primaryImageOfPage\":{\"@id\":\"https:\\\/\\\/vitablanca.ma\\\/produit\\\/source-naturals-selenium-de-l-selenomethionine-200-mcg-120-comprimes-maroc-maroc\\\/#primaryimage\"},\"image\":{\"@id\":\"https:\\\/\\\/vitablanca.ma\\\/produit\\\/source-naturals-selenium-de-l-selenomethionine-200-mcg-120-comprimes-maroc-maroc\\\/#primaryimage\"},\"thumbnailUrl\":\"https:\\\/\\\/vitablanca.ma\\\/wp-content\\\/uploads\\\/2025\\\/06\\\/source-naturals-selenium-de-l-selenomethionine-200-mcg-120-comprimes-1-1.jpg\",\"datePublished\":\"2025-06-23T17:07:08+00:00\",\"dateModified\":\"2025-08-30T20:56:18+00:00\",\"description\":\"Achetez Source Naturals S\u00e9l\u00e9nium de L-S\u00e9l\u00e9nom\u00e9thionine 200 mcg offrent une forme hautement biodisponible de s\u00e9l\u00e9nium pour un puissant soutien antioxydant\",\"breadcrumb\":{\"@id\":\"https:\\\/\\\/vitablanca.ma\\\/produit\\\/source-naturals-selenium-de-l-selenomethionine-200-mcg-120-comprimes-maroc-maroc\\\/#breadcrumb\"},\"inLanguage\":\"ar\",\"potentialAction\":[{\"@type\":\"ReadAction\",\"target\":[\"https:\\\/\\\/vitablanca.ma\\\/produit\\\/source-naturals-selenium-de-l-selenomethionine-200-mcg-120-comprimes-maroc-maroc\\\/\"]}]},{\"@type\":\"ImageObject\",\"inLanguage\":\"ar\",\"@id\":\"https:\\\/\\\/vitablanca.ma\\\/produit\\\/source-naturals-selenium-de-l-selenomethionine-200-mcg-120-comprimes-maroc-maroc\\\/#primaryimage\",\"url\":\"https:\\\/\\\/vitablanca.ma\\\/wp-content\\\/uploads\\\/2025\\\/06\\\/source-naturals-selenium-de-l-selenomethionine-200-mcg-120-comprimes-1-1.jpg\",\"contentUrl\":\"https:\\\/\\\/vitablanca.ma\\\/wp-content\\\/uploads\\\/2025\\\/06\\\/source-naturals-selenium-de-l-selenomethionine-200-mcg-120-comprimes-1-1.jpg\",\"width\":680,\"height\":680},{\"@type\":\"BreadcrumbList\",\"@id\":\"https:\\\/\\\/vitablanca.ma\\\/produit\\\/source-naturals-selenium-de-l-selenomethionine-200-mcg-120-comprimes-maroc-maroc\\\/#breadcrumb\",\"itemListElement\":[{\"@type\":\"ListItem\",\"position\":1,\"name\":\"Home\",\"item\":\"https:\\\/\\\/vitablanca.ma\\\/\"},{\"@type\":\"ListItem\",\"position\":2,\"name\":\"Tous Les Produits\",\"item\":\"https:\\\/\\\/vitablanca.ma\\\/tous-les-produits\\\/\"},{\"@type\":\"ListItem\",\"position\":3,\"name\":\"Source Naturals Selenium de L-s\u00e9l\u00e9nom\u00e9thionine, 200 mcg, 120 comprim\u00e9s\"}]},{\"@type\":\"WebSite\",\"@id\":\"https:\\\/\\\/vitablanca.ma\\\/#website\",\"url\":\"https:\\\/\\\/vitablanca.ma\\\/\",\"name\":\"VitaBlanca.ma | Compl\u00e9ments alimentaires, sant\u00e9 & beaut\u00e9 au Maroc\",\"description\":\"vendre vitamines et compl\u00e9ments premium des USA &amp; Canada, Nouvelle Z\u00e9lande,Maroc (NOW Foods, Solgar, Manuka). Livraison rapide partout au Maroc.\",\"publisher\":{\"@id\":\"https:\\\/\\\/vitablanca.ma\\\/#organization\"},\"alternateName\":\"VitaBlanca.ma\",\"potentialAction\":[{\"@type\":\"SearchAction\",\"target\":{\"@type\":\"EntryPoint\",\"urlTemplate\":\"https:\\\/\\\/vitablanca.ma\\\/?s={search_term_string}\"},\"query-input\":{\"@type\":\"PropertyValueSpecification\",\"valueRequired\":true,\"valueName\":\"search_term_string\"}}],\"inLanguage\":\"ar\"},{\"@type\":\"Organization\",\"@id\":\"https:\\\/\\\/vitablanca.ma\\\/#organization\",\"name\":\"VitaBlanca\",\"url\":\"https:\\\/\\\/vitablanca.ma\\\/\",\"logo\":{\"@type\":\"ImageObject\",\"inLanguage\":\"ar\",\"@id\":\"https:\\\/\\\/vitablanca.ma\\\/#\\\/schema\\\/logo\\\/image\\\/\",\"url\":\"https:\\\/\\\/vitablanca.ma\\\/wp-content\\\/uploads\\\/2025\\\/05\\\/cropped-vitablanca.png\",\"contentUrl\":\"https:\\\/\\\/vitablanca.ma\\\/wp-content\\\/uploads\\\/2025\\\/05\\\/cropped-vitablanca.png\",\"width\":360,\"height\":67,\"caption\":\"VitaBlanca\"},\"image\":{\"@id\":\"https:\\\/\\\/vitablanca.ma\\\/#\\\/schema\\\/logo\\\/image\\\/\"},\"sameAs\":[\"https:\\\/\\\/www.facebook.com\\\/profile.php?id=61576678196717\",\"https:\\\/\\\/www.tiktok.com\\\/@vitablanca.ma\",\"https:\\\/\\\/www.instagram.com\\\/vitablanca.ma\\\/\"]}]}<\/script>\n<!-- \/ Yoast SEO plugin. -->","yoast_head_json":{"title":"Source Naturals Selenium de L-s\u00e9l\u00e9nom\u00e9thionine 200 mcg - Maroc","description":"Achetez Source Naturals S\u00e9l\u00e9nium de L-S\u00e9l\u00e9nom\u00e9thionine 200 mcg offrent une forme hautement biodisponible de s\u00e9l\u00e9nium pour un puissant soutien antioxydant","robots":{"index":"index","follow":"follow","max-snippet":"max-snippet:-1","max-image-preview":"max-image-preview:large","max-video-preview":"max-video-preview:-1"},"canonical":"https:\/\/vitablanca.ma\/ar\/product-2\/source-naturals-selenium-de-l-selenomethionine-200-mcg-120-comprimes-maroc-maroc\/","og_locale":"ar_AR","og_type":"article","og_title":"Source Naturals Selenium de L-s\u00e9l\u00e9nom\u00e9thionine 200 mcg - Maroc","og_description":"Achetez Source Naturals S\u00e9l\u00e9nium de L-S\u00e9l\u00e9nom\u00e9thionine 200 mcg offrent une forme hautement biodisponible de s\u00e9l\u00e9nium pour un puissant soutien antioxydant","og_url":"https:\/\/vitablanca.ma\/ar\/product-2\/source-naturals-selenium-de-l-selenomethionine-200-mcg-120-comprimes-maroc-maroc\/","og_site_name":"Vitablanca.ma &ndash; Sant&eacute;, vitalit&eacute; et bien-&ecirc;tre pour tous les Marocains","article_publisher":"https:\/\/www.facebook.com\/profile.php?id=61576678196717","article_modified_time":"2025-08-30T20:56:18+00:00","og_image":[{"width":680,"height":680,"url":"https:\/\/vitablanca.ma\/wp-content\/uploads\/2025\/06\/source-naturals-selenium-de-l-selenomethionine-200-mcg-120-comprimes-1-1.jpg","type":"image\/jpeg"}],"twitter_card":"summary_large_image","twitter_misc":{"\u0648\u0642\u062a \u0627\u0644\u0642\u0631\u0627\u0621\u0629 \u0627\u0644\u0645\u064f\u0642\u062f\u0651\u0631":"\u062f\u0642\u064a\u0642\u0629 \u0648\u0627\u062d\u062f\u0629"},"schema":{"@context":"https:\/\/schema.org","@graph":[{"@type":["WebPage","ItemPage"],"@id":"https:\/\/vitablanca.ma\/produit\/source-naturals-selenium-de-l-selenomethionine-200-mcg-120-comprimes-maroc-maroc\/","url":"https:\/\/vitablanca.ma\/produit\/source-naturals-selenium-de-l-selenomethionine-200-mcg-120-comprimes-maroc-maroc\/","name":"Source Naturals Selenium de L-s\u00e9l\u00e9nom\u00e9thionine 200 mcg - Maroc","isPartOf":{"@id":"https:\/\/vitablanca.ma\/#website"},"primaryImageOfPage":{"@id":"https:\/\/vitablanca.ma\/produit\/source-naturals-selenium-de-l-selenomethionine-200-mcg-120-comprimes-maroc-maroc\/#primaryimage"},"image":{"@id":"https:\/\/vitablanca.ma\/produit\/source-naturals-selenium-de-l-selenomethionine-200-mcg-120-comprimes-maroc-maroc\/#primaryimage"},"thumbnailUrl":"https:\/\/vitablanca.ma\/wp-content\/uploads\/2025\/06\/source-naturals-selenium-de-l-selenomethionine-200-mcg-120-comprimes-1-1.jpg","datePublished":"2025-06-23T17:07:08+00:00","dateModified":"2025-08-30T20:56:18+00:00","description":"Achetez Source Naturals S\u00e9l\u00e9nium de L-S\u00e9l\u00e9nom\u00e9thionine 200 mcg offrent une forme hautement biodisponible de s\u00e9l\u00e9nium pour un puissant soutien antioxydant","breadcrumb":{"@id":"https:\/\/vitablanca.ma\/produit\/source-naturals-selenium-de-l-selenomethionine-200-mcg-120-comprimes-maroc-maroc\/#breadcrumb"},"inLanguage":"ar","potentialAction":[{"@type":"ReadAction","target":["https:\/\/vitablanca.ma\/produit\/source-naturals-selenium-de-l-selenomethionine-200-mcg-120-comprimes-maroc-maroc\/"]}]},{"@type":"ImageObject","inLanguage":"ar","@id":"https:\/\/vitablanca.ma\/produit\/source-naturals-selenium-de-l-selenomethionine-200-mcg-120-comprimes-maroc-maroc\/#primaryimage","url":"https:\/\/vitablanca.ma\/wp-content\/uploads\/2025\/06\/source-naturals-selenium-de-l-selenomethionine-200-mcg-120-comprimes-1-1.jpg","contentUrl":"https:\/\/vitablanca.ma\/wp-content\/uploads\/2025\/06\/source-naturals-selenium-de-l-selenomethionine-200-mcg-120-comprimes-1-1.jpg","width":680,"height":680},{"@type":"BreadcrumbList","@id":"https:\/\/vitablanca.ma\/produit\/source-naturals-selenium-de-l-selenomethionine-200-mcg-120-comprimes-maroc-maroc\/#breadcrumb","itemListElement":[{"@type":"ListItem","position":1,"name":"Home","item":"https:\/\/vitablanca.ma\/"},{"@type":"ListItem","position":2,"name":"Tous Les Produits","item":"https:\/\/vitablanca.ma\/tous-les-produits\/"},{"@type":"ListItem","position":3,"name":"Source Naturals Selenium de L-s\u00e9l\u00e9nom\u00e9thionine, 200 mcg, 120 comprim\u00e9s"}]},{"@type":"WebSite","@id":"https:\/\/vitablanca.ma\/#website","url":"https:\/\/vitablanca.ma\/","name":"VitaBlanca.ma | \u0627\u0644\u0645\u0643\u0645\u0644\u0627\u062a \u0627\u0644\u063a\u0630\u0627\u0626\u064a\u0629\u060c \u0627\u0644\u0635\u062d\u0629 \u0648\u0627\u0644\u062c\u0645\u0627\u0644 \u0641\u064a \u0627\u0644\u0645\u063a\u0631\u0628","description":"\u0646\u0628\u064a\u0639 \u0641\u064a\u062a\u0627\u0645\u064a\u0646\u0627\u062a \u0648\u0645\u0643\u0645\u0644\u0627\u062a \u063a\u0630\u0627\u0626\u064a\u0629 \u0641\u0627\u062e\u0631\u0629 \u0645\u0646 \u0627\u0644\u0648\u0644\u0627\u064a\u0627\u062a \u0627\u0644\u0645\u062a\u062d\u062f\u0629 \u0627\u0644\u0623\u0645\u0631\u064a\u0643\u064a\u0629 \u0648\u0643\u0646\u062f\u0627 \u0648\u0646\u064a\u0648\u0632\u064a\u0644\u0646\u062f\u0627 \u0648\u0627\u0644\u0645\u063a\u0631\u0628 (\u0646\u0627\u0648 \u0641\u0648\u062f\u0632\u060c \u0633\u0648\u0644\u062c\u0627\u0631\u060c \u0645\u0627\u0646\u0648\u0643\u0627). \u062a\u0648\u0635\u064a\u0644 \u0633\u0631\u064a\u0639 \u0625\u0644\u0649 \u062c\u0645\u064a\u0639 \u0623\u0646\u062d\u0627\u0621 \u0627\u0644\u0645\u063a\u0631\u0628.","publisher":{"@id":"https:\/\/vitablanca.ma\/#organization"},"alternateName":"VitaBlanca.ma","potentialAction":[{"@type":"SearchAction","target":{"@type":"EntryPoint","urlTemplate":"https:\/\/vitablanca.ma\/?s={search_term_string}"},"query-input":{"@type":"PropertyValueSpecification","valueRequired":true,"valueName":"search_term_string"}}],"inLanguage":"ar"},{"@type":"Organization","@id":"https:\/\/vitablanca.ma\/#organization","name":"\u0641\u064a\u062a\u0627\u0628\u0644\u0627\u0646\u0643\u0627","url":"https:\/\/vitablanca.ma\/","logo":{"@type":"ImageObject","inLanguage":"ar","@id":"https:\/\/vitablanca.ma\/#\/schema\/logo\/image\/","url":"https:\/\/vitablanca.ma\/wp-content\/uploads\/2025\/05\/cropped-vitablanca.png","contentUrl":"https:\/\/vitablanca.ma\/wp-content\/uploads\/2025\/05\/cropped-vitablanca.png","width":360,"height":67,"caption":"VitaBlanca"},"image":{"@id":"https:\/\/vitablanca.ma\/#\/schema\/logo\/image\/"},"sameAs":["https:\/\/www.facebook.com\/profile.php?id=61576678196717","https:\/\/www.tiktok.com\/@vitablanca.ma","https:\/\/www.instagram.com\/vitablanca.ma\/"]}]}},"jetpack_sharing_enabled":true,"_links":{"self":[{"href":"https:\/\/vitablanca.ma\/ar\/wp-json\/wp\/v2\/product\/22895","targetHints":{"allow":["GET"]}}],"collection":[{"href":"https:\/\/vitablanca.ma\/ar\/wp-json\/wp\/v2\/product"}],"about":[{"href":"https:\/\/vitablanca.ma\/ar\/wp-json\/wp\/v2\/types\/product"}],"wp:featuredmedia":[{"embeddable":true,"href":"https:\/\/vitablanca.ma\/ar\/wp-json\/wp\/v2\/media\/22897"}],"wp:attachment":[{"href":"https:\/\/vitablanca.ma\/ar\/wp-json\/wp\/v2\/media?parent=22895"}],"wp:term":[{"taxonomy":"product_brand","embeddable":true,"href":"https:\/\/vitablanca.ma\/ar\/wp-json\/wp\/v2\/product_brand?post=22895"},{"taxonomy":"product_cat","embeddable":true,"href":"https:\/\/vitablanca.ma\/ar\/wp-json\/wp\/v2\/product_cat?post=22895"},{"taxonomy":"product_tag","embeddable":true,"href":"https:\/\/vitablanca.ma\/ar\/wp-json\/wp\/v2\/product_tag?post=22895"}],"curies":[{"name":"wp","href":"https:\/\/api.w.org\/{rel}","templated":true}]}}