{"id":22832,"date":"2025-06-22T15:41:09","date_gmt":"2025-06-22T15:41:09","guid":{"rendered":"https:\/\/vitablanca.ma\/?post_type=product&#038;p=22832"},"modified":"2026-03-24T20:40:57","modified_gmt":"2026-03-24T20:40:57","slug":"naturesplus-gi-natural-probiotic-mega-megaprobiotiques-120-billion-cfu-30-capsules-maroc-prix","status":"publish","type":"product","link":"https:\/\/vitablanca.ma\/ar\/product-2\/naturesplus-gi-natural-probiotic-mega-megaprobiotiques-120-billion-cfu-30-capsules-maroc-prix\/","title":{"rendered":"\u0646\u0627\u062a\u0634\u0631\u0632 \u0628\u0644\u0633 \u062c\u064a \u0622\u064a \u0628\u0631\u0648\u0628\u064a\u0648\u062a\u064a\u0643 \u0645\u064a\u062c\u0627 \u0627\u0644\u0637\u0628\u064a\u0639\u064a\u060c 120 \u0645\u0644\u064a\u0627\u0631 \u0648\u062d\u062f\u0629 \u062a\u0634\u0643\u064a\u0644 \u0645\u0633\u062a\u0639\u0645\u0631\u0629\u060c 30 \u0643\u0628\u0633\u0648\u0644\u0629"},"content":{"rendered":"<p>35 souchesProfitez du nec plus ultra pour la sant\u00e9 de l&rsquo;appareil digestif &amp; du syst\u00e8me immunitaireSans r\u00e9frig\u00e9ration n\u00e9cessaireCompl\u00e9ment alimentaireSans gluten\u00a0\u00a0Les m\u00e9gaprobiotiques GI Natural de NaturesPlus apportent 120 milliards de bact\u00e9ries probiotiques vivantes sous la forme d&rsquo;un m\u00e9lange soigneusement formul\u00e9 de 35 souches distinctes et saines qui favorisent et am\u00e9liorent le bien-\u00eatre et la vitalit\u00e9 corporelles en g\u00e9n\u00e9ral.Les m\u00e9gaprobiotiques GI Natural favorisent et \u00e9quilibrent l&rsquo;appareil digestif tout entier, de la sant\u00e9 bucco-dentaire \u00e0 l&rsquo;indispensable microbiome intestinal. Sp\u00e9cialement cultiv\u00e9s pour votre bien-\u00eatre et votre sant\u00e9, les m\u00e9gaprobiotiques GI Natural apportent la totalit\u00e9 de l&rsquo;activit\u00e9 probiotique n\u00e9cessaire pour atteindre une sant\u00e9 optimale.\u00a0\u00a0\u00a0120 milliards de bact\u00e9ries probiotiques vivantes\u00a0Formule avec des souches ayant fait l&rsquo;objet de recherches cliniques35 souches probiotiques distinctesM\u00e9lange pour renforcer le microbiomePotentialis\u00e9 avec la puissance des pr\u00e9biotiques\u00a0<br \/>\u00a0\u00a0\u0627\u0644\u0627\u0633\u062a\u062e\u062f\u0627\u0645 \u0627\u0644\u0645\u0642\u062a\u0631\u062d\u00a0<br \/>\u00a0En compl\u00e9ment alimentaire, prenez 1 capsule par jour ou suivez les instructions d&rsquo;un professionnel de la sant\u00e9.\u00a0\u00a0\u00a0Autres ingr\u00e9dients\u00a0\u00a0<br \/>\u0633\u0644\u064a\u0644\u0648\u0632 \u0646\u0628\u0627\u062a\u064a\u060c \u0628\u0631\u0648\u062a\u064a\u0646 \u0623\u0631\u0632\u060c \u0633\u064a\u0644\u064a\u0643\u0627. \u062e\u0627\u0644\u064d \u0645\u0646 \u0633\u062a\u064a\u0631\u0627\u062a \u0627\u0644\u0645\u063a\u0646\u064a\u0633\u064a\u0648\u0645. \u062e\u0627\u0644\u064d \u0645\u0646 \u062c\u0645\u064a\u0639 \u0645\u0633\u0628\u0628\u0627\u062a \u0627\u0644\u062d\u0633\u0627\u0633\u064a\u0629 \u0627\u0644\u0631\u0626\u064a\u0633\u064a\u0629 \u0627\u0644\u0645\u064f\u0643\u062a\u0634\u0641\u0629 \u0641\u064a \u0627\u0644\u0648\u0644\u0627\u064a\u0627\u062a \u0627\u0644\u0645\u062a\u062d\u062f\u0629. \u0645\u064f\u0637\u0627\u0628\u0642 \u0644\u0642\u0627\u0646\u0648\u0646 \u062a\u0635\u0646\u064a\u0641 \u0645\u0633\u0628\u0628\u0627\u062a \u0627\u0644\u062d\u0633\u0627\u0633\u064a\u0629 \u0627\u0644\u063a\u0630\u0627\u0626\u064a\u0629 \u0648\u062d\u0645\u0627\u064a\u0629 \u0627\u0644\u0645\u0633\u062a\u0647\u0644\u0643.\u00a0<br \/>\u00a0Avertissements\u00a0\u00a0\u00a0Conserver herm\u00e9tiquement dans un endroit frais et sec.\u00a0Tenir hors de port\u00e9e des enfants.<\/p>\r\n\r\n\r\n\r\n<p>\u2022\u00a0120\u00a0milliards de bact\u00e9ries probiotiques vivantes<\/p>\r\n\r\n\r\n\r\n<p>\u2022\u00a0Formule avec des souches ayant fait l&rsquo;objet de recherches cliniques<\/p>\r\n\r\n\r\n\r\n<p>\u2022\u00a035\u00a0souches probiotiques distinctes<\/p>\r\n\r\n\r\n\r\n<p>\u2022\u00a0M\u00e9lange pour renforcer le microbiome<\/p>\r\n\r\n\r\n\r\n<p>\u2022\u00a0Potentialis\u00e9 avec la puissance des pr\u00e9biotiques<\/p>","protected":false},"excerpt":{"rendered":"<ul>\n<li><span style=\"font-size: small;\">\u062a\u0635\u0646\u064a\u0641 \u0627\u0644\u0645\u0646\u062a\u062c:<\/span><\/li>\n<li><span style=\"font-size: small;\">#44 \u0639\u0646 \u0627\u0644\u0628\u0631\u0648\u0628\u064a\u0648\u062a\u064a\u0643<\/span><\/li>\n<li><span style=\"font-size: small;\">#129 \u0641\u064a \u062f\u0639\u0645 \u0627\u0644\u062c\u0647\u0627\u0632 \u0627\u0644\u0647\u0636\u0645\u064a<\/span><\/li>\n<li><span style=\"font-size: small;\">\u0631\u0642\u0645 1438 \u0628\u0634\u0623\u0646 \u0627\u0644\u0645\u0643\u0645\u0644\u0627\u062a<\/span><\/li>\n<\/ul>","protected":false},"featured_media":27602,"template":"","meta":{"om_disable_all_campaigns":false},"product_brand":[2884],"product_cat":[18,3366,2847,20,280,19],"product_tag":[2885,2889],"class_list":{"0":"post-22832","1":"product","2":"type-product","3":"status-publish","4":"has-post-thumbnail","6":"product_brand-natures-plus","7":"product_cat-beaute-sante","8":"product_cat-complements-alimentaires-au-maroc-vitablanca","9":"product_cat-probiotiques","10":"product_cat-supplements","11":"product_cat-supplements-digestifs","12":"product_cat-vitamines-supplements-dietetiques","13":"product_tag-naturesplus","14":"product_tag-supplements-digestifs","16":"first","17":"outofstock","18":"sale","19":"taxable","20":"shipping-taxable","21":"purchasable","22":"product-type-simple"},"yoast_head":"<!-- This site is optimized with the Yoast SEO plugin v27.4 - https:\/\/yoast.com\/product\/yoast-seo-wordpress\/ -->\n<title>NaturesPlus GI Natural Probiotic Mega, 120 Milliards - Maroc Prix<\/title>\n<meta name=\"description\" content=\"Achetez NaturesPlus GI Natural Probiotic Mega Maroc. 30 capsules offrent 120 milliards d&#039;UFC et 35 souches pour un soutien digestif et immunitaire optimal.\" \/>\n<meta name=\"robots\" content=\"index, follow, max-snippet:-1, max-image-preview:large, max-video-preview:-1\" \/>\n<link rel=\"canonical\" href=\"https:\/\/vitablanca.ma\/ar\/product-2\/naturesplus-gi-natural-probiotic-mega-megaprobiotiques-120-billion-cfu-30-capsules-maroc-prix\/\" \/>\n<meta property=\"og:locale\" content=\"ar_AR\" \/>\n<meta property=\"og:type\" content=\"article\" \/>\n<meta property=\"og:title\" content=\"NaturesPlus GI Natural Probiotic Mega, 120 Milliards - Maroc Prix\" \/>\n<meta property=\"og:description\" content=\"Achetez NaturesPlus GI Natural Probiotic Mega Maroc. 30 capsules offrent 120 milliards d&#039;UFC et 35 souches pour un soutien digestif et immunitaire optimal.\" \/>\n<meta property=\"og:url\" content=\"https:\/\/vitablanca.ma\/ar\/product-2\/naturesplus-gi-natural-probiotic-mega-megaprobiotiques-120-billion-cfu-30-capsules-maroc-prix\/\" \/>\n<meta property=\"og:site_name\" content=\"Vitablanca.ma &ndash; Sant&eacute;, vitalit&eacute; et bien-&ecirc;tre pour tous les Marocains\" \/>\n<meta property=\"article:publisher\" content=\"https:\/\/www.facebook.com\/profile.php?id=61576678196717\" \/>\n<meta property=\"article:modified_time\" content=\"2026-03-24T20:40:57+00:00\" \/>\n<meta property=\"og:image\" content=\"https:\/\/vitablanca.ma\/wp-content\/uploads\/2025\/06\/Magnesium_2024_1400_x787_002.jpg\" \/>\n\t<meta property=\"og:image:width\" content=\"950\" \/>\n\t<meta property=\"og:image:height\" content=\"534\" \/>\n\t<meta property=\"og:image:type\" content=\"image\/jpeg\" \/>\n<meta name=\"twitter:card\" content=\"summary_large_image\" \/>\n<meta name=\"twitter:label1\" content=\"\u0648\u0642\u062a \u0627\u0644\u0642\u0631\u0627\u0621\u0629 \u0627\u0644\u0645\u064f\u0642\u062f\u0651\u0631\" \/>\n\t<meta name=\"twitter:data1\" content=\"\u062f\u0642\u064a\u0642\u062a\u0627\u0646\" \/>\n<script type=\"application\/ld+json\" class=\"yoast-schema-graph\">{\"@context\":\"https:\\\/\\\/schema.org\",\"@graph\":[{\"@type\":[\"WebPage\",\"ItemPage\"],\"@id\":\"https:\\\/\\\/vitablanca.ma\\\/produit\\\/naturesplus-gi-natural-probiotic-mega-megaprobiotiques-120-billion-cfu-30-capsules-maroc-prix\\\/\",\"url\":\"https:\\\/\\\/vitablanca.ma\\\/produit\\\/naturesplus-gi-natural-probiotic-mega-megaprobiotiques-120-billion-cfu-30-capsules-maroc-prix\\\/\",\"name\":\"NaturesPlus GI Natural Probiotic Mega, 120 Milliards - Maroc Prix\",\"isPartOf\":{\"@id\":\"https:\\\/\\\/vitablanca.ma\\\/#website\"},\"primaryImageOfPage\":{\"@id\":\"https:\\\/\\\/vitablanca.ma\\\/produit\\\/naturesplus-gi-natural-probiotic-mega-megaprobiotiques-120-billion-cfu-30-capsules-maroc-prix\\\/#primaryimage\"},\"image\":{\"@id\":\"https:\\\/\\\/vitablanca.ma\\\/produit\\\/naturesplus-gi-natural-probiotic-mega-megaprobiotiques-120-billion-cfu-30-capsules-maroc-prix\\\/#primaryimage\"},\"thumbnailUrl\":\"https:\\\/\\\/vitablanca.ma\\\/wp-content\\\/uploads\\\/2025\\\/06\\\/43.avif\",\"datePublished\":\"2025-06-22T15:41:09+00:00\",\"dateModified\":\"2026-03-24T20:40:57+00:00\",\"description\":\"Achetez NaturesPlus GI Natural Probiotic Mega Maroc. 30 capsules offrent 120 milliards d'UFC et 35 souches pour un soutien digestif et immunitaire optimal.\",\"breadcrumb\":{\"@id\":\"https:\\\/\\\/vitablanca.ma\\\/produit\\\/naturesplus-gi-natural-probiotic-mega-megaprobiotiques-120-billion-cfu-30-capsules-maroc-prix\\\/#breadcrumb\"},\"inLanguage\":\"ar\",\"potentialAction\":[{\"@type\":\"ReadAction\",\"target\":[\"https:\\\/\\\/vitablanca.ma\\\/produit\\\/naturesplus-gi-natural-probiotic-mega-megaprobiotiques-120-billion-cfu-30-capsules-maroc-prix\\\/\"]}]},{\"@type\":\"ImageObject\",\"inLanguage\":\"ar\",\"@id\":\"https:\\\/\\\/vitablanca.ma\\\/produit\\\/naturesplus-gi-natural-probiotic-mega-megaprobiotiques-120-billion-cfu-30-capsules-maroc-prix\\\/#primaryimage\",\"url\":\"https:\\\/\\\/vitablanca.ma\\\/wp-content\\\/uploads\\\/2025\\\/06\\\/43.avif\",\"contentUrl\":\"https:\\\/\\\/vitablanca.ma\\\/wp-content\\\/uploads\\\/2025\\\/06\\\/43.avif\",\"width\":1600,\"height\":1600,\"caption\":\"naturesplus-gi-natural-probiotic-mega-120-billion-cfu-30-capsules\"},{\"@type\":\"BreadcrumbList\",\"@id\":\"https:\\\/\\\/vitablanca.ma\\\/produit\\\/naturesplus-gi-natural-probiotic-mega-megaprobiotiques-120-billion-cfu-30-capsules-maroc-prix\\\/#breadcrumb\",\"itemListElement\":[{\"@type\":\"ListItem\",\"position\":1,\"name\":\"Home\",\"item\":\"https:\\\/\\\/vitablanca.ma\\\/\"},{\"@type\":\"ListItem\",\"position\":2,\"name\":\"Tous Les Produits\",\"item\":\"https:\\\/\\\/vitablanca.ma\\\/tous-les-produits\\\/\"},{\"@type\":\"ListItem\",\"position\":3,\"name\":\"NaturesPlus GI Natural Probiotic Mega ( M\u00e9gaprobiotiques ), 120 Billion CFU, 30 Capsules\"}]},{\"@type\":\"WebSite\",\"@id\":\"https:\\\/\\\/vitablanca.ma\\\/#website\",\"url\":\"https:\\\/\\\/vitablanca.ma\\\/\",\"name\":\"VitaBlanca.ma | Compl\u00e9ments alimentaires, sant\u00e9 & beaut\u00e9 au Maroc\",\"description\":\"vendre vitamines et compl\u00e9ments premium des USA &amp; Canada, Nouvelle Z\u00e9lande,Maroc (NOW Foods, Solgar, Manuka). Livraison rapide partout au Maroc.\",\"publisher\":{\"@id\":\"https:\\\/\\\/vitablanca.ma\\\/#organization\"},\"alternateName\":\"VitaBlanca.ma\",\"potentialAction\":[{\"@type\":\"SearchAction\",\"target\":{\"@type\":\"EntryPoint\",\"urlTemplate\":\"https:\\\/\\\/vitablanca.ma\\\/?s={search_term_string}\"},\"query-input\":{\"@type\":\"PropertyValueSpecification\",\"valueRequired\":true,\"valueName\":\"search_term_string\"}}],\"inLanguage\":\"ar\"},{\"@type\":\"Organization\",\"@id\":\"https:\\\/\\\/vitablanca.ma\\\/#organization\",\"name\":\"VitaBlanca\",\"url\":\"https:\\\/\\\/vitablanca.ma\\\/\",\"logo\":{\"@type\":\"ImageObject\",\"inLanguage\":\"ar\",\"@id\":\"https:\\\/\\\/vitablanca.ma\\\/#\\\/schema\\\/logo\\\/image\\\/\",\"url\":\"https:\\\/\\\/vitablanca.ma\\\/wp-content\\\/uploads\\\/2025\\\/05\\\/cropped-vitablanca.png\",\"contentUrl\":\"https:\\\/\\\/vitablanca.ma\\\/wp-content\\\/uploads\\\/2025\\\/05\\\/cropped-vitablanca.png\",\"width\":360,\"height\":67,\"caption\":\"VitaBlanca\"},\"image\":{\"@id\":\"https:\\\/\\\/vitablanca.ma\\\/#\\\/schema\\\/logo\\\/image\\\/\"},\"sameAs\":[\"https:\\\/\\\/www.facebook.com\\\/profile.php?id=61576678196717\",\"https:\\\/\\\/www.tiktok.com\\\/@vitablanca.ma\",\"https:\\\/\\\/www.instagram.com\\\/vitablanca.ma\\\/\"]}]}<\/script>\n<!-- \/ Yoast SEO plugin. -->","yoast_head_json":{"title":"NaturesPlus GI Natural Probiotic Mega\u060c 120 \u0645\u0644\u064a\u0627\u0631 - \u0633\u0639\u0631 \u0627\u0644\u0645\u063a\u0631\u0628","description":"\u0627\u0634\u062a\u0631\u064a NaturesPlus GI Natural Probiotic Mega Morocco. \u062a\u0648\u0641\u0631 30 \u0643\u0628\u0633\u0648\u0644\u0629 120 \u0645\u0644\u064a\u0627\u0631 \u0648\u062d\u062f\u0629 CFU \u064835 \u0633\u0644\u0627\u0644\u0629 \u0644\u062f\u0639\u0645 \u0627\u0644\u062c\u0647\u0627\u0632 \u0627\u0644\u0647\u0636\u0645\u064a \u0648\u0627\u0644\u0645\u0646\u0627\u0639\u064a \u0627\u0644\u0623\u0645\u062b\u0644.","robots":{"index":"index","follow":"follow","max-snippet":"max-snippet:-1","max-image-preview":"max-image-preview:large","max-video-preview":"max-video-preview:-1"},"canonical":"https:\/\/vitablanca.ma\/ar\/product-2\/naturesplus-gi-natural-probiotic-mega-megaprobiotiques-120-billion-cfu-30-capsules-maroc-prix\/","og_locale":"ar_AR","og_type":"article","og_title":"NaturesPlus GI Natural Probiotic Mega, 120 Milliards - Maroc Prix","og_description":"Achetez NaturesPlus GI Natural Probiotic Mega Maroc. 30 capsules offrent 120 milliards d'UFC et 35 souches pour un soutien digestif et immunitaire optimal.","og_url":"https:\/\/vitablanca.ma\/ar\/product-2\/naturesplus-gi-natural-probiotic-mega-megaprobiotiques-120-billion-cfu-30-capsules-maroc-prix\/","og_site_name":"Vitablanca.ma &ndash; Sant&eacute;, vitalit&eacute; et bien-&ecirc;tre pour tous les Marocains","article_publisher":"https:\/\/www.facebook.com\/profile.php?id=61576678196717","article_modified_time":"2026-03-24T20:40:57+00:00","og_image":[{"width":950,"height":534,"url":"https:\/\/vitablanca.ma\/wp-content\/uploads\/2025\/06\/Magnesium_2024_1400_x787_002.jpg","type":"image\/jpeg"}],"twitter_card":"summary_large_image","twitter_misc":{"\u0648\u0642\u062a \u0627\u0644\u0642\u0631\u0627\u0621\u0629 \u0627\u0644\u0645\u064f\u0642\u062f\u0651\u0631":"\u062f\u0642\u064a\u0642\u062a\u0627\u0646"},"schema":{"@context":"https:\/\/schema.org","@graph":[{"@type":["WebPage","ItemPage"],"@id":"https:\/\/vitablanca.ma\/produit\/naturesplus-gi-natural-probiotic-mega-megaprobiotiques-120-billion-cfu-30-capsules-maroc-prix\/","url":"https:\/\/vitablanca.ma\/produit\/naturesplus-gi-natural-probiotic-mega-megaprobiotiques-120-billion-cfu-30-capsules-maroc-prix\/","name":"NaturesPlus GI Natural Probiotic Mega\u060c 120 \u0645\u0644\u064a\u0627\u0631 - \u0633\u0639\u0631 \u0627\u0644\u0645\u063a\u0631\u0628","isPartOf":{"@id":"https:\/\/vitablanca.ma\/#website"},"primaryImageOfPage":{"@id":"https:\/\/vitablanca.ma\/produit\/naturesplus-gi-natural-probiotic-mega-megaprobiotiques-120-billion-cfu-30-capsules-maroc-prix\/#primaryimage"},"image":{"@id":"https:\/\/vitablanca.ma\/produit\/naturesplus-gi-natural-probiotic-mega-megaprobiotiques-120-billion-cfu-30-capsules-maroc-prix\/#primaryimage"},"thumbnailUrl":"https:\/\/vitablanca.ma\/wp-content\/uploads\/2025\/06\/43.avif","datePublished":"2025-06-22T15:41:09+00:00","dateModified":"2026-03-24T20:40:57+00:00","description":"\u0627\u0634\u062a\u0631\u064a NaturesPlus GI Natural Probiotic Mega Morocco. \u062a\u0648\u0641\u0631 30 \u0643\u0628\u0633\u0648\u0644\u0629 120 \u0645\u0644\u064a\u0627\u0631 \u0648\u062d\u062f\u0629 CFU \u064835 \u0633\u0644\u0627\u0644\u0629 \u0644\u062f\u0639\u0645 \u0627\u0644\u062c\u0647\u0627\u0632 \u0627\u0644\u0647\u0636\u0645\u064a \u0648\u0627\u0644\u0645\u0646\u0627\u0639\u064a \u0627\u0644\u0623\u0645\u062b\u0644.","breadcrumb":{"@id":"https:\/\/vitablanca.ma\/produit\/naturesplus-gi-natural-probiotic-mega-megaprobiotiques-120-billion-cfu-30-capsules-maroc-prix\/#breadcrumb"},"inLanguage":"ar","potentialAction":[{"@type":"ReadAction","target":["https:\/\/vitablanca.ma\/produit\/naturesplus-gi-natural-probiotic-mega-megaprobiotiques-120-billion-cfu-30-capsules-maroc-prix\/"]}]},{"@type":"ImageObject","inLanguage":"ar","@id":"https:\/\/vitablanca.ma\/produit\/naturesplus-gi-natural-probiotic-mega-megaprobiotiques-120-billion-cfu-30-capsules-maroc-prix\/#primaryimage","url":"https:\/\/vitablanca.ma\/wp-content\/uploads\/2025\/06\/43.avif","contentUrl":"https:\/\/vitablanca.ma\/wp-content\/uploads\/2025\/06\/43.avif","width":1600,"height":1600,"caption":"naturesplus-gi-natural-probiotic-mega-120-billion-cfu-30-capsules"},{"@type":"BreadcrumbList","@id":"https:\/\/vitablanca.ma\/produit\/naturesplus-gi-natural-probiotic-mega-megaprobiotiques-120-billion-cfu-30-capsules-maroc-prix\/#breadcrumb","itemListElement":[{"@type":"ListItem","position":1,"name":"Home","item":"https:\/\/vitablanca.ma\/"},{"@type":"ListItem","position":2,"name":"Tous Les Produits","item":"https:\/\/vitablanca.ma\/tous-les-produits\/"},{"@type":"ListItem","position":3,"name":"NaturesPlus GI Natural Probiotic Mega ( M\u00e9gaprobiotiques ), 120 Billion CFU, 30 Capsules"}]},{"@type":"WebSite","@id":"https:\/\/vitablanca.ma\/#website","url":"https:\/\/vitablanca.ma\/","name":"VitaBlanca.ma | \u0627\u0644\u0645\u0643\u0645\u0644\u0627\u062a \u0627\u0644\u063a\u0630\u0627\u0626\u064a\u0629\u060c \u0627\u0644\u0635\u062d\u0629 \u0648\u0627\u0644\u062c\u0645\u0627\u0644 \u0641\u064a \u0627\u0644\u0645\u063a\u0631\u0628","description":"\u0646\u0628\u064a\u0639 \u0641\u064a\u062a\u0627\u0645\u064a\u0646\u0627\u062a \u0648\u0645\u0643\u0645\u0644\u0627\u062a \u063a\u0630\u0627\u0626\u064a\u0629 \u0641\u0627\u062e\u0631\u0629 \u0645\u0646 \u0627\u0644\u0648\u0644\u0627\u064a\u0627\u062a \u0627\u0644\u0645\u062a\u062d\u062f\u0629 \u0627\u0644\u0623\u0645\u0631\u064a\u0643\u064a\u0629 \u0648\u0643\u0646\u062f\u0627 \u0648\u0646\u064a\u0648\u0632\u064a\u0644\u0646\u062f\u0627 \u0648\u0627\u0644\u0645\u063a\u0631\u0628 (\u0646\u0627\u0648 \u0641\u0648\u062f\u0632\u060c \u0633\u0648\u0644\u062c\u0627\u0631\u060c \u0645\u0627\u0646\u0648\u0643\u0627). \u062a\u0648\u0635\u064a\u0644 \u0633\u0631\u064a\u0639 \u0625\u0644\u0649 \u062c\u0645\u064a\u0639 \u0623\u0646\u062d\u0627\u0621 \u0627\u0644\u0645\u063a\u0631\u0628.","publisher":{"@id":"https:\/\/vitablanca.ma\/#organization"},"alternateName":"VitaBlanca.ma","potentialAction":[{"@type":"SearchAction","target":{"@type":"EntryPoint","urlTemplate":"https:\/\/vitablanca.ma\/?s={search_term_string}"},"query-input":{"@type":"PropertyValueSpecification","valueRequired":true,"valueName":"search_term_string"}}],"inLanguage":"ar"},{"@type":"Organization","@id":"https:\/\/vitablanca.ma\/#organization","name":"\u0641\u064a\u062a\u0627\u0628\u0644\u0627\u0646\u0643\u0627","url":"https:\/\/vitablanca.ma\/","logo":{"@type":"ImageObject","inLanguage":"ar","@id":"https:\/\/vitablanca.ma\/#\/schema\/logo\/image\/","url":"https:\/\/vitablanca.ma\/wp-content\/uploads\/2025\/05\/cropped-vitablanca.png","contentUrl":"https:\/\/vitablanca.ma\/wp-content\/uploads\/2025\/05\/cropped-vitablanca.png","width":360,"height":67,"caption":"VitaBlanca"},"image":{"@id":"https:\/\/vitablanca.ma\/#\/schema\/logo\/image\/"},"sameAs":["https:\/\/www.facebook.com\/profile.php?id=61576678196717","https:\/\/www.tiktok.com\/@vitablanca.ma","https:\/\/www.instagram.com\/vitablanca.ma\/"]}]}},"jetpack_sharing_enabled":true,"_links":{"self":[{"href":"https:\/\/vitablanca.ma\/ar\/wp-json\/wp\/v2\/product\/22832","targetHints":{"allow":["GET"]}}],"collection":[{"href":"https:\/\/vitablanca.ma\/ar\/wp-json\/wp\/v2\/product"}],"about":[{"href":"https:\/\/vitablanca.ma\/ar\/wp-json\/wp\/v2\/types\/product"}],"wp:featuredmedia":[{"embeddable":true,"href":"https:\/\/vitablanca.ma\/ar\/wp-json\/wp\/v2\/media\/27602"}],"wp:attachment":[{"href":"https:\/\/vitablanca.ma\/ar\/wp-json\/wp\/v2\/media?parent=22832"}],"wp:term":[{"taxonomy":"product_brand","embeddable":true,"href":"https:\/\/vitablanca.ma\/ar\/wp-json\/wp\/v2\/product_brand?post=22832"},{"taxonomy":"product_cat","embeddable":true,"href":"https:\/\/vitablanca.ma\/ar\/wp-json\/wp\/v2\/product_cat?post=22832"},{"taxonomy":"product_tag","embeddable":true,"href":"https:\/\/vitablanca.ma\/ar\/wp-json\/wp\/v2\/product_tag?post=22832"}],"curies":[{"name":"wp","href":"https:\/\/api.w.org\/{rel}","templated":true}]}}