{"id":22740,"date":"2025-06-17T01:29:37","date_gmt":"2025-06-17T01:29:37","guid":{"rendered":"https:\/\/vitablanca.ma\/?post_type=product&#038;p=22740"},"modified":"2025-08-30T20:56:28","modified_gmt":"2025-08-30T20:56:28","slug":"natures-way-riboflavin-vitamin-b2-100-mg-100-capsules_maroc","status":"publish","type":"product","link":"https:\/\/vitablanca.ma\/ar\/product-2\/natures-way-riboflavin-vitamin-b2-100-mg-100-capsules_maroc\/","title":{"rendered":"\u0646\u0627\u062a\u0634\u0631\u0632 \u0648\u0627\u064a\u060c \u0631\u064a\u0628\u0648\u0641\u0644\u0627\u0641\u064a\u0646\u060c \u0641\u064a\u062a\u0627\u0645\u064a\u0646 \u06282\u060c 100 \u0645\u0644\u063a\u060c 100 \u0643\u0628\u0633\u0648\u0644\u0629"},"content":{"rendered":"<p>\u0627\u0644\u0631\u0624\u064a\u0629 \u0648\u0635\u062d\u0629 \u0627\u0644\u062c\u0633\u0645 \u0628\u0627\u0644\u0643\u0627\u0645\u0644<\/p>\n\n\n\n<p>Vous avez besoin de vitamine B2, mieux connue sous le nom de riboflavine, pour le fonctionnement de chaque cellule de votre corps. Comme toutes les vitamines du groupe B, la riboflavine vous aide \u00e0 dig\u00e9rer les aliments que vous mangez et \u00e0 en extraire de l\u2019\u00e9nergie. Partie int\u00e9grante du complexe de vitamines B, B2 vous aide \u00e0 maintenir des cellules sanguines saines et \u00e0 augmenter votre niveau d\u2019\u00e9nergie, \u00e0 pr\u00e9venir les dommages des radicaux libres et \u00e0 prot\u00e9ger la sant\u00e9 de votre peau. La riboflavine est \u00e9galement un pr\u00e9curseur des coenzymes impliqu\u00e9es dans la croissance et la r\u00e9paration de la peau et des tissus tapissant votre tractus gastro-intestinal, ainsi que dans la synth\u00e8se des acides amin\u00e9s. Fait important, il agit \u00e9galement en tant qu\u2019antioxydant dans votre corps et est n\u00e9cessaire \u00e0 la formation de pigments essentiels \u00e0 votre vision. Dans chaque dose de vitamine B2 de la Nature\u2019s Way (riboflavine), vous obtenez 100 mg de riboflavine, ce qui repr\u00e9sente un 5,882 % de vos recommandations quotidiennes valeur minimale de cet \u00e9l\u00e9ment nutritif crucial!<\/p>\n\n\n\n<p>\u064a\u0639\u0632\u0632 \u0635\u062d\u0629 \u0627\u0644\u0631\u0624\u064a\u0629 \u0648\u0627\u0644\u0628\u0634\u0631\u0629 \u0648\u0627\u0644\u0634\u0639\u0631<\/p>\n\n\n\n<p>Soutient le m\u00e9tabolisme sain et la production d\u2019\u00e9nergie<\/p>\n\n\n\n<p>\u064a\u0633\u0627\u0639\u062f \u0639\u0644\u0649 \u0645\u0646\u0639 \u0623\u0636\u0631\u0627\u0631 \u0627\u0644\u062c\u0630\u0648\u0631 \u0627\u0644\u062d\u0631\u0629 \u0648\u062a\u062e\u0641\u064a\u0641 \u0627\u0644\u0635\u062f\u0627\u0639 \u0627\u0644\u0646\u0635\u0641\u064a<\/p>\n\n\n\n<p>\u064a\u0639\u0632\u0632 \u0635\u062d\u0629 \u0627\u0644\u062c\u0647\u0627\u0632 \u0627\u0644\u0645\u0646\u0627\u0639\u064a \u0648\u0627\u0644\u062c\u0647\u0627\u0632 \u0627\u0644\u0647\u0636\u0645\u064a<\/p>\n\n\n\n<p>Fournit 5,882 % de l\u2019apport quotidien recommand\u00e9 en vitamine B2 \/ riboflavine<\/p>\n\n\n\n<p>\u062e\u0627\u0644\u064a \u0645\u0646 \u0627\u0644\u062c\u0644\u0648\u062a\u064a\u0646 \u0648\u0627\u0644\u0633\u0643\u0631 \u0648\u0627\u0644\u0645\u0644\u062d \u0648\u0627\u0644\u062e\u0645\u064a\u0631\u0629 \u0648\u0627\u0644\u0642\u0645\u062d \u0648\u0627\u0644\u0630\u0631\u0629 \u0648\u0627\u0644\u0635\u0648\u064a\u0627 \u0648\u0645\u0646\u062a\u062c\u0627\u062a \u0627\u0644\u0623\u0644\u0628\u0627\u0646<\/p>\n\n\n\n<p>\u0644\u0627 \u064a\u062d\u062a\u0648\u064a \u0639\u0644\u0649 \u0623\u0644\u0648\u0627\u0646 \u0623\u0648 \u0646\u0643\u0647\u0627\u062a \u0623\u0648 \u0645\u0648\u0627\u062f \u062d\u0627\u0641\u0638\u0629 \u0627\u0635\u0637\u0646\u0627\u0639\u064a\u0629<\/p>\n\n\n\n<p>\u0627\u0644\u0646\u0634\u0627\u0637 \u0627\u0644\u0645\u0636\u0627\u062f \u0644\u0644\u0623\u0643\u0633\u062f\u0629<\/p>\n\n\n\n<p>La recherche a montr\u00e9 que la riboflavine poss\u00e8de des propri\u00e9t\u00e9s antioxydantes, aidant \u00e0 pr\u00e9venir la peroxydation des lipides et les l\u00e9sions oxydatives dans votre corps, qui pourraient sinon contribuer \u00e0 des probl\u00e8mes de sant\u00e9 chroniques, notamment des maladies cardiovasculaires et neurologiques. Cette vitamine vous aide \u00e0 promouvoir un syst\u00e8me immunitaire sain en contr\u00f4lant les radicaux libres (mauvaises bact\u00e9ries) dans votre corps et en vous aidant \u00e0 produire du glutathion, qui combat les radicaux libres et aide \u00e0 d\u00e9toxifier votre foie. De plus, la vitamine B2 contribue \u00e0 vous prot\u00e9ger contre les maladies en maintenant une muqueuse saine dans votre tube digestif, ce qui permet \u00e0 votre corps d\u2019absorber et d\u2019utiliser les nutriments que vous consommez!<\/p>\n\n\n\n<p>\u062d\u0645\u0627\u064a\u0629 \u0631\u0624\u064a\u062a\u0643!<\/p>\n\n\n\n<p>Il a \u00e9t\u00e9 d\u00e9montr\u00e9 qu\u2019une carence en riboflavine augmente le risque de d\u00e9velopper des probl\u00e8mes de vision, notamment le glaucome, principale cause de perte de vision. Les recherches ont maintes fois montr\u00e9 des corr\u00e9lations entre une carence en riboflavine et un risque accru de troubles de la vue avec l\u2019\u00e2ge. Parmi celles-ci, il a \u00e9t\u00e9 d\u00e9montr\u00e9 que la vitamine B2 avait la capacit\u00e9 de vous aider \u00e0 pr\u00e9venir la cataracte et le k\u00e9ratoc\u00f4ne, une maladie d\u00e9g\u00e9n\u00e9rative caract\u00e9ris\u00e9e par une saillie de la corn\u00e9e et un astigmatisme irr\u00e9gulier.<\/p>\n\n\n\n<p>\u0639\u0632\u0632 \u0637\u0627\u0642\u062a\u0643<\/p>\n\n\n\n<p>Un apport suffisant en riboflavine est important pour la production de votre \u00e9nergie mitochondriale, car votre corps l\u2019utilise pour m\u00e9taboliser les aliments que vous consommez en \u00e9nergie, en plus de vous aider \u00e0 maintenir une fonction digestive, c\u00e9r\u00e9brale, nerveuse et hormonale ad\u00e9quate. Si vous n\u2019avez pas assez de vitamine B2 dans votre corps, vous ne pouvez pas dig\u00e9rer correctement vos aliments et produire du carburant pour produire de l\u2019\u00e9nergie appel\u00e9e ad\u00e9nosine triphosphate ou ATP. Dans cet esprit, vous pouvez comprendre pourquoi cette vitamine est si importante pour la croissance et le d\u00e9veloppement en bonne sant\u00e9, ainsi que pour le bien-\u00eatre et la vitalit\u00e9 en g\u00e9n\u00e9ral!<\/p>\n\n\n\n<p>\u062a\u062e\u0641\u064a\u0641 \u0627\u0644\u0635\u062f\u0627\u0639 \u0627\u0644\u0646\u0635\u0641\u064a<\/p>\n\n\n\n<p>Parmi les nombreux avantages pour la sant\u00e9, de solides recherches ont montr\u00e9 que la riboflavine peut vous aider \u00e0 traiter et \u00e0 pr\u00e9venir les migraines douloureuses. Une augmentation de la consommation de riboflavine \u2013 environ 400 mg jour entre les sources de compl\u00e9ments alimentaires \u2013 a permis d\u2019att\u00e9nuer naturellement les maux de t\u00eate, notamment en att\u00e9nuant les sympt\u00f4mes douloureux de la migraine et en raccourcissant leur dur\u00e9e.<\/p>\n\n\n\n<p>\u0647\u0646\u0627\u0643 \u0627\u0644\u0645\u0632\u064a\u062f!<\/p>\n\n\n\n<p>La liste des avantages de la vitamine B2 est longue, elle inclut \u00e9galement la pr\u00e9vention et le traitement de l\u2019an\u00e9mie, la lutte contre les maladies chroniques, le syst\u00e8me nerveux, le contr\u00f4le de l\u2019app\u00e9tit, de l\u2019humeur et de la temp\u00e9rature corporelle, le maintien de niveaux sains de collag\u00e8ne vos cheveux et votre peau, et plus encore<\/p>","protected":false},"excerpt":{"rendered":"<ul>\n<li>\u0627\u0644\u0631\u0624\u064a\u0629 \u0648\u0635\u062d\u0629 \u0627\u0644\u062c\u0633\u0645 \u0628\u0627\u0644\u0643\u0627\u0645\u0644<\/li>\n<li>\u064a\u0639\u0632\u0632 \u0635\u062d\u0629 \u0627\u0644\u0631\u0624\u064a\u0629 \u0648\u0627\u0644\u0628\u0634\u0631\u0629 \u0648\u0627\u0644\u0634\u0639\u0631<\/li>\n<li>\u064a\u062f\u0639\u0645 \u0639\u0645\u0644\u064a\u0629 \u0627\u0644\u062a\u0645\u062b\u064a\u0644 \u0627\u0644\u063a\u0630\u0627\u0626\u064a \u0627\u0644\u0635\u062d\u064a \u0648\u0625\u0646\u062a\u0627\u062c \u0627\u0644\u0637\u0627\u0642\u0629<\/li>\n<li>\u064a\u0633\u0627\u0639\u062f \u0639\u0644\u0649 \u0645\u0646\u0639 \u0623\u0636\u0631\u0627\u0631 \u0627\u0644\u062c\u0630\u0648\u0631 \u0627\u0644\u062d\u0631\u0629 \u0648\u062a\u062e\u0641\u064a\u0641 \u0627\u0644\u0635\u062f\u0627\u0639 \u0627\u0644\u0646\u0635\u0641\u064a<\/li>\n<li>\u064a\u0639\u0632\u0632 \u0635\u062d\u0629 \u0627\u0644\u062c\u0647\u0627\u0632 \u0627\u0644\u0645\u0646\u0627\u0639\u064a \u0648\u0627\u0644\u062c\u0647\u0627\u0632 \u0627\u0644\u0647\u0636\u0645\u064a<\/li>\n<li>\u064a\u0648\u0641\u0631 5,882 % \u0645\u0646 \u0627\u0644\u0643\u0645\u064a\u0629 \u0627\u0644\u064a\u0648\u0645\u064a\u0629 \u0627\u0644\u0645\u0648\u0635\u0649 \u0628\u0647\u0627 \u0645\u0646 \u0641\u064a\u062a\u0627\u0645\u064a\u0646 B2\/\u0627\u0644\u0631\u064a\u0628\u0648\u0641\u0644\u0627\u0641\u064a\u0646<\/li>\n<li>\u062e\u0627\u0644\u064a \u0645\u0646 \u0627\u0644\u062c\u0644\u0648\u062a\u064a\u0646 \u0648\u0627\u0644\u0633\u0643\u0631 \u0648\u0627\u0644\u0645\u0644\u062d \u0648\u0627\u0644\u062e\u0645\u064a\u0631\u0629 \u0648\u0627\u0644\u0642\u0645\u062d \u0648\u0627\u0644\u0630\u0631\u0629 \u0648\u0627\u0644\u0635\u0648\u064a\u0627 \u0648\u0645\u0646\u062a\u062c\u0627\u062a \u0627\u0644\u0623\u0644\u0628\u0627\u0646<\/li>\n<li>\u0644\u0627 \u064a\u062d\u062a\u0648\u064a \u0639\u0644\u0649 \u0623\u0644\u0648\u0627\u0646 \u0623\u0648 \u0646\u0643\u0647\u0627\u062a \u0623\u0648 \u0645\u0648\u0627\u062f \u062d\u0627\u0641\u0638\u0629 \u0627\u0635\u0637\u0646\u0627\u0639\u064a\u0629<\/li>\n<li>\u0627\u0644\u0646\u0634\u0627\u0637 \u0627\u0644\u0645\u0636\u0627\u062f \u0644\u0644\u0623\u0643\u0633\u062f\u0629<\/li>\n<li>\u062d\u0645\u0627\u064a\u0629 \u0631\u0624\u064a\u062a\u0643!<\/li>\n<li>\u0639\u0632\u0632 \u0637\u0627\u0642\u062a\u0643<\/li>\n<\/ul>","protected":false},"featured_media":22741,"template":"","meta":{"om_disable_all_campaigns":false},"product_brand":[2144],"product_cat":[18,3366,131,130,19],"product_tag":[2857,2858,2859],"class_list":{"0":"post-22740","1":"product","2":"type-product","3":"status-publish","4":"has-post-thumbnail","6":"product_brand-natures-way","7":"product_cat-beaute-sante","8":"product_cat-complements-alimentaires-au-maroc-vitablanca","9":"product_cat-vitamine-b","10":"product_cat-vitamines","11":"product_cat-vitamines-supplements-dietetiques","12":"product_tag-achetez-natures-way-riboflavin-vitamine-b2-au-maroc-100-mg-par-capsule-pour-soutenir-le-metabolisme","13":"product_tag-lenergie","14":"product_tag-la-sante-de-la-peau-et-des-yeux-livraison-rapide-partout-au-maroc","16":"first","17":"instock","18":"sale","19":"taxable","20":"shipping-taxable","21":"purchasable","22":"product-type-simple"},"yoast_head":"<!-- This site is optimized with the Yoast SEO plugin v27.5 - https:\/\/yoast.com\/product\/yoast-seo-wordpress\/ -->\n<title>natures-way-riboflavin-vitamin-b2-100-mg-100-capsules-prix Maroc<\/title>\n<meta name=\"description\" content=\"Achetez Nature&#039;s Way Riboflavine (Vitamine B2) 100 mg au Maroc. 100 capsules pour l&#039;\u00e9nergie, la sant\u00e9 des yeux et de la peau. Livraison chez vous en 24\/48h!\" \/>\n<meta name=\"robots\" content=\"index, follow, max-snippet:-1, max-image-preview:large, max-video-preview:-1\" \/>\n<link rel=\"canonical\" href=\"https:\/\/vitablanca.ma\/ar\/product-2\/natures-way-riboflavin-vitamin-b2-100-mg-100-capsules_maroc\/\" \/>\n<meta property=\"og:locale\" content=\"ar_AR\" \/>\n<meta property=\"og:type\" content=\"article\" \/>\n<meta property=\"og:title\" content=\"natures-way-riboflavin-vitamin-b2-100-mg-100-capsules-prix Maroc\" \/>\n<meta property=\"og:description\" content=\"Achetez Nature&#039;s Way Riboflavine (Vitamine B2) 100 mg au Maroc. 100 capsules pour l&#039;\u00e9nergie, la sant\u00e9 des yeux et de la peau. Livraison chez vous en 24\/48h!\" \/>\n<meta property=\"og:url\" content=\"https:\/\/vitablanca.ma\/ar\/product-2\/natures-way-riboflavin-vitamin-b2-100-mg-100-capsules_maroc\/\" \/>\n<meta property=\"og:site_name\" content=\"Vitablanca.ma &ndash; Sant&eacute;, vitalit&eacute; et bien-&ecirc;tre pour tous les Marocains\" \/>\n<meta property=\"article:publisher\" content=\"https:\/\/www.facebook.com\/profile.php?id=61576678196717\" \/>\n<meta property=\"article:modified_time\" content=\"2025-08-30T20:56:28+00:00\" \/>\n<meta property=\"og:image\" content=\"https:\/\/vitablanca.ma\/wp-content\/uploads\/2025\/06\/natures-way-riboflavin-vitamin-b2-100-mg-100-capsules-.jpg\" \/>\n\t<meta property=\"og:image:width\" content=\"680\" \/>\n\t<meta property=\"og:image:height\" content=\"680\" \/>\n\t<meta property=\"og:image:type\" content=\"image\/jpeg\" \/>\n<meta name=\"twitter:card\" content=\"summary_large_image\" \/>\n<meta name=\"twitter:label1\" content=\"\u0648\u0642\u062a \u0627\u0644\u0642\u0631\u0627\u0621\u0629 \u0627\u0644\u0645\u064f\u0642\u062f\u0651\u0631\" \/>\n\t<meta name=\"twitter:data1\" content=\"4 \u062f\u0642\u0627\u0626\u0642\" \/>\n<script type=\"application\/ld+json\" class=\"yoast-schema-graph\">{\"@context\":\"https:\\\/\\\/schema.org\",\"@graph\":[{\"@type\":[\"WebPage\",\"ItemPage\"],\"@id\":\"https:\\\/\\\/vitablanca.ma\\\/produit\\\/natures-way-riboflavin-vitamin-b2-100-mg-100-capsules_maroc\\\/\",\"url\":\"https:\\\/\\\/vitablanca.ma\\\/produit\\\/natures-way-riboflavin-vitamin-b2-100-mg-100-capsules_maroc\\\/\",\"name\":\"natures-way-riboflavin-vitamin-b2-100-mg-100-capsules-prix Maroc\",\"isPartOf\":{\"@id\":\"https:\\\/\\\/vitablanca.ma\\\/#website\"},\"primaryImageOfPage\":{\"@id\":\"https:\\\/\\\/vitablanca.ma\\\/produit\\\/natures-way-riboflavin-vitamin-b2-100-mg-100-capsules_maroc\\\/#primaryimage\"},\"image\":{\"@id\":\"https:\\\/\\\/vitablanca.ma\\\/produit\\\/natures-way-riboflavin-vitamin-b2-100-mg-100-capsules_maroc\\\/#primaryimage\"},\"thumbnailUrl\":\"https:\\\/\\\/vitablanca.ma\\\/wp-content\\\/uploads\\\/2025\\\/06\\\/natures-way-riboflavin-vitamin-b2-100-mg-100-capsules-.jpg\",\"datePublished\":\"2025-06-17T01:29:37+00:00\",\"dateModified\":\"2025-08-30T20:56:28+00:00\",\"description\":\"Achetez Nature's Way Riboflavine (Vitamine B2) 100 mg au Maroc. 100 capsules pour l'\u00e9nergie, la sant\u00e9 des yeux et de la peau. Livraison chez vous en 24\\\/48h!\",\"breadcrumb\":{\"@id\":\"https:\\\/\\\/vitablanca.ma\\\/produit\\\/natures-way-riboflavin-vitamin-b2-100-mg-100-capsules_maroc\\\/#breadcrumb\"},\"inLanguage\":\"ar\",\"potentialAction\":[{\"@type\":\"ReadAction\",\"target\":[\"https:\\\/\\\/vitablanca.ma\\\/produit\\\/natures-way-riboflavin-vitamin-b2-100-mg-100-capsules_maroc\\\/\"]}]},{\"@type\":\"ImageObject\",\"inLanguage\":\"ar\",\"@id\":\"https:\\\/\\\/vitablanca.ma\\\/produit\\\/natures-way-riboflavin-vitamin-b2-100-mg-100-capsules_maroc\\\/#primaryimage\",\"url\":\"https:\\\/\\\/vitablanca.ma\\\/wp-content\\\/uploads\\\/2025\\\/06\\\/natures-way-riboflavin-vitamin-b2-100-mg-100-capsules-.jpg\",\"contentUrl\":\"https:\\\/\\\/vitablanca.ma\\\/wp-content\\\/uploads\\\/2025\\\/06\\\/natures-way-riboflavin-vitamin-b2-100-mg-100-capsules-.jpg\",\"width\":680,\"height\":680},{\"@type\":\"BreadcrumbList\",\"@id\":\"https:\\\/\\\/vitablanca.ma\\\/produit\\\/natures-way-riboflavin-vitamin-b2-100-mg-100-capsules_maroc\\\/#breadcrumb\",\"itemListElement\":[{\"@type\":\"ListItem\",\"position\":1,\"name\":\"Home\",\"item\":\"https:\\\/\\\/vitablanca.ma\\\/\"},{\"@type\":\"ListItem\",\"position\":2,\"name\":\"Tous Les Produits\",\"item\":\"https:\\\/\\\/vitablanca.ma\\\/tous-les-produits\\\/\"},{\"@type\":\"ListItem\",\"position\":3,\"name\":\"Nature&#8217;S Way Riboflavin, Vitamin B2, 100 mg, 100 Capsules\"}]},{\"@type\":\"WebSite\",\"@id\":\"https:\\\/\\\/vitablanca.ma\\\/#website\",\"url\":\"https:\\\/\\\/vitablanca.ma\\\/\",\"name\":\"VitaBlanca.ma | Compl\u00e9ments alimentaires, sant\u00e9 & beaut\u00e9 au Maroc\",\"description\":\"vendre vitamines et compl\u00e9ments premium des USA &amp; Canada, Nouvelle Z\u00e9lande,Maroc (NOW Foods, Solgar, Manuka). Livraison rapide partout au Maroc.\",\"publisher\":{\"@id\":\"https:\\\/\\\/vitablanca.ma\\\/#organization\"},\"alternateName\":\"VitaBlanca.ma\",\"potentialAction\":[{\"@type\":\"SearchAction\",\"target\":{\"@type\":\"EntryPoint\",\"urlTemplate\":\"https:\\\/\\\/vitablanca.ma\\\/?s={search_term_string}\"},\"query-input\":{\"@type\":\"PropertyValueSpecification\",\"valueRequired\":true,\"valueName\":\"search_term_string\"}}],\"inLanguage\":\"ar\"},{\"@type\":\"Organization\",\"@id\":\"https:\\\/\\\/vitablanca.ma\\\/#organization\",\"name\":\"VitaBlanca\",\"url\":\"https:\\\/\\\/vitablanca.ma\\\/\",\"logo\":{\"@type\":\"ImageObject\",\"inLanguage\":\"ar\",\"@id\":\"https:\\\/\\\/vitablanca.ma\\\/#\\\/schema\\\/logo\\\/image\\\/\",\"url\":\"https:\\\/\\\/vitablanca.ma\\\/wp-content\\\/uploads\\\/2025\\\/05\\\/cropped-vitablanca.png\",\"contentUrl\":\"https:\\\/\\\/vitablanca.ma\\\/wp-content\\\/uploads\\\/2025\\\/05\\\/cropped-vitablanca.png\",\"width\":360,\"height\":67,\"caption\":\"VitaBlanca\"},\"image\":{\"@id\":\"https:\\\/\\\/vitablanca.ma\\\/#\\\/schema\\\/logo\\\/image\\\/\"},\"sameAs\":[\"https:\\\/\\\/www.facebook.com\\\/profile.php?id=61576678196717\",\"https:\\\/\\\/www.tiktok.com\\\/@vitablanca.ma\",\"https:\\\/\\\/www.instagram.com\\\/vitablanca.ma\\\/\"]}]}<\/script>\n<!-- \/ Yoast SEO plugin. -->","yoast_head_json":{"title":"\u0646\u0627\u062a\u0634\u0631\u0632 \u0648\u0627\u064a \u0631\u064a\u0628\u0648\u0641\u0644\u0627\u0641\u064a\u0646 \u0641\u064a\u062a\u0627\u0645\u064a\u0646 \u06282 100 \u0645\u0644\u063a 100 \u0643\u0628\u0633\u0648\u0644\u0629 \u0633\u0639\u0631 \u0627\u0644\u0645\u063a\u0631\u0628","description":"\u0627\u0634\u062a\u0631\u0650 \u0631\u064a\u0628\u0648\u0641\u0644\u0627\u0641\u064a\u0646 (\u0641\u064a\u062a\u0627\u0645\u064a\u0646 \u06282) \u0645\u0646 \u0646\u064a\u062a\u0634\u0631\u0632 \u0648\u0627\u064a \u0628\u062a\u0631\u0643\u064a\u0632 \u0661\u0660\u0660 \u0645\u0644\u063a \u0645\u0646 \u0627\u0644\u0645\u063a\u0631\u0628. \u0661\u0660\u0660 \u0643\u0628\u0633\u0648\u0644\u0629 \u0644\u0644\u0637\u0627\u0642\u0629\u060c \u0648\u0635\u062d\u0629 \u0627\u0644\u0639\u064a\u0646\u060c \u0648\u0627\u0644\u0628\u0634\u0631\u0629. \u062e\u062f\u0645\u0629 \u0627\u0644\u062a\u0648\u0635\u064a\u0644 \u0645\u062a\u0648\u0641\u0631\u0629 \u062e\u0644\u0627\u0644 \u0662\u0664 \u0633\u0627\u0639\u0629!","robots":{"index":"index","follow":"follow","max-snippet":"max-snippet:-1","max-image-preview":"max-image-preview:large","max-video-preview":"max-video-preview:-1"},"canonical":"https:\/\/vitablanca.ma\/ar\/product-2\/natures-way-riboflavin-vitamin-b2-100-mg-100-capsules_maroc\/","og_locale":"ar_AR","og_type":"article","og_title":"natures-way-riboflavin-vitamin-b2-100-mg-100-capsules-prix Maroc","og_description":"Achetez Nature's Way Riboflavine (Vitamine B2) 100 mg au Maroc. 100 capsules pour l'\u00e9nergie, la sant\u00e9 des yeux et de la peau. Livraison chez vous en 24\/48h!","og_url":"https:\/\/vitablanca.ma\/ar\/product-2\/natures-way-riboflavin-vitamin-b2-100-mg-100-capsules_maroc\/","og_site_name":"Vitablanca.ma &ndash; Sant&eacute;, vitalit&eacute; et bien-&ecirc;tre pour tous les Marocains","article_publisher":"https:\/\/www.facebook.com\/profile.php?id=61576678196717","article_modified_time":"2025-08-30T20:56:28+00:00","og_image":[{"width":680,"height":680,"url":"https:\/\/vitablanca.ma\/wp-content\/uploads\/2025\/06\/natures-way-riboflavin-vitamin-b2-100-mg-100-capsules-.jpg","type":"image\/jpeg"}],"twitter_card":"summary_large_image","twitter_misc":{"\u0648\u0642\u062a \u0627\u0644\u0642\u0631\u0627\u0621\u0629 \u0627\u0644\u0645\u064f\u0642\u062f\u0651\u0631":"4 \u062f\u0642\u0627\u0626\u0642"},"schema":{"@context":"https:\/\/schema.org","@graph":[{"@type":["WebPage","ItemPage"],"@id":"https:\/\/vitablanca.ma\/produit\/natures-way-riboflavin-vitamin-b2-100-mg-100-capsules_maroc\/","url":"https:\/\/vitablanca.ma\/produit\/natures-way-riboflavin-vitamin-b2-100-mg-100-capsules_maroc\/","name":"\u0646\u0627\u062a\u0634\u0631\u0632 \u0648\u0627\u064a \u0631\u064a\u0628\u0648\u0641\u0644\u0627\u0641\u064a\u0646 \u0641\u064a\u062a\u0627\u0645\u064a\u0646 \u06282 100 \u0645\u0644\u063a 100 \u0643\u0628\u0633\u0648\u0644\u0629 \u0633\u0639\u0631 \u0627\u0644\u0645\u063a\u0631\u0628","isPartOf":{"@id":"https:\/\/vitablanca.ma\/#website"},"primaryImageOfPage":{"@id":"https:\/\/vitablanca.ma\/produit\/natures-way-riboflavin-vitamin-b2-100-mg-100-capsules_maroc\/#primaryimage"},"image":{"@id":"https:\/\/vitablanca.ma\/produit\/natures-way-riboflavin-vitamin-b2-100-mg-100-capsules_maroc\/#primaryimage"},"thumbnailUrl":"https:\/\/vitablanca.ma\/wp-content\/uploads\/2025\/06\/natures-way-riboflavin-vitamin-b2-100-mg-100-capsules-.jpg","datePublished":"2025-06-17T01:29:37+00:00","dateModified":"2025-08-30T20:56:28+00:00","description":"\u0627\u0634\u062a\u0631\u0650 \u0631\u064a\u0628\u0648\u0641\u0644\u0627\u0641\u064a\u0646 (\u0641\u064a\u062a\u0627\u0645\u064a\u0646 \u06282) \u0645\u0646 \u0646\u064a\u062a\u0634\u0631\u0632 \u0648\u0627\u064a \u0628\u062a\u0631\u0643\u064a\u0632 \u0661\u0660\u0660 \u0645\u0644\u063a \u0645\u0646 \u0627\u0644\u0645\u063a\u0631\u0628. \u0661\u0660\u0660 \u0643\u0628\u0633\u0648\u0644\u0629 \u0644\u0644\u0637\u0627\u0642\u0629\u060c \u0648\u0635\u062d\u0629 \u0627\u0644\u0639\u064a\u0646\u060c \u0648\u0627\u0644\u0628\u0634\u0631\u0629. \u062e\u062f\u0645\u0629 \u0627\u0644\u062a\u0648\u0635\u064a\u0644 \u0645\u062a\u0648\u0641\u0631\u0629 \u062e\u0644\u0627\u0644 \u0662\u0664 \u0633\u0627\u0639\u0629!","breadcrumb":{"@id":"https:\/\/vitablanca.ma\/produit\/natures-way-riboflavin-vitamin-b2-100-mg-100-capsules_maroc\/#breadcrumb"},"inLanguage":"ar","potentialAction":[{"@type":"ReadAction","target":["https:\/\/vitablanca.ma\/produit\/natures-way-riboflavin-vitamin-b2-100-mg-100-capsules_maroc\/"]}]},{"@type":"ImageObject","inLanguage":"ar","@id":"https:\/\/vitablanca.ma\/produit\/natures-way-riboflavin-vitamin-b2-100-mg-100-capsules_maroc\/#primaryimage","url":"https:\/\/vitablanca.ma\/wp-content\/uploads\/2025\/06\/natures-way-riboflavin-vitamin-b2-100-mg-100-capsules-.jpg","contentUrl":"https:\/\/vitablanca.ma\/wp-content\/uploads\/2025\/06\/natures-way-riboflavin-vitamin-b2-100-mg-100-capsules-.jpg","width":680,"height":680},{"@type":"BreadcrumbList","@id":"https:\/\/vitablanca.ma\/produit\/natures-way-riboflavin-vitamin-b2-100-mg-100-capsules_maroc\/#breadcrumb","itemListElement":[{"@type":"ListItem","position":1,"name":"Home","item":"https:\/\/vitablanca.ma\/"},{"@type":"ListItem","position":2,"name":"Tous Les Produits","item":"https:\/\/vitablanca.ma\/tous-les-produits\/"},{"@type":"ListItem","position":3,"name":"Nature&#8217;S Way Riboflavin, Vitamin B2, 100 mg, 100 Capsules"}]},{"@type":"WebSite","@id":"https:\/\/vitablanca.ma\/#website","url":"https:\/\/vitablanca.ma\/","name":"VitaBlanca.ma | \u0627\u0644\u0645\u0643\u0645\u0644\u0627\u062a \u0627\u0644\u063a\u0630\u0627\u0626\u064a\u0629\u060c \u0627\u0644\u0635\u062d\u0629 \u0648\u0627\u0644\u062c\u0645\u0627\u0644 \u0641\u064a \u0627\u0644\u0645\u063a\u0631\u0628","description":"\u0646\u0628\u064a\u0639 \u0641\u064a\u062a\u0627\u0645\u064a\u0646\u0627\u062a \u0648\u0645\u0643\u0645\u0644\u0627\u062a \u063a\u0630\u0627\u0626\u064a\u0629 \u0641\u0627\u062e\u0631\u0629 \u0645\u0646 \u0627\u0644\u0648\u0644\u0627\u064a\u0627\u062a \u0627\u0644\u0645\u062a\u062d\u062f\u0629 \u0627\u0644\u0623\u0645\u0631\u064a\u0643\u064a\u0629 \u0648\u0643\u0646\u062f\u0627 \u0648\u0646\u064a\u0648\u0632\u064a\u0644\u0646\u062f\u0627 \u0648\u0627\u0644\u0645\u063a\u0631\u0628 (\u0646\u0627\u0648 \u0641\u0648\u062f\u0632\u060c \u0633\u0648\u0644\u062c\u0627\u0631\u060c \u0645\u0627\u0646\u0648\u0643\u0627). \u062a\u0648\u0635\u064a\u0644 \u0633\u0631\u064a\u0639 \u0625\u0644\u0649 \u062c\u0645\u064a\u0639 \u0623\u0646\u062d\u0627\u0621 \u0627\u0644\u0645\u063a\u0631\u0628.","publisher":{"@id":"https:\/\/vitablanca.ma\/#organization"},"alternateName":"VitaBlanca.ma","potentialAction":[{"@type":"SearchAction","target":{"@type":"EntryPoint","urlTemplate":"https:\/\/vitablanca.ma\/?s={search_term_string}"},"query-input":{"@type":"PropertyValueSpecification","valueRequired":true,"valueName":"search_term_string"}}],"inLanguage":"ar"},{"@type":"Organization","@id":"https:\/\/vitablanca.ma\/#organization","name":"\u0641\u064a\u062a\u0627\u0628\u0644\u0627\u0646\u0643\u0627","url":"https:\/\/vitablanca.ma\/","logo":{"@type":"ImageObject","inLanguage":"ar","@id":"https:\/\/vitablanca.ma\/#\/schema\/logo\/image\/","url":"https:\/\/vitablanca.ma\/wp-content\/uploads\/2025\/05\/cropped-vitablanca.png","contentUrl":"https:\/\/vitablanca.ma\/wp-content\/uploads\/2025\/05\/cropped-vitablanca.png","width":360,"height":67,"caption":"VitaBlanca"},"image":{"@id":"https:\/\/vitablanca.ma\/#\/schema\/logo\/image\/"},"sameAs":["https:\/\/www.facebook.com\/profile.php?id=61576678196717","https:\/\/www.tiktok.com\/@vitablanca.ma","https:\/\/www.instagram.com\/vitablanca.ma\/"]}]}},"jetpack_sharing_enabled":true,"_links":{"self":[{"href":"https:\/\/vitablanca.ma\/ar\/wp-json\/wp\/v2\/product\/22740","targetHints":{"allow":["GET"]}}],"collection":[{"href":"https:\/\/vitablanca.ma\/ar\/wp-json\/wp\/v2\/product"}],"about":[{"href":"https:\/\/vitablanca.ma\/ar\/wp-json\/wp\/v2\/types\/product"}],"wp:featuredmedia":[{"embeddable":true,"href":"https:\/\/vitablanca.ma\/ar\/wp-json\/wp\/v2\/media\/22741"}],"wp:attachment":[{"href":"https:\/\/vitablanca.ma\/ar\/wp-json\/wp\/v2\/media?parent=22740"}],"wp:term":[{"taxonomy":"product_brand","embeddable":true,"href":"https:\/\/vitablanca.ma\/ar\/wp-json\/wp\/v2\/product_brand?post=22740"},{"taxonomy":"product_cat","embeddable":true,"href":"https:\/\/vitablanca.ma\/ar\/wp-json\/wp\/v2\/product_cat?post=22740"},{"taxonomy":"product_tag","embeddable":true,"href":"https:\/\/vitablanca.ma\/ar\/wp-json\/wp\/v2\/product_tag?post=22740"}],"curies":[{"name":"wp","href":"https:\/\/api.w.org\/{rel}","templated":true}]}}