{"id":22733,"date":"2025-06-17T01:10:23","date_gmt":"2025-06-17T01:10:23","guid":{"rendered":"https:\/\/vitablanca.ma\/?post_type=product&#038;p=22733"},"modified":"2025-11-11T11:48:25","modified_gmt":"2025-11-11T11:48:25","slug":"solaray-dim-supremee-60-vegetarian-capsules_maroc","status":"publish","type":"product","link":"https:\/\/vitablanca.ma\/ar\/product-2\/solaray-dim-supremee-60-vegetarian-capsules_maroc\/","title":{"rendered":"Solaray DIM Supremee, 60 Vegetarian Capsules"},"content":{"rendered":"<p>Le DIM (diindolym\u00e9thane) est un compos\u00e9 propre des l\u00e9gumes crucif\u00e8res que comprennent le chou, le brocoli, les choux de Bruxelles et le chou-fleur. Ces plantes ont \u00e9t\u00e9 cultiv\u00e9es pendant des si\u00e8cles et ont \u00e9t\u00e9 initialement utilis\u00e9es pour les m\u00e9dicaments. Le DIM Supr\u00eame de Solaray am\u00e9liore le m\u00e9tabolisme de l&rsquo;oestrog\u00e8ne avec des r\u00e9sultats directs et indirects, ce qui rend l&rsquo;entra\u00eenement avec des poids plus efficace parce que gr\u00e2ce \u00e0 son puissant m\u00e9lange d&rsquo;ingr\u00e9dients naturels, il produit un \u00e9quilibre hormonal qui est plus efficace pour l&rsquo;envoi de signaux hormonaux.<\/p>\n\n\n\n<p>Gr\u00e2ce au DIM Supr\u00eame de Solaray on obtient une condition cl\u00e9 pour l&rsquo;obtention d&rsquo;un corps 10, entra\u00eenant avec un plus grand rendement, parce que le meilleur \u00e9quilibre hormonal permet \u00e0 l&rsquo;organisme d&rsquo;\u00eatre sain, la peau radieuse et jeune et que la perception de l&rsquo;effort maximal (important pour l&rsquo;entra\u00eenement avec poids) soit plus grande.<a href=\"https:\/\/www.jumia.ma\/customer\/account\/login\/?tkWl=SO243DV0UP30FNAFAMZ-35012086&amp;return=%2Fdim-supremee-60-vegetarian-capsules-solaray-mpg1269142.html\"><\/a><\/p>","protected":false},"excerpt":{"rendered":"<ul>\n<li>DIM Supr\u00eame &#8211; 60 Capsules<\/li>\n<li>Bioflavono\u00efdes pour l&rsquo;\u00e9quilibre hormonal<\/li>\n<li>Le DIM (diindolym\u00e9thane) est un compos\u00e9 propre des l\u00e9gumes crucif\u00e8res que comprennent le chou, le brocoli, les choux de Bruxelles et le chou-fleur.<\/li>\n<li>Propri\u00e9t\u00e9s du DIM Supr\u00eame<\/li>\n<li>Plus grand \u00e9quilibre hormonal<\/li>\n<li>Meilleur rendement au gymnase<\/li>\n<li>Combat le vieillissement<\/li>\n<li>Contient des bioflavono\u00efdes<\/li>\n<\/ul>","protected":false},"featured_media":22734,"template":"","meta":{"om_disable_all_campaigns":false},"product_brand":[673],"product_cat":[18,3366,20,19],"product_tag":[],"class_list":{"0":"post-22733","1":"product","2":"type-product","3":"status-publish","4":"has-post-thumbnail","6":"product_brand-solaray-maroc-prix","7":"product_cat-beaute-sante","8":"product_cat-complements-alimentaires-au-maroc-vitablanca","9":"product_cat-supplements","10":"product_cat-vitamines-supplements-dietetiques","12":"first","13":"instock","14":"taxable","15":"shipping-taxable","16":"purchasable","17":"product-type-simple"},"yoast_head":"<!-- This site is optimized with the Yoast SEO plugin v27.4 - https:\/\/yoast.com\/product\/yoast-seo-wordpress\/ -->\n<title>Solaray DIM Supreme - 60 Capsules V\u00e9g\u00e9tariennes Prix Maroc<\/title>\n<meta name=\"description\" content=\"Achetez Solaray DIM Supreme au Maroc. 60 capsules v\u00e9g\u00e9tariennes pour soutenir l&#039;\u00e9quilibre hormonal et le m\u00e9tabolisme des \u0153strog\u00e8nes.\" \/>\n<meta name=\"robots\" content=\"index, follow, max-snippet:-1, max-image-preview:large, max-video-preview:-1\" \/>\n<link rel=\"canonical\" href=\"https:\/\/vitablanca.ma\/ar\/product-2\/solaray-dim-supremee-60-vegetarian-capsules_maroc\/\" \/>\n<meta property=\"og:locale\" content=\"ar_AR\" \/>\n<meta property=\"og:type\" content=\"article\" \/>\n<meta property=\"og:title\" content=\"Solaray DIM Supreme - 60 Capsules V\u00e9g\u00e9tariennes Prix Maroc\" \/>\n<meta property=\"og:description\" content=\"Achetez Solaray DIM Supreme au Maroc. 60 capsules v\u00e9g\u00e9tariennes pour soutenir l&#039;\u00e9quilibre hormonal et le m\u00e9tabolisme des \u0153strog\u00e8nes.\" \/>\n<meta property=\"og:url\" content=\"https:\/\/vitablanca.ma\/ar\/product-2\/solaray-dim-supremee-60-vegetarian-capsules_maroc\/\" \/>\n<meta property=\"og:site_name\" content=\"Vitablanca.ma &ndash; Sant&eacute;, vitalit&eacute; et bien-&ecirc;tre pour tous les Marocains\" \/>\n<meta property=\"article:publisher\" content=\"https:\/\/www.facebook.com\/profile.php?id=61576678196717\" \/>\n<meta property=\"article:modified_time\" content=\"2025-11-11T11:48:25+00:00\" \/>\n<meta property=\"og:image\" content=\"https:\/\/vitablanca.ma\/wp-content\/uploads\/2025\/06\/dim-supremee-60-vegetarian-capsules-solaray-.jpg\" \/>\n\t<meta property=\"og:image:width\" content=\"680\" \/>\n\t<meta property=\"og:image:height\" content=\"680\" \/>\n\t<meta property=\"og:image:type\" content=\"image\/jpeg\" \/>\n<meta name=\"twitter:card\" content=\"summary_large_image\" \/>\n<meta name=\"twitter:label1\" content=\"\u0648\u0642\u062a \u0627\u0644\u0642\u0631\u0627\u0621\u0629 \u0627\u0644\u0645\u064f\u0642\u062f\u0651\u0631\" \/>\n\t<meta name=\"twitter:data1\" content=\"\u062f\u0642\u064a\u0642\u0629 \u0648\u0627\u062d\u062f\u0629\" \/>\n<script type=\"application\/ld+json\" class=\"yoast-schema-graph\">{\"@context\":\"https:\\\/\\\/schema.org\",\"@graph\":[{\"@type\":[\"WebPage\",\"ItemPage\"],\"@id\":\"https:\\\/\\\/vitablanca.ma\\\/produit\\\/solaray-dim-supremee-60-vegetarian-capsules_maroc\\\/\",\"url\":\"https:\\\/\\\/vitablanca.ma\\\/produit\\\/solaray-dim-supremee-60-vegetarian-capsules_maroc\\\/\",\"name\":\"Solaray DIM Supreme - 60 Capsules V\u00e9g\u00e9tariennes Prix Maroc\",\"isPartOf\":{\"@id\":\"https:\\\/\\\/vitablanca.ma\\\/#website\"},\"primaryImageOfPage\":{\"@id\":\"https:\\\/\\\/vitablanca.ma\\\/produit\\\/solaray-dim-supremee-60-vegetarian-capsules_maroc\\\/#primaryimage\"},\"image\":{\"@id\":\"https:\\\/\\\/vitablanca.ma\\\/produit\\\/solaray-dim-supremee-60-vegetarian-capsules_maroc\\\/#primaryimage\"},\"thumbnailUrl\":\"https:\\\/\\\/vitablanca.ma\\\/wp-content\\\/uploads\\\/2025\\\/06\\\/dim-supremee-60-vegetarian-capsules-solaray-.jpg\",\"datePublished\":\"2025-06-17T01:10:23+00:00\",\"dateModified\":\"2025-11-11T11:48:25+00:00\",\"description\":\"Achetez Solaray DIM Supreme au Maroc. 60 capsules v\u00e9g\u00e9tariennes pour soutenir l'\u00e9quilibre hormonal et le m\u00e9tabolisme des \u0153strog\u00e8nes.\",\"breadcrumb\":{\"@id\":\"https:\\\/\\\/vitablanca.ma\\\/produit\\\/solaray-dim-supremee-60-vegetarian-capsules_maroc\\\/#breadcrumb\"},\"inLanguage\":\"ar\",\"potentialAction\":[{\"@type\":\"ReadAction\",\"target\":[\"https:\\\/\\\/vitablanca.ma\\\/produit\\\/solaray-dim-supremee-60-vegetarian-capsules_maroc\\\/\"]}]},{\"@type\":\"ImageObject\",\"inLanguage\":\"ar\",\"@id\":\"https:\\\/\\\/vitablanca.ma\\\/produit\\\/solaray-dim-supremee-60-vegetarian-capsules_maroc\\\/#primaryimage\",\"url\":\"https:\\\/\\\/vitablanca.ma\\\/wp-content\\\/uploads\\\/2025\\\/06\\\/dim-supremee-60-vegetarian-capsules-solaray-.jpg\",\"contentUrl\":\"https:\\\/\\\/vitablanca.ma\\\/wp-content\\\/uploads\\\/2025\\\/06\\\/dim-supremee-60-vegetarian-capsules-solaray-.jpg\",\"width\":680,\"height\":680},{\"@type\":\"BreadcrumbList\",\"@id\":\"https:\\\/\\\/vitablanca.ma\\\/produit\\\/solaray-dim-supremee-60-vegetarian-capsules_maroc\\\/#breadcrumb\",\"itemListElement\":[{\"@type\":\"ListItem\",\"position\":1,\"name\":\"Home\",\"item\":\"https:\\\/\\\/vitablanca.ma\\\/\"},{\"@type\":\"ListItem\",\"position\":2,\"name\":\"Tous Les Produits\",\"item\":\"https:\\\/\\\/vitablanca.ma\\\/tous-les-produits\\\/\"},{\"@type\":\"ListItem\",\"position\":3,\"name\":\"Solaray DIM Supremee, 60 Vegetarian Capsules\"}]},{\"@type\":\"WebSite\",\"@id\":\"https:\\\/\\\/vitablanca.ma\\\/#website\",\"url\":\"https:\\\/\\\/vitablanca.ma\\\/\",\"name\":\"VitaBlanca.ma | Compl\u00e9ments alimentaires, sant\u00e9 & beaut\u00e9 au Maroc\",\"description\":\"vendre vitamines et compl\u00e9ments premium des USA &amp; Canada, Nouvelle Z\u00e9lande,Maroc (NOW Foods, Solgar, Manuka). Livraison rapide partout au Maroc.\",\"publisher\":{\"@id\":\"https:\\\/\\\/vitablanca.ma\\\/#organization\"},\"alternateName\":\"VitaBlanca.ma\",\"potentialAction\":[{\"@type\":\"SearchAction\",\"target\":{\"@type\":\"EntryPoint\",\"urlTemplate\":\"https:\\\/\\\/vitablanca.ma\\\/?s={search_term_string}\"},\"query-input\":{\"@type\":\"PropertyValueSpecification\",\"valueRequired\":true,\"valueName\":\"search_term_string\"}}],\"inLanguage\":\"ar\"},{\"@type\":\"Organization\",\"@id\":\"https:\\\/\\\/vitablanca.ma\\\/#organization\",\"name\":\"VitaBlanca\",\"url\":\"https:\\\/\\\/vitablanca.ma\\\/\",\"logo\":{\"@type\":\"ImageObject\",\"inLanguage\":\"ar\",\"@id\":\"https:\\\/\\\/vitablanca.ma\\\/#\\\/schema\\\/logo\\\/image\\\/\",\"url\":\"https:\\\/\\\/vitablanca.ma\\\/wp-content\\\/uploads\\\/2025\\\/05\\\/cropped-vitablanca.png\",\"contentUrl\":\"https:\\\/\\\/vitablanca.ma\\\/wp-content\\\/uploads\\\/2025\\\/05\\\/cropped-vitablanca.png\",\"width\":360,\"height\":67,\"caption\":\"VitaBlanca\"},\"image\":{\"@id\":\"https:\\\/\\\/vitablanca.ma\\\/#\\\/schema\\\/logo\\\/image\\\/\"},\"sameAs\":[\"https:\\\/\\\/www.facebook.com\\\/profile.php?id=61576678196717\",\"https:\\\/\\\/www.tiktok.com\\\/@vitablanca.ma\",\"https:\\\/\\\/www.instagram.com\\\/vitablanca.ma\\\/\"]}]}<\/script>\n<!-- \/ Yoast SEO plugin. -->","yoast_head_json":{"title":"Solaray DIM Supreme - 60 Capsules V\u00e9g\u00e9tariennes Prix Maroc","description":"Achetez Solaray DIM Supreme au Maroc. 60 capsules v\u00e9g\u00e9tariennes pour soutenir l'\u00e9quilibre hormonal et le m\u00e9tabolisme des \u0153strog\u00e8nes.","robots":{"index":"index","follow":"follow","max-snippet":"max-snippet:-1","max-image-preview":"max-image-preview:large","max-video-preview":"max-video-preview:-1"},"canonical":"https:\/\/vitablanca.ma\/ar\/product-2\/solaray-dim-supremee-60-vegetarian-capsules_maroc\/","og_locale":"ar_AR","og_type":"article","og_title":"Solaray DIM Supreme - 60 Capsules V\u00e9g\u00e9tariennes Prix Maroc","og_description":"Achetez Solaray DIM Supreme au Maroc. 60 capsules v\u00e9g\u00e9tariennes pour soutenir l'\u00e9quilibre hormonal et le m\u00e9tabolisme des \u0153strog\u00e8nes.","og_url":"https:\/\/vitablanca.ma\/ar\/product-2\/solaray-dim-supremee-60-vegetarian-capsules_maroc\/","og_site_name":"Vitablanca.ma &ndash; Sant&eacute;, vitalit&eacute; et bien-&ecirc;tre pour tous les Marocains","article_publisher":"https:\/\/www.facebook.com\/profile.php?id=61576678196717","article_modified_time":"2025-11-11T11:48:25+00:00","og_image":[{"width":680,"height":680,"url":"https:\/\/vitablanca.ma\/wp-content\/uploads\/2025\/06\/dim-supremee-60-vegetarian-capsules-solaray-.jpg","type":"image\/jpeg"}],"twitter_card":"summary_large_image","twitter_misc":{"\u0648\u0642\u062a \u0627\u0644\u0642\u0631\u0627\u0621\u0629 \u0627\u0644\u0645\u064f\u0642\u062f\u0651\u0631":"\u062f\u0642\u064a\u0642\u0629 \u0648\u0627\u062d\u062f\u0629"},"schema":{"@context":"https:\/\/schema.org","@graph":[{"@type":["WebPage","ItemPage"],"@id":"https:\/\/vitablanca.ma\/produit\/solaray-dim-supremee-60-vegetarian-capsules_maroc\/","url":"https:\/\/vitablanca.ma\/produit\/solaray-dim-supremee-60-vegetarian-capsules_maroc\/","name":"Solaray DIM Supreme - 60 Capsules V\u00e9g\u00e9tariennes Prix Maroc","isPartOf":{"@id":"https:\/\/vitablanca.ma\/#website"},"primaryImageOfPage":{"@id":"https:\/\/vitablanca.ma\/produit\/solaray-dim-supremee-60-vegetarian-capsules_maroc\/#primaryimage"},"image":{"@id":"https:\/\/vitablanca.ma\/produit\/solaray-dim-supremee-60-vegetarian-capsules_maroc\/#primaryimage"},"thumbnailUrl":"https:\/\/vitablanca.ma\/wp-content\/uploads\/2025\/06\/dim-supremee-60-vegetarian-capsules-solaray-.jpg","datePublished":"2025-06-17T01:10:23+00:00","dateModified":"2025-11-11T11:48:25+00:00","description":"Achetez Solaray DIM Supreme au Maroc. 60 capsules v\u00e9g\u00e9tariennes pour soutenir l'\u00e9quilibre hormonal et le m\u00e9tabolisme des \u0153strog\u00e8nes.","breadcrumb":{"@id":"https:\/\/vitablanca.ma\/produit\/solaray-dim-supremee-60-vegetarian-capsules_maroc\/#breadcrumb"},"inLanguage":"ar","potentialAction":[{"@type":"ReadAction","target":["https:\/\/vitablanca.ma\/produit\/solaray-dim-supremee-60-vegetarian-capsules_maroc\/"]}]},{"@type":"ImageObject","inLanguage":"ar","@id":"https:\/\/vitablanca.ma\/produit\/solaray-dim-supremee-60-vegetarian-capsules_maroc\/#primaryimage","url":"https:\/\/vitablanca.ma\/wp-content\/uploads\/2025\/06\/dim-supremee-60-vegetarian-capsules-solaray-.jpg","contentUrl":"https:\/\/vitablanca.ma\/wp-content\/uploads\/2025\/06\/dim-supremee-60-vegetarian-capsules-solaray-.jpg","width":680,"height":680},{"@type":"BreadcrumbList","@id":"https:\/\/vitablanca.ma\/produit\/solaray-dim-supremee-60-vegetarian-capsules_maroc\/#breadcrumb","itemListElement":[{"@type":"ListItem","position":1,"name":"Home","item":"https:\/\/vitablanca.ma\/"},{"@type":"ListItem","position":2,"name":"Tous Les Produits","item":"https:\/\/vitablanca.ma\/tous-les-produits\/"},{"@type":"ListItem","position":3,"name":"Solaray DIM Supremee, 60 Vegetarian Capsules"}]},{"@type":"WebSite","@id":"https:\/\/vitablanca.ma\/#website","url":"https:\/\/vitablanca.ma\/","name":"VitaBlanca.ma | \u0627\u0644\u0645\u0643\u0645\u0644\u0627\u062a \u0627\u0644\u063a\u0630\u0627\u0626\u064a\u0629\u060c \u0627\u0644\u0635\u062d\u0629 \u0648\u0627\u0644\u062c\u0645\u0627\u0644 \u0641\u064a \u0627\u0644\u0645\u063a\u0631\u0628","description":"\u0646\u0628\u064a\u0639 \u0641\u064a\u062a\u0627\u0645\u064a\u0646\u0627\u062a \u0648\u0645\u0643\u0645\u0644\u0627\u062a \u063a\u0630\u0627\u0626\u064a\u0629 \u0641\u0627\u062e\u0631\u0629 \u0645\u0646 \u0627\u0644\u0648\u0644\u0627\u064a\u0627\u062a \u0627\u0644\u0645\u062a\u062d\u062f\u0629 \u0627\u0644\u0623\u0645\u0631\u064a\u0643\u064a\u0629 \u0648\u0643\u0646\u062f\u0627 \u0648\u0646\u064a\u0648\u0632\u064a\u0644\u0646\u062f\u0627 \u0648\u0627\u0644\u0645\u063a\u0631\u0628 (\u0646\u0627\u0648 \u0641\u0648\u062f\u0632\u060c \u0633\u0648\u0644\u062c\u0627\u0631\u060c \u0645\u0627\u0646\u0648\u0643\u0627). \u062a\u0648\u0635\u064a\u0644 \u0633\u0631\u064a\u0639 \u0625\u0644\u0649 \u062c\u0645\u064a\u0639 \u0623\u0646\u062d\u0627\u0621 \u0627\u0644\u0645\u063a\u0631\u0628.","publisher":{"@id":"https:\/\/vitablanca.ma\/#organization"},"alternateName":"VitaBlanca.ma","potentialAction":[{"@type":"SearchAction","target":{"@type":"EntryPoint","urlTemplate":"https:\/\/vitablanca.ma\/?s={search_term_string}"},"query-input":{"@type":"PropertyValueSpecification","valueRequired":true,"valueName":"search_term_string"}}],"inLanguage":"ar"},{"@type":"Organization","@id":"https:\/\/vitablanca.ma\/#organization","name":"\u0641\u064a\u062a\u0627\u0628\u0644\u0627\u0646\u0643\u0627","url":"https:\/\/vitablanca.ma\/","logo":{"@type":"ImageObject","inLanguage":"ar","@id":"https:\/\/vitablanca.ma\/#\/schema\/logo\/image\/","url":"https:\/\/vitablanca.ma\/wp-content\/uploads\/2025\/05\/cropped-vitablanca.png","contentUrl":"https:\/\/vitablanca.ma\/wp-content\/uploads\/2025\/05\/cropped-vitablanca.png","width":360,"height":67,"caption":"VitaBlanca"},"image":{"@id":"https:\/\/vitablanca.ma\/#\/schema\/logo\/image\/"},"sameAs":["https:\/\/www.facebook.com\/profile.php?id=61576678196717","https:\/\/www.tiktok.com\/@vitablanca.ma","https:\/\/www.instagram.com\/vitablanca.ma\/"]}]}},"jetpack_sharing_enabled":true,"_links":{"self":[{"href":"https:\/\/vitablanca.ma\/ar\/wp-json\/wp\/v2\/product\/22733","targetHints":{"allow":["GET"]}}],"collection":[{"href":"https:\/\/vitablanca.ma\/ar\/wp-json\/wp\/v2\/product"}],"about":[{"href":"https:\/\/vitablanca.ma\/ar\/wp-json\/wp\/v2\/types\/product"}],"wp:featuredmedia":[{"embeddable":true,"href":"https:\/\/vitablanca.ma\/ar\/wp-json\/wp\/v2\/media\/22734"}],"wp:attachment":[{"href":"https:\/\/vitablanca.ma\/ar\/wp-json\/wp\/v2\/media?parent=22733"}],"wp:term":[{"taxonomy":"product_brand","embeddable":true,"href":"https:\/\/vitablanca.ma\/ar\/wp-json\/wp\/v2\/product_brand?post=22733"},{"taxonomy":"product_cat","embeddable":true,"href":"https:\/\/vitablanca.ma\/ar\/wp-json\/wp\/v2\/product_cat?post=22733"},{"taxonomy":"product_tag","embeddable":true,"href":"https:\/\/vitablanca.ma\/ar\/wp-json\/wp\/v2\/product_tag?post=22733"}],"curies":[{"name":"wp","href":"https:\/\/api.w.org\/{rel}","templated":true}]}}