{"id":22700,"date":"2025-06-15T17:28:59","date_gmt":"2025-06-15T17:28:59","guid":{"rendered":"https:\/\/vitablanca.ma\/?post_type=product&#038;p=22700"},"modified":"2025-12-03T19:18:44","modified_gmt":"2025-12-03T19:18:44","slug":"solaray-extrait-de-graine-de-chardon-marie-un-jour-350-mg-60-vegcaps-maroc","status":"publish","type":"product","link":"https:\/\/vitablanca.ma\/ar\/product-2\/solaray-extrait-de-graine-de-chardon-marie-un-jour-350-mg-60-vegcaps-maroc\/","title":{"rendered":"\u0645\u0633\u062a\u062e\u0644\u0635 \u0628\u0630\u0648\u0631 \u0634\u0648\u0643 \u0627\u0644\u062d\u0644\u064a\u0628 \u0645\u0646 \u0633\u0648\u0644\u0627\u0631\u0627\u064a\u060c \u064a\u0648\u0645 \u0648\u0627\u062d\u062f\u060c 350 \u0645\u0644\u063a\u060c 60 \u0643\u0628\u0633\u0648\u0644\u0629 \u0646\u0628\u0627\u062a\u064a\u0629"},"content":{"rendered":"<p>Le chardon-Marie est une plante bisannuelle, associ\u00e9e \u00e0 une l\u00e9gende du Moyen Age. Il est r\u00e9put\u00e9 pour traiter les calculs biliaires, l&rsquo; insuffisance h\u00e9patique et les r\u00e8gles abondantes. Il est notamment connu pour ses effets b\u00e9n\u00e9fiques sur la cirrhose du foie et son pouvoir h\u00e9patoprotecteur.<\/p>\n\n\n\n<p>Action sur le foie : traite la cirrhose du foie, ralentit sa progression. Certaines substances du chardon-Marie ont un pouvoir h\u00e9patoprotecteur. Traite \u00e9galement l&rsquo;insuffisance h\u00e9patique, les calculs biliaires et les r\u00e8gles abondantes. Aide \u00e0 la reconstruction des cellules endommag\u00e9es, afin d&rsquo;en restaurer la capacit\u00e9 m\u00e9tabolique. Apaise les crampes digestives, antispasmodique. Antid\u00e9presseur.<\/p>\n\n\n\n<p>Les troubles du foie, les maladies li\u00e9es \u00e0 cet organe, les troubles digestifs. Le chardon-Marie permet, surtout, la formation d&rsquo;un complexe h\u00e9patoprotecteur.<\/p>\n\n\n\n<p>Autres indications th\u00e9rapeutiques d\u00e9montr\u00e9es<\/p>\n\n\n\n<p>Indications tr\u00e8s diverses comme des actions contre le diab\u00e8te. Utilis\u00e9 \u00e9galement contre la d\u00e9pression.<\/p>\n\n\n\n<p>Le chardon-Marie \u00e9tait utilis\u00e9, d\u00e8s l&rsquo;Antiquit\u00e9 puis au Moyen-Age, pour traiter les probl\u00e8mes h\u00e9patiques, notamment les troubles biliaires ou touchant le foie. Plus tard, au XIXe si\u00e8cle, on l&rsquo;exploita pour traiter certains troubles menstruels, comme les r\u00e8gles abondantes, mais aussi les varices et les congestions de la v\u00e9sicule biliaire et des reins. Aujourd&rsquo;hui, il permet de lutter contre l&rsquo;insuffisance h\u00e9patique.<a href=\"https:\/\/www.jumia.ma\/customer\/account\/login\/?tkWl=SO243DV1FW8URNAFAMZ-35091808&amp;return=%2Fsolaray-extrait-de-graine-de-chardon-marie-un-jour-350-mg-60-vegcaps-38846178.html\"><\/a><\/p>","protected":false},"excerpt":{"rendered":"<ul>\n<li>\u0645\u0643\u0645\u0644 \u063a\u0630\u0627\u0626\u064a<\/li>\n<li>Silybum Marianum<\/li>\n<li>80% de silymarine<\/li>\n<li>350 mg par capsule<\/li>\n<li>\u0642\u0648\u0629 \u0645\u0636\u0645\u0648\u0646\u0629<\/li>\n<li>\u062a\u0645 \u0627\u0644\u062a\u062d\u0642\u0642 \u0645\u0646 \u0627\u0644\u0645\u062e\u062a\u0628\u0631<\/li>\n<li>\u062e\u0627\u0644\u064a\u0629 \u0645\u0646 \u0627\u0644\u0643\u0627\u0626\u0646\u0627\u062a \u0627\u0644\u0645\u0639\u062f\u0644\u0629 \u0648\u0631\u0627\u062b\u064a\u064b\u0627<\/li>\n<li>100% \u0646\u0628\u0627\u062a\u064a<\/li>\n<li>Originaire de la r\u00e9gion m\u00e9diterran\u00e9enne, le chardon-Marie est utilis\u00e9 en m\u00e9decine depuis plus de 3 000 ans.<\/li>\n<\/ul>","protected":false},"featured_media":22704,"template":"","meta":{"om_disable_all_campaigns":false},"product_brand":[673],"product_cat":[18,2837,3366,104,19],"product_tag":[2838,2835,2843,2836,1000,2445,2833,2839,2832,2834,2841,1847,2842],"class_list":{"0":"post-22700","1":"product","2":"type-product","3":"status-publish","4":"has-post-thumbnail","6":"product_brand-solaray-maroc-prix","7":"product_cat-beaute-sante","8":"product_cat-chardon","9":"product_cat-complements-alimentaires-au-maroc-vitablanca","10":"product_cat-supplements-a-base-de-plantes","11":"product_cat-vitamines-supplements-dietetiques","12":"product_tag-chardon-marie-foie-digestion","13":"product_tag-chardon-marie-solaray-maroc","14":"product_tag-chardon-marie-vegcaps-maroc","15":"product_tag-complement-foie-digestion","16":"product_tag-complement-hepatique","17":"product_tag-detox-foie-maroc","18":"product_tag-detox-foie-naturel","19":"product_tag-extrait-chardon-marie-350mg-maroc","20":"product_tag-silymarine","21":"product_tag-solaray-chardon-marie-350-mg","22":"product_tag-solaray-chardon-marie-maroc","23":"product_tag-solaray-maroc","24":"product_tag-soutien-hepatique-maroc","26":"first","27":"instock","28":"sale","29":"taxable","30":"shipping-taxable","31":"purchasable","32":"product-type-simple"},"yoast_head":"<!-- This site is optimized with the Yoast SEO plugin v27.4 - https:\/\/yoast.com\/product\/yoast-seo-wordpress\/ -->\n<title>Solaray Chardon Marie Extrait 350 mg, 60 VegCaps - Maroc Prix<\/title>\n<meta name=\"description\" content=\"Achetez Solaray Extrait de Chardon-Marie 350 mg au Maroc. 60 VegCaps pour un soutien h\u00e9patique et une d\u00e9toxification quotidienne. Livraison rapide.\" \/>\n<meta name=\"robots\" content=\"index, follow, max-snippet:-1, max-image-preview:large, max-video-preview:-1\" \/>\n<link rel=\"canonical\" href=\"https:\/\/vitablanca.ma\/ar\/product-2\/solaray-extrait-de-graine-de-chardon-marie-un-jour-350-mg-60-vegcaps-maroc\/\" \/>\n<meta property=\"og:locale\" content=\"ar_AR\" \/>\n<meta property=\"og:type\" content=\"article\" \/>\n<meta property=\"og:title\" content=\"Solaray Chardon Marie Extrait 350 mg, 60 VegCaps - Maroc Prix\" \/>\n<meta property=\"og:description\" content=\"Achetez Solaray Extrait de Chardon-Marie 350 mg au Maroc. 60 VegCaps pour un soutien h\u00e9patique et une d\u00e9toxification quotidienne. Livraison rapide.\" \/>\n<meta property=\"og:url\" content=\"https:\/\/vitablanca.ma\/ar\/product-2\/solaray-extrait-de-graine-de-chardon-marie-un-jour-350-mg-60-vegcaps-maroc\/\" \/>\n<meta property=\"og:site_name\" content=\"Vitablanca.ma &ndash; Sant&eacute;, vitalit&eacute; et bien-&ecirc;tre pour tous les Marocains\" \/>\n<meta property=\"article:publisher\" content=\"https:\/\/www.facebook.com\/profile.php?id=61576678196717\" \/>\n<meta property=\"article:modified_time\" content=\"2025-12-03T19:18:44+00:00\" \/>\n<meta property=\"og:image\" content=\"https:\/\/vitablanca.ma\/wp-content\/uploads\/2025\/06\/solaray-extrait-de-graine-de-chardon-marie-un-jour-350-mg-60-1-1.jpg\" \/>\n\t<meta property=\"og:image:width\" content=\"700\" \/>\n\t<meta property=\"og:image:height\" content=\"700\" \/>\n\t<meta property=\"og:image:type\" content=\"image\/jpeg\" \/>\n<meta name=\"twitter:card\" content=\"summary_large_image\" \/>\n<meta name=\"twitter:label1\" content=\"\u0648\u0642\u062a \u0627\u0644\u0642\u0631\u0627\u0621\u0629 \u0627\u0644\u0645\u064f\u0642\u062f\u0651\u0631\" \/>\n\t<meta name=\"twitter:data1\" content=\"\u062f\u0642\u064a\u0642\u062a\u0627\u0646\" \/>\n<script type=\"application\/ld+json\" class=\"yoast-schema-graph\">{\"@context\":\"https:\\\/\\\/schema.org\",\"@graph\":[{\"@type\":[\"WebPage\",\"ItemPage\"],\"@id\":\"https:\\\/\\\/vitablanca.ma\\\/produit\\\/solaray-extrait-de-graine-de-chardon-marie-un-jour-350-mg-60-vegcaps-maroc\\\/\",\"url\":\"https:\\\/\\\/vitablanca.ma\\\/produit\\\/solaray-extrait-de-graine-de-chardon-marie-un-jour-350-mg-60-vegcaps-maroc\\\/\",\"name\":\"Solaray Chardon Marie Extrait 350 mg, 60 VegCaps - Maroc Prix\",\"isPartOf\":{\"@id\":\"https:\\\/\\\/vitablanca.ma\\\/#website\"},\"primaryImageOfPage\":{\"@id\":\"https:\\\/\\\/vitablanca.ma\\\/produit\\\/solaray-extrait-de-graine-de-chardon-marie-un-jour-350-mg-60-vegcaps-maroc\\\/#primaryimage\"},\"image\":{\"@id\":\"https:\\\/\\\/vitablanca.ma\\\/produit\\\/solaray-extrait-de-graine-de-chardon-marie-un-jour-350-mg-60-vegcaps-maroc\\\/#primaryimage\"},\"thumbnailUrl\":\"https:\\\/\\\/vitablanca.ma\\\/wp-content\\\/uploads\\\/2025\\\/06\\\/solaray-extrait-de-graine-de-chardon-marie-un-jour-350-mg-60-1-1.jpg\",\"datePublished\":\"2025-06-15T17:28:59+00:00\",\"dateModified\":\"2025-12-03T19:18:44+00:00\",\"description\":\"Achetez Solaray Extrait de Chardon-Marie 350 mg au Maroc. 60 VegCaps pour un soutien h\u00e9patique et une d\u00e9toxification quotidienne. Livraison rapide.\",\"breadcrumb\":{\"@id\":\"https:\\\/\\\/vitablanca.ma\\\/produit\\\/solaray-extrait-de-graine-de-chardon-marie-un-jour-350-mg-60-vegcaps-maroc\\\/#breadcrumb\"},\"inLanguage\":\"ar\",\"potentialAction\":[{\"@type\":\"ReadAction\",\"target\":[\"https:\\\/\\\/vitablanca.ma\\\/produit\\\/solaray-extrait-de-graine-de-chardon-marie-un-jour-350-mg-60-vegcaps-maroc\\\/\"]}]},{\"@type\":\"ImageObject\",\"inLanguage\":\"ar\",\"@id\":\"https:\\\/\\\/vitablanca.ma\\\/produit\\\/solaray-extrait-de-graine-de-chardon-marie-un-jour-350-mg-60-vegcaps-maroc\\\/#primaryimage\",\"url\":\"https:\\\/\\\/vitablanca.ma\\\/wp-content\\\/uploads\\\/2025\\\/06\\\/solaray-extrait-de-graine-de-chardon-marie-un-jour-350-mg-60-1-1.jpg\",\"contentUrl\":\"https:\\\/\\\/vitablanca.ma\\\/wp-content\\\/uploads\\\/2025\\\/06\\\/solaray-extrait-de-graine-de-chardon-marie-un-jour-350-mg-60-1-1.jpg\",\"width\":700,\"height\":700},{\"@type\":\"BreadcrumbList\",\"@id\":\"https:\\\/\\\/vitablanca.ma\\\/produit\\\/solaray-extrait-de-graine-de-chardon-marie-un-jour-350-mg-60-vegcaps-maroc\\\/#breadcrumb\",\"itemListElement\":[{\"@type\":\"ListItem\",\"position\":1,\"name\":\"Home\",\"item\":\"https:\\\/\\\/vitablanca.ma\\\/\"},{\"@type\":\"ListItem\",\"position\":2,\"name\":\"Tous Les Produits\",\"item\":\"https:\\\/\\\/vitablanca.ma\\\/tous-les-produits\\\/\"},{\"@type\":\"ListItem\",\"position\":3,\"name\":\"Solaray extrait de graine de chardon-Marie, un jour, 350 mg, 60 VegCaps\"}]},{\"@type\":\"WebSite\",\"@id\":\"https:\\\/\\\/vitablanca.ma\\\/#website\",\"url\":\"https:\\\/\\\/vitablanca.ma\\\/\",\"name\":\"VitaBlanca.ma | Compl\u00e9ments alimentaires, sant\u00e9 & beaut\u00e9 au Maroc\",\"description\":\"vendre vitamines et compl\u00e9ments premium des USA &amp; Canada, Nouvelle Z\u00e9lande,Maroc (NOW Foods, Solgar, Manuka). Livraison rapide partout au Maroc.\",\"publisher\":{\"@id\":\"https:\\\/\\\/vitablanca.ma\\\/#organization\"},\"alternateName\":\"VitaBlanca.ma\",\"potentialAction\":[{\"@type\":\"SearchAction\",\"target\":{\"@type\":\"EntryPoint\",\"urlTemplate\":\"https:\\\/\\\/vitablanca.ma\\\/?s={search_term_string}\"},\"query-input\":{\"@type\":\"PropertyValueSpecification\",\"valueRequired\":true,\"valueName\":\"search_term_string\"}}],\"inLanguage\":\"ar\"},{\"@type\":\"Organization\",\"@id\":\"https:\\\/\\\/vitablanca.ma\\\/#organization\",\"name\":\"VitaBlanca\",\"url\":\"https:\\\/\\\/vitablanca.ma\\\/\",\"logo\":{\"@type\":\"ImageObject\",\"inLanguage\":\"ar\",\"@id\":\"https:\\\/\\\/vitablanca.ma\\\/#\\\/schema\\\/logo\\\/image\\\/\",\"url\":\"https:\\\/\\\/vitablanca.ma\\\/wp-content\\\/uploads\\\/2025\\\/05\\\/cropped-vitablanca.png\",\"contentUrl\":\"https:\\\/\\\/vitablanca.ma\\\/wp-content\\\/uploads\\\/2025\\\/05\\\/cropped-vitablanca.png\",\"width\":360,\"height\":67,\"caption\":\"VitaBlanca\"},\"image\":{\"@id\":\"https:\\\/\\\/vitablanca.ma\\\/#\\\/schema\\\/logo\\\/image\\\/\"},\"sameAs\":[\"https:\\\/\\\/www.facebook.com\\\/profile.php?id=61576678196717\",\"https:\\\/\\\/www.tiktok.com\\\/@vitablanca.ma\",\"https:\\\/\\\/www.instagram.com\\\/vitablanca.ma\\\/\"]}]}<\/script>\n<!-- \/ Yoast SEO plugin. -->","yoast_head_json":{"title":"Solaray Chardon Marie Extrait 350 mg, 60 VegCaps - Maroc Prix","description":"Achetez Solaray Extrait de Chardon-Marie 350 mg au Maroc. 60 VegCaps pour un soutien h\u00e9patique et une d\u00e9toxification quotidienne. Livraison rapide.","robots":{"index":"index","follow":"follow","max-snippet":"max-snippet:-1","max-image-preview":"max-image-preview:large","max-video-preview":"max-video-preview:-1"},"canonical":"https:\/\/vitablanca.ma\/ar\/product-2\/solaray-extrait-de-graine-de-chardon-marie-un-jour-350-mg-60-vegcaps-maroc\/","og_locale":"ar_AR","og_type":"article","og_title":"Solaray Chardon Marie Extrait 350 mg, 60 VegCaps - Maroc Prix","og_description":"Achetez Solaray Extrait de Chardon-Marie 350 mg au Maroc. 60 VegCaps pour un soutien h\u00e9patique et une d\u00e9toxification quotidienne. Livraison rapide.","og_url":"https:\/\/vitablanca.ma\/ar\/product-2\/solaray-extrait-de-graine-de-chardon-marie-un-jour-350-mg-60-vegcaps-maroc\/","og_site_name":"Vitablanca.ma &ndash; Sant&eacute;, vitalit&eacute; et bien-&ecirc;tre pour tous les Marocains","article_publisher":"https:\/\/www.facebook.com\/profile.php?id=61576678196717","article_modified_time":"2025-12-03T19:18:44+00:00","og_image":[{"width":700,"height":700,"url":"https:\/\/vitablanca.ma\/wp-content\/uploads\/2025\/06\/solaray-extrait-de-graine-de-chardon-marie-un-jour-350-mg-60-1-1.jpg","type":"image\/jpeg"}],"twitter_card":"summary_large_image","twitter_misc":{"\u0648\u0642\u062a \u0627\u0644\u0642\u0631\u0627\u0621\u0629 \u0627\u0644\u0645\u064f\u0642\u062f\u0651\u0631":"\u062f\u0642\u064a\u0642\u062a\u0627\u0646"},"schema":{"@context":"https:\/\/schema.org","@graph":[{"@type":["WebPage","ItemPage"],"@id":"https:\/\/vitablanca.ma\/produit\/solaray-extrait-de-graine-de-chardon-marie-un-jour-350-mg-60-vegcaps-maroc\/","url":"https:\/\/vitablanca.ma\/produit\/solaray-extrait-de-graine-de-chardon-marie-un-jour-350-mg-60-vegcaps-maroc\/","name":"Solaray Chardon Marie Extrait 350 mg, 60 VegCaps - Maroc Prix","isPartOf":{"@id":"https:\/\/vitablanca.ma\/#website"},"primaryImageOfPage":{"@id":"https:\/\/vitablanca.ma\/produit\/solaray-extrait-de-graine-de-chardon-marie-un-jour-350-mg-60-vegcaps-maroc\/#primaryimage"},"image":{"@id":"https:\/\/vitablanca.ma\/produit\/solaray-extrait-de-graine-de-chardon-marie-un-jour-350-mg-60-vegcaps-maroc\/#primaryimage"},"thumbnailUrl":"https:\/\/vitablanca.ma\/wp-content\/uploads\/2025\/06\/solaray-extrait-de-graine-de-chardon-marie-un-jour-350-mg-60-1-1.jpg","datePublished":"2025-06-15T17:28:59+00:00","dateModified":"2025-12-03T19:18:44+00:00","description":"Achetez Solaray Extrait de Chardon-Marie 350 mg au Maroc. 60 VegCaps pour un soutien h\u00e9patique et une d\u00e9toxification quotidienne. Livraison rapide.","breadcrumb":{"@id":"https:\/\/vitablanca.ma\/produit\/solaray-extrait-de-graine-de-chardon-marie-un-jour-350-mg-60-vegcaps-maroc\/#breadcrumb"},"inLanguage":"ar","potentialAction":[{"@type":"ReadAction","target":["https:\/\/vitablanca.ma\/produit\/solaray-extrait-de-graine-de-chardon-marie-un-jour-350-mg-60-vegcaps-maroc\/"]}]},{"@type":"ImageObject","inLanguage":"ar","@id":"https:\/\/vitablanca.ma\/produit\/solaray-extrait-de-graine-de-chardon-marie-un-jour-350-mg-60-vegcaps-maroc\/#primaryimage","url":"https:\/\/vitablanca.ma\/wp-content\/uploads\/2025\/06\/solaray-extrait-de-graine-de-chardon-marie-un-jour-350-mg-60-1-1.jpg","contentUrl":"https:\/\/vitablanca.ma\/wp-content\/uploads\/2025\/06\/solaray-extrait-de-graine-de-chardon-marie-un-jour-350-mg-60-1-1.jpg","width":700,"height":700},{"@type":"BreadcrumbList","@id":"https:\/\/vitablanca.ma\/produit\/solaray-extrait-de-graine-de-chardon-marie-un-jour-350-mg-60-vegcaps-maroc\/#breadcrumb","itemListElement":[{"@type":"ListItem","position":1,"name":"Home","item":"https:\/\/vitablanca.ma\/"},{"@type":"ListItem","position":2,"name":"Tous Les Produits","item":"https:\/\/vitablanca.ma\/tous-les-produits\/"},{"@type":"ListItem","position":3,"name":"Solaray extrait de graine de chardon-Marie, un jour, 350 mg, 60 VegCaps"}]},{"@type":"WebSite","@id":"https:\/\/vitablanca.ma\/#website","url":"https:\/\/vitablanca.ma\/","name":"VitaBlanca.ma | \u0627\u0644\u0645\u0643\u0645\u0644\u0627\u062a \u0627\u0644\u063a\u0630\u0627\u0626\u064a\u0629\u060c \u0627\u0644\u0635\u062d\u0629 \u0648\u0627\u0644\u062c\u0645\u0627\u0644 \u0641\u064a \u0627\u0644\u0645\u063a\u0631\u0628","description":"\u0646\u0628\u064a\u0639 \u0641\u064a\u062a\u0627\u0645\u064a\u0646\u0627\u062a \u0648\u0645\u0643\u0645\u0644\u0627\u062a \u063a\u0630\u0627\u0626\u064a\u0629 \u0641\u0627\u062e\u0631\u0629 \u0645\u0646 \u0627\u0644\u0648\u0644\u0627\u064a\u0627\u062a \u0627\u0644\u0645\u062a\u062d\u062f\u0629 \u0627\u0644\u0623\u0645\u0631\u064a\u0643\u064a\u0629 \u0648\u0643\u0646\u062f\u0627 \u0648\u0646\u064a\u0648\u0632\u064a\u0644\u0646\u062f\u0627 \u0648\u0627\u0644\u0645\u063a\u0631\u0628 (\u0646\u0627\u0648 \u0641\u0648\u062f\u0632\u060c \u0633\u0648\u0644\u062c\u0627\u0631\u060c \u0645\u0627\u0646\u0648\u0643\u0627). \u062a\u0648\u0635\u064a\u0644 \u0633\u0631\u064a\u0639 \u0625\u0644\u0649 \u062c\u0645\u064a\u0639 \u0623\u0646\u062d\u0627\u0621 \u0627\u0644\u0645\u063a\u0631\u0628.","publisher":{"@id":"https:\/\/vitablanca.ma\/#organization"},"alternateName":"VitaBlanca.ma","potentialAction":[{"@type":"SearchAction","target":{"@type":"EntryPoint","urlTemplate":"https:\/\/vitablanca.ma\/?s={search_term_string}"},"query-input":{"@type":"PropertyValueSpecification","valueRequired":true,"valueName":"search_term_string"}}],"inLanguage":"ar"},{"@type":"Organization","@id":"https:\/\/vitablanca.ma\/#organization","name":"\u0641\u064a\u062a\u0627\u0628\u0644\u0627\u0646\u0643\u0627","url":"https:\/\/vitablanca.ma\/","logo":{"@type":"ImageObject","inLanguage":"ar","@id":"https:\/\/vitablanca.ma\/#\/schema\/logo\/image\/","url":"https:\/\/vitablanca.ma\/wp-content\/uploads\/2025\/05\/cropped-vitablanca.png","contentUrl":"https:\/\/vitablanca.ma\/wp-content\/uploads\/2025\/05\/cropped-vitablanca.png","width":360,"height":67,"caption":"VitaBlanca"},"image":{"@id":"https:\/\/vitablanca.ma\/#\/schema\/logo\/image\/"},"sameAs":["https:\/\/www.facebook.com\/profile.php?id=61576678196717","https:\/\/www.tiktok.com\/@vitablanca.ma","https:\/\/www.instagram.com\/vitablanca.ma\/"]}]}},"jetpack_sharing_enabled":true,"_links":{"self":[{"href":"https:\/\/vitablanca.ma\/ar\/wp-json\/wp\/v2\/product\/22700","targetHints":{"allow":["GET"]}}],"collection":[{"href":"https:\/\/vitablanca.ma\/ar\/wp-json\/wp\/v2\/product"}],"about":[{"href":"https:\/\/vitablanca.ma\/ar\/wp-json\/wp\/v2\/types\/product"}],"wp:featuredmedia":[{"embeddable":true,"href":"https:\/\/vitablanca.ma\/ar\/wp-json\/wp\/v2\/media\/22704"}],"wp:attachment":[{"href":"https:\/\/vitablanca.ma\/ar\/wp-json\/wp\/v2\/media?parent=22700"}],"wp:term":[{"taxonomy":"product_brand","embeddable":true,"href":"https:\/\/vitablanca.ma\/ar\/wp-json\/wp\/v2\/product_brand?post=22700"},{"taxonomy":"product_cat","embeddable":true,"href":"https:\/\/vitablanca.ma\/ar\/wp-json\/wp\/v2\/product_cat?post=22700"},{"taxonomy":"product_tag","embeddable":true,"href":"https:\/\/vitablanca.ma\/ar\/wp-json\/wp\/v2\/product_tag?post=22700"}],"curies":[{"name":"wp","href":"https:\/\/api.w.org\/{rel}","templated":true}]}}