{"id":22645,"date":"2025-06-11T22:40:49","date_gmt":"2025-06-11T22:40:49","guid":{"rendered":"https:\/\/vitablanca.ma\/product\/vichy-liftactiv-supeme-h-a-epidermic-filler-serum-30ml\/"},"modified":"2025-08-21T13:25:27","modified_gmt":"2025-08-21T13:25:27","slug":"vichy-liftactiv-supeme-h-a-epidermic-filler-serum-30ml","status":"publish","type":"product","link":"https:\/\/vitablanca.ma\/ar\/product-2\/vichy-liftactiv-supeme-h-a-epidermic-filler-serum-30ml\/","title":{"rendered":"Vichy Liftactiv Sup\u00eame HA Epidermic Filler Serum 30ml"},"content":{"rendered":"<h2>Vichy Liftactiv Sup\u00eame HA Epidermic Filler Serum 30ml<\/h2>\n<p>Naturellement pr\u00e9sent dans la peau, l\u2019acide hyaluronique est une mol\u00e9cule qui contribue \u00e0 sa fermet\u00e9. Mais sa concentration et sa production commencent \u00e0 d\u00e9cliner \u00e0 partir de la vingtaine, jusqu\u2019\u00e0 chuter brutalement \u00e0 partir de 40 ans. Pour conserver une peau rebondi et lisse, il est indispensable de combler les pertes en acide hyaluronique quotidiennes avec un s\u00e9rum \u00e0 l\u2019acide hyaluronique.<\/p>\n<p>LIFTACTIV SUPREME\u060c \u0645\u0635\u0644 \u062d\u0645\u0636 \u0627\u0644\u0647\u064a\u0627\u0644\u0648\u0631\u0648\u0646\u064a\u0643 \u0639\u0627\u0644\u064a \u0627\u0644\u062a\u0631\u0643\u064a\u0632 \u0627\u0644\u0645\u0636\u0627\u062f \u0644\u0644\u0634\u064a\u062e\u0648\u062e\u0629\u060c \u064a\u0633\u062a\u0647\u062f\u0641 \u0627\u0644\u062a\u062c\u0627\u0639\u064a\u062f \u0648\u0641\u0642\u062f\u0627\u0646 \u0627\u0644\u062a\u0645\u0627\u0633\u0643 \u0641\u064a \u0627\u0644\u0648\u062c\u0647 \u0648\u0645\u0646\u0637\u0642\u0629 \u0627\u0644\u0639\u064a\u0646\u064a\u0646. \u064a\u064f\u0637\u0628\u0642 \u0647\u0630\u0627 \u0627\u0644\u0645\u0635\u0644 \u0627\u0644\u0645\u0636\u0627\u062f \u0644\u0644\u0634\u064a\u062e\u0648\u062e\u0629 \u064a\u0648\u0645\u064a\u064b\u0627\u060c \u0644\u064a\u0645\u0646\u062d\u0643 \u0627\u0644\u062c\u0631\u0639\u0629 \u0627\u0644\u0645\u0646\u0627\u0633\u0628\u0629 \u0645\u0646 \u062d\u0645\u0636 \u0627\u0644\u0647\u064a\u0627\u0644\u0648\u0631\u0648\u0646\u064a\u0643 \u0644\u0646\u062a\u0627\u0626\u062c \u0633\u0631\u064a\u0639\u0629 \u0648\u0648\u0627\u0636\u062d\u0629.<\/p>\n<p>\u062a\u0645 \u062a\u0635\u0645\u064a\u0645\u0647 \u0644\u064a\u0646\u0627\u0633\u0628 \u062c\u0645\u064a\u0639 \u0623\u0646\u0648\u0627\u0639 \u0627\u0644\u0628\u0634\u0631\u0629\u060c \u062d\u064a\u062b \u064a\u0645\u062a\u0635 \u0627\u0644\u062c\u0644\u062f \u0642\u0648\u0627\u0645\u0647 \u0627\u0644\u0645\u0627\u0626\u064a \u0639\u0644\u0649 \u0627\u0644\u0641\u0648\u0631\u060c \u0645\u0645\u0627 \u064a\u0633\u0645\u062d \u0644\u0643 \u0628\u0645\u0648\u0627\u0635\u0644\u0629 \u0631\u0648\u062a\u064a\u0646 \u0627\u0644\u0639\u0646\u0627\u064a\u0629 \u0628\u0627\u0644\u0628\u0634\u0631\u0629 \u0627\u0644\u0645\u0636\u0627\u062f \u0644\u0644\u0634\u064a\u062e\u0648\u062e\u0629 \u062f\u0648\u0646 \u062a\u0623\u062e\u064a\u0631.<\/p>\n<p>\u064a\u0648\u0645\u0627 \u0628\u0639\u062f \u064a\u0648\u0645\u060c \u062a\u0635\u0628\u062d \u0627\u0644\u062a\u062c\u0627\u0639\u064a\u062f \u0623\u0642\u0644 \u0648\u0636\u0648\u062d\u0627\u060c \u0648\u064a\u0635\u0628\u062d \u0627\u0644\u062c\u0644\u062f \u0645\u0645\u062a\u0644\u0626\u0627 \u0648\u0645\u0631\u0646\u0627.<\/p>\n<p>*\u0628\u0646\u0627\u0621\u064b \u0639\u0644\u0649 \u062a\u0631\u0643\u064a\u0632 \u0627\u0644\u062a\u0631\u0643\u064a\u0628\u0629 \u0645\u0639 \u0627\u0644\u0627\u0633\u062a\u062e\u062f\u0627\u0645 \u0627\u0644\u064a\u0648\u0645\u064a \u0641\u064a \u0627\u0644\u0635\u0628\u0627\u062d \u0648\u0627\u0644\u0645\u0633\u0627\u0621.<\/p>\n<p><strong><span>\u0637\u0631\u064a\u0642\u0629 \u0627\u0644\u0627\u0633\u062a\u062e\u062f\u0627\u0645:<\/span><\/strong><\/p>\n<p>\u0635\u0628\u0627\u062d\u064b\u0627 \u0648\u0645\u0633\u0627\u0621\u064b\u060c \u0639\u0644\u0649 \u0628\u0634\u0631\u0629 \u0646\u0638\u064a\u0641\u0629 \u0648\u062c\u0627\u0641\u0629\u060c \u0636\u0639\u064a \u0628\u0636\u0639 \u0642\u0637\u0631\u0627\u062a \u0645\u0646 \u0645\u0635\u0644 \u062d\u0645\u0636 \u0627\u0644\u0647\u064a\u0627\u0644\u0648\u0631\u0648\u0646\u064a\u0643 HA Epidermic Filler \u0645\u0628\u0627\u0634\u0631\u0629 \u0639\u0644\u0649 \u0623\u0642\u062f\u0627\u0645 \u0627\u0644\u063a\u0631\u0627\u0628 \u0648\u0627\u0644\u062b\u0646\u064a\u0629 \u0627\u0644\u0623\u0646\u0641\u064a\u0629 \u0627\u0644\u0634\u0641\u0648\u064a\u0629\u060c \u062b\u0645 \u0642\u0648\u0645\u064a \u0628\u062a\u0648\u0632\u064a\u0639 \u0627\u0644\u0645\u0646\u062a\u062c \u0639\u0644\u0649 \u0627\u0644\u0648\u062c\u0647 \u0628\u0627\u0644\u0643\u0627\u0645\u0644.<\/p>\n<p>Compl\u00e9tez votre routine de soins anti-rides avec une cr\u00e8me de jour ou de nuit LIFTACTIV SUPREME, suivie d\u2019une cr\u00e8me solaire visage uniquement le matin.<\/p>","protected":false},"excerpt":{"rendered":"<p>Vichy Liftactiv Sup\u00eame H.A. Epidermic Filler S\u00e9rum 30ml Naturellement pr\u00e9sent dans la peau, l\u2019acide hyaluronique est une mol\u00e9cule qui contribue \u00e0 sa fermet\u00e9. Mais sa concentration et sa production commencent \u00e0 d\u00e9cliner \u00e0 partir de la vingtaine, jusqu\u2019\u00e0 chuter brutalement \u00e0 partir de 40 ans. Pour conserver une peau rebondi et lisse, il est indispensable [&hellip;]<\/p>\n","protected":false},"featured_media":22644,"template":"","meta":{"om_disable_all_campaigns":false},"product_brand":[3358],"product_cat":[18],"product_tag":[3359,3360,3361],"class_list":{"0":"post-22645","1":"product","2":"type-product","3":"status-publish","4":"has-post-thumbnail","6":"product_brand-vichy-maroc-prix-vitablanca","7":"product_cat-beaute-sante","8":"product_tag-vichy","9":"product_tag-vichy-maroc","10":"product_tag-vichy-morocco","12":"first","13":"instock","14":"sale","15":"taxable","16":"shipping-taxable","17":"purchasable","18":"product-type-simple"},"yoast_head":"<!-- This site is optimized with the Yoast SEO plugin v27.4 - https:\/\/yoast.com\/product\/yoast-seo-wordpress\/ -->\n<title>Vichy Liftactiv Supreme H.A. Epidermic Filler S\u00e9rum 30ml - Maroc<\/title>\n<meta name=\"description\" content=\"Achetez Vichy Liftactiv Supreme H.A. Epidermic Filler S\u00e9rum 30ml au Maroc. Hydrate, repulpe et corrige les rides. Livraison rapide.\" \/>\n<meta name=\"robots\" content=\"index, follow, max-snippet:-1, max-image-preview:large, max-video-preview:-1\" \/>\n<link rel=\"canonical\" href=\"https:\/\/vitablanca.ma\/ar\/product-2\/vichy-liftactiv-supeme-h-a-epidermic-filler-serum-30ml\/\" \/>\n<meta property=\"og:locale\" content=\"ar_AR\" \/>\n<meta property=\"og:type\" content=\"article\" \/>\n<meta property=\"og:title\" content=\"Vichy Liftactiv Supreme H.A. Epidermic Filler S\u00e9rum 30ml - Maroc\" \/>\n<meta property=\"og:description\" content=\"Achetez Vichy Liftactiv Supreme H.A. Epidermic Filler S\u00e9rum 30ml au Maroc. Hydrate, repulpe et corrige les rides. Livraison rapide.\" \/>\n<meta property=\"og:url\" content=\"https:\/\/vitablanca.ma\/ar\/product-2\/vichy-liftactiv-supeme-h-a-epidermic-filler-serum-30ml\/\" \/>\n<meta property=\"og:site_name\" content=\"Vitablanca.ma &ndash; Sant&eacute;, vitalit&eacute; et bien-&ecirc;tre pour tous les Marocains\" \/>\n<meta property=\"article:publisher\" content=\"https:\/\/www.facebook.com\/profile.php?id=61576678196717\" \/>\n<meta property=\"article:modified_time\" content=\"2025-08-21T13:25:27+00:00\" \/>\n<meta property=\"og:image\" content=\"https:\/\/vitablanca.ma\/wp-content\/uploads\/2025\/06\/vichy-liftactiv-supeme-ha-epidermic-filler-serum-30ml-Nova-para-prix-Maroc.jpg\" \/>\n\t<meta property=\"og:image:width\" content=\"800\" \/>\n\t<meta property=\"og:image:height\" content=\"800\" \/>\n\t<meta property=\"og:image:type\" content=\"image\/jpeg\" \/>\n<meta name=\"twitter:card\" content=\"summary_large_image\" \/>\n<meta name=\"twitter:label1\" content=\"\u0648\u0642\u062a \u0627\u0644\u0642\u0631\u0627\u0621\u0629 \u0627\u0644\u0645\u064f\u0642\u062f\u0651\u0631\" \/>\n\t<meta name=\"twitter:data1\" content=\"\u062f\u0642\u064a\u0642\u062a\u0627\u0646\" \/>\n<script type=\"application\/ld+json\" class=\"yoast-schema-graph\">{\"@context\":\"https:\\\/\\\/schema.org\",\"@graph\":[{\"@type\":[\"WebPage\",\"ItemPage\"],\"@id\":\"https:\\\/\\\/vitablanca.ma\\\/produit\\\/vichy-liftactiv-supeme-h-a-epidermic-filler-serum-30ml\\\/\",\"url\":\"https:\\\/\\\/vitablanca.ma\\\/produit\\\/vichy-liftactiv-supeme-h-a-epidermic-filler-serum-30ml\\\/\",\"name\":\"Vichy Liftactiv Supreme H.A. Epidermic Filler S\u00e9rum 30ml - Maroc\",\"isPartOf\":{\"@id\":\"https:\\\/\\\/vitablanca.ma\\\/#website\"},\"primaryImageOfPage\":{\"@id\":\"https:\\\/\\\/vitablanca.ma\\\/produit\\\/vichy-liftactiv-supeme-h-a-epidermic-filler-serum-30ml\\\/#primaryimage\"},\"image\":{\"@id\":\"https:\\\/\\\/vitablanca.ma\\\/produit\\\/vichy-liftactiv-supeme-h-a-epidermic-filler-serum-30ml\\\/#primaryimage\"},\"thumbnailUrl\":\"https:\\\/\\\/vitablanca.ma\\\/wp-content\\\/uploads\\\/2025\\\/06\\\/vichy-liftactiv-supeme-ha-epidermic-filler-serum-30ml-Nova-para-prix-Maroc.jpg\",\"datePublished\":\"2025-06-11T22:40:49+00:00\",\"dateModified\":\"2025-08-21T13:25:27+00:00\",\"description\":\"Achetez Vichy Liftactiv Supreme H.A. Epidermic Filler S\u00e9rum 30ml au Maroc. Hydrate, repulpe et corrige les rides. Livraison rapide.\",\"breadcrumb\":{\"@id\":\"https:\\\/\\\/vitablanca.ma\\\/produit\\\/vichy-liftactiv-supeme-h-a-epidermic-filler-serum-30ml\\\/#breadcrumb\"},\"inLanguage\":\"ar\",\"potentialAction\":[{\"@type\":\"ReadAction\",\"target\":[\"https:\\\/\\\/vitablanca.ma\\\/produit\\\/vichy-liftactiv-supeme-h-a-epidermic-filler-serum-30ml\\\/\"]}]},{\"@type\":\"ImageObject\",\"inLanguage\":\"ar\",\"@id\":\"https:\\\/\\\/vitablanca.ma\\\/produit\\\/vichy-liftactiv-supeme-h-a-epidermic-filler-serum-30ml\\\/#primaryimage\",\"url\":\"https:\\\/\\\/vitablanca.ma\\\/wp-content\\\/uploads\\\/2025\\\/06\\\/vichy-liftactiv-supeme-ha-epidermic-filler-serum-30ml-Nova-para-prix-Maroc.jpg\",\"contentUrl\":\"https:\\\/\\\/vitablanca.ma\\\/wp-content\\\/uploads\\\/2025\\\/06\\\/vichy-liftactiv-supeme-ha-epidermic-filler-serum-30ml-Nova-para-prix-Maroc.jpg\",\"width\":800,\"height\":800},{\"@type\":\"BreadcrumbList\",\"@id\":\"https:\\\/\\\/vitablanca.ma\\\/produit\\\/vichy-liftactiv-supeme-h-a-epidermic-filler-serum-30ml\\\/#breadcrumb\",\"itemListElement\":[{\"@type\":\"ListItem\",\"position\":1,\"name\":\"Home\",\"item\":\"https:\\\/\\\/vitablanca.ma\\\/\"},{\"@type\":\"ListItem\",\"position\":2,\"name\":\"Tous Les Produits\",\"item\":\"https:\\\/\\\/vitablanca.ma\\\/tous-les-produits\\\/\"},{\"@type\":\"ListItem\",\"position\":3,\"name\":\"Vichy Liftactiv Sup\u00eame H.A. Epidermic Filler S\u00e9rum 30ml\"}]},{\"@type\":\"WebSite\",\"@id\":\"https:\\\/\\\/vitablanca.ma\\\/#website\",\"url\":\"https:\\\/\\\/vitablanca.ma\\\/\",\"name\":\"VitaBlanca.ma | Compl\u00e9ments alimentaires, sant\u00e9 & beaut\u00e9 au Maroc\",\"description\":\"vendre vitamines et compl\u00e9ments premium des USA &amp; Canada, Nouvelle Z\u00e9lande,Maroc (NOW Foods, Solgar, Manuka). Livraison rapide partout au Maroc.\",\"publisher\":{\"@id\":\"https:\\\/\\\/vitablanca.ma\\\/#organization\"},\"alternateName\":\"VitaBlanca.ma\",\"potentialAction\":[{\"@type\":\"SearchAction\",\"target\":{\"@type\":\"EntryPoint\",\"urlTemplate\":\"https:\\\/\\\/vitablanca.ma\\\/?s={search_term_string}\"},\"query-input\":{\"@type\":\"PropertyValueSpecification\",\"valueRequired\":true,\"valueName\":\"search_term_string\"}}],\"inLanguage\":\"ar\"},{\"@type\":\"Organization\",\"@id\":\"https:\\\/\\\/vitablanca.ma\\\/#organization\",\"name\":\"VitaBlanca\",\"url\":\"https:\\\/\\\/vitablanca.ma\\\/\",\"logo\":{\"@type\":\"ImageObject\",\"inLanguage\":\"ar\",\"@id\":\"https:\\\/\\\/vitablanca.ma\\\/#\\\/schema\\\/logo\\\/image\\\/\",\"url\":\"https:\\\/\\\/vitablanca.ma\\\/wp-content\\\/uploads\\\/2025\\\/05\\\/cropped-vitablanca.png\",\"contentUrl\":\"https:\\\/\\\/vitablanca.ma\\\/wp-content\\\/uploads\\\/2025\\\/05\\\/cropped-vitablanca.png\",\"width\":360,\"height\":67,\"caption\":\"VitaBlanca\"},\"image\":{\"@id\":\"https:\\\/\\\/vitablanca.ma\\\/#\\\/schema\\\/logo\\\/image\\\/\"},\"sameAs\":[\"https:\\\/\\\/www.facebook.com\\\/profile.php?id=61576678196717\",\"https:\\\/\\\/www.tiktok.com\\\/@vitablanca.ma\",\"https:\\\/\\\/www.instagram.com\\\/vitablanca.ma\\\/\"]}]}<\/script>\n<!-- \/ Yoast SEO plugin. -->","yoast_head_json":{"title":"Vichy Liftactiv Supreme H.A. Epidermic Filler S\u00e9rum 30ml - Maroc","description":"Achetez Vichy Liftactiv Supreme H.A. Epidermic Filler S\u00e9rum 30ml au Maroc. Hydrate, repulpe et corrige les rides. Livraison rapide.","robots":{"index":"index","follow":"follow","max-snippet":"max-snippet:-1","max-image-preview":"max-image-preview:large","max-video-preview":"max-video-preview:-1"},"canonical":"https:\/\/vitablanca.ma\/ar\/product-2\/vichy-liftactiv-supeme-h-a-epidermic-filler-serum-30ml\/","og_locale":"ar_AR","og_type":"article","og_title":"Vichy Liftactiv Supreme H.A. Epidermic Filler S\u00e9rum 30ml - Maroc","og_description":"Achetez Vichy Liftactiv Supreme H.A. Epidermic Filler S\u00e9rum 30ml au Maroc. Hydrate, repulpe et corrige les rides. Livraison rapide.","og_url":"https:\/\/vitablanca.ma\/ar\/product-2\/vichy-liftactiv-supeme-h-a-epidermic-filler-serum-30ml\/","og_site_name":"Vitablanca.ma &ndash; Sant&eacute;, vitalit&eacute; et bien-&ecirc;tre pour tous les Marocains","article_publisher":"https:\/\/www.facebook.com\/profile.php?id=61576678196717","article_modified_time":"2025-08-21T13:25:27+00:00","og_image":[{"width":800,"height":800,"url":"https:\/\/vitablanca.ma\/wp-content\/uploads\/2025\/06\/vichy-liftactiv-supeme-ha-epidermic-filler-serum-30ml-Nova-para-prix-Maroc.jpg","type":"image\/jpeg"}],"twitter_card":"summary_large_image","twitter_misc":{"\u0648\u0642\u062a \u0627\u0644\u0642\u0631\u0627\u0621\u0629 \u0627\u0644\u0645\u064f\u0642\u062f\u0651\u0631":"\u062f\u0642\u064a\u0642\u062a\u0627\u0646"},"schema":{"@context":"https:\/\/schema.org","@graph":[{"@type":["WebPage","ItemPage"],"@id":"https:\/\/vitablanca.ma\/produit\/vichy-liftactiv-supeme-h-a-epidermic-filler-serum-30ml\/","url":"https:\/\/vitablanca.ma\/produit\/vichy-liftactiv-supeme-h-a-epidermic-filler-serum-30ml\/","name":"Vichy Liftactiv Supreme H.A. Epidermic Filler S\u00e9rum 30ml - Maroc","isPartOf":{"@id":"https:\/\/vitablanca.ma\/#website"},"primaryImageOfPage":{"@id":"https:\/\/vitablanca.ma\/produit\/vichy-liftactiv-supeme-h-a-epidermic-filler-serum-30ml\/#primaryimage"},"image":{"@id":"https:\/\/vitablanca.ma\/produit\/vichy-liftactiv-supeme-h-a-epidermic-filler-serum-30ml\/#primaryimage"},"thumbnailUrl":"https:\/\/vitablanca.ma\/wp-content\/uploads\/2025\/06\/vichy-liftactiv-supeme-ha-epidermic-filler-serum-30ml-Nova-para-prix-Maroc.jpg","datePublished":"2025-06-11T22:40:49+00:00","dateModified":"2025-08-21T13:25:27+00:00","description":"Achetez Vichy Liftactiv Supreme H.A. Epidermic Filler S\u00e9rum 30ml au Maroc. Hydrate, repulpe et corrige les rides. Livraison rapide.","breadcrumb":{"@id":"https:\/\/vitablanca.ma\/produit\/vichy-liftactiv-supeme-h-a-epidermic-filler-serum-30ml\/#breadcrumb"},"inLanguage":"ar","potentialAction":[{"@type":"ReadAction","target":["https:\/\/vitablanca.ma\/produit\/vichy-liftactiv-supeme-h-a-epidermic-filler-serum-30ml\/"]}]},{"@type":"ImageObject","inLanguage":"ar","@id":"https:\/\/vitablanca.ma\/produit\/vichy-liftactiv-supeme-h-a-epidermic-filler-serum-30ml\/#primaryimage","url":"https:\/\/vitablanca.ma\/wp-content\/uploads\/2025\/06\/vichy-liftactiv-supeme-ha-epidermic-filler-serum-30ml-Nova-para-prix-Maroc.jpg","contentUrl":"https:\/\/vitablanca.ma\/wp-content\/uploads\/2025\/06\/vichy-liftactiv-supeme-ha-epidermic-filler-serum-30ml-Nova-para-prix-Maroc.jpg","width":800,"height":800},{"@type":"BreadcrumbList","@id":"https:\/\/vitablanca.ma\/produit\/vichy-liftactiv-supeme-h-a-epidermic-filler-serum-30ml\/#breadcrumb","itemListElement":[{"@type":"ListItem","position":1,"name":"Home","item":"https:\/\/vitablanca.ma\/"},{"@type":"ListItem","position":2,"name":"Tous Les Produits","item":"https:\/\/vitablanca.ma\/tous-les-produits\/"},{"@type":"ListItem","position":3,"name":"Vichy Liftactiv Sup\u00eame H.A. Epidermic Filler S\u00e9rum 30ml"}]},{"@type":"WebSite","@id":"https:\/\/vitablanca.ma\/#website","url":"https:\/\/vitablanca.ma\/","name":"VitaBlanca.ma | \u0627\u0644\u0645\u0643\u0645\u0644\u0627\u062a \u0627\u0644\u063a\u0630\u0627\u0626\u064a\u0629\u060c \u0627\u0644\u0635\u062d\u0629 \u0648\u0627\u0644\u062c\u0645\u0627\u0644 \u0641\u064a \u0627\u0644\u0645\u063a\u0631\u0628","description":"\u0646\u0628\u064a\u0639 \u0641\u064a\u062a\u0627\u0645\u064a\u0646\u0627\u062a \u0648\u0645\u0643\u0645\u0644\u0627\u062a \u063a\u0630\u0627\u0626\u064a\u0629 \u0641\u0627\u062e\u0631\u0629 \u0645\u0646 \u0627\u0644\u0648\u0644\u0627\u064a\u0627\u062a \u0627\u0644\u0645\u062a\u062d\u062f\u0629 \u0627\u0644\u0623\u0645\u0631\u064a\u0643\u064a\u0629 \u0648\u0643\u0646\u062f\u0627 \u0648\u0646\u064a\u0648\u0632\u064a\u0644\u0646\u062f\u0627 \u0648\u0627\u0644\u0645\u063a\u0631\u0628 (\u0646\u0627\u0648 \u0641\u0648\u062f\u0632\u060c \u0633\u0648\u0644\u062c\u0627\u0631\u060c \u0645\u0627\u0646\u0648\u0643\u0627). \u062a\u0648\u0635\u064a\u0644 \u0633\u0631\u064a\u0639 \u0625\u0644\u0649 \u062c\u0645\u064a\u0639 \u0623\u0646\u062d\u0627\u0621 \u0627\u0644\u0645\u063a\u0631\u0628.","publisher":{"@id":"https:\/\/vitablanca.ma\/#organization"},"alternateName":"VitaBlanca.ma","potentialAction":[{"@type":"SearchAction","target":{"@type":"EntryPoint","urlTemplate":"https:\/\/vitablanca.ma\/?s={search_term_string}"},"query-input":{"@type":"PropertyValueSpecification","valueRequired":true,"valueName":"search_term_string"}}],"inLanguage":"ar"},{"@type":"Organization","@id":"https:\/\/vitablanca.ma\/#organization","name":"\u0641\u064a\u062a\u0627\u0628\u0644\u0627\u0646\u0643\u0627","url":"https:\/\/vitablanca.ma\/","logo":{"@type":"ImageObject","inLanguage":"ar","@id":"https:\/\/vitablanca.ma\/#\/schema\/logo\/image\/","url":"https:\/\/vitablanca.ma\/wp-content\/uploads\/2025\/05\/cropped-vitablanca.png","contentUrl":"https:\/\/vitablanca.ma\/wp-content\/uploads\/2025\/05\/cropped-vitablanca.png","width":360,"height":67,"caption":"VitaBlanca"},"image":{"@id":"https:\/\/vitablanca.ma\/#\/schema\/logo\/image\/"},"sameAs":["https:\/\/www.facebook.com\/profile.php?id=61576678196717","https:\/\/www.tiktok.com\/@vitablanca.ma","https:\/\/www.instagram.com\/vitablanca.ma\/"]}]}},"jetpack_sharing_enabled":true,"_links":{"self":[{"href":"https:\/\/vitablanca.ma\/ar\/wp-json\/wp\/v2\/product\/22645","targetHints":{"allow":["GET"]}}],"collection":[{"href":"https:\/\/vitablanca.ma\/ar\/wp-json\/wp\/v2\/product"}],"about":[{"href":"https:\/\/vitablanca.ma\/ar\/wp-json\/wp\/v2\/types\/product"}],"wp:featuredmedia":[{"embeddable":true,"href":"https:\/\/vitablanca.ma\/ar\/wp-json\/wp\/v2\/media\/22644"}],"wp:attachment":[{"href":"https:\/\/vitablanca.ma\/ar\/wp-json\/wp\/v2\/media?parent=22645"}],"wp:term":[{"taxonomy":"product_brand","embeddable":true,"href":"https:\/\/vitablanca.ma\/ar\/wp-json\/wp\/v2\/product_brand?post=22645"},{"taxonomy":"product_cat","embeddable":true,"href":"https:\/\/vitablanca.ma\/ar\/wp-json\/wp\/v2\/product_cat?post=22645"},{"taxonomy":"product_tag","embeddable":true,"href":"https:\/\/vitablanca.ma\/ar\/wp-json\/wp\/v2\/product_tag?post=22645"}],"curies":[{"name":"wp","href":"https:\/\/api.w.org\/{rel}","templated":true}]}}