{"id":22611,"date":"2025-06-11T22:39:45","date_gmt":"2025-06-11T22:39:45","guid":{"rendered":"https:\/\/vitablanca.ma\/product\/vichy-liftactiv-retinol-specialist-serum-30ml\/"},"modified":"2026-02-01T22:44:56","modified_gmt":"2026-02-01T22:44:56","slug":"vichy-liftactiv-retinol-specialist-serum-30ml","status":"publish","type":"product","link":"https:\/\/vitablanca.ma\/ar\/product-2\/vichy-liftactiv-retinol-specialist-serum-30ml\/","title":{"rendered":"\u0633\u064a\u0631\u0648\u0645 \u0641\u064a\u0634\u064a \u0644\u064a\u0641\u062a \u0623\u0643\u062a\u064a\u0641 \u0631\u064a\u062a\u064a\u0646\u0648\u0644 \u0627\u0644\u0645\u062a\u062e\u0635\u0635 30 \u0645\u0644"},"content":{"rendered":"<h2>\u0633\u064a\u0631\u0648\u0645 \u0641\u064a\u0634\u064a \u0644\u064a\u0641\u062a \u0623\u0643\u062a\u064a\u0641 \u0631\u064a\u062a\u064a\u0646\u0648\u0644 \u0627\u0644\u0645\u062a\u062e\u0635\u0635<span data-mce-fragment=\"1\">\u064a\u0639\u0645\u0644 \u0639\u0644\u0649 \u062a\u0631\u0637\u064a\u0628 \u0627\u0644\u0628\u0634\u0631\u0629 \u0648\u062a\u0642\u0644\u064a\u0644 \u0638\u0647\u0648\u0631 \u0627\u0644\u062e\u0637\u0648\u0637 \u0627\u0644\u062f\u0642\u064a\u0642\u0629 \u0648\u0627\u0644\u062a\u062c\u0627\u0639\u064a\u062f.\u00a0<\/span><\/h2>\n<p>\u0633\u064a\u0631\u0648\u0645 \u0644\u064a\u0641\u062a \u0623\u0643\u062a\u064a\u0641 \u0631\u064a\u062a\u064a\u0646\u0648\u0644 \u0633\u0628\u064a\u0634\u0627\u0644\u064a\u0633\u062a \u0627\u0644\u0644\u064a\u0644\u064a. \u064a\u062a\u0645\u064a\u0632 \u0647\u0630\u0627 \u0627\u0644\u0633\u064a\u0631\u0648\u0645 \u0627\u0644\u0645\u0636\u0627\u062f \u0644\u0644\u0634\u064a\u062e\u0648\u062e\u0629 \u0628\u062a\u0631\u0643\u064a\u0628\u0629 \u0641\u0639\u0627\u0644\u0629 \u0644\u0644\u063a\u0627\u064a\u0629 \u0644\u0645\u0643\u0627\u0641\u062d\u0629 \u0627\u0644\u0634\u064a\u062e\u0648\u062e\u0629\u060c \u062a\u062c\u0645\u0639 \u0628\u064a\u0646 0.2% \u0645\u0646 \u0627\u0644\u0631\u064a\u062a\u064a\u0646\u0648\u0644 \u0627\u0644\u0646\u0642\u064a \u0648\u062c\u0632\u064a\u0626\u0627\u062a \u0627\u0644\u0628\u0631\u0648\u0628\u064a\u0648\u062a\u064a\u0643. \u064a\u0639\u0632\u0632 \u0647\u0630\u0627 \u0627\u0644\u0633\u064a\u0631\u0648\u0645 \u062a\u062c\u062f\u064a\u062f \u0627\u0644\u062e\u0644\u0627\u064a\u0627\u060c \u0648\u064a\u0639\u064a\u062f \u062a\u0643\u062b\u064a\u0641 \u0627\u0644\u0628\u0634\u0631\u0629\u060c \u0648\u064a\u0642\u0644\u0644 \u0645\u0646 \u0638\u0647\u0648\u0631 \u0627\u0644\u062e\u0637\u0648\u0637 \u0627\u0644\u062f\u0642\u064a\u0642\u0629 \u0648\u0627\u0644\u062a\u062c\u0627\u0639\u064a\u062f. \u0628\u0641\u0636\u0644 \u062a\u0642\u0646\u064a\u0629 \u0631\u064a\u062a\u064a\u0646\u0648\u0644 \u062c\u0627\u0631\u062f\u060c \u064a\u062a\u063a\u0644\u063a\u0644 \u0627\u0644\u0631\u064a\u062a\u064a\u0646\u0648\u0644 \u0627\u0644\u0646\u0642\u064a \u0641\u064a \u0623\u0639\u0645\u0627\u0642 \u0627\u0644\u0628\u0634\u0631\u0629 \u0644\u064a\u0645\u0646\u062d\u0647\u0627 \u062a\u0623\u062b\u064a\u0631\u064b\u0627 \u0648\u0627\u0636\u062d\u064b\u0627 \u0639\u0644\u0649 \u062c\u0645\u064a\u0639 \u0623\u0646\u0648\u0627\u0639 \u0627\u0644\u062a\u062c\u0627\u0639\u064a\u062f\u060c \u062d\u062a\u0649 \u0623\u0639\u0645\u0642\u0647\u0627. \u062a\u0635\u0628\u062d \u0627\u0644\u0628\u0634\u0631\u0629 \u0623\u0643\u062b\u0631 \u0625\u0634\u0631\u0627\u0642\u064b\u0627 \u0648\u062a\u062c\u0627\u0646\u0633\u064b\u0627.<\/p>\n<h3>\u0641\u0648\u0627\u0626\u062f<\/h3>\n<p>\u064a\u0639\u0645\u0644 \u0647\u0630\u0627 \u0627\u0644\u0645\u0635\u0644 \u0627\u0644\u0645\u064f\u0636\u0627\u062f \u0644\u0644\u062a\u062c\u0627\u0639\u064a\u062f \u0639\u0644\u0649 \u0639\u0644\u0627\u062c \u0627\u0644\u0639\u062f\u064a\u062f \u0645\u0646 \u0639\u0644\u0627\u0645\u0627\u062a \u0627\u0644\u062a\u0642\u062f\u0645 \u0641\u064a \u0627\u0644\u0633\u0646. \u0644\u0627\u062d\u0638\u062a \u0627\u0644\u0646\u0633\u0627\u0621*** \u0627\u0644\u0644\u0648\u0627\u062a\u064a \u0627\u062e\u062a\u0628\u0631\u0646 \u0647\u0630\u0627 \u0627\u0644\u0645\u0635\u0644 \u0627\u0644\u0645\u064f\u0636\u0627\u062f \u0644\u0644\u062a\u062c\u0627\u0639\u064a\u062f \u0623\u0646 \u0628\u0634\u0631\u062a\u0647\u0646 \u0628\u062f\u062a \u0623\u0643\u062b\u0631 \u062a\u0645\u0627\u0633\u0643\u064b\u0627 \u0644\u062f\u0649 92% \u0645\u0646\u0647\u0646\u060c \u0648\u0623\u0643\u062b\u0631 \u0646\u0639\u0648\u0645\u0629 \u0644\u062f\u0649 82% \u0645\u0646\u0647\u0646\u060c \u0648\u0623\u0643\u062b\u0631 \u062a\u0646\u0627\u0633\u0642\u064b\u0627 \u0645\u0639 \u0645\u0633\u0627\u0645 \u0645\u0634\u062f\u0648\u062f\u0629 \u0644\u062f\u0649 70% \u0645\u0646\u0647\u0646.<\/p>\n<h3>\u064a\u0633\u062a\u062e\u062f\u0645<\/h3>\n<p>Appliquez une fois par jour le soir sur une peau fra\u00eechement nettoy\u00e9e et s\u00e8che. \u00c9vitez le contour des yeux et des l\u00e8vres. \u00c9vitez l\u2019exposition au soleil, et appliquez un SPF \u2265 30 le lendemain matin.<\/p>\n<ul>\n<li>\u0627\u0644\u062e\u0637\u0648\u0629 1: \u0627\u0636\u063a\u0637\u064a \u0628\u0644\u0637\u0641 \u0639\u0644\u0649 \u0645\u0646\u062a\u0635\u0641 \u0623\u062f\u0627\u0629 \u0627\u0644\u062a\u0637\u0628\u064a\u0642 \u0644\u0625\u064a\u0635\u0627\u0644 3 \u0625\u0644\u0649 4 \u0642\u0637\u0631\u0627\u062a \u0645\u0646 \u0627\u0644\u0645\u0635\u0644 \u0625\u0644\u0649 \u0631\u0627\u062d\u0629 \u064a\u062f\u0643.<\/li>\n<li>\u0627\u0644\u062e\u0637\u0648\u0629 2: \u0636\u0639\u064a\u0647 \u0639\u0644\u0649 \u0628\u0634\u0631\u0629 \u0648\u062c\u0647\u0643 \u0648\u0631\u0642\u0628\u062a\u0643\u060c \u0648\u062f\u0644\u0643\u064a\u0647 \u0628\u0627\u0644\u062a\u0633\u0627\u0648\u064a.<\/li>\n<li>\u0627\u0644\u062e\u0637\u0648\u0629 3: \u0623\u0633\u0628\u0648\u0639\u064b\u0627 \u0628\u0639\u062f \u0623\u0633\u0628\u0648\u0639\u060c \u0642\u0645 \u0628\u0632\u064a\u0627\u062f\u0629 \u0648\u062a\u064a\u0631\u0629 \u0627\u0633\u062a\u062e\u062f\u0627\u0645 \u0627\u0644\u0645\u0635\u0644.<\/li>\n<\/ul>\n<p>\u0646\u0648\u0635\u064a \u0628\u0627\u0644\u0627\u0633\u062a\u062e\u062f\u0627\u0645 \u0627\u0644\u062a\u062f\u0631\u064a\u062c\u064a \u0644\u0644\u0645\u0646\u062a\u062c:<\/p>\n<ul>\n<li>\u0627\u0644\u0623\u0633\u0628\u0648\u0639 1: \u064a\u062a\u0645 \u0627\u0644\u062a\u0642\u062f\u064a\u0645 \u0645\u0631\u062a\u064a\u0646 \u0641\u064a \u0627\u0644\u0623\u0633\u0628\u0648\u0639\u061b<\/li>\n<li>\u0627\u0644\u0623\u0633\u0628\u0648\u0639 \u0627\u0644\u062b\u0627\u0646\u064a: \u0627\u0633\u062a\u062e\u062f\u0645\u064a \u0627\u0644\u0645\u0635\u0644 \u0643\u0644 \u0645\u0633\u0627\u0621\u061b<\/li>\n<li>\u0627\u0644\u0623\u0633\u0628\u0648\u0639 \u0627\u0644\u062b\u0627\u0644\u062b: \u0627\u0633\u062a\u062e\u062f\u0645\u064a \u0633\u064a\u0631\u0648\u0645 \u0627\u0644\u0631\u064a\u062a\u064a\u0646\u0648\u0644 \u0643\u0644 \u0644\u064a\u0644\u0629 \u0625\u0630\u0627 \u0643\u0627\u0646\u062a \u0628\u0634\u0631\u062a\u0643\u0650 \u062a\u062a\u062d\u0645\u0644\u0647 \u062c\u064a\u062f\u064b\u0627. \u0625\u0630\u0627 \u0627\u0633\u062a\u0645\u0631 \u0627\u0644\u0627\u0646\u0632\u0639\u0627\u062c\u060c \u0641\u0628\u0627\u0639\u062f\u064a \u0628\u064a\u0646 \u0645\u0631\u0627\u062a \u0627\u0644\u0627\u0633\u062a\u062e\u062f\u0627\u0645 \u0648\/\u0623\u0648 \u0642\u0644\u0644\u064a \u0627\u0644\u0643\u0645\u064a\u0629.<\/li>\n<\/ul>\n<p>\u200b<br \/>\n\u0644\u0644\u062d\u0635\u0648\u0644 \u0639\u0644\u0649 \u0623\u0642\u0635\u0649 \u062d\u0645\u0627\u064a\u0629 \u0636\u062f \u0627\u0644\u0634\u064a\u062e\u0648\u062e\u0629 \u0627\u0644\u0636\u0648\u0626\u064a\u0629 \u0648\u0623\u0636\u0631\u0627\u0631 \u0627\u0644\u0634\u0645\u0633\u060c \u0627\u0633\u062a\u062e\u062f\u0645\u064a \u0643\u0631\u064a\u0645 Capital Soleil UV-Age Daily SPF 50+ \u064a\u0648\u0645\u064a\u064b\u0627.<\/p>","protected":false},"excerpt":{"rendered":"<p>Vichy Liftactiv Retinol Specialist Serum\u00a0redensifie la peau et r\u00e9duit l\u2019apparence des ridules et des rides.\u00a0 le s\u00e9rum de nuit LIFTACTIV RETINOL SPECIALIST. Dot\u00e9 d\u2019un complexe anti-\u00e2ge haute efficacit\u00e9 associant 0,2% de r\u00e9tinol pur aux fractions de probiotiques, ce s\u00e9rum anti-\u00e2ge booste le renouvellement cellulaire, redensifie la peau et r\u00e9duit l\u2019apparence des ridules et des rides. [&hellip;]<\/p>\n","protected":false},"featured_media":22610,"template":"","meta":[],"product_brand":[3358],"product_cat":[18],"product_tag":[6187,6418,6280,7071,7067,6176,7070,7068,6910,6325,7069,5863,3359,3360,3361],"class_list":{"0":"post-22611","1":"product","2":"type-product","3":"status-publish","4":"has-post-thumbnail","6":"product_brand-vichy-maroc-prix-vitablanca","7":"product_cat-beaute-sante","8":"product_tag-30-ml","9":"product_tag-anti-rides","10":"product_tag-eclat","11":"product_tag-fermete","12":"product_tag-liftactiv","13":"product_tag-peau-sensible","14":"product_tag-regeneration-cellulaire","15":"product_tag-retinol-specialist","16":"product_tag-rides","17":"product_tag-ridules","18":"product_tag-serum","19":"product_tag-soin-visage","20":"product_tag-vichy","21":"product_tag-vichy-maroc","22":"product_tag-vichy-morocco","24":"first","25":"instock","26":"sale","27":"taxable","28":"shipping-taxable","29":"purchasable","30":"product-type-simple"},"yoast_head":"<!-- This site is optimized with the Yoast SEO plugin v27.6 - https:\/\/yoast.com\/product\/yoast-seo-wordpress\/ -->\n<title>Vichy Liftactiv Retinol Specialist Serum 30ml - Maroc Prix<\/title>\n<meta name=\"description\" content=\"Le S\u00e9rum Vichy Liftactiv Retinol Specialist 30 ml r\u00e9duit visiblement rides et ridules, am\u00e9liore la fermet\u00e9 et la texture de la peau tout en stimuler\" \/>\n<meta name=\"robots\" content=\"index, follow, max-snippet:-1, max-image-preview:large, max-video-preview:-1\" \/>\n<link rel=\"canonical\" href=\"https:\/\/vitablanca.ma\/ar\/product-2\/vichy-liftactiv-retinol-specialist-serum-30ml\/\" \/>\n<meta property=\"og:locale\" content=\"ar_AR\" \/>\n<meta property=\"og:type\" content=\"article\" \/>\n<meta property=\"og:title\" content=\"Vichy Liftactiv Retinol Specialist Serum 30ml - Maroc Prix\" \/>\n<meta property=\"og:description\" content=\"Le S\u00e9rum Vichy Liftactiv Retinol Specialist 30 ml r\u00e9duit visiblement rides et ridules, am\u00e9liore la fermet\u00e9 et la texture de la peau tout en stimuler\" \/>\n<meta property=\"og:url\" content=\"https:\/\/vitablanca.ma\/ar\/product-2\/vichy-liftactiv-retinol-specialist-serum-30ml\/\" \/>\n<meta property=\"og:site_name\" content=\"Vitablanca.ma &ndash; Sant&eacute;, vitalit&eacute; et bien-&ecirc;tre pour tous les Marocains\" \/>\n<meta property=\"article:publisher\" content=\"https:\/\/www.facebook.com\/profile.php?id=61576678196717\" \/>\n<meta property=\"article:modified_time\" content=\"2026-02-01T22:44:56+00:00\" \/>\n<meta property=\"og:image\" content=\"https:\/\/vitablanca.ma\/wp-content\/uploads\/2025\/06\/Vichy-Liftactiv-Retinol-Specialist-Serum-30ml-novaparapharmacie-maroc.jpg\" \/>\n\t<meta property=\"og:image:width\" content=\"1000\" \/>\n\t<meta property=\"og:image:height\" content=\"1000\" \/>\n\t<meta property=\"og:image:type\" content=\"image\/jpeg\" \/>\n<meta name=\"twitter:card\" content=\"summary_large_image\" \/>\n<meta name=\"twitter:label1\" content=\"\u0648\u0642\u062a \u0627\u0644\u0642\u0631\u0627\u0621\u0629 \u0627\u0644\u0645\u064f\u0642\u062f\u0651\u0631\" \/>\n\t<meta name=\"twitter:data1\" content=\"\u062f\u0642\u064a\u0642\u062a\u0627\u0646\" \/>\n<script type=\"application\/ld+json\" class=\"yoast-schema-graph\">{\"@context\":\"https:\\\/\\\/schema.org\",\"@graph\":[{\"@type\":[\"WebPage\",\"ItemPage\"],\"@id\":\"https:\\\/\\\/vitablanca.ma\\\/produit\\\/vichy-liftactiv-retinol-specialist-serum-30ml\\\/\",\"url\":\"https:\\\/\\\/vitablanca.ma\\\/produit\\\/vichy-liftactiv-retinol-specialist-serum-30ml\\\/\",\"name\":\"Vichy Liftactiv Retinol Specialist Serum 30ml - Maroc Prix\",\"isPartOf\":{\"@id\":\"https:\\\/\\\/vitablanca.ma\\\/#website\"},\"primaryImageOfPage\":{\"@id\":\"https:\\\/\\\/vitablanca.ma\\\/produit\\\/vichy-liftactiv-retinol-specialist-serum-30ml\\\/#primaryimage\"},\"image\":{\"@id\":\"https:\\\/\\\/vitablanca.ma\\\/produit\\\/vichy-liftactiv-retinol-specialist-serum-30ml\\\/#primaryimage\"},\"thumbnailUrl\":\"https:\\\/\\\/vitablanca.ma\\\/wp-content\\\/uploads\\\/2025\\\/06\\\/Vichy-Liftactiv-Retinol-Specialist-Serum-30ml-novaparapharmacie-maroc.jpg\",\"datePublished\":\"2025-06-11T22:39:45+00:00\",\"dateModified\":\"2026-02-01T22:44:56+00:00\",\"description\":\"Le S\u00e9rum Vichy Liftactiv Retinol Specialist 30 ml r\u00e9duit visiblement rides et ridules, am\u00e9liore la fermet\u00e9 et la texture de la peau tout en stimuler\",\"breadcrumb\":{\"@id\":\"https:\\\/\\\/vitablanca.ma\\\/produit\\\/vichy-liftactiv-retinol-specialist-serum-30ml\\\/#breadcrumb\"},\"inLanguage\":\"ar\",\"potentialAction\":[{\"@type\":\"ReadAction\",\"target\":[\"https:\\\/\\\/vitablanca.ma\\\/produit\\\/vichy-liftactiv-retinol-specialist-serum-30ml\\\/\"]}]},{\"@type\":\"ImageObject\",\"inLanguage\":\"ar\",\"@id\":\"https:\\\/\\\/vitablanca.ma\\\/produit\\\/vichy-liftactiv-retinol-specialist-serum-30ml\\\/#primaryimage\",\"url\":\"https:\\\/\\\/vitablanca.ma\\\/wp-content\\\/uploads\\\/2025\\\/06\\\/Vichy-Liftactiv-Retinol-Specialist-Serum-30ml-novaparapharmacie-maroc.jpg\",\"contentUrl\":\"https:\\\/\\\/vitablanca.ma\\\/wp-content\\\/uploads\\\/2025\\\/06\\\/Vichy-Liftactiv-Retinol-Specialist-Serum-30ml-novaparapharmacie-maroc.jpg\",\"width\":1000,\"height\":1000},{\"@type\":\"BreadcrumbList\",\"@id\":\"https:\\\/\\\/vitablanca.ma\\\/produit\\\/vichy-liftactiv-retinol-specialist-serum-30ml\\\/#breadcrumb\",\"itemListElement\":[{\"@type\":\"ListItem\",\"position\":1,\"name\":\"Home\",\"item\":\"https:\\\/\\\/vitablanca.ma\\\/\"},{\"@type\":\"ListItem\",\"position\":2,\"name\":\"Tous Les Produits\",\"item\":\"https:\\\/\\\/vitablanca.ma\\\/tous-les-produits\\\/\"},{\"@type\":\"ListItem\",\"position\":3,\"name\":\"Vichy Liftactiv Retinol Specialist Serum 30ml\"}]},{\"@type\":\"WebSite\",\"@id\":\"https:\\\/\\\/vitablanca.ma\\\/#website\",\"url\":\"https:\\\/\\\/vitablanca.ma\\\/\",\"name\":\"VitaBlanca.ma | Compl\u00e9ments alimentaires, sant\u00e9 & beaut\u00e9 au Maroc\",\"description\":\"vendre vitamines et compl\u00e9ments premium des USA &amp; Canada, Nouvelle Z\u00e9lande,Maroc (NOW Foods, Solgar, Manuka). Livraison rapide partout au Maroc.\",\"publisher\":{\"@id\":\"https:\\\/\\\/vitablanca.ma\\\/#organization\"},\"alternateName\":\"VitaBlanca.ma\",\"potentialAction\":[{\"@type\":\"SearchAction\",\"target\":{\"@type\":\"EntryPoint\",\"urlTemplate\":\"https:\\\/\\\/vitablanca.ma\\\/?s={search_term_string}\"},\"query-input\":{\"@type\":\"PropertyValueSpecification\",\"valueRequired\":true,\"valueName\":\"search_term_string\"}}],\"inLanguage\":\"ar\"},{\"@type\":\"Organization\",\"@id\":\"https:\\\/\\\/vitablanca.ma\\\/#organization\",\"name\":\"VitaBlanca\",\"url\":\"https:\\\/\\\/vitablanca.ma\\\/\",\"logo\":{\"@type\":\"ImageObject\",\"inLanguage\":\"ar\",\"@id\":\"https:\\\/\\\/vitablanca.ma\\\/#\\\/schema\\\/logo\\\/image\\\/\",\"url\":\"https:\\\/\\\/vitablanca.ma\\\/wp-content\\\/uploads\\\/2025\\\/05\\\/cropped-vitablanca.png\",\"contentUrl\":\"https:\\\/\\\/vitablanca.ma\\\/wp-content\\\/uploads\\\/2025\\\/05\\\/cropped-vitablanca.png\",\"width\":360,\"height\":67,\"caption\":\"VitaBlanca\"},\"image\":{\"@id\":\"https:\\\/\\\/vitablanca.ma\\\/#\\\/schema\\\/logo\\\/image\\\/\"},\"sameAs\":[\"https:\\\/\\\/www.facebook.com\\\/profile.php?id=61576678196717\",\"https:\\\/\\\/www.tiktok.com\\\/@vitablanca.ma\",\"https:\\\/\\\/www.instagram.com\\\/vitablanca.ma\\\/\"]}]}<\/script>\n<!-- \/ Yoast SEO plugin. -->","yoast_head_json":{"title":"\u0633\u064a\u0631\u0648\u0645 \u0641\u064a\u0634\u064a \u0644\u064a\u0641\u062a \u0623\u0643\u062a\u064a\u0641 \u0631\u064a\u062a\u064a\u0646\u0648\u0644 \u0627\u0644\u0645\u062a\u062e\u0635\u0635 30 \u0645\u0644 - \u0633\u0639\u0631 \u0627\u0644\u0645\u063a\u0631\u0628","description":"Le S\u00e9rum Vichy Liftactiv Retinol Specialist 30 ml r\u00e9duit visiblement rides et ridules, am\u00e9liore la fermet\u00e9 et la texture de la peau tout en stimuler","robots":{"index":"index","follow":"follow","max-snippet":"max-snippet:-1","max-image-preview":"max-image-preview:large","max-video-preview":"max-video-preview:-1"},"canonical":"https:\/\/vitablanca.ma\/ar\/product-2\/vichy-liftactiv-retinol-specialist-serum-30ml\/","og_locale":"ar_AR","og_type":"article","og_title":"Vichy Liftactiv Retinol Specialist Serum 30ml - Maroc Prix","og_description":"Le S\u00e9rum Vichy Liftactiv Retinol Specialist 30 ml r\u00e9duit visiblement rides et ridules, am\u00e9liore la fermet\u00e9 et la texture de la peau tout en stimuler","og_url":"https:\/\/vitablanca.ma\/ar\/product-2\/vichy-liftactiv-retinol-specialist-serum-30ml\/","og_site_name":"Vitablanca.ma &ndash; Sant&eacute;, vitalit&eacute; et bien-&ecirc;tre pour tous les Marocains","article_publisher":"https:\/\/www.facebook.com\/profile.php?id=61576678196717","article_modified_time":"2026-02-01T22:44:56+00:00","og_image":[{"width":1000,"height":1000,"url":"https:\/\/vitablanca.ma\/wp-content\/uploads\/2025\/06\/Vichy-Liftactiv-Retinol-Specialist-Serum-30ml-novaparapharmacie-maroc.jpg","type":"image\/jpeg"}],"twitter_card":"summary_large_image","twitter_misc":{"\u0648\u0642\u062a \u0627\u0644\u0642\u0631\u0627\u0621\u0629 \u0627\u0644\u0645\u064f\u0642\u062f\u0651\u0631":"\u062f\u0642\u064a\u0642\u062a\u0627\u0646"},"schema":{"@context":"https:\/\/schema.org","@graph":[{"@type":["WebPage","ItemPage"],"@id":"https:\/\/vitablanca.ma\/produit\/vichy-liftactiv-retinol-specialist-serum-30ml\/","url":"https:\/\/vitablanca.ma\/produit\/vichy-liftactiv-retinol-specialist-serum-30ml\/","name":"\u0633\u064a\u0631\u0648\u0645 \u0641\u064a\u0634\u064a \u0644\u064a\u0641\u062a \u0623\u0643\u062a\u064a\u0641 \u0631\u064a\u062a\u064a\u0646\u0648\u0644 \u0627\u0644\u0645\u062a\u062e\u0635\u0635 30 \u0645\u0644 - \u0633\u0639\u0631 \u0627\u0644\u0645\u063a\u0631\u0628","isPartOf":{"@id":"https:\/\/vitablanca.ma\/#website"},"primaryImageOfPage":{"@id":"https:\/\/vitablanca.ma\/produit\/vichy-liftactiv-retinol-specialist-serum-30ml\/#primaryimage"},"image":{"@id":"https:\/\/vitablanca.ma\/produit\/vichy-liftactiv-retinol-specialist-serum-30ml\/#primaryimage"},"thumbnailUrl":"https:\/\/vitablanca.ma\/wp-content\/uploads\/2025\/06\/Vichy-Liftactiv-Retinol-Specialist-Serum-30ml-novaparapharmacie-maroc.jpg","datePublished":"2025-06-11T22:39:45+00:00","dateModified":"2026-02-01T22:44:56+00:00","description":"Le S\u00e9rum Vichy Liftactiv Retinol Specialist 30 ml r\u00e9duit visiblement rides et ridules, am\u00e9liore la fermet\u00e9 et la texture de la peau tout en stimuler","breadcrumb":{"@id":"https:\/\/vitablanca.ma\/produit\/vichy-liftactiv-retinol-specialist-serum-30ml\/#breadcrumb"},"inLanguage":"ar","potentialAction":[{"@type":"ReadAction","target":["https:\/\/vitablanca.ma\/produit\/vichy-liftactiv-retinol-specialist-serum-30ml\/"]}]},{"@type":"ImageObject","inLanguage":"ar","@id":"https:\/\/vitablanca.ma\/produit\/vichy-liftactiv-retinol-specialist-serum-30ml\/#primaryimage","url":"https:\/\/vitablanca.ma\/wp-content\/uploads\/2025\/06\/Vichy-Liftactiv-Retinol-Specialist-Serum-30ml-novaparapharmacie-maroc.jpg","contentUrl":"https:\/\/vitablanca.ma\/wp-content\/uploads\/2025\/06\/Vichy-Liftactiv-Retinol-Specialist-Serum-30ml-novaparapharmacie-maroc.jpg","width":1000,"height":1000},{"@type":"BreadcrumbList","@id":"https:\/\/vitablanca.ma\/produit\/vichy-liftactiv-retinol-specialist-serum-30ml\/#breadcrumb","itemListElement":[{"@type":"ListItem","position":1,"name":"Home","item":"https:\/\/vitablanca.ma\/"},{"@type":"ListItem","position":2,"name":"Tous Les Produits","item":"https:\/\/vitablanca.ma\/tous-les-produits\/"},{"@type":"ListItem","position":3,"name":"Vichy Liftactiv Retinol Specialist Serum 30ml"}]},{"@type":"WebSite","@id":"https:\/\/vitablanca.ma\/#website","url":"https:\/\/vitablanca.ma\/","name":"VitaBlanca.ma | \u0627\u0644\u0645\u0643\u0645\u0644\u0627\u062a \u0627\u0644\u063a\u0630\u0627\u0626\u064a\u0629\u060c \u0627\u0644\u0635\u062d\u0629 \u0648\u0627\u0644\u062c\u0645\u0627\u0644 \u0641\u064a \u0627\u0644\u0645\u063a\u0631\u0628","description":"\u0646\u0628\u064a\u0639 \u0641\u064a\u062a\u0627\u0645\u064a\u0646\u0627\u062a \u0648\u0645\u0643\u0645\u0644\u0627\u062a \u063a\u0630\u0627\u0626\u064a\u0629 \u0641\u0627\u062e\u0631\u0629 \u0645\u0646 \u0627\u0644\u0648\u0644\u0627\u064a\u0627\u062a \u0627\u0644\u0645\u062a\u062d\u062f\u0629 \u0627\u0644\u0623\u0645\u0631\u064a\u0643\u064a\u0629 \u0648\u0643\u0646\u062f\u0627 \u0648\u0646\u064a\u0648\u0632\u064a\u0644\u0646\u062f\u0627 \u0648\u0627\u0644\u0645\u063a\u0631\u0628 (\u0646\u0627\u0648 \u0641\u0648\u062f\u0632\u060c \u0633\u0648\u0644\u062c\u0627\u0631\u060c \u0645\u0627\u0646\u0648\u0643\u0627). \u062a\u0648\u0635\u064a\u0644 \u0633\u0631\u064a\u0639 \u0625\u0644\u0649 \u062c\u0645\u064a\u0639 \u0623\u0646\u062d\u0627\u0621 \u0627\u0644\u0645\u063a\u0631\u0628.","publisher":{"@id":"https:\/\/vitablanca.ma\/#organization"},"alternateName":"VitaBlanca.ma","potentialAction":[{"@type":"SearchAction","target":{"@type":"EntryPoint","urlTemplate":"https:\/\/vitablanca.ma\/?s={search_term_string}"},"query-input":{"@type":"PropertyValueSpecification","valueRequired":true,"valueName":"search_term_string"}}],"inLanguage":"ar"},{"@type":"Organization","@id":"https:\/\/vitablanca.ma\/#organization","name":"\u0641\u064a\u062a\u0627\u0628\u0644\u0627\u0646\u0643\u0627","url":"https:\/\/vitablanca.ma\/","logo":{"@type":"ImageObject","inLanguage":"ar","@id":"https:\/\/vitablanca.ma\/#\/schema\/logo\/image\/","url":"https:\/\/vitablanca.ma\/wp-content\/uploads\/2025\/05\/cropped-vitablanca.png","contentUrl":"https:\/\/vitablanca.ma\/wp-content\/uploads\/2025\/05\/cropped-vitablanca.png","width":360,"height":67,"caption":"VitaBlanca"},"image":{"@id":"https:\/\/vitablanca.ma\/#\/schema\/logo\/image\/"},"sameAs":["https:\/\/www.facebook.com\/profile.php?id=61576678196717","https:\/\/www.tiktok.com\/@vitablanca.ma","https:\/\/www.instagram.com\/vitablanca.ma\/"]}]}},"jetpack_sharing_enabled":true,"_links":{"self":[{"href":"https:\/\/vitablanca.ma\/ar\/wp-json\/wp\/v2\/product\/22611","targetHints":{"allow":["GET"]}}],"collection":[{"href":"https:\/\/vitablanca.ma\/ar\/wp-json\/wp\/v2\/product"}],"about":[{"href":"https:\/\/vitablanca.ma\/ar\/wp-json\/wp\/v2\/types\/product"}],"wp:featuredmedia":[{"embeddable":true,"href":"https:\/\/vitablanca.ma\/ar\/wp-json\/wp\/v2\/media\/22610"}],"wp:attachment":[{"href":"https:\/\/vitablanca.ma\/ar\/wp-json\/wp\/v2\/media?parent=22611"}],"wp:term":[{"taxonomy":"product_brand","embeddable":true,"href":"https:\/\/vitablanca.ma\/ar\/wp-json\/wp\/v2\/product_brand?post=22611"},{"taxonomy":"product_cat","embeddable":true,"href":"https:\/\/vitablanca.ma\/ar\/wp-json\/wp\/v2\/product_cat?post=22611"},{"taxonomy":"product_tag","embeddable":true,"href":"https:\/\/vitablanca.ma\/ar\/wp-json\/wp\/v2\/product_tag?post=22611"}],"curies":[{"name":"wp","href":"https:\/\/api.w.org\/{rel}","templated":true}]}}